{"id":12476,"date":"2022-01-17T15:13:39","date_gmt":"2022-01-17T14:13:39","guid":{"rendered":"https:\/\/hundtgroup.com\/kariera\/"},"modified":"2025-06-26T12:07:24","modified_gmt":"2025-06-26T10:07:24","slug":"kariera","status":"publish","type":"page","link":"https:\/\/hundtgroup.com\/cs\/o-nas\/kariera\/","title":{"rendered":"Kari\u00e9ra"},"content":{"rendered":"<div id='av_section_1'  class='avia-section av-7k2xh-ff5a1b8c55739fe29c49a5b988ca468b main_color avia-section-default avia-no-border-styling  avia-builder-el-0  el_before_av_section  avia-builder-el-first  section-no-padding-bottom avia-bg-style-scroll container_wrap fullsize'  ><div class='container av-section-cont-open' ><main  role=\"main\" itemprop=\"mainContentOfPage\"  class='template-page content  av-content-full alpha units'><div class='post-entry post-entry-type-page post-entry-12476'><div class='entry-content-wrapper clearfix'>\n<div  class='flex_column av-kyirpm96-a90b33f083ca7e815b92472bd1d3d5f8 av_one_full  avia-builder-el-1  avia-builder-el-no-sibling  max-width-three-fourth first flex_column_div  '     ><section  class='av_textblock_section av-kyirp8mp-5026a82b04e8424b85b9f1f86d7c14af '   itemscope=\"itemscope\" itemtype=\"https:\/\/schema.org\/CreativeWork\" ><div class='avia_textblock'  itemprop=\"text\" ><p>Ji\u017e 50 let jsme pevn\u011b zakotveni na trhu jako specialist\u00e9 na zpracov\u00e1n\u00ed plechu a n\u00e1\u0159ad\u00ed &#8211; sta\u0148te se sou\u010d\u00e1st\u00ed tohoto \u00fasp\u011b\u0161n\u00e9ho p\u0159\u00edb\u011bhu! Jako dynamicky se rozv\u00edjej\u00edc\u00ed spole\u010dnost st\u00e1le hled\u00e1me nov\u00e9, odhodlan\u00e9 zam\u011bstnance. Nab\u00edz\u00edme v\u00e1m zaj\u00edmav\u00e9 a rozmanit\u00e9 \u00fakoly, spravedliv\u00e9 odm\u011b\u0148ov\u00e1n\u00ed a p\u0159\u00edjemnou pracovn\u00ed atmosf\u00e9ru v rodinn\u00e9m podniku \u0159\u00edzen\u00e9m majitelem.<\/p>\n<\/div><\/section><\/div>\n\n<\/div><\/div><\/main><!-- close content main element --><\/div><\/div><div id='av_section_2'  class='avia-section av-esv1p-3ee1199b615e894f539766df8c524f84 main_color avia-section-default avia-no-border-styling  avia-builder-el-3  el_after_av_section  el_before_av_section  avia-bg-style-scroll container_wrap fullsize'  ><div class='container av-section-cont-open' ><div class='template-page content  av-content-full alpha units'><div class='post-entry post-entry-type-page post-entry-12476'><div class='entry-content-wrapper clearfix'>\n<div  class='flex_column av-kyisucmu-9885f5334ed90f6c7faafba57b7ddae2 av_one_full  avia-builder-el-4  el_before_av_one_full  avia-builder-el-first  max-width-four-fifth first flex_column_div  '     ><p><div class=\"pxl-headline pxl-hl hl-wrap | hl-sub--top hl--align-left hl--large-margin   \">\n    <div class=\"hl-inner\">\n            <h2 class=\"hl-main hl-line |  hl_main--default  \">Na\u0161e aktu\u00e1ln\u00ed <span>voln\u00e1 m\u00edsta<\/span><\/h2>\n            <div class=\"overline lightgrey\">\n              <span class=\"hl-sub hl-line |  hl_sub--default  \">Podejte si p\u0159ihl\u00e1\u0161ku nyn\u00ed<\/span>\n              <span class=\"overline-slant\"><\/span>\n            <\/div>\n    <\/div>\n<\/div>\n<br \/>\n<section  class='av_textblock_section av-6mqb9-f433746f831ff1f8533e557d10332d3b '   itemscope=\"itemscope\" itemtype=\"https:\/\/schema.org\/CreativeWork\" ><div class='avia_textblock'  itemprop=\"text\" ><p>Zde najdete p\u0159ehled na\u0161ich voln\u00fdch pracovn\u00edch m\u00edst. T\u011b\u0161\u00edme se na va\u0161i podrobnou \u017e\u00e1dost! Nena\u0161li jste, co hled\u00e1te? Vracejte se, tuto sekci pravideln\u011b aktualizujeme.<\/p>\n<\/div><\/section><\/p><\/div><div  class='flex_column av-feq31-5f5be21c17ea82a4698c3c611d9055e7 av_one_full  avia-builder-el-7  el_after_av_one_full  avia-builder-el-last  first flex_column_div  column-top-margin'     ><div class=\"grid grid-jobs\">\n\t<a id=\"jobs\" class=\"anchor\"><\/a>\n\t<div class=\"grid-items grid-inner\">\n\t\t\t\t\t<div class=\"job-card av_one_third flex_column first \">\n\t<div class=\"card-content\">\n\t\t\t\t<a href=\"https:\/\/hundtgroup.com\/cs\/ueber-uns\/karriere\/skladnik-plny-uvazek\/\"><h3>Skladn\u00edk (pln\u00fd \u00favazek)<\/h3><\/a>\n\t\t<span class=\"gender\">(m\/\u017e\/d)<\/span>\n\t\t\t\t<\/div>\n\t\t<div class=\"card-action\">\n\t\t\t<div class=\"avia-button-wrap white\">\n\t\t\t\t<a href=\"https:\/\/hundtgroup.com\/cs\/ueber-uns\/karriere\/skladnik-plny-uvazek\/\" class=\"avia-button avia-color-theme-color avia-icon_select-no avia-size-medium avia-position-left\"><span>Zjist\u011bte v\u00edce<\/span><\/a>\n\t\t\t<\/div>\n\t\t<\/div>\n<\/div>\n\t\t\t<\/div>\n<\/div><\/div>\n\n<\/div><\/div><\/div><!-- close content main div --><\/div><\/div>\n<style type=\"text\/css\" data-created_by=\"avia_inline_auto\" id=\"style-css-av-kyirs700-08cbab76013bc746cb5e42dfcf382aa5\">\n.avia-section.av-kyirs700-08cbab76013bc746cb5e42dfcf382aa5{\nbackground-repeat:no-repeat;\nbackground-image:url(https:\/\/hundtgroup.com\/wp-content\/uploads\/hundt_background_metall.jpg);\nbackground-position:50% 50%;\nbackground-attachment:scroll;\n}\n<\/style>\n<div id='av_section_3'  class='avia-section av-kyirs700-08cbab76013bc746cb5e42dfcf382aa5 main_color avia-section-default avia-no-border-styling  avia-builder-el-9  el_after_av_section  avia-builder-el-last  avia-full-stretch avia-bg-style-scroll container_wrap fullsize'  data-section-bg-repeat='stretch'><div class='container av-section-cont-open' ><div class='template-page content  av-content-full alpha units'><div class='post-entry post-entry-type-page post-entry-12476'><div class='entry-content-wrapper clearfix'>\n<div  class='flex_column av-8ibyd-7f6592657a8d92922cad4a09c653f4f3 av_one_full  avia-builder-el-10  el_before_av_one_third  avia-builder-el-first  first flex_column_div  '     ><div class=\"pxl-headline pxl-hl hl-wrap | hl-sub--top hl--align-left hl--big-margin   \">\n    <div class=\"hl-inner\">\n            <h2 class=\"hl-main hl-line |  hl_main--default  \">N\u011bkter\u00e9 z na\u0161ich <span>v\u00fdhod.<\/span><\/h2>\n            <div class=\"overline darkgrey\">\n              <span class=\"hl-sub hl-line |  hl_sub--default  \">Co v\u00e1m m\u016f\u017eeme nab\u00eddnout<\/span>\n              <span class=\"overline-slant\"><\/span>\n            <\/div>\n    <\/div>\n<\/div><\/div><div  class='flex_column av-grulp-f219df64774b7cd6407d45c712913850 av_one_third  avia-builder-el-12  el_after_av_one_full  el_before_av_one_third  first flex_column_div  column-top-margin'     ><div class=\"pixel-iconbox-wrap has-icon \">\n\n    \n    <div class=\"left-col \">\n\n            <div class=\"pixel-iconbox-icon-number-wrap\">\n        <img decoding=\"async\" src=\"https:\/\/hundtgroup.com\/wp-content\/uploads\/hundt-icon-checkmark.svg\" alt=\"https:\/\/hundtgroup.com\/wp-content\/uploads\/hundt-icon-checkmark.svg\" \/>\n      <\/div>\n      \n      \n    <\/div>\n\n    \n    \n    <div class=\"right-col\">\n\n      <div class=\"pixel-iconbox-content-wrap\">\n\n        <div class=\"pxl-headline pxl-hl hl-wrap | hl--align-left hl--no-margin\">\n          <div class=\"hl-inner\">\n            <h3 class=\"hl-main hl-line |  hl_main--default\">Spravedliv\u00e1 platba<\/h3>\n          <\/div>\n        <\/div>\n\n                <p>Dobr\u00e1 pr\u00e1ce mus\u00ed m\u00edt smysl. Proto p\u0159ikl\u00e1d\u00e1me velk\u00fd v\u00fdznam spravedliv\u00e9mu odm\u011b\u0148ov\u00e1n\u00ed. <\/p>\n        \n      <\/div>\n\n      \n          <\/div>\n<\/div><\/div><div  class='flex_column av-ri25h-26b53f614047b635f46a4291d2bd19f0 av_one_third  avia-builder-el-14  el_after_av_one_third  el_before_av_one_third  flex_column_div  column-top-margin'     ><div class=\"pixel-iconbox-wrap has-icon \">\n\n    \n    <div class=\"left-col \">\n\n            <div class=\"pixel-iconbox-icon-number-wrap\">\n        <img decoding=\"async\" src=\"https:\/\/hundtgroup.com\/wp-content\/uploads\/hundt-icon-checkmark.svg\" alt=\"https:\/\/hundtgroup.com\/wp-content\/uploads\/hundt-icon-checkmark.svg\" \/>\n      <\/div>\n      \n      \n    <\/div>\n\n    \n    \n    <div class=\"right-col\">\n\n      <div class=\"pixel-iconbox-content-wrap\">\n\n        <div class=\"pxl-headline pxl-hl hl-wrap | hl--align-left hl--no-margin\">\n          <div class=\"hl-inner\">\n            <h3 class=\"hl-main hl-line |  hl_main--default\">Vzru\u0161uj\u00edc\u00ed \u00fakoly<\/h3>\n          <\/div>\n        <\/div>\n\n                <p>\u017d\u00e1dn\u00e9 dva projekty nejsou stejn\u00e9. Vzru\u0161en\u00ed a rozmanitost jsou sou\u010d\u00e1st\u00ed na\u0161\u00ed ka\u017edodenn\u00ed pr\u00e1ce. <\/p>\n        \n      <\/div>\n\n      \n          <\/div>\n<\/div><\/div><div  class='flex_column av-g7bel-f0d6c04f2fd1b558566f4a5d561ec3e7 av_one_third  avia-builder-el-16  el_after_av_one_third  el_before_av_one_third  flex_column_div  column-top-margin'     ><div class=\"pixel-iconbox-wrap has-icon \">\n\n    \n    <div class=\"left-col \">\n\n            <div class=\"pixel-iconbox-icon-number-wrap\">\n        <img decoding=\"async\" src=\"https:\/\/hundtgroup.com\/wp-content\/uploads\/hundt-icon-checkmark.svg\" alt=\"https:\/\/hundtgroup.com\/wp-content\/uploads\/hundt-icon-checkmark.svg\" \/>\n      <\/div>\n      \n      \n    <\/div>\n\n    \n    \n    <div class=\"right-col\">\n\n      <div class=\"pixel-iconbox-content-wrap\">\n\n        <div class=\"pxl-headline pxl-hl hl-wrap | hl--align-left hl--no-margin\">\n          <div class=\"hl-inner\">\n            <h3 class=\"hl-main hl-line |  hl_main--default\">Ocen\u011bn\u00ed<\/h3>\n          <\/div>\n        <\/div>\n\n                <p>V\u00e1\u017e\u00edme si v\u00fdkonu na\u0161ich zam\u011bstnanc\u016f, proto\u017ee jsou kl\u00ed\u010dem k na\u0161emu \u00fasp\u011bchu.<\/p>\n        \n      <\/div>\n\n      \n          <\/div>\n<\/div><\/div><div  class='flex_column av-2a6id-d05d515416c68a53e1fc65d316336e80 av_one_third  avia-builder-el-18  el_after_av_one_third  el_before_av_one_third  first flex_column_div  column-top-margin'     ><div class=\"pixel-iconbox-wrap has-icon \">\n\n    \n    <div class=\"left-col \">\n\n            <div class=\"pixel-iconbox-icon-number-wrap\">\n        <img decoding=\"async\" src=\"https:\/\/hundtgroup.com\/wp-content\/uploads\/hundt-icon-checkmark.svg\" alt=\"https:\/\/hundtgroup.com\/wp-content\/uploads\/hundt-icon-checkmark.svg\" \/>\n      <\/div>\n      \n      \n    <\/div>\n\n    \n    \n    <div class=\"right-col\">\n\n      <div class=\"pixel-iconbox-content-wrap\">\n\n        <div class=\"pxl-headline pxl-hl hl-wrap | hl--align-left hl--no-margin\">\n          <div class=\"hl-inner\">\n            <h3 class=\"hl-main hl-line |  hl_main--default\">Osobn\u00ed odpov\u011bdnost<\/h3>\n          <\/div>\n        <\/div>\n\n                <p>Jste odborn\u00edkem ve sv\u00e9m oboru a vyu\u017e\u00edv\u00e1te vysokou m\u00edru osobn\u00ed odpov\u011bdnosti.<\/p>\n        \n      <\/div>\n\n      \n          <\/div>\n<\/div><\/div><div  class='flex_column av-ehi3h-451046005684609ba08aa6f280ad8524 av_one_third  avia-builder-el-20  el_after_av_one_third  el_before_av_one_third  flex_column_div  column-top-margin'     ><div class=\"pixel-iconbox-wrap has-icon \">\n\n    \n    <div class=\"left-col \">\n\n            <div class=\"pixel-iconbox-icon-number-wrap\">\n        <img decoding=\"async\" src=\"https:\/\/hundtgroup.com\/wp-content\/uploads\/hundt-icon-checkmark.svg\" alt=\"https:\/\/hundtgroup.com\/wp-content\/uploads\/hundt-icon-checkmark.svg\" \/>\n      <\/div>\n      \n      \n    <\/div>\n\n    \n    \n    <div class=\"right-col\">\n\n      <div class=\"pixel-iconbox-content-wrap\">\n\n        <div class=\"pxl-headline pxl-hl hl-wrap | hl--align-left hl--no-margin\">\n          <div class=\"hl-inner\">\n            <h3 class=\"hl-main hl-line |  hl_main--default\">Ploch\u00e9 hierarchie<\/h3>\n          <\/div>\n        <\/div>\n\n                <p>Ploch\u00e9 hierarchie nam\u00edsto slo\u017eit\u00e9ho schvalov\u00e1n\u00ed n\u00e1m usnad\u0148uj\u00ed organizaci pr\u00e1ce.<\/p>\n        \n      <\/div>\n\n      \n          <\/div>\n<\/div><\/div><div  class='flex_column av-bq4xp-de87c65db392d4a81e22ff500903ff93 av_one_third  avia-builder-el-22  el_after_av_one_third  avia-builder-el-last  flex_column_div  column-top-margin'     ><div class=\"pixel-iconbox-wrap has-icon \">\n\n    \n    <div class=\"left-col \">\n\n            <div class=\"pixel-iconbox-icon-number-wrap\">\n        <img decoding=\"async\" src=\"https:\/\/hundtgroup.com\/wp-content\/uploads\/hundt-icon-checkmark.svg\" alt=\"https:\/\/hundtgroup.com\/wp-content\/uploads\/hundt-icon-checkmark.svg\" \/>\n      <\/div>\n      \n      \n    <\/div>\n\n    \n    \n    <div class=\"right-col\">\n\n      <div class=\"pixel-iconbox-content-wrap\">\n\n        <div class=\"pxl-headline pxl-hl hl-wrap | hl--align-left hl--no-margin\">\n          <div class=\"hl-inner\">\n            <h3 class=\"hl-main hl-line |  hl_main--default\">T\u00fdmov\u00fd duch<\/h3>\n          <\/div>\n        <\/div>\n\n                <p>Jeden za v\u0161echny, v\u0161ichni za jednoho - jsme dob\u0159e sehran\u00fd t\u00fdm a v\u017edy dr\u017e\u00edme p\u0159i sob\u011b.<\/p>\n        \n      <\/div>\n\n      \n          <\/div>\n<\/div><\/div>\n\n","protected":false},"excerpt":{"rendered":"","protected":false},"author":1,"featured_media":0,"parent":12963,"menu_order":2,"comment_status":"closed","ping_status":"closed","template":"","meta":{"_acf_changed":false,"inline_featured_image":false,"footnotes":""},"class_list":["post-12476","page","type-page","status-publish","hentry"],"acf":[],"yoast_head":"<!-- This site is optimized with the Yoast SEO plugin v27.3 - https:\/\/yoast.com\/product\/yoast-seo-wordpress\/ -->\n<title>Kari\u00e9ra - Otev\u0159en\u00e1 pracovn\u00ed m\u00edsta v Hundt<\/title>\n<meta name=\"description\" content=\"Za\u010dn\u011bte svou kari\u00e9ru ve spole\u010dnosti Hundt Group a sta\u0148te se sou\u010d\u00e1st\u00ed na\u0161eho \u00fasp\u011b\u0161n\u00e9ho t\u00fdmu. \u25baZjist\u011bte si v\u00edce!\" \/>\n<meta name=\"robots\" content=\"index, follow, max-snippet:-1, max-image-preview:large, max-video-preview:-1\" \/>\n<link rel=\"canonical\" href=\"https:\/\/hundtgroup.com\/cs\/o-nas\/kariera\/\" \/>\n<meta property=\"og:locale\" content=\"cs_CZ\" \/>\n<meta property=\"og:type\" content=\"article\" \/>\n<meta property=\"og:title\" content=\"Kari\u00e9ra - Otev\u0159en\u00e1 pracovn\u00ed m\u00edsta v Hundt\" \/>\n<meta property=\"og:description\" content=\"Za\u010dn\u011bte svou kari\u00e9ru ve spole\u010dnosti Hundt Group a sta\u0148te se sou\u010d\u00e1st\u00ed na\u0161eho \u00fasp\u011b\u0161n\u00e9ho t\u00fdmu. \u25baZjist\u011bte si v\u00edce!\" \/>\n<meta property=\"og:url\" content=\"https:\/\/hundtgroup.com\/cs\/o-nas\/kariera\/\" \/>\n<meta property=\"og:site_name\" content=\"Wilhelm Hundt GmbH\" \/>\n<meta property=\"article:modified_time\" content=\"2025-06-26T10:07:24+00:00\" \/>\n<meta name=\"twitter:card\" content=\"summary_large_image\" \/>\n<meta name=\"twitter:label1\" content=\"Odhadovan\u00e1 doba \u010dten\u00ed\" \/>\n\t<meta name=\"twitter:data1\" content=\"20 minuta\" \/>\n<script type=\"application\/ld+json\" class=\"yoast-schema-graph\">{\"@context\":\"https:\\\/\\\/schema.org\",\"@graph\":[{\"@type\":\"WebPage\",\"@id\":\"https:\\\/\\\/hundtgroup.com\\\/cs\\\/o-nas\\\/kariera\\\/\",\"url\":\"https:\\\/\\\/hundtgroup.com\\\/cs\\\/o-nas\\\/kariera\\\/\",\"name\":\"Kari\u00e9ra - Otev\u0159en\u00e1 pracovn\u00ed m\u00edsta v Hundt\",\"isPartOf\":{\"@id\":\"https:\\\/\\\/hundtgroup.com\\\/cs\\\/#website\"},\"datePublished\":\"2022-01-17T14:13:39+00:00\",\"dateModified\":\"2025-06-26T10:07:24+00:00\",\"description\":\"Za\u010dn\u011bte svou kari\u00e9ru ve spole\u010dnosti Hundt Group a sta\u0148te se sou\u010d\u00e1st\u00ed na\u0161eho \u00fasp\u011b\u0161n\u00e9ho t\u00fdmu. \u25baZjist\u011bte si v\u00edce!\",\"breadcrumb\":{\"@id\":\"https:\\\/\\\/hundtgroup.com\\\/cs\\\/o-nas\\\/kariera\\\/#breadcrumb\"},\"inLanguage\":\"cs\",\"potentialAction\":[{\"@type\":\"ReadAction\",\"target\":[\"https:\\\/\\\/hundtgroup.com\\\/cs\\\/o-nas\\\/kariera\\\/\"]}]},{\"@type\":\"BreadcrumbList\",\"@id\":\"https:\\\/\\\/hundtgroup.com\\\/cs\\\/o-nas\\\/kariera\\\/#breadcrumb\",\"itemListElement\":[{\"@type\":\"ListItem\",\"position\":1,\"name\":\"Startseite\",\"item\":\"https:\\\/\\\/hundtgroup.com\\\/cs\\\/home-nove\\\/\"},{\"@type\":\"ListItem\",\"position\":2,\"name\":\"O n\u00e1s\",\"item\":\"https:\\\/\\\/hundtgroup.com\\\/cs\\\/o-nas\\\/\"},{\"@type\":\"ListItem\",\"position\":3,\"name\":\"Kari\u00e9ra\"}]},{\"@type\":\"WebSite\",\"@id\":\"https:\\\/\\\/hundtgroup.com\\\/cs\\\/#website\",\"url\":\"https:\\\/\\\/hundtgroup.com\\\/cs\\\/\",\"name\":\"Wilhelm Hundt GmbH\",\"description\":\"V\u00e1\u0161 specialista na stroje a n\u00e1stroje pro zpracov\u00e1n\u00ed plechu\",\"potentialAction\":[{\"@type\":\"SearchAction\",\"target\":{\"@type\":\"EntryPoint\",\"urlTemplate\":\"https:\\\/\\\/hundtgroup.com\\\/cs\\\/?s={search_term_string}\"},\"query-input\":{\"@type\":\"PropertyValueSpecification\",\"valueRequired\":true,\"valueName\":\"search_term_string\"}}],\"inLanguage\":\"cs\"}]}<\/script>\n<!-- \/ Yoast SEO plugin. -->","yoast_head_json":{"title":"Kari\u00e9ra - Otev\u0159en\u00e1 pracovn\u00ed m\u00edsta v Hundt","description":"Za\u010dn\u011bte svou kari\u00e9ru ve spole\u010dnosti Hundt Group a sta\u0148te se sou\u010d\u00e1st\u00ed na\u0161eho \u00fasp\u011b\u0161n\u00e9ho t\u00fdmu. \u25baZjist\u011bte si v\u00edce!","robots":{"index":"index","follow":"follow","max-snippet":"max-snippet:-1","max-image-preview":"max-image-preview:large","max-video-preview":"max-video-preview:-1"},"canonical":"https:\/\/hundtgroup.com\/cs\/o-nas\/kariera\/","og_locale":"cs_CZ","og_type":"article","og_title":"Kari\u00e9ra - Otev\u0159en\u00e1 pracovn\u00ed m\u00edsta v Hundt","og_description":"Za\u010dn\u011bte svou kari\u00e9ru ve spole\u010dnosti Hundt Group a sta\u0148te se sou\u010d\u00e1st\u00ed na\u0161eho \u00fasp\u011b\u0161n\u00e9ho t\u00fdmu. \u25baZjist\u011bte si v\u00edce!","og_url":"https:\/\/hundtgroup.com\/cs\/o-nas\/kariera\/","og_site_name":"Wilhelm Hundt GmbH","article_modified_time":"2025-06-26T10:07:24+00:00","twitter_card":"summary_large_image","twitter_misc":{"Odhadovan\u00e1 doba \u010dten\u00ed":"20 minuta"},"schema":{"@context":"https:\/\/schema.org","@graph":[{"@type":"WebPage","@id":"https:\/\/hundtgroup.com\/cs\/o-nas\/kariera\/","url":"https:\/\/hundtgroup.com\/cs\/o-nas\/kariera\/","name":"Kari\u00e9ra - Otev\u0159en\u00e1 pracovn\u00ed m\u00edsta v Hundt","isPartOf":{"@id":"https:\/\/hundtgroup.com\/cs\/#website"},"datePublished":"2022-01-17T14:13:39+00:00","dateModified":"2025-06-26T10:07:24+00:00","description":"Za\u010dn\u011bte svou kari\u00e9ru ve spole\u010dnosti Hundt Group a sta\u0148te se sou\u010d\u00e1st\u00ed na\u0161eho \u00fasp\u011b\u0161n\u00e9ho t\u00fdmu. \u25baZjist\u011bte si v\u00edce!","breadcrumb":{"@id":"https:\/\/hundtgroup.com\/cs\/o-nas\/kariera\/#breadcrumb"},"inLanguage":"cs","potentialAction":[{"@type":"ReadAction","target":["https:\/\/hundtgroup.com\/cs\/o-nas\/kariera\/"]}]},{"@type":"BreadcrumbList","@id":"https:\/\/hundtgroup.com\/cs\/o-nas\/kariera\/#breadcrumb","itemListElement":[{"@type":"ListItem","position":1,"name":"Startseite","item":"https:\/\/hundtgroup.com\/cs\/home-nove\/"},{"@type":"ListItem","position":2,"name":"O n\u00e1s","item":"https:\/\/hundtgroup.com\/cs\/o-nas\/"},{"@type":"ListItem","position":3,"name":"Kari\u00e9ra"}]},{"@type":"WebSite","@id":"https:\/\/hundtgroup.com\/cs\/#website","url":"https:\/\/hundtgroup.com\/cs\/","name":"Wilhelm Hundt GmbH","description":"V\u00e1\u0161 specialista na stroje a n\u00e1stroje pro zpracov\u00e1n\u00ed plechu","potentialAction":[{"@type":"SearchAction","target":{"@type":"EntryPoint","urlTemplate":"https:\/\/hundtgroup.com\/cs\/?s={search_term_string}"},"query-input":{"@type":"PropertyValueSpecification","valueRequired":true,"valueName":"search_term_string"}}],"inLanguage":"cs"}]}},"_links":{"self":[{"href":"https:\/\/hundtgroup.com\/cs\/wp-json\/wp\/v2\/pages\/12476","targetHints":{"allow":["GET"]}}],"collection":[{"href":"https:\/\/hundtgroup.com\/cs\/wp-json\/wp\/v2\/pages"}],"about":[{"href":"https:\/\/hundtgroup.com\/cs\/wp-json\/wp\/v2\/types\/page"}],"author":[{"embeddable":true,"href":"https:\/\/hundtgroup.com\/cs\/wp-json\/wp\/v2\/users\/1"}],"replies":[{"embeddable":true,"href":"https:\/\/hundtgroup.com\/cs\/wp-json\/wp\/v2\/comments?post=12476"}],"version-history":[{"count":0,"href":"https:\/\/hundtgroup.com\/cs\/wp-json\/wp\/v2\/pages\/12476\/revisions"}],"up":[{"embeddable":true,"href":"https:\/\/hundtgroup.com\/cs\/wp-json\/wp\/v2\/pages\/12963"}],"wp:attachment":[{"href":"https:\/\/hundtgroup.com\/cs\/wp-json\/wp\/v2\/media?parent=12476"}],"curies":[{"name":"wp","href":"https:\/\/api.w.org\/{rel}","templated":true}]}}