{"id":12557,"date":"2022-01-12T13:24:49","date_gmt":"2022-01-12T12:24:49","guid":{"rendered":"https:\/\/hundtgroup.com\/otisk\/"},"modified":"2026-03-09T11:43:57","modified_gmt":"2026-03-09T10:43:57","slug":"otisk","status":"publish","type":"page","link":"https:\/\/hundtgroup.com\/cs\/otisk\/","title":{"rendered":"Otisk"},"content":{"rendered":"<div id='av_section_1'  class='avia-section av-2pdom-4d54d6115f624e781df8c822ab0805b5 main_color avia-section-default avia-no-border-styling  avia-builder-el-0  avia-builder-el-no-sibling  avia-bg-style-scroll container_wrap fullsize'  ><div class='container av-section-cont-open' ><main  role=\"main\" itemprop=\"mainContentOfPage\"  class='template-page content  av-content-full alpha units'><div class='post-entry post-entry-type-page post-entry-12557'><div class='entry-content-wrapper clearfix'>\n<div  class='flex_column av-1yzzq-79b7dbdb201c3fba310c1bec065b8309 av_one_full  avia-builder-el-1  el_before_av_one_third  avia-builder-el-first  first av-break-at-tablet flex_column_div  '     ><div class=\"pxl-headline pxl-hl hl-wrap | hl-sub--off hl--align-left hl--no-margin   \">\n    <div class=\"hl-inner\">\n            <h1 class=\"hl-main hl-line |  hl_main--default  \">Otisk<\/h1>\n            <div class=\"overline lightgrey\">\n              \n              <span class=\"overline-slant\"><\/span>\n            <\/div>\n    <\/div>\n<\/div><\/div><div  class='flex_column av-1q3gu-de69cde9496513c1f988bc8698058253 av_one_third  avia-builder-el-3  el_after_av_one_full  el_before_av_two_third  first av-break-at-tablet flex_column_div  column-top-margin'     ><section  class='av_textblock_section av-kyllbexa-b6b07ba84a91301c9e570ba0822f5897 '   itemscope=\"itemscope\" itemtype=\"https:\/\/schema.org\/CreativeWork\" ><div class='avia_textblock'  itemprop=\"text\" ><p>Wilhelm Hundt GmbH<br \/>\nSchwabhausen 25<br \/>\n42349 Wuppertal<\/p>\n<p>Obchodn\u00ed rejst\u0159\u00edk: HRB 9042<br \/>\nRejst\u0159\u00edkov\u00fd soud: M\u00edstn\u00ed soud Wuppertal<\/p>\n<p><strong>Zastoupeni jednateli<\/strong>:<br \/>\nWilhelm Hundt, Silke Droste.<\/p>\n<p><strong>Kontakt:<\/strong><br \/>\nTelefon: <a href=\"tel:0202%20430448-0\">+49 202 430448-0<\/a><br \/>\nFax: +49 202 430448-20<br \/>\nE-mail: <a href=\"mailto:info@hundt.de\">info@hundt.de<\/a><\/p>\n<p><strong>Da\u0148 z p\u0159idan\u00e9<\/strong> <strong>hodnoty<\/strong><br \/>\nIdentifika\u010dn\u00ed \u010d\u00edslo pro da\u0148 z p\u0159idan\u00e9 hodnoty:<br \/>\nDE184046058<\/p>\n<p><strong>Odpov\u011bdnost za obsah<\/strong><br \/>\nWilhelm Hundt GmbH<br \/>\nSchwabhausen 25<br \/>\n42349 Wuppertal<\/p>\n<p><strong>Koncepce, design a programov\u00e1n\u00ed<\/strong><br \/>\nPixelProduction<br \/>\nFull-service agentura pro mal\u00e9 a st\u0159edn\u00ed podniky<br \/>\n<a href=\"http:\/\/www.pixelproduction.de\" target=\"_blank\" rel=\"noopener\">www.pixelproduction.de<\/a><\/p>\n<\/div><\/section><\/div><div  class='flex_column av-2kpy-bc1d0561cbc1a871538ada7456750cce av_two_third  avia-builder-el-5  el_after_av_one_third  el_before_av_one_full  av-break-at-tablet flex_column_div  column-top-margin'     ><section  class='av_textblock_section av-kyllct0k-fb23679b936d5608d5b577dc0fcec8b4 '   itemscope=\"itemscope\" itemtype=\"https:\/\/schema.org\/CreativeWork\" ><div class='avia_textblock'  itemprop=\"text\" ><p><strong>Odpov\u011bdnost za odkazy<\/strong><br \/>\nNa\u0161e webov\u00e9 str\u00e1nky obsahuj\u00ed odkazy na extern\u00ed webov\u00e9 str\u00e1nky t\u0159et\u00edch stran, na jejich\u017e obsah nem\u00e1me \u017e\u00e1dn\u00fd vliv. Proto nem\u016f\u017eeme za tento obsah t\u0159et\u00edch stran p\u0159evz\u00edt \u017e\u00e1dnou odpov\u011bdnost. Za obsah odkazovan\u00fdch str\u00e1nek je v\u017edy odpov\u011bdn\u00fd p\u0159\u00edslu\u0161n\u00fd poskytovatel nebo provozovatel str\u00e1nek. Odkazovan\u00e9 str\u00e1nky byly v dob\u011b odkazov\u00e1n\u00ed zkontrolov\u00e1ny z hlediska mo\u017en\u00e9ho poru\u0161en\u00ed pr\u00e1vn\u00edch p\u0159edpis\u016f. Nez\u00e1konn\u00fd obsah nebyl v dob\u011b odkazov\u00e1n\u00ed rozpozn\u00e1n.<\/p>\n<p>Trval\u00e9 sledov\u00e1n\u00ed obsahu odkazovan\u00fdch str\u00e1nek v\u0161ak nen\u00ed rozumn\u00e9 bez konkr\u00e9tn\u00edch d\u016fkaz\u016f o protipr\u00e1vn\u00edm jedn\u00e1n\u00ed. Pokud se dozv\u00edme o jak\u00e9mkoli poru\u0161en\u00ed pr\u00e1vn\u00edch p\u0159edpis\u016f, okam\u017eit\u011b takov\u00e9 odkazy odstran\u00edme.<\/p>\n<p><strong>Autorsk\u00e1 pr\u00e1va<\/strong><br \/>\nObsah a d\u00edla vytvo\u0159en\u00e1 provozovateli str\u00e1nek na t\u011bchto str\u00e1nk\u00e1ch podl\u00e9haj\u00ed n\u011bmeck\u00e9mu autorsk\u00e9mu pr\u00e1vu. Kop\u00edrov\u00e1n\u00ed, zpracov\u00e1n\u00ed, \u0161\u00ed\u0159en\u00ed a jak\u00e1koli forma komercializace takov\u00e9ho materi\u00e1lu nad r\u00e1mec autorsk\u00e9ho z\u00e1kona vy\u017eaduje p\u0159edchoz\u00ed p\u00edsemn\u00fd souhlas p\u0159\u00edslu\u0161n\u00e9ho autora nebo tv\u016frce. Stahov\u00e1n\u00ed a kop\u00edrov\u00e1n\u00ed t\u011bchto str\u00e1nek je povoleno pouze pro soukrom\u00e9, nekomer\u010dn\u00ed pou\u017eit\u00ed.<\/p>\n<p>Pokud obsah na t\u011bchto str\u00e1nk\u00e1ch nebyl vytvo\u0159en provozovatelem, jsou respektov\u00e1na autorsk\u00e1 pr\u00e1va t\u0159et\u00edch stran. Zejm\u00e9na obsah t\u0159et\u00edch stran je takto ozna\u010den. Pokud se p\u0159esto dozv\u00edte o poru\u0161en\u00ed autorsk\u00fdch pr\u00e1v, informujte n\u00e1s o tom. Pokud se o poru\u0161en\u00ed autorsk\u00fdch pr\u00e1v dozv\u00edme, neprodlen\u011b takov\u00fd obsah odstran\u00edme.<\/p>\n<\/div><\/section><\/div><div  class='flex_column av-4td4om-c75621792286bc0907b0ba131e3eed67 av_one_full  avia-builder-el-7  el_after_av_two_third  el_before_av_one_full  first av-break-at-tablet flex_column_div  column-top-margin'     ><div class=\"pxl-headline pxl-hl hl-wrap | hl-sub--off hl--align-left hl--no-margin   \">\n    <div class=\"hl-inner\">\n            <h2 class=\"hl-main hl-line |  hl_main--default  \">Obr\u00e1zky<\/h2>\n            <div class=\"overline lightgrey\">\n              \n              <span class=\"overline-slant\"><\/span>\n            <\/div>\n    <\/div>\n<\/div><\/div><div  class='flex_column av-4sq422-3348fa49c2c5bdc61932a482b5b932e4 av_one_full  avia-builder-el-9  el_after_av_one_full  avia-builder-el-last  first flex_column_div  column-top-margin'     ><div class='avia-data-table-wrap av-4s7d4u-f0de9b79a1de0e23c0375469e71b4663 avia_responsive_table avia-table-1'><table  class='avia-table avia-data-table avia_pricing_minimal  avia-builder-el-10  avia-builder-el-no-sibling '  itemscope=\"itemscope\" itemtype=\"https:\/\/schema.org\/Table\" ><tbody><tr class='avia-heading-row'><th class=''>Zobrazen\u00ed str\u00e1nky<\/th><th class=''>Um\u00edst\u011bn\u00ed<\/th><th class=''>Motiv<\/th><th class=''>Zdroj:<br \/>\n<\/th><th class=''>\u010c\u00edslo obr\u00e1zku<br \/>\n<\/th><\/tr><tr class=''><td class=''>Domovsk\u00e1 str\u00e1nka<br \/>\n<\/td><td class=''>Hlava<br \/>\n<\/td><td class=''>Perforovan\u00e1 deska<\/td><td class=''>Adobe Stock<br \/>\n<\/td><td class=''>452926646<br \/>\n<\/td><\/tr><tr class=''><td class=''>Domovsk\u00e1 str\u00e1nka<br \/>\n<\/td><td class=''>Stroje + servis<br \/>\n<\/td><td class=''>Ocelov\u00fd plech<br \/>\n<\/td><td class=''>Adobe Stock<br \/>\n<\/td><td class=''>33337544<br \/>\n<\/td><\/tr><tr class=''><td class=''>P\u0159ehled stroj\u016f<br \/>\n<\/td><td class=''>Hlava<br \/>\n<\/td><td class=''>Perforovan\u00e1 deska<br \/>\n<\/td><td class=''>Adobe Stock<br \/>\n<\/td><td class=''>127055083<br \/>\n<\/td><\/tr><tr class=''><td class=''>P\u0159ehled stroj\u016f<br \/>\n<\/td><td class=''>Izola\u010dn\u00ed stroje<br \/>\n<\/td><td class=''>Ocelov\u00fd plech<br \/>\n<\/td><td class=''>Adobe Stock<br \/>\n<\/td><td class=''>33337544<br \/>\n<\/td><\/tr><tr class=''><td class=''>Kor\u00e1lkovac\u00ed\/ob\u0161\u00edvac\u00ed stroje<br \/>\n<\/td><td class=''>Hlava<br \/>\n<\/td><td class=''>Perforovan\u00e1 deska<br \/>\n<\/td><td class=''>Adobe Stock<br \/>\n<\/td><td class=''>127055083<br \/>\n<\/td><\/tr><tr class=''><td class=''>Kor\u00e1lkovac\u00ed\/ob\u0161\u00edvac\u00ed stroje<br \/>\n<\/td><td class=''>Kor\u00e1lkovac\u00ed\/ob\u0161\u00edvac\u00ed stroje<br \/>\n<\/td><td class=''>Ocelov\u00fd plech<br \/>\n<\/td><td class=''>Adobe Stock<br \/>\n<\/td><td class=''>33337544<br \/>\n<\/td><\/tr><tr class=''><td class=''>Kulat\u00e9 oh\u00fdba\u010dky<br \/>\n<\/td><td class=''>Hlava<br \/>\n<\/td><td class=''>Perforovan\u00e1 deska<br \/>\n<\/td><td class=''>Adobe Stock<br \/>\n<\/td><td class=''>127055083<br \/>\n<\/td><\/tr><tr class=''><td class=''>Kulat\u00e9 oh\u00fdba\u010dky<br \/>\n<\/td><td class=''>Kulat\u00e9 oh\u00fdba\u010dky<br \/>\n<\/td><td class=''>Ocelov\u00fd plech<br \/>\n<\/td><td class=''>Adobe Stock<br \/>\n<\/td><td class=''>33337544<br \/>\n<\/td><\/tr><tr class=''><td class=''>N\u016f\u017eky<br \/>\n<\/td><td class=''>Hlava<br \/>\n<\/td><td class=''>Perforovan\u00e1 deska<br \/>\n<\/td><td class=''>Adobe Stock<br \/>\n<\/td><td class=''>127055083<br \/>\n<\/td><\/tr><tr class=''><td class=''>N\u016f\u017eky<br \/>\n<\/td><td class=''>N\u016f\u017eky<br \/>\n<\/td><td class=''>Ocelov\u00fd plech<br \/>\n<\/td><td class=''>Adobe Stock<br \/>\n<\/td><td class=''>33337544<br \/>\n<\/td><\/tr><tr class=''><td class=''>Oto\u010dn\u00e9 oh\u00fdba\u010dky<br \/>\n<\/td><td class=''>Hlava<br \/>\n<\/td><td class=''>Perforovan\u00e1 deska<br \/>\n<\/td><td class=''>Adobe Stock<br \/>\n<\/td><td class=''>127055083<br \/>\n<\/td><\/tr><tr class=''><td class=''>Oto\u010dn\u00e9 oh\u00fdba\u010dky<br \/>\n<\/td><td class=''>Oto\u010dn\u00e9 oh\u00fdba\u010dky<br \/>\n<\/td><td class=''>Ocelov\u00fd plech<br \/>\n<\/td><td class=''>Adobe Stock<br \/>\n<\/td><td class=''>33337544<br \/>\n<\/td><\/tr><tr class=''><td class=''>D\u011brovac\u00ed a n\u00e1\u0159ezov\u00e9 stroje<br \/>\n<\/td><td class=''>Hlava<br \/>\n<\/td><td class=''>Perforovan\u00e1 deska<br \/>\n<\/td><td class=''>Adobe Stock<br \/>\n<\/td><td class=''>127055083<br \/>\n<\/td><\/tr><tr class=''><td class=''>D\u011brovac\u00ed a n\u00e1\u0159ezov\u00e9 stroje<br \/>\n<\/td><td class=''>D\u011brovac\u00ed a n\u00e1\u0159ezov\u00e9 stroje<br \/>\n<\/td><td class=''>Ocelov\u00fd plech<br \/>\n<\/td><td class=''>Adobe Stock<br \/>\n<\/td><td class=''>33337544<br \/>\n<\/td><\/tr><tr class=''><td class=''>Odv\u00edjec\u00ed za\u0159\u00edzen\u00ed<br \/>\n<\/td><td class=''>Hlava<br \/>\n<\/td><td class=''>Perforovan\u00e1 deska<br \/>\n<\/td><td class=''>Adobe Stock<br \/>\n<\/td><td class=''>127055083<br \/>\n<\/td><\/tr><tr class=''><td class=''>Odv\u00edjec\u00ed za\u0159\u00edzen\u00ed<br \/>\n<\/td><td class=''>Odv\u00edjec\u00ed za\u0159\u00edzen\u00ed<br \/>\n<\/td><td class=''>Ocelov\u00fd plech<br \/>\n<\/td><td class=''>Adobe Stock<br \/>\n<\/td><td class=''>33337544<br \/>\n<\/td><\/tr><tr class=''><td class=''>Sva\u0159ovac\u00ed za\u0159\u00edzen\u00ed<br \/>\n<\/td><td class=''>Hlava<br \/>\n<\/td><td class=''>Perforovan\u00e1 deska<br \/>\n<\/td><td class=''>Adobe Stock<br \/>\n<\/td><td class=''>127055083<br \/>\n<\/td><\/tr><tr class=''><td class=''>Sva\u0159ovac\u00ed za\u0159\u00edzen\u00ed<br \/>\n<\/td><td class=''>Sva\u0159ovac\u00ed za\u0159\u00edzen\u00ed<br \/>\n<\/td><td class=''>Ocelov\u00fd plech<br \/>\n<\/td><td class=''>Adobe Stock<br \/>\n<\/td><td class=''>33337544<br \/>\n<\/td><\/tr><tr class=''><td class=''>Pou\u017eit\u00e9 stroje<br \/>\n<\/td><td class=''>Hlava<br \/>\n<\/td><td class=''>Perforovan\u00e1 deska<br \/>\n<\/td><td class=''>Adobe Stock<br \/>\n<\/td><td class=''>127055083<br \/>\n<\/td><\/tr><tr class=''><td class=''>Pou\u017eit\u00e9 stroje<br \/>\n<\/td><td class=''>Pou\u017eit\u00e9 stroje<br \/>\n<\/td><td class=''>Ocelov\u00fd plech<br \/>\n<\/td><td class=''>Adobe Stock<br \/>\n<\/td><td class=''>33337544<br \/>\n<\/td><\/tr><tr class=''><td class=''>Pron\u00e1jem stroj\u016f<br \/>\n<\/td><td class=''>Hlava<br \/>\n<\/td><td class=''>Perforovan\u00e1 deska<br \/>\n<\/td><td class=''>Adobe Stock<br \/>\n<\/td><td class=''>127055083<br \/>\n<\/td><\/tr><tr class=''><td class=''>Pron\u00e1jem stroj\u016f<br \/>\n<\/td><td class=''>Pron\u00e1jem stroj\u016f<br \/>\n<\/td><td class=''>Ocelov\u00fd plech<br \/>\n<\/td><td class=''>Adobe Stock<br \/>\n<\/td><td class=''>33337544<br \/>\n<\/td><\/tr><tr class=''><td class=''>N\u00e1stroje<br \/>\n<\/td><td class=''>Hlava<br \/>\n<\/td><td class=''>oh\u00fdban\u00fd plech<br \/>\n<\/td><td class=''>Adobe Stock<br \/>\n<\/td><td class=''>470925436<br \/>\n<\/td><\/tr><tr class=''><td class=''>P\u0159ehled po\u017eadavk\u016f na izolaci<br \/>\n<\/td><td class=''>Hlava<br \/>\n<\/td><td class=''>Ocelov\u00fd plech<br \/>\n<\/td><td class=''>Adobe Stock<br \/>\n<\/td><td class=''>198019364<br \/>\n<\/td><\/tr><tr class=''><td class=''>P\u0159ehled po\u017eadavk\u016f na izolaci<br \/>\n<\/td><td class=''>Slep\u00e9 n\u00fdty<br \/>\n<\/td><td class=''>N\u00fdty<br \/>\n<\/td><td class=''>Adobe Stock<br \/>\n<\/td><td class=''>257825519<br \/>\n<\/td><\/tr><tr class=''><td class=''>P\u0159ehled po\u017eadavk\u016f na izolaci<br \/>\n<\/td><td class=''>Nap\u00ednac\u00ed popruhy<br \/>\n<\/td><td class=''>Nap\u00ednac\u00ed popruhy<br \/>\n<\/td><td class=''>Adobe Stock<br \/>\n<\/td><td class=''>135354999<br \/>\n<\/td><\/tr><tr class=''><td class=''>Samo\u0159ezn\u00e9 \u0161rouby<br \/>\n<\/td><td class=''>Hlava<br \/>\n<\/td><td class=''>Ocelov\u00fd plech<br \/>\n<\/td><td class=''>Adobe Stock<br \/>\n<\/td><td class=''>198019364<br \/>\n<\/td><\/tr><tr class=''><td class=''>Slep\u00e9 n\u00fdty<br \/>\n<\/td><td class=''>Hlava<br \/>\n<\/td><td class=''>Ocelov\u00fd plech<br \/>\n<\/td><td class=''>Adobe Stock<br \/>\n<\/td><td class=''>198019364<br \/>\n<\/td><\/tr><tr class=''><td class=''>Slep\u00e9 n\u00fdty<br \/>\n<\/td><td class=''>Slep\u00e9 n\u00fdty<br \/>\n<\/td><td class=''>N\u00fdty<br \/>\n<\/td><td class=''>Adobe Stock<br \/>\n<\/td><td class=''>257825519<br \/>\n<\/td><\/tr><tr class=''><td class=''>H\u00e1\u010dky, obj\u00edmky, spony<br \/>\n<\/td><td class=''>Hlava<br \/>\n<\/td><td class=''>Ocelov\u00fd plech<br \/>\n<\/td><td class=''>Adobe Stock<br \/>\n<\/td><td class=''>198019364<br \/>\n<\/td><\/tr><tr class=''><td class=''>Spojovac\u00ed prvky s uz\u00e1v\u011brem<br \/>\n<\/td><td class=''>Hlava<br \/>\n<\/td><td class=''>Ocelov\u00fd plech<br \/>\n<\/td><td class=''>Adobe Stock<br \/>\n<\/td><td class=''>198019364<br \/>\n<\/td><\/tr><tr class=''><td class=''>Nap\u00ednac\u00ed popruhy<br \/>\n<\/td><td class=''>Hlava<br \/>\n<\/td><td class=''>Ocelov\u00fd plech<br \/>\n<\/td><td class=''>Adobe Stock<br \/>\n<\/td><td class=''>198019364<br \/>\n<\/td><\/tr><tr class=''><td class=''>Nap\u00ednac\u00ed popruhy<br \/>\n<\/td><td class=''>Nap\u00ednac\u00ed popruhy<br \/>\n<\/td><td class=''>Nap\u00ednac\u00ed popruhy<br \/>\n<\/td><td class=''>Adobe Stock<br \/>\n<\/td><td class=''>135354999<br \/>\n<\/td><\/tr><tr class=''><td class=''>D\u00edlensk\u00e9 pot\u0159eby<br \/>\n<\/td><td class=''>Hlava<br \/>\n<\/td><td class=''>Plechov\u00e9 p\u00e1sy<br \/>\n<\/td><td class=''>Adobe Stock<br \/>\n<\/td><td class=''>256516437<br \/>\n<\/td><\/tr><tr class=''><td class=''>Produkty TRUMPF<br \/>\n<\/td><td class=''>Hlava<br \/>\n<\/td><td class=''>Okraje plechu<br \/>\n<\/td><td class=''>Adobe Stock<br \/>\n<\/td><td class=''>167289987<br \/>\n<\/td><\/tr><tr class=''><td class=''>Slu\u017eba<br \/>\n<\/td><td class=''>Hlava<br \/>\n<\/td><td class=''>Portr\u00e9t mu\u017ee<br \/>\n<\/td><td class=''>Adobe Stock<br \/>\n<\/td><td class=''>269092425<br \/>\n<\/td><\/tr><tr class=''><td class=''>Slu\u017eba<br \/>\n<\/td><td class=''>Slu\u017eby &#8211; \u00dadr\u017eba\/oprava<br \/>\n<\/td><td class=''>Ru\u010dn\u011b<br \/>\n<\/td><td class=''>Adobe Stock<br \/>\n<\/td><td class=''>29474853<br \/>\n<\/td><\/tr><tr class=''><td class=''>Slu\u017eba<br \/>\n<\/td><td class=''>Slu\u017eby &#8211; N\u00e1hradn\u00ed d\u00edly<br \/>\n<\/td><td class=''>Reg\u00e1lov\u00fd sklad<br \/>\n<\/td><td class=''>Adobe Stock<br \/>\n<\/td><td class=''>176145628<br \/>\n<\/td><\/tr><tr class=''><td class=''>Slu\u017eba<br \/>\n<\/td><td class=''>Slu\u017eby &#8211; P\u0159\u00edslu\u0161enstv\u00ed<br \/>\n<\/td><td class=''>Kovov\u00e9 d\u00edly<br \/>\n<\/td><td class=''>Adobe Stock<br \/>\n<\/td><td class=''>112309031<br \/>\n<\/td><\/tr><tr class=''><td class=''>T\u00fdm<br \/>\n<\/td><td class=''>Hlava<br \/>\n<\/td><td class=''>Perforovan\u00e1 deska<br \/>\n<\/td><td class=''>Adobe Stock<br \/>\n<\/td><td class=''>366770915<br \/>\n<\/td><\/tr><tr class=''><td class=''>T\u00fdm<br \/>\n<\/td><td class=''>Hlava<br \/>\n<\/td><td class=''>Dva mu\u017ei<br \/>\n<\/td><td class=''>Adobe Stock<br \/>\n<\/td><td class=''>331579794<br \/>\n<\/td><\/tr><tr class=''><td class=''>Nejnov\u011bj\u0161\u00ed zpr\u00e1vy<br \/>\n<\/td><td class=''>Hlava<br \/>\n<\/td><td class=''>Perforovan\u00e1 deska<br \/>\n<\/td><td class=''>Adobe Stock<br \/>\n<\/td><td class=''>366770915<br \/>\n<\/td><\/tr><tr class=''><td class=''>Nejnov\u011bj\u0161\u00ed zpr\u00e1vy<br \/>\n<\/td><td class=''>Hlava<br \/>\n<\/td><td class=''>Hashtag<br \/>\n<\/td><td class=''>Adobe Stock<br \/>\n<\/td><td class=''>251127556<br \/>\n<\/td><\/tr><tr class=''><td class=''>Kari\u00e9ra<br \/>\n<\/td><td class=''>Hlava<br \/>\n<\/td><td class=''>Dva mu\u017ei<br \/>\n<\/td><td class=''>Adobe Stock<br \/>\n<\/td><td class=''>331579794<br \/>\n<\/td><\/tr><tr class=''><td class=''>Kari\u00e9ra<br \/>\n<\/td><td class=''>V\u00fdhody<br \/>\n<\/td><td class=''>Ocelov\u00fd plech<br \/>\n<\/td><td class=''>Adobe Stock<br \/>\n<\/td><td class=''>33337544<br \/>\n<\/td><\/tr><tr class=''><td class=''>Medi\u00e1ln\u00ed centrum<br \/>\n<\/td><td class=''>Hlava<br \/>\n<\/td><td class=''>Zak\u0159iven\u00e9 listy<br \/>\n<\/td><td class=''>Adobe Stock<br \/>\n<\/td><td class=''>293173747<br \/>\n<\/td><\/tr><tr class=''><td class=''>Medi\u00e1ln\u00ed centrum<br \/>\n<\/td><td class=''>Hlava<br \/>\n<\/td><td class=''>Kniha<br \/>\n<\/td><td class=''>Adobe Stock<br \/>\n<\/td><td class=''>317613837<br \/>\n<\/td><\/tr><\/tbody><\/table><\/div><style type='text\/css'>.avia-table-1 td:nth-of-type(1):before { content: 'Zobrazen\u00ed str\u00e1nky'; } .avia-table-1 td:nth-of-type(2):before { content: 'Um\u00edst\u011bn\u00ed'; } .avia-table-1 td:nth-of-type(3):before { content: 'Motiv'; } .avia-table-1 td:nth-of-type(4):before { content: 'Zdroj:\n'; } .avia-table-1 td:nth-of-type(5):before { content: '\u010c\u00edslo obr\u00e1zku\n'; } <\/style><\/div>\n","protected":false},"excerpt":{"rendered":"","protected":false},"author":1,"featured_media":0,"parent":0,"menu_order":13,"comment_status":"closed","ping_status":"closed","template":"","meta":{"_acf_changed":false,"inline_featured_image":false,"footnotes":""},"class_list":["post-12557","page","type-page","status-publish","hentry"],"acf":[],"yoast_head":"<!-- This site is optimized with the Yoast SEO plugin v27.3 - https:\/\/yoast.com\/product\/yoast-seo-wordpress\/ -->\n<title>Otisk | Wilhelm Hundt GmbH<\/title>\n<meta name=\"description\" content=\"Wilhelm Hundt GmbH: Imprint\" \/>\n<meta name=\"robots\" content=\"index, follow, max-snippet:-1, max-image-preview:large, max-video-preview:-1\" \/>\n<link rel=\"canonical\" href=\"https:\/\/hundtgroup.com\/cs\/otisk\/\" \/>\n<meta property=\"og:locale\" content=\"cs_CZ\" \/>\n<meta property=\"og:type\" content=\"article\" \/>\n<meta property=\"og:title\" content=\"Otisk | Wilhelm Hundt GmbH\" \/>\n<meta property=\"og:description\" content=\"Wilhelm Hundt GmbH: Imprint\" \/>\n<meta property=\"og:url\" content=\"https:\/\/hundtgroup.com\/cs\/otisk\/\" \/>\n<meta property=\"og:site_name\" content=\"Wilhelm Hundt GmbH\" \/>\n<meta property=\"article:modified_time\" content=\"2026-03-09T10:43:57+00:00\" \/>\n<meta name=\"twitter:card\" content=\"summary_large_image\" \/>\n<meta name=\"twitter:label1\" content=\"Odhadovan\u00e1 doba \u010dten\u00ed\" \/>\n\t<meta name=\"twitter:data1\" content=\"4 minuta\" \/>\n<script type=\"application\/ld+json\" class=\"yoast-schema-graph\">{\"@context\":\"https:\\\/\\\/schema.org\",\"@graph\":[{\"@type\":\"WebPage\",\"@id\":\"https:\\\/\\\/hundtgroup.com\\\/cs\\\/otisk\\\/\",\"url\":\"https:\\\/\\\/hundtgroup.com\\\/cs\\\/otisk\\\/\",\"name\":\"Otisk | Wilhelm Hundt GmbH\",\"isPartOf\":{\"@id\":\"https:\\\/\\\/hundtgroup.com\\\/cs\\\/#website\"},\"datePublished\":\"2022-01-12T12:24:49+00:00\",\"dateModified\":\"2026-03-09T10:43:57+00:00\",\"description\":\"Wilhelm Hundt GmbH: Imprint\",\"breadcrumb\":{\"@id\":\"https:\\\/\\\/hundtgroup.com\\\/cs\\\/otisk\\\/#breadcrumb\"},\"inLanguage\":\"cs\",\"potentialAction\":[{\"@type\":\"ReadAction\",\"target\":[\"https:\\\/\\\/hundtgroup.com\\\/cs\\\/otisk\\\/\"]}]},{\"@type\":\"BreadcrumbList\",\"@id\":\"https:\\\/\\\/hundtgroup.com\\\/cs\\\/otisk\\\/#breadcrumb\",\"itemListElement\":[{\"@type\":\"ListItem\",\"position\":1,\"name\":\"Startseite\",\"item\":\"https:\\\/\\\/hundtgroup.com\\\/cs\\\/home-nove\\\/\"},{\"@type\":\"ListItem\",\"position\":2,\"name\":\"Otisk\"}]},{\"@type\":\"WebSite\",\"@id\":\"https:\\\/\\\/hundtgroup.com\\\/cs\\\/#website\",\"url\":\"https:\\\/\\\/hundtgroup.com\\\/cs\\\/\",\"name\":\"Wilhelm Hundt GmbH\",\"description\":\"V\u00e1\u0161 specialista na stroje a n\u00e1stroje pro zpracov\u00e1n\u00ed plechu\",\"potentialAction\":[{\"@type\":\"SearchAction\",\"target\":{\"@type\":\"EntryPoint\",\"urlTemplate\":\"https:\\\/\\\/hundtgroup.com\\\/cs\\\/?s={search_term_string}\"},\"query-input\":{\"@type\":\"PropertyValueSpecification\",\"valueRequired\":true,\"valueName\":\"search_term_string\"}}],\"inLanguage\":\"cs\"}]}<\/script>\n<!-- \/ Yoast SEO plugin. -->","yoast_head_json":{"title":"Otisk | Wilhelm Hundt GmbH","description":"Wilhelm Hundt GmbH: Imprint","robots":{"index":"index","follow":"follow","max-snippet":"max-snippet:-1","max-image-preview":"max-image-preview:large","max-video-preview":"max-video-preview:-1"},"canonical":"https:\/\/hundtgroup.com\/cs\/otisk\/","og_locale":"cs_CZ","og_type":"article","og_title":"Otisk | Wilhelm Hundt GmbH","og_description":"Wilhelm Hundt GmbH: Imprint","og_url":"https:\/\/hundtgroup.com\/cs\/otisk\/","og_site_name":"Wilhelm Hundt GmbH","article_modified_time":"2026-03-09T10:43:57+00:00","twitter_card":"summary_large_image","twitter_misc":{"Odhadovan\u00e1 doba \u010dten\u00ed":"4 minuta"},"schema":{"@context":"https:\/\/schema.org","@graph":[{"@type":"WebPage","@id":"https:\/\/hundtgroup.com\/cs\/otisk\/","url":"https:\/\/hundtgroup.com\/cs\/otisk\/","name":"Otisk | Wilhelm Hundt GmbH","isPartOf":{"@id":"https:\/\/hundtgroup.com\/cs\/#website"},"datePublished":"2022-01-12T12:24:49+00:00","dateModified":"2026-03-09T10:43:57+00:00","description":"Wilhelm Hundt GmbH: Imprint","breadcrumb":{"@id":"https:\/\/hundtgroup.com\/cs\/otisk\/#breadcrumb"},"inLanguage":"cs","potentialAction":[{"@type":"ReadAction","target":["https:\/\/hundtgroup.com\/cs\/otisk\/"]}]},{"@type":"BreadcrumbList","@id":"https:\/\/hundtgroup.com\/cs\/otisk\/#breadcrumb","itemListElement":[{"@type":"ListItem","position":1,"name":"Startseite","item":"https:\/\/hundtgroup.com\/cs\/home-nove\/"},{"@type":"ListItem","position":2,"name":"Otisk"}]},{"@type":"WebSite","@id":"https:\/\/hundtgroup.com\/cs\/#website","url":"https:\/\/hundtgroup.com\/cs\/","name":"Wilhelm Hundt GmbH","description":"V\u00e1\u0161 specialista na stroje a n\u00e1stroje pro zpracov\u00e1n\u00ed plechu","potentialAction":[{"@type":"SearchAction","target":{"@type":"EntryPoint","urlTemplate":"https:\/\/hundtgroup.com\/cs\/?s={search_term_string}"},"query-input":{"@type":"PropertyValueSpecification","valueRequired":true,"valueName":"search_term_string"}}],"inLanguage":"cs"}]}},"_links":{"self":[{"href":"https:\/\/hundtgroup.com\/cs\/wp-json\/wp\/v2\/pages\/12557","targetHints":{"allow":["GET"]}}],"collection":[{"href":"https:\/\/hundtgroup.com\/cs\/wp-json\/wp\/v2\/pages"}],"about":[{"href":"https:\/\/hundtgroup.com\/cs\/wp-json\/wp\/v2\/types\/page"}],"author":[{"embeddable":true,"href":"https:\/\/hundtgroup.com\/cs\/wp-json\/wp\/v2\/users\/1"}],"replies":[{"embeddable":true,"href":"https:\/\/hundtgroup.com\/cs\/wp-json\/wp\/v2\/comments?post=12557"}],"version-history":[{"count":3,"href":"https:\/\/hundtgroup.com\/cs\/wp-json\/wp\/v2\/pages\/12557\/revisions"}],"predecessor-version":[{"id":39576,"href":"https:\/\/hundtgroup.com\/cs\/wp-json\/wp\/v2\/pages\/12557\/revisions\/39576"}],"wp:attachment":[{"href":"https:\/\/hundtgroup.com\/cs\/wp-json\/wp\/v2\/media?parent=12557"}],"curies":[{"name":"wp","href":"https:\/\/api.w.org\/{rel}","templated":true}]}}