{"id":12622,"date":"2022-01-17T13:17:50","date_gmt":"2022-01-17T12:17:50","guid":{"rendered":"https:\/\/hundtgroup.com\/medialni-centrum\/"},"modified":"2025-08-11T15:00:53","modified_gmt":"2025-08-11T13:00:53","slug":"medialni-centrum","status":"publish","type":"page","link":"https:\/\/hundtgroup.com\/cs\/medialni-centrum\/","title":{"rendered":"Medi\u00e1ln\u00ed centrum"},"content":{"rendered":"<div id='downloads'  class='avia-section av-elhli-d5b91c8e81f3a5a9d7a72e33562866b5 main_color avia-section-default avia-no-border-styling  avia-builder-el-0  el_before_av_section  avia-builder-el-first  section-no-padding-bottom invalid-custom-class-found avia-bg-style-scroll container_wrap fullsize'  ><div class='container av-section-cont-open' ><main  role=\"main\" itemprop=\"mainContentOfPage\"  class='template-page content  av-content-full alpha units'><div class='post-entry post-entry-type-page post-entry-12622'><div class='entry-content-wrapper clearfix'>\n<div  class='flex_column av-bqmny-0d30e460a1e2996d58a19fa8713672e4 av_one_full  avia-builder-el-1  avia-builder-el-no-sibling  first flex_column_div  '     ><div class=\"pxl-headline pxl-hl hl-wrap | hl-sub--top hl--align-left hl--big-margin   \">\n    <div class=\"hl-inner\">\n            <h2 class=\"hl-main hl-line |  hl_main--default  \">Na\u0161e katalogy ke sta\u017een\u00ed<\/h2>\n            <div class=\"overline lightgrey\">\n              <span class=\"hl-sub hl-line |  hl_sub--default  \">Informace na jedno kliknut\u00ed<\/span>\n              <span class=\"overline-slant\"><\/span>\n            <\/div>\n    <\/div>\n<\/div><\/div>\n\n<\/div><\/div><\/main><!-- close content main element --><\/div><\/div><div id='av_section_2'  class='avia-section av-b1c66-08b68ab7d24130f588e8ace2908b034b main_color avia-section-default avia-no-border-styling  avia-builder-el-3  el_after_av_section  avia-builder-el-last  avia-bg-style-scroll container_wrap fullsize'  ><div class='container av-section-cont-open' ><div class='template-page content  av-content-full alpha units'><div class='post-entry post-entry-type-page post-entry-12622'><div class='entry-content-wrapper clearfix'>\n<div  class='flex_column av-7dmnq-b046a94ed36834d410b59e9c02d76b3d av_one_full  avia-builder-el-4  avia-builder-el-no-sibling  first flex_column_div  '     ><div class=\"download-entry-wrapper \">\n  \n  <div class=\"download-entry \">\n  \t<a class='overlay-link' href=\"https:\/\/hundtgroup.com\/wp-content\/uploads\/hundt_katalog_isoliermaschinen_2025_webansicht.pdf\"><\/a>\n    <img decoding=\"async\" src=\"https:\/\/hundtgroup.com\/wp-content\/uploads\/hundt_mediacenter_maschinenkatalog_2025.jpg\">\n    <div class=\"download-entry-content\">\n      <div class=\"download-entry-content-text\">\n        <p>St\u00e1hn\u011bte si n\u00e1\u0161 katalog stroj\u016f<\/p>\n      <\/div>\n      <div class=\"avia-button-wrap green avia-button-left avia-builder-el-last\">\n        <a href=\"https:\/\/hundtgroup.com\/wp-content\/uploads\/hundt_katalog_isoliermaschinen_2025_webansicht.pdf\" class=\"avia-button avia-icon_select-no avia-size-medium avia-position-left avia-color-theme-color\">\n          <span class=\"avia_iconbox_title\">ke sta\u017een\u00ed<\/span>\n        <\/a>\n      <\/div>\n    <\/div>\n  <\/div>\n\n  \n  <div class=\"download-entry \">\n  \t<a class='overlay-link' href=\"https:\/\/hundtgroup.com\/wp-content\/uploads\/hundt_katalog_werkzeuge_2025_webansicht.pdf\"><\/a>\n    <img decoding=\"async\" src=\"https:\/\/hundtgroup.com\/wp-content\/uploads\/hundt_mediacenter_werkzeugkatalog_2025.jpg\">\n    <div class=\"download-entry-content\">\n      <div class=\"download-entry-content-text\">\n        <p>St\u00e1hn\u011bte si n\u00e1\u0161 katalog n\u00e1stroj\u016f<\/p>\n      <\/div>\n      <div class=\"avia-button-wrap green avia-button-left avia-builder-el-last\">\n        <a href=\"https:\/\/hundtgroup.com\/wp-content\/uploads\/hundt_katalog_werkzeuge_2025_webansicht.pdf\" class=\"avia-button avia-icon_select-no avia-size-medium avia-position-left avia-color-theme-color\">\n          <span class=\"avia_iconbox_title\">ke sta\u017een\u00ed<\/span>\n        <\/a>\n      <\/div>\n    <\/div>\n  <\/div>\n\n  <\/div><\/div>\n\n","protected":false},"excerpt":{"rendered":"","protected":false},"author":1,"featured_media":0,"parent":0,"menu_order":5,"comment_status":"closed","ping_status":"closed","template":"","meta":{"_acf_changed":false,"inline_featured_image":false,"footnotes":""},"class_list":["post-12622","page","type-page","status-publish","hentry"],"acf":[],"yoast_head":"<!-- This site is optimized with the Yoast SEO plugin v27.3 - https:\/\/yoast.com\/product\/yoast-seo-wordpress\/ -->\n<title>P\u0159ehled v\u0161ech katalog\u016f v\u00fdrobk\u016f - Hundt Media-Center<\/title>\n<meta name=\"description\" content=\"Prohl\u00e9dn\u011bte si na\u0161e katalogy a objevte \u0161irokou nab\u00eddku produkt\u016f Hundt. Prohl\u00e9dn\u011bte si na\u0161e katalogy online!\" \/>\n<meta name=\"robots\" content=\"index, follow, max-snippet:-1, max-image-preview:large, max-video-preview:-1\" \/>\n<link rel=\"canonical\" href=\"https:\/\/hundtgroup.com\/cs\/medialni-centrum\/\" \/>\n<meta property=\"og:locale\" content=\"cs_CZ\" \/>\n<meta property=\"og:type\" content=\"article\" \/>\n<meta property=\"og:title\" content=\"P\u0159ehled v\u0161ech katalog\u016f v\u00fdrobk\u016f - Hundt Media-Center\" \/>\n<meta property=\"og:description\" content=\"Prohl\u00e9dn\u011bte si na\u0161e katalogy a objevte \u0161irokou nab\u00eddku produkt\u016f Hundt. Prohl\u00e9dn\u011bte si na\u0161e katalogy online!\" \/>\n<meta property=\"og:url\" content=\"https:\/\/hundtgroup.com\/cs\/medialni-centrum\/\" \/>\n<meta property=\"og:site_name\" content=\"Wilhelm Hundt GmbH\" \/>\n<meta property=\"article:modified_time\" content=\"2025-08-11T13:00:53+00:00\" \/>\n<meta name=\"twitter:card\" content=\"summary_large_image\" \/>\n<meta name=\"twitter:label1\" content=\"Odhadovan\u00e1 doba \u010dten\u00ed\" \/>\n\t<meta name=\"twitter:data1\" content=\"1 minuta\" \/>\n<script type=\"application\/ld+json\" class=\"yoast-schema-graph\">{\"@context\":\"https:\\\/\\\/schema.org\",\"@graph\":[{\"@type\":\"WebPage\",\"@id\":\"https:\\\/\\\/hundtgroup.com\\\/cs\\\/medialni-centrum\\\/\",\"url\":\"https:\\\/\\\/hundtgroup.com\\\/cs\\\/medialni-centrum\\\/\",\"name\":\"P\u0159ehled v\u0161ech katalog\u016f v\u00fdrobk\u016f - Hundt Media-Center\",\"isPartOf\":{\"@id\":\"https:\\\/\\\/hundtgroup.com\\\/cs\\\/#website\"},\"datePublished\":\"2022-01-17T12:17:50+00:00\",\"dateModified\":\"2025-08-11T13:00:53+00:00\",\"description\":\"Prohl\u00e9dn\u011bte si na\u0161e katalogy a objevte \u0161irokou nab\u00eddku produkt\u016f Hundt. Prohl\u00e9dn\u011bte si na\u0161e katalogy online!\",\"breadcrumb\":{\"@id\":\"https:\\\/\\\/hundtgroup.com\\\/cs\\\/medialni-centrum\\\/#breadcrumb\"},\"inLanguage\":\"cs\",\"potentialAction\":[{\"@type\":\"ReadAction\",\"target\":[\"https:\\\/\\\/hundtgroup.com\\\/cs\\\/medialni-centrum\\\/\"]}]},{\"@type\":\"BreadcrumbList\",\"@id\":\"https:\\\/\\\/hundtgroup.com\\\/cs\\\/medialni-centrum\\\/#breadcrumb\",\"itemListElement\":[{\"@type\":\"ListItem\",\"position\":1,\"name\":\"Startseite\",\"item\":\"https:\\\/\\\/hundtgroup.com\\\/cs\\\/home-nove\\\/\"},{\"@type\":\"ListItem\",\"position\":2,\"name\":\"Medi\u00e1ln\u00ed centrum\"}]},{\"@type\":\"WebSite\",\"@id\":\"https:\\\/\\\/hundtgroup.com\\\/cs\\\/#website\",\"url\":\"https:\\\/\\\/hundtgroup.com\\\/cs\\\/\",\"name\":\"Wilhelm Hundt GmbH\",\"description\":\"V\u00e1\u0161 specialista na stroje a n\u00e1stroje pro zpracov\u00e1n\u00ed plechu\",\"potentialAction\":[{\"@type\":\"SearchAction\",\"target\":{\"@type\":\"EntryPoint\",\"urlTemplate\":\"https:\\\/\\\/hundtgroup.com\\\/cs\\\/?s={search_term_string}\"},\"query-input\":{\"@type\":\"PropertyValueSpecification\",\"valueRequired\":true,\"valueName\":\"search_term_string\"}}],\"inLanguage\":\"cs\"}]}<\/script>\n<!-- \/ Yoast SEO plugin. -->","yoast_head_json":{"title":"P\u0159ehled v\u0161ech katalog\u016f v\u00fdrobk\u016f - Hundt Media-Center","description":"Prohl\u00e9dn\u011bte si na\u0161e katalogy a objevte \u0161irokou nab\u00eddku produkt\u016f Hundt. Prohl\u00e9dn\u011bte si na\u0161e katalogy online!","robots":{"index":"index","follow":"follow","max-snippet":"max-snippet:-1","max-image-preview":"max-image-preview:large","max-video-preview":"max-video-preview:-1"},"canonical":"https:\/\/hundtgroup.com\/cs\/medialni-centrum\/","og_locale":"cs_CZ","og_type":"article","og_title":"P\u0159ehled v\u0161ech katalog\u016f v\u00fdrobk\u016f - Hundt Media-Center","og_description":"Prohl\u00e9dn\u011bte si na\u0161e katalogy a objevte \u0161irokou nab\u00eddku produkt\u016f Hundt. Prohl\u00e9dn\u011bte si na\u0161e katalogy online!","og_url":"https:\/\/hundtgroup.com\/cs\/medialni-centrum\/","og_site_name":"Wilhelm Hundt GmbH","article_modified_time":"2025-08-11T13:00:53+00:00","twitter_card":"summary_large_image","twitter_misc":{"Odhadovan\u00e1 doba \u010dten\u00ed":"1 minuta"},"schema":{"@context":"https:\/\/schema.org","@graph":[{"@type":"WebPage","@id":"https:\/\/hundtgroup.com\/cs\/medialni-centrum\/","url":"https:\/\/hundtgroup.com\/cs\/medialni-centrum\/","name":"P\u0159ehled v\u0161ech katalog\u016f v\u00fdrobk\u016f - Hundt Media-Center","isPartOf":{"@id":"https:\/\/hundtgroup.com\/cs\/#website"},"datePublished":"2022-01-17T12:17:50+00:00","dateModified":"2025-08-11T13:00:53+00:00","description":"Prohl\u00e9dn\u011bte si na\u0161e katalogy a objevte \u0161irokou nab\u00eddku produkt\u016f Hundt. Prohl\u00e9dn\u011bte si na\u0161e katalogy online!","breadcrumb":{"@id":"https:\/\/hundtgroup.com\/cs\/medialni-centrum\/#breadcrumb"},"inLanguage":"cs","potentialAction":[{"@type":"ReadAction","target":["https:\/\/hundtgroup.com\/cs\/medialni-centrum\/"]}]},{"@type":"BreadcrumbList","@id":"https:\/\/hundtgroup.com\/cs\/medialni-centrum\/#breadcrumb","itemListElement":[{"@type":"ListItem","position":1,"name":"Startseite","item":"https:\/\/hundtgroup.com\/cs\/home-nove\/"},{"@type":"ListItem","position":2,"name":"Medi\u00e1ln\u00ed centrum"}]},{"@type":"WebSite","@id":"https:\/\/hundtgroup.com\/cs\/#website","url":"https:\/\/hundtgroup.com\/cs\/","name":"Wilhelm Hundt GmbH","description":"V\u00e1\u0161 specialista na stroje a n\u00e1stroje pro zpracov\u00e1n\u00ed plechu","potentialAction":[{"@type":"SearchAction","target":{"@type":"EntryPoint","urlTemplate":"https:\/\/hundtgroup.com\/cs\/?s={search_term_string}"},"query-input":{"@type":"PropertyValueSpecification","valueRequired":true,"valueName":"search_term_string"}}],"inLanguage":"cs"}]}},"_links":{"self":[{"href":"https:\/\/hundtgroup.com\/cs\/wp-json\/wp\/v2\/pages\/12622","targetHints":{"allow":["GET"]}}],"collection":[{"href":"https:\/\/hundtgroup.com\/cs\/wp-json\/wp\/v2\/pages"}],"about":[{"href":"https:\/\/hundtgroup.com\/cs\/wp-json\/wp\/v2\/types\/page"}],"author":[{"embeddable":true,"href":"https:\/\/hundtgroup.com\/cs\/wp-json\/wp\/v2\/users\/1"}],"replies":[{"embeddable":true,"href":"https:\/\/hundtgroup.com\/cs\/wp-json\/wp\/v2\/comments?post=12622"}],"version-history":[{"count":5,"href":"https:\/\/hundtgroup.com\/cs\/wp-json\/wp\/v2\/pages\/12622\/revisions"}],"predecessor-version":[{"id":39346,"href":"https:\/\/hundtgroup.com\/cs\/wp-json\/wp\/v2\/pages\/12622\/revisions\/39346"}],"wp:attachment":[{"href":"https:\/\/hundtgroup.com\/cs\/wp-json\/wp\/v2\/media?parent=12622"}],"curies":[{"name":"wp","href":"https:\/\/api.w.org\/{rel}","templated":true}]}}