{"id":12761,"date":"2022-01-17T10:55:19","date_gmt":"2022-01-17T09:55:19","guid":{"rendered":"https:\/\/hundtgroup.com\/tym\/"},"modified":"2026-03-09T11:45:18","modified_gmt":"2026-03-09T10:45:18","slug":"tym","status":"publish","type":"page","link":"https:\/\/hundtgroup.com\/cs\/o-nas\/tym\/","title":{"rendered":"T\u00fdm"},"content":{"rendered":"<div id='av_section_1'  class='avia-section av-at5dv-3de5fe89939c8728be666fffd39a80d3 main_color avia-section-default avia-no-border-styling  avia-builder-el-0  avia-builder-el-no-sibling  avia-bg-style-scroll container_wrap fullsize'  ><div class='container av-section-cont-open' ><main  role=\"main\" itemprop=\"mainContentOfPage\"  class='template-page content  av-content-full alpha units'><div class='post-entry post-entry-type-page post-entry-12761'><div class='entry-content-wrapper clearfix'>\n<div  class='flex_column av-75z5v-04694d06156362c9dec981c871fe619e av_one_full  avia-builder-el-1  el_before_av_codeblock  avia-builder-el-first  first flex_column_div  '     ><div class=\"pxl-headline pxl-hl hl-wrap | hl-sub--top hl--align-left hl--no-margin   \">\n    <div class=\"hl-inner\">\n            <h2 class=\"hl-main hl-line |  hl_main--default  \">N\u00e1\u0161 t\u00fdm<\/h2>\n            <div class=\"overline lightgrey\">\n              <span class=\"hl-sub hl-line |  hl_sub--default  \">Jsme na va\u0161\u00ed stran\u011b<\/span>\n              <span class=\"overline-slant\"><\/span>\n            <\/div>\n    <\/div>\n<\/div><\/div>\n<div  class='flex_column av-x55tv-b8bafb98bde4c1e38a10adbfbd916509 av_one_fourth  avia-builder-el-4  el_after_av_codeblock  el_before_av_one_fourth  first flex_column_div  '     ><div class=\"pixel-contact-wrapper    has-image  \">\n\n    <div class=\"top-col\">\n    <div class=\"pixel-contact-image\">\n      <img decoding=\"async\" src=\"https:\/\/hundtgroup.com\/wp-content\/uploads\/hundt_team_w_hundt.jpg\" alt=\"https:\/\/hundtgroup.com\/wp-content\/uploads\/hundt_team_w_hundt.jpg\">\n    <\/div>\n  <\/div>\n  \n  <div class=\"bottom-col\">\n\n        <span class=\"pixel-contact-name\">\n      Wilhelm Hundt\n    <\/span>\n    \n        <span class=\"pixel-contact-function\">\n      Management\n    <\/span>\n    \n        <span class=\"pixel-contact-phone\">\n      Tel.: <a href=\"tel:+49 202 430448-33\">+49 202 430448-33<\/a>\n    <\/span>\n    \n        <span class=\"pixel-contact-mail\">\n      <a href=\"mailto:wilhelm.hundt@hundt.de\">wilhelm.hundt@hundt.de<\/a>\n    <\/span>\n    \n  <\/div>\n\n<\/div><\/div><div  class='flex_column av-pkri3-48915ade115f25535ed68fc3edfe9087 av_one_fourth  avia-builder-el-6  el_after_av_one_fourth  el_before_av_one_fourth  flex_column_div  '     ><div class=\"pixel-contact-wrapper    has-image  \">\n\n    <div class=\"top-col\">\n    <div class=\"pixel-contact-image\">\n      <img decoding=\"async\" src=\"https:\/\/hundtgroup.com\/wp-content\/uploads\/hundt_teams_s_droste.jpg\" alt=\"https:\/\/hundtgroup.com\/wp-content\/uploads\/hundt_teams_s_droste.jpg\">\n    <\/div>\n  <\/div>\n  \n  <div class=\"bottom-col\">\n\n        <span class=\"pixel-contact-name\">\n      Silke Droste\n    <\/span>\n    \n        <span class=\"pixel-contact-function\">\n      Management\n    <\/span>\n    \n        <span class=\"pixel-contact-phone\">\n      Tel.: <a href=\"tel:+49 202 430448-32\">+49 202 430448-32<\/a>\n    <\/span>\n    \n        <span class=\"pixel-contact-mail\">\n      <a href=\"mailto:silke.droste@hundt.de\">silke.droste@hundt.de<\/a>\n    <\/span>\n    \n  <\/div>\n\n<\/div><\/div><div  class='flex_column av-aoow3-216d05cba0d631bb34d2d8922f1c6836 av_one_fourth  avia-builder-el-8  el_after_av_one_fourth  el_before_av_one_fourth  flex_column_div  '     ><div class=\"pixel-contact-wrapper    has-image  \">\n\n    <div class=\"top-col\">\n    <div class=\"pixel-contact-image\">\n      <img decoding=\"async\" src=\"https:\/\/hundtgroup.com\/wp-content\/uploads\/hundt_teams_m_larssen.jpg\" alt=\"https:\/\/hundtgroup.com\/wp-content\/uploads\/hundt_teams_m_larssen.jpg\">\n    <\/div>\n  <\/div>\n  \n  <div class=\"bottom-col\">\n\n        <span class=\"pixel-contact-name\">\n      Markus Larssen MBA\n    <\/span>\n    \n        <span class=\"pixel-contact-function\">\n      Distribuce\n    <\/span>\n    \n        <span class=\"pixel-contact-phone\">\n      Tel.: <a href=\"tel:+49 202 430448-13\">+49 202 430448-13<\/a>\n    <\/span>\n    \n        <span class=\"pixel-contact-mail\">\n      <a href=\"mailto:markus.larssen@hundt.de\">markus.larssen@hundt.de<\/a>\n    <\/span>\n    \n  <\/div>\n\n<\/div><\/div><div  class='flex_column av-11uyhf-676552599ccd741eb3475d3eceadd57a av_one_fourth  avia-builder-el-10  el_after_av_one_fourth  el_before_av_one_fourth  flex_column_div  '     ><div class=\"pixel-contact-wrapper    has-image  \">\n\n    <div class=\"top-col\">\n    <div class=\"pixel-contact-image\">\n      <img decoding=\"async\" src=\"https:\/\/hundtgroup.com\/wp-content\/uploads\/hundt_team_e_larssen.jpg\" alt=\"https:\/\/hundtgroup.com\/wp-content\/uploads\/hundt_team_e_larssen.jpg\">\n    <\/div>\n  <\/div>\n  \n  <div class=\"bottom-col\">\n\n        <span class=\"pixel-contact-name\">\n      Eva Larssen M.Sc.\n    <\/span>\n    \n        <span class=\"pixel-contact-function\">\n      Projektov\u00e1n\u00ed\/prodej\n    <\/span>\n    \n        <span class=\"pixel-contact-phone\">\n      Tel.: <a href=\"tel:+49 202 430448-12\">+49 202 430448-12<\/a>\n    <\/span>\n    \n        <span class=\"pixel-contact-mail\">\n      <a href=\"mailto:eva.larssen@hundt.de\">eva.larssen@hundt.de<\/a>\n    <\/span>\n    \n  <\/div>\n\n<\/div><\/div><div  class='flex_column av-k7qff-fe31d5d1bb3d37faabed8e8f72c53580 av_one_fourth  avia-builder-el-12  el_after_av_one_fourth  el_before_av_one_fourth  first flex_column_div  column-top-margin'     ><div class=\"pixel-contact-wrapper    has-image  \">\n\n    <div class=\"top-col\">\n    <div class=\"pixel-contact-image\">\n      <img decoding=\"async\" src=\"https:\/\/hundtgroup.com\/wp-content\/uploads\/hundt_team_m_hinz.jpg\" alt=\"https:\/\/hundtgroup.com\/wp-content\/uploads\/hundt_team_m_hinz.jpg\">\n    <\/div>\n  <\/div>\n  \n  <div class=\"bottom-col\">\n\n        <span class=\"pixel-contact-name\">\n      Markus Hinz\n    <\/span>\n    \n        <span class=\"pixel-contact-function\">\n      Intern\u00ed prodej\n    <\/span>\n    \n        <span class=\"pixel-contact-phone\">\n      Tel.: <a href=\"tel:+49 202 430448-11\">+49 202 430448-11<\/a>\n    <\/span>\n    \n        <span class=\"pixel-contact-mail\">\n      <a href=\"mailto:markus.hinz@hundt.de\">markus.hinz@hundt.de<\/a>\n    <\/span>\n    \n  <\/div>\n\n<\/div><\/div><div  class='flex_column av-glfub-3910fab05a23eccf7fd34979fcd0c310 av_one_fourth  avia-builder-el-14  el_after_av_one_fourth  el_before_av_one_fourth  flex_column_div  column-top-margin'     ><div class=\"pixel-contact-wrapper    has-image  \">\n\n    <div class=\"top-col\">\n    <div class=\"pixel-contact-image\">\n      <img decoding=\"async\" src=\"https:\/\/hundtgroup.com\/wp-content\/uploads\/hundt_team_g_hundt.jpg\" alt=\"https:\/\/hundtgroup.com\/wp-content\/uploads\/hundt_team_g_hundt.jpg\">\n    <\/div>\n  <\/div>\n  \n  <div class=\"bottom-col\">\n\n        <span class=\"pixel-contact-name\">\n      Guido Hundt\n    <\/span>\n    \n        <span class=\"pixel-contact-function\">\n      Management\n    <\/span>\n    \n        <span class=\"pixel-contact-phone\">\n      Tel.: <a href=\"tel:+49 202 430448-19\">+49 202 430448-19<\/a>\n    <\/span>\n    \n        <span class=\"pixel-contact-mail\">\n      <a href=\"mailto:guido.hundt@hundt.de\">guido.hundt@hundt.de<\/a>\n    <\/span>\n    \n  <\/div>\n\n<\/div><\/div><div  class='flex_column av-7ebbf-64f4d36b6b5af1e63e4af3770f5aaf1b av_one_fourth  avia-builder-el-16  el_after_av_one_fourth  el_before_av_one_fourth  flex_column_div  column-top-margin'     ><div class=\"pixel-contact-wrapper    has-image  \">\n\n    <div class=\"top-col\">\n    <div class=\"pixel-contact-image\">\n      <img decoding=\"async\" src=\"https:\/\/hundtgroup.com\/wp-content\/uploads\/hundt_teamt_mittig.jpg\" alt=\"https:\/\/hundtgroup.com\/wp-content\/uploads\/hundt_teamt_mittig.jpg\">\n    <\/div>\n  <\/div>\n  \n  <div class=\"bottom-col\">\n\n        <span class=\"pixel-contact-name\">\n      Torsten Mittig\n    <\/span>\n    \n        <span class=\"pixel-contact-function\">\n      Slu\u017eba\n    <\/span>\n    \n        <span class=\"pixel-contact-phone\">\n      Tel.: <a href=\"tel:+49 202 430448-0\">+49 202 430448-0<\/a>\n    <\/span>\n    \n        <span class=\"pixel-contact-mail\">\n      <a href=\"mailto:info@hundt.de\">info@hundt.de<\/a>\n    <\/span>\n    \n  <\/div>\n\n<\/div><\/div><div  class='flex_column av-8rsyb-d8785523f69be4c8fc9c98e94b4f55e1 av_one_fourth  avia-builder-el-18  el_after_av_one_fourth  el_before_av_codeblock  flex_column_div  column-top-margin'     ><div class=\"pixel-contact-wrapper    has-image  \">\n\n    <div class=\"top-col\">\n    <div class=\"pixel-contact-image\">\n      <img decoding=\"async\" src=\"https:\/\/hundtgroup.com\/wp-content\/uploads\/DSC_1299-A-JPG-e1752237310936.jpg\" alt=\"https:\/\/hundtgroup.com\/wp-content\/uploads\/DSC_1299-A-JPG-e1752237310936.jpg\">\n    <\/div>\n  <\/div>\n  \n  <div class=\"bottom-col\">\n\n        <span class=\"pixel-contact-name\">\n      Kerstin Essig\n    <\/span>\n    \n        <span class=\"pixel-contact-function\">\n      \u00da\u010detnictv\u00ed\n    <\/span>\n    \n        <span class=\"pixel-contact-phone\">\n      Tel.: <a href=\"tel:+49 202 430448-14\">+49 202 430448-14<\/a>\n    <\/span>\n    \n        <span class=\"pixel-contact-mail\">\n      <a href=\"mailto:kerstin.essig@hundt.de\">kerstin.essig@hundt.de<\/a>\n    <\/span>\n    \n  <\/div>\n\n<\/div><\/div>\n\n","protected":false},"excerpt":{"rendered":"","protected":false},"author":1,"featured_media":0,"parent":12963,"menu_order":0,"comment_status":"closed","ping_status":"closed","template":"","meta":{"_acf_changed":false,"inline_featured_image":false,"footnotes":""},"class_list":["post-12761","page","type-page","status-publish","hentry"],"acf":[],"yoast_head":"<!-- This site is optimized with the Yoast SEO plugin v27.3 - https:\/\/yoast.com\/product\/yoast-seo-wordpress\/ -->\n<title>O n\u00e1s | Hundt Group - V\u00e1\u0161 spolehliv\u00fd partner<\/title>\n<meta name=\"description\" content=\"Zjist\u011bte v\u00edce o skupin\u011b Hundt, va\u0161em spolehliv\u00e9m partnerovi pro pr\u016fmyslov\u00e9 v\u00fdrobky a \u0159e\u0161en\u00ed. Na trhu \u00fasp\u011b\u0161n\u011b p\u016fsob\u00edme ji\u017e od roku 1950.\" \/>\n<meta name=\"robots\" content=\"index, follow, max-snippet:-1, max-image-preview:large, max-video-preview:-1\" \/>\n<link rel=\"canonical\" href=\"https:\/\/hundtgroup.com\/cs\/o-nas\/tym\/\" \/>\n<meta property=\"og:locale\" content=\"cs_CZ\" \/>\n<meta property=\"og:type\" content=\"article\" \/>\n<meta property=\"og:title\" content=\"O n\u00e1s | Hundt Group - V\u00e1\u0161 spolehliv\u00fd partner\" \/>\n<meta property=\"og:description\" content=\"Zjist\u011bte v\u00edce o skupin\u011b Hundt, va\u0161em spolehliv\u00e9m partnerovi pro pr\u016fmyslov\u00e9 v\u00fdrobky a \u0159e\u0161en\u00ed. Na trhu \u00fasp\u011b\u0161n\u011b p\u016fsob\u00edme ji\u017e od roku 1950.\" \/>\n<meta property=\"og:url\" content=\"https:\/\/hundtgroup.com\/cs\/o-nas\/tym\/\" \/>\n<meta property=\"og:site_name\" content=\"Wilhelm Hundt GmbH\" \/>\n<meta property=\"article:modified_time\" content=\"2026-03-09T10:45:18+00:00\" \/>\n<meta name=\"twitter:card\" content=\"summary_large_image\" \/>\n<meta name=\"twitter:label1\" content=\"Odhadovan\u00e1 doba \u010dten\u00ed\" \/>\n\t<meta name=\"twitter:data1\" content=\"14 minuta\" \/>\n<script type=\"application\/ld+json\" class=\"yoast-schema-graph\">{\"@context\":\"https:\\\/\\\/schema.org\",\"@graph\":[{\"@type\":\"WebPage\",\"@id\":\"https:\\\/\\\/hundtgroup.com\\\/cs\\\/o-nas\\\/tym\\\/\",\"url\":\"https:\\\/\\\/hundtgroup.com\\\/cs\\\/o-nas\\\/tym\\\/\",\"name\":\"O n\u00e1s | Hundt Group - V\u00e1\u0161 spolehliv\u00fd partner\",\"isPartOf\":{\"@id\":\"https:\\\/\\\/hundtgroup.com\\\/cs\\\/#website\"},\"datePublished\":\"2022-01-17T09:55:19+00:00\",\"dateModified\":\"2026-03-09T10:45:18+00:00\",\"description\":\"Zjist\u011bte v\u00edce o skupin\u011b Hundt, va\u0161em spolehliv\u00e9m partnerovi pro pr\u016fmyslov\u00e9 v\u00fdrobky a \u0159e\u0161en\u00ed. Na trhu \u00fasp\u011b\u0161n\u011b p\u016fsob\u00edme ji\u017e od roku 1950.\",\"breadcrumb\":{\"@id\":\"https:\\\/\\\/hundtgroup.com\\\/cs\\\/o-nas\\\/tym\\\/#breadcrumb\"},\"inLanguage\":\"cs\",\"potentialAction\":[{\"@type\":\"ReadAction\",\"target\":[\"https:\\\/\\\/hundtgroup.com\\\/cs\\\/o-nas\\\/tym\\\/\"]}]},{\"@type\":\"BreadcrumbList\",\"@id\":\"https:\\\/\\\/hundtgroup.com\\\/cs\\\/o-nas\\\/tym\\\/#breadcrumb\",\"itemListElement\":[{\"@type\":\"ListItem\",\"position\":1,\"name\":\"Startseite\",\"item\":\"https:\\\/\\\/hundtgroup.com\\\/cs\\\/home-nove\\\/\"},{\"@type\":\"ListItem\",\"position\":2,\"name\":\"O n\u00e1s\",\"item\":\"https:\\\/\\\/hundtgroup.com\\\/cs\\\/o-nas\\\/\"},{\"@type\":\"ListItem\",\"position\":3,\"name\":\"T\u00fdm\"}]},{\"@type\":\"WebSite\",\"@id\":\"https:\\\/\\\/hundtgroup.com\\\/cs\\\/#website\",\"url\":\"https:\\\/\\\/hundtgroup.com\\\/cs\\\/\",\"name\":\"Wilhelm Hundt GmbH\",\"description\":\"V\u00e1\u0161 specialista na stroje a n\u00e1stroje pro zpracov\u00e1n\u00ed plechu\",\"potentialAction\":[{\"@type\":\"SearchAction\",\"target\":{\"@type\":\"EntryPoint\",\"urlTemplate\":\"https:\\\/\\\/hundtgroup.com\\\/cs\\\/?s={search_term_string}\"},\"query-input\":{\"@type\":\"PropertyValueSpecification\",\"valueRequired\":true,\"valueName\":\"search_term_string\"}}],\"inLanguage\":\"cs\"}]}<\/script>\n<!-- \/ Yoast SEO plugin. -->","yoast_head_json":{"title":"O n\u00e1s | Hundt Group - V\u00e1\u0161 spolehliv\u00fd partner","description":"Zjist\u011bte v\u00edce o skupin\u011b Hundt, va\u0161em spolehliv\u00e9m partnerovi pro pr\u016fmyslov\u00e9 v\u00fdrobky a \u0159e\u0161en\u00ed. Na trhu \u00fasp\u011b\u0161n\u011b p\u016fsob\u00edme ji\u017e od roku 1950.","robots":{"index":"index","follow":"follow","max-snippet":"max-snippet:-1","max-image-preview":"max-image-preview:large","max-video-preview":"max-video-preview:-1"},"canonical":"https:\/\/hundtgroup.com\/cs\/o-nas\/tym\/","og_locale":"cs_CZ","og_type":"article","og_title":"O n\u00e1s | Hundt Group - V\u00e1\u0161 spolehliv\u00fd partner","og_description":"Zjist\u011bte v\u00edce o skupin\u011b Hundt, va\u0161em spolehliv\u00e9m partnerovi pro pr\u016fmyslov\u00e9 v\u00fdrobky a \u0159e\u0161en\u00ed. Na trhu \u00fasp\u011b\u0161n\u011b p\u016fsob\u00edme ji\u017e od roku 1950.","og_url":"https:\/\/hundtgroup.com\/cs\/o-nas\/tym\/","og_site_name":"Wilhelm Hundt GmbH","article_modified_time":"2026-03-09T10:45:18+00:00","twitter_card":"summary_large_image","twitter_misc":{"Odhadovan\u00e1 doba \u010dten\u00ed":"14 minuta"},"schema":{"@context":"https:\/\/schema.org","@graph":[{"@type":"WebPage","@id":"https:\/\/hundtgroup.com\/cs\/o-nas\/tym\/","url":"https:\/\/hundtgroup.com\/cs\/o-nas\/tym\/","name":"O n\u00e1s | Hundt Group - V\u00e1\u0161 spolehliv\u00fd partner","isPartOf":{"@id":"https:\/\/hundtgroup.com\/cs\/#website"},"datePublished":"2022-01-17T09:55:19+00:00","dateModified":"2026-03-09T10:45:18+00:00","description":"Zjist\u011bte v\u00edce o skupin\u011b Hundt, va\u0161em spolehliv\u00e9m partnerovi pro pr\u016fmyslov\u00e9 v\u00fdrobky a \u0159e\u0161en\u00ed. Na trhu \u00fasp\u011b\u0161n\u011b p\u016fsob\u00edme ji\u017e od roku 1950.","breadcrumb":{"@id":"https:\/\/hundtgroup.com\/cs\/o-nas\/tym\/#breadcrumb"},"inLanguage":"cs","potentialAction":[{"@type":"ReadAction","target":["https:\/\/hundtgroup.com\/cs\/o-nas\/tym\/"]}]},{"@type":"BreadcrumbList","@id":"https:\/\/hundtgroup.com\/cs\/o-nas\/tym\/#breadcrumb","itemListElement":[{"@type":"ListItem","position":1,"name":"Startseite","item":"https:\/\/hundtgroup.com\/cs\/home-nove\/"},{"@type":"ListItem","position":2,"name":"O n\u00e1s","item":"https:\/\/hundtgroup.com\/cs\/o-nas\/"},{"@type":"ListItem","position":3,"name":"T\u00fdm"}]},{"@type":"WebSite","@id":"https:\/\/hundtgroup.com\/cs\/#website","url":"https:\/\/hundtgroup.com\/cs\/","name":"Wilhelm Hundt GmbH","description":"V\u00e1\u0161 specialista na stroje a n\u00e1stroje pro zpracov\u00e1n\u00ed plechu","potentialAction":[{"@type":"SearchAction","target":{"@type":"EntryPoint","urlTemplate":"https:\/\/hundtgroup.com\/cs\/?s={search_term_string}"},"query-input":{"@type":"PropertyValueSpecification","valueRequired":true,"valueName":"search_term_string"}}],"inLanguage":"cs"}]}},"_links":{"self":[{"href":"https:\/\/hundtgroup.com\/cs\/wp-json\/wp\/v2\/pages\/12761","targetHints":{"allow":["GET"]}}],"collection":[{"href":"https:\/\/hundtgroup.com\/cs\/wp-json\/wp\/v2\/pages"}],"about":[{"href":"https:\/\/hundtgroup.com\/cs\/wp-json\/wp\/v2\/types\/page"}],"author":[{"embeddable":true,"href":"https:\/\/hundtgroup.com\/cs\/wp-json\/wp\/v2\/users\/1"}],"replies":[{"embeddable":true,"href":"https:\/\/hundtgroup.com\/cs\/wp-json\/wp\/v2\/comments?post=12761"}],"version-history":[{"count":3,"href":"https:\/\/hundtgroup.com\/cs\/wp-json\/wp\/v2\/pages\/12761\/revisions"}],"predecessor-version":[{"id":41822,"href":"https:\/\/hundtgroup.com\/cs\/wp-json\/wp\/v2\/pages\/12761\/revisions\/41822"}],"up":[{"embeddable":true,"href":"https:\/\/hundtgroup.com\/cs\/wp-json\/wp\/v2\/pages\/12963"}],"wp:attachment":[{"href":"https:\/\/hundtgroup.com\/cs\/wp-json\/wp\/v2\/media?parent=12761"}],"curies":[{"name":"wp","href":"https:\/\/api.w.org\/{rel}","templated":true}]}}