{"id":12963,"date":"2022-01-12T12:31:26","date_gmt":"2022-01-12T11:31:26","guid":{"rendered":"https:\/\/hundtgroup.com\/o-nas\/"},"modified":"2025-06-26T12:07:24","modified_gmt":"2025-06-26T10:07:24","slug":"o-nas","status":"publish","type":"page","link":"https:\/\/hundtgroup.com\/cs\/o-nas\/","title":{"rendered":"O n\u00e1s"},"content":{"rendered":"<div id='av_section_1'  class='avia-section av-gl9o3-425af46ea03858fa49a438b9f349d8f3 main_color avia-section-default avia-no-border-styling  avia-builder-el-0  el_before_av_section  avia-builder-el-first  avia-bg-style-scroll container_wrap fullsize'  ><div class='container av-section-cont-open' ><main  role=\"main\" itemprop=\"mainContentOfPage\"  class='template-page content  av-content-full alpha units'><div class='post-entry post-entry-type-page post-entry-12963'><div class='entry-content-wrapper clearfix'>\n<div  class='flex_column av-kyilu3c2-e2911f97e8c4ff0d1127785feeb546d5 av_one_full  avia-builder-el-1  avia-builder-el-no-sibling  max-width-three-fourth first flex_column_div  '     ><section  class='av_textblock_section av-kyilsobd-6fab9c6f6e6ab38388d31b0eda83217d '   itemscope=\"itemscope\" itemtype=\"https:\/\/schema.org\/CreativeWork\" ><div class='avia_textblock'  itemprop=\"text\" ><p>Z\u00e1kladem na\u0161\u00ed pr\u00e1ce je v\u00edce ne\u017e 50 let zku\u0161enost\u00ed. Jako specialista na stroje na zpracov\u00e1n\u00ed plechu a odborn\u00edk na n\u00e1stroje jsme s vlastn\u00edmi v\u00fdrobky a na\u0161\u00ed prodejnou zaveden\u00fdm partnerem mnoha pr\u016fmyslov\u00fdch odv\u011btv\u00ed. V\u017edy dr\u017e\u00edme prst na tepu, abychom v\u00e1m mohli nab\u00eddnout jen ta nejlep\u0161\u00ed \u0159e\u0161en\u00ed. V t\u00e9to souvislosti jsou pro n\u00e1s samoz\u0159ejmost\u00ed tak\u00e9 komplexn\u00ed poprodejn\u00ed slu\u017eby, proto\u017ee: Neprod\u00e1v\u00e1me pouze stroje a n\u00e1stroje. Prod\u00e1v\u00e1me \u0159e\u0161en\u00ed p\u0159izp\u016fsoben\u00e1 va\u0161im po\u017eadavk\u016fm.<\/p>\n<\/div><\/section><\/div>\n\n<\/div><\/div><\/main><!-- close content main element --><\/div><\/div><div id='av_section_2'  class='avia-section av-kyilydx5-6025958b2cd3a3893bc42f7b82f13bb4 alternate_color avia-section-default avia-no-border-styling  avia-builder-el-3  el_after_av_section  avia-builder-el-last  avia-bg-style-scroll container_wrap fullsize'  ><div class='container av-section-cont-open' ><div class='template-page content  av-content-full alpha units'><div class='post-entry post-entry-type-page post-entry-12963'><div class='entry-content-wrapper clearfix'>\n<div  class='flex_column av-75uj7-983a81e7e753c7c47ec0386e281c0652 av_one_full  avia-builder-el-4  el_before_av_one_full  avia-builder-el-first  first flex_column_div  '     ><div class=\"pxl-headline pxl-hl hl-wrap | hl-sub--top hl--align-left hl--no-margin   \">\n    <div class=\"hl-inner\">\n            <h2 class=\"hl-main hl-line |  hl_main--default  \">P\u0159\u00edb\u011bh na\u0161eho \u00fasp\u011bchu<\/h2>\n            <div class=\"overline grey\">\n              <span class=\"hl-sub hl-line |  hl_sub--default  \">Z\u00e1vazek k tradici<\/span>\n              <span class=\"overline-slant\"><\/span>\n            <\/div>\n    <\/div>\n<\/div><\/div><div  class='flex_column av-9rkrf-2467f6028caf0d3c3a315c025b99539b av_one_full  avia-builder-el-6  el_after_av_one_full  el_before_av_codeblock  first flex_column_div  column-top-margin'     ><div class=\"pixel-quote-wrap\">\n  <div class=\"left-col\" style=\"background-image: url('https:\/\/hundtgroup.com\/wp-content\/uploads\/hundt_content_geschichte.jpg')\">\n  <\/div>\n  <div class=\"right-col\">\n    <div class=\"pixel-quote-content-wrap\">\n      <div class=\"pxl-headline pxl-hl hl-wrap | hl-sub--top hl--align-left hl--no-margin\">\n        <div class=\"hl-inner\">\n          <h2 class=\"hl-main hl-line |  hl_main--default\">&quot;Tradice s budoucnost\u00ed.&quot;<\/h2>\n        <\/div>\n      <\/div>\n      <span><br \/>\nEva Larssenov\u00e1, 4. generace<br \/>\n<\/span>\n    <\/div>\n  <\/div>\n<\/div><\/div><div  class='flex_column av-12gyx7-e50acb5f09fa2691ece1df76f4f47159 av_one_third  avia-builder-el-9  el_after_av_codeblock  el_before_av_one_third  first flex_column_div  '     ><div class=\"pixel-history-wrap\">\n\n    \n    <div class=\"pixel-history-content\">\n\n            <div class=\"pxl-headline pxl-hl hl-wrap | hl--align-left hl--no-margin\">\n        <div class=\"hl-inner\">\n          <h3 class=\"hl-main hl-line |  hl_main--default\">1950<\/h3>\n          <span class=\"hl-sub hl-line |  hl_sub--default\">Rok zalo\u017een\u00ed<\/span>\n        <\/div>\n      <\/div>\n      \n            <p><br \/>\nSpole\u010dnost Hundt byla zalo\u017eena v roce 1950 jako prodejce n\u00e1\u0159ad\u00ed.<br \/>\n<\/p>\n      \n        <\/div>\n<\/div><\/div><div  class='flex_column av-38bmj-c742f52df299520d30ce8ef4cfd9dcab av_one_third  avia-builder-el-11  el_after_av_one_third  el_before_av_one_third  flex_column_div  '     ><div class=\"pixel-history-wrap\">\n\n    \n    <div class=\"pixel-history-content\">\n\n            <div class=\"pxl-headline pxl-hl hl-wrap | hl--align-left hl--no-margin\">\n        <div class=\"hl-inner\">\n          <h3 class=\"hl-main hl-line |  hl_main--default\">60s<\/h3>\n          <span class=\"hl-sub hl-line |  hl_sub--default\">Specializace<\/span>\n        <\/div>\n      <\/div>\n      \n            <p><br \/>\nV 60. letech se spole\u010dnost specializovala na popt\u00e1vku po izol\u00e1torech WKS a stroj\u00edch pro ru\u010dn\u00ed zpracov\u00e1n\u00ed jemn\u00fdch a tenk\u00fdch plech\u016f.<br \/>\n<\/p>\n      \n        <\/div>\n<\/div><\/div><div  class='flex_column av-tl6kr-771df90745890ca6c880cd8e905da628 av_one_third  avia-builder-el-13  el_after_av_one_third  el_before_av_one_third  flex_column_div  '     ><div class=\"pixel-history-wrap\">\n\n    \n    <div class=\"pixel-history-content\">\n\n            <div class=\"pxl-headline pxl-hl hl-wrap | hl--align-left hl--no-margin\">\n        <div class=\"hl-inner\">\n          <h3 class=\"hl-main hl-line |  hl_main--default\">70s<\/h3>\n          <span class=\"hl-sub hl-line |  hl_sub--default\">Dal\u0161\u00ed v\u00fdvoj<\/span>\n        <\/div>\n      <\/div>\n      \n            <p><br \/>\nJe navr\u017een a sestrojen prvn\u00ed kor\u00e1lkovac\u00ed stroj. Od t\u00e9 doby neust\u00e1le roz\u0161i\u0159ujeme v\u00fdrobu a \u00fadr\u017ebu stroj\u016f na zpracov\u00e1n\u00ed plechu.<br \/>\n<\/p>\n      \n        <\/div>\n<\/div><\/div><div  class='flex_column av-n5t3n-dd8572d0a5e0092eb04a6fe331ec07a9 av_one_third  avia-builder-el-15  el_after_av_one_third  el_before_av_one_third  first flex_column_div  column-top-margin'     ><div class=\"pixel-history-wrap\">\n\n    \n    <div class=\"pixel-history-content\">\n\n            <div class=\"pxl-headline pxl-hl hl-wrap | hl--align-left hl--no-margin\">\n        <div class=\"hl-inner\">\n          <h3 class=\"hl-main hl-line |  hl_main--default\">1997<\/h3>\n          <span class=\"hl-sub hl-line |  hl_sub--default\">Odjezd<\/span>\n        <\/div>\n      <\/div>\n      \n            <p><br \/>\nSpole\u010dnost p\u016fsob\u00ed jako GmbH. Jednatel\u00e9 Wilhelm Hundt a Silke Droste jsou ji\u017e t\u0159et\u00ed generac\u00ed, kter\u00e1 spole\u010dnost vede.<br \/>\n<\/p>\n      \n        <\/div>\n<\/div><\/div><div  class='flex_column av-dq7sj-1017f55bb7e3af77e27dbcca11c3f5b2 av_one_third  avia-builder-el-17  el_after_av_one_third  el_before_av_one_third  flex_column_div  column-top-margin'     ><div class=\"pixel-history-wrap\">\n\n    \n    <div class=\"pixel-history-content\">\n\n            <div class=\"pxl-headline pxl-hl hl-wrap | hl--align-left hl--no-margin\">\n        <div class=\"hl-inner\">\n          <h3 class=\"hl-main hl-line |  hl_main--default\">1999<\/h3>\n          <span class=\"hl-sub hl-line |  hl_sub--default\">Digitalizace<\/span>\n        <\/div>\n      <\/div>\n      \n            <p><br \/>\nInternetov\u00fd obchod HUNDT DIREKT &#8211; divize spole\u010dnosti Wilhelm Hundt GmbH &#8211; nyn\u00ed nab\u00edz\u00ed firm\u00e1m a \u017eivnostn\u00edk\u016fm mo\u017enost objednat si online vysoce kvalitn\u00ed elektrick\u00e9 a ru\u010dn\u00ed n\u00e1\u0159ad\u00ed od zn\u00e1m\u00fdch zna\u010dkov\u00fdch v\u00fdrobc\u016f &#8211; za atraktivn\u00ed ceny.<br \/>\n<\/p>\n      \n        <\/div>\n<\/div><\/div><div  class='flex_column av-6lbc3-07b10d36ca74d1601a2a1baa6ba1e7ed av_one_third  avia-builder-el-19  el_after_av_one_third  el_before_av_codeblock  flex_column_div  column-top-margin'     ><div class=\"pixel-history-wrap\">\n\n    \n    <div class=\"pixel-history-content\">\n\n            <div class=\"pxl-headline pxl-hl hl-wrap | hl--align-left hl--no-margin\">\n        <div class=\"hl-inner\">\n          <h3 class=\"hl-main hl-line |  hl_main--default\">2022<\/h3>\n          <span class=\"hl-sub hl-line |  hl_sub--default\">Tradice<\/span>\n        <\/div>\n      <\/div>\n      \n            <p><br \/>\nDlouholet\u00e9 zku\u0161enosti a odborn\u00e9 znalosti s vyu\u017eit\u00edm modern\u00edch n\u00e1stroj\u016f a metod.<br \/>\n<\/p>\n      \n        <\/div>\n<\/div><\/div>\n\n","protected":false},"excerpt":{"rendered":"","protected":false},"author":1,"featured_media":0,"parent":0,"menu_order":12,"comment_status":"closed","ping_status":"closed","template":"","meta":{"_acf_changed":false,"inline_featured_image":false,"footnotes":""},"class_list":["post-12963","page","type-page","status-publish","hentry"],"acf":[],"yoast_head":"<!-- This site is optimized with the Yoast SEO plugin v27.3 - https:\/\/yoast.com\/product\/yoast-seo-wordpress\/ -->\n<title>O n\u00e1s - Wilhelm Hundt GmbH<\/title>\n<meta name=\"robots\" content=\"index, follow, max-snippet:-1, max-image-preview:large, max-video-preview:-1\" \/>\n<link rel=\"canonical\" href=\"https:\/\/hundtgroup.com\/cs\/o-nas\/\" \/>\n<meta property=\"og:locale\" content=\"cs_CZ\" \/>\n<meta property=\"og:type\" content=\"article\" \/>\n<meta property=\"og:title\" content=\"O n\u00e1s - Wilhelm Hundt GmbH\" \/>\n<meta property=\"og:url\" content=\"https:\/\/hundtgroup.com\/cs\/o-nas\/\" \/>\n<meta property=\"og:site_name\" content=\"Wilhelm Hundt GmbH\" \/>\n<meta property=\"article:modified_time\" content=\"2025-06-26T10:07:24+00:00\" \/>\n<meta name=\"twitter:card\" content=\"summary_large_image\" \/>\n<meta name=\"twitter:label1\" content=\"Odhadovan\u00e1 doba \u010dten\u00ed\" \/>\n\t<meta name=\"twitter:data1\" content=\"17 minuta\" \/>\n<script type=\"application\/ld+json\" class=\"yoast-schema-graph\">{\"@context\":\"https:\\\/\\\/schema.org\",\"@graph\":[{\"@type\":\"WebPage\",\"@id\":\"https:\\\/\\\/hundtgroup.com\\\/cs\\\/o-nas\\\/\",\"url\":\"https:\\\/\\\/hundtgroup.com\\\/cs\\\/o-nas\\\/\",\"name\":\"O n\u00e1s - Wilhelm Hundt GmbH\",\"isPartOf\":{\"@id\":\"https:\\\/\\\/hundtgroup.com\\\/cs\\\/#website\"},\"datePublished\":\"2022-01-12T11:31:26+00:00\",\"dateModified\":\"2025-06-26T10:07:24+00:00\",\"breadcrumb\":{\"@id\":\"https:\\\/\\\/hundtgroup.com\\\/cs\\\/o-nas\\\/#breadcrumb\"},\"inLanguage\":\"cs\",\"potentialAction\":[{\"@type\":\"ReadAction\",\"target\":[\"https:\\\/\\\/hundtgroup.com\\\/cs\\\/o-nas\\\/\"]}]},{\"@type\":\"BreadcrumbList\",\"@id\":\"https:\\\/\\\/hundtgroup.com\\\/cs\\\/o-nas\\\/#breadcrumb\",\"itemListElement\":[{\"@type\":\"ListItem\",\"position\":1,\"name\":\"Startseite\",\"item\":\"https:\\\/\\\/hundtgroup.com\\\/cs\\\/home-nove\\\/\"},{\"@type\":\"ListItem\",\"position\":2,\"name\":\"O n\u00e1s\"}]},{\"@type\":\"WebSite\",\"@id\":\"https:\\\/\\\/hundtgroup.com\\\/cs\\\/#website\",\"url\":\"https:\\\/\\\/hundtgroup.com\\\/cs\\\/\",\"name\":\"Wilhelm Hundt GmbH\",\"description\":\"V\u00e1\u0161 specialista na stroje a n\u00e1stroje pro zpracov\u00e1n\u00ed plechu\",\"potentialAction\":[{\"@type\":\"SearchAction\",\"target\":{\"@type\":\"EntryPoint\",\"urlTemplate\":\"https:\\\/\\\/hundtgroup.com\\\/cs\\\/?s={search_term_string}\"},\"query-input\":{\"@type\":\"PropertyValueSpecification\",\"valueRequired\":true,\"valueName\":\"search_term_string\"}}],\"inLanguage\":\"cs\"}]}<\/script>\n<!-- \/ Yoast SEO plugin. -->","yoast_head_json":{"title":"O n\u00e1s - Wilhelm Hundt GmbH","robots":{"index":"index","follow":"follow","max-snippet":"max-snippet:-1","max-image-preview":"max-image-preview:large","max-video-preview":"max-video-preview:-1"},"canonical":"https:\/\/hundtgroup.com\/cs\/o-nas\/","og_locale":"cs_CZ","og_type":"article","og_title":"O n\u00e1s - Wilhelm Hundt GmbH","og_url":"https:\/\/hundtgroup.com\/cs\/o-nas\/","og_site_name":"Wilhelm Hundt GmbH","article_modified_time":"2025-06-26T10:07:24+00:00","twitter_card":"summary_large_image","twitter_misc":{"Odhadovan\u00e1 doba \u010dten\u00ed":"17 minuta"},"schema":{"@context":"https:\/\/schema.org","@graph":[{"@type":"WebPage","@id":"https:\/\/hundtgroup.com\/cs\/o-nas\/","url":"https:\/\/hundtgroup.com\/cs\/o-nas\/","name":"O n\u00e1s - Wilhelm Hundt GmbH","isPartOf":{"@id":"https:\/\/hundtgroup.com\/cs\/#website"},"datePublished":"2022-01-12T11:31:26+00:00","dateModified":"2025-06-26T10:07:24+00:00","breadcrumb":{"@id":"https:\/\/hundtgroup.com\/cs\/o-nas\/#breadcrumb"},"inLanguage":"cs","potentialAction":[{"@type":"ReadAction","target":["https:\/\/hundtgroup.com\/cs\/o-nas\/"]}]},{"@type":"BreadcrumbList","@id":"https:\/\/hundtgroup.com\/cs\/o-nas\/#breadcrumb","itemListElement":[{"@type":"ListItem","position":1,"name":"Startseite","item":"https:\/\/hundtgroup.com\/cs\/home-nove\/"},{"@type":"ListItem","position":2,"name":"O n\u00e1s"}]},{"@type":"WebSite","@id":"https:\/\/hundtgroup.com\/cs\/#website","url":"https:\/\/hundtgroup.com\/cs\/","name":"Wilhelm Hundt GmbH","description":"V\u00e1\u0161 specialista na stroje a n\u00e1stroje pro zpracov\u00e1n\u00ed plechu","potentialAction":[{"@type":"SearchAction","target":{"@type":"EntryPoint","urlTemplate":"https:\/\/hundtgroup.com\/cs\/?s={search_term_string}"},"query-input":{"@type":"PropertyValueSpecification","valueRequired":true,"valueName":"search_term_string"}}],"inLanguage":"cs"}]}},"_links":{"self":[{"href":"https:\/\/hundtgroup.com\/cs\/wp-json\/wp\/v2\/pages\/12963","targetHints":{"allow":["GET"]}}],"collection":[{"href":"https:\/\/hundtgroup.com\/cs\/wp-json\/wp\/v2\/pages"}],"about":[{"href":"https:\/\/hundtgroup.com\/cs\/wp-json\/wp\/v2\/types\/page"}],"author":[{"embeddable":true,"href":"https:\/\/hundtgroup.com\/cs\/wp-json\/wp\/v2\/users\/1"}],"replies":[{"embeddable":true,"href":"https:\/\/hundtgroup.com\/cs\/wp-json\/wp\/v2\/comments?post=12963"}],"version-history":[{"count":0,"href":"https:\/\/hundtgroup.com\/cs\/wp-json\/wp\/v2\/pages\/12963\/revisions"}],"wp:attachment":[{"href":"https:\/\/hundtgroup.com\/cs\/wp-json\/wp\/v2\/media?parent=12963"}],"curies":[{"name":"wp","href":"https:\/\/api.w.org\/{rel}","templated":true}]}}