{"id":13038,"date":"2022-03-11T14:29:02","date_gmt":"2022-03-11T13:29:02","guid":{"rendered":"https:\/\/hundtgroup.com\/muj-ucet\/"},"modified":"2025-06-26T12:09:14","modified_gmt":"2025-06-26T10:09:14","slug":"muj-ucet","status":"publish","type":"page","link":"https:\/\/hundtgroup.com\/cs\/obchod\/muj-ucet\/","title":{"rendered":"M\u016fj \u00fa\u010det"},"content":{"rendered":"<div class=\"woocommerce\"><\/div>\n","protected":false},"excerpt":{"rendered":"","protected":false},"author":1,"featured_media":0,"parent":13322,"menu_order":1,"comment_status":"closed","ping_status":"closed","template":"","meta":{"_acf_changed":false,"inline_featured_image":false,"footnotes":""},"class_list":["post-13038","page","type-page","status-publish","hentry"],"acf":[],"yoast_head":"<!-- This site is optimized with the Yoast SEO plugin v27.3 - https:\/\/yoast.com\/product\/yoast-seo-wordpress\/ -->\n<title>M\u016fj \u00fa\u010det Hundt - p\u0159\u00edstup k objedn\u00e1vk\u00e1m, adres\u00e1m a dal\u0161\u00edm informac\u00edm.<\/title>\n<meta name=\"description\" content=\"P\u0159ihlaste se ke sv\u00e9mu \u00fa\u010dtu Hundt a spravujte sv\u00e9 objedn\u00e1vky, adresy a nastaven\u00ed snadno a pohodln\u011b.\" \/>\n<meta name=\"robots\" content=\"index, follow, max-snippet:-1, max-image-preview:large, max-video-preview:-1\" \/>\n<link rel=\"canonical\" href=\"https:\/\/hundtgroup.com\/cs\/obchod\/muj-ucet\/\" \/>\n<meta property=\"og:locale\" content=\"cs_CZ\" \/>\n<meta property=\"og:type\" content=\"article\" \/>\n<meta property=\"og:title\" content=\"M\u016fj \u00fa\u010det Hundt - p\u0159\u00edstup k objedn\u00e1vk\u00e1m, adres\u00e1m a dal\u0161\u00edm informac\u00edm.\" \/>\n<meta property=\"og:description\" content=\"P\u0159ihlaste se ke sv\u00e9mu \u00fa\u010dtu Hundt a spravujte sv\u00e9 objedn\u00e1vky, adresy a nastaven\u00ed snadno a pohodln\u011b.\" \/>\n<meta property=\"og:url\" content=\"https:\/\/hundtgroup.com\/cs\/obchod\/muj-ucet\/\" \/>\n<meta property=\"og:site_name\" content=\"Wilhelm Hundt GmbH\" \/>\n<meta property=\"article:modified_time\" content=\"2025-06-26T10:09:14+00:00\" \/>\n<meta name=\"twitter:card\" content=\"summary_large_image\" \/>\n<script type=\"application\/ld+json\" class=\"yoast-schema-graph\">{\"@context\":\"https:\\\/\\\/schema.org\",\"@graph\":[{\"@type\":\"WebPage\",\"@id\":\"https:\\\/\\\/hundtgroup.com\\\/cs\\\/obchod\\\/muj-ucet\\\/\",\"url\":\"https:\\\/\\\/hundtgroup.com\\\/cs\\\/obchod\\\/muj-ucet\\\/\",\"name\":\"M\u016fj \u00fa\u010det Hundt - p\u0159\u00edstup k objedn\u00e1vk\u00e1m, adres\u00e1m a dal\u0161\u00edm informac\u00edm.\",\"isPartOf\":{\"@id\":\"https:\\\/\\\/hundtgroup.com\\\/cs\\\/#website\"},\"datePublished\":\"2022-03-11T13:29:02+00:00\",\"dateModified\":\"2025-06-26T10:09:14+00:00\",\"description\":\"P\u0159ihlaste se ke sv\u00e9mu \u00fa\u010dtu Hundt a spravujte sv\u00e9 objedn\u00e1vky, adresy a nastaven\u00ed snadno a pohodln\u011b.\",\"breadcrumb\":{\"@id\":\"https:\\\/\\\/hundtgroup.com\\\/cs\\\/obchod\\\/muj-ucet\\\/#breadcrumb\"},\"inLanguage\":\"cs\",\"potentialAction\":[{\"@type\":\"ReadAction\",\"target\":[\"https:\\\/\\\/hundtgroup.com\\\/cs\\\/obchod\\\/muj-ucet\\\/\"]}]},{\"@type\":\"BreadcrumbList\",\"@id\":\"https:\\\/\\\/hundtgroup.com\\\/cs\\\/obchod\\\/muj-ucet\\\/#breadcrumb\",\"itemListElement\":[{\"@type\":\"ListItem\",\"position\":1,\"name\":\"Startseite\",\"item\":\"https:\\\/\\\/hundtgroup.com\\\/cs\\\/home-nove\\\/\"},{\"@type\":\"ListItem\",\"position\":2,\"name\":\"Obchod\",\"item\":\"https:\\\/\\\/hundtgroup.com\\\/cs\\\/obchod\\\/\"},{\"@type\":\"ListItem\",\"position\":3,\"name\":\"M\u016fj \u00fa\u010det\"}]},{\"@type\":\"WebSite\",\"@id\":\"https:\\\/\\\/hundtgroup.com\\\/cs\\\/#website\",\"url\":\"https:\\\/\\\/hundtgroup.com\\\/cs\\\/\",\"name\":\"Wilhelm Hundt GmbH\",\"description\":\"V\u00e1\u0161 specialista na stroje a n\u00e1stroje pro zpracov\u00e1n\u00ed plechu\",\"potentialAction\":[{\"@type\":\"SearchAction\",\"target\":{\"@type\":\"EntryPoint\",\"urlTemplate\":\"https:\\\/\\\/hundtgroup.com\\\/cs\\\/?s={search_term_string}\"},\"query-input\":{\"@type\":\"PropertyValueSpecification\",\"valueRequired\":true,\"valueName\":\"search_term_string\"}}],\"inLanguage\":\"cs\"}]}<\/script>\n<!-- \/ Yoast SEO plugin. -->","yoast_head_json":{"title":"M\u016fj \u00fa\u010det Hundt - p\u0159\u00edstup k objedn\u00e1vk\u00e1m, adres\u00e1m a dal\u0161\u00edm informac\u00edm.","description":"P\u0159ihlaste se ke sv\u00e9mu \u00fa\u010dtu Hundt a spravujte sv\u00e9 objedn\u00e1vky, adresy a nastaven\u00ed snadno a pohodln\u011b.","robots":{"index":"index","follow":"follow","max-snippet":"max-snippet:-1","max-image-preview":"max-image-preview:large","max-video-preview":"max-video-preview:-1"},"canonical":"https:\/\/hundtgroup.com\/cs\/obchod\/muj-ucet\/","og_locale":"cs_CZ","og_type":"article","og_title":"M\u016fj \u00fa\u010det Hundt - p\u0159\u00edstup k objedn\u00e1vk\u00e1m, adres\u00e1m a dal\u0161\u00edm informac\u00edm.","og_description":"P\u0159ihlaste se ke sv\u00e9mu \u00fa\u010dtu Hundt a spravujte sv\u00e9 objedn\u00e1vky, adresy a nastaven\u00ed snadno a pohodln\u011b.","og_url":"https:\/\/hundtgroup.com\/cs\/obchod\/muj-ucet\/","og_site_name":"Wilhelm Hundt GmbH","article_modified_time":"2025-06-26T10:09:14+00:00","twitter_card":"summary_large_image","schema":{"@context":"https:\/\/schema.org","@graph":[{"@type":"WebPage","@id":"https:\/\/hundtgroup.com\/cs\/obchod\/muj-ucet\/","url":"https:\/\/hundtgroup.com\/cs\/obchod\/muj-ucet\/","name":"M\u016fj \u00fa\u010det Hundt - p\u0159\u00edstup k objedn\u00e1vk\u00e1m, adres\u00e1m a dal\u0161\u00edm informac\u00edm.","isPartOf":{"@id":"https:\/\/hundtgroup.com\/cs\/#website"},"datePublished":"2022-03-11T13:29:02+00:00","dateModified":"2025-06-26T10:09:14+00:00","description":"P\u0159ihlaste se ke sv\u00e9mu \u00fa\u010dtu Hundt a spravujte sv\u00e9 objedn\u00e1vky, adresy a nastaven\u00ed snadno a pohodln\u011b.","breadcrumb":{"@id":"https:\/\/hundtgroup.com\/cs\/obchod\/muj-ucet\/#breadcrumb"},"inLanguage":"cs","potentialAction":[{"@type":"ReadAction","target":["https:\/\/hundtgroup.com\/cs\/obchod\/muj-ucet\/"]}]},{"@type":"BreadcrumbList","@id":"https:\/\/hundtgroup.com\/cs\/obchod\/muj-ucet\/#breadcrumb","itemListElement":[{"@type":"ListItem","position":1,"name":"Startseite","item":"https:\/\/hundtgroup.com\/cs\/home-nove\/"},{"@type":"ListItem","position":2,"name":"Obchod","item":"https:\/\/hundtgroup.com\/cs\/obchod\/"},{"@type":"ListItem","position":3,"name":"M\u016fj \u00fa\u010det"}]},{"@type":"WebSite","@id":"https:\/\/hundtgroup.com\/cs\/#website","url":"https:\/\/hundtgroup.com\/cs\/","name":"Wilhelm Hundt GmbH","description":"V\u00e1\u0161 specialista na stroje a n\u00e1stroje pro zpracov\u00e1n\u00ed plechu","potentialAction":[{"@type":"SearchAction","target":{"@type":"EntryPoint","urlTemplate":"https:\/\/hundtgroup.com\/cs\/?s={search_term_string}"},"query-input":{"@type":"PropertyValueSpecification","valueRequired":true,"valueName":"search_term_string"}}],"inLanguage":"cs"}]}},"_links":{"self":[{"href":"https:\/\/hundtgroup.com\/cs\/wp-json\/wp\/v2\/pages\/13038","targetHints":{"allow":["GET"]}}],"collection":[{"href":"https:\/\/hundtgroup.com\/cs\/wp-json\/wp\/v2\/pages"}],"about":[{"href":"https:\/\/hundtgroup.com\/cs\/wp-json\/wp\/v2\/types\/page"}],"author":[{"embeddable":true,"href":"https:\/\/hundtgroup.com\/cs\/wp-json\/wp\/v2\/users\/1"}],"replies":[{"embeddable":true,"href":"https:\/\/hundtgroup.com\/cs\/wp-json\/wp\/v2\/comments?post=13038"}],"version-history":[{"count":0,"href":"https:\/\/hundtgroup.com\/cs\/wp-json\/wp\/v2\/pages\/13038\/revisions"}],"up":[{"embeddable":true,"href":"https:\/\/hundtgroup.com\/cs\/wp-json\/wp\/v2\/pages\/13322"}],"wp:attachment":[{"href":"https:\/\/hundtgroup.com\/cs\/wp-json\/wp\/v2\/media?parent=13038"}],"curies":[{"name":"wp","href":"https:\/\/api.w.org\/{rel}","templated":true}]}}