{"id":13071,"date":"2022-03-16T11:55:46","date_gmt":"2022-03-16T10:55:46","guid":{"rendered":"https:\/\/hundtgroup.com\/storno-podminky\/"},"modified":"2025-06-26T12:09:14","modified_gmt":"2025-06-26T10:09:14","slug":"storno-podminky","status":"publish","type":"page","link":"https:\/\/hundtgroup.com\/cs\/obchod\/storno-podminky\/","title":{"rendered":"Storno podm\u00ednky"},"content":{"rendered":"<div id='av_section_1'  class='avia-section av-2sl9s-ce1ce7ae9fb18ca1bfd02c768aeff783 main_color avia-section-default avia-no-border-styling  avia-builder-el-0  avia-builder-el-no-sibling  avia-bg-style-scroll container_wrap fullsize'  ><div class='container av-section-cont-open' ><main  role=\"main\" itemprop=\"mainContentOfPage\"  class='template-page content  av-content-full alpha units'><div class='post-entry post-entry-type-page post-entry-13071'><div class='entry-content-wrapper clearfix'>\n<div  class='flex_column av-2bm5s-12e59aa6892b139d7db93fa9c175de19 av_one_full  avia-builder-el-1  el_before_av_one_half  avia-builder-el-first  first av-break-at-tablet flex_column_div  '     ><div class=\"pxl-headline pxl-hl hl-wrap | hl-sub--off hl--align-left hl--no-margin   \">\n    <div class=\"hl-inner\">\n            <h1 class=\"hl-main hl-line |  hl_main--default  \">Pr\u00e1vo na zru\u0161en\u00ed<\/h1>\n            <div class=\"overline lightgrey\">\n              \n              <span class=\"overline-slant\"><\/span>\n            <\/div>\n    <\/div>\n<\/div><\/div><div  class='flex_column av-19duk-203c71f2b7316c109b6c9028b2bb783c av_one_half  avia-builder-el-3  el_after_av_one_full  el_before_av_one_half  first av-break-at-tablet flex_column_div  column-top-margin'     ><section  class='av_textblock_section av-kyllgorp-ab49c557e96d149ccd0bdfb148880aa9 '   itemscope=\"itemscope\" itemtype=\"https:\/\/schema.org\/CreativeWork\" ><div class='avia_textblock'  itemprop=\"text\" ><h3>Pr\u00e1vo na zru\u0161en\u00ed<\/h3>\n<p>M\u00e1te pr\u00e1vo odstoupit od smlouvy do \u010dtrn\u00e1cti dn\u016f bez ud\u00e1n\u00ed d\u016fvodu.<\/p>\n<p>\u00da\u010dinn\u00e1 smlouva s n\u00e1mi je uzav\u0159ena pot\u00e9, co obdr\u017e\u00edte na\u0161e potvrzen\u00ed objedn\u00e1vky.<\/p>\n<p>Lh\u016fta pro odstoupen\u00ed od smlouvy je \u010dtrn\u00e1ct dn\u00ed ode dne, kdy jste vy nebo v\u00e1mi ur\u010den\u00e1 t\u0159et\u00ed osoba, kter\u00e1 nen\u00ed dopravcem, p\u0159evzali zbo\u017e\u00ed.<\/p>\n<p>Chcete-li uplatnit sv\u00e9 pr\u00e1vo na odstoupen\u00ed od smlouvy, mus\u00edte n\u00e1s o sv\u00e9m rozhodnut\u00ed odstoupit od smlouvy informovat, a to jasn\u00fdm prohl\u00e1\u0161en\u00edm (nap\u0159. dopisem zaslan\u00fdm po\u0161tou, faxem nebo e-mailem), na adrese Wilhelm Hundt GmbH, Schwabhausen 25, 42349 Wuppertal, tel.: 0202\/430448-0\/ Fax: 0202\/430448-20, e-mail: info@hundt.de. M\u016f\u017eete pou\u017e\u00edt p\u0159ilo\u017een\u00fd vzorov\u00fd formul\u00e1\u0159 pro zru\u0161en\u00ed smlouvy, ale nen\u00ed to povinn\u00e9.<\/p>\n<p>M\u016f\u017eete vyplnit vzorov\u00fd formul\u00e1\u0159 pro odstoupen\u00ed od smlouvy nebo jin\u00e9 p\u0159ehledn\u00e9 prohl\u00e1\u0161en\u00ed a zaslat n\u00e1m jej pomoc\u00ed v\u00fd\u0161e uveden\u00fdch \u00fadaj\u016f. Abyste dodr\u017eeli lh\u016ftu pro odstoupen\u00ed od smlouvy, sta\u010d\u00ed, kdy\u017e ozn\u00e1men\u00ed o uplatn\u011bn\u00ed pr\u00e1va na odstoupen\u00ed od smlouvy ode\u0161lete p\u0159ed uplynut\u00edm lh\u016fty pro odstoupen\u00ed od smlouvy. <\/p>\n<h3>D\u016fsledky zru\u0161en\u00ed<\/h3>\n<p>Pokud odstoup\u00edte od smlouvy, vr\u00e1t\u00edme v\u00e1m v\u0161echny platby, kter\u00e9 jsme od v\u00e1s obdr\u017eeli, v\u010detn\u011b n\u00e1klad\u016f na doru\u010den\u00ed (s v\u00fdjimkou dodate\u010dn\u00fdch n\u00e1klad\u016f vypl\u00fdvaj\u00edc\u00edch z va\u0161eho v\u00fdb\u011bru jin\u00e9ho typu doru\u010den\u00ed, ne\u017e je nejlevn\u011bj\u0161\u00ed typ standardn\u00edho doru\u010den\u00ed, kter\u00fd nab\u00edz\u00edme), a to bez zbyte\u010dn\u00e9ho odkladu a v ka\u017ed\u00e9m p\u0159\u00edpad\u011b nejpozd\u011bji do 14 dn\u016f ode dne, kdy jsme byli informov\u00e1ni o va\u0161em rozhodnut\u00ed odstoupit od t\u00e9to smlouvy. Pro toto vr\u00e1cen\u00ed pou\u017eijeme stejn\u00fd platebn\u00ed prost\u0159edek, kter\u00fd jste pou\u017eili pro p\u016fvodn\u00ed transakci, pokud se s v\u00e1mi v\u00fdslovn\u011b nedohodneme jinak; v \u017e\u00e1dn\u00e9m p\u0159\u00edpad\u011b v\u00e1m za toto vr\u00e1cen\u00ed nebudou \u00fa\u010dtov\u00e1ny \u017e\u00e1dn\u00e9 poplatky. <\/p>\n<p>P\u0159\u00edm\u00e9 n\u00e1klady na vr\u00e1cen\u00ed zbo\u017e\u00ed nesete vy.<\/p>\n<p>M\u016f\u017eeme v\u00e1m odm\u00edtnout vr\u00e1tit pen\u00edze, dokud neobdr\u017e\u00edme zbo\u017e\u00ed zp\u011bt nebo dokud nep\u0159edlo\u017e\u00edte d\u016fkaz, \u017ee jste zbo\u017e\u00ed vr\u00e1tili, podle toho, co nastane d\u0159\u00edve.<\/p>\n<\/div><\/section><\/div><div  class='flex_column av-rl3w-f06583f4044d095245411ef6c8430cfc av_one_half  avia-builder-el-5  el_after_av_one_half  avia-builder-el-last  av-break-at-tablet flex_column_div  column-top-margin'     ><section  class='av_textblock_section av-kyllqexe-41b8fbccf53431dd941cd32608e1feca '   itemscope=\"itemscope\" itemtype=\"https:\/\/schema.org\/CreativeWork\" ><div class='avia_textblock'  itemprop=\"text\" ><h3>Vzorov\u00fd formul\u00e1\u0159 pro zru\u0161en\u00ed<\/h3>\n<p>Pokud si p\u0159ejete smlouvu zru\u0161it, vypl\u0148te pros\u00edm tento formul\u00e1\u0159 a za\u0161lete n\u00e1m jej zp\u011bt:<br \/>\nWilhelm Hundt GmbH, Schwabhausen 25, 42349 Wuppertal, fax 0202\/430448-20, info@hundt.de.<\/p>\n<ul>\n<li>J\u00e1\/my (*) t\u00edmto ru\u0161\u00edm\/ru\u0161\u00edme smlouvu uzav\u0159enou mnou\/n\u00e1mi (*) na n\u00e1kup<\/li>\n<li>n\u00e1sleduj\u00edc\u00edho zbo\u017e\u00ed (*)\/poskytnut\u00ed n\u00e1sleduj\u00edc\u00ed slu\u017eby (*):<br \/>\nObjedn\u00e1no dne (*)\/p\u0159ijato dne (*):<\/li>\n<li>Jm\u00e9no spot\u0159ebitele (spot\u0159ebitel\u016f):<\/li>\n<li>Adresa spot\u0159ebitele (spot\u0159ebitel\u016f):<\/li>\n<li>Podpis spot\u0159ebitele (spot\u0159ebitel\u016f) (pouze u ozn\u00e1men\u00ed v pap\u00edrov\u00e9 podob\u011b):<br \/>\nDatum:<\/li>\n<\/ul>\n<p>(*) Nehod\u00edc\u00ed se \u0161krtn\u011bte<\/p>\n<\/div><\/section><\/div>\n","protected":false},"excerpt":{"rendered":"","protected":false},"author":1,"featured_media":0,"parent":13322,"menu_order":4,"comment_status":"closed","ping_status":"closed","template":"","meta":{"_acf_changed":false,"inline_featured_image":false,"footnotes":""},"class_list":["post-13071","page","type-page","status-publish","hentry"],"acf":[],"yoast_head":"<!-- This site is optimized with the Yoast SEO plugin v27.3 - https:\/\/yoast.com\/product\/yoast-seo-wordpress\/ -->\n<title>Storno podm\u00ednky u spole\u010dnosti Hundt - p\u0159ehled va\u0161ich pr\u00e1v<\/title>\n<meta name=\"description\" content=\"Zjist\u011bte, jak\u00e1 m\u00e1te jako z\u00e1kazn\u00edk spole\u010dnosti Hundt pr\u00e1va.\" \/>\n<meta name=\"robots\" content=\"index, follow, max-snippet:-1, max-image-preview:large, max-video-preview:-1\" \/>\n<link rel=\"canonical\" href=\"https:\/\/hundtgroup.com\/cs\/obchod\/storno-podminky\/\" \/>\n<meta property=\"og:locale\" content=\"cs_CZ\" \/>\n<meta property=\"og:type\" content=\"article\" \/>\n<meta property=\"og:title\" content=\"Storno podm\u00ednky u spole\u010dnosti Hundt - p\u0159ehled va\u0161ich pr\u00e1v\" \/>\n<meta property=\"og:description\" content=\"Zjist\u011bte, jak\u00e1 m\u00e1te jako z\u00e1kazn\u00edk spole\u010dnosti Hundt pr\u00e1va.\" \/>\n<meta property=\"og:url\" content=\"https:\/\/hundtgroup.com\/cs\/obchod\/storno-podminky\/\" \/>\n<meta property=\"og:site_name\" content=\"Wilhelm Hundt GmbH\" \/>\n<meta property=\"article:modified_time\" content=\"2025-06-26T10:09:14+00:00\" \/>\n<meta name=\"twitter:card\" content=\"summary_large_image\" \/>\n<meta name=\"twitter:label1\" content=\"Odhadovan\u00e1 doba \u010dten\u00ed\" \/>\n\t<meta name=\"twitter:data1\" content=\"8 minuta\" \/>\n<script type=\"application\/ld+json\" class=\"yoast-schema-graph\">{\"@context\":\"https:\\\/\\\/schema.org\",\"@graph\":[{\"@type\":\"WebPage\",\"@id\":\"https:\\\/\\\/hundtgroup.com\\\/cs\\\/obchod\\\/storno-podminky\\\/\",\"url\":\"https:\\\/\\\/hundtgroup.com\\\/cs\\\/obchod\\\/storno-podminky\\\/\",\"name\":\"Storno podm\u00ednky u spole\u010dnosti Hundt - p\u0159ehled va\u0161ich pr\u00e1v\",\"isPartOf\":{\"@id\":\"https:\\\/\\\/hundtgroup.com\\\/cs\\\/#website\"},\"datePublished\":\"2022-03-16T10:55:46+00:00\",\"dateModified\":\"2025-06-26T10:09:14+00:00\",\"description\":\"Zjist\u011bte, jak\u00e1 m\u00e1te jako z\u00e1kazn\u00edk spole\u010dnosti Hundt pr\u00e1va.\",\"breadcrumb\":{\"@id\":\"https:\\\/\\\/hundtgroup.com\\\/cs\\\/obchod\\\/storno-podminky\\\/#breadcrumb\"},\"inLanguage\":\"cs\",\"potentialAction\":[{\"@type\":\"ReadAction\",\"target\":[\"https:\\\/\\\/hundtgroup.com\\\/cs\\\/obchod\\\/storno-podminky\\\/\"]}]},{\"@type\":\"BreadcrumbList\",\"@id\":\"https:\\\/\\\/hundtgroup.com\\\/cs\\\/obchod\\\/storno-podminky\\\/#breadcrumb\",\"itemListElement\":[{\"@type\":\"ListItem\",\"position\":1,\"name\":\"Startseite\",\"item\":\"https:\\\/\\\/hundtgroup.com\\\/cs\\\/home-nove\\\/\"},{\"@type\":\"ListItem\",\"position\":2,\"name\":\"Obchod\",\"item\":\"https:\\\/\\\/hundtgroup.com\\\/cs\\\/obchod\\\/\"},{\"@type\":\"ListItem\",\"position\":3,\"name\":\"Storno podm\u00ednky\"}]},{\"@type\":\"WebSite\",\"@id\":\"https:\\\/\\\/hundtgroup.com\\\/cs\\\/#website\",\"url\":\"https:\\\/\\\/hundtgroup.com\\\/cs\\\/\",\"name\":\"Wilhelm Hundt GmbH\",\"description\":\"V\u00e1\u0161 specialista na stroje a n\u00e1stroje pro zpracov\u00e1n\u00ed plechu\",\"potentialAction\":[{\"@type\":\"SearchAction\",\"target\":{\"@type\":\"EntryPoint\",\"urlTemplate\":\"https:\\\/\\\/hundtgroup.com\\\/cs\\\/?s={search_term_string}\"},\"query-input\":{\"@type\":\"PropertyValueSpecification\",\"valueRequired\":true,\"valueName\":\"search_term_string\"}}],\"inLanguage\":\"cs\"}]}<\/script>\n<!-- \/ Yoast SEO plugin. -->","yoast_head_json":{"title":"Storno podm\u00ednky u spole\u010dnosti Hundt - p\u0159ehled va\u0161ich pr\u00e1v","description":"Zjist\u011bte, jak\u00e1 m\u00e1te jako z\u00e1kazn\u00edk spole\u010dnosti Hundt pr\u00e1va.","robots":{"index":"index","follow":"follow","max-snippet":"max-snippet:-1","max-image-preview":"max-image-preview:large","max-video-preview":"max-video-preview:-1"},"canonical":"https:\/\/hundtgroup.com\/cs\/obchod\/storno-podminky\/","og_locale":"cs_CZ","og_type":"article","og_title":"Storno podm\u00ednky u spole\u010dnosti Hundt - p\u0159ehled va\u0161ich pr\u00e1v","og_description":"Zjist\u011bte, jak\u00e1 m\u00e1te jako z\u00e1kazn\u00edk spole\u010dnosti Hundt pr\u00e1va.","og_url":"https:\/\/hundtgroup.com\/cs\/obchod\/storno-podminky\/","og_site_name":"Wilhelm Hundt GmbH","article_modified_time":"2025-06-26T10:09:14+00:00","twitter_card":"summary_large_image","twitter_misc":{"Odhadovan\u00e1 doba \u010dten\u00ed":"8 minuta"},"schema":{"@context":"https:\/\/schema.org","@graph":[{"@type":"WebPage","@id":"https:\/\/hundtgroup.com\/cs\/obchod\/storno-podminky\/","url":"https:\/\/hundtgroup.com\/cs\/obchod\/storno-podminky\/","name":"Storno podm\u00ednky u spole\u010dnosti Hundt - p\u0159ehled va\u0161ich pr\u00e1v","isPartOf":{"@id":"https:\/\/hundtgroup.com\/cs\/#website"},"datePublished":"2022-03-16T10:55:46+00:00","dateModified":"2025-06-26T10:09:14+00:00","description":"Zjist\u011bte, jak\u00e1 m\u00e1te jako z\u00e1kazn\u00edk spole\u010dnosti Hundt pr\u00e1va.","breadcrumb":{"@id":"https:\/\/hundtgroup.com\/cs\/obchod\/storno-podminky\/#breadcrumb"},"inLanguage":"cs","potentialAction":[{"@type":"ReadAction","target":["https:\/\/hundtgroup.com\/cs\/obchod\/storno-podminky\/"]}]},{"@type":"BreadcrumbList","@id":"https:\/\/hundtgroup.com\/cs\/obchod\/storno-podminky\/#breadcrumb","itemListElement":[{"@type":"ListItem","position":1,"name":"Startseite","item":"https:\/\/hundtgroup.com\/cs\/home-nove\/"},{"@type":"ListItem","position":2,"name":"Obchod","item":"https:\/\/hundtgroup.com\/cs\/obchod\/"},{"@type":"ListItem","position":3,"name":"Storno podm\u00ednky"}]},{"@type":"WebSite","@id":"https:\/\/hundtgroup.com\/cs\/#website","url":"https:\/\/hundtgroup.com\/cs\/","name":"Wilhelm Hundt GmbH","description":"V\u00e1\u0161 specialista na stroje a n\u00e1stroje pro zpracov\u00e1n\u00ed plechu","potentialAction":[{"@type":"SearchAction","target":{"@type":"EntryPoint","urlTemplate":"https:\/\/hundtgroup.com\/cs\/?s={search_term_string}"},"query-input":{"@type":"PropertyValueSpecification","valueRequired":true,"valueName":"search_term_string"}}],"inLanguage":"cs"}]}},"_links":{"self":[{"href":"https:\/\/hundtgroup.com\/cs\/wp-json\/wp\/v2\/pages\/13071","targetHints":{"allow":["GET"]}}],"collection":[{"href":"https:\/\/hundtgroup.com\/cs\/wp-json\/wp\/v2\/pages"}],"about":[{"href":"https:\/\/hundtgroup.com\/cs\/wp-json\/wp\/v2\/types\/page"}],"author":[{"embeddable":true,"href":"https:\/\/hundtgroup.com\/cs\/wp-json\/wp\/v2\/users\/1"}],"replies":[{"embeddable":true,"href":"https:\/\/hundtgroup.com\/cs\/wp-json\/wp\/v2\/comments?post=13071"}],"version-history":[{"count":0,"href":"https:\/\/hundtgroup.com\/cs\/wp-json\/wp\/v2\/pages\/13071\/revisions"}],"up":[{"embeddable":true,"href":"https:\/\/hundtgroup.com\/cs\/wp-json\/wp\/v2\/pages\/13322"}],"wp:attachment":[{"href":"https:\/\/hundtgroup.com\/cs\/wp-json\/wp\/v2\/media?parent=13071"}],"curies":[{"name":"wp","href":"https:\/\/api.w.org\/{rel}","templated":true}]}}