{"id":13281,"date":"2022-01-24T15:07:32","date_gmt":"2022-01-24T14:07:32","guid":{"rendered":"https:\/\/hundtgroup.com\/produkty-trumpf\/servis-trumpf\/"},"modified":"2025-06-26T12:09:02","modified_gmt":"2025-06-26T10:09:02","slug":"servis-trumpf","status":"publish","type":"page","link":"https:\/\/hundtgroup.com\/cs\/produkty-trumpf\/servis-trumpf\/","title":{"rendered":"Servis TRUMPF"},"content":{"rendered":"<div id='av_section_1'  class='avia-section av-zht40-858917d9e3535e2b457dc5fe7752f67a main_color avia-section-default avia-no-border-styling  avia-builder-el-0  el_before_av_section  avia-builder-el-first  section-no-padding-bottom avia-bg-style-scroll container_wrap fullsize'  ><div class='container av-section-cont-open' ><main  role=\"main\" itemprop=\"mainContentOfPage\"  class='template-page content  av-content-full alpha units'><div class='post-entry post-entry-type-page post-entry-13281'><div class='entry-content-wrapper clearfix'>\n<div  class='flex_column av-t0zxs-2eb46bb4b243c21d9b5c6931ceff99c9 av_three_fourth  avia-builder-el-1  el_before_av_one_fourth  avia-builder-el-first  first av-break-at-tablet flex_column_div  '     ><p><div class=\"pxl-headline pxl-hl hl-wrap | hl-sub--top hl--align-left hl--big-margin   \">\n    <div class=\"hl-inner\">\n            <h2 class=\"hl-main hl-line |  hl_main--default  \">Elektrick\u00e9 n\u00e1\u0159ad\u00ed TRUMPF se slu\u017ebou Hundt Service<\/h2>\n            <div class=\"overline lightgrey\">\n              <span class=\"hl-sub hl-line |  hl_sub--default  \">Elektrick\u00e9 n\u00e1\u0159ad\u00ed Trumpf<\/span>\n              <span class=\"overline-slant\"><\/span>\n            <\/div>\n    <\/div>\n<\/div>\n<br \/>\n<section  class='av_textblock_section av-kylih11i-006c0321f021390e390e314204b5de69 '   itemscope=\"itemscope\" itemtype=\"https:\/\/schema.org\/CreativeWork\" ><div class='avia_textblock'  itemprop=\"text\" ><p>Jsme partnery spole\u010dnosti TRUMPF z p\u0159esv\u011bd\u010den\u00ed &#8211; co\u017e tak\u00e9 znamen\u00e1, \u017ee na\u0161im z\u00e1kazn\u00edk\u016fm zaru\u010dujeme absolutn\u00ed spokojenost. Sou\u010d\u00e1st\u00ed na\u0161ich slu\u017eeb je proto v\u017edy vynikaj\u00edc\u00ed servis. Abyste se mohli ze sv\u00e9ho v\u00fdrobku t\u011b\u0161it je\u0161t\u011b d\u00e9le.<\/p>\n<\/div><\/section><\/p><\/div><div  class='flex_column av-jfho0-27e81cae02eba217106ec50af1559ed2 av_one_fourth  avia-builder-el-4  el_after_av_three_fourth  avia-builder-el-last  av-break-at-tablet flex_column_div  '     ><style type=\"text\/css\" data-created_by=\"avia_inline_auto\" id=\"style-css-av-d59dk-85f1a7ea25f631b6c5ac6e310ec8de17\">\n.avia-image-container.av-d59dk-85f1a7ea25f631b6c5ac6e310ec8de17 img.avia_image{\nbox-shadow:none;\n}\n.avia-image-container.av-d59dk-85f1a7ea25f631b6c5ac6e310ec8de17 .av-image-caption-overlay-center{\ncolor:#ffffff;\n}\n<\/style>\n<div  class='avia-image-container av-d59dk-85f1a7ea25f631b6c5ac6e310ec8de17 av-styling- avia-align-center  avia-builder-el-5  avia-builder-el-no-sibling '   itemprop=\"image\" itemscope=\"itemscope\" itemtype=\"https:\/\/schema.org\/ImageObject\" ><div class=\"avia-image-container-inner\"><div class=\"avia-image-overlay-wrap\"><img decoding=\"async\" fetchpriority=\"high\" class='wp-image-31901 avia-img-lazy-loading-not-31901 avia_image ' src=\"https:\/\/hundtgroup.com\/wp-content\/uploads\/logo_trumpf-truetool-partner.jpg\" alt='' title='logo_trumpf-truetool-partner'  height=\"75\" width=\"244\"  itemprop=\"thumbnailUrl\"  \/><\/div><\/div><\/div><\/div>\n\n<\/div><\/div><\/main><!-- close content main element --><\/div><\/div><div id='av_section_2'  class='avia-section av-t8foo-306766421900c7c1e47cf17bb85dfe5d main_color avia-section-default avia-no-border-styling  avia-builder-el-6  el_after_av_section  el_before_av_postcontent  responsive-two-col even avia-bg-style-scroll container_wrap fullsize'  ><div class='container av-section-cont-open' ><div class='template-page content  av-content-full alpha units'><div class='post-entry post-entry-type-page post-entry-13281'><div class='entry-content-wrapper clearfix'>\n<div  class='flex_column av-ah71k-e43f12e32de5ee01f1bb2775386d6238 av_one_third  avia-builder-el-7  el_before_av_one_third  avia-builder-el-first  first flex_column_div  '     ><p>\n<style type=\"text\/css\" data-created_by=\"avia_inline_auto\" id=\"style-css-av-kysrj14h-40eed61e92d2d6b4ba2dca8e16b457ae\">\n.avia-image-container.av-kysrj14h-40eed61e92d2d6b4ba2dca8e16b457ae img.avia_image{\nbox-shadow:none;\n}\n.avia-image-container.av-kysrj14h-40eed61e92d2d6b4ba2dca8e16b457ae .av-image-caption-overlay-center{\ncolor:#ffffff;\n}\n<\/style>\n<div  class='avia-image-container av-kysrj14h-40eed61e92d2d6b4ba2dca8e16b457ae av-styling- avia-align-center  avia-builder-el-8  el_before_pixel_sc_headline  avia-builder-el-first '   itemprop=\"image\" itemscope=\"itemscope\" itemtype=\"https:\/\/schema.org\/ImageObject\" ><div class=\"avia-image-container-inner\"><div class=\"avia-image-overlay-wrap\"><img decoding=\"async\" fetchpriority=\"high\" class='wp-image-31964 avia-img-lazy-loading-not-31964 avia_image ' src=\"https:\/\/hundtgroup.com\/wp-content\/uploads\/hundt_content_trumpf_beratung.jpg\" alt='' title='hundt_content_trumpf_beratung'  height=\"424\" width=\"680\"  itemprop=\"thumbnailUrl\" srcset=\"https:\/\/hundtgroup.com\/wp-content\/uploads\/hundt_content_trumpf_beratung.jpg 680w, https:\/\/hundtgroup.com\/wp-content\/uploads\/hundt_content_trumpf_beratung-620x387.jpg 620w, https:\/\/hundtgroup.com\/wp-content\/uploads\/hundt_content_trumpf_beratung-300x187.jpg 300w\" sizes=\"(max-width: 680px) 100vw, 680px\" \/><\/div><\/div><\/div><br \/>\n<div class=\"pxl-headline pxl-hl hl-wrap | hl-sub--off hl--align-left hl--std-margin   \">\n    <div class=\"hl-inner\">\n            <h3 class=\"hl-main hl-line |  hl_main--default  \">Poradenstv\u00ed \/ testov\u00e1n\u00ed \/ p\u0159edv\u00e1d\u011bn\u00ed v\u00fdrobk\u016f<\/h3>\n            <div class=\"overline lightgrey\">\n              \n              <span class=\"overline-slant\"><\/span>\n            <\/div>\n    <\/div>\n<\/div>\n<br \/>\n<section  class='av_textblock_section av-kysrjovu-923675a0b4a0583374873836a2bba9ca '   itemscope=\"itemscope\" itemtype=\"https:\/\/schema.org\/CreativeWork\" ><div class='avia_textblock'  itemprop=\"text\" ><p>Speci\u00e1ln\u00ed n\u00e1stroje nejsou samoz\u0159ejmost\u00ed. Proto v\u00e1m nab\u00edz\u00edme komplexn\u00ed poradenstv\u00ed a r\u00e1di v\u00e1m v\u0161echny funkce p\u0159edvedeme. M\u016f\u017eete se tak sezn\u00e1mit s pln\u00fdm potenci\u00e1lem n\u00e1stroj\u016f TRUMPF. Za t\u00edmto \u00fa\u010delem se na\u0161i zam\u011bstnanci pravideln\u011b \u00fa\u010dastn\u00ed \u0161kolen\u00ed v\u00fdrobce.<\/p>\n<\/div><\/section><\/p><\/div><div  class='flex_column av-fukom-dbbc32aeeb3b4a42a7ab64f2306639b3 av_one_third  avia-builder-el-11  el_after_av_one_third  el_before_av_one_third  flex_column_div  '     ><p>\n<style type=\"text\/css\" data-created_by=\"avia_inline_auto\" id=\"style-css-av-kysrk2if-75852d22397b9d093ea795026bdd88b6\">\n.avia-image-container.av-kysrk2if-75852d22397b9d093ea795026bdd88b6 img.avia_image{\nbox-shadow:none;\n}\n.avia-image-container.av-kysrk2if-75852d22397b9d093ea795026bdd88b6 .av-image-caption-overlay-center{\ncolor:#ffffff;\n}\n<\/style>\n<div  class='avia-image-container av-kysrk2if-75852d22397b9d093ea795026bdd88b6 av-styling- avia-align-center  avia-builder-el-12  el_before_pixel_sc_headline  avia-builder-el-first '   itemprop=\"image\" itemscope=\"itemscope\" itemtype=\"https:\/\/schema.org\/ImageObject\" ><div class=\"avia-image-container-inner\"><div class=\"avia-image-overlay-wrap\"><img decoding=\"async\" fetchpriority=\"high\" class='wp-image-31950 avia-img-lazy-loading-not-31950 avia_image ' src=\"https:\/\/hundtgroup.com\/wp-content\/uploads\/hundt_content_trumpf_zubehoer.jpg\" alt='' title='hundt_content_trumpf_zubehoer'  height=\"424\" width=\"680\"  itemprop=\"thumbnailUrl\" srcset=\"https:\/\/hundtgroup.com\/wp-content\/uploads\/hundt_content_trumpf_zubehoer.jpg 680w, https:\/\/hundtgroup.com\/wp-content\/uploads\/hundt_content_trumpf_zubehoer-620x387.jpg 620w, https:\/\/hundtgroup.com\/wp-content\/uploads\/hundt_content_trumpf_zubehoer-300x187.jpg 300w\" sizes=\"(max-width: 680px) 100vw, 680px\" \/><\/div><\/div><\/div><br \/>\n<div class=\"pxl-headline pxl-hl hl-wrap | hl-sub--off hl--align-left hl--std-margin   \">\n    <div class=\"hl-inner\">\n            <h3 class=\"hl-main hl-line |  hl_main--default  \">P\u0159\u00edslu\u0161enstv\u00ed a n\u00e1hradn\u00ed d\u00edly<\/h3>\n            <div class=\"overline lightgrey\">\n              \n              <span class=\"overline-slant\"><\/span>\n            <\/div>\n    <\/div>\n<\/div>\n<br \/>\n<section  class='av_textblock_section av-kysrkblv-caf2e44a4d10df0318bc1f169f4c33e5 '   itemscope=\"itemscope\" itemtype=\"https:\/\/schema.org\/CreativeWork\" ><div class='avia_textblock'  itemprop=\"text\" ><p>I ty nejlep\u0161\u00ed n\u00e1stroje je t\u0159eba jednou vym\u011bnit. Jako partner spole\u010dnosti TRUMPF v\u00e1m nab\u00edz\u00edme vhodn\u00e9 n\u00e1hradn\u00ed d\u00edly a rozs\u00e1hl\u00e9 p\u0159\u00edslu\u0161enstv\u00ed pro v\u00e1\u0161 v\u00fdrobek.<\/p>\n<\/div><\/section><\/p><\/div><div  class='flex_column av-8pi1y-fc33147c443bb1afd0043a1b1f206d0f av_one_third  avia-builder-el-15  el_after_av_one_third  avia-builder-el-last  flex_column_div  '     ><p>\n<style type=\"text\/css\" data-created_by=\"avia_inline_auto\" id=\"style-css-av-kysrkft1-915091a773b9f231b7bc74da5885d48c\">\n.avia-image-container.av-kysrkft1-915091a773b9f231b7bc74da5885d48c img.avia_image{\nbox-shadow:none;\n}\n.avia-image-container.av-kysrkft1-915091a773b9f231b7bc74da5885d48c .av-image-caption-overlay-center{\ncolor:#ffffff;\n}\n<\/style>\n<div  class='avia-image-container av-kysrkft1-915091a773b9f231b7bc74da5885d48c av-styling- avia-align-center  avia-builder-el-16  el_before_pixel_sc_headline  avia-builder-el-first '   itemprop=\"image\" itemscope=\"itemscope\" itemtype=\"https:\/\/schema.org\/ImageObject\" ><div class=\"avia-image-container-inner\"><div class=\"avia-image-overlay-wrap\"><img decoding=\"async\" fetchpriority=\"high\" class='wp-image-31957 avia-img-lazy-loading-not-31957 avia_image ' src=\"https:\/\/hundtgroup.com\/wp-content\/uploads\/hundt_content_trumpf_reparatur.jpg\" alt='' title='hundt_content_trumpf_reparatur'  height=\"424\" width=\"680\"  itemprop=\"thumbnailUrl\" srcset=\"https:\/\/hundtgroup.com\/wp-content\/uploads\/hundt_content_trumpf_reparatur.jpg 680w, https:\/\/hundtgroup.com\/wp-content\/uploads\/hundt_content_trumpf_reparatur-620x387.jpg 620w, https:\/\/hundtgroup.com\/wp-content\/uploads\/hundt_content_trumpf_reparatur-300x187.jpg 300w\" sizes=\"(max-width: 680px) 100vw, 680px\" \/><\/div><\/div><\/div><br \/>\n<div class=\"pxl-headline pxl-hl hl-wrap | hl-sub--off hl--align-left hl--std-margin   \">\n    <div class=\"hl-inner\">\n            <h3 class=\"hl-main hl-line |  hl_main--default  \">Oprava<\/h3>\n            <div class=\"overline lightgrey\">\n              \n              <span class=\"overline-slant\"><\/span>\n            <\/div>\n    <\/div>\n<\/div>\n<br \/>\n<section  class='av_textblock_section av-kysrkmzk-36a2a54b5bb5917b5eec5dc4f9b3b209 '   itemscope=\"itemscope\" itemtype=\"https:\/\/schema.org\/CreativeWork\" ><div class='avia_textblock'  itemprop=\"text\" ><p>Flexibiln\u00ed, spolehliv\u00e9 a d\u016fkladn\u00e9 &#8211; n\u00e1\u0161 servis d\u011bl\u00e1 v\u0161e pro to, abyste mohli sv\u00e9 n\u00e1\u0159ad\u00ed TRUMPF co nejrychleji op\u011bt pou\u017e\u00edvat.<\/p>\n<\/div><\/section><\/p><\/div>\n\n[av_section min_height='' min_height_pc='25' min_height_px='500px' padding='default' custom_margin='0px' custom_margin_sync='true' svg_div_top='' svg_div_top_color='#333333' svg_div_top_width='100' svg_div_top_height='50' svg_div_top_max_height='none' svg_div_top_opacity='' svg_div_bottom='' svg_div_bottom_color='#333333' svg_div_bottom_width='100' svg_div_bottom_height='50' svg_div_bottom_max_height='none' svg_div_bottom_opacity='' color='alternate_color' background='bg_color' custom_bg='' background_gradient_direction='vertical' background_gradient_color1='#000000' background_gradient_color2='#ffffff' background_gradient_color3='' src='' attachment='' attachment_size='' attach='scroll' position='top left' repeat='no-repeat' video='' video_ratio='16:9' overlay_opacity='0.5' overlay_color='' overlay_pattern='' overlay_custom_pattern='' shadow='no-border-styling' bottom_border='no-border-styling' bottom_border_diagonal_color='#333333' bottom_border_diagonal_direction='' bottom_border_style='' custom_arrow_bg='' id='' custom_class='' template_class='' aria_label='' av_element_hidden_in_editor='0' av_uid='av-1ypnr' sc_version='1.0']\n\n[av_one_full first min_height='' vertical_alignment='av-align-top' space='' row_boxshadow='' row_boxshadow_color='' row_boxshadow_width='10' custom_margin='' margin='0px' mobile_breaking='' mobile_column_order='' min_col_height='' padding='' svg_div_top='' svg_div_top_color='#333333' svg_div_top_width='100' svg_div_top_height='50' svg_div_top_max_height='none' svg_div_top_flip='' svg_div_top_invert='' svg_div_top_front='' svg_div_top_opacity='' svg_div_top_preview='' svg_div_bottom='' svg_div_bottom_color='#333333' svg_div_bottom_width='100' svg_div_bottom_height='50' svg_div_bottom_max_height='none' svg_div_bottom_flip='' svg_div_bottom_invert='' svg_div_bottom_front='' svg_div_bottom_opacity='' svg_div_bottom_preview='' border='' border_style='solid' border_color='' radius='' column_boxshadow='' column_boxshadow_color='' column_boxshadow_width='10' background='bg_color' background_color='' background_gradient_direction='vertical' background_gradient_color1='#000000' background_gradient_color2='#ffffff' background_gradient_color3='' src='' background_position='top left' background_repeat='no-repeat' highlight='' highlight_size='' animation='' link='' linktarget='' link_hover='' title_attr='' alt_attr='' mobile_display='' mobile_col_pos='0' id='' custom_class='' template_class='' aria_label='' av_uid='av-yfkb' sc_version='1.0']\n\n[pixel_sc_headline hl_main='R\u00e1di v\u00e1m u\u010din\u00edme <span>nab\u00eddku!<\/span>' hl_main_tag='h2' hl_sub_check='top' hl_sub='V\u00e1\u0161 kontakt na n\u00e1s' hl_sub_bg='grey' hl_sub_tag='span' align='left' hl_main_alias='default' hl_main_class='' hl_sub_alias='default' hl_sub_class='' hl_margin='hl--no-margin' hl_link='' hl_target='' custom_class='' template_class='' av_uid='av-kybixar1' sc_version='1.0']\n\n[\/av_one_full][av_one_third first min_height='' vertical_alignment='av-align-top' space='' row_boxshadow_color='' row_boxshadow_width='10' margin='0px' margin_sync='true' mobile_breaking='' mobile_column_order='' min_col_height='' padding='' padding_sync='true' svg_div_top='' svg_div_top_color='#333333' svg_div_top_width='100' svg_div_top_height='50' svg_div_top_max_height='none' svg_div_top_opacity='' svg_div_bottom='' svg_div_bottom_color='#333333' svg_div_bottom_width='100' svg_div_bottom_height='50' svg_div_bottom_max_height='none' svg_div_bottom_opacity='' border='' border_style='solid' border_color='' radius='' radius_sync='true' column_boxshadow_color='' column_boxshadow_width='10' background='bg_color' background_color='' background_gradient_direction='vertical' background_gradient_color1='#000000' background_gradient_color2='#ffffff' background_gradient_color3='' src='' attachment='' attachment_size='' background_position='top left' background_repeat='no-repeat' highlight_size='1.1' animation='' link='' linktarget='' link_hover='' title_attr='' alt_attr='' mobile_display='' mobile_col_pos='0' id='' custom_class='cf-infobox' template_class='' aria_label='' av_uid='av-1fbz3' sc_version='1.0']\n\n[av_textblock textblock_styling_align='' textblock_styling='' textblock_styling_gap='' textblock_styling_mobile='' size='' av-medium-font-size='' av-small-font-size='' av-mini-font-size='' font_color='' color='' id='' custom_class='' template_class='' av_uid='av-kybn8262' sc_version='1.0' admin_preview_bg='']\n<h4>Wilhelm Hundt GmbH<\/h4>\nSchwabhausen 25, 42349 Wuppertal\n\n<strong>Tel:<\/strong> <a href=\"tel:0202%20430448-0\">+49 202 430448-0<\/a>\n<strong>Fax:<\/strong> +49 202 430448-20\n<a href=\"mailto:info@hundt.de\">info@hundt.de<\/a>\n\n<strong>\u00da\u0159edn\u00ed hodiny<\/strong>\nPo-\u010ct 7:00-17:00\nP\u00e1 7:00-14:00\n[\/av_textblock]\n\n[av_social_share title='' buttons='custom' btn_action='profile' share_facebook='aviaTBshare_facebook' share_linkedin='aviaTBshare_linkedin' yelp_link='https:\/\/www.yelp.com' facebook_profile='https:\/\/de-de.facebook.com\/WilhelmHundtGmbH\/' twitter_profile='' whatsapp_profile='' pinterest_profile='' reddit_profile='' linkedin_profile='https:\/\/de.linkedin.com\/company\/wilhelm-hundt-gmbh?trk=public_profile_experience-item_profile-section-card_subtitle-click' tumblr_profile='' vk_profile='' mail_profile='' yelp_profile='' five_100_px_profile='' behance_profile='' dribbble_profile='' flickr_profile='' instagram_profile='' skype_profile='' soundcloud_profile='' vimeo_profile='' xing_profile='' youtube_profile='' style='av-social-sharing-box-circle' alignment='' alb_description='' id='' custom_class='' template_class='' av_uid='av-kznw6i99' sc_version='1.0' admin_preview_bg='']\n\n[\/av_one_third][av_two_third min_height='' vertical_alignment='av-align-top' space='' row_boxshadow_color='' row_boxshadow_width='10' margin='0px' margin_sync='true' mobile_breaking='' mobile_column_order='' min_col_height='' padding='' padding_sync='true' svg_div_top='' svg_div_top_color='#333333' svg_div_top_width='100' svg_div_top_height='50' svg_div_top_max_height='none' svg_div_top_opacity='' svg_div_bottom='' svg_div_bottom_color='#333333' svg_div_bottom_width='100' svg_div_bottom_height='50' svg_div_bottom_max_height='none' svg_div_bottom_opacity='' border='' border_style='solid' border_color='' radius='' radius_sync='true' column_boxshadow_color='' column_boxshadow_width='10' background='bg_color' background_color='' background_gradient_direction='vertical' background_gradient_color1='#000000' background_gradient_color2='#ffffff' background_gradient_color3='' src='' attachment='' attachment_size='' background_position='top left' background_repeat='no-repeat' highlight_size='1.1' animation='' link='' linktarget='' link_hover='' title_attr='' alt_attr='' mobile_display='' mobile_col_pos='0' id='' custom_class='cf-form' template_class='' aria_label='' av_uid='av-qx6z' sc_version='1.0']\n\n[av_codeblock wrapper_element='' wrapper_element_attributes='' codeblock_type='' alb_description='' id='' custom_class='' template_class='' av_uid='av-kybiq5f2' sc_version='1.0']\n[contact-form-7 id=\"434\" title=\"Kontakt-Formular\"]\n[\/av_codeblock]\n\n[\/av_two_third][\/av_section]\n","protected":false},"excerpt":{"rendered":"","protected":false},"author":1,"featured_media":0,"parent":12939,"menu_order":1,"comment_status":"closed","ping_status":"closed","template":"","meta":{"_acf_changed":false,"inline_featured_image":false,"footnotes":""},"class_list":["post-13281","page","type-page","status-publish","hentry"],"acf":[],"yoast_head":"<!-- This site is optimized with the Yoast SEO plugin v27.3 - https:\/\/yoast.com\/product\/yoast-seo-wordpress\/ -->\n<title>N\u00e1stroje Trumpf u spole\u010dnosti Hundt - ofici\u00e1ln\u00ed partner<\/title>\n<meta name=\"description\" content=\"Trumpf partner z p\u0159esv\u011bd\u010den\u00ed: \u2713 Poradenstv\u00ed a p\u0159edv\u00e1d\u011bn\u00ed v\u00fdrobk\u016f \u2713 P\u0159\u00edslu\u0161enstv\u00ed a n\u00e1hradn\u00ed d\u00edly \u2713 Opravy \u25ba Zjist\u011bte v\u00edce u Hundta nyn\u00ed!\" \/>\n<meta name=\"robots\" content=\"index, follow, max-snippet:-1, max-image-preview:large, max-video-preview:-1\" \/>\n<link rel=\"canonical\" href=\"https:\/\/hundtgroup.com\/cs\/produkty-trumpf\/servis-trumpf\/\" \/>\n<meta property=\"og:locale\" content=\"cs_CZ\" \/>\n<meta property=\"og:type\" content=\"article\" \/>\n<meta property=\"og:title\" content=\"N\u00e1stroje Trumpf u spole\u010dnosti Hundt - ofici\u00e1ln\u00ed partner\" \/>\n<meta property=\"og:description\" content=\"Trumpf partner z p\u0159esv\u011bd\u010den\u00ed: \u2713 Poradenstv\u00ed a p\u0159edv\u00e1d\u011bn\u00ed v\u00fdrobk\u016f \u2713 P\u0159\u00edslu\u0161enstv\u00ed a n\u00e1hradn\u00ed d\u00edly \u2713 Opravy \u25ba Zjist\u011bte v\u00edce u Hundta nyn\u00ed!\" \/>\n<meta property=\"og:url\" content=\"https:\/\/hundtgroup.com\/cs\/produkty-trumpf\/servis-trumpf\/\" \/>\n<meta property=\"og:site_name\" content=\"Wilhelm Hundt GmbH\" \/>\n<meta property=\"article:modified_time\" content=\"2025-06-26T10:09:02+00:00\" \/>\n<meta name=\"twitter:card\" content=\"summary_large_image\" \/>\n<meta name=\"twitter:label1\" content=\"Odhadovan\u00e1 doba \u010dten\u00ed\" \/>\n\t<meta name=\"twitter:data1\" content=\"14 minuta\" \/>\n<script type=\"application\/ld+json\" class=\"yoast-schema-graph\">{\"@context\":\"https:\\\/\\\/schema.org\",\"@graph\":[{\"@type\":\"WebPage\",\"@id\":\"https:\\\/\\\/hundtgroup.com\\\/cs\\\/produkty-trumpf\\\/servis-trumpf\\\/\",\"url\":\"https:\\\/\\\/hundtgroup.com\\\/cs\\\/produkty-trumpf\\\/servis-trumpf\\\/\",\"name\":\"N\u00e1stroje Trumpf u spole\u010dnosti Hundt - ofici\u00e1ln\u00ed partner\",\"isPartOf\":{\"@id\":\"https:\\\/\\\/hundtgroup.com\\\/cs\\\/#website\"},\"datePublished\":\"2022-01-24T14:07:32+00:00\",\"dateModified\":\"2025-06-26T10:09:02+00:00\",\"description\":\"Trumpf partner z p\u0159esv\u011bd\u010den\u00ed: \u2713 Poradenstv\u00ed a p\u0159edv\u00e1d\u011bn\u00ed v\u00fdrobk\u016f \u2713 P\u0159\u00edslu\u0161enstv\u00ed a n\u00e1hradn\u00ed d\u00edly \u2713 Opravy \u25ba Zjist\u011bte v\u00edce u Hundta nyn\u00ed!\",\"breadcrumb\":{\"@id\":\"https:\\\/\\\/hundtgroup.com\\\/cs\\\/produkty-trumpf\\\/servis-trumpf\\\/#breadcrumb\"},\"inLanguage\":\"cs\",\"potentialAction\":[{\"@type\":\"ReadAction\",\"target\":[\"https:\\\/\\\/hundtgroup.com\\\/cs\\\/produkty-trumpf\\\/servis-trumpf\\\/\"]}]},{\"@type\":\"BreadcrumbList\",\"@id\":\"https:\\\/\\\/hundtgroup.com\\\/cs\\\/produkty-trumpf\\\/servis-trumpf\\\/#breadcrumb\",\"itemListElement\":[{\"@type\":\"ListItem\",\"position\":1,\"name\":\"Startseite\",\"item\":\"https:\\\/\\\/hundtgroup.com\\\/cs\\\/home-nove\\\/\"},{\"@type\":\"ListItem\",\"position\":2,\"name\":\"Produkty TRUMPF\",\"item\":\"https:\\\/\\\/hundtgroup.com\\\/cs\\\/produkty-trumpf\\\/\"},{\"@type\":\"ListItem\",\"position\":3,\"name\":\"Servis TRUMPF\"}]},{\"@type\":\"WebSite\",\"@id\":\"https:\\\/\\\/hundtgroup.com\\\/cs\\\/#website\",\"url\":\"https:\\\/\\\/hundtgroup.com\\\/cs\\\/\",\"name\":\"Wilhelm Hundt GmbH\",\"description\":\"V\u00e1\u0161 specialista na stroje a n\u00e1stroje pro zpracov\u00e1n\u00ed plechu\",\"potentialAction\":[{\"@type\":\"SearchAction\",\"target\":{\"@type\":\"EntryPoint\",\"urlTemplate\":\"https:\\\/\\\/hundtgroup.com\\\/cs\\\/?s={search_term_string}\"},\"query-input\":{\"@type\":\"PropertyValueSpecification\",\"valueRequired\":true,\"valueName\":\"search_term_string\"}}],\"inLanguage\":\"cs\"}]}<\/script>\n<!-- \/ Yoast SEO plugin. -->","yoast_head_json":{"title":"N\u00e1stroje Trumpf u spole\u010dnosti Hundt - ofici\u00e1ln\u00ed partner","description":"Trumpf partner z p\u0159esv\u011bd\u010den\u00ed: \u2713 Poradenstv\u00ed a p\u0159edv\u00e1d\u011bn\u00ed v\u00fdrobk\u016f \u2713 P\u0159\u00edslu\u0161enstv\u00ed a n\u00e1hradn\u00ed d\u00edly \u2713 Opravy \u25ba Zjist\u011bte v\u00edce u Hundta nyn\u00ed!","robots":{"index":"index","follow":"follow","max-snippet":"max-snippet:-1","max-image-preview":"max-image-preview:large","max-video-preview":"max-video-preview:-1"},"canonical":"https:\/\/hundtgroup.com\/cs\/produkty-trumpf\/servis-trumpf\/","og_locale":"cs_CZ","og_type":"article","og_title":"N\u00e1stroje Trumpf u spole\u010dnosti Hundt - ofici\u00e1ln\u00ed partner","og_description":"Trumpf partner z p\u0159esv\u011bd\u010den\u00ed: \u2713 Poradenstv\u00ed a p\u0159edv\u00e1d\u011bn\u00ed v\u00fdrobk\u016f \u2713 P\u0159\u00edslu\u0161enstv\u00ed a n\u00e1hradn\u00ed d\u00edly \u2713 Opravy \u25ba Zjist\u011bte v\u00edce u Hundta nyn\u00ed!","og_url":"https:\/\/hundtgroup.com\/cs\/produkty-trumpf\/servis-trumpf\/","og_site_name":"Wilhelm Hundt GmbH","article_modified_time":"2025-06-26T10:09:02+00:00","twitter_card":"summary_large_image","twitter_misc":{"Odhadovan\u00e1 doba \u010dten\u00ed":"14 minuta"},"schema":{"@context":"https:\/\/schema.org","@graph":[{"@type":"WebPage","@id":"https:\/\/hundtgroup.com\/cs\/produkty-trumpf\/servis-trumpf\/","url":"https:\/\/hundtgroup.com\/cs\/produkty-trumpf\/servis-trumpf\/","name":"N\u00e1stroje Trumpf u spole\u010dnosti Hundt - ofici\u00e1ln\u00ed partner","isPartOf":{"@id":"https:\/\/hundtgroup.com\/cs\/#website"},"datePublished":"2022-01-24T14:07:32+00:00","dateModified":"2025-06-26T10:09:02+00:00","description":"Trumpf partner z p\u0159esv\u011bd\u010den\u00ed: \u2713 Poradenstv\u00ed a p\u0159edv\u00e1d\u011bn\u00ed v\u00fdrobk\u016f \u2713 P\u0159\u00edslu\u0161enstv\u00ed a n\u00e1hradn\u00ed d\u00edly \u2713 Opravy \u25ba Zjist\u011bte v\u00edce u Hundta nyn\u00ed!","breadcrumb":{"@id":"https:\/\/hundtgroup.com\/cs\/produkty-trumpf\/servis-trumpf\/#breadcrumb"},"inLanguage":"cs","potentialAction":[{"@type":"ReadAction","target":["https:\/\/hundtgroup.com\/cs\/produkty-trumpf\/servis-trumpf\/"]}]},{"@type":"BreadcrumbList","@id":"https:\/\/hundtgroup.com\/cs\/produkty-trumpf\/servis-trumpf\/#breadcrumb","itemListElement":[{"@type":"ListItem","position":1,"name":"Startseite","item":"https:\/\/hundtgroup.com\/cs\/home-nove\/"},{"@type":"ListItem","position":2,"name":"Produkty TRUMPF","item":"https:\/\/hundtgroup.com\/cs\/produkty-trumpf\/"},{"@type":"ListItem","position":3,"name":"Servis TRUMPF"}]},{"@type":"WebSite","@id":"https:\/\/hundtgroup.com\/cs\/#website","url":"https:\/\/hundtgroup.com\/cs\/","name":"Wilhelm Hundt GmbH","description":"V\u00e1\u0161 specialista na stroje a n\u00e1stroje pro zpracov\u00e1n\u00ed plechu","potentialAction":[{"@type":"SearchAction","target":{"@type":"EntryPoint","urlTemplate":"https:\/\/hundtgroup.com\/cs\/?s={search_term_string}"},"query-input":{"@type":"PropertyValueSpecification","valueRequired":true,"valueName":"search_term_string"}}],"inLanguage":"cs"}]}},"_links":{"self":[{"href":"https:\/\/hundtgroup.com\/cs\/wp-json\/wp\/v2\/pages\/13281","targetHints":{"allow":["GET"]}}],"collection":[{"href":"https:\/\/hundtgroup.com\/cs\/wp-json\/wp\/v2\/pages"}],"about":[{"href":"https:\/\/hundtgroup.com\/cs\/wp-json\/wp\/v2\/types\/page"}],"author":[{"embeddable":true,"href":"https:\/\/hundtgroup.com\/cs\/wp-json\/wp\/v2\/users\/1"}],"replies":[{"embeddable":true,"href":"https:\/\/hundtgroup.com\/cs\/wp-json\/wp\/v2\/comments?post=13281"}],"version-history":[{"count":0,"href":"https:\/\/hundtgroup.com\/cs\/wp-json\/wp\/v2\/pages\/13281\/revisions"}],"up":[{"embeddable":true,"href":"https:\/\/hundtgroup.com\/cs\/wp-json\/wp\/v2\/pages\/12939"}],"wp:attachment":[{"href":"https:\/\/hundtgroup.com\/cs\/wp-json\/wp\/v2\/media?parent=13281"}],"curies":[{"name":"wp","href":"https:\/\/api.w.org\/{rel}","templated":true}]}}