{"id":13852,"date":"2023-02-07T15:24:12","date_gmt":"2023-02-07T14:24:12","guid":{"rendered":"https:\/\/hundtgroup.com\/obchod\/naklady-na-dopravu\/"},"modified":"2026-03-09T11:42:56","modified_gmt":"2026-03-09T10:42:56","slug":"naklady-na-dopravu","status":"publish","type":"page","link":"https:\/\/hundtgroup.com\/cs\/obchod\/naklady-na-dopravu\/","title":{"rendered":"N\u00e1klady na dopravu"},"content":{"rendered":"<div id='av_section_1'  class='avia-section av-2sl9s-ce1ce7ae9fb18ca1bfd02c768aeff783 main_color avia-section-default avia-no-border-styling  avia-builder-el-0  avia-builder-el-no-sibling  avia-bg-style-scroll container_wrap fullsize'  ><div class='container av-section-cont-open' ><main  role=\"main\" itemprop=\"mainContentOfPage\"  class='template-page content  av-content-full alpha units'><div class='post-entry post-entry-type-page post-entry-13852'><div class='entry-content-wrapper clearfix'>\n<div  class='flex_column av-26tywa-9f015e1114c31c05d4acc0e727ac11ca av_one_full  avia-builder-el-1  el_before_av_one_full  avia-builder-el-first  first flex_column_div  '     ><section  class='av_textblock_section av-ldvmfxjm-655ad1f31e3569818342aa9953ef1e2e '   itemscope=\"itemscope\" itemtype=\"https:\/\/schema.org\/CreativeWork\" ><div class='avia_textblock'  itemprop=\"text\" ><h1>N\u00e1klady na dopravu<\/h1>\n<\/div><\/section><\/div><div  class='flex_column av-19duk-c439aaf3e1b54d5eee86c009efbb1f82 av_one_full  avia-builder-el-3  el_after_av_one_full  avia-builder-el-last  first av-break-at-tablet flex_column_div  column-top-margin'     ><p><section  class='av_textblock_section av-lduecz4t-e72d62fd59569a5b53867a745071dca5 '   itemscope=\"itemscope\" itemtype=\"https:\/\/schema.org\/CreativeWork\" ><div class='avia_textblock'  itemprop=\"text\" ><p><span style=\"font-weight: 300; font-size: 15px;\">Po\u0161tovn\u00e9 10,95 \u20ac (N\u011bmecko)<\/span><br \/>\n<span style=\"font-weight: 300; font-size: 15px;\">Doprava zdarma od 300 \u20ac \u010dist\u00e9 hodnoty zbo\u017e\u00ed (N\u011bmecko)<br \/>\nDoprava do zahrani\u010d\u00ed, vezm\u011bte pros\u00edm na v\u011bdom\u00ed seznam p\u0159epravn\u00edch n\u00e1klad\u016f.<br \/>\n<\/span><\/p>\n<\/div><\/section><br \/>\n\n<style type=\"text\/css\" data-created_by=\"avia_inline_auto\" id=\"style-css-av-ldueh37h-dd1dbf5d0a6615db5f950ebceb2f762f\">\n#top .hr.hr-invisible.av-ldueh37h-dd1dbf5d0a6615db5f950ebceb2f762f{\nheight:50px;\n}\n<\/style>\n<div  class='hr av-ldueh37h-dd1dbf5d0a6615db5f950ebceb2f762f hr-invisible  avia-builder-el-5  el_after_av_textblock  el_before_av_table '><span class='hr-inner '><span class=\"hr-inner-style\"><\/span><\/span><\/div><br \/>\n<div class='avia-data-table-wrap av-z1iwyi-ccd9a6c96cb599466d31ecd98d9d6e67 avia_responsive_table avia-table-1'><table  id=\"shipping-price-table\"  class='avia-table avia-data-table avia_pricing_default  avia-builder-el-6  el_after_av_hr  avia-builder-el-last '  itemscope=\"itemscope\" itemtype=\"https:\/\/schema.org\/Table\" ><tbody><tr class=''><td class=''>Z\u00f3na A <\/td><td class=''>N\u011bmecko<\/td><td class=''>10,95 EUR netto<\/td><\/tr><tr class=''><td class=''>Z\u00f3na B<\/td><td class=''>(Belgie, D\u00e1nsko, Lucembursko, Nizozemsko, \u010cesk\u00e1 republika)<\/td><td class=''>28,95 EUR netto<\/td><\/tr><tr class=''><td class=''>Z\u00f3na C<\/td><td class=''>Finsko, Francie, It\u00e1lie, Chorvatsko, Rakousko, Polsko, \u0160v\u00e9dsko, Slovensk\u00e1 republika, Slovinsko.<\/td><td class=''>32,95 EUR netto<\/td><\/tr><tr class=''><td class=''>Z\u00f3na D<\/td><td class=''>\u0158ecko, Irsko, Severn\u00ed Irsko, Portugalsko, \u0160pan\u011blsko, Bulharsko, Estonsko, Loty\u0161sko, Litva, Rumunsko, Ma\u010farsko.<\/td><td class=''>37,95 EUR netto<\/td><\/tr><tr class=''><td class=''>Z\u00f3na E<\/td><td class=''>Norsko, \u0160v\u00fdcarsko a Anglie<\/td><td class=''>49,95 EUR netto<\/td><\/tr><\/tbody><\/table><\/div><\/p><\/div>\n","protected":false},"excerpt":{"rendered":"","protected":false},"author":2,"featured_media":0,"parent":13322,"menu_order":6,"comment_status":"closed","ping_status":"closed","template":"","meta":{"_acf_changed":false,"inline_featured_image":false,"footnotes":""},"class_list":["post-13852","page","type-page","status-publish","hentry"],"acf":[],"yoast_head":"<!-- This site is optimized with the Yoast SEO plugin v27.3 - https:\/\/yoast.com\/product\/yoast-seo-wordpress\/ -->\n<title>N\u00e1klady na dopravu | Wilhelm Hundt GmbH<\/title>\n<meta name=\"description\" content=\"Wilhelm Hundt GmbH: P\u0159epravn\u00ed n\u00e1klady\" \/>\n<meta name=\"robots\" content=\"index, follow, max-snippet:-1, max-image-preview:large, max-video-preview:-1\" \/>\n<link rel=\"canonical\" href=\"https:\/\/hundtgroup.com\/cs\/obchod\/naklady-na-dopravu\/\" \/>\n<meta property=\"og:locale\" content=\"cs_CZ\" \/>\n<meta property=\"og:type\" content=\"article\" \/>\n<meta property=\"og:title\" content=\"N\u00e1klady na dopravu | Wilhelm Hundt GmbH\" \/>\n<meta property=\"og:description\" content=\"Wilhelm Hundt GmbH: P\u0159epravn\u00ed n\u00e1klady\" \/>\n<meta property=\"og:url\" content=\"https:\/\/hundtgroup.com\/cs\/obchod\/naklady-na-dopravu\/\" \/>\n<meta property=\"og:site_name\" content=\"Wilhelm Hundt GmbH\" \/>\n<meta property=\"article:modified_time\" content=\"2026-03-09T10:42:56+00:00\" \/>\n<meta name=\"twitter:card\" content=\"summary_large_image\" \/>\n<meta name=\"twitter:label1\" content=\"Odhadovan\u00e1 doba \u010dten\u00ed\" \/>\n\t<meta name=\"twitter:data1\" content=\"8 minuta\" \/>\n<script type=\"application\/ld+json\" class=\"yoast-schema-graph\">{\"@context\":\"https:\\\/\\\/schema.org\",\"@graph\":[{\"@type\":\"WebPage\",\"@id\":\"https:\\\/\\\/hundtgroup.com\\\/cs\\\/obchod\\\/naklady-na-dopravu\\\/\",\"url\":\"https:\\\/\\\/hundtgroup.com\\\/cs\\\/obchod\\\/naklady-na-dopravu\\\/\",\"name\":\"N\u00e1klady na dopravu | Wilhelm Hundt GmbH\",\"isPartOf\":{\"@id\":\"https:\\\/\\\/hundtgroup.com\\\/cs\\\/#website\"},\"datePublished\":\"2023-02-07T14:24:12+00:00\",\"dateModified\":\"2026-03-09T10:42:56+00:00\",\"description\":\"Wilhelm Hundt GmbH: P\u0159epravn\u00ed n\u00e1klady\",\"breadcrumb\":{\"@id\":\"https:\\\/\\\/hundtgroup.com\\\/cs\\\/obchod\\\/naklady-na-dopravu\\\/#breadcrumb\"},\"inLanguage\":\"cs\",\"potentialAction\":[{\"@type\":\"ReadAction\",\"target\":[\"https:\\\/\\\/hundtgroup.com\\\/cs\\\/obchod\\\/naklady-na-dopravu\\\/\"]}]},{\"@type\":\"BreadcrumbList\",\"@id\":\"https:\\\/\\\/hundtgroup.com\\\/cs\\\/obchod\\\/naklady-na-dopravu\\\/#breadcrumb\",\"itemListElement\":[{\"@type\":\"ListItem\",\"position\":1,\"name\":\"Startseite\",\"item\":\"https:\\\/\\\/hundtgroup.com\\\/cs\\\/home-nove\\\/\"},{\"@type\":\"ListItem\",\"position\":2,\"name\":\"Obchod\",\"item\":\"https:\\\/\\\/hundtgroup.com\\\/cs\\\/obchod\\\/\"},{\"@type\":\"ListItem\",\"position\":3,\"name\":\"N\u00e1klady na dopravu\"}]},{\"@type\":\"WebSite\",\"@id\":\"https:\\\/\\\/hundtgroup.com\\\/cs\\\/#website\",\"url\":\"https:\\\/\\\/hundtgroup.com\\\/cs\\\/\",\"name\":\"Wilhelm Hundt GmbH\",\"description\":\"V\u00e1\u0161 specialista na stroje a n\u00e1stroje pro zpracov\u00e1n\u00ed plechu\",\"potentialAction\":[{\"@type\":\"SearchAction\",\"target\":{\"@type\":\"EntryPoint\",\"urlTemplate\":\"https:\\\/\\\/hundtgroup.com\\\/cs\\\/?s={search_term_string}\"},\"query-input\":{\"@type\":\"PropertyValueSpecification\",\"valueRequired\":true,\"valueName\":\"search_term_string\"}}],\"inLanguage\":\"cs\"}]}<\/script>\n<!-- \/ Yoast SEO plugin. -->","yoast_head_json":{"title":"N\u00e1klady na dopravu | Wilhelm Hundt GmbH","description":"Wilhelm Hundt GmbH: P\u0159epravn\u00ed n\u00e1klady","robots":{"index":"index","follow":"follow","max-snippet":"max-snippet:-1","max-image-preview":"max-image-preview:large","max-video-preview":"max-video-preview:-1"},"canonical":"https:\/\/hundtgroup.com\/cs\/obchod\/naklady-na-dopravu\/","og_locale":"cs_CZ","og_type":"article","og_title":"N\u00e1klady na dopravu | Wilhelm Hundt GmbH","og_description":"Wilhelm Hundt GmbH: P\u0159epravn\u00ed n\u00e1klady","og_url":"https:\/\/hundtgroup.com\/cs\/obchod\/naklady-na-dopravu\/","og_site_name":"Wilhelm Hundt GmbH","article_modified_time":"2026-03-09T10:42:56+00:00","twitter_card":"summary_large_image","twitter_misc":{"Odhadovan\u00e1 doba \u010dten\u00ed":"8 minuta"},"schema":{"@context":"https:\/\/schema.org","@graph":[{"@type":"WebPage","@id":"https:\/\/hundtgroup.com\/cs\/obchod\/naklady-na-dopravu\/","url":"https:\/\/hundtgroup.com\/cs\/obchod\/naklady-na-dopravu\/","name":"N\u00e1klady na dopravu | Wilhelm Hundt GmbH","isPartOf":{"@id":"https:\/\/hundtgroup.com\/cs\/#website"},"datePublished":"2023-02-07T14:24:12+00:00","dateModified":"2026-03-09T10:42:56+00:00","description":"Wilhelm Hundt GmbH: P\u0159epravn\u00ed n\u00e1klady","breadcrumb":{"@id":"https:\/\/hundtgroup.com\/cs\/obchod\/naklady-na-dopravu\/#breadcrumb"},"inLanguage":"cs","potentialAction":[{"@type":"ReadAction","target":["https:\/\/hundtgroup.com\/cs\/obchod\/naklady-na-dopravu\/"]}]},{"@type":"BreadcrumbList","@id":"https:\/\/hundtgroup.com\/cs\/obchod\/naklady-na-dopravu\/#breadcrumb","itemListElement":[{"@type":"ListItem","position":1,"name":"Startseite","item":"https:\/\/hundtgroup.com\/cs\/home-nove\/"},{"@type":"ListItem","position":2,"name":"Obchod","item":"https:\/\/hundtgroup.com\/cs\/obchod\/"},{"@type":"ListItem","position":3,"name":"N\u00e1klady na dopravu"}]},{"@type":"WebSite","@id":"https:\/\/hundtgroup.com\/cs\/#website","url":"https:\/\/hundtgroup.com\/cs\/","name":"Wilhelm Hundt GmbH","description":"V\u00e1\u0161 specialista na stroje a n\u00e1stroje pro zpracov\u00e1n\u00ed plechu","potentialAction":[{"@type":"SearchAction","target":{"@type":"EntryPoint","urlTemplate":"https:\/\/hundtgroup.com\/cs\/?s={search_term_string}"},"query-input":{"@type":"PropertyValueSpecification","valueRequired":true,"valueName":"search_term_string"}}],"inLanguage":"cs"}]}},"_links":{"self":[{"href":"https:\/\/hundtgroup.com\/cs\/wp-json\/wp\/v2\/pages\/13852","targetHints":{"allow":["GET"]}}],"collection":[{"href":"https:\/\/hundtgroup.com\/cs\/wp-json\/wp\/v2\/pages"}],"about":[{"href":"https:\/\/hundtgroup.com\/cs\/wp-json\/wp\/v2\/types\/page"}],"author":[{"embeddable":true,"href":"https:\/\/hundtgroup.com\/cs\/wp-json\/wp\/v2\/users\/2"}],"replies":[{"embeddable":true,"href":"https:\/\/hundtgroup.com\/cs\/wp-json\/wp\/v2\/comments?post=13852"}],"version-history":[{"count":3,"href":"https:\/\/hundtgroup.com\/cs\/wp-json\/wp\/v2\/pages\/13852\/revisions"}],"predecessor-version":[{"id":41716,"href":"https:\/\/hundtgroup.com\/cs\/wp-json\/wp\/v2\/pages\/13852\/revisions\/41716"}],"up":[{"embeddable":true,"href":"https:\/\/hundtgroup.com\/cs\/wp-json\/wp\/v2\/pages\/13322"}],"wp:attachment":[{"href":"https:\/\/hundtgroup.com\/cs\/wp-json\/wp\/v2\/media?parent=13852"}],"curies":[{"name":"wp","href":"https:\/\/api.w.org\/{rel}","templated":true}]}}