{"id":15560,"date":"2022-08-23T15:55:42","date_gmt":"2022-08-23T13:55:42","guid":{"rendered":"https:\/\/hundtgroup.com\/produkt\/trutool-fcn-250-trumpf-nibbler-na-vlaknite-kompozity\/"},"modified":"2025-07-29T10:19:20","modified_gmt":"2025-07-29T08:19:20","slug":"trutool-fcn-250-trumpf-nibbler-na-vlaknite-kompozity","status":"publish","type":"product","link":"https:\/\/hundtgroup.com\/cs\/produkt\/trutool-fcn-250-trumpf-nibbler-na-vlaknite-kompozity\/","title":{"rendered":"TruTool FCN 250 TRUMPF Nibbler na vl\u00e1knit\u00e9 kompozity"},"content":{"rendered":"<p>Vhodn\u00e9 pro *CFRP, GFRP, AFRP; termosety a termoplasty.<br \/>\nProces za studena bez tvorby kou\u0159e.<br \/>\nN\u00edzk\u00e1 tvorba prachu.<br \/>\n\u017d\u00e1dn\u00e9 delaminace nebo t\u0159epen\u00ed.<br \/>\nZm\u011bna sm\u011bru \u0159ezu o 360 stup\u0148\u016f. Hlin\u00edkov\u00fd tlakov\u011b lit\u00fd kryt pro maxim\u00e1ln\u00ed odolnost. Rychl\u00e1, m\u00e1lo \u00fanavn\u00e1 pr\u00e1ce bez s\u00edly posuvu. Ergonomicky optimalizovan\u00e9 rozlo\u017een\u00ed hmotnosti v\u0161ech komponent. stupn\u011b zm\u011bny sm\u011bru \u0159ezu.<br \/>\nTlakov\u011b lit\u00e9 hlin\u00edkov\u00e9 pouzdro pro maxim\u00e1ln\u00ed odolnost.<br \/>\nRychl\u00e1 a neunavuj\u00edc\u00ed pr\u00e1ce bez posuvov\u00e9 s\u00edly.<br \/>\nErgonomicky optimalizovan\u00e9 rozlo\u017een\u00ed hmotnosti v\u0161ech komponent.<br \/>\nRychl\u00e1 p\u0159ipravenost k pou\u017eit\u00ed bez se\u0159izovac\u00edch prac\u00ed.<br \/>\nMaxim\u00e1ln\u00ed va\u010dkov\u00fd chod.<br \/>\nV\u00fdm\u011bna razn\u00edku a matrice bez pou\u017eit\u00ed n\u00e1stroj\u016f.<br \/>\nN\u00edzk\u00e9 provozn\u00ed n\u00e1klady d\u00edky dlouh\u00e9 \u017eivotnosti n\u00e1stroje.<\/p>\n","protected":false},"excerpt":{"rendered":"<p>Vhodn\u00e9 pro *CFRP, GFRP, AFRP; termosety a termoplasty. Proces za studena bez tvorby kou\u0159e. N\u00edzk\u00e1 tvorba prachu. \u017d\u00e1dn\u00e9 delaminace nebo t\u0159epen\u00ed. Zm\u011bna sm\u011bru \u0159ezu o 360 stup\u0148\u016f. Hlin\u00edkov\u00fd tlakov\u011b lit\u00fd kryt pro maxim\u00e1ln\u00ed odolnost. Rychl\u00e1, m\u00e1lo \u00fanavn\u00e1 pr\u00e1ce bez s\u00edly posuvu. Ergonomicky optimalizovan\u00e9 rozlo\u017een\u00ed hmotnosti v\u0161ech komponent. stupn\u011b zm\u011bny sm\u011bru \u0159ezu. Tlakov\u011b lit\u00e9 hlin\u00edkov\u00e9 pouzdro [&hellip;]<\/p>\n","protected":false},"featured_media":15561,"template":"","meta":{"_acf_changed":false,"inline_featured_image":false},"product_cat":[684,664],"product_tag":[],"class_list":{"0":"post-15560","1":"product","2":"type-product","3":"status-publish","4":"has-post-thumbnail","6":"brand-trumpf","7":"product_cat-nibbler-cs","8":"product_cat-elektricke-naradi","10":"first","11":"instock","12":"sale","13":"taxable","14":"shipping-taxable","15":"purchasable","16":"product-type-simple","17":"add-to-wishlist-before_image"},"acf":[],"yoast_head":"<!-- This site is optimized with the Yoast SEO plugin v27.3 - https:\/\/yoast.com\/product\/yoast-seo-wordpress\/ -->\n<title>TruTool FCN 250 TRUMPF Nibbler na vl\u00e1knit\u00e9 kompozity - Wilhelm Hundt GmbH<\/title>\n<meta name=\"robots\" content=\"index, follow, max-snippet:-1, max-image-preview:large, max-video-preview:-1\" \/>\n<link rel=\"canonical\" href=\"https:\/\/hundtgroup.com\/cs\/produkt\/trutool-fcn-250-trumpf-nibbler-na-vlaknite-kompozity\/\" \/>\n<meta property=\"og:locale\" content=\"cs_CZ\" \/>\n<meta property=\"og:type\" content=\"article\" \/>\n<meta property=\"og:title\" content=\"TruTool FCN 250 TRUMPF Nibbler na vl\u00e1knit\u00e9 kompozity - Wilhelm Hundt GmbH\" \/>\n<meta property=\"og:description\" content=\"Vhodn\u00e9 pro *CFRP, GFRP, AFRP; termosety a termoplasty. Proces za studena bez tvorby kou\u0159e. N\u00edzk\u00e1 tvorba prachu. \u017d\u00e1dn\u00e9 delaminace nebo t\u0159epen\u00ed. Zm\u011bna sm\u011bru \u0159ezu o 360 stup\u0148\u016f. Hlin\u00edkov\u00fd tlakov\u011b lit\u00fd kryt pro maxim\u00e1ln\u00ed odolnost. Rychl\u00e1, m\u00e1lo \u00fanavn\u00e1 pr\u00e1ce bez s\u00edly posuvu. Ergonomicky optimalizovan\u00e9 rozlo\u017een\u00ed hmotnosti v\u0161ech komponent. stupn\u011b zm\u011bny sm\u011bru \u0159ezu. Tlakov\u011b lit\u00e9 hlin\u00edkov\u00e9 pouzdro [&hellip;]\" \/>\n<meta property=\"og:url\" content=\"https:\/\/hundtgroup.com\/cs\/produkt\/trutool-fcn-250-trumpf-nibbler-na-vlaknite-kompozity\/\" \/>\n<meta property=\"og:site_name\" content=\"Wilhelm Hundt GmbH\" \/>\n<meta property=\"article:modified_time\" content=\"2025-07-29T08:19:20+00:00\" \/>\n<meta property=\"og:image\" content=\"https:\/\/hundtgroup.com\/wp-content\/uploads\/352250-scaled.jpg\" \/>\n\t<meta property=\"og:image:width\" content=\"2560\" \/>\n\t<meta property=\"og:image:height\" content=\"2194\" \/>\n\t<meta property=\"og:image:type\" content=\"image\/jpeg\" \/>\n<meta name=\"twitter:card\" content=\"summary_large_image\" \/>\n<meta name=\"twitter:label1\" content=\"Odhadovan\u00e1 doba \u010dten\u00ed\" \/>\n\t<meta name=\"twitter:data1\" content=\"1 minuta\" \/>\n<script type=\"application\/ld+json\" class=\"yoast-schema-graph\">{\"@context\":\"https:\\\/\\\/schema.org\",\"@graph\":[{\"@type\":\"WebPage\",\"@id\":\"https:\\\/\\\/hundtgroup.com\\\/cs\\\/produkt\\\/trutool-fcn-250-trumpf-nibbler-na-vlaknite-kompozity\\\/\",\"url\":\"https:\\\/\\\/hundtgroup.com\\\/cs\\\/produkt\\\/trutool-fcn-250-trumpf-nibbler-na-vlaknite-kompozity\\\/\",\"name\":\"TruTool FCN 250 TRUMPF Nibbler na vl\u00e1knit\u00e9 kompozity - Wilhelm Hundt GmbH\",\"isPartOf\":{\"@id\":\"https:\\\/\\\/hundtgroup.com\\\/cs\\\/#website\"},\"primaryImageOfPage\":{\"@id\":\"https:\\\/\\\/hundtgroup.com\\\/cs\\\/produkt\\\/trutool-fcn-250-trumpf-nibbler-na-vlaknite-kompozity\\\/#primaryimage\"},\"image\":{\"@id\":\"https:\\\/\\\/hundtgroup.com\\\/cs\\\/produkt\\\/trutool-fcn-250-trumpf-nibbler-na-vlaknite-kompozity\\\/#primaryimage\"},\"thumbnailUrl\":\"https:\\\/\\\/hundtgroup.com\\\/wp-content\\\/uploads\\\/352250-scaled.jpg\",\"datePublished\":\"2022-08-23T13:55:42+00:00\",\"dateModified\":\"2025-07-29T08:19:20+00:00\",\"breadcrumb\":{\"@id\":\"https:\\\/\\\/hundtgroup.com\\\/cs\\\/produkt\\\/trutool-fcn-250-trumpf-nibbler-na-vlaknite-kompozity\\\/#breadcrumb\"},\"inLanguage\":\"cs\",\"potentialAction\":[{\"@type\":\"ReadAction\",\"target\":[\"https:\\\/\\\/hundtgroup.com\\\/cs\\\/produkt\\\/trutool-fcn-250-trumpf-nibbler-na-vlaknite-kompozity\\\/\"]}]},{\"@type\":\"ImageObject\",\"inLanguage\":\"cs\",\"@id\":\"https:\\\/\\\/hundtgroup.com\\\/cs\\\/produkt\\\/trutool-fcn-250-trumpf-nibbler-na-vlaknite-kompozity\\\/#primaryimage\",\"url\":\"https:\\\/\\\/hundtgroup.com\\\/wp-content\\\/uploads\\\/352250-scaled.jpg\",\"contentUrl\":\"https:\\\/\\\/hundtgroup.com\\\/wp-content\\\/uploads\\\/352250-scaled.jpg\",\"width\":2560,\"height\":2194},{\"@type\":\"BreadcrumbList\",\"@id\":\"https:\\\/\\\/hundtgroup.com\\\/cs\\\/produkt\\\/trutool-fcn-250-trumpf-nibbler-na-vlaknite-kompozity\\\/#breadcrumb\",\"itemListElement\":[{\"@type\":\"ListItem\",\"position\":1,\"name\":\"Startseite\",\"item\":\"https:\\\/\\\/hundtgroup.com\\\/cs\\\/home-nove\\\/\"},{\"@type\":\"ListItem\",\"position\":2,\"name\":\"Obchod\",\"item\":\"https:\\\/\\\/hundtgroup.com\\\/obchod\\\/\"},{\"@type\":\"ListItem\",\"position\":3,\"name\":\"TruTool FCN 250 TRUMPF Nibbler na vl\u00e1knit\u00e9 kompozity\"}]},{\"@type\":\"WebSite\",\"@id\":\"https:\\\/\\\/hundtgroup.com\\\/cs\\\/#website\",\"url\":\"https:\\\/\\\/hundtgroup.com\\\/cs\\\/\",\"name\":\"Wilhelm Hundt GmbH\",\"description\":\"V\u00e1\u0161 specialista na stroje a n\u00e1stroje pro zpracov\u00e1n\u00ed plechu\",\"potentialAction\":[{\"@type\":\"SearchAction\",\"target\":{\"@type\":\"EntryPoint\",\"urlTemplate\":\"https:\\\/\\\/hundtgroup.com\\\/cs\\\/?s={search_term_string}\"},\"query-input\":{\"@type\":\"PropertyValueSpecification\",\"valueRequired\":true,\"valueName\":\"search_term_string\"}}],\"inLanguage\":\"cs\"}]}<\/script>\n<!-- \/ Yoast SEO plugin. -->","yoast_head_json":{"title":"TruTool FCN 250 TRUMPF Nibbler na vl\u00e1knit\u00e9 kompozity - Wilhelm Hundt GmbH","robots":{"index":"index","follow":"follow","max-snippet":"max-snippet:-1","max-image-preview":"max-image-preview:large","max-video-preview":"max-video-preview:-1"},"canonical":"https:\/\/hundtgroup.com\/cs\/produkt\/trutool-fcn-250-trumpf-nibbler-na-vlaknite-kompozity\/","og_locale":"cs_CZ","og_type":"article","og_title":"TruTool FCN 250 TRUMPF Nibbler na vl\u00e1knit\u00e9 kompozity - Wilhelm Hundt GmbH","og_description":"Vhodn\u00e9 pro *CFRP, GFRP, AFRP; termosety a termoplasty. Proces za studena bez tvorby kou\u0159e. N\u00edzk\u00e1 tvorba prachu. \u017d\u00e1dn\u00e9 delaminace nebo t\u0159epen\u00ed. Zm\u011bna sm\u011bru \u0159ezu o 360 stup\u0148\u016f. Hlin\u00edkov\u00fd tlakov\u011b lit\u00fd kryt pro maxim\u00e1ln\u00ed odolnost. Rychl\u00e1, m\u00e1lo \u00fanavn\u00e1 pr\u00e1ce bez s\u00edly posuvu. Ergonomicky optimalizovan\u00e9 rozlo\u017een\u00ed hmotnosti v\u0161ech komponent. stupn\u011b zm\u011bny sm\u011bru \u0159ezu. Tlakov\u011b lit\u00e9 hlin\u00edkov\u00e9 pouzdro [&hellip;]","og_url":"https:\/\/hundtgroup.com\/cs\/produkt\/trutool-fcn-250-trumpf-nibbler-na-vlaknite-kompozity\/","og_site_name":"Wilhelm Hundt GmbH","article_modified_time":"2025-07-29T08:19:20+00:00","og_image":[{"width":2560,"height":2194,"url":"https:\/\/hundtgroup.com\/wp-content\/uploads\/352250-scaled.jpg","type":"image\/jpeg"}],"twitter_card":"summary_large_image","twitter_misc":{"Odhadovan\u00e1 doba \u010dten\u00ed":"1 minuta"},"schema":{"@context":"https:\/\/schema.org","@graph":[{"@type":"WebPage","@id":"https:\/\/hundtgroup.com\/cs\/produkt\/trutool-fcn-250-trumpf-nibbler-na-vlaknite-kompozity\/","url":"https:\/\/hundtgroup.com\/cs\/produkt\/trutool-fcn-250-trumpf-nibbler-na-vlaknite-kompozity\/","name":"TruTool FCN 250 TRUMPF Nibbler na vl\u00e1knit\u00e9 kompozity - Wilhelm Hundt GmbH","isPartOf":{"@id":"https:\/\/hundtgroup.com\/cs\/#website"},"primaryImageOfPage":{"@id":"https:\/\/hundtgroup.com\/cs\/produkt\/trutool-fcn-250-trumpf-nibbler-na-vlaknite-kompozity\/#primaryimage"},"image":{"@id":"https:\/\/hundtgroup.com\/cs\/produkt\/trutool-fcn-250-trumpf-nibbler-na-vlaknite-kompozity\/#primaryimage"},"thumbnailUrl":"https:\/\/hundtgroup.com\/wp-content\/uploads\/352250-scaled.jpg","datePublished":"2022-08-23T13:55:42+00:00","dateModified":"2025-07-29T08:19:20+00:00","breadcrumb":{"@id":"https:\/\/hundtgroup.com\/cs\/produkt\/trutool-fcn-250-trumpf-nibbler-na-vlaknite-kompozity\/#breadcrumb"},"inLanguage":"cs","potentialAction":[{"@type":"ReadAction","target":["https:\/\/hundtgroup.com\/cs\/produkt\/trutool-fcn-250-trumpf-nibbler-na-vlaknite-kompozity\/"]}]},{"@type":"ImageObject","inLanguage":"cs","@id":"https:\/\/hundtgroup.com\/cs\/produkt\/trutool-fcn-250-trumpf-nibbler-na-vlaknite-kompozity\/#primaryimage","url":"https:\/\/hundtgroup.com\/wp-content\/uploads\/352250-scaled.jpg","contentUrl":"https:\/\/hundtgroup.com\/wp-content\/uploads\/352250-scaled.jpg","width":2560,"height":2194},{"@type":"BreadcrumbList","@id":"https:\/\/hundtgroup.com\/cs\/produkt\/trutool-fcn-250-trumpf-nibbler-na-vlaknite-kompozity\/#breadcrumb","itemListElement":[{"@type":"ListItem","position":1,"name":"Startseite","item":"https:\/\/hundtgroup.com\/cs\/home-nove\/"},{"@type":"ListItem","position":2,"name":"Obchod","item":"https:\/\/hundtgroup.com\/obchod\/"},{"@type":"ListItem","position":3,"name":"TruTool FCN 250 TRUMPF Nibbler na vl\u00e1knit\u00e9 kompozity"}]},{"@type":"WebSite","@id":"https:\/\/hundtgroup.com\/cs\/#website","url":"https:\/\/hundtgroup.com\/cs\/","name":"Wilhelm Hundt GmbH","description":"V\u00e1\u0161 specialista na stroje a n\u00e1stroje pro zpracov\u00e1n\u00ed plechu","potentialAction":[{"@type":"SearchAction","target":{"@type":"EntryPoint","urlTemplate":"https:\/\/hundtgroup.com\/cs\/?s={search_term_string}"},"query-input":{"@type":"PropertyValueSpecification","valueRequired":true,"valueName":"search_term_string"}}],"inLanguage":"cs"}]}},"_links":{"self":[{"href":"https:\/\/hundtgroup.com\/cs\/wp-json\/wp\/v2\/product\/15560","targetHints":{"allow":["GET"]}}],"collection":[{"href":"https:\/\/hundtgroup.com\/cs\/wp-json\/wp\/v2\/product"}],"about":[{"href":"https:\/\/hundtgroup.com\/cs\/wp-json\/wp\/v2\/types\/product"}],"wp:featuredmedia":[{"embeddable":true,"href":"https:\/\/hundtgroup.com\/cs\/wp-json\/wp\/v2\/media\/15561"}],"wp:attachment":[{"href":"https:\/\/hundtgroup.com\/cs\/wp-json\/wp\/v2\/media?parent=15560"}],"wp:term":[{"taxonomy":"product_cat","embeddable":true,"href":"https:\/\/hundtgroup.com\/cs\/wp-json\/wp\/v2\/product_cat?post=15560"},{"taxonomy":"product_tag","embeddable":true,"href":"https:\/\/hundtgroup.com\/cs\/wp-json\/wp\/v2\/product_tag?post=15560"}],"curies":[{"name":"wp","href":"https:\/\/api.w.org\/{rel}","templated":true}]}}