{"id":15574,"date":"2022-08-23T15:55:42","date_gmt":"2022-08-23T13:55:42","guid":{"rendered":"https:\/\/hundtgroup.com\/produkt\/nuzky-trumpf-trutool-n-1000\/"},"modified":"2025-07-29T10:19:41","modified_gmt":"2025-07-29T08:19:41","slug":"nuzky-trumpf-trutool-n-1000","status":"publish","type":"product","link":"https:\/\/hundtgroup.com\/cs\/produkt\/nuzky-trumpf-trutool-n-1000\/","title":{"rendered":"N\u016f\u017eky TRUMPF TruTool N 1000"},"content":{"rendered":"<p>\u0158eza\u010dka tlust\u00fdch plech\u016f s nov\u00fdm v\u00fdkonn\u00fdm motorem o p\u0159\u00edkonu 2600 W i p\u0159es 90\u00b0 ohyby.<br \/>\nVhodn\u00e1 pro \u0159ez\u00e1n\u00ed \u00fakol\u016f v konstrukci n\u00e1dr\u017e\u00ed\/kontejner\u016f.<br \/>\n4 polohy n\u00e1stroje pro ka\u017ed\u00e9 pou\u017eit\u00ed.<br \/>\n\u0158ez\u00e1n\u00ed s citlivost\u00ed na n\u00e1klon p\u0159es hrany, sv\u00e1ry a zdvojen\u00e9 plechy.<br \/>\nDvourychlostn\u00ed p\u0159evodovka pro optim\u00e1ln\u00ed \u0159ezn\u00fd v\u00fdkon ve vysokopevnostn\u00edch materi\u00e1lech a vy\u0161\u0161\u00ed \u017eivotnost n\u00e1stroje.<br \/>\nNov\u00e1 m\u011bkk\u00e1 rukoje\u0165 sni\u017euje vibrace p\u0159i pr\u00e1ci a zaji\u0161\u0165uje pohodln\u00e9 veden\u00ed stroje.<\/p>\n","protected":false},"excerpt":{"rendered":"<p>\u0158eza\u010dka tlust\u00fdch plech\u016f s nov\u00fdm v\u00fdkonn\u00fdm motorem o p\u0159\u00edkonu 2600 W i p\u0159es 90\u00b0 ohyby. Vhodn\u00e1 pro \u0159ez\u00e1n\u00ed \u00fakol\u016f v konstrukci n\u00e1dr\u017e\u00ed\/kontejner\u016f. 4 polohy n\u00e1stroje pro ka\u017ed\u00e9 pou\u017eit\u00ed. \u0158ez\u00e1n\u00ed s citlivost\u00ed na n\u00e1klon p\u0159es hrany, sv\u00e1ry a zdvojen\u00e9 plechy. Dvourychlostn\u00ed p\u0159evodovka pro optim\u00e1ln\u00ed \u0159ezn\u00fd v\u00fdkon ve vysokopevnostn\u00edch materi\u00e1lech a vy\u0161\u0161\u00ed \u017eivotnost n\u00e1stroje. Nov\u00e1 m\u011bkk\u00e1 rukoje\u0165 [&hellip;]<\/p>\n","protected":false},"featured_media":15576,"template":"","meta":{"_acf_changed":false,"inline_featured_image":false},"product_cat":[684,664],"product_tag":[],"class_list":{"0":"post-15574","1":"product","2":"type-product","3":"status-publish","4":"has-post-thumbnail","6":"brand-trumpf","7":"product_cat-nibbler-cs","8":"product_cat-elektricke-naradi","10":"first","11":"instock","12":"sale","13":"taxable","14":"shipping-taxable","15":"purchasable","16":"product-type-simple","17":"add-to-wishlist-before_image"},"acf":[],"yoast_head":"<!-- This site is optimized with the Yoast SEO plugin v27.3 - https:\/\/yoast.com\/product\/yoast-seo-wordpress\/ -->\n<title>N\u016f\u017eky TRUMPF TruTool N 1000 - Wilhelm Hundt GmbH<\/title>\n<meta name=\"robots\" content=\"index, follow, max-snippet:-1, max-image-preview:large, max-video-preview:-1\" \/>\n<link rel=\"canonical\" href=\"https:\/\/hundtgroup.com\/cs\/produkt\/nuzky-trumpf-trutool-n-1000\/\" \/>\n<meta property=\"og:locale\" content=\"cs_CZ\" \/>\n<meta property=\"og:type\" content=\"article\" \/>\n<meta property=\"og:title\" content=\"N\u016f\u017eky TRUMPF TruTool N 1000 - Wilhelm Hundt GmbH\" \/>\n<meta property=\"og:description\" content=\"\u0158eza\u010dka tlust\u00fdch plech\u016f s nov\u00fdm v\u00fdkonn\u00fdm motorem o p\u0159\u00edkonu 2600 W i p\u0159es 90\u00b0 ohyby. Vhodn\u00e1 pro \u0159ez\u00e1n\u00ed \u00fakol\u016f v konstrukci n\u00e1dr\u017e\u00ed\/kontejner\u016f. 4 polohy n\u00e1stroje pro ka\u017ed\u00e9 pou\u017eit\u00ed. \u0158ez\u00e1n\u00ed s citlivost\u00ed na n\u00e1klon p\u0159es hrany, sv\u00e1ry a zdvojen\u00e9 plechy. Dvourychlostn\u00ed p\u0159evodovka pro optim\u00e1ln\u00ed \u0159ezn\u00fd v\u00fdkon ve vysokopevnostn\u00edch materi\u00e1lech a vy\u0161\u0161\u00ed \u017eivotnost n\u00e1stroje. Nov\u00e1 m\u011bkk\u00e1 rukoje\u0165 [&hellip;]\" \/>\n<meta property=\"og:url\" content=\"https:\/\/hundtgroup.com\/cs\/produkt\/nuzky-trumpf-trutool-n-1000\/\" \/>\n<meta property=\"og:site_name\" content=\"Wilhelm Hundt GmbH\" \/>\n<meta property=\"article:modified_time\" content=\"2025-07-29T08:19:41+00:00\" \/>\n<meta property=\"og:image\" content=\"https:\/\/hundtgroup.com\/wp-content\/uploads\/345073-scaled.jpg\" \/>\n\t<meta property=\"og:image:width\" content=\"2560\" \/>\n\t<meta property=\"og:image:height\" content=\"2560\" \/>\n\t<meta property=\"og:image:type\" content=\"image\/jpeg\" \/>\n<meta name=\"twitter:card\" content=\"summary_large_image\" \/>\n<script type=\"application\/ld+json\" class=\"yoast-schema-graph\">{\"@context\":\"https:\\\/\\\/schema.org\",\"@graph\":[{\"@type\":\"WebPage\",\"@id\":\"https:\\\/\\\/hundtgroup.com\\\/cs\\\/produkt\\\/nuzky-trumpf-trutool-n-1000\\\/\",\"url\":\"https:\\\/\\\/hundtgroup.com\\\/cs\\\/produkt\\\/nuzky-trumpf-trutool-n-1000\\\/\",\"name\":\"N\u016f\u017eky TRUMPF TruTool N 1000 - Wilhelm Hundt GmbH\",\"isPartOf\":{\"@id\":\"https:\\\/\\\/hundtgroup.com\\\/cs\\\/#website\"},\"primaryImageOfPage\":{\"@id\":\"https:\\\/\\\/hundtgroup.com\\\/cs\\\/produkt\\\/nuzky-trumpf-trutool-n-1000\\\/#primaryimage\"},\"image\":{\"@id\":\"https:\\\/\\\/hundtgroup.com\\\/cs\\\/produkt\\\/nuzky-trumpf-trutool-n-1000\\\/#primaryimage\"},\"thumbnailUrl\":\"https:\\\/\\\/hundtgroup.com\\\/wp-content\\\/uploads\\\/345073-scaled.jpg\",\"datePublished\":\"2022-08-23T13:55:42+00:00\",\"dateModified\":\"2025-07-29T08:19:41+00:00\",\"breadcrumb\":{\"@id\":\"https:\\\/\\\/hundtgroup.com\\\/cs\\\/produkt\\\/nuzky-trumpf-trutool-n-1000\\\/#breadcrumb\"},\"inLanguage\":\"cs\",\"potentialAction\":[{\"@type\":\"ReadAction\",\"target\":[\"https:\\\/\\\/hundtgroup.com\\\/cs\\\/produkt\\\/nuzky-trumpf-trutool-n-1000\\\/\"]}]},{\"@type\":\"ImageObject\",\"inLanguage\":\"cs\",\"@id\":\"https:\\\/\\\/hundtgroup.com\\\/cs\\\/produkt\\\/nuzky-trumpf-trutool-n-1000\\\/#primaryimage\",\"url\":\"https:\\\/\\\/hundtgroup.com\\\/wp-content\\\/uploads\\\/345073-scaled.jpg\",\"contentUrl\":\"https:\\\/\\\/hundtgroup.com\\\/wp-content\\\/uploads\\\/345073-scaled.jpg\",\"width\":2560,\"height\":2560},{\"@type\":\"BreadcrumbList\",\"@id\":\"https:\\\/\\\/hundtgroup.com\\\/cs\\\/produkt\\\/nuzky-trumpf-trutool-n-1000\\\/#breadcrumb\",\"itemListElement\":[{\"@type\":\"ListItem\",\"position\":1,\"name\":\"Startseite\",\"item\":\"https:\\\/\\\/hundtgroup.com\\\/cs\\\/home-nove\\\/\"},{\"@type\":\"ListItem\",\"position\":2,\"name\":\"Obchod\",\"item\":\"https:\\\/\\\/hundtgroup.com\\\/obchod\\\/\"},{\"@type\":\"ListItem\",\"position\":3,\"name\":\"N\u016f\u017eky TRUMPF TruTool N 1000\"}]},{\"@type\":\"WebSite\",\"@id\":\"https:\\\/\\\/hundtgroup.com\\\/cs\\\/#website\",\"url\":\"https:\\\/\\\/hundtgroup.com\\\/cs\\\/\",\"name\":\"Wilhelm Hundt GmbH\",\"description\":\"V\u00e1\u0161 specialista na stroje a n\u00e1stroje pro zpracov\u00e1n\u00ed plechu\",\"potentialAction\":[{\"@type\":\"SearchAction\",\"target\":{\"@type\":\"EntryPoint\",\"urlTemplate\":\"https:\\\/\\\/hundtgroup.com\\\/cs\\\/?s={search_term_string}\"},\"query-input\":{\"@type\":\"PropertyValueSpecification\",\"valueRequired\":true,\"valueName\":\"search_term_string\"}}],\"inLanguage\":\"cs\"}]}<\/script>\n<!-- \/ Yoast SEO plugin. -->","yoast_head_json":{"title":"N\u016f\u017eky TRUMPF TruTool N 1000 - Wilhelm Hundt GmbH","robots":{"index":"index","follow":"follow","max-snippet":"max-snippet:-1","max-image-preview":"max-image-preview:large","max-video-preview":"max-video-preview:-1"},"canonical":"https:\/\/hundtgroup.com\/cs\/produkt\/nuzky-trumpf-trutool-n-1000\/","og_locale":"cs_CZ","og_type":"article","og_title":"N\u016f\u017eky TRUMPF TruTool N 1000 - Wilhelm Hundt GmbH","og_description":"\u0158eza\u010dka tlust\u00fdch plech\u016f s nov\u00fdm v\u00fdkonn\u00fdm motorem o p\u0159\u00edkonu 2600 W i p\u0159es 90\u00b0 ohyby. Vhodn\u00e1 pro \u0159ez\u00e1n\u00ed \u00fakol\u016f v konstrukci n\u00e1dr\u017e\u00ed\/kontejner\u016f. 4 polohy n\u00e1stroje pro ka\u017ed\u00e9 pou\u017eit\u00ed. \u0158ez\u00e1n\u00ed s citlivost\u00ed na n\u00e1klon p\u0159es hrany, sv\u00e1ry a zdvojen\u00e9 plechy. Dvourychlostn\u00ed p\u0159evodovka pro optim\u00e1ln\u00ed \u0159ezn\u00fd v\u00fdkon ve vysokopevnostn\u00edch materi\u00e1lech a vy\u0161\u0161\u00ed \u017eivotnost n\u00e1stroje. Nov\u00e1 m\u011bkk\u00e1 rukoje\u0165 [&hellip;]","og_url":"https:\/\/hundtgroup.com\/cs\/produkt\/nuzky-trumpf-trutool-n-1000\/","og_site_name":"Wilhelm Hundt GmbH","article_modified_time":"2025-07-29T08:19:41+00:00","og_image":[{"width":2560,"height":2560,"url":"https:\/\/hundtgroup.com\/wp-content\/uploads\/345073-scaled.jpg","type":"image\/jpeg"}],"twitter_card":"summary_large_image","schema":{"@context":"https:\/\/schema.org","@graph":[{"@type":"WebPage","@id":"https:\/\/hundtgroup.com\/cs\/produkt\/nuzky-trumpf-trutool-n-1000\/","url":"https:\/\/hundtgroup.com\/cs\/produkt\/nuzky-trumpf-trutool-n-1000\/","name":"N\u016f\u017eky TRUMPF TruTool N 1000 - Wilhelm Hundt GmbH","isPartOf":{"@id":"https:\/\/hundtgroup.com\/cs\/#website"},"primaryImageOfPage":{"@id":"https:\/\/hundtgroup.com\/cs\/produkt\/nuzky-trumpf-trutool-n-1000\/#primaryimage"},"image":{"@id":"https:\/\/hundtgroup.com\/cs\/produkt\/nuzky-trumpf-trutool-n-1000\/#primaryimage"},"thumbnailUrl":"https:\/\/hundtgroup.com\/wp-content\/uploads\/345073-scaled.jpg","datePublished":"2022-08-23T13:55:42+00:00","dateModified":"2025-07-29T08:19:41+00:00","breadcrumb":{"@id":"https:\/\/hundtgroup.com\/cs\/produkt\/nuzky-trumpf-trutool-n-1000\/#breadcrumb"},"inLanguage":"cs","potentialAction":[{"@type":"ReadAction","target":["https:\/\/hundtgroup.com\/cs\/produkt\/nuzky-trumpf-trutool-n-1000\/"]}]},{"@type":"ImageObject","inLanguage":"cs","@id":"https:\/\/hundtgroup.com\/cs\/produkt\/nuzky-trumpf-trutool-n-1000\/#primaryimage","url":"https:\/\/hundtgroup.com\/wp-content\/uploads\/345073-scaled.jpg","contentUrl":"https:\/\/hundtgroup.com\/wp-content\/uploads\/345073-scaled.jpg","width":2560,"height":2560},{"@type":"BreadcrumbList","@id":"https:\/\/hundtgroup.com\/cs\/produkt\/nuzky-trumpf-trutool-n-1000\/#breadcrumb","itemListElement":[{"@type":"ListItem","position":1,"name":"Startseite","item":"https:\/\/hundtgroup.com\/cs\/home-nove\/"},{"@type":"ListItem","position":2,"name":"Obchod","item":"https:\/\/hundtgroup.com\/obchod\/"},{"@type":"ListItem","position":3,"name":"N\u016f\u017eky TRUMPF TruTool N 1000"}]},{"@type":"WebSite","@id":"https:\/\/hundtgroup.com\/cs\/#website","url":"https:\/\/hundtgroup.com\/cs\/","name":"Wilhelm Hundt GmbH","description":"V\u00e1\u0161 specialista na stroje a n\u00e1stroje pro zpracov\u00e1n\u00ed plechu","potentialAction":[{"@type":"SearchAction","target":{"@type":"EntryPoint","urlTemplate":"https:\/\/hundtgroup.com\/cs\/?s={search_term_string}"},"query-input":{"@type":"PropertyValueSpecification","valueRequired":true,"valueName":"search_term_string"}}],"inLanguage":"cs"}]}},"_links":{"self":[{"href":"https:\/\/hundtgroup.com\/cs\/wp-json\/wp\/v2\/product\/15574","targetHints":{"allow":["GET"]}}],"collection":[{"href":"https:\/\/hundtgroup.com\/cs\/wp-json\/wp\/v2\/product"}],"about":[{"href":"https:\/\/hundtgroup.com\/cs\/wp-json\/wp\/v2\/types\/product"}],"wp:featuredmedia":[{"embeddable":true,"href":"https:\/\/hundtgroup.com\/cs\/wp-json\/wp\/v2\/media\/15576"}],"wp:attachment":[{"href":"https:\/\/hundtgroup.com\/cs\/wp-json\/wp\/v2\/media?parent=15574"}],"wp:term":[{"taxonomy":"product_cat","embeddable":true,"href":"https:\/\/hundtgroup.com\/cs\/wp-json\/wp\/v2\/product_cat?post=15574"},{"taxonomy":"product_tag","embeddable":true,"href":"https:\/\/hundtgroup.com\/cs\/wp-json\/wp\/v2\/product_tag?post=15574"}],"curies":[{"name":"wp","href":"https:\/\/api.w.org\/{rel}","templated":true}]}}