{"id":15587,"date":"2022-08-23T15:55:42","date_gmt":"2022-08-23T13:55:42","guid":{"rendered":"https:\/\/hundtgroup.com\/produkt\/nuzky-trumpf-trutool-n-700\/"},"modified":"2025-07-29T10:20:05","modified_gmt":"2025-07-29T08:20:05","slug":"nuzky-trumpf-trutool-n-700","status":"publish","type":"product","link":"https:\/\/hundtgroup.com\/cs\/produkt\/nuzky-trumpf-trutool-n-700\/","title":{"rendered":"N\u016f\u017eky TRUMPF TruTool N 700"},"content":{"rendered":"<p>\u010ctvercov\u00fd d\u011brova\u010d: vysok\u00e1 mobilita profilu d\u00edky \u00fazk\u00e9mu tvaru d\u011brova\u010de<br \/>\n4 sm\u011bry \u0159ezu<br \/>\nNastaven\u00ed sm\u011bru \u0159ezu bez pou\u017eit\u00ed n\u00e1\u0159ad\u00ed<br \/>\nIde\u00e1ln\u00ed pro \u0159ezy p\u0159es hrany, sv\u00e1ry a zdvojen\u00e9 plechy<br \/>\nDv\u011b r\u016fzn\u00e9 rukojeti pro pr\u00e1ci na m\u00edru<br \/>\nTak\u00e9 pro t\u011b\u017eko p\u0159\u00edstupn\u00e9 a \u00fazk\u00e9 oblasti<br \/>\nVysok\u00fd komfort obsluhy d\u00edky nastaviteln\u00e9 rukojeti motoru.<\/p>\n","protected":false},"excerpt":{"rendered":"<p>\u010ctvercov\u00fd d\u011brova\u010d: vysok\u00e1 mobilita profilu d\u00edky \u00fazk\u00e9mu tvaru d\u011brova\u010de 4 sm\u011bry \u0159ezu Nastaven\u00ed sm\u011bru \u0159ezu bez pou\u017eit\u00ed n\u00e1\u0159ad\u00ed Ide\u00e1ln\u00ed pro \u0159ezy p\u0159es hrany, sv\u00e1ry a zdvojen\u00e9 plechy Dv\u011b r\u016fzn\u00e9 rukojeti pro pr\u00e1ci na m\u00edru Tak\u00e9 pro t\u011b\u017eko p\u0159\u00edstupn\u00e9 a \u00fazk\u00e9 oblasti Vysok\u00fd komfort obsluhy d\u00edky nastaviteln\u00e9 rukojeti motoru.<\/p>\n","protected":false},"featured_media":15589,"template":"","meta":{"_acf_changed":false,"inline_featured_image":false},"product_cat":[684,664],"product_tag":[],"class_list":{"0":"post-15587","1":"product","2":"type-product","3":"status-publish","4":"has-post-thumbnail","6":"brand-trumpf","7":"product_cat-nibbler-cs","8":"product_cat-elektricke-naradi","10":"first","11":"instock","12":"sale","13":"taxable","14":"shipping-taxable","15":"purchasable","16":"product-type-simple","17":"add-to-wishlist-before_image"},"acf":[],"yoast_head":"<!-- This site is optimized with the Yoast SEO plugin v27.3 - https:\/\/yoast.com\/product\/yoast-seo-wordpress\/ -->\n<title>N\u016f\u017eky TRUMPF TruTool N 700 - Wilhelm Hundt GmbH<\/title>\n<meta name=\"robots\" content=\"index, follow, max-snippet:-1, max-image-preview:large, max-video-preview:-1\" \/>\n<link rel=\"canonical\" href=\"https:\/\/hundtgroup.com\/cs\/produkt\/nuzky-trumpf-trutool-n-700\/\" \/>\n<meta property=\"og:locale\" content=\"cs_CZ\" \/>\n<meta property=\"og:type\" content=\"article\" \/>\n<meta property=\"og:title\" content=\"N\u016f\u017eky TRUMPF TruTool N 700 - Wilhelm Hundt GmbH\" \/>\n<meta property=\"og:description\" content=\"\u010ctvercov\u00fd d\u011brova\u010d: vysok\u00e1 mobilita profilu d\u00edky \u00fazk\u00e9mu tvaru d\u011brova\u010de 4 sm\u011bry \u0159ezu Nastaven\u00ed sm\u011bru \u0159ezu bez pou\u017eit\u00ed n\u00e1\u0159ad\u00ed Ide\u00e1ln\u00ed pro \u0159ezy p\u0159es hrany, sv\u00e1ry a zdvojen\u00e9 plechy Dv\u011b r\u016fzn\u00e9 rukojeti pro pr\u00e1ci na m\u00edru Tak\u00e9 pro t\u011b\u017eko p\u0159\u00edstupn\u00e9 a \u00fazk\u00e9 oblasti Vysok\u00fd komfort obsluhy d\u00edky nastaviteln\u00e9 rukojeti motoru.\" \/>\n<meta property=\"og:url\" content=\"https:\/\/hundtgroup.com\/cs\/produkt\/nuzky-trumpf-trutool-n-700\/\" \/>\n<meta property=\"og:site_name\" content=\"Wilhelm Hundt GmbH\" \/>\n<meta property=\"article:modified_time\" content=\"2025-07-29T08:20:05+00:00\" \/>\n<meta property=\"og:image\" content=\"https:\/\/hundtgroup.com\/wp-content\/uploads\/357000-scaled.jpg\" \/>\n\t<meta property=\"og:image:width\" content=\"2560\" \/>\n\t<meta property=\"og:image:height\" content=\"2560\" \/>\n\t<meta property=\"og:image:type\" content=\"image\/jpeg\" \/>\n<meta name=\"twitter:card\" content=\"summary_large_image\" \/>\n<script type=\"application\/ld+json\" class=\"yoast-schema-graph\">{\"@context\":\"https:\\\/\\\/schema.org\",\"@graph\":[{\"@type\":\"WebPage\",\"@id\":\"https:\\\/\\\/hundtgroup.com\\\/cs\\\/produkt\\\/nuzky-trumpf-trutool-n-700\\\/\",\"url\":\"https:\\\/\\\/hundtgroup.com\\\/cs\\\/produkt\\\/nuzky-trumpf-trutool-n-700\\\/\",\"name\":\"N\u016f\u017eky TRUMPF TruTool N 700 - Wilhelm Hundt GmbH\",\"isPartOf\":{\"@id\":\"https:\\\/\\\/hundtgroup.com\\\/cs\\\/#website\"},\"primaryImageOfPage\":{\"@id\":\"https:\\\/\\\/hundtgroup.com\\\/cs\\\/produkt\\\/nuzky-trumpf-trutool-n-700\\\/#primaryimage\"},\"image\":{\"@id\":\"https:\\\/\\\/hundtgroup.com\\\/cs\\\/produkt\\\/nuzky-trumpf-trutool-n-700\\\/#primaryimage\"},\"thumbnailUrl\":\"https:\\\/\\\/hundtgroup.com\\\/wp-content\\\/uploads\\\/357000-scaled.jpg\",\"datePublished\":\"2022-08-23T13:55:42+00:00\",\"dateModified\":\"2025-07-29T08:20:05+00:00\",\"breadcrumb\":{\"@id\":\"https:\\\/\\\/hundtgroup.com\\\/cs\\\/produkt\\\/nuzky-trumpf-trutool-n-700\\\/#breadcrumb\"},\"inLanguage\":\"cs\",\"potentialAction\":[{\"@type\":\"ReadAction\",\"target\":[\"https:\\\/\\\/hundtgroup.com\\\/cs\\\/produkt\\\/nuzky-trumpf-trutool-n-700\\\/\"]}]},{\"@type\":\"ImageObject\",\"inLanguage\":\"cs\",\"@id\":\"https:\\\/\\\/hundtgroup.com\\\/cs\\\/produkt\\\/nuzky-trumpf-trutool-n-700\\\/#primaryimage\",\"url\":\"https:\\\/\\\/hundtgroup.com\\\/wp-content\\\/uploads\\\/357000-scaled.jpg\",\"contentUrl\":\"https:\\\/\\\/hundtgroup.com\\\/wp-content\\\/uploads\\\/357000-scaled.jpg\",\"width\":2560,\"height\":2560},{\"@type\":\"BreadcrumbList\",\"@id\":\"https:\\\/\\\/hundtgroup.com\\\/cs\\\/produkt\\\/nuzky-trumpf-trutool-n-700\\\/#breadcrumb\",\"itemListElement\":[{\"@type\":\"ListItem\",\"position\":1,\"name\":\"Startseite\",\"item\":\"https:\\\/\\\/hundtgroup.com\\\/cs\\\/home-nove\\\/\"},{\"@type\":\"ListItem\",\"position\":2,\"name\":\"Obchod\",\"item\":\"https:\\\/\\\/hundtgroup.com\\\/obchod\\\/\"},{\"@type\":\"ListItem\",\"position\":3,\"name\":\"N\u016f\u017eky TRUMPF TruTool N 700\"}]},{\"@type\":\"WebSite\",\"@id\":\"https:\\\/\\\/hundtgroup.com\\\/cs\\\/#website\",\"url\":\"https:\\\/\\\/hundtgroup.com\\\/cs\\\/\",\"name\":\"Wilhelm Hundt GmbH\",\"description\":\"V\u00e1\u0161 specialista na stroje a n\u00e1stroje pro zpracov\u00e1n\u00ed plechu\",\"potentialAction\":[{\"@type\":\"SearchAction\",\"target\":{\"@type\":\"EntryPoint\",\"urlTemplate\":\"https:\\\/\\\/hundtgroup.com\\\/cs\\\/?s={search_term_string}\"},\"query-input\":{\"@type\":\"PropertyValueSpecification\",\"valueRequired\":true,\"valueName\":\"search_term_string\"}}],\"inLanguage\":\"cs\"}]}<\/script>\n<!-- \/ Yoast SEO plugin. -->","yoast_head_json":{"title":"N\u016f\u017eky TRUMPF TruTool N 700 - Wilhelm Hundt GmbH","robots":{"index":"index","follow":"follow","max-snippet":"max-snippet:-1","max-image-preview":"max-image-preview:large","max-video-preview":"max-video-preview:-1"},"canonical":"https:\/\/hundtgroup.com\/cs\/produkt\/nuzky-trumpf-trutool-n-700\/","og_locale":"cs_CZ","og_type":"article","og_title":"N\u016f\u017eky TRUMPF TruTool N 700 - Wilhelm Hundt GmbH","og_description":"\u010ctvercov\u00fd d\u011brova\u010d: vysok\u00e1 mobilita profilu d\u00edky \u00fazk\u00e9mu tvaru d\u011brova\u010de 4 sm\u011bry \u0159ezu Nastaven\u00ed sm\u011bru \u0159ezu bez pou\u017eit\u00ed n\u00e1\u0159ad\u00ed Ide\u00e1ln\u00ed pro \u0159ezy p\u0159es hrany, sv\u00e1ry a zdvojen\u00e9 plechy Dv\u011b r\u016fzn\u00e9 rukojeti pro pr\u00e1ci na m\u00edru Tak\u00e9 pro t\u011b\u017eko p\u0159\u00edstupn\u00e9 a \u00fazk\u00e9 oblasti Vysok\u00fd komfort obsluhy d\u00edky nastaviteln\u00e9 rukojeti motoru.","og_url":"https:\/\/hundtgroup.com\/cs\/produkt\/nuzky-trumpf-trutool-n-700\/","og_site_name":"Wilhelm Hundt GmbH","article_modified_time":"2025-07-29T08:20:05+00:00","og_image":[{"width":2560,"height":2560,"url":"https:\/\/hundtgroup.com\/wp-content\/uploads\/357000-scaled.jpg","type":"image\/jpeg"}],"twitter_card":"summary_large_image","schema":{"@context":"https:\/\/schema.org","@graph":[{"@type":"WebPage","@id":"https:\/\/hundtgroup.com\/cs\/produkt\/nuzky-trumpf-trutool-n-700\/","url":"https:\/\/hundtgroup.com\/cs\/produkt\/nuzky-trumpf-trutool-n-700\/","name":"N\u016f\u017eky TRUMPF TruTool N 700 - Wilhelm Hundt GmbH","isPartOf":{"@id":"https:\/\/hundtgroup.com\/cs\/#website"},"primaryImageOfPage":{"@id":"https:\/\/hundtgroup.com\/cs\/produkt\/nuzky-trumpf-trutool-n-700\/#primaryimage"},"image":{"@id":"https:\/\/hundtgroup.com\/cs\/produkt\/nuzky-trumpf-trutool-n-700\/#primaryimage"},"thumbnailUrl":"https:\/\/hundtgroup.com\/wp-content\/uploads\/357000-scaled.jpg","datePublished":"2022-08-23T13:55:42+00:00","dateModified":"2025-07-29T08:20:05+00:00","breadcrumb":{"@id":"https:\/\/hundtgroup.com\/cs\/produkt\/nuzky-trumpf-trutool-n-700\/#breadcrumb"},"inLanguage":"cs","potentialAction":[{"@type":"ReadAction","target":["https:\/\/hundtgroup.com\/cs\/produkt\/nuzky-trumpf-trutool-n-700\/"]}]},{"@type":"ImageObject","inLanguage":"cs","@id":"https:\/\/hundtgroup.com\/cs\/produkt\/nuzky-trumpf-trutool-n-700\/#primaryimage","url":"https:\/\/hundtgroup.com\/wp-content\/uploads\/357000-scaled.jpg","contentUrl":"https:\/\/hundtgroup.com\/wp-content\/uploads\/357000-scaled.jpg","width":2560,"height":2560},{"@type":"BreadcrumbList","@id":"https:\/\/hundtgroup.com\/cs\/produkt\/nuzky-trumpf-trutool-n-700\/#breadcrumb","itemListElement":[{"@type":"ListItem","position":1,"name":"Startseite","item":"https:\/\/hundtgroup.com\/cs\/home-nove\/"},{"@type":"ListItem","position":2,"name":"Obchod","item":"https:\/\/hundtgroup.com\/obchod\/"},{"@type":"ListItem","position":3,"name":"N\u016f\u017eky TRUMPF TruTool N 700"}]},{"@type":"WebSite","@id":"https:\/\/hundtgroup.com\/cs\/#website","url":"https:\/\/hundtgroup.com\/cs\/","name":"Wilhelm Hundt GmbH","description":"V\u00e1\u0161 specialista na stroje a n\u00e1stroje pro zpracov\u00e1n\u00ed plechu","potentialAction":[{"@type":"SearchAction","target":{"@type":"EntryPoint","urlTemplate":"https:\/\/hundtgroup.com\/cs\/?s={search_term_string}"},"query-input":{"@type":"PropertyValueSpecification","valueRequired":true,"valueName":"search_term_string"}}],"inLanguage":"cs"}]}},"_links":{"self":[{"href":"https:\/\/hundtgroup.com\/cs\/wp-json\/wp\/v2\/product\/15587","targetHints":{"allow":["GET"]}}],"collection":[{"href":"https:\/\/hundtgroup.com\/cs\/wp-json\/wp\/v2\/product"}],"about":[{"href":"https:\/\/hundtgroup.com\/cs\/wp-json\/wp\/v2\/types\/product"}],"wp:featuredmedia":[{"embeddable":true,"href":"https:\/\/hundtgroup.com\/cs\/wp-json\/wp\/v2\/media\/15589"}],"wp:attachment":[{"href":"https:\/\/hundtgroup.com\/cs\/wp-json\/wp\/v2\/media?parent=15587"}],"wp:term":[{"taxonomy":"product_cat","embeddable":true,"href":"https:\/\/hundtgroup.com\/cs\/wp-json\/wp\/v2\/product_cat?post=15587"},{"taxonomy":"product_tag","embeddable":true,"href":"https:\/\/hundtgroup.com\/cs\/wp-json\/wp\/v2\/product_tag?post=15587"}],"curies":[{"name":"wp","href":"https:\/\/api.w.org\/{rel}","templated":true}]}}