{"id":15663,"date":"2022-08-23T15:55:42","date_gmt":"2022-08-23T13:55:42","guid":{"rendered":"https:\/\/hundtgroup.com\/produkt\/trumpf-trutool-n-160-12v-40-ah-akumulatorove-nuzky-na-plech\/"},"modified":"2025-07-29T10:12:45","modified_gmt":"2025-07-29T08:12:45","slug":"trumpf-trutool-n-160-12v-40-ah-akumulatorove-nuzky-na-plech","status":"publish","type":"product","link":"https:\/\/hundtgroup.com\/cs\/produkt\/trumpf-trutool-n-160-12v-40-ah-akumulatorove-nuzky-na-plech\/","title":{"rendered":"TRUMPF TruTool N 160 12V 4,0 Ah akumul\u00e1torov\u00e9 n\u016f\u017eky na plech"},"content":{"rendered":"<p>TruTool N 160 pro ploch\u00e9 a vlnit\u00e9 plechy<br \/>\nS n\u00e1stavcem pro hlub\u0161\u00ed trap\u00e9zov\u00e9 a profilovan\u00e9 plechy<br \/>\nKompaktn\u00ed design a ergonomick\u00e1 rukoje\u0165<br \/>\nM\u011bkk\u00e1 rukoje\u0165 minimalizuje vibrace: Pro pr\u00e1ci bez \u00fanavy<br \/>\nKulat\u00fd d\u011brova\u010d: Pro vysokou flexibilitu p\u0159i \u0159ez\u00e1n\u00ed k\u0159ivek a profil\u016f<br \/>\n8 sm\u011br\u016f \u0159ezu: Nastaviteln\u00fd v kroc\u00edch po 45\u00b0 bez pou\u017eit\u00ed n\u00e1\u0159ad\u00ed<br \/>\nV\u00fdm\u011bna n\u00e1stroj\u016f, matric a d\u011brova\u010d\u016f bez pou\u017eit\u00ed n\u00e1\u0159ad\u00ed<\/p>\n","protected":false},"excerpt":{"rendered":"<p>TruTool N 160 pro ploch\u00e9 a vlnit\u00e9 plechy S n\u00e1stavcem pro hlub\u0161\u00ed trap\u00e9zov\u00e9 a profilovan\u00e9 plechy Kompaktn\u00ed design a ergonomick\u00e1 rukoje\u0165 M\u011bkk\u00e1 rukoje\u0165 minimalizuje vibrace: Pro pr\u00e1ci bez \u00fanavy Kulat\u00fd d\u011brova\u010d: Pro vysokou flexibilitu p\u0159i \u0159ez\u00e1n\u00ed k\u0159ivek a profil\u016f 8 sm\u011br\u016f \u0159ezu: Nastaviteln\u00fd v kroc\u00edch po 45\u00b0 bez pou\u017eit\u00ed n\u00e1\u0159ad\u00ed V\u00fdm\u011bna n\u00e1stroj\u016f, matric a d\u011brova\u010d\u016f [&hellip;]<\/p>\n","protected":false},"featured_media":15665,"template":"","meta":{"_acf_changed":false,"inline_featured_image":false},"product_cat":[695,649],"product_tag":[],"class_list":{"0":"post-15663","1":"product","2":"type-product","3":"status-publish","4":"has-post-thumbnail","6":"brand-trumpf","7":"product_cat-nibbler-cs-2","8":"product_cat-bateriove-nastroje","10":"first","11":"instock","12":"sale","13":"taxable","14":"shipping-taxable","15":"purchasable","16":"product-type-simple","17":"add-to-wishlist-before_image"},"acf":[],"yoast_head":"<!-- This site is optimized with the Yoast SEO plugin v27.3 - https:\/\/yoast.com\/product\/yoast-seo-wordpress\/ -->\n<title>TRUMPF TruTool N 160 12V 4,0 Ah akumul\u00e1torov\u00e9 n\u016f\u017eky na plech - Wilhelm Hundt GmbH<\/title>\n<meta name=\"robots\" content=\"index, follow, max-snippet:-1, max-image-preview:large, max-video-preview:-1\" \/>\n<link rel=\"canonical\" href=\"https:\/\/hundtgroup.com\/cs\/produkt\/trumpf-trutool-n-160-12v-40-ah-akumulatorove-nuzky-na-plech\/\" \/>\n<meta property=\"og:locale\" content=\"cs_CZ\" \/>\n<meta property=\"og:type\" content=\"article\" \/>\n<meta property=\"og:title\" content=\"TRUMPF TruTool N 160 12V 4,0 Ah akumul\u00e1torov\u00e9 n\u016f\u017eky na plech - Wilhelm Hundt GmbH\" \/>\n<meta property=\"og:description\" content=\"TruTool N 160 pro ploch\u00e9 a vlnit\u00e9 plechy S n\u00e1stavcem pro hlub\u0161\u00ed trap\u00e9zov\u00e9 a profilovan\u00e9 plechy Kompaktn\u00ed design a ergonomick\u00e1 rukoje\u0165 M\u011bkk\u00e1 rukoje\u0165 minimalizuje vibrace: Pro pr\u00e1ci bez \u00fanavy Kulat\u00fd d\u011brova\u010d: Pro vysokou flexibilitu p\u0159i \u0159ez\u00e1n\u00ed k\u0159ivek a profil\u016f 8 sm\u011br\u016f \u0159ezu: Nastaviteln\u00fd v kroc\u00edch po 45\u00b0 bez pou\u017eit\u00ed n\u00e1\u0159ad\u00ed V\u00fdm\u011bna n\u00e1stroj\u016f, matric a d\u011brova\u010d\u016f [&hellip;]\" \/>\n<meta property=\"og:url\" content=\"https:\/\/hundtgroup.com\/cs\/produkt\/trumpf-trutool-n-160-12v-40-ah-akumulatorove-nuzky-na-plech\/\" \/>\n<meta property=\"og:site_name\" content=\"Wilhelm Hundt GmbH\" \/>\n<meta property=\"article:modified_time\" content=\"2025-07-29T08:12:45+00:00\" \/>\n<meta property=\"og:image\" content=\"https:\/\/hundtgroup.com\/wp-content\/uploads\/346168.jpg\" \/>\n\t<meta property=\"og:image:width\" content=\"730\" \/>\n\t<meta property=\"og:image:height\" content=\"801\" \/>\n\t<meta property=\"og:image:type\" content=\"image\/jpeg\" \/>\n<meta name=\"twitter:card\" content=\"summary_large_image\" \/>\n<script type=\"application\/ld+json\" class=\"yoast-schema-graph\">{\"@context\":\"https:\\\/\\\/schema.org\",\"@graph\":[{\"@type\":\"WebPage\",\"@id\":\"https:\\\/\\\/hundtgroup.com\\\/cs\\\/produkt\\\/trumpf-trutool-n-160-12v-40-ah-akumulatorove-nuzky-na-plech\\\/\",\"url\":\"https:\\\/\\\/hundtgroup.com\\\/cs\\\/produkt\\\/trumpf-trutool-n-160-12v-40-ah-akumulatorove-nuzky-na-plech\\\/\",\"name\":\"TRUMPF TruTool N 160 12V 4,0 Ah akumul\u00e1torov\u00e9 n\u016f\u017eky na plech - Wilhelm Hundt GmbH\",\"isPartOf\":{\"@id\":\"https:\\\/\\\/hundtgroup.com\\\/cs\\\/#website\"},\"primaryImageOfPage\":{\"@id\":\"https:\\\/\\\/hundtgroup.com\\\/cs\\\/produkt\\\/trumpf-trutool-n-160-12v-40-ah-akumulatorove-nuzky-na-plech\\\/#primaryimage\"},\"image\":{\"@id\":\"https:\\\/\\\/hundtgroup.com\\\/cs\\\/produkt\\\/trumpf-trutool-n-160-12v-40-ah-akumulatorove-nuzky-na-plech\\\/#primaryimage\"},\"thumbnailUrl\":\"https:\\\/\\\/hundtgroup.com\\\/wp-content\\\/uploads\\\/346168.jpg\",\"datePublished\":\"2022-08-23T13:55:42+00:00\",\"dateModified\":\"2025-07-29T08:12:45+00:00\",\"breadcrumb\":{\"@id\":\"https:\\\/\\\/hundtgroup.com\\\/cs\\\/produkt\\\/trumpf-trutool-n-160-12v-40-ah-akumulatorove-nuzky-na-plech\\\/#breadcrumb\"},\"inLanguage\":\"cs\",\"potentialAction\":[{\"@type\":\"ReadAction\",\"target\":[\"https:\\\/\\\/hundtgroup.com\\\/cs\\\/produkt\\\/trumpf-trutool-n-160-12v-40-ah-akumulatorove-nuzky-na-plech\\\/\"]}]},{\"@type\":\"ImageObject\",\"inLanguage\":\"cs\",\"@id\":\"https:\\\/\\\/hundtgroup.com\\\/cs\\\/produkt\\\/trumpf-trutool-n-160-12v-40-ah-akumulatorove-nuzky-na-plech\\\/#primaryimage\",\"url\":\"https:\\\/\\\/hundtgroup.com\\\/wp-content\\\/uploads\\\/346168.jpg\",\"contentUrl\":\"https:\\\/\\\/hundtgroup.com\\\/wp-content\\\/uploads\\\/346168.jpg\",\"width\":730,\"height\":801},{\"@type\":\"BreadcrumbList\",\"@id\":\"https:\\\/\\\/hundtgroup.com\\\/cs\\\/produkt\\\/trumpf-trutool-n-160-12v-40-ah-akumulatorove-nuzky-na-plech\\\/#breadcrumb\",\"itemListElement\":[{\"@type\":\"ListItem\",\"position\":1,\"name\":\"Startseite\",\"item\":\"https:\\\/\\\/hundtgroup.com\\\/cs\\\/home-nove\\\/\"},{\"@type\":\"ListItem\",\"position\":2,\"name\":\"Obchod\",\"item\":\"https:\\\/\\\/hundtgroup.com\\\/obchod\\\/\"},{\"@type\":\"ListItem\",\"position\":3,\"name\":\"TRUMPF TruTool N 160 12V 4,0 Ah akumul\u00e1torov\u00e9 n\u016f\u017eky na plech\"}]},{\"@type\":\"WebSite\",\"@id\":\"https:\\\/\\\/hundtgroup.com\\\/cs\\\/#website\",\"url\":\"https:\\\/\\\/hundtgroup.com\\\/cs\\\/\",\"name\":\"Wilhelm Hundt GmbH\",\"description\":\"V\u00e1\u0161 specialista na stroje a n\u00e1stroje pro zpracov\u00e1n\u00ed plechu\",\"potentialAction\":[{\"@type\":\"SearchAction\",\"target\":{\"@type\":\"EntryPoint\",\"urlTemplate\":\"https:\\\/\\\/hundtgroup.com\\\/cs\\\/?s={search_term_string}\"},\"query-input\":{\"@type\":\"PropertyValueSpecification\",\"valueRequired\":true,\"valueName\":\"search_term_string\"}}],\"inLanguage\":\"cs\"}]}<\/script>\n<!-- \/ Yoast SEO plugin. -->","yoast_head_json":{"title":"TRUMPF TruTool N 160 12V 4,0 Ah akumul\u00e1torov\u00e9 n\u016f\u017eky na plech - Wilhelm Hundt GmbH","robots":{"index":"index","follow":"follow","max-snippet":"max-snippet:-1","max-image-preview":"max-image-preview:large","max-video-preview":"max-video-preview:-1"},"canonical":"https:\/\/hundtgroup.com\/cs\/produkt\/trumpf-trutool-n-160-12v-40-ah-akumulatorove-nuzky-na-plech\/","og_locale":"cs_CZ","og_type":"article","og_title":"TRUMPF TruTool N 160 12V 4,0 Ah akumul\u00e1torov\u00e9 n\u016f\u017eky na plech - Wilhelm Hundt GmbH","og_description":"TruTool N 160 pro ploch\u00e9 a vlnit\u00e9 plechy S n\u00e1stavcem pro hlub\u0161\u00ed trap\u00e9zov\u00e9 a profilovan\u00e9 plechy Kompaktn\u00ed design a ergonomick\u00e1 rukoje\u0165 M\u011bkk\u00e1 rukoje\u0165 minimalizuje vibrace: Pro pr\u00e1ci bez \u00fanavy Kulat\u00fd d\u011brova\u010d: Pro vysokou flexibilitu p\u0159i \u0159ez\u00e1n\u00ed k\u0159ivek a profil\u016f 8 sm\u011br\u016f \u0159ezu: Nastaviteln\u00fd v kroc\u00edch po 45\u00b0 bez pou\u017eit\u00ed n\u00e1\u0159ad\u00ed V\u00fdm\u011bna n\u00e1stroj\u016f, matric a d\u011brova\u010d\u016f [&hellip;]","og_url":"https:\/\/hundtgroup.com\/cs\/produkt\/trumpf-trutool-n-160-12v-40-ah-akumulatorove-nuzky-na-plech\/","og_site_name":"Wilhelm Hundt GmbH","article_modified_time":"2025-07-29T08:12:45+00:00","og_image":[{"width":730,"height":801,"url":"https:\/\/hundtgroup.com\/wp-content\/uploads\/346168.jpg","type":"image\/jpeg"}],"twitter_card":"summary_large_image","schema":{"@context":"https:\/\/schema.org","@graph":[{"@type":"WebPage","@id":"https:\/\/hundtgroup.com\/cs\/produkt\/trumpf-trutool-n-160-12v-40-ah-akumulatorove-nuzky-na-plech\/","url":"https:\/\/hundtgroup.com\/cs\/produkt\/trumpf-trutool-n-160-12v-40-ah-akumulatorove-nuzky-na-plech\/","name":"TRUMPF TruTool N 160 12V 4,0 Ah akumul\u00e1torov\u00e9 n\u016f\u017eky na plech - Wilhelm Hundt GmbH","isPartOf":{"@id":"https:\/\/hundtgroup.com\/cs\/#website"},"primaryImageOfPage":{"@id":"https:\/\/hundtgroup.com\/cs\/produkt\/trumpf-trutool-n-160-12v-40-ah-akumulatorove-nuzky-na-plech\/#primaryimage"},"image":{"@id":"https:\/\/hundtgroup.com\/cs\/produkt\/trumpf-trutool-n-160-12v-40-ah-akumulatorove-nuzky-na-plech\/#primaryimage"},"thumbnailUrl":"https:\/\/hundtgroup.com\/wp-content\/uploads\/346168.jpg","datePublished":"2022-08-23T13:55:42+00:00","dateModified":"2025-07-29T08:12:45+00:00","breadcrumb":{"@id":"https:\/\/hundtgroup.com\/cs\/produkt\/trumpf-trutool-n-160-12v-40-ah-akumulatorove-nuzky-na-plech\/#breadcrumb"},"inLanguage":"cs","potentialAction":[{"@type":"ReadAction","target":["https:\/\/hundtgroup.com\/cs\/produkt\/trumpf-trutool-n-160-12v-40-ah-akumulatorove-nuzky-na-plech\/"]}]},{"@type":"ImageObject","inLanguage":"cs","@id":"https:\/\/hundtgroup.com\/cs\/produkt\/trumpf-trutool-n-160-12v-40-ah-akumulatorove-nuzky-na-plech\/#primaryimage","url":"https:\/\/hundtgroup.com\/wp-content\/uploads\/346168.jpg","contentUrl":"https:\/\/hundtgroup.com\/wp-content\/uploads\/346168.jpg","width":730,"height":801},{"@type":"BreadcrumbList","@id":"https:\/\/hundtgroup.com\/cs\/produkt\/trumpf-trutool-n-160-12v-40-ah-akumulatorove-nuzky-na-plech\/#breadcrumb","itemListElement":[{"@type":"ListItem","position":1,"name":"Startseite","item":"https:\/\/hundtgroup.com\/cs\/home-nove\/"},{"@type":"ListItem","position":2,"name":"Obchod","item":"https:\/\/hundtgroup.com\/obchod\/"},{"@type":"ListItem","position":3,"name":"TRUMPF TruTool N 160 12V 4,0 Ah akumul\u00e1torov\u00e9 n\u016f\u017eky na plech"}]},{"@type":"WebSite","@id":"https:\/\/hundtgroup.com\/cs\/#website","url":"https:\/\/hundtgroup.com\/cs\/","name":"Wilhelm Hundt GmbH","description":"V\u00e1\u0161 specialista na stroje a n\u00e1stroje pro zpracov\u00e1n\u00ed plechu","potentialAction":[{"@type":"SearchAction","target":{"@type":"EntryPoint","urlTemplate":"https:\/\/hundtgroup.com\/cs\/?s={search_term_string}"},"query-input":{"@type":"PropertyValueSpecification","valueRequired":true,"valueName":"search_term_string"}}],"inLanguage":"cs"}]}},"_links":{"self":[{"href":"https:\/\/hundtgroup.com\/cs\/wp-json\/wp\/v2\/product\/15663","targetHints":{"allow":["GET"]}}],"collection":[{"href":"https:\/\/hundtgroup.com\/cs\/wp-json\/wp\/v2\/product"}],"about":[{"href":"https:\/\/hundtgroup.com\/cs\/wp-json\/wp\/v2\/types\/product"}],"wp:featuredmedia":[{"embeddable":true,"href":"https:\/\/hundtgroup.com\/cs\/wp-json\/wp\/v2\/media\/15665"}],"wp:attachment":[{"href":"https:\/\/hundtgroup.com\/cs\/wp-json\/wp\/v2\/media?parent=15663"}],"wp:term":[{"taxonomy":"product_cat","embeddable":true,"href":"https:\/\/hundtgroup.com\/cs\/wp-json\/wp\/v2\/product_cat?post=15663"},{"taxonomy":"product_tag","embeddable":true,"href":"https:\/\/hundtgroup.com\/cs\/wp-json\/wp\/v2\/product_tag?post=15663"}],"curies":[{"name":"wp","href":"https:\/\/api.w.org\/{rel}","templated":true}]}}