{"id":15691,"date":"2022-08-23T15:55:42","date_gmt":"2022-08-23T13:55:42","guid":{"rendered":"https:\/\/hundtgroup.com\/produkt\/trumpf-trutool-s-250-18v-40ah-akumulatorove-nuzky-na-plech\/"},"modified":"2025-07-29T10:13:49","modified_gmt":"2025-07-29T08:13:49","slug":"trumpf-trutool-s-250-18v-40ah-akumulatorove-nuzky-na-plech","status":"publish","type":"product","link":"https:\/\/hundtgroup.com\/cs\/produkt\/trumpf-trutool-s-250-18v-40ah-akumulatorove-nuzky-na-plech\/","title":{"rendered":"TRUMPF TruTool S 250 18V 4,0Ah akumul\u00e1torov\u00e9 n\u016f\u017eky na plech"},"content":{"rendered":"<p>\u0158e\u017ee plechy a\u017e do tlou\u0161\u0165ky 2,5 mm<br \/>\nIde\u00e1ln\u00ed pro \u00fazk\u00e9 a obt\u00ed\u017en\u00e9 k\u0159ivky.<br \/>\nP\u0159esn\u00e9 \u0159ez\u00e1n\u00ed bez ot\u0159ep\u016f a tepeln\u00fdch vliv\u016f &#8211; i v poloze nad hlavou.<br \/>\nDobr\u00fd v\u00fdhled na pracovn\u00ed plochu a linii \u0159ezu.<br \/>\nN\u00edzk\u00e9 provozn\u00ed n\u00e1klady d\u00edky mo\u017enosti \u010dty\u0159n\u00e1sobn\u00e9ho obr\u00e1cen\u00ed no\u017ee.<br \/>\nMinim\u00e1ln\u00ed n\u00e1maha d\u00edky optim\u00e1ln\u00ed geometrii \u0159ezu.<br \/>\nA\u017e o 60 % vy\u0161\u0161\u00ed v\u00fdkon akumul\u00e1toru d\u00edky technologii PowerHead a bezkart\u00e1\u010dov\u00e9mu motoru.<br \/>\nM\u011bkk\u00e1 rukoje\u0165 Softgrip pro pr\u00e1ci s n\u00edzk\u00fdmi vibracemi.<\/p>\n<p>Provozn\u00ed v\u00fdkon v metrech na jedno nabit\u00ed akumul\u00e1toru (m\u011bkk\u00e1 ocel 400 N\/mm\u00b2):<br \/>\n2,5 mm: se 4 Ah: 78 metr\u016f<br \/>\n1,5 mm: se 4 Ah: 130 metr\u016f.<\/p>\n","protected":false},"excerpt":{"rendered":"<p>\u0158e\u017ee plechy a\u017e do tlou\u0161\u0165ky 2,5 mm Ide\u00e1ln\u00ed pro \u00fazk\u00e9 a obt\u00ed\u017en\u00e9 k\u0159ivky. P\u0159esn\u00e9 \u0159ez\u00e1n\u00ed bez ot\u0159ep\u016f a tepeln\u00fdch vliv\u016f &#8211; i v poloze nad hlavou. Dobr\u00fd v\u00fdhled na pracovn\u00ed plochu a linii \u0159ezu. N\u00edzk\u00e9 provozn\u00ed n\u00e1klady d\u00edky mo\u017enosti \u010dty\u0159n\u00e1sobn\u00e9ho obr\u00e1cen\u00ed no\u017ee. Minim\u00e1ln\u00ed n\u00e1maha d\u00edky optim\u00e1ln\u00ed geometrii \u0159ezu. A\u017e o 60 % vy\u0161\u0161\u00ed v\u00fdkon akumul\u00e1toru [&hellip;]<\/p>\n","protected":false},"featured_media":15693,"template":"","meta":{"_acf_changed":false,"inline_featured_image":false},"product_cat":[649,709],"product_tag":[],"class_list":{"0":"post-15691","1":"product","2":"type-product","3":"status-publish","4":"has-post-thumbnail","6":"brand-trumpf","7":"product_cat-bateriove-nastroje","8":"product_cat-nuzky-na-plech-cs","10":"first","11":"instock","12":"sale","13":"taxable","14":"shipping-taxable","15":"purchasable","16":"product-type-simple","17":"add-to-wishlist-before_image"},"acf":[],"yoast_head":"<!-- This site is optimized with the Yoast SEO plugin v27.3 - https:\/\/yoast.com\/product\/yoast-seo-wordpress\/ -->\n<title>TRUMPF TruTool S 250 18V 4,0Ah akumul\u00e1torov\u00e9 n\u016f\u017eky na plech - Wilhelm Hundt GmbH<\/title>\n<meta name=\"robots\" content=\"index, follow, max-snippet:-1, max-image-preview:large, max-video-preview:-1\" \/>\n<link rel=\"canonical\" href=\"https:\/\/hundtgroup.com\/cs\/produkt\/trumpf-trutool-s-250-18v-40ah-akumulatorove-nuzky-na-plech\/\" \/>\n<meta property=\"og:locale\" content=\"cs_CZ\" \/>\n<meta property=\"og:type\" content=\"article\" \/>\n<meta property=\"og:title\" content=\"TRUMPF TruTool S 250 18V 4,0Ah akumul\u00e1torov\u00e9 n\u016f\u017eky na plech - Wilhelm Hundt GmbH\" \/>\n<meta property=\"og:description\" content=\"\u0158e\u017ee plechy a\u017e do tlou\u0161\u0165ky 2,5 mm Ide\u00e1ln\u00ed pro \u00fazk\u00e9 a obt\u00ed\u017en\u00e9 k\u0159ivky. P\u0159esn\u00e9 \u0159ez\u00e1n\u00ed bez ot\u0159ep\u016f a tepeln\u00fdch vliv\u016f &#8211; i v poloze nad hlavou. Dobr\u00fd v\u00fdhled na pracovn\u00ed plochu a linii \u0159ezu. N\u00edzk\u00e9 provozn\u00ed n\u00e1klady d\u00edky mo\u017enosti \u010dty\u0159n\u00e1sobn\u00e9ho obr\u00e1cen\u00ed no\u017ee. Minim\u00e1ln\u00ed n\u00e1maha d\u00edky optim\u00e1ln\u00ed geometrii \u0159ezu. A\u017e o 60 % vy\u0161\u0161\u00ed v\u00fdkon akumul\u00e1toru [&hellip;]\" \/>\n<meta property=\"og:url\" content=\"https:\/\/hundtgroup.com\/cs\/produkt\/trumpf-trutool-s-250-18v-40ah-akumulatorove-nuzky-na-plech\/\" \/>\n<meta property=\"og:site_name\" content=\"Wilhelm Hundt GmbH\" \/>\n<meta property=\"article:modified_time\" content=\"2025-07-29T08:13:49+00:00\" \/>\n<meta property=\"og:image\" content=\"https:\/\/hundtgroup.com\/wp-content\/uploads\/351119-1-scaled.jpg\" \/>\n\t<meta property=\"og:image:width\" content=\"2560\" \/>\n\t<meta property=\"og:image:height\" content=\"2194\" \/>\n\t<meta property=\"og:image:type\" content=\"image\/jpeg\" \/>\n<meta name=\"twitter:card\" content=\"summary_large_image\" \/>\n<meta name=\"twitter:label1\" content=\"Odhadovan\u00e1 doba \u010dten\u00ed\" \/>\n\t<meta name=\"twitter:data1\" content=\"1 minuta\" \/>\n<script type=\"application\/ld+json\" class=\"yoast-schema-graph\">{\"@context\":\"https:\\\/\\\/schema.org\",\"@graph\":[{\"@type\":\"WebPage\",\"@id\":\"https:\\\/\\\/hundtgroup.com\\\/cs\\\/produkt\\\/trumpf-trutool-s-250-18v-40ah-akumulatorove-nuzky-na-plech\\\/\",\"url\":\"https:\\\/\\\/hundtgroup.com\\\/cs\\\/produkt\\\/trumpf-trutool-s-250-18v-40ah-akumulatorove-nuzky-na-plech\\\/\",\"name\":\"TRUMPF TruTool S 250 18V 4,0Ah akumul\u00e1torov\u00e9 n\u016f\u017eky na plech - Wilhelm Hundt GmbH\",\"isPartOf\":{\"@id\":\"https:\\\/\\\/hundtgroup.com\\\/cs\\\/#website\"},\"primaryImageOfPage\":{\"@id\":\"https:\\\/\\\/hundtgroup.com\\\/cs\\\/produkt\\\/trumpf-trutool-s-250-18v-40ah-akumulatorove-nuzky-na-plech\\\/#primaryimage\"},\"image\":{\"@id\":\"https:\\\/\\\/hundtgroup.com\\\/cs\\\/produkt\\\/trumpf-trutool-s-250-18v-40ah-akumulatorove-nuzky-na-plech\\\/#primaryimage\"},\"thumbnailUrl\":\"https:\\\/\\\/hundtgroup.com\\\/wp-content\\\/uploads\\\/351119-1-scaled.jpg\",\"datePublished\":\"2022-08-23T13:55:42+00:00\",\"dateModified\":\"2025-07-29T08:13:49+00:00\",\"breadcrumb\":{\"@id\":\"https:\\\/\\\/hundtgroup.com\\\/cs\\\/produkt\\\/trumpf-trutool-s-250-18v-40ah-akumulatorove-nuzky-na-plech\\\/#breadcrumb\"},\"inLanguage\":\"cs\",\"potentialAction\":[{\"@type\":\"ReadAction\",\"target\":[\"https:\\\/\\\/hundtgroup.com\\\/cs\\\/produkt\\\/trumpf-trutool-s-250-18v-40ah-akumulatorove-nuzky-na-plech\\\/\"]}]},{\"@type\":\"ImageObject\",\"inLanguage\":\"cs\",\"@id\":\"https:\\\/\\\/hundtgroup.com\\\/cs\\\/produkt\\\/trumpf-trutool-s-250-18v-40ah-akumulatorove-nuzky-na-plech\\\/#primaryimage\",\"url\":\"https:\\\/\\\/hundtgroup.com\\\/wp-content\\\/uploads\\\/351119-1-scaled.jpg\",\"contentUrl\":\"https:\\\/\\\/hundtgroup.com\\\/wp-content\\\/uploads\\\/351119-1-scaled.jpg\",\"width\":2560,\"height\":2194},{\"@type\":\"BreadcrumbList\",\"@id\":\"https:\\\/\\\/hundtgroup.com\\\/cs\\\/produkt\\\/trumpf-trutool-s-250-18v-40ah-akumulatorove-nuzky-na-plech\\\/#breadcrumb\",\"itemListElement\":[{\"@type\":\"ListItem\",\"position\":1,\"name\":\"Startseite\",\"item\":\"https:\\\/\\\/hundtgroup.com\\\/cs\\\/home-nove\\\/\"},{\"@type\":\"ListItem\",\"position\":2,\"name\":\"Obchod\",\"item\":\"https:\\\/\\\/hundtgroup.com\\\/obchod\\\/\"},{\"@type\":\"ListItem\",\"position\":3,\"name\":\"TRUMPF TruTool S 250 18V 4,0Ah akumul\u00e1torov\u00e9 n\u016f\u017eky na plech\"}]},{\"@type\":\"WebSite\",\"@id\":\"https:\\\/\\\/hundtgroup.com\\\/cs\\\/#website\",\"url\":\"https:\\\/\\\/hundtgroup.com\\\/cs\\\/\",\"name\":\"Wilhelm Hundt GmbH\",\"description\":\"V\u00e1\u0161 specialista na stroje a n\u00e1stroje pro zpracov\u00e1n\u00ed plechu\",\"potentialAction\":[{\"@type\":\"SearchAction\",\"target\":{\"@type\":\"EntryPoint\",\"urlTemplate\":\"https:\\\/\\\/hundtgroup.com\\\/cs\\\/?s={search_term_string}\"},\"query-input\":{\"@type\":\"PropertyValueSpecification\",\"valueRequired\":true,\"valueName\":\"search_term_string\"}}],\"inLanguage\":\"cs\"}]}<\/script>\n<!-- \/ Yoast SEO plugin. -->","yoast_head_json":{"title":"TRUMPF TruTool S 250 18V 4,0Ah akumul\u00e1torov\u00e9 n\u016f\u017eky na plech - Wilhelm Hundt GmbH","robots":{"index":"index","follow":"follow","max-snippet":"max-snippet:-1","max-image-preview":"max-image-preview:large","max-video-preview":"max-video-preview:-1"},"canonical":"https:\/\/hundtgroup.com\/cs\/produkt\/trumpf-trutool-s-250-18v-40ah-akumulatorove-nuzky-na-plech\/","og_locale":"cs_CZ","og_type":"article","og_title":"TRUMPF TruTool S 250 18V 4,0Ah akumul\u00e1torov\u00e9 n\u016f\u017eky na plech - Wilhelm Hundt GmbH","og_description":"\u0158e\u017ee plechy a\u017e do tlou\u0161\u0165ky 2,5 mm Ide\u00e1ln\u00ed pro \u00fazk\u00e9 a obt\u00ed\u017en\u00e9 k\u0159ivky. P\u0159esn\u00e9 \u0159ez\u00e1n\u00ed bez ot\u0159ep\u016f a tepeln\u00fdch vliv\u016f &#8211; i v poloze nad hlavou. Dobr\u00fd v\u00fdhled na pracovn\u00ed plochu a linii \u0159ezu. N\u00edzk\u00e9 provozn\u00ed n\u00e1klady d\u00edky mo\u017enosti \u010dty\u0159n\u00e1sobn\u00e9ho obr\u00e1cen\u00ed no\u017ee. Minim\u00e1ln\u00ed n\u00e1maha d\u00edky optim\u00e1ln\u00ed geometrii \u0159ezu. A\u017e o 60 % vy\u0161\u0161\u00ed v\u00fdkon akumul\u00e1toru [&hellip;]","og_url":"https:\/\/hundtgroup.com\/cs\/produkt\/trumpf-trutool-s-250-18v-40ah-akumulatorove-nuzky-na-plech\/","og_site_name":"Wilhelm Hundt GmbH","article_modified_time":"2025-07-29T08:13:49+00:00","og_image":[{"width":2560,"height":2194,"url":"https:\/\/hundtgroup.com\/wp-content\/uploads\/351119-1-scaled.jpg","type":"image\/jpeg"}],"twitter_card":"summary_large_image","twitter_misc":{"Odhadovan\u00e1 doba \u010dten\u00ed":"1 minuta"},"schema":{"@context":"https:\/\/schema.org","@graph":[{"@type":"WebPage","@id":"https:\/\/hundtgroup.com\/cs\/produkt\/trumpf-trutool-s-250-18v-40ah-akumulatorove-nuzky-na-plech\/","url":"https:\/\/hundtgroup.com\/cs\/produkt\/trumpf-trutool-s-250-18v-40ah-akumulatorove-nuzky-na-plech\/","name":"TRUMPF TruTool S 250 18V 4,0Ah akumul\u00e1torov\u00e9 n\u016f\u017eky na plech - Wilhelm Hundt GmbH","isPartOf":{"@id":"https:\/\/hundtgroup.com\/cs\/#website"},"primaryImageOfPage":{"@id":"https:\/\/hundtgroup.com\/cs\/produkt\/trumpf-trutool-s-250-18v-40ah-akumulatorove-nuzky-na-plech\/#primaryimage"},"image":{"@id":"https:\/\/hundtgroup.com\/cs\/produkt\/trumpf-trutool-s-250-18v-40ah-akumulatorove-nuzky-na-plech\/#primaryimage"},"thumbnailUrl":"https:\/\/hundtgroup.com\/wp-content\/uploads\/351119-1-scaled.jpg","datePublished":"2022-08-23T13:55:42+00:00","dateModified":"2025-07-29T08:13:49+00:00","breadcrumb":{"@id":"https:\/\/hundtgroup.com\/cs\/produkt\/trumpf-trutool-s-250-18v-40ah-akumulatorove-nuzky-na-plech\/#breadcrumb"},"inLanguage":"cs","potentialAction":[{"@type":"ReadAction","target":["https:\/\/hundtgroup.com\/cs\/produkt\/trumpf-trutool-s-250-18v-40ah-akumulatorove-nuzky-na-plech\/"]}]},{"@type":"ImageObject","inLanguage":"cs","@id":"https:\/\/hundtgroup.com\/cs\/produkt\/trumpf-trutool-s-250-18v-40ah-akumulatorove-nuzky-na-plech\/#primaryimage","url":"https:\/\/hundtgroup.com\/wp-content\/uploads\/351119-1-scaled.jpg","contentUrl":"https:\/\/hundtgroup.com\/wp-content\/uploads\/351119-1-scaled.jpg","width":2560,"height":2194},{"@type":"BreadcrumbList","@id":"https:\/\/hundtgroup.com\/cs\/produkt\/trumpf-trutool-s-250-18v-40ah-akumulatorove-nuzky-na-plech\/#breadcrumb","itemListElement":[{"@type":"ListItem","position":1,"name":"Startseite","item":"https:\/\/hundtgroup.com\/cs\/home-nove\/"},{"@type":"ListItem","position":2,"name":"Obchod","item":"https:\/\/hundtgroup.com\/obchod\/"},{"@type":"ListItem","position":3,"name":"TRUMPF TruTool S 250 18V 4,0Ah akumul\u00e1torov\u00e9 n\u016f\u017eky na plech"}]},{"@type":"WebSite","@id":"https:\/\/hundtgroup.com\/cs\/#website","url":"https:\/\/hundtgroup.com\/cs\/","name":"Wilhelm Hundt GmbH","description":"V\u00e1\u0161 specialista na stroje a n\u00e1stroje pro zpracov\u00e1n\u00ed plechu","potentialAction":[{"@type":"SearchAction","target":{"@type":"EntryPoint","urlTemplate":"https:\/\/hundtgroup.com\/cs\/?s={search_term_string}"},"query-input":{"@type":"PropertyValueSpecification","valueRequired":true,"valueName":"search_term_string"}}],"inLanguage":"cs"}]}},"_links":{"self":[{"href":"https:\/\/hundtgroup.com\/cs\/wp-json\/wp\/v2\/product\/15691","targetHints":{"allow":["GET"]}}],"collection":[{"href":"https:\/\/hundtgroup.com\/cs\/wp-json\/wp\/v2\/product"}],"about":[{"href":"https:\/\/hundtgroup.com\/cs\/wp-json\/wp\/v2\/types\/product"}],"wp:featuredmedia":[{"embeddable":true,"href":"https:\/\/hundtgroup.com\/cs\/wp-json\/wp\/v2\/media\/15693"}],"wp:attachment":[{"href":"https:\/\/hundtgroup.com\/cs\/wp-json\/wp\/v2\/media?parent=15691"}],"wp:term":[{"taxonomy":"product_cat","embeddable":true,"href":"https:\/\/hundtgroup.com\/cs\/wp-json\/wp\/v2\/product_cat?post=15691"},{"taxonomy":"product_tag","embeddable":true,"href":"https:\/\/hundtgroup.com\/cs\/wp-json\/wp\/v2\/product_tag?post=15691"}],"curies":[{"name":"wp","href":"https:\/\/api.w.org\/{rel}","templated":true}]}}