{"id":16638,"date":"2025-07-11T14:58:21","date_gmt":"2025-07-11T12:58:21","guid":{"rendered":"https:\/\/hundtgroup.com\/produkt\/trutool-tsc-200-cistic-nosnych-list\/"},"modified":"2025-08-05T16:43:04","modified_gmt":"2025-08-05T14:43:04","slug":"trutool-tsc-200-cistic-nosnych-list","status":"publish","type":"product","link":"https:\/\/hundtgroup.com\/cs\/produkt\/trutool-tsc-200-cistic-nosnych-list\/","title":{"rendered":"TruTool TSC 200 \u010disti\u010d nosn\u00fdch li\u0161t"},"content":{"rendered":"<p>Kompaktn\u00ed a robustn\u00ed TruTool TSC 200 je ur\u010den pro vl\u00e1knov\u00e9 lasery s vysok\u00fdm laserov\u00fdm v\u00fdkonem a odpov\u00eddaj\u00edc\u00ed tvrdou struskou do 25 mm. To je nez\u00e1visl\u00e9 na materi\u00e1lu. O vysok\u00e9 kvalit\u011b a v\u00fdkonu \u010di\u0161t\u011bn\u00ed rozhoduje n\u011bkolik faktor\u016f. Nap\u0159\u00edklad geometrie \u010distic\u00edho n\u00e1stroje a podp\u011bra posuvu. Vyv\u00e1\u017een\u00e9 rozlo\u017een\u00ed hmotnosti sk\u0159\u00edn\u011b a motoru nav\u00edc zaji\u0161\u0165uje plynulou a ergonomickou obsluhu. Doba \u010di\u0161t\u011bn\u00ed standardn\u00ed palety 1500 x 3000 mm s \u010d\u00e1ste\u010dn\u00fdm zat\u00ed\u017een\u00edm je p\u0159ibli\u017en\u011b 15 minut. Pokud \u010dist\u00edte strusku o tlou\u0161\u0165ce &gt; 15 mm, doporu\u010dujeme volitelnou pod\u00e1vac\u00ed podp\u011bru.      <\/p>\n","protected":false},"excerpt":{"rendered":"<p>Kompaktn\u00ed a robustn\u00ed TruTool TSC 200 je ur\u010den pro vl\u00e1knov\u00e9 lasery s vysok\u00fdm laserov\u00fdm v\u00fdkonem a odpov\u00eddaj\u00edc\u00ed tvrdou struskou do 25 mm. To je nez\u00e1visl\u00e9 na materi\u00e1lu. O vysok\u00e9 kvalit\u011b a v\u00fdkonu \u010di\u0161t\u011bn\u00ed rozhoduje n\u011bkolik faktor\u016f. Nap\u0159\u00edklad geometrie \u010distic\u00edho n\u00e1stroje a podp\u011bra posuvu. Vyv\u00e1\u017een\u00e9 rozlo\u017een\u00ed hmotnosti sk\u0159\u00edn\u011b a motoru nav\u00edc zaji\u0161\u0165uje plynulou a ergonomickou obsluhu. [&hellip;]<\/p>\n","protected":false},"featured_media":16568,"template":"","meta":{"_acf_changed":false,"inline_featured_image":false},"product_cat":[664,1661],"product_tag":[],"class_list":{"0":"post-16638","1":"product","2":"type-product","3":"status-publish","4":"has-post-thumbnail","6":"product_cat-elektricke-naradi","7":"product_cat-specialni-nastroje","9":"first","10":"instock","11":"sale","12":"taxable","13":"shipping-taxable","14":"purchasable","15":"product-type-simple","16":"add-to-wishlist-before_image"},"acf":[],"yoast_head":"<!-- This site is optimized with the Yoast SEO plugin v27.3 - https:\/\/yoast.com\/product\/yoast-seo-wordpress\/ -->\n<title>TruTool TSC 200 \u010disti\u010d nosn\u00fdch li\u0161t - Wilhelm Hundt GmbH<\/title>\n<meta name=\"robots\" content=\"index, follow, max-snippet:-1, max-image-preview:large, max-video-preview:-1\" \/>\n<link rel=\"canonical\" href=\"https:\/\/hundtgroup.com\/cs\/produkt\/trutool-tsc-200-cistic-nosnych-list\/\" \/>\n<meta property=\"og:locale\" content=\"cs_CZ\" \/>\n<meta property=\"og:type\" content=\"article\" \/>\n<meta property=\"og:title\" content=\"TruTool TSC 200 \u010disti\u010d nosn\u00fdch li\u0161t - Wilhelm Hundt GmbH\" \/>\n<meta property=\"og:description\" content=\"Kompaktn\u00ed a robustn\u00ed TruTool TSC 200 je ur\u010den pro vl\u00e1knov\u00e9 lasery s vysok\u00fdm laserov\u00fdm v\u00fdkonem a odpov\u00eddaj\u00edc\u00ed tvrdou struskou do 25 mm. To je nez\u00e1visl\u00e9 na materi\u00e1lu. O vysok\u00e9 kvalit\u011b a v\u00fdkonu \u010di\u0161t\u011bn\u00ed rozhoduje n\u011bkolik faktor\u016f. Nap\u0159\u00edklad geometrie \u010distic\u00edho n\u00e1stroje a podp\u011bra posuvu. Vyv\u00e1\u017een\u00e9 rozlo\u017een\u00ed hmotnosti sk\u0159\u00edn\u011b a motoru nav\u00edc zaji\u0161\u0165uje plynulou a ergonomickou obsluhu. [&hellip;]\" \/>\n<meta property=\"og:url\" content=\"https:\/\/hundtgroup.com\/cs\/produkt\/trutool-tsc-200-cistic-nosnych-list\/\" \/>\n<meta property=\"og:site_name\" content=\"Wilhelm Hundt GmbH\" \/>\n<meta property=\"article:modified_time\" content=\"2025-08-05T14:43:04+00:00\" \/>\n<meta property=\"og:image\" content=\"https:\/\/hundtgroup.com\/wp-content\/uploads\/TSC-200-3-e1752504167544.png\" \/>\n\t<meta property=\"og:image:width\" content=\"1024\" \/>\n\t<meta property=\"og:image:height\" content=\"650\" \/>\n\t<meta property=\"og:image:type\" content=\"image\/png\" \/>\n<meta name=\"twitter:card\" content=\"summary_large_image\" \/>\n<meta name=\"twitter:label1\" content=\"Odhadovan\u00e1 doba \u010dten\u00ed\" \/>\n\t<meta name=\"twitter:data1\" content=\"1 minuta\" \/>\n<script type=\"application\/ld+json\" class=\"yoast-schema-graph\">{\"@context\":\"https:\\\/\\\/schema.org\",\"@graph\":[{\"@type\":\"WebPage\",\"@id\":\"https:\\\/\\\/hundtgroup.com\\\/cs\\\/produkt\\\/trutool-tsc-200-cistic-nosnych-list\\\/\",\"url\":\"https:\\\/\\\/hundtgroup.com\\\/cs\\\/produkt\\\/trutool-tsc-200-cistic-nosnych-list\\\/\",\"name\":\"TruTool TSC 200 \u010disti\u010d nosn\u00fdch li\u0161t - Wilhelm Hundt GmbH\",\"isPartOf\":{\"@id\":\"https:\\\/\\\/hundtgroup.com\\\/cs\\\/#website\"},\"primaryImageOfPage\":{\"@id\":\"https:\\\/\\\/hundtgroup.com\\\/cs\\\/produkt\\\/trutool-tsc-200-cistic-nosnych-list\\\/#primaryimage\"},\"image\":{\"@id\":\"https:\\\/\\\/hundtgroup.com\\\/cs\\\/produkt\\\/trutool-tsc-200-cistic-nosnych-list\\\/#primaryimage\"},\"thumbnailUrl\":\"https:\\\/\\\/hundtgroup.com\\\/wp-content\\\/uploads\\\/TSC-200-3-e1752504167544.png\",\"datePublished\":\"2025-07-11T12:58:21+00:00\",\"dateModified\":\"2025-08-05T14:43:04+00:00\",\"breadcrumb\":{\"@id\":\"https:\\\/\\\/hundtgroup.com\\\/cs\\\/produkt\\\/trutool-tsc-200-cistic-nosnych-list\\\/#breadcrumb\"},\"inLanguage\":\"cs\",\"potentialAction\":[{\"@type\":\"ReadAction\",\"target\":[\"https:\\\/\\\/hundtgroup.com\\\/cs\\\/produkt\\\/trutool-tsc-200-cistic-nosnych-list\\\/\"]}]},{\"@type\":\"ImageObject\",\"inLanguage\":\"cs\",\"@id\":\"https:\\\/\\\/hundtgroup.com\\\/cs\\\/produkt\\\/trutool-tsc-200-cistic-nosnych-list\\\/#primaryimage\",\"url\":\"https:\\\/\\\/hundtgroup.com\\\/wp-content\\\/uploads\\\/TSC-200-3-e1752504167544.png\",\"contentUrl\":\"https:\\\/\\\/hundtgroup.com\\\/wp-content\\\/uploads\\\/TSC-200-3-e1752504167544.png\",\"width\":1024,\"height\":650},{\"@type\":\"BreadcrumbList\",\"@id\":\"https:\\\/\\\/hundtgroup.com\\\/cs\\\/produkt\\\/trutool-tsc-200-cistic-nosnych-list\\\/#breadcrumb\",\"itemListElement\":[{\"@type\":\"ListItem\",\"position\":1,\"name\":\"Startseite\",\"item\":\"https:\\\/\\\/hundtgroup.com\\\/cs\\\/home-nove\\\/\"},{\"@type\":\"ListItem\",\"position\":2,\"name\":\"Obchod\",\"item\":\"https:\\\/\\\/hundtgroup.com\\\/obchod\\\/\"},{\"@type\":\"ListItem\",\"position\":3,\"name\":\"TruTool TSC 200 \u010disti\u010d nosn\u00fdch li\u0161t\"}]},{\"@type\":\"WebSite\",\"@id\":\"https:\\\/\\\/hundtgroup.com\\\/cs\\\/#website\",\"url\":\"https:\\\/\\\/hundtgroup.com\\\/cs\\\/\",\"name\":\"Wilhelm Hundt GmbH\",\"description\":\"V\u00e1\u0161 specialista na stroje a n\u00e1stroje pro zpracov\u00e1n\u00ed plechu\",\"potentialAction\":[{\"@type\":\"SearchAction\",\"target\":{\"@type\":\"EntryPoint\",\"urlTemplate\":\"https:\\\/\\\/hundtgroup.com\\\/cs\\\/?s={search_term_string}\"},\"query-input\":{\"@type\":\"PropertyValueSpecification\",\"valueRequired\":true,\"valueName\":\"search_term_string\"}}],\"inLanguage\":\"cs\"}]}<\/script>\n<!-- \/ Yoast SEO plugin. -->","yoast_head_json":{"title":"TruTool TSC 200 \u010disti\u010d nosn\u00fdch li\u0161t - Wilhelm Hundt GmbH","robots":{"index":"index","follow":"follow","max-snippet":"max-snippet:-1","max-image-preview":"max-image-preview:large","max-video-preview":"max-video-preview:-1"},"canonical":"https:\/\/hundtgroup.com\/cs\/produkt\/trutool-tsc-200-cistic-nosnych-list\/","og_locale":"cs_CZ","og_type":"article","og_title":"TruTool TSC 200 \u010disti\u010d nosn\u00fdch li\u0161t - Wilhelm Hundt GmbH","og_description":"Kompaktn\u00ed a robustn\u00ed TruTool TSC 200 je ur\u010den pro vl\u00e1knov\u00e9 lasery s vysok\u00fdm laserov\u00fdm v\u00fdkonem a odpov\u00eddaj\u00edc\u00ed tvrdou struskou do 25 mm. To je nez\u00e1visl\u00e9 na materi\u00e1lu. O vysok\u00e9 kvalit\u011b a v\u00fdkonu \u010di\u0161t\u011bn\u00ed rozhoduje n\u011bkolik faktor\u016f. Nap\u0159\u00edklad geometrie \u010distic\u00edho n\u00e1stroje a podp\u011bra posuvu. Vyv\u00e1\u017een\u00e9 rozlo\u017een\u00ed hmotnosti sk\u0159\u00edn\u011b a motoru nav\u00edc zaji\u0161\u0165uje plynulou a ergonomickou obsluhu. [&hellip;]","og_url":"https:\/\/hundtgroup.com\/cs\/produkt\/trutool-tsc-200-cistic-nosnych-list\/","og_site_name":"Wilhelm Hundt GmbH","article_modified_time":"2025-08-05T14:43:04+00:00","og_image":[{"width":1024,"height":650,"url":"https:\/\/hundtgroup.com\/wp-content\/uploads\/TSC-200-3-e1752504167544.png","type":"image\/png"}],"twitter_card":"summary_large_image","twitter_misc":{"Odhadovan\u00e1 doba \u010dten\u00ed":"1 minuta"},"schema":{"@context":"https:\/\/schema.org","@graph":[{"@type":"WebPage","@id":"https:\/\/hundtgroup.com\/cs\/produkt\/trutool-tsc-200-cistic-nosnych-list\/","url":"https:\/\/hundtgroup.com\/cs\/produkt\/trutool-tsc-200-cistic-nosnych-list\/","name":"TruTool TSC 200 \u010disti\u010d nosn\u00fdch li\u0161t - Wilhelm Hundt GmbH","isPartOf":{"@id":"https:\/\/hundtgroup.com\/cs\/#website"},"primaryImageOfPage":{"@id":"https:\/\/hundtgroup.com\/cs\/produkt\/trutool-tsc-200-cistic-nosnych-list\/#primaryimage"},"image":{"@id":"https:\/\/hundtgroup.com\/cs\/produkt\/trutool-tsc-200-cistic-nosnych-list\/#primaryimage"},"thumbnailUrl":"https:\/\/hundtgroup.com\/wp-content\/uploads\/TSC-200-3-e1752504167544.png","datePublished":"2025-07-11T12:58:21+00:00","dateModified":"2025-08-05T14:43:04+00:00","breadcrumb":{"@id":"https:\/\/hundtgroup.com\/cs\/produkt\/trutool-tsc-200-cistic-nosnych-list\/#breadcrumb"},"inLanguage":"cs","potentialAction":[{"@type":"ReadAction","target":["https:\/\/hundtgroup.com\/cs\/produkt\/trutool-tsc-200-cistic-nosnych-list\/"]}]},{"@type":"ImageObject","inLanguage":"cs","@id":"https:\/\/hundtgroup.com\/cs\/produkt\/trutool-tsc-200-cistic-nosnych-list\/#primaryimage","url":"https:\/\/hundtgroup.com\/wp-content\/uploads\/TSC-200-3-e1752504167544.png","contentUrl":"https:\/\/hundtgroup.com\/wp-content\/uploads\/TSC-200-3-e1752504167544.png","width":1024,"height":650},{"@type":"BreadcrumbList","@id":"https:\/\/hundtgroup.com\/cs\/produkt\/trutool-tsc-200-cistic-nosnych-list\/#breadcrumb","itemListElement":[{"@type":"ListItem","position":1,"name":"Startseite","item":"https:\/\/hundtgroup.com\/cs\/home-nove\/"},{"@type":"ListItem","position":2,"name":"Obchod","item":"https:\/\/hundtgroup.com\/obchod\/"},{"@type":"ListItem","position":3,"name":"TruTool TSC 200 \u010disti\u010d nosn\u00fdch li\u0161t"}]},{"@type":"WebSite","@id":"https:\/\/hundtgroup.com\/cs\/#website","url":"https:\/\/hundtgroup.com\/cs\/","name":"Wilhelm Hundt GmbH","description":"V\u00e1\u0161 specialista na stroje a n\u00e1stroje pro zpracov\u00e1n\u00ed plechu","potentialAction":[{"@type":"SearchAction","target":{"@type":"EntryPoint","urlTemplate":"https:\/\/hundtgroup.com\/cs\/?s={search_term_string}"},"query-input":{"@type":"PropertyValueSpecification","valueRequired":true,"valueName":"search_term_string"}}],"inLanguage":"cs"}]}},"_links":{"self":[{"href":"https:\/\/hundtgroup.com\/cs\/wp-json\/wp\/v2\/product\/16638","targetHints":{"allow":["GET"]}}],"collection":[{"href":"https:\/\/hundtgroup.com\/cs\/wp-json\/wp\/v2\/product"}],"about":[{"href":"https:\/\/hundtgroup.com\/cs\/wp-json\/wp\/v2\/types\/product"}],"wp:featuredmedia":[{"embeddable":true,"href":"https:\/\/hundtgroup.com\/cs\/wp-json\/wp\/v2\/media\/16568"}],"wp:attachment":[{"href":"https:\/\/hundtgroup.com\/cs\/wp-json\/wp\/v2\/media?parent=16638"}],"wp:term":[{"taxonomy":"product_cat","embeddable":true,"href":"https:\/\/hundtgroup.com\/cs\/wp-json\/wp\/v2\/product_cat?post=16638"},{"taxonomy":"product_tag","embeddable":true,"href":"https:\/\/hundtgroup.com\/cs\/wp-json\/wp\/v2\/product_tag?post=16638"}],"curies":[{"name":"wp","href":"https:\/\/api.w.org\/{rel}","templated":true}]}}