{"id":17921,"date":"2025-06-18T18:31:18","date_gmt":"2025-06-18T16:31:18","guid":{"rendered":"https:\/\/hundtgroup.com\/produkt\/sadrova-rovina\/"},"modified":"2025-08-05T17:57:10","modified_gmt":"2025-08-05T15:57:10","slug":"sadrova-rovina","status":"publish","type":"product","link":"https:\/\/hundtgroup.com\/cs\/produkt\/sadrova-rovina\/","title":{"rendered":"S\u00e1drov\u00e1 rovina"},"content":{"rendered":"<p>Pro univerz\u00e1ln\u00ed vyhlazov\u00e1n\u00ed hran s\u00e1drokartonov\u00fdch desek, ergonomicky tvarovan\u00e1 plastov\u00e1 rukoje\u0165, pohodln\u011b padne do ruky, hrub\u00e9 ost\u0159\u00ed, umo\u017e\u0148uje rychl\u00e9 vyhlazen\u00ed.<\/p>\n","protected":false},"excerpt":{"rendered":"<p>Pro univerz\u00e1ln\u00ed vyhlazov\u00e1n\u00ed hran s\u00e1drokartonov\u00fdch desek, ergonomicky tvarovan\u00e1 plastov\u00e1 rukoje\u0165, pohodln\u011b padne do ruky, hrub\u00e9 ost\u0159\u00ed, umo\u017e\u0148uje rychl\u00e9 vyhlazen\u00ed.<\/p>\n","protected":false},"featured_media":17922,"template":"","meta":{"_acf_changed":false,"inline_featured_image":false},"product_cat":[715,1701,1698],"product_tag":[],"class_list":{"0":"post-17921","1":"product","2":"type-product","3":"status-publish","4":"has-post-thumbnail","6":"brand-hundt","7":"product_cat-rucni-naradi","8":"product_cat-letadlo","9":"product_cat-nastroje-pro-sadrokartonove-desky","11":"first","12":"instock","13":"taxable","14":"shipping-taxable","15":"purchasable","16":"product-type-simple","17":"add-to-wishlist-before_image"},"acf":[],"yoast_head":"<!-- This site is optimized with the Yoast SEO plugin v27.3 - https:\/\/yoast.com\/product\/yoast-seo-wordpress\/ -->\n<title>S\u00e1drov\u00e1 rovina - Wilhelm Hundt GmbH<\/title>\n<meta name=\"robots\" content=\"index, follow, max-snippet:-1, max-image-preview:large, max-video-preview:-1\" \/>\n<link rel=\"canonical\" href=\"https:\/\/hundtgroup.com\/cs\/produkt\/sadrova-rovina\/\" \/>\n<meta property=\"og:locale\" content=\"cs_CZ\" \/>\n<meta property=\"og:type\" content=\"article\" \/>\n<meta property=\"og:title\" content=\"S\u00e1drov\u00e1 rovina - Wilhelm Hundt GmbH\" \/>\n<meta property=\"og:description\" content=\"Pro univerz\u00e1ln\u00ed vyhlazov\u00e1n\u00ed hran s\u00e1drokartonov\u00fdch desek, ergonomicky tvarovan\u00e1 plastov\u00e1 rukoje\u0165, pohodln\u011b padne do ruky, hrub\u00e9 ost\u0159\u00ed, umo\u017e\u0148uje rychl\u00e9 vyhlazen\u00ed.\" \/>\n<meta property=\"og:url\" content=\"https:\/\/hundtgroup.com\/cs\/produkt\/sadrova-rovina\/\" \/>\n<meta property=\"og:site_name\" content=\"Wilhelm Hundt GmbH\" \/>\n<meta property=\"article:modified_time\" content=\"2025-08-05T15:57:10+00:00\" \/>\n<meta property=\"og:image\" content=\"https:\/\/hundtgroup.com\/wp-content\/uploads\/470313.png\" \/>\n\t<meta property=\"og:image:width\" content=\"425\" \/>\n\t<meta property=\"og:image:height\" content=\"184\" \/>\n\t<meta property=\"og:image:type\" content=\"image\/png\" \/>\n<meta name=\"twitter:card\" content=\"summary_large_image\" \/>\n<script type=\"application\/ld+json\" class=\"yoast-schema-graph\">{\"@context\":\"https:\\\/\\\/schema.org\",\"@graph\":[{\"@type\":\"WebPage\",\"@id\":\"https:\\\/\\\/hundtgroup.com\\\/cs\\\/produkt\\\/sadrova-rovina\\\/\",\"url\":\"https:\\\/\\\/hundtgroup.com\\\/cs\\\/produkt\\\/sadrova-rovina\\\/\",\"name\":\"S\u00e1drov\u00e1 rovina - Wilhelm Hundt GmbH\",\"isPartOf\":{\"@id\":\"https:\\\/\\\/hundtgroup.com\\\/cs\\\/#website\"},\"primaryImageOfPage\":{\"@id\":\"https:\\\/\\\/hundtgroup.com\\\/cs\\\/produkt\\\/sadrova-rovina\\\/#primaryimage\"},\"image\":{\"@id\":\"https:\\\/\\\/hundtgroup.com\\\/cs\\\/produkt\\\/sadrova-rovina\\\/#primaryimage\"},\"thumbnailUrl\":\"https:\\\/\\\/hundtgroup.com\\\/wp-content\\\/uploads\\\/470313.png\",\"datePublished\":\"2025-06-18T16:31:18+00:00\",\"dateModified\":\"2025-08-05T15:57:10+00:00\",\"breadcrumb\":{\"@id\":\"https:\\\/\\\/hundtgroup.com\\\/cs\\\/produkt\\\/sadrova-rovina\\\/#breadcrumb\"},\"inLanguage\":\"cs\",\"potentialAction\":[{\"@type\":\"ReadAction\",\"target\":[\"https:\\\/\\\/hundtgroup.com\\\/cs\\\/produkt\\\/sadrova-rovina\\\/\"]}]},{\"@type\":\"ImageObject\",\"inLanguage\":\"cs\",\"@id\":\"https:\\\/\\\/hundtgroup.com\\\/cs\\\/produkt\\\/sadrova-rovina\\\/#primaryimage\",\"url\":\"https:\\\/\\\/hundtgroup.com\\\/wp-content\\\/uploads\\\/470313.png\",\"contentUrl\":\"https:\\\/\\\/hundtgroup.com\\\/wp-content\\\/uploads\\\/470313.png\",\"width\":425,\"height\":184},{\"@type\":\"BreadcrumbList\",\"@id\":\"https:\\\/\\\/hundtgroup.com\\\/cs\\\/produkt\\\/sadrova-rovina\\\/#breadcrumb\",\"itemListElement\":[{\"@type\":\"ListItem\",\"position\":1,\"name\":\"Startseite\",\"item\":\"https:\\\/\\\/hundtgroup.com\\\/cs\\\/home-nove\\\/\"},{\"@type\":\"ListItem\",\"position\":2,\"name\":\"Obchod\",\"item\":\"https:\\\/\\\/hundtgroup.com\\\/obchod\\\/\"},{\"@type\":\"ListItem\",\"position\":3,\"name\":\"S\u00e1drov\u00e1 rovina\"}]},{\"@type\":\"WebSite\",\"@id\":\"https:\\\/\\\/hundtgroup.com\\\/cs\\\/#website\",\"url\":\"https:\\\/\\\/hundtgroup.com\\\/cs\\\/\",\"name\":\"Wilhelm Hundt GmbH\",\"description\":\"V\u00e1\u0161 specialista na stroje a n\u00e1stroje pro zpracov\u00e1n\u00ed plechu\",\"potentialAction\":[{\"@type\":\"SearchAction\",\"target\":{\"@type\":\"EntryPoint\",\"urlTemplate\":\"https:\\\/\\\/hundtgroup.com\\\/cs\\\/?s={search_term_string}\"},\"query-input\":{\"@type\":\"PropertyValueSpecification\",\"valueRequired\":true,\"valueName\":\"search_term_string\"}}],\"inLanguage\":\"cs\"}]}<\/script>\n<!-- \/ Yoast SEO plugin. -->","yoast_head_json":{"title":"S\u00e1drov\u00e1 rovina - Wilhelm Hundt GmbH","robots":{"index":"index","follow":"follow","max-snippet":"max-snippet:-1","max-image-preview":"max-image-preview:large","max-video-preview":"max-video-preview:-1"},"canonical":"https:\/\/hundtgroup.com\/cs\/produkt\/sadrova-rovina\/","og_locale":"cs_CZ","og_type":"article","og_title":"S\u00e1drov\u00e1 rovina - Wilhelm Hundt GmbH","og_description":"Pro univerz\u00e1ln\u00ed vyhlazov\u00e1n\u00ed hran s\u00e1drokartonov\u00fdch desek, ergonomicky tvarovan\u00e1 plastov\u00e1 rukoje\u0165, pohodln\u011b padne do ruky, hrub\u00e9 ost\u0159\u00ed, umo\u017e\u0148uje rychl\u00e9 vyhlazen\u00ed.","og_url":"https:\/\/hundtgroup.com\/cs\/produkt\/sadrova-rovina\/","og_site_name":"Wilhelm Hundt GmbH","article_modified_time":"2025-08-05T15:57:10+00:00","og_image":[{"width":425,"height":184,"url":"https:\/\/hundtgroup.com\/wp-content\/uploads\/470313.png","type":"image\/png"}],"twitter_card":"summary_large_image","schema":{"@context":"https:\/\/schema.org","@graph":[{"@type":"WebPage","@id":"https:\/\/hundtgroup.com\/cs\/produkt\/sadrova-rovina\/","url":"https:\/\/hundtgroup.com\/cs\/produkt\/sadrova-rovina\/","name":"S\u00e1drov\u00e1 rovina - Wilhelm Hundt GmbH","isPartOf":{"@id":"https:\/\/hundtgroup.com\/cs\/#website"},"primaryImageOfPage":{"@id":"https:\/\/hundtgroup.com\/cs\/produkt\/sadrova-rovina\/#primaryimage"},"image":{"@id":"https:\/\/hundtgroup.com\/cs\/produkt\/sadrova-rovina\/#primaryimage"},"thumbnailUrl":"https:\/\/hundtgroup.com\/wp-content\/uploads\/470313.png","datePublished":"2025-06-18T16:31:18+00:00","dateModified":"2025-08-05T15:57:10+00:00","breadcrumb":{"@id":"https:\/\/hundtgroup.com\/cs\/produkt\/sadrova-rovina\/#breadcrumb"},"inLanguage":"cs","potentialAction":[{"@type":"ReadAction","target":["https:\/\/hundtgroup.com\/cs\/produkt\/sadrova-rovina\/"]}]},{"@type":"ImageObject","inLanguage":"cs","@id":"https:\/\/hundtgroup.com\/cs\/produkt\/sadrova-rovina\/#primaryimage","url":"https:\/\/hundtgroup.com\/wp-content\/uploads\/470313.png","contentUrl":"https:\/\/hundtgroup.com\/wp-content\/uploads\/470313.png","width":425,"height":184},{"@type":"BreadcrumbList","@id":"https:\/\/hundtgroup.com\/cs\/produkt\/sadrova-rovina\/#breadcrumb","itemListElement":[{"@type":"ListItem","position":1,"name":"Startseite","item":"https:\/\/hundtgroup.com\/cs\/home-nove\/"},{"@type":"ListItem","position":2,"name":"Obchod","item":"https:\/\/hundtgroup.com\/obchod\/"},{"@type":"ListItem","position":3,"name":"S\u00e1drov\u00e1 rovina"}]},{"@type":"WebSite","@id":"https:\/\/hundtgroup.com\/cs\/#website","url":"https:\/\/hundtgroup.com\/cs\/","name":"Wilhelm Hundt GmbH","description":"V\u00e1\u0161 specialista na stroje a n\u00e1stroje pro zpracov\u00e1n\u00ed plechu","potentialAction":[{"@type":"SearchAction","target":{"@type":"EntryPoint","urlTemplate":"https:\/\/hundtgroup.com\/cs\/?s={search_term_string}"},"query-input":{"@type":"PropertyValueSpecification","valueRequired":true,"valueName":"search_term_string"}}],"inLanguage":"cs"}]}},"_links":{"self":[{"href":"https:\/\/hundtgroup.com\/cs\/wp-json\/wp\/v2\/product\/17921","targetHints":{"allow":["GET"]}}],"collection":[{"href":"https:\/\/hundtgroup.com\/cs\/wp-json\/wp\/v2\/product"}],"about":[{"href":"https:\/\/hundtgroup.com\/cs\/wp-json\/wp\/v2\/types\/product"}],"wp:featuredmedia":[{"embeddable":true,"href":"https:\/\/hundtgroup.com\/cs\/wp-json\/wp\/v2\/media\/17922"}],"wp:attachment":[{"href":"https:\/\/hundtgroup.com\/cs\/wp-json\/wp\/v2\/media?parent=17921"}],"wp:term":[{"taxonomy":"product_cat","embeddable":true,"href":"https:\/\/hundtgroup.com\/cs\/wp-json\/wp\/v2\/product_cat?post=17921"},{"taxonomy":"product_tag","embeddable":true,"href":"https:\/\/hundtgroup.com\/cs\/wp-json\/wp\/v2\/product_tag?post=17921"}],"curies":[{"name":"wp","href":"https:\/\/api.w.org\/{rel}","templated":true}]}}