{"id":18080,"date":"2025-06-18T18:31:24","date_gmt":"2025-06-18T16:31:24","guid":{"rendered":"https:\/\/hundtgroup.com\/produkt\/dilensky-pilnik-plochy-tupy\/"},"modified":"2025-08-05T18:13:03","modified_gmt":"2025-08-05T16:13:03","slug":"dilensky-pilnik-plochy-tupy","status":"publish","type":"product","link":"https:\/\/hundtgroup.com\/cs\/produkt\/dilensky-pilnik-plochy-tupy\/","title":{"rendered":"D\u00edlensk\u00fd piln\u00edk, ploch\u00fd tup\u00fd"},"content":{"rendered":"<p>Pro univerz\u00e1ln\u00ed opracov\u00e1n\u00ed kovov\u00fdch povrch\u016f jemn\u00fdm a hrub\u00fdm pilov\u00e1n\u00edm a odstra\u0148ov\u00e1n\u00edm ot\u0159ep\u016f, dokonal\u00e1 struktura oceli a rovnom\u011brn\u00e1 tvrdost 63 HRC \u00b1 2, rovnom\u011brn\u00e1 hustota a hloubka \u0159ezu od rukojeti ke \u0161pi\u010dce, p\u0159esn\u00fd tvar piln\u00edku, speci\u00e1ln\u00ed geometrie zub\u016f, ergonomick\u00e1 plastov\u00e1 rukoje\u0165.<\/p>\n","protected":false},"excerpt":{"rendered":"<p>Pro univerz\u00e1ln\u00ed opracov\u00e1n\u00ed kovov\u00fdch povrch\u016f jemn\u00fdm a hrub\u00fdm pilov\u00e1n\u00edm a odstra\u0148ov\u00e1n\u00edm ot\u0159ep\u016f, dokonal\u00e1 struktura oceli a rovnom\u011brn\u00e1 tvrdost 63 HRC \u00b1 2, rovnom\u011brn\u00e1 hustota a hloubka \u0159ezu od rukojeti ke \u0161pi\u010dce, p\u0159esn\u00fd tvar piln\u00edku, speci\u00e1ln\u00ed geometrie zub\u016f, ergonomick\u00e1 plastov\u00e1 rukoje\u0165.<\/p>\n","protected":false},"featured_media":18082,"template":"","meta":{"_acf_changed":false,"inline_featured_image":false},"product_cat":[715,1705],"product_tag":[],"class_list":{"0":"post-18080","1":"product","2":"type-product","3":"status-publish","4":"has-post-thumbnail","6":"brand-hundt","7":"product_cat-rucni-naradi","8":"product_cat-soubor","10":"first","11":"instock","12":"taxable","13":"shipping-taxable","14":"purchasable","15":"product-type-simple","16":"add-to-wishlist-before_image"},"acf":[],"yoast_head":"<!-- This site is optimized with the Yoast SEO plugin v27.3 - https:\/\/yoast.com\/product\/yoast-seo-wordpress\/ -->\n<title>D\u00edlensk\u00fd piln\u00edk, ploch\u00fd tup\u00fd - Wilhelm Hundt GmbH<\/title>\n<meta name=\"robots\" content=\"index, follow, max-snippet:-1, max-image-preview:large, max-video-preview:-1\" \/>\n<link rel=\"canonical\" href=\"https:\/\/hundtgroup.com\/cs\/produkt\/dilensky-pilnik-plochy-tupy\/\" \/>\n<meta property=\"og:locale\" content=\"cs_CZ\" \/>\n<meta property=\"og:type\" content=\"article\" \/>\n<meta property=\"og:title\" content=\"D\u00edlensk\u00fd piln\u00edk, ploch\u00fd tup\u00fd - Wilhelm Hundt GmbH\" \/>\n<meta property=\"og:description\" content=\"Pro univerz\u00e1ln\u00ed opracov\u00e1n\u00ed kovov\u00fdch povrch\u016f jemn\u00fdm a hrub\u00fdm pilov\u00e1n\u00edm a odstra\u0148ov\u00e1n\u00edm ot\u0159ep\u016f, dokonal\u00e1 struktura oceli a rovnom\u011brn\u00e1 tvrdost 63 HRC \u00b1 2, rovnom\u011brn\u00e1 hustota a hloubka \u0159ezu od rukojeti ke \u0161pi\u010dce, p\u0159esn\u00fd tvar piln\u00edku, speci\u00e1ln\u00ed geometrie zub\u016f, ergonomick\u00e1 plastov\u00e1 rukoje\u0165.\" \/>\n<meta property=\"og:url\" content=\"https:\/\/hundtgroup.com\/cs\/produkt\/dilensky-pilnik-plochy-tupy\/\" \/>\n<meta property=\"og:site_name\" content=\"Wilhelm Hundt GmbH\" \/>\n<meta property=\"article:modified_time\" content=\"2025-08-05T16:13:03+00:00\" \/>\n<meta property=\"og:image\" content=\"https:\/\/hundtgroup.com\/wp-content\/uploads\/430002.png\" \/>\n\t<meta property=\"og:image:width\" content=\"790\" \/>\n\t<meta property=\"og:image:height\" content=\"93\" \/>\n\t<meta property=\"og:image:type\" content=\"image\/png\" \/>\n<meta name=\"twitter:card\" content=\"summary_large_image\" \/>\n<script type=\"application\/ld+json\" class=\"yoast-schema-graph\">{\"@context\":\"https:\\\/\\\/schema.org\",\"@graph\":[{\"@type\":\"WebPage\",\"@id\":\"https:\\\/\\\/hundtgroup.com\\\/cs\\\/produkt\\\/dilensky-pilnik-plochy-tupy\\\/\",\"url\":\"https:\\\/\\\/hundtgroup.com\\\/cs\\\/produkt\\\/dilensky-pilnik-plochy-tupy\\\/\",\"name\":\"D\u00edlensk\u00fd piln\u00edk, ploch\u00fd tup\u00fd - Wilhelm Hundt GmbH\",\"isPartOf\":{\"@id\":\"https:\\\/\\\/hundtgroup.com\\\/cs\\\/#website\"},\"primaryImageOfPage\":{\"@id\":\"https:\\\/\\\/hundtgroup.com\\\/cs\\\/produkt\\\/dilensky-pilnik-plochy-tupy\\\/#primaryimage\"},\"image\":{\"@id\":\"https:\\\/\\\/hundtgroup.com\\\/cs\\\/produkt\\\/dilensky-pilnik-plochy-tupy\\\/#primaryimage\"},\"thumbnailUrl\":\"https:\\\/\\\/hundtgroup.com\\\/wp-content\\\/uploads\\\/430002.png\",\"datePublished\":\"2025-06-18T16:31:24+00:00\",\"dateModified\":\"2025-08-05T16:13:03+00:00\",\"breadcrumb\":{\"@id\":\"https:\\\/\\\/hundtgroup.com\\\/cs\\\/produkt\\\/dilensky-pilnik-plochy-tupy\\\/#breadcrumb\"},\"inLanguage\":\"cs\",\"potentialAction\":[{\"@type\":\"ReadAction\",\"target\":[\"https:\\\/\\\/hundtgroup.com\\\/cs\\\/produkt\\\/dilensky-pilnik-plochy-tupy\\\/\"]}]},{\"@type\":\"ImageObject\",\"inLanguage\":\"cs\",\"@id\":\"https:\\\/\\\/hundtgroup.com\\\/cs\\\/produkt\\\/dilensky-pilnik-plochy-tupy\\\/#primaryimage\",\"url\":\"https:\\\/\\\/hundtgroup.com\\\/wp-content\\\/uploads\\\/430002.png\",\"contentUrl\":\"https:\\\/\\\/hundtgroup.com\\\/wp-content\\\/uploads\\\/430002.png\",\"width\":790,\"height\":93},{\"@type\":\"BreadcrumbList\",\"@id\":\"https:\\\/\\\/hundtgroup.com\\\/cs\\\/produkt\\\/dilensky-pilnik-plochy-tupy\\\/#breadcrumb\",\"itemListElement\":[{\"@type\":\"ListItem\",\"position\":1,\"name\":\"Startseite\",\"item\":\"https:\\\/\\\/hundtgroup.com\\\/cs\\\/home-nove\\\/\"},{\"@type\":\"ListItem\",\"position\":2,\"name\":\"Obchod\",\"item\":\"https:\\\/\\\/hundtgroup.com\\\/obchod\\\/\"},{\"@type\":\"ListItem\",\"position\":3,\"name\":\"D\u00edlensk\u00fd piln\u00edk, ploch\u00fd tup\u00fd\"}]},{\"@type\":\"WebSite\",\"@id\":\"https:\\\/\\\/hundtgroup.com\\\/cs\\\/#website\",\"url\":\"https:\\\/\\\/hundtgroup.com\\\/cs\\\/\",\"name\":\"Wilhelm Hundt GmbH\",\"description\":\"V\u00e1\u0161 specialista na stroje a n\u00e1stroje pro zpracov\u00e1n\u00ed plechu\",\"potentialAction\":[{\"@type\":\"SearchAction\",\"target\":{\"@type\":\"EntryPoint\",\"urlTemplate\":\"https:\\\/\\\/hundtgroup.com\\\/cs\\\/?s={search_term_string}\"},\"query-input\":{\"@type\":\"PropertyValueSpecification\",\"valueRequired\":true,\"valueName\":\"search_term_string\"}}],\"inLanguage\":\"cs\"}]}<\/script>\n<!-- \/ Yoast SEO plugin. -->","yoast_head_json":{"title":"D\u00edlensk\u00fd piln\u00edk, ploch\u00fd tup\u00fd - Wilhelm Hundt GmbH","robots":{"index":"index","follow":"follow","max-snippet":"max-snippet:-1","max-image-preview":"max-image-preview:large","max-video-preview":"max-video-preview:-1"},"canonical":"https:\/\/hundtgroup.com\/cs\/produkt\/dilensky-pilnik-plochy-tupy\/","og_locale":"cs_CZ","og_type":"article","og_title":"D\u00edlensk\u00fd piln\u00edk, ploch\u00fd tup\u00fd - Wilhelm Hundt GmbH","og_description":"Pro univerz\u00e1ln\u00ed opracov\u00e1n\u00ed kovov\u00fdch povrch\u016f jemn\u00fdm a hrub\u00fdm pilov\u00e1n\u00edm a odstra\u0148ov\u00e1n\u00edm ot\u0159ep\u016f, dokonal\u00e1 struktura oceli a rovnom\u011brn\u00e1 tvrdost 63 HRC \u00b1 2, rovnom\u011brn\u00e1 hustota a hloubka \u0159ezu od rukojeti ke \u0161pi\u010dce, p\u0159esn\u00fd tvar piln\u00edku, speci\u00e1ln\u00ed geometrie zub\u016f, ergonomick\u00e1 plastov\u00e1 rukoje\u0165.","og_url":"https:\/\/hundtgroup.com\/cs\/produkt\/dilensky-pilnik-plochy-tupy\/","og_site_name":"Wilhelm Hundt GmbH","article_modified_time":"2025-08-05T16:13:03+00:00","og_image":[{"width":790,"height":93,"url":"https:\/\/hundtgroup.com\/wp-content\/uploads\/430002.png","type":"image\/png"}],"twitter_card":"summary_large_image","schema":{"@context":"https:\/\/schema.org","@graph":[{"@type":"WebPage","@id":"https:\/\/hundtgroup.com\/cs\/produkt\/dilensky-pilnik-plochy-tupy\/","url":"https:\/\/hundtgroup.com\/cs\/produkt\/dilensky-pilnik-plochy-tupy\/","name":"D\u00edlensk\u00fd piln\u00edk, ploch\u00fd tup\u00fd - Wilhelm Hundt GmbH","isPartOf":{"@id":"https:\/\/hundtgroup.com\/cs\/#website"},"primaryImageOfPage":{"@id":"https:\/\/hundtgroup.com\/cs\/produkt\/dilensky-pilnik-plochy-tupy\/#primaryimage"},"image":{"@id":"https:\/\/hundtgroup.com\/cs\/produkt\/dilensky-pilnik-plochy-tupy\/#primaryimage"},"thumbnailUrl":"https:\/\/hundtgroup.com\/wp-content\/uploads\/430002.png","datePublished":"2025-06-18T16:31:24+00:00","dateModified":"2025-08-05T16:13:03+00:00","breadcrumb":{"@id":"https:\/\/hundtgroup.com\/cs\/produkt\/dilensky-pilnik-plochy-tupy\/#breadcrumb"},"inLanguage":"cs","potentialAction":[{"@type":"ReadAction","target":["https:\/\/hundtgroup.com\/cs\/produkt\/dilensky-pilnik-plochy-tupy\/"]}]},{"@type":"ImageObject","inLanguage":"cs","@id":"https:\/\/hundtgroup.com\/cs\/produkt\/dilensky-pilnik-plochy-tupy\/#primaryimage","url":"https:\/\/hundtgroup.com\/wp-content\/uploads\/430002.png","contentUrl":"https:\/\/hundtgroup.com\/wp-content\/uploads\/430002.png","width":790,"height":93},{"@type":"BreadcrumbList","@id":"https:\/\/hundtgroup.com\/cs\/produkt\/dilensky-pilnik-plochy-tupy\/#breadcrumb","itemListElement":[{"@type":"ListItem","position":1,"name":"Startseite","item":"https:\/\/hundtgroup.com\/cs\/home-nove\/"},{"@type":"ListItem","position":2,"name":"Obchod","item":"https:\/\/hundtgroup.com\/obchod\/"},{"@type":"ListItem","position":3,"name":"D\u00edlensk\u00fd piln\u00edk, ploch\u00fd tup\u00fd"}]},{"@type":"WebSite","@id":"https:\/\/hundtgroup.com\/cs\/#website","url":"https:\/\/hundtgroup.com\/cs\/","name":"Wilhelm Hundt GmbH","description":"V\u00e1\u0161 specialista na stroje a n\u00e1stroje pro zpracov\u00e1n\u00ed plechu","potentialAction":[{"@type":"SearchAction","target":{"@type":"EntryPoint","urlTemplate":"https:\/\/hundtgroup.com\/cs\/?s={search_term_string}"},"query-input":{"@type":"PropertyValueSpecification","valueRequired":true,"valueName":"search_term_string"}}],"inLanguage":"cs"}]}},"_links":{"self":[{"href":"https:\/\/hundtgroup.com\/cs\/wp-json\/wp\/v2\/product\/18080","targetHints":{"allow":["GET"]}}],"collection":[{"href":"https:\/\/hundtgroup.com\/cs\/wp-json\/wp\/v2\/product"}],"about":[{"href":"https:\/\/hundtgroup.com\/cs\/wp-json\/wp\/v2\/types\/product"}],"wp:featuredmedia":[{"embeddable":true,"href":"https:\/\/hundtgroup.com\/cs\/wp-json\/wp\/v2\/media\/18082"}],"wp:attachment":[{"href":"https:\/\/hundtgroup.com\/cs\/wp-json\/wp\/v2\/media?parent=18080"}],"wp:term":[{"taxonomy":"product_cat","embeddable":true,"href":"https:\/\/hundtgroup.com\/cs\/wp-json\/wp\/v2\/product_cat?post=18080"},{"taxonomy":"product_tag","embeddable":true,"href":"https:\/\/hundtgroup.com\/cs\/wp-json\/wp\/v2\/product_tag?post=18080"}],"curies":[{"name":"wp","href":"https:\/\/api.w.org\/{rel}","templated":true}]}}