{"id":18312,"date":"2025-06-18T18:32:02","date_gmt":"2025-06-18T16:32:02","guid":{"rendered":"https:\/\/hundtgroup.com\/produkt\/sada-izolacniho-naradi-hundt-basic-33-dilu-v-uzamykatelnem-batohu-na-koleckach\/"},"modified":"2025-08-05T17:52:09","modified_gmt":"2025-08-05T15:52:09","slug":"sada-izolacniho-naradi-hundt-basic-33-dilu-v-uzamykatelnem-batohu-na-koleckach","status":"publish","type":"product","link":"https:\/\/hundtgroup.com\/cs\/produkt\/sada-izolacniho-naradi-hundt-basic-33-dilu-v-uzamykatelnem-batohu-na-koleckach\/","title":{"rendered":"Sada izola\u010dn\u00edho n\u00e1\u0159ad\u00ed Hundt Basic 33 d\u00edl\u016f v uzamykateln\u00e9m batohu na kole\u010dk\u00e1ch"},"content":{"rendered":"<p>Sada n\u00e1\u0159ad\u00ed pro izol\u00e1tory sest\u00e1vaj\u00edc\u00ed z:<br \/>\nUzamykateln\u00fd batoh na n\u00e1\u0159ad\u00ed<br \/>\nN\u016f\u017e na roho\u017ee 150 mm tvar B<br \/>\nKo\u017een\u00e9 pouzdro na n\u016f\u017e 150 mm<br \/>\nERDI Ideal n\u016f\u017eky modr\u00e9 216\/260 prav\u00e9<br \/>\nERDI Ideal n\u016f\u017eky modr\u00e9 216\/260 lev\u00e9<br \/>\nGilotinov\u00e9 n\u016f\u017eky ERDI 218\/350<br \/>\nRu\u010dn\u00ed d\u011brova\u010dka velikosti 20<br \/>\nD\u0159ev\u011bn\u00e9 skl\u00e1dac\u00ed pravidlo 2 m se stupnic\u00ed obvodu<br \/>\nKle\u0161t\u011b pro uchopen\u00ed 250 mm N\u011bmecko<br \/>\nKle\u0161t\u011b Rabitz 250 mm N\u011bmecko<br \/>\nPlst\u011bn\u00e1 pera<br \/>\nKle\u0161t\u011b na slep\u00e9 n\u00fdty HZ<br \/>\nKombinovan\u00e9 kle\u0161t\u011b 200 mm<br \/>\n\u0160ablona pro ozna\u010dov\u00e1n\u00ed<br \/>\nP\u0159\u00ed\u010fov\u00fd kompas 300 mm N\u011bmecko<br \/>\n\u00dachopov\u00fd kompas (t\u0159men) 300 mm N\u011bmecko<br \/>\nP\u00edsa\u0159ka 4 x 50 mm<br \/>\nKrimpovac\u00ed kle\u0161t\u011b 60 mm 45\u00b0 zahnut\u00e9<br \/>\nDr\u017e\u00e1k dorazu 300 mm<br \/>\nZ\u00e1me\u010dnick\u00e9 kladivo 300 g<br \/>\n\u0160roubov\u00e1k 150 x 8 mm d\u0159ev\u011bn\u00e1 rukoje\u0165<br \/>\nPila PUK<br \/>\npru\u017en\u00fd p\u00e1sek z pru\u017einov\u00e9 oceli s m\u011b\u0159\u00edtkem<br \/>\nSoubor z d\u00edlny<br \/>\nIzometrick\u00fd blok DIN A6<br \/>\nIzometrick\u00fd blok DIN A4<br \/>\nBiros<br \/>\nJednoru\u010dn\u00ed svorka<br \/>\nN\u016f\u017eky na pletivo 250 mm<br \/>\nD\u0159ev\u011bn\u00e1 pali\u010dka 60&#215;120 mm<br \/>\n\u0160roubov\u00e1k na karbur\u00e1tor s dr\u00e1\u017ekou a PH2<br \/>\n\u0160roubov\u00e1k s n\u00e1str\u010dn\u00fdm kl\u00ed\u010dem SW8<br \/>\n\u0160roubov\u00e1k s n\u00e1str\u010dn\u00fdm kl\u00ed\u010dem SW7<\/p>\n","protected":false},"excerpt":{"rendered":"<p>Sada n\u00e1\u0159ad\u00ed pro izol\u00e1tory sest\u00e1vaj\u00edc\u00ed z: Uzamykateln\u00fd batoh na n\u00e1\u0159ad\u00ed N\u016f\u017e na roho\u017ee 150 mm tvar B Ko\u017een\u00e9 pouzdro na n\u016f\u017e 150 mm ERDI Ideal n\u016f\u017eky modr\u00e9 216\/260 prav\u00e9 ERDI Ideal n\u016f\u017eky modr\u00e9 216\/260 lev\u00e9 Gilotinov\u00e9 n\u016f\u017eky ERDI 218\/350 Ru\u010dn\u00ed d\u011brova\u010dka velikosti 20 D\u0159ev\u011bn\u00e9 skl\u00e1dac\u00ed pravidlo 2 m se stupnic\u00ed obvodu Kle\u0161t\u011b pro uchopen\u00ed 250 [&hellip;]<\/p>\n","protected":false},"featured_media":18289,"template":"","meta":{"_acf_changed":false,"inline_featured_image":false},"product_cat":[715,1662],"product_tag":[],"class_list":{"0":"post-18312","1":"product","2":"type-product","3":"status-publish","4":"has-post-thumbnail","6":"brand-hundt","7":"product_cat-rucni-naradi","8":"product_cat-sortiment-naradi","10":"first","11":"instock","12":"taxable","13":"shipping-taxable","14":"purchasable","15":"product-type-simple","16":"add-to-wishlist-before_image"},"acf":[],"yoast_head":"<!-- This site is optimized with the Yoast SEO plugin v27.3 - https:\/\/yoast.com\/product\/yoast-seo-wordpress\/ -->\n<title>Sada izola\u010dn\u00edho n\u00e1\u0159ad\u00ed Hundt Basic 33 d\u00edl\u016f v uzamykateln\u00e9m batohu na kole\u010dk\u00e1ch - Wilhelm Hundt GmbH<\/title>\n<meta name=\"robots\" content=\"index, follow, max-snippet:-1, max-image-preview:large, max-video-preview:-1\" \/>\n<link rel=\"canonical\" href=\"https:\/\/hundtgroup.com\/cs\/produkt\/sada-izolacniho-naradi-hundt-basic-33-dilu-v-uzamykatelnem-batohu-na-koleckach\/\" \/>\n<meta property=\"og:locale\" content=\"cs_CZ\" \/>\n<meta property=\"og:type\" content=\"article\" \/>\n<meta property=\"og:title\" content=\"Sada izola\u010dn\u00edho n\u00e1\u0159ad\u00ed Hundt Basic 33 d\u00edl\u016f v uzamykateln\u00e9m batohu na kole\u010dk\u00e1ch - Wilhelm Hundt GmbH\" \/>\n<meta property=\"og:description\" content=\"Sada n\u00e1\u0159ad\u00ed pro izol\u00e1tory sest\u00e1vaj\u00edc\u00ed z: Uzamykateln\u00fd batoh na n\u00e1\u0159ad\u00ed N\u016f\u017e na roho\u017ee 150 mm tvar B Ko\u017een\u00e9 pouzdro na n\u016f\u017e 150 mm ERDI Ideal n\u016f\u017eky modr\u00e9 216\/260 prav\u00e9 ERDI Ideal n\u016f\u017eky modr\u00e9 216\/260 lev\u00e9 Gilotinov\u00e9 n\u016f\u017eky ERDI 218\/350 Ru\u010dn\u00ed d\u011brova\u010dka velikosti 20 D\u0159ev\u011bn\u00e9 skl\u00e1dac\u00ed pravidlo 2 m se stupnic\u00ed obvodu Kle\u0161t\u011b pro uchopen\u00ed 250 [&hellip;]\" \/>\n<meta property=\"og:url\" content=\"https:\/\/hundtgroup.com\/cs\/produkt\/sada-izolacniho-naradi-hundt-basic-33-dilu-v-uzamykatelnem-batohu-na-koleckach\/\" \/>\n<meta property=\"og:site_name\" content=\"Wilhelm Hundt GmbH\" \/>\n<meta property=\"article:modified_time\" content=\"2025-08-05T15:52:09+00:00\" \/>\n<meta property=\"og:image\" content=\"https:\/\/hundtgroup.com\/wp-content\/uploads\/210006.png\" \/>\n\t<meta property=\"og:image:width\" content=\"920\" \/>\n\t<meta property=\"og:image:height\" content=\"1030\" \/>\n\t<meta property=\"og:image:type\" content=\"image\/png\" \/>\n<meta name=\"twitter:card\" content=\"summary_large_image\" \/>\n<meta name=\"twitter:label1\" content=\"Odhadovan\u00e1 doba \u010dten\u00ed\" \/>\n\t<meta name=\"twitter:data1\" content=\"1 minuta\" \/>\n<script type=\"application\/ld+json\" class=\"yoast-schema-graph\">{\"@context\":\"https:\\\/\\\/schema.org\",\"@graph\":[{\"@type\":\"WebPage\",\"@id\":\"https:\\\/\\\/hundtgroup.com\\\/cs\\\/produkt\\\/sada-izolacniho-naradi-hundt-basic-33-dilu-v-uzamykatelnem-batohu-na-koleckach\\\/\",\"url\":\"https:\\\/\\\/hundtgroup.com\\\/cs\\\/produkt\\\/sada-izolacniho-naradi-hundt-basic-33-dilu-v-uzamykatelnem-batohu-na-koleckach\\\/\",\"name\":\"Sada izola\u010dn\u00edho n\u00e1\u0159ad\u00ed Hundt Basic 33 d\u00edl\u016f v uzamykateln\u00e9m batohu na kole\u010dk\u00e1ch - Wilhelm Hundt GmbH\",\"isPartOf\":{\"@id\":\"https:\\\/\\\/hundtgroup.com\\\/cs\\\/#website\"},\"primaryImageOfPage\":{\"@id\":\"https:\\\/\\\/hundtgroup.com\\\/cs\\\/produkt\\\/sada-izolacniho-naradi-hundt-basic-33-dilu-v-uzamykatelnem-batohu-na-koleckach\\\/#primaryimage\"},\"image\":{\"@id\":\"https:\\\/\\\/hundtgroup.com\\\/cs\\\/produkt\\\/sada-izolacniho-naradi-hundt-basic-33-dilu-v-uzamykatelnem-batohu-na-koleckach\\\/#primaryimage\"},\"thumbnailUrl\":\"https:\\\/\\\/hundtgroup.com\\\/wp-content\\\/uploads\\\/210006.png\",\"datePublished\":\"2025-06-18T16:32:02+00:00\",\"dateModified\":\"2025-08-05T15:52:09+00:00\",\"breadcrumb\":{\"@id\":\"https:\\\/\\\/hundtgroup.com\\\/cs\\\/produkt\\\/sada-izolacniho-naradi-hundt-basic-33-dilu-v-uzamykatelnem-batohu-na-koleckach\\\/#breadcrumb\"},\"inLanguage\":\"cs\",\"potentialAction\":[{\"@type\":\"ReadAction\",\"target\":[\"https:\\\/\\\/hundtgroup.com\\\/cs\\\/produkt\\\/sada-izolacniho-naradi-hundt-basic-33-dilu-v-uzamykatelnem-batohu-na-koleckach\\\/\"]}]},{\"@type\":\"ImageObject\",\"inLanguage\":\"cs\",\"@id\":\"https:\\\/\\\/hundtgroup.com\\\/cs\\\/produkt\\\/sada-izolacniho-naradi-hundt-basic-33-dilu-v-uzamykatelnem-batohu-na-koleckach\\\/#primaryimage\",\"url\":\"https:\\\/\\\/hundtgroup.com\\\/wp-content\\\/uploads\\\/210006.png\",\"contentUrl\":\"https:\\\/\\\/hundtgroup.com\\\/wp-content\\\/uploads\\\/210006.png\",\"width\":1454,\"height\":1628},{\"@type\":\"BreadcrumbList\",\"@id\":\"https:\\\/\\\/hundtgroup.com\\\/cs\\\/produkt\\\/sada-izolacniho-naradi-hundt-basic-33-dilu-v-uzamykatelnem-batohu-na-koleckach\\\/#breadcrumb\",\"itemListElement\":[{\"@type\":\"ListItem\",\"position\":1,\"name\":\"Startseite\",\"item\":\"https:\\\/\\\/hundtgroup.com\\\/cs\\\/home-nove\\\/\"},{\"@type\":\"ListItem\",\"position\":2,\"name\":\"Obchod\",\"item\":\"https:\\\/\\\/hundtgroup.com\\\/obchod\\\/\"},{\"@type\":\"ListItem\",\"position\":3,\"name\":\"Sada izola\u010dn\u00edho n\u00e1\u0159ad\u00ed Hundt Basic 33 d\u00edl\u016f v uzamykateln\u00e9m batohu na kole\u010dk\u00e1ch\"}]},{\"@type\":\"WebSite\",\"@id\":\"https:\\\/\\\/hundtgroup.com\\\/cs\\\/#website\",\"url\":\"https:\\\/\\\/hundtgroup.com\\\/cs\\\/\",\"name\":\"Wilhelm Hundt GmbH\",\"description\":\"V\u00e1\u0161 specialista na stroje a n\u00e1stroje pro zpracov\u00e1n\u00ed plechu\",\"potentialAction\":[{\"@type\":\"SearchAction\",\"target\":{\"@type\":\"EntryPoint\",\"urlTemplate\":\"https:\\\/\\\/hundtgroup.com\\\/cs\\\/?s={search_term_string}\"},\"query-input\":{\"@type\":\"PropertyValueSpecification\",\"valueRequired\":true,\"valueName\":\"search_term_string\"}}],\"inLanguage\":\"cs\"}]}<\/script>\n<!-- \/ Yoast SEO plugin. -->","yoast_head_json":{"title":"Sada izola\u010dn\u00edho n\u00e1\u0159ad\u00ed Hundt Basic 33 d\u00edl\u016f v uzamykateln\u00e9m batohu na kole\u010dk\u00e1ch - Wilhelm Hundt GmbH","robots":{"index":"index","follow":"follow","max-snippet":"max-snippet:-1","max-image-preview":"max-image-preview:large","max-video-preview":"max-video-preview:-1"},"canonical":"https:\/\/hundtgroup.com\/cs\/produkt\/sada-izolacniho-naradi-hundt-basic-33-dilu-v-uzamykatelnem-batohu-na-koleckach\/","og_locale":"cs_CZ","og_type":"article","og_title":"Sada izola\u010dn\u00edho n\u00e1\u0159ad\u00ed Hundt Basic 33 d\u00edl\u016f v uzamykateln\u00e9m batohu na kole\u010dk\u00e1ch - Wilhelm Hundt GmbH","og_description":"Sada n\u00e1\u0159ad\u00ed pro izol\u00e1tory sest\u00e1vaj\u00edc\u00ed z: Uzamykateln\u00fd batoh na n\u00e1\u0159ad\u00ed N\u016f\u017e na roho\u017ee 150 mm tvar B Ko\u017een\u00e9 pouzdro na n\u016f\u017e 150 mm ERDI Ideal n\u016f\u017eky modr\u00e9 216\/260 prav\u00e9 ERDI Ideal n\u016f\u017eky modr\u00e9 216\/260 lev\u00e9 Gilotinov\u00e9 n\u016f\u017eky ERDI 218\/350 Ru\u010dn\u00ed d\u011brova\u010dka velikosti 20 D\u0159ev\u011bn\u00e9 skl\u00e1dac\u00ed pravidlo 2 m se stupnic\u00ed obvodu Kle\u0161t\u011b pro uchopen\u00ed 250 [&hellip;]","og_url":"https:\/\/hundtgroup.com\/cs\/produkt\/sada-izolacniho-naradi-hundt-basic-33-dilu-v-uzamykatelnem-batohu-na-koleckach\/","og_site_name":"Wilhelm Hundt GmbH","article_modified_time":"2025-08-05T15:52:09+00:00","og_image":[{"url":"https:\/\/hundtgroup.com\/wp-content\/uploads\/210006.png","width":920,"height":1030,"type":"image\/png"}],"twitter_card":"summary_large_image","twitter_misc":{"Odhadovan\u00e1 doba \u010dten\u00ed":"1 minuta"},"schema":{"@context":"https:\/\/schema.org","@graph":[{"@type":"WebPage","@id":"https:\/\/hundtgroup.com\/cs\/produkt\/sada-izolacniho-naradi-hundt-basic-33-dilu-v-uzamykatelnem-batohu-na-koleckach\/","url":"https:\/\/hundtgroup.com\/cs\/produkt\/sada-izolacniho-naradi-hundt-basic-33-dilu-v-uzamykatelnem-batohu-na-koleckach\/","name":"Sada izola\u010dn\u00edho n\u00e1\u0159ad\u00ed Hundt Basic 33 d\u00edl\u016f v uzamykateln\u00e9m batohu na kole\u010dk\u00e1ch - Wilhelm Hundt GmbH","isPartOf":{"@id":"https:\/\/hundtgroup.com\/cs\/#website"},"primaryImageOfPage":{"@id":"https:\/\/hundtgroup.com\/cs\/produkt\/sada-izolacniho-naradi-hundt-basic-33-dilu-v-uzamykatelnem-batohu-na-koleckach\/#primaryimage"},"image":{"@id":"https:\/\/hundtgroup.com\/cs\/produkt\/sada-izolacniho-naradi-hundt-basic-33-dilu-v-uzamykatelnem-batohu-na-koleckach\/#primaryimage"},"thumbnailUrl":"https:\/\/hundtgroup.com\/wp-content\/uploads\/210006.png","datePublished":"2025-06-18T16:32:02+00:00","dateModified":"2025-08-05T15:52:09+00:00","breadcrumb":{"@id":"https:\/\/hundtgroup.com\/cs\/produkt\/sada-izolacniho-naradi-hundt-basic-33-dilu-v-uzamykatelnem-batohu-na-koleckach\/#breadcrumb"},"inLanguage":"cs","potentialAction":[{"@type":"ReadAction","target":["https:\/\/hundtgroup.com\/cs\/produkt\/sada-izolacniho-naradi-hundt-basic-33-dilu-v-uzamykatelnem-batohu-na-koleckach\/"]}]},{"@type":"ImageObject","inLanguage":"cs","@id":"https:\/\/hundtgroup.com\/cs\/produkt\/sada-izolacniho-naradi-hundt-basic-33-dilu-v-uzamykatelnem-batohu-na-koleckach\/#primaryimage","url":"https:\/\/hundtgroup.com\/wp-content\/uploads\/210006.png","contentUrl":"https:\/\/hundtgroup.com\/wp-content\/uploads\/210006.png","width":1454,"height":1628},{"@type":"BreadcrumbList","@id":"https:\/\/hundtgroup.com\/cs\/produkt\/sada-izolacniho-naradi-hundt-basic-33-dilu-v-uzamykatelnem-batohu-na-koleckach\/#breadcrumb","itemListElement":[{"@type":"ListItem","position":1,"name":"Startseite","item":"https:\/\/hundtgroup.com\/cs\/home-nove\/"},{"@type":"ListItem","position":2,"name":"Obchod","item":"https:\/\/hundtgroup.com\/obchod\/"},{"@type":"ListItem","position":3,"name":"Sada izola\u010dn\u00edho n\u00e1\u0159ad\u00ed Hundt Basic 33 d\u00edl\u016f v uzamykateln\u00e9m batohu na kole\u010dk\u00e1ch"}]},{"@type":"WebSite","@id":"https:\/\/hundtgroup.com\/cs\/#website","url":"https:\/\/hundtgroup.com\/cs\/","name":"Wilhelm Hundt GmbH","description":"V\u00e1\u0161 specialista na stroje a n\u00e1stroje pro zpracov\u00e1n\u00ed plechu","potentialAction":[{"@type":"SearchAction","target":{"@type":"EntryPoint","urlTemplate":"https:\/\/hundtgroup.com\/cs\/?s={search_term_string}"},"query-input":{"@type":"PropertyValueSpecification","valueRequired":true,"valueName":"search_term_string"}}],"inLanguage":"cs"}]}},"_links":{"self":[{"href":"https:\/\/hundtgroup.com\/cs\/wp-json\/wp\/v2\/product\/18312","targetHints":{"allow":["GET"]}}],"collection":[{"href":"https:\/\/hundtgroup.com\/cs\/wp-json\/wp\/v2\/product"}],"about":[{"href":"https:\/\/hundtgroup.com\/cs\/wp-json\/wp\/v2\/types\/product"}],"wp:featuredmedia":[{"embeddable":true,"href":"https:\/\/hundtgroup.com\/cs\/wp-json\/wp\/v2\/media\/18289"}],"wp:attachment":[{"href":"https:\/\/hundtgroup.com\/cs\/wp-json\/wp\/v2\/media?parent=18312"}],"wp:term":[{"taxonomy":"product_cat","embeddable":true,"href":"https:\/\/hundtgroup.com\/cs\/wp-json\/wp\/v2\/product_cat?post=18312"},{"taxonomy":"product_tag","embeddable":true,"href":"https:\/\/hundtgroup.com\/cs\/wp-json\/wp\/v2\/product_tag?post=18312"}],"curies":[{"name":"wp","href":"https:\/\/api.w.org\/{rel}","templated":true}]}}