{"id":18575,"date":"2022-10-26T15:59:08","date_gmt":"2022-10-26T13:59:08","guid":{"rendered":"https:\/\/hundtgroup.com\/produkt\/sroubovak-s-drazkou-plastova-rukojet-cerna-80x150-mm\/"},"modified":"2025-07-29T13:05:28","modified_gmt":"2025-07-29T11:05:28","slug":"sroubovak-s-drazkou-plastova-rukojet-cerna-80x150-mm","status":"publish","type":"product","link":"https:\/\/hundtgroup.com\/cs\/produkt\/sroubovak-s-drazkou-plastova-rukojet-cerna-80x150-mm\/","title":{"rendered":"\u0160roubov\u00e1k s dr\u00e1\u017ekou Plastov\u00e1 rukoje\u0165 \u010dern\u00e1 8,0&#215;150 mm"},"content":{"rendered":"<p>\u0160estihrann\u00fd d\u00edlensk\u00fd \u0161roubov\u00e1k s dr\u00e1\u017ekou<br \/>\n\u010cepel z vysoce legovan\u00e9 chrom-vanadiov\u00e9 speci\u00e1ln\u00ed oceli, s kovanou \u0161estihrannou z\u00e1kladnou, chromovan\u00e1 s le\u0161t\u011bnou \u0161pi\u010dkou.<\/p>\n","protected":false},"excerpt":{"rendered":"<p>\u0160estihrann\u00fd d\u00edlensk\u00fd \u0161roubov\u00e1k s dr\u00e1\u017ekou \u010cepel z vysoce legovan\u00e9 chrom-vanadiov\u00e9 speci\u00e1ln\u00ed oceli, s kovanou \u0161estihrannou z\u00e1kladnou, chromovan\u00e1 s le\u0161t\u011bnou \u0161pi\u010dkou.<\/p>\n","protected":false},"featured_media":18576,"template":"","meta":{"_acf_changed":false,"inline_featured_image":false},"product_cat":[715,1619,1620,1618],"product_tag":[],"class_list":{"0":"post-18575","1":"product","2":"type-product","3":"status-publish","4":"has-post-thumbnail","6":"brand-hundt","7":"product_cat-rucni-naradi","8":"product_cat-sroubovak","9":"product_cat-slot-cs","10":"product_cat-sroubovaci-nastroje","12":"first","13":"instock","14":"taxable","15":"shipping-taxable","16":"purchasable","17":"product-type-simple","18":"add-to-wishlist-before_image"},"acf":[],"yoast_head":"<!-- This site is optimized with the Yoast SEO plugin v27.3 - https:\/\/yoast.com\/product\/yoast-seo-wordpress\/ -->\n<title>\u0160roubov\u00e1k s dr\u00e1\u017ekou Plastov\u00e1 rukoje\u0165 \u010dern\u00e1 8,0x150 mm - Wilhelm Hundt GmbH<\/title>\n<meta name=\"robots\" content=\"index, follow, max-snippet:-1, max-image-preview:large, max-video-preview:-1\" \/>\n<link rel=\"canonical\" href=\"https:\/\/hundtgroup.com\/cs\/produkt\/sroubovak-s-drazkou-plastova-rukojet-cerna-80x150-mm\/\" \/>\n<meta property=\"og:locale\" content=\"cs_CZ\" \/>\n<meta property=\"og:type\" content=\"article\" \/>\n<meta property=\"og:title\" content=\"\u0160roubov\u00e1k s dr\u00e1\u017ekou Plastov\u00e1 rukoje\u0165 \u010dern\u00e1 8,0x150 mm - Wilhelm Hundt GmbH\" \/>\n<meta property=\"og:description\" content=\"\u0160estihrann\u00fd d\u00edlensk\u00fd \u0161roubov\u00e1k s dr\u00e1\u017ekou \u010cepel z vysoce legovan\u00e9 chrom-vanadiov\u00e9 speci\u00e1ln\u00ed oceli, s kovanou \u0161estihrannou z\u00e1kladnou, chromovan\u00e1 s le\u0161t\u011bnou \u0161pi\u010dkou.\" \/>\n<meta property=\"og:url\" content=\"https:\/\/hundtgroup.com\/cs\/produkt\/sroubovak-s-drazkou-plastova-rukojet-cerna-80x150-mm\/\" \/>\n<meta property=\"og:site_name\" content=\"Wilhelm Hundt GmbH\" \/>\n<meta property=\"article:modified_time\" content=\"2025-07-29T11:05:28+00:00\" \/>\n<meta property=\"og:image\" content=\"https:\/\/hundtgroup.com\/wp-content\/uploads\/430234.png\" \/>\n\t<meta property=\"og:image:width\" content=\"827\" \/>\n\t<meta property=\"og:image:height\" content=\"160\" \/>\n\t<meta property=\"og:image:type\" content=\"image\/png\" \/>\n<meta name=\"twitter:card\" content=\"summary_large_image\" \/>\n<script type=\"application\/ld+json\" class=\"yoast-schema-graph\">{\"@context\":\"https:\\\/\\\/schema.org\",\"@graph\":[{\"@type\":\"WebPage\",\"@id\":\"https:\\\/\\\/hundtgroup.com\\\/cs\\\/produkt\\\/sroubovak-s-drazkou-plastova-rukojet-cerna-80x150-mm\\\/\",\"url\":\"https:\\\/\\\/hundtgroup.com\\\/cs\\\/produkt\\\/sroubovak-s-drazkou-plastova-rukojet-cerna-80x150-mm\\\/\",\"name\":\"\u0160roubov\u00e1k s dr\u00e1\u017ekou Plastov\u00e1 rukoje\u0165 \u010dern\u00e1 8,0x150 mm - Wilhelm Hundt GmbH\",\"isPartOf\":{\"@id\":\"https:\\\/\\\/hundtgroup.com\\\/cs\\\/#website\"},\"primaryImageOfPage\":{\"@id\":\"https:\\\/\\\/hundtgroup.com\\\/cs\\\/produkt\\\/sroubovak-s-drazkou-plastova-rukojet-cerna-80x150-mm\\\/#primaryimage\"},\"image\":{\"@id\":\"https:\\\/\\\/hundtgroup.com\\\/cs\\\/produkt\\\/sroubovak-s-drazkou-plastova-rukojet-cerna-80x150-mm\\\/#primaryimage\"},\"thumbnailUrl\":\"https:\\\/\\\/hundtgroup.com\\\/wp-content\\\/uploads\\\/430234.png\",\"datePublished\":\"2022-10-26T13:59:08+00:00\",\"dateModified\":\"2025-07-29T11:05:28+00:00\",\"breadcrumb\":{\"@id\":\"https:\\\/\\\/hundtgroup.com\\\/cs\\\/produkt\\\/sroubovak-s-drazkou-plastova-rukojet-cerna-80x150-mm\\\/#breadcrumb\"},\"inLanguage\":\"cs\",\"potentialAction\":[{\"@type\":\"ReadAction\",\"target\":[\"https:\\\/\\\/hundtgroup.com\\\/cs\\\/produkt\\\/sroubovak-s-drazkou-plastova-rukojet-cerna-80x150-mm\\\/\"]}]},{\"@type\":\"ImageObject\",\"inLanguage\":\"cs\",\"@id\":\"https:\\\/\\\/hundtgroup.com\\\/cs\\\/produkt\\\/sroubovak-s-drazkou-plastova-rukojet-cerna-80x150-mm\\\/#primaryimage\",\"url\":\"https:\\\/\\\/hundtgroup.com\\\/wp-content\\\/uploads\\\/430234.png\",\"contentUrl\":\"https:\\\/\\\/hundtgroup.com\\\/wp-content\\\/uploads\\\/430234.png\",\"width\":827,\"height\":160},{\"@type\":\"BreadcrumbList\",\"@id\":\"https:\\\/\\\/hundtgroup.com\\\/cs\\\/produkt\\\/sroubovak-s-drazkou-plastova-rukojet-cerna-80x150-mm\\\/#breadcrumb\",\"itemListElement\":[{\"@type\":\"ListItem\",\"position\":1,\"name\":\"Startseite\",\"item\":\"https:\\\/\\\/hundtgroup.com\\\/cs\\\/home-nove\\\/\"},{\"@type\":\"ListItem\",\"position\":2,\"name\":\"Obchod\",\"item\":\"https:\\\/\\\/hundtgroup.com\\\/obchod\\\/\"},{\"@type\":\"ListItem\",\"position\":3,\"name\":\"\u0160roubov\u00e1k s dr\u00e1\u017ekou Plastov\u00e1 rukoje\u0165 \u010dern\u00e1 8,0&#215;150 mm\"}]},{\"@type\":\"WebSite\",\"@id\":\"https:\\\/\\\/hundtgroup.com\\\/cs\\\/#website\",\"url\":\"https:\\\/\\\/hundtgroup.com\\\/cs\\\/\",\"name\":\"Wilhelm Hundt GmbH\",\"description\":\"V\u00e1\u0161 specialista na stroje a n\u00e1stroje pro zpracov\u00e1n\u00ed plechu\",\"potentialAction\":[{\"@type\":\"SearchAction\",\"target\":{\"@type\":\"EntryPoint\",\"urlTemplate\":\"https:\\\/\\\/hundtgroup.com\\\/cs\\\/?s={search_term_string}\"},\"query-input\":{\"@type\":\"PropertyValueSpecification\",\"valueRequired\":true,\"valueName\":\"search_term_string\"}}],\"inLanguage\":\"cs\"}]}<\/script>\n<!-- \/ Yoast SEO plugin. -->","yoast_head_json":{"title":"\u0160roubov\u00e1k s dr\u00e1\u017ekou Plastov\u00e1 rukoje\u0165 \u010dern\u00e1 8,0x150 mm - Wilhelm Hundt GmbH","robots":{"index":"index","follow":"follow","max-snippet":"max-snippet:-1","max-image-preview":"max-image-preview:large","max-video-preview":"max-video-preview:-1"},"canonical":"https:\/\/hundtgroup.com\/cs\/produkt\/sroubovak-s-drazkou-plastova-rukojet-cerna-80x150-mm\/","og_locale":"cs_CZ","og_type":"article","og_title":"\u0160roubov\u00e1k s dr\u00e1\u017ekou Plastov\u00e1 rukoje\u0165 \u010dern\u00e1 8,0x150 mm - Wilhelm Hundt GmbH","og_description":"\u0160estihrann\u00fd d\u00edlensk\u00fd \u0161roubov\u00e1k s dr\u00e1\u017ekou \u010cepel z vysoce legovan\u00e9 chrom-vanadiov\u00e9 speci\u00e1ln\u00ed oceli, s kovanou \u0161estihrannou z\u00e1kladnou, chromovan\u00e1 s le\u0161t\u011bnou \u0161pi\u010dkou.","og_url":"https:\/\/hundtgroup.com\/cs\/produkt\/sroubovak-s-drazkou-plastova-rukojet-cerna-80x150-mm\/","og_site_name":"Wilhelm Hundt GmbH","article_modified_time":"2025-07-29T11:05:28+00:00","og_image":[{"width":827,"height":160,"url":"https:\/\/hundtgroup.com\/wp-content\/uploads\/430234.png","type":"image\/png"}],"twitter_card":"summary_large_image","schema":{"@context":"https:\/\/schema.org","@graph":[{"@type":"WebPage","@id":"https:\/\/hundtgroup.com\/cs\/produkt\/sroubovak-s-drazkou-plastova-rukojet-cerna-80x150-mm\/","url":"https:\/\/hundtgroup.com\/cs\/produkt\/sroubovak-s-drazkou-plastova-rukojet-cerna-80x150-mm\/","name":"\u0160roubov\u00e1k s dr\u00e1\u017ekou Plastov\u00e1 rukoje\u0165 \u010dern\u00e1 8,0x150 mm - Wilhelm Hundt GmbH","isPartOf":{"@id":"https:\/\/hundtgroup.com\/cs\/#website"},"primaryImageOfPage":{"@id":"https:\/\/hundtgroup.com\/cs\/produkt\/sroubovak-s-drazkou-plastova-rukojet-cerna-80x150-mm\/#primaryimage"},"image":{"@id":"https:\/\/hundtgroup.com\/cs\/produkt\/sroubovak-s-drazkou-plastova-rukojet-cerna-80x150-mm\/#primaryimage"},"thumbnailUrl":"https:\/\/hundtgroup.com\/wp-content\/uploads\/430234.png","datePublished":"2022-10-26T13:59:08+00:00","dateModified":"2025-07-29T11:05:28+00:00","breadcrumb":{"@id":"https:\/\/hundtgroup.com\/cs\/produkt\/sroubovak-s-drazkou-plastova-rukojet-cerna-80x150-mm\/#breadcrumb"},"inLanguage":"cs","potentialAction":[{"@type":"ReadAction","target":["https:\/\/hundtgroup.com\/cs\/produkt\/sroubovak-s-drazkou-plastova-rukojet-cerna-80x150-mm\/"]}]},{"@type":"ImageObject","inLanguage":"cs","@id":"https:\/\/hundtgroup.com\/cs\/produkt\/sroubovak-s-drazkou-plastova-rukojet-cerna-80x150-mm\/#primaryimage","url":"https:\/\/hundtgroup.com\/wp-content\/uploads\/430234.png","contentUrl":"https:\/\/hundtgroup.com\/wp-content\/uploads\/430234.png","width":827,"height":160},{"@type":"BreadcrumbList","@id":"https:\/\/hundtgroup.com\/cs\/produkt\/sroubovak-s-drazkou-plastova-rukojet-cerna-80x150-mm\/#breadcrumb","itemListElement":[{"@type":"ListItem","position":1,"name":"Startseite","item":"https:\/\/hundtgroup.com\/cs\/home-nove\/"},{"@type":"ListItem","position":2,"name":"Obchod","item":"https:\/\/hundtgroup.com\/obchod\/"},{"@type":"ListItem","position":3,"name":"\u0160roubov\u00e1k s dr\u00e1\u017ekou Plastov\u00e1 rukoje\u0165 \u010dern\u00e1 8,0&#215;150 mm"}]},{"@type":"WebSite","@id":"https:\/\/hundtgroup.com\/cs\/#website","url":"https:\/\/hundtgroup.com\/cs\/","name":"Wilhelm Hundt GmbH","description":"V\u00e1\u0161 specialista na stroje a n\u00e1stroje pro zpracov\u00e1n\u00ed plechu","potentialAction":[{"@type":"SearchAction","target":{"@type":"EntryPoint","urlTemplate":"https:\/\/hundtgroup.com\/cs\/?s={search_term_string}"},"query-input":{"@type":"PropertyValueSpecification","valueRequired":true,"valueName":"search_term_string"}}],"inLanguage":"cs"}]}},"_links":{"self":[{"href":"https:\/\/hundtgroup.com\/cs\/wp-json\/wp\/v2\/product\/18575","targetHints":{"allow":["GET"]}}],"collection":[{"href":"https:\/\/hundtgroup.com\/cs\/wp-json\/wp\/v2\/product"}],"about":[{"href":"https:\/\/hundtgroup.com\/cs\/wp-json\/wp\/v2\/types\/product"}],"wp:featuredmedia":[{"embeddable":true,"href":"https:\/\/hundtgroup.com\/cs\/wp-json\/wp\/v2\/media\/18576"}],"wp:attachment":[{"href":"https:\/\/hundtgroup.com\/cs\/wp-json\/wp\/v2\/media?parent=18575"}],"wp:term":[{"taxonomy":"product_cat","embeddable":true,"href":"https:\/\/hundtgroup.com\/cs\/wp-json\/wp\/v2\/product_cat?post=18575"},{"taxonomy":"product_tag","embeddable":true,"href":"https:\/\/hundtgroup.com\/cs\/wp-json\/wp\/v2\/product_tag?post=18575"}],"curies":[{"name":"wp","href":"https:\/\/api.w.org\/{rel}","templated":true}]}}