{"id":18761,"date":"2025-06-18T18:30:57","date_gmt":"2025-06-18T16:30:57","guid":{"rendered":"https:\/\/hundtgroup.com\/produkt\/dset15-idealni-sada-nuzek\/"},"modified":"2025-08-01T13:14:44","modified_gmt":"2025-08-01T11:14:44","slug":"dset15-idealni-sada-nuzek","status":"publish","type":"product","link":"https:\/\/hundtgroup.com\/cs\/produkt\/dset15-idealni-sada-nuzek\/","title":{"rendered":"DSET15 Ide\u00e1ln\u00ed sada n\u016f\u017eek"},"content":{"rendered":"<p>S p\u00e1kovou p\u0159evodovkou.<br \/>\nPro souvisl\u00e9 p\u0159\u00edm\u00e9 a zak\u0159iven\u00e9 \u0159ezy.<br \/>\nExtr\u00e9mn\u011b obratn\u00e1 d\u00edky speci\u00e1ln\u00ed geometrii \u017eac\u00ed hlavy &#8211; ide\u00e1ln\u00ed pro zvl\u00e1\u0161t\u011b mal\u00e9 polom\u011bry a t\u011b\u017eko p\u0159\u00edstupn\u00e1 m\u00edsta.<br \/>\nPraktick\u00e1 kombinace z\u00e1padka-stopka.<br \/>\nRukoje\u0165 ERGO pro pr\u00e1ci bez \u00fanavy.<br \/>\nVybaven\u00ed: D15A, D15AL, D15S v ta\u0161ce na kole\u010dk\u00e1ch.<\/p>\n","protected":false},"excerpt":{"rendered":"<p>S p\u00e1kovou p\u0159evodovkou. Pro souvisl\u00e9 p\u0159\u00edm\u00e9 a zak\u0159iven\u00e9 \u0159ezy. Extr\u00e9mn\u011b obratn\u00e1 d\u00edky speci\u00e1ln\u00ed geometrii \u017eac\u00ed hlavy &#8211; ide\u00e1ln\u00ed pro zvl\u00e1\u0161t\u011b mal\u00e9 polom\u011bry a t\u011b\u017eko p\u0159\u00edstupn\u00e1 m\u00edsta. Praktick\u00e1 kombinace z\u00e1padka-stopka. Rukoje\u0165 ERGO pro pr\u00e1ci bez \u00fanavy. Vybaven\u00ed: D15A, D15AL, D15S v ta\u0161ce na kole\u010dk\u00e1ch.<\/p>\n","protected":false},"featured_media":18762,"template":"","meta":{"_acf_changed":false,"inline_featured_image":false},"product_cat":[715,1693,1616],"product_tag":[],"class_list":{"0":"post-18761","1":"product","2":"type-product","3":"status-publish","4":"has-post-thumbnail","6":"brand-erdi","7":"product_cat-rucni-naradi","8":"product_cat-idealni-nuzky-cs","9":"product_cat-rezne-nastroje","11":"first","12":"instock","13":"taxable","14":"shipping-taxable","15":"purchasable","16":"product-type-simple","17":"add-to-wishlist-before_image"},"acf":[],"yoast_head":"<!-- This site is optimized with the Yoast SEO plugin v27.3 - https:\/\/yoast.com\/product\/yoast-seo-wordpress\/ -->\n<title>DSET15 Ide\u00e1ln\u00ed sada n\u016f\u017eek - Wilhelm Hundt GmbH<\/title>\n<meta name=\"robots\" content=\"index, follow, max-snippet:-1, max-image-preview:large, max-video-preview:-1\" \/>\n<link rel=\"canonical\" href=\"https:\/\/hundtgroup.com\/cs\/produkt\/dset15-idealni-sada-nuzek\/\" \/>\n<meta property=\"og:locale\" content=\"cs_CZ\" \/>\n<meta property=\"og:type\" content=\"article\" \/>\n<meta property=\"og:title\" content=\"DSET15 Ide\u00e1ln\u00ed sada n\u016f\u017eek - Wilhelm Hundt GmbH\" \/>\n<meta property=\"og:description\" content=\"S p\u00e1kovou p\u0159evodovkou. Pro souvisl\u00e9 p\u0159\u00edm\u00e9 a zak\u0159iven\u00e9 \u0159ezy. Extr\u00e9mn\u011b obratn\u00e1 d\u00edky speci\u00e1ln\u00ed geometrii \u017eac\u00ed hlavy &#8211; ide\u00e1ln\u00ed pro zvl\u00e1\u0161t\u011b mal\u00e9 polom\u011bry a t\u011b\u017eko p\u0159\u00edstupn\u00e1 m\u00edsta. Praktick\u00e1 kombinace z\u00e1padka-stopka. Rukoje\u0165 ERGO pro pr\u00e1ci bez \u00fanavy. Vybaven\u00ed: D15A, D15AL, D15S v ta\u0161ce na kole\u010dk\u00e1ch.\" \/>\n<meta property=\"og:url\" content=\"https:\/\/hundtgroup.com\/cs\/produkt\/dset15-idealni-sada-nuzek\/\" \/>\n<meta property=\"og:site_name\" content=\"Wilhelm Hundt GmbH\" \/>\n<meta property=\"article:modified_time\" content=\"2025-08-01T11:14:44+00:00\" \/>\n<meta property=\"og:image\" content=\"https:\/\/hundtgroup.com\/wp-content\/uploads\/400166.jpg\" \/>\n\t<meta property=\"og:image:width\" content=\"300\" \/>\n\t<meta property=\"og:image:height\" content=\"334\" \/>\n\t<meta property=\"og:image:type\" content=\"image\/jpeg\" \/>\n<meta name=\"twitter:card\" content=\"summary_large_image\" \/>\n<script type=\"application\/ld+json\" class=\"yoast-schema-graph\">{\"@context\":\"https:\\\/\\\/schema.org\",\"@graph\":[{\"@type\":\"WebPage\",\"@id\":\"https:\\\/\\\/hundtgroup.com\\\/cs\\\/produkt\\\/dset15-idealni-sada-nuzek\\\/\",\"url\":\"https:\\\/\\\/hundtgroup.com\\\/cs\\\/produkt\\\/dset15-idealni-sada-nuzek\\\/\",\"name\":\"DSET15 Ide\u00e1ln\u00ed sada n\u016f\u017eek - Wilhelm Hundt GmbH\",\"isPartOf\":{\"@id\":\"https:\\\/\\\/hundtgroup.com\\\/cs\\\/#website\"},\"primaryImageOfPage\":{\"@id\":\"https:\\\/\\\/hundtgroup.com\\\/cs\\\/produkt\\\/dset15-idealni-sada-nuzek\\\/#primaryimage\"},\"image\":{\"@id\":\"https:\\\/\\\/hundtgroup.com\\\/cs\\\/produkt\\\/dset15-idealni-sada-nuzek\\\/#primaryimage\"},\"thumbnailUrl\":\"https:\\\/\\\/hundtgroup.com\\\/wp-content\\\/uploads\\\/400166.jpg\",\"datePublished\":\"2025-06-18T16:30:57+00:00\",\"dateModified\":\"2025-08-01T11:14:44+00:00\",\"breadcrumb\":{\"@id\":\"https:\\\/\\\/hundtgroup.com\\\/cs\\\/produkt\\\/dset15-idealni-sada-nuzek\\\/#breadcrumb\"},\"inLanguage\":\"cs\",\"potentialAction\":[{\"@type\":\"ReadAction\",\"target\":[\"https:\\\/\\\/hundtgroup.com\\\/cs\\\/produkt\\\/dset15-idealni-sada-nuzek\\\/\"]}]},{\"@type\":\"ImageObject\",\"inLanguage\":\"cs\",\"@id\":\"https:\\\/\\\/hundtgroup.com\\\/cs\\\/produkt\\\/dset15-idealni-sada-nuzek\\\/#primaryimage\",\"url\":\"https:\\\/\\\/hundtgroup.com\\\/wp-content\\\/uploads\\\/400166.jpg\",\"contentUrl\":\"https:\\\/\\\/hundtgroup.com\\\/wp-content\\\/uploads\\\/400166.jpg\",\"width\":300,\"height\":334},{\"@type\":\"BreadcrumbList\",\"@id\":\"https:\\\/\\\/hundtgroup.com\\\/cs\\\/produkt\\\/dset15-idealni-sada-nuzek\\\/#breadcrumb\",\"itemListElement\":[{\"@type\":\"ListItem\",\"position\":1,\"name\":\"Startseite\",\"item\":\"https:\\\/\\\/hundtgroup.com\\\/cs\\\/home-nove\\\/\"},{\"@type\":\"ListItem\",\"position\":2,\"name\":\"Obchod\",\"item\":\"https:\\\/\\\/hundtgroup.com\\\/obchod\\\/\"},{\"@type\":\"ListItem\",\"position\":3,\"name\":\"DSET15 Ide\u00e1ln\u00ed sada n\u016f\u017eek\"}]},{\"@type\":\"WebSite\",\"@id\":\"https:\\\/\\\/hundtgroup.com\\\/cs\\\/#website\",\"url\":\"https:\\\/\\\/hundtgroup.com\\\/cs\\\/\",\"name\":\"Wilhelm Hundt GmbH\",\"description\":\"V\u00e1\u0161 specialista na stroje a n\u00e1stroje pro zpracov\u00e1n\u00ed plechu\",\"potentialAction\":[{\"@type\":\"SearchAction\",\"target\":{\"@type\":\"EntryPoint\",\"urlTemplate\":\"https:\\\/\\\/hundtgroup.com\\\/cs\\\/?s={search_term_string}\"},\"query-input\":{\"@type\":\"PropertyValueSpecification\",\"valueRequired\":true,\"valueName\":\"search_term_string\"}}],\"inLanguage\":\"cs\"}]}<\/script>\n<!-- \/ Yoast SEO plugin. -->","yoast_head_json":{"title":"DSET15 Ide\u00e1ln\u00ed sada n\u016f\u017eek - Wilhelm Hundt GmbH","robots":{"index":"index","follow":"follow","max-snippet":"max-snippet:-1","max-image-preview":"max-image-preview:large","max-video-preview":"max-video-preview:-1"},"canonical":"https:\/\/hundtgroup.com\/cs\/produkt\/dset15-idealni-sada-nuzek\/","og_locale":"cs_CZ","og_type":"article","og_title":"DSET15 Ide\u00e1ln\u00ed sada n\u016f\u017eek - Wilhelm Hundt GmbH","og_description":"S p\u00e1kovou p\u0159evodovkou. Pro souvisl\u00e9 p\u0159\u00edm\u00e9 a zak\u0159iven\u00e9 \u0159ezy. Extr\u00e9mn\u011b obratn\u00e1 d\u00edky speci\u00e1ln\u00ed geometrii \u017eac\u00ed hlavy &#8211; ide\u00e1ln\u00ed pro zvl\u00e1\u0161t\u011b mal\u00e9 polom\u011bry a t\u011b\u017eko p\u0159\u00edstupn\u00e1 m\u00edsta. Praktick\u00e1 kombinace z\u00e1padka-stopka. Rukoje\u0165 ERGO pro pr\u00e1ci bez \u00fanavy. Vybaven\u00ed: D15A, D15AL, D15S v ta\u0161ce na kole\u010dk\u00e1ch.","og_url":"https:\/\/hundtgroup.com\/cs\/produkt\/dset15-idealni-sada-nuzek\/","og_site_name":"Wilhelm Hundt GmbH","article_modified_time":"2025-08-01T11:14:44+00:00","og_image":[{"width":300,"height":334,"url":"https:\/\/hundtgroup.com\/wp-content\/uploads\/400166.jpg","type":"image\/jpeg"}],"twitter_card":"summary_large_image","schema":{"@context":"https:\/\/schema.org","@graph":[{"@type":"WebPage","@id":"https:\/\/hundtgroup.com\/cs\/produkt\/dset15-idealni-sada-nuzek\/","url":"https:\/\/hundtgroup.com\/cs\/produkt\/dset15-idealni-sada-nuzek\/","name":"DSET15 Ide\u00e1ln\u00ed sada n\u016f\u017eek - Wilhelm Hundt GmbH","isPartOf":{"@id":"https:\/\/hundtgroup.com\/cs\/#website"},"primaryImageOfPage":{"@id":"https:\/\/hundtgroup.com\/cs\/produkt\/dset15-idealni-sada-nuzek\/#primaryimage"},"image":{"@id":"https:\/\/hundtgroup.com\/cs\/produkt\/dset15-idealni-sada-nuzek\/#primaryimage"},"thumbnailUrl":"https:\/\/hundtgroup.com\/wp-content\/uploads\/400166.jpg","datePublished":"2025-06-18T16:30:57+00:00","dateModified":"2025-08-01T11:14:44+00:00","breadcrumb":{"@id":"https:\/\/hundtgroup.com\/cs\/produkt\/dset15-idealni-sada-nuzek\/#breadcrumb"},"inLanguage":"cs","potentialAction":[{"@type":"ReadAction","target":["https:\/\/hundtgroup.com\/cs\/produkt\/dset15-idealni-sada-nuzek\/"]}]},{"@type":"ImageObject","inLanguage":"cs","@id":"https:\/\/hundtgroup.com\/cs\/produkt\/dset15-idealni-sada-nuzek\/#primaryimage","url":"https:\/\/hundtgroup.com\/wp-content\/uploads\/400166.jpg","contentUrl":"https:\/\/hundtgroup.com\/wp-content\/uploads\/400166.jpg","width":300,"height":334},{"@type":"BreadcrumbList","@id":"https:\/\/hundtgroup.com\/cs\/produkt\/dset15-idealni-sada-nuzek\/#breadcrumb","itemListElement":[{"@type":"ListItem","position":1,"name":"Startseite","item":"https:\/\/hundtgroup.com\/cs\/home-nove\/"},{"@type":"ListItem","position":2,"name":"Obchod","item":"https:\/\/hundtgroup.com\/obchod\/"},{"@type":"ListItem","position":3,"name":"DSET15 Ide\u00e1ln\u00ed sada n\u016f\u017eek"}]},{"@type":"WebSite","@id":"https:\/\/hundtgroup.com\/cs\/#website","url":"https:\/\/hundtgroup.com\/cs\/","name":"Wilhelm Hundt GmbH","description":"V\u00e1\u0161 specialista na stroje a n\u00e1stroje pro zpracov\u00e1n\u00ed plechu","potentialAction":[{"@type":"SearchAction","target":{"@type":"EntryPoint","urlTemplate":"https:\/\/hundtgroup.com\/cs\/?s={search_term_string}"},"query-input":{"@type":"PropertyValueSpecification","valueRequired":true,"valueName":"search_term_string"}}],"inLanguage":"cs"}]}},"_links":{"self":[{"href":"https:\/\/hundtgroup.com\/cs\/wp-json\/wp\/v2\/product\/18761","targetHints":{"allow":["GET"]}}],"collection":[{"href":"https:\/\/hundtgroup.com\/cs\/wp-json\/wp\/v2\/product"}],"about":[{"href":"https:\/\/hundtgroup.com\/cs\/wp-json\/wp\/v2\/types\/product"}],"wp:featuredmedia":[{"embeddable":true,"href":"https:\/\/hundtgroup.com\/cs\/wp-json\/wp\/v2\/media\/18762"}],"wp:attachment":[{"href":"https:\/\/hundtgroup.com\/cs\/wp-json\/wp\/v2\/media?parent=18761"}],"wp:term":[{"taxonomy":"product_cat","embeddable":true,"href":"https:\/\/hundtgroup.com\/cs\/wp-json\/wp\/v2\/product_cat?post=18761"},{"taxonomy":"product_tag","embeddable":true,"href":"https:\/\/hundtgroup.com\/cs\/wp-json\/wp\/v2\/product_tag?post=18761"}],"curies":[{"name":"wp","href":"https:\/\/api.w.org\/{rel}","templated":true}]}}