{"id":19329,"date":"2022-10-26T15:59:04","date_gmt":"2022-10-26T13:59:04","guid":{"rendered":"https:\/\/hundtgroup.com\/produkt\/racnovy-klic-uhlovy-tvar-sw7\/"},"modified":"2025-07-29T12:52:30","modified_gmt":"2025-07-29T10:52:30","slug":"racnovy-klic-uhlovy-tvar-sw7","status":"publish","type":"product","link":"https:\/\/hundtgroup.com\/cs\/produkt\/racnovy-klic-uhlovy-tvar-sw7\/","title":{"rendered":"R\u00e1\u010dnov\u00fd kl\u00ed\u010d \u00fahlov\u00fd tvar SW7"},"content":{"rendered":"<p>R\u00e1\u010dnov\u00fd kl\u00ed\u010d podle DIN 3113 \/ ISO 3318<br \/>\n\u00dahlov\u00fd tvar, poloha \u010delist\u00ed pod \u00fahlem 15\u00b0, r\u00e1\u010dnov\u00e1 hlava pod \u00fahlem 15\u00b0<br \/>\nChrom-vanad, velmi jemn\u00fd sat\u00e9nov\u00fd povrch<br \/>\nP\u0159esn\u00e9 vroubkov\u00e1n\u00ed se 72 zuby<br \/>\nS oboustrannou p\u00e1kou<br \/>\nFlankTraction profil<\/p>\n","protected":false},"excerpt":{"rendered":"<p>R\u00e1\u010dnov\u00fd kl\u00ed\u010d podle DIN 3113 \/ ISO 3318 \u00dahlov\u00fd tvar, poloha \u010delist\u00ed pod \u00fahlem 15\u00b0, r\u00e1\u010dnov\u00e1 hlava pod \u00fahlem 15\u00b0 Chrom-vanad, velmi jemn\u00fd sat\u00e9nov\u00fd povrch P\u0159esn\u00e9 vroubkov\u00e1n\u00ed se 72 zuby S oboustrannou p\u00e1kou FlankTraction profil<\/p>\n","protected":false},"featured_media":18432,"template":"","meta":{"_acf_changed":false,"inline_featured_image":false},"product_cat":[715,1668,1618],"product_tag":[],"class_list":{"0":"post-19329","1":"product","2":"type-product","3":"status-publish","4":"has-post-thumbnail","6":"brand-hundt","7":"product_cat-rucni-naradi","8":"product_cat-racnovy-klic","9":"product_cat-sroubovaci-nastroje","11":"first","12":"instock","13":"taxable","14":"shipping-taxable","15":"purchasable","16":"product-type-simple","17":"add-to-wishlist-before_image"},"acf":[],"yoast_head":"<!-- This site is optimized with the Yoast SEO plugin v27.3 - https:\/\/yoast.com\/product\/yoast-seo-wordpress\/ -->\n<title>R\u00e1\u010dnov\u00fd kl\u00ed\u010d \u00fahlov\u00fd tvar SW7 - Wilhelm Hundt GmbH<\/title>\n<meta name=\"robots\" content=\"index, follow, max-snippet:-1, max-image-preview:large, max-video-preview:-1\" \/>\n<link rel=\"canonical\" href=\"https:\/\/hundtgroup.com\/cs\/produkt\/racnovy-klic-uhlovy-tvar-sw7\/\" \/>\n<meta property=\"og:locale\" content=\"cs_CZ\" \/>\n<meta property=\"og:type\" content=\"article\" \/>\n<meta property=\"og:title\" content=\"R\u00e1\u010dnov\u00fd kl\u00ed\u010d \u00fahlov\u00fd tvar SW7 - Wilhelm Hundt GmbH\" \/>\n<meta property=\"og:description\" content=\"R\u00e1\u010dnov\u00fd kl\u00ed\u010d podle DIN 3113 \/ ISO 3318 \u00dahlov\u00fd tvar, poloha \u010delist\u00ed pod \u00fahlem 15\u00b0, r\u00e1\u010dnov\u00e1 hlava pod \u00fahlem 15\u00b0 Chrom-vanad, velmi jemn\u00fd sat\u00e9nov\u00fd povrch P\u0159esn\u00e9 vroubkov\u00e1n\u00ed se 72 zuby S oboustrannou p\u00e1kou FlankTraction profil\" \/>\n<meta property=\"og:url\" content=\"https:\/\/hundtgroup.com\/cs\/produkt\/racnovy-klic-uhlovy-tvar-sw7\/\" \/>\n<meta property=\"og:site_name\" content=\"Wilhelm Hundt GmbH\" \/>\n<meta property=\"article:modified_time\" content=\"2025-07-29T10:52:30+00:00\" \/>\n<meta property=\"og:image\" content=\"https:\/\/hundtgroup.com\/wp-content\/uploads\/411802.png\" \/>\n\t<meta property=\"og:image:width\" content=\"697\" \/>\n\t<meta property=\"og:image:height\" content=\"110\" \/>\n\t<meta property=\"og:image:type\" content=\"image\/png\" \/>\n<meta name=\"twitter:card\" content=\"summary_large_image\" \/>\n<script type=\"application\/ld+json\" class=\"yoast-schema-graph\">{\"@context\":\"https:\\\/\\\/schema.org\",\"@graph\":[{\"@type\":\"WebPage\",\"@id\":\"https:\\\/\\\/hundtgroup.com\\\/cs\\\/produkt\\\/racnovy-klic-uhlovy-tvar-sw7\\\/\",\"url\":\"https:\\\/\\\/hundtgroup.com\\\/cs\\\/produkt\\\/racnovy-klic-uhlovy-tvar-sw7\\\/\",\"name\":\"R\u00e1\u010dnov\u00fd kl\u00ed\u010d \u00fahlov\u00fd tvar SW7 - Wilhelm Hundt GmbH\",\"isPartOf\":{\"@id\":\"https:\\\/\\\/hundtgroup.com\\\/cs\\\/#website\"},\"primaryImageOfPage\":{\"@id\":\"https:\\\/\\\/hundtgroup.com\\\/cs\\\/produkt\\\/racnovy-klic-uhlovy-tvar-sw7\\\/#primaryimage\"},\"image\":{\"@id\":\"https:\\\/\\\/hundtgroup.com\\\/cs\\\/produkt\\\/racnovy-klic-uhlovy-tvar-sw7\\\/#primaryimage\"},\"thumbnailUrl\":\"https:\\\/\\\/hundtgroup.com\\\/wp-content\\\/uploads\\\/411802.png\",\"datePublished\":\"2022-10-26T13:59:04+00:00\",\"dateModified\":\"2025-07-29T10:52:30+00:00\",\"breadcrumb\":{\"@id\":\"https:\\\/\\\/hundtgroup.com\\\/cs\\\/produkt\\\/racnovy-klic-uhlovy-tvar-sw7\\\/#breadcrumb\"},\"inLanguage\":\"cs\",\"potentialAction\":[{\"@type\":\"ReadAction\",\"target\":[\"https:\\\/\\\/hundtgroup.com\\\/cs\\\/produkt\\\/racnovy-klic-uhlovy-tvar-sw7\\\/\"]}]},{\"@type\":\"ImageObject\",\"inLanguage\":\"cs\",\"@id\":\"https:\\\/\\\/hundtgroup.com\\\/cs\\\/produkt\\\/racnovy-klic-uhlovy-tvar-sw7\\\/#primaryimage\",\"url\":\"https:\\\/\\\/hundtgroup.com\\\/wp-content\\\/uploads\\\/411802.png\",\"contentUrl\":\"https:\\\/\\\/hundtgroup.com\\\/wp-content\\\/uploads\\\/411802.png\",\"width\":697,\"height\":110},{\"@type\":\"BreadcrumbList\",\"@id\":\"https:\\\/\\\/hundtgroup.com\\\/cs\\\/produkt\\\/racnovy-klic-uhlovy-tvar-sw7\\\/#breadcrumb\",\"itemListElement\":[{\"@type\":\"ListItem\",\"position\":1,\"name\":\"Startseite\",\"item\":\"https:\\\/\\\/hundtgroup.com\\\/cs\\\/home-nove\\\/\"},{\"@type\":\"ListItem\",\"position\":2,\"name\":\"Obchod\",\"item\":\"https:\\\/\\\/hundtgroup.com\\\/obchod\\\/\"},{\"@type\":\"ListItem\",\"position\":3,\"name\":\"R\u00e1\u010dnov\u00fd kl\u00ed\u010d \u00fahlov\u00fd tvar SW7\"}]},{\"@type\":\"WebSite\",\"@id\":\"https:\\\/\\\/hundtgroup.com\\\/cs\\\/#website\",\"url\":\"https:\\\/\\\/hundtgroup.com\\\/cs\\\/\",\"name\":\"Wilhelm Hundt GmbH\",\"description\":\"V\u00e1\u0161 specialista na stroje a n\u00e1stroje pro zpracov\u00e1n\u00ed plechu\",\"potentialAction\":[{\"@type\":\"SearchAction\",\"target\":{\"@type\":\"EntryPoint\",\"urlTemplate\":\"https:\\\/\\\/hundtgroup.com\\\/cs\\\/?s={search_term_string}\"},\"query-input\":{\"@type\":\"PropertyValueSpecification\",\"valueRequired\":true,\"valueName\":\"search_term_string\"}}],\"inLanguage\":\"cs\"}]}<\/script>\n<!-- \/ Yoast SEO plugin. -->","yoast_head_json":{"title":"R\u00e1\u010dnov\u00fd kl\u00ed\u010d \u00fahlov\u00fd tvar SW7 - Wilhelm Hundt GmbH","robots":{"index":"index","follow":"follow","max-snippet":"max-snippet:-1","max-image-preview":"max-image-preview:large","max-video-preview":"max-video-preview:-1"},"canonical":"https:\/\/hundtgroup.com\/cs\/produkt\/racnovy-klic-uhlovy-tvar-sw7\/","og_locale":"cs_CZ","og_type":"article","og_title":"R\u00e1\u010dnov\u00fd kl\u00ed\u010d \u00fahlov\u00fd tvar SW7 - Wilhelm Hundt GmbH","og_description":"R\u00e1\u010dnov\u00fd kl\u00ed\u010d podle DIN 3113 \/ ISO 3318 \u00dahlov\u00fd tvar, poloha \u010delist\u00ed pod \u00fahlem 15\u00b0, r\u00e1\u010dnov\u00e1 hlava pod \u00fahlem 15\u00b0 Chrom-vanad, velmi jemn\u00fd sat\u00e9nov\u00fd povrch P\u0159esn\u00e9 vroubkov\u00e1n\u00ed se 72 zuby S oboustrannou p\u00e1kou FlankTraction profil","og_url":"https:\/\/hundtgroup.com\/cs\/produkt\/racnovy-klic-uhlovy-tvar-sw7\/","og_site_name":"Wilhelm Hundt GmbH","article_modified_time":"2025-07-29T10:52:30+00:00","og_image":[{"width":697,"height":110,"url":"https:\/\/hundtgroup.com\/wp-content\/uploads\/411802.png","type":"image\/png"}],"twitter_card":"summary_large_image","schema":{"@context":"https:\/\/schema.org","@graph":[{"@type":"WebPage","@id":"https:\/\/hundtgroup.com\/cs\/produkt\/racnovy-klic-uhlovy-tvar-sw7\/","url":"https:\/\/hundtgroup.com\/cs\/produkt\/racnovy-klic-uhlovy-tvar-sw7\/","name":"R\u00e1\u010dnov\u00fd kl\u00ed\u010d \u00fahlov\u00fd tvar SW7 - Wilhelm Hundt GmbH","isPartOf":{"@id":"https:\/\/hundtgroup.com\/cs\/#website"},"primaryImageOfPage":{"@id":"https:\/\/hundtgroup.com\/cs\/produkt\/racnovy-klic-uhlovy-tvar-sw7\/#primaryimage"},"image":{"@id":"https:\/\/hundtgroup.com\/cs\/produkt\/racnovy-klic-uhlovy-tvar-sw7\/#primaryimage"},"thumbnailUrl":"https:\/\/hundtgroup.com\/wp-content\/uploads\/411802.png","datePublished":"2022-10-26T13:59:04+00:00","dateModified":"2025-07-29T10:52:30+00:00","breadcrumb":{"@id":"https:\/\/hundtgroup.com\/cs\/produkt\/racnovy-klic-uhlovy-tvar-sw7\/#breadcrumb"},"inLanguage":"cs","potentialAction":[{"@type":"ReadAction","target":["https:\/\/hundtgroup.com\/cs\/produkt\/racnovy-klic-uhlovy-tvar-sw7\/"]}]},{"@type":"ImageObject","inLanguage":"cs","@id":"https:\/\/hundtgroup.com\/cs\/produkt\/racnovy-klic-uhlovy-tvar-sw7\/#primaryimage","url":"https:\/\/hundtgroup.com\/wp-content\/uploads\/411802.png","contentUrl":"https:\/\/hundtgroup.com\/wp-content\/uploads\/411802.png","width":697,"height":110},{"@type":"BreadcrumbList","@id":"https:\/\/hundtgroup.com\/cs\/produkt\/racnovy-klic-uhlovy-tvar-sw7\/#breadcrumb","itemListElement":[{"@type":"ListItem","position":1,"name":"Startseite","item":"https:\/\/hundtgroup.com\/cs\/home-nove\/"},{"@type":"ListItem","position":2,"name":"Obchod","item":"https:\/\/hundtgroup.com\/obchod\/"},{"@type":"ListItem","position":3,"name":"R\u00e1\u010dnov\u00fd kl\u00ed\u010d \u00fahlov\u00fd tvar SW7"}]},{"@type":"WebSite","@id":"https:\/\/hundtgroup.com\/cs\/#website","url":"https:\/\/hundtgroup.com\/cs\/","name":"Wilhelm Hundt GmbH","description":"V\u00e1\u0161 specialista na stroje a n\u00e1stroje pro zpracov\u00e1n\u00ed plechu","potentialAction":[{"@type":"SearchAction","target":{"@type":"EntryPoint","urlTemplate":"https:\/\/hundtgroup.com\/cs\/?s={search_term_string}"},"query-input":{"@type":"PropertyValueSpecification","valueRequired":true,"valueName":"search_term_string"}}],"inLanguage":"cs"}]}},"_links":{"self":[{"href":"https:\/\/hundtgroup.com\/cs\/wp-json\/wp\/v2\/product\/19329","targetHints":{"allow":["GET"]}}],"collection":[{"href":"https:\/\/hundtgroup.com\/cs\/wp-json\/wp\/v2\/product"}],"about":[{"href":"https:\/\/hundtgroup.com\/cs\/wp-json\/wp\/v2\/types\/product"}],"wp:featuredmedia":[{"embeddable":true,"href":"https:\/\/hundtgroup.com\/cs\/wp-json\/wp\/v2\/media\/18432"}],"wp:attachment":[{"href":"https:\/\/hundtgroup.com\/cs\/wp-json\/wp\/v2\/media?parent=19329"}],"wp:term":[{"taxonomy":"product_cat","embeddable":true,"href":"https:\/\/hundtgroup.com\/cs\/wp-json\/wp\/v2\/product_cat?post=19329"},{"taxonomy":"product_tag","embeddable":true,"href":"https:\/\/hundtgroup.com\/cs\/wp-json\/wp\/v2\/product_tag?post=19329"}],"curies":[{"name":"wp","href":"https:\/\/api.w.org\/{rel}","templated":true}]}}