{"id":20221,"date":"2022-10-26T15:58:43","date_gmt":"2022-10-26T13:58:43","guid":{"rendered":"https:\/\/hundtgroup.com\/produkt\/elektricke-kombinovane-kleste-02-01-200\/"},"modified":"2025-07-29T12:39:08","modified_gmt":"2025-07-29T10:39:08","slug":"elektricke-kombinovane-kleste-02-01-200","status":"publish","type":"product","link":"https:\/\/hundtgroup.com\/cs\/produkt\/elektricke-kombinovane-kleste-02-01-200\/","title":{"rendered":"Elektrick\u00e9 kombinovan\u00e9 kle\u0161t\u011b 02 01 200"},"content":{"rendered":"<p>Snadn\u011bj\u0161\u00ed \u0159ez\u00e1n\u00ed. V\u00fdkonn\u00e9 uchopov\u00e1n\u00ed, oh\u00fdb\u00e1n\u00ed a vytahov\u00e1n\u00ed<br \/>\n35% \u00faspora energie ve srovn\u00e1n\u00ed s b\u011b\u017en\u00fdmi kombinovan\u00fdmi kle\u0161t\u011bmi<br \/>\nSnadn\u011bj\u0161\u00ed pr\u00e1ce d\u00edky optimalizovan\u00e9mu p\u0159evodov\u00e9mu pom\u011bru<br \/>\nS b\u0159ity (tvrdost cca 63 HRC) pro m\u011bkk\u00e9 a tvrd\u00e9 dr\u00e1ty i klav\u00edrn\u00ed dr\u00e1ty<br \/>\nDlouh\u00e9 b\u0159ity pro siln\u011bj\u0161\u00ed kabely<br \/>\nS \u00fachopov\u00fdmi z\u00f3nami pro ploch\u00fd a kulat\u00fd materi\u00e1l pro v\u0161estrann\u00e9 pou\u017eit\u00ed<br \/>\nSpeci\u00e1ln\u00ed n\u00e1strojov\u00e1 ocel, kovan\u00e1, kalen\u00e1 v oleji. <\/p>\n","protected":false},"excerpt":{"rendered":"<p>Snadn\u011bj\u0161\u00ed \u0159ez\u00e1n\u00ed. V\u00fdkonn\u00e9 uchopov\u00e1n\u00ed, oh\u00fdb\u00e1n\u00ed a vytahov\u00e1n\u00ed 35% \u00faspora energie ve srovn\u00e1n\u00ed s b\u011b\u017en\u00fdmi kombinovan\u00fdmi kle\u0161t\u011bmi Snadn\u011bj\u0161\u00ed pr\u00e1ce d\u00edky optimalizovan\u00e9mu p\u0159evodov\u00e9mu pom\u011bru S b\u0159ity (tvrdost cca 63 HRC) pro m\u011bkk\u00e9 a tvrd\u00e9 dr\u00e1ty i klav\u00edrn\u00ed dr\u00e1ty Dlouh\u00e9 b\u0159ity pro siln\u011bj\u0161\u00ed kabely S \u00fachopov\u00fdmi z\u00f3nami pro ploch\u00fd a kulat\u00fd materi\u00e1l pro v\u0161estrann\u00e9 pou\u017eit\u00ed Speci\u00e1ln\u00ed n\u00e1strojov\u00e1 ocel, [&hellip;]<\/p>\n","protected":false},"featured_media":20211,"template":"","meta":{"_acf_changed":false,"inline_featured_image":false},"product_cat":[715,1608,1602],"product_tag":[],"class_list":{"0":"post-20221","1":"product","2":"type-product","3":"status-publish","4":"has-post-thumbnail","6":"brand-knipex","7":"product_cat-rucni-naradi","8":"product_cat-kombinovane-kleste","9":"product_cat-kleste","11":"first","12":"instock","13":"taxable","14":"shipping-taxable","15":"purchasable","16":"product-type-simple","17":"add-to-wishlist-before_image"},"acf":[],"yoast_head":"<!-- This site is optimized with the Yoast SEO plugin v27.3 - https:\/\/yoast.com\/product\/yoast-seo-wordpress\/ -->\n<title>Elektrick\u00e9 kombinovan\u00e9 kle\u0161t\u011b 02 01 200 - Wilhelm Hundt GmbH<\/title>\n<meta name=\"robots\" content=\"index, follow, max-snippet:-1, max-image-preview:large, max-video-preview:-1\" \/>\n<link rel=\"canonical\" href=\"https:\/\/hundtgroup.com\/cs\/produkt\/elektricke-kombinovane-kleste-02-01-200\/\" \/>\n<meta property=\"og:locale\" content=\"cs_CZ\" \/>\n<meta property=\"og:type\" content=\"article\" \/>\n<meta property=\"og:title\" content=\"Elektrick\u00e9 kombinovan\u00e9 kle\u0161t\u011b 02 01 200 - Wilhelm Hundt GmbH\" \/>\n<meta property=\"og:description\" content=\"Snadn\u011bj\u0161\u00ed \u0159ez\u00e1n\u00ed. V\u00fdkonn\u00e9 uchopov\u00e1n\u00ed, oh\u00fdb\u00e1n\u00ed a vytahov\u00e1n\u00ed 35% \u00faspora energie ve srovn\u00e1n\u00ed s b\u011b\u017en\u00fdmi kombinovan\u00fdmi kle\u0161t\u011bmi Snadn\u011bj\u0161\u00ed pr\u00e1ce d\u00edky optimalizovan\u00e9mu p\u0159evodov\u00e9mu pom\u011bru S b\u0159ity (tvrdost cca 63 HRC) pro m\u011bkk\u00e9 a tvrd\u00e9 dr\u00e1ty i klav\u00edrn\u00ed dr\u00e1ty Dlouh\u00e9 b\u0159ity pro siln\u011bj\u0161\u00ed kabely S \u00fachopov\u00fdmi z\u00f3nami pro ploch\u00fd a kulat\u00fd materi\u00e1l pro v\u0161estrann\u00e9 pou\u017eit\u00ed Speci\u00e1ln\u00ed n\u00e1strojov\u00e1 ocel, [&hellip;]\" \/>\n<meta property=\"og:url\" content=\"https:\/\/hundtgroup.com\/cs\/produkt\/elektricke-kombinovane-kleste-02-01-200\/\" \/>\n<meta property=\"og:site_name\" content=\"Wilhelm Hundt GmbH\" \/>\n<meta property=\"article:modified_time\" content=\"2025-07-29T10:39:08+00:00\" \/>\n<meta property=\"og:image\" content=\"https:\/\/hundtgroup.com\/wp-content\/uploads\/410239.png\" \/>\n\t<meta property=\"og:image:width\" content=\"830\" \/>\n\t<meta property=\"og:image:height\" content=\"206\" \/>\n\t<meta property=\"og:image:type\" content=\"image\/png\" \/>\n<meta name=\"twitter:card\" content=\"summary_large_image\" \/>\n<script type=\"application\/ld+json\" class=\"yoast-schema-graph\">{\"@context\":\"https:\\\/\\\/schema.org\",\"@graph\":[{\"@type\":\"WebPage\",\"@id\":\"https:\\\/\\\/hundtgroup.com\\\/cs\\\/produkt\\\/elektricke-kombinovane-kleste-02-01-200\\\/\",\"url\":\"https:\\\/\\\/hundtgroup.com\\\/cs\\\/produkt\\\/elektricke-kombinovane-kleste-02-01-200\\\/\",\"name\":\"Elektrick\u00e9 kombinovan\u00e9 kle\u0161t\u011b 02 01 200 - Wilhelm Hundt GmbH\",\"isPartOf\":{\"@id\":\"https:\\\/\\\/hundtgroup.com\\\/cs\\\/#website\"},\"primaryImageOfPage\":{\"@id\":\"https:\\\/\\\/hundtgroup.com\\\/cs\\\/produkt\\\/elektricke-kombinovane-kleste-02-01-200\\\/#primaryimage\"},\"image\":{\"@id\":\"https:\\\/\\\/hundtgroup.com\\\/cs\\\/produkt\\\/elektricke-kombinovane-kleste-02-01-200\\\/#primaryimage\"},\"thumbnailUrl\":\"https:\\\/\\\/hundtgroup.com\\\/wp-content\\\/uploads\\\/410239.png\",\"datePublished\":\"2022-10-26T13:58:43+00:00\",\"dateModified\":\"2025-07-29T10:39:08+00:00\",\"breadcrumb\":{\"@id\":\"https:\\\/\\\/hundtgroup.com\\\/cs\\\/produkt\\\/elektricke-kombinovane-kleste-02-01-200\\\/#breadcrumb\"},\"inLanguage\":\"cs\",\"potentialAction\":[{\"@type\":\"ReadAction\",\"target\":[\"https:\\\/\\\/hundtgroup.com\\\/cs\\\/produkt\\\/elektricke-kombinovane-kleste-02-01-200\\\/\"]}]},{\"@type\":\"ImageObject\",\"inLanguage\":\"cs\",\"@id\":\"https:\\\/\\\/hundtgroup.com\\\/cs\\\/produkt\\\/elektricke-kombinovane-kleste-02-01-200\\\/#primaryimage\",\"url\":\"https:\\\/\\\/hundtgroup.com\\\/wp-content\\\/uploads\\\/410239.png\",\"contentUrl\":\"https:\\\/\\\/hundtgroup.com\\\/wp-content\\\/uploads\\\/410239.png\",\"width\":830,\"height\":206},{\"@type\":\"BreadcrumbList\",\"@id\":\"https:\\\/\\\/hundtgroup.com\\\/cs\\\/produkt\\\/elektricke-kombinovane-kleste-02-01-200\\\/#breadcrumb\",\"itemListElement\":[{\"@type\":\"ListItem\",\"position\":1,\"name\":\"Startseite\",\"item\":\"https:\\\/\\\/hundtgroup.com\\\/cs\\\/home-nove\\\/\"},{\"@type\":\"ListItem\",\"position\":2,\"name\":\"Obchod\",\"item\":\"https:\\\/\\\/hundtgroup.com\\\/obchod\\\/\"},{\"@type\":\"ListItem\",\"position\":3,\"name\":\"Elektrick\u00e9 kombinovan\u00e9 kle\u0161t\u011b 02 01 200\"}]},{\"@type\":\"WebSite\",\"@id\":\"https:\\\/\\\/hundtgroup.com\\\/cs\\\/#website\",\"url\":\"https:\\\/\\\/hundtgroup.com\\\/cs\\\/\",\"name\":\"Wilhelm Hundt GmbH\",\"description\":\"V\u00e1\u0161 specialista na stroje a n\u00e1stroje pro zpracov\u00e1n\u00ed plechu\",\"potentialAction\":[{\"@type\":\"SearchAction\",\"target\":{\"@type\":\"EntryPoint\",\"urlTemplate\":\"https:\\\/\\\/hundtgroup.com\\\/cs\\\/?s={search_term_string}\"},\"query-input\":{\"@type\":\"PropertyValueSpecification\",\"valueRequired\":true,\"valueName\":\"search_term_string\"}}],\"inLanguage\":\"cs\"}]}<\/script>\n<!-- \/ Yoast SEO plugin. -->","yoast_head_json":{"title":"Elektrick\u00e9 kombinovan\u00e9 kle\u0161t\u011b 02 01 200 - Wilhelm Hundt GmbH","robots":{"index":"index","follow":"follow","max-snippet":"max-snippet:-1","max-image-preview":"max-image-preview:large","max-video-preview":"max-video-preview:-1"},"canonical":"https:\/\/hundtgroup.com\/cs\/produkt\/elektricke-kombinovane-kleste-02-01-200\/","og_locale":"cs_CZ","og_type":"article","og_title":"Elektrick\u00e9 kombinovan\u00e9 kle\u0161t\u011b 02 01 200 - Wilhelm Hundt GmbH","og_description":"Snadn\u011bj\u0161\u00ed \u0159ez\u00e1n\u00ed. V\u00fdkonn\u00e9 uchopov\u00e1n\u00ed, oh\u00fdb\u00e1n\u00ed a vytahov\u00e1n\u00ed 35% \u00faspora energie ve srovn\u00e1n\u00ed s b\u011b\u017en\u00fdmi kombinovan\u00fdmi kle\u0161t\u011bmi Snadn\u011bj\u0161\u00ed pr\u00e1ce d\u00edky optimalizovan\u00e9mu p\u0159evodov\u00e9mu pom\u011bru S b\u0159ity (tvrdost cca 63 HRC) pro m\u011bkk\u00e9 a tvrd\u00e9 dr\u00e1ty i klav\u00edrn\u00ed dr\u00e1ty Dlouh\u00e9 b\u0159ity pro siln\u011bj\u0161\u00ed kabely S \u00fachopov\u00fdmi z\u00f3nami pro ploch\u00fd a kulat\u00fd materi\u00e1l pro v\u0161estrann\u00e9 pou\u017eit\u00ed Speci\u00e1ln\u00ed n\u00e1strojov\u00e1 ocel, [&hellip;]","og_url":"https:\/\/hundtgroup.com\/cs\/produkt\/elektricke-kombinovane-kleste-02-01-200\/","og_site_name":"Wilhelm Hundt GmbH","article_modified_time":"2025-07-29T10:39:08+00:00","og_image":[{"width":830,"height":206,"url":"https:\/\/hundtgroup.com\/wp-content\/uploads\/410239.png","type":"image\/png"}],"twitter_card":"summary_large_image","schema":{"@context":"https:\/\/schema.org","@graph":[{"@type":"WebPage","@id":"https:\/\/hundtgroup.com\/cs\/produkt\/elektricke-kombinovane-kleste-02-01-200\/","url":"https:\/\/hundtgroup.com\/cs\/produkt\/elektricke-kombinovane-kleste-02-01-200\/","name":"Elektrick\u00e9 kombinovan\u00e9 kle\u0161t\u011b 02 01 200 - Wilhelm Hundt GmbH","isPartOf":{"@id":"https:\/\/hundtgroup.com\/cs\/#website"},"primaryImageOfPage":{"@id":"https:\/\/hundtgroup.com\/cs\/produkt\/elektricke-kombinovane-kleste-02-01-200\/#primaryimage"},"image":{"@id":"https:\/\/hundtgroup.com\/cs\/produkt\/elektricke-kombinovane-kleste-02-01-200\/#primaryimage"},"thumbnailUrl":"https:\/\/hundtgroup.com\/wp-content\/uploads\/410239.png","datePublished":"2022-10-26T13:58:43+00:00","dateModified":"2025-07-29T10:39:08+00:00","breadcrumb":{"@id":"https:\/\/hundtgroup.com\/cs\/produkt\/elektricke-kombinovane-kleste-02-01-200\/#breadcrumb"},"inLanguage":"cs","potentialAction":[{"@type":"ReadAction","target":["https:\/\/hundtgroup.com\/cs\/produkt\/elektricke-kombinovane-kleste-02-01-200\/"]}]},{"@type":"ImageObject","inLanguage":"cs","@id":"https:\/\/hundtgroup.com\/cs\/produkt\/elektricke-kombinovane-kleste-02-01-200\/#primaryimage","url":"https:\/\/hundtgroup.com\/wp-content\/uploads\/410239.png","contentUrl":"https:\/\/hundtgroup.com\/wp-content\/uploads\/410239.png","width":830,"height":206},{"@type":"BreadcrumbList","@id":"https:\/\/hundtgroup.com\/cs\/produkt\/elektricke-kombinovane-kleste-02-01-200\/#breadcrumb","itemListElement":[{"@type":"ListItem","position":1,"name":"Startseite","item":"https:\/\/hundtgroup.com\/cs\/home-nove\/"},{"@type":"ListItem","position":2,"name":"Obchod","item":"https:\/\/hundtgroup.com\/obchod\/"},{"@type":"ListItem","position":3,"name":"Elektrick\u00e9 kombinovan\u00e9 kle\u0161t\u011b 02 01 200"}]},{"@type":"WebSite","@id":"https:\/\/hundtgroup.com\/cs\/#website","url":"https:\/\/hundtgroup.com\/cs\/","name":"Wilhelm Hundt GmbH","description":"V\u00e1\u0161 specialista na stroje a n\u00e1stroje pro zpracov\u00e1n\u00ed plechu","potentialAction":[{"@type":"SearchAction","target":{"@type":"EntryPoint","urlTemplate":"https:\/\/hundtgroup.com\/cs\/?s={search_term_string}"},"query-input":{"@type":"PropertyValueSpecification","valueRequired":true,"valueName":"search_term_string"}}],"inLanguage":"cs"}]}},"_links":{"self":[{"href":"https:\/\/hundtgroup.com\/cs\/wp-json\/wp\/v2\/product\/20221","targetHints":{"allow":["GET"]}}],"collection":[{"href":"https:\/\/hundtgroup.com\/cs\/wp-json\/wp\/v2\/product"}],"about":[{"href":"https:\/\/hundtgroup.com\/cs\/wp-json\/wp\/v2\/types\/product"}],"wp:featuredmedia":[{"embeddable":true,"href":"https:\/\/hundtgroup.com\/cs\/wp-json\/wp\/v2\/media\/20211"}],"wp:attachment":[{"href":"https:\/\/hundtgroup.com\/cs\/wp-json\/wp\/v2\/media?parent=20221"}],"wp:term":[{"taxonomy":"product_cat","embeddable":true,"href":"https:\/\/hundtgroup.com\/cs\/wp-json\/wp\/v2\/product_cat?post=20221"},{"taxonomy":"product_tag","embeddable":true,"href":"https:\/\/hundtgroup.com\/cs\/wp-json\/wp\/v2\/product_tag?post=20221"}],"curies":[{"name":"wp","href":"https:\/\/api.w.org\/{rel}","templated":true}]}}