{"id":20596,"date":"2022-10-26T15:58:57","date_gmt":"2022-10-26T13:58:57","guid":{"rendered":"https:\/\/hundtgroup.com\/produkt\/rezacka-na-rohoze-hundt-s-drevenymi-rukojetmi-2\/"},"modified":"2025-07-29T12:47:39","modified_gmt":"2025-07-29T10:47:39","slug":"rezacka-na-rohoze-hundt-s-drevenymi-rukojetmi-2","status":"publish","type":"product","link":"https:\/\/hundtgroup.com\/cs\/produkt\/rezacka-na-rohoze-hundt-s-drevenymi-rukojetmi-2\/","title":{"rendered":"\u0158eza\u010dka na roho\u017ee Hundt s d\u0159ev\u011bn\u00fdmi rukoje\u0165mi"},"content":{"rendered":"<p>Zvl\u00e1\u0161t\u011b siln\u00e9 z\u00e1pustkov\u011b kovan\u00e9 n\u016f\u017eky na izolace<br \/>\nSpeci\u00e1ln\u00ed \u00fahlov\u00e9 n\u016f\u017eky<br \/>\nKovan\u00fd z\u00e1mek matice<br \/>\nTvrzen\u00e9 b\u0159ity<br \/>\nTvrd\u00e9 chromov\u00e1n\u00ed<br \/>\nRobustn\u00ed d\u0159ev\u011bn\u00e9 rukojeti<br \/>\nPro st\u0159\u00edh\u00e1n\u00ed izola\u010dn\u00edch materi\u00e1l\u016f, jako je sklen\u011bn\u00e1 a miner\u00e1ln\u00ed vata, expandovan\u00fd kov, tr\u00e1mov\u00e9 roho\u017ee a s\u00e1drov\u00e9 dr\u00e1ty.<\/p>\n","protected":false},"excerpt":{"rendered":"<p>Zvl\u00e1\u0161t\u011b siln\u00e9 z\u00e1pustkov\u011b kovan\u00e9 n\u016f\u017eky na izolace Speci\u00e1ln\u00ed \u00fahlov\u00e9 n\u016f\u017eky Kovan\u00fd z\u00e1mek matice Tvrzen\u00e9 b\u0159ity Tvrd\u00e9 chromov\u00e1n\u00ed Robustn\u00ed d\u0159ev\u011bn\u00e9 rukojeti Pro st\u0159\u00edh\u00e1n\u00ed izola\u010dn\u00edch materi\u00e1l\u016f, jako je sklen\u011bn\u00e1 a miner\u00e1ln\u00ed vata, expandovan\u00fd kov, tr\u00e1mov\u00e9 roho\u017ee a s\u00e1drov\u00e9 dr\u00e1ty.<\/p>\n","protected":false},"featured_media":20598,"template":"","meta":{"_acf_changed":false,"inline_featured_image":false},"product_cat":[715,1677,1678,1616],"product_tag":[],"class_list":{"0":"post-20596","1":"product","2":"type-product","3":"status-publish","4":"has-post-thumbnail","6":"brand-hundt","7":"product_cat-rucni-naradi","8":"product_cat-nuzky","9":"product_cat-nuzky-na-rohoze","10":"product_cat-rezne-nastroje","12":"first","13":"instock","14":"taxable","15":"shipping-taxable","16":"purchasable","17":"product-type-simple","18":"add-to-wishlist-before_image"},"acf":[],"yoast_head":"<!-- This site is optimized with the Yoast SEO plugin v27.3 - https:\/\/yoast.com\/product\/yoast-seo-wordpress\/ -->\n<title>\u0158eza\u010dka na roho\u017ee Hundt s d\u0159ev\u011bn\u00fdmi rukoje\u0165mi - Wilhelm Hundt GmbH<\/title>\n<meta name=\"robots\" content=\"index, follow, max-snippet:-1, max-image-preview:large, max-video-preview:-1\" \/>\n<link rel=\"canonical\" href=\"https:\/\/hundtgroup.com\/cs\/produkt\/rezacka-na-rohoze-hundt-s-drevenymi-rukojetmi-2\/\" \/>\n<meta property=\"og:locale\" content=\"cs_CZ\" \/>\n<meta property=\"og:type\" content=\"article\" \/>\n<meta property=\"og:title\" content=\"\u0158eza\u010dka na roho\u017ee Hundt s d\u0159ev\u011bn\u00fdmi rukoje\u0165mi - Wilhelm Hundt GmbH\" \/>\n<meta property=\"og:description\" content=\"Zvl\u00e1\u0161t\u011b siln\u00e9 z\u00e1pustkov\u011b kovan\u00e9 n\u016f\u017eky na izolace Speci\u00e1ln\u00ed \u00fahlov\u00e9 n\u016f\u017eky Kovan\u00fd z\u00e1mek matice Tvrzen\u00e9 b\u0159ity Tvrd\u00e9 chromov\u00e1n\u00ed Robustn\u00ed d\u0159ev\u011bn\u00e9 rukojeti Pro st\u0159\u00edh\u00e1n\u00ed izola\u010dn\u00edch materi\u00e1l\u016f, jako je sklen\u011bn\u00e1 a miner\u00e1ln\u00ed vata, expandovan\u00fd kov, tr\u00e1mov\u00e9 roho\u017ee a s\u00e1drov\u00e9 dr\u00e1ty.\" \/>\n<meta property=\"og:url\" content=\"https:\/\/hundtgroup.com\/cs\/produkt\/rezacka-na-rohoze-hundt-s-drevenymi-rukojetmi-2\/\" \/>\n<meta property=\"og:site_name\" content=\"Wilhelm Hundt GmbH\" \/>\n<meta property=\"article:modified_time\" content=\"2025-07-29T10:47:39+00:00\" \/>\n<meta property=\"og:image\" content=\"https:\/\/hundtgroup.com\/wp-content\/uploads\/470100.png\" \/>\n\t<meta property=\"og:image:width\" content=\"614\" \/>\n\t<meta property=\"og:image:height\" content=\"304\" \/>\n\t<meta property=\"og:image:type\" content=\"image\/png\" \/>\n<meta name=\"twitter:card\" content=\"summary_large_image\" \/>\n<script type=\"application\/ld+json\" class=\"yoast-schema-graph\">{\"@context\":\"https:\\\/\\\/schema.org\",\"@graph\":[{\"@type\":\"WebPage\",\"@id\":\"https:\\\/\\\/hundtgroup.com\\\/cs\\\/produkt\\\/rezacka-na-rohoze-hundt-s-drevenymi-rukojetmi-2\\\/\",\"url\":\"https:\\\/\\\/hundtgroup.com\\\/cs\\\/produkt\\\/rezacka-na-rohoze-hundt-s-drevenymi-rukojetmi-2\\\/\",\"name\":\"\u0158eza\u010dka na roho\u017ee Hundt s d\u0159ev\u011bn\u00fdmi rukoje\u0165mi - Wilhelm Hundt GmbH\",\"isPartOf\":{\"@id\":\"https:\\\/\\\/hundtgroup.com\\\/cs\\\/#website\"},\"primaryImageOfPage\":{\"@id\":\"https:\\\/\\\/hundtgroup.com\\\/cs\\\/produkt\\\/rezacka-na-rohoze-hundt-s-drevenymi-rukojetmi-2\\\/#primaryimage\"},\"image\":{\"@id\":\"https:\\\/\\\/hundtgroup.com\\\/cs\\\/produkt\\\/rezacka-na-rohoze-hundt-s-drevenymi-rukojetmi-2\\\/#primaryimage\"},\"thumbnailUrl\":\"https:\\\/\\\/hundtgroup.com\\\/wp-content\\\/uploads\\\/470100.png\",\"datePublished\":\"2022-10-26T13:58:57+00:00\",\"dateModified\":\"2025-07-29T10:47:39+00:00\",\"breadcrumb\":{\"@id\":\"https:\\\/\\\/hundtgroup.com\\\/cs\\\/produkt\\\/rezacka-na-rohoze-hundt-s-drevenymi-rukojetmi-2\\\/#breadcrumb\"},\"inLanguage\":\"cs\",\"potentialAction\":[{\"@type\":\"ReadAction\",\"target\":[\"https:\\\/\\\/hundtgroup.com\\\/cs\\\/produkt\\\/rezacka-na-rohoze-hundt-s-drevenymi-rukojetmi-2\\\/\"]}]},{\"@type\":\"ImageObject\",\"inLanguage\":\"cs\",\"@id\":\"https:\\\/\\\/hundtgroup.com\\\/cs\\\/produkt\\\/rezacka-na-rohoze-hundt-s-drevenymi-rukojetmi-2\\\/#primaryimage\",\"url\":\"https:\\\/\\\/hundtgroup.com\\\/wp-content\\\/uploads\\\/470100.png\",\"contentUrl\":\"https:\\\/\\\/hundtgroup.com\\\/wp-content\\\/uploads\\\/470100.png\",\"width\":614,\"height\":304},{\"@type\":\"BreadcrumbList\",\"@id\":\"https:\\\/\\\/hundtgroup.com\\\/cs\\\/produkt\\\/rezacka-na-rohoze-hundt-s-drevenymi-rukojetmi-2\\\/#breadcrumb\",\"itemListElement\":[{\"@type\":\"ListItem\",\"position\":1,\"name\":\"Startseite\",\"item\":\"https:\\\/\\\/hundtgroup.com\\\/cs\\\/home-nove\\\/\"},{\"@type\":\"ListItem\",\"position\":2,\"name\":\"Obchod\",\"item\":\"https:\\\/\\\/hundtgroup.com\\\/obchod\\\/\"},{\"@type\":\"ListItem\",\"position\":3,\"name\":\"\u0158eza\u010dka na roho\u017ee Hundt s d\u0159ev\u011bn\u00fdmi rukoje\u0165mi\"}]},{\"@type\":\"WebSite\",\"@id\":\"https:\\\/\\\/hundtgroup.com\\\/cs\\\/#website\",\"url\":\"https:\\\/\\\/hundtgroup.com\\\/cs\\\/\",\"name\":\"Wilhelm Hundt GmbH\",\"description\":\"V\u00e1\u0161 specialista na stroje a n\u00e1stroje pro zpracov\u00e1n\u00ed plechu\",\"potentialAction\":[{\"@type\":\"SearchAction\",\"target\":{\"@type\":\"EntryPoint\",\"urlTemplate\":\"https:\\\/\\\/hundtgroup.com\\\/cs\\\/?s={search_term_string}\"},\"query-input\":{\"@type\":\"PropertyValueSpecification\",\"valueRequired\":true,\"valueName\":\"search_term_string\"}}],\"inLanguage\":\"cs\"}]}<\/script>\n<!-- \/ Yoast SEO plugin. -->","yoast_head_json":{"title":"\u0158eza\u010dka na roho\u017ee Hundt s d\u0159ev\u011bn\u00fdmi rukoje\u0165mi - Wilhelm Hundt GmbH","robots":{"index":"index","follow":"follow","max-snippet":"max-snippet:-1","max-image-preview":"max-image-preview:large","max-video-preview":"max-video-preview:-1"},"canonical":"https:\/\/hundtgroup.com\/cs\/produkt\/rezacka-na-rohoze-hundt-s-drevenymi-rukojetmi-2\/","og_locale":"cs_CZ","og_type":"article","og_title":"\u0158eza\u010dka na roho\u017ee Hundt s d\u0159ev\u011bn\u00fdmi rukoje\u0165mi - Wilhelm Hundt GmbH","og_description":"Zvl\u00e1\u0161t\u011b siln\u00e9 z\u00e1pustkov\u011b kovan\u00e9 n\u016f\u017eky na izolace Speci\u00e1ln\u00ed \u00fahlov\u00e9 n\u016f\u017eky Kovan\u00fd z\u00e1mek matice Tvrzen\u00e9 b\u0159ity Tvrd\u00e9 chromov\u00e1n\u00ed Robustn\u00ed d\u0159ev\u011bn\u00e9 rukojeti Pro st\u0159\u00edh\u00e1n\u00ed izola\u010dn\u00edch materi\u00e1l\u016f, jako je sklen\u011bn\u00e1 a miner\u00e1ln\u00ed vata, expandovan\u00fd kov, tr\u00e1mov\u00e9 roho\u017ee a s\u00e1drov\u00e9 dr\u00e1ty.","og_url":"https:\/\/hundtgroup.com\/cs\/produkt\/rezacka-na-rohoze-hundt-s-drevenymi-rukojetmi-2\/","og_site_name":"Wilhelm Hundt GmbH","article_modified_time":"2025-07-29T10:47:39+00:00","og_image":[{"width":614,"height":304,"url":"https:\/\/hundtgroup.com\/wp-content\/uploads\/470100.png","type":"image\/png"}],"twitter_card":"summary_large_image","schema":{"@context":"https:\/\/schema.org","@graph":[{"@type":"WebPage","@id":"https:\/\/hundtgroup.com\/cs\/produkt\/rezacka-na-rohoze-hundt-s-drevenymi-rukojetmi-2\/","url":"https:\/\/hundtgroup.com\/cs\/produkt\/rezacka-na-rohoze-hundt-s-drevenymi-rukojetmi-2\/","name":"\u0158eza\u010dka na roho\u017ee Hundt s d\u0159ev\u011bn\u00fdmi rukoje\u0165mi - Wilhelm Hundt GmbH","isPartOf":{"@id":"https:\/\/hundtgroup.com\/cs\/#website"},"primaryImageOfPage":{"@id":"https:\/\/hundtgroup.com\/cs\/produkt\/rezacka-na-rohoze-hundt-s-drevenymi-rukojetmi-2\/#primaryimage"},"image":{"@id":"https:\/\/hundtgroup.com\/cs\/produkt\/rezacka-na-rohoze-hundt-s-drevenymi-rukojetmi-2\/#primaryimage"},"thumbnailUrl":"https:\/\/hundtgroup.com\/wp-content\/uploads\/470100.png","datePublished":"2022-10-26T13:58:57+00:00","dateModified":"2025-07-29T10:47:39+00:00","breadcrumb":{"@id":"https:\/\/hundtgroup.com\/cs\/produkt\/rezacka-na-rohoze-hundt-s-drevenymi-rukojetmi-2\/#breadcrumb"},"inLanguage":"cs","potentialAction":[{"@type":"ReadAction","target":["https:\/\/hundtgroup.com\/cs\/produkt\/rezacka-na-rohoze-hundt-s-drevenymi-rukojetmi-2\/"]}]},{"@type":"ImageObject","inLanguage":"cs","@id":"https:\/\/hundtgroup.com\/cs\/produkt\/rezacka-na-rohoze-hundt-s-drevenymi-rukojetmi-2\/#primaryimage","url":"https:\/\/hundtgroup.com\/wp-content\/uploads\/470100.png","contentUrl":"https:\/\/hundtgroup.com\/wp-content\/uploads\/470100.png","width":614,"height":304},{"@type":"BreadcrumbList","@id":"https:\/\/hundtgroup.com\/cs\/produkt\/rezacka-na-rohoze-hundt-s-drevenymi-rukojetmi-2\/#breadcrumb","itemListElement":[{"@type":"ListItem","position":1,"name":"Startseite","item":"https:\/\/hundtgroup.com\/cs\/home-nove\/"},{"@type":"ListItem","position":2,"name":"Obchod","item":"https:\/\/hundtgroup.com\/obchod\/"},{"@type":"ListItem","position":3,"name":"\u0158eza\u010dka na roho\u017ee Hundt s d\u0159ev\u011bn\u00fdmi rukoje\u0165mi"}]},{"@type":"WebSite","@id":"https:\/\/hundtgroup.com\/cs\/#website","url":"https:\/\/hundtgroup.com\/cs\/","name":"Wilhelm Hundt GmbH","description":"V\u00e1\u0161 specialista na stroje a n\u00e1stroje pro zpracov\u00e1n\u00ed plechu","potentialAction":[{"@type":"SearchAction","target":{"@type":"EntryPoint","urlTemplate":"https:\/\/hundtgroup.com\/cs\/?s={search_term_string}"},"query-input":{"@type":"PropertyValueSpecification","valueRequired":true,"valueName":"search_term_string"}}],"inLanguage":"cs"}]}},"_links":{"self":[{"href":"https:\/\/hundtgroup.com\/cs\/wp-json\/wp\/v2\/product\/20596","targetHints":{"allow":["GET"]}}],"collection":[{"href":"https:\/\/hundtgroup.com\/cs\/wp-json\/wp\/v2\/product"}],"about":[{"href":"https:\/\/hundtgroup.com\/cs\/wp-json\/wp\/v2\/types\/product"}],"wp:featuredmedia":[{"embeddable":true,"href":"https:\/\/hundtgroup.com\/cs\/wp-json\/wp\/v2\/media\/20598"}],"wp:attachment":[{"href":"https:\/\/hundtgroup.com\/cs\/wp-json\/wp\/v2\/media?parent=20596"}],"wp:term":[{"taxonomy":"product_cat","embeddable":true,"href":"https:\/\/hundtgroup.com\/cs\/wp-json\/wp\/v2\/product_cat?post=20596"},{"taxonomy":"product_tag","embeddable":true,"href":"https:\/\/hundtgroup.com\/cs\/wp-json\/wp\/v2\/product_tag?post=20596"}],"curies":[{"name":"wp","href":"https:\/\/api.w.org\/{rel}","templated":true}]}}