{"id":20835,"date":"2022-10-26T15:58:39","date_gmt":"2022-10-26T13:58:39","guid":{"rendered":"https:\/\/hundtgroup.com\/produkt\/kleste-se-sirokymi-uchyty\/"},"modified":"2025-07-29T12:46:09","modified_gmt":"2025-07-29T10:46:09","slug":"kleste-se-sirokymi-uchyty","status":"publish","type":"product","link":"https:\/\/hundtgroup.com\/cs\/produkt\/kleste-se-sirokymi-uchyty\/","title":{"rendered":"Kle\u0161t\u011b se \u0161irok\u00fdmi \u00fachyty"},"content":{"rendered":"<p>Kle\u0161t\u011b se \u0161irok\u00fdmi \u010delistmi z chrom-vanadiov\u00e9 oceli<br \/>\nVyrobeno v N\u011bmecku<br \/>\nPou\u017eit\u00ed: Vhodn\u00e9 zejm\u00e9na pro oh\u00fdb\u00e1n\u00ed plech\u016f.<\/p>\n","protected":false},"excerpt":{"rendered":"<p>Kle\u0161t\u011b se \u0161irok\u00fdmi \u010delistmi z chrom-vanadiov\u00e9 oceli Vyrobeno v N\u011bmecku Pou\u017eit\u00ed: Vhodn\u00e9 zejm\u00e9na pro oh\u00fdb\u00e1n\u00ed plech\u016f.<\/p>\n","protected":false},"featured_media":20838,"template":"","meta":{"_acf_changed":false,"inline_featured_image":false},"product_cat":[715,1607,1602],"product_tag":[],"class_list":{"0":"post-20835","1":"product","2":"type-product","3":"status-publish","4":"has-post-thumbnail","6":"brand-hundt","7":"product_cat-rucni-naradi","8":"product_cat-kleste-pro-uchopeni","9":"product_cat-kleste","11":"first","12":"instock","13":"taxable","14":"shipping-taxable","15":"purchasable","16":"product-type-simple","17":"add-to-wishlist-before_image"},"acf":[],"yoast_head":"<!-- This site is optimized with the Yoast SEO plugin v27.3 - https:\/\/yoast.com\/product\/yoast-seo-wordpress\/ -->\n<title>Kle\u0161t\u011b se \u0161irok\u00fdmi \u00fachyty - Wilhelm Hundt GmbH<\/title>\n<meta name=\"robots\" content=\"index, follow, max-snippet:-1, max-image-preview:large, max-video-preview:-1\" \/>\n<link rel=\"canonical\" href=\"https:\/\/hundtgroup.com\/cs\/produkt\/kleste-se-sirokymi-uchyty\/\" \/>\n<meta property=\"og:locale\" content=\"cs_CZ\" \/>\n<meta property=\"og:type\" content=\"article\" \/>\n<meta property=\"og:title\" content=\"Kle\u0161t\u011b se \u0161irok\u00fdmi \u00fachyty - Wilhelm Hundt GmbH\" \/>\n<meta property=\"og:description\" content=\"Kle\u0161t\u011b se \u0161irok\u00fdmi \u010delistmi z chrom-vanadiov\u00e9 oceli Vyrobeno v N\u011bmecku Pou\u017eit\u00ed: Vhodn\u00e9 zejm\u00e9na pro oh\u00fdb\u00e1n\u00ed plech\u016f.\" \/>\n<meta property=\"og:url\" content=\"https:\/\/hundtgroup.com\/cs\/produkt\/kleste-se-sirokymi-uchyty\/\" \/>\n<meta property=\"og:site_name\" content=\"Wilhelm Hundt GmbH\" \/>\n<meta property=\"article:modified_time\" content=\"2025-07-29T10:46:09+00:00\" \/>\n<meta property=\"og:image\" content=\"https:\/\/hundtgroup.com\/wp-content\/uploads\/410116.png\" \/>\n\t<meta property=\"og:image:width\" content=\"752\" \/>\n\t<meta property=\"og:image:height\" content=\"208\" \/>\n\t<meta property=\"og:image:type\" content=\"image\/png\" \/>\n<meta name=\"twitter:card\" content=\"summary_large_image\" \/>\n<script type=\"application\/ld+json\" class=\"yoast-schema-graph\">{\"@context\":\"https:\\\/\\\/schema.org\",\"@graph\":[{\"@type\":\"WebPage\",\"@id\":\"https:\\\/\\\/hundtgroup.com\\\/cs\\\/produkt\\\/kleste-se-sirokymi-uchyty\\\/\",\"url\":\"https:\\\/\\\/hundtgroup.com\\\/cs\\\/produkt\\\/kleste-se-sirokymi-uchyty\\\/\",\"name\":\"Kle\u0161t\u011b se \u0161irok\u00fdmi \u00fachyty - Wilhelm Hundt GmbH\",\"isPartOf\":{\"@id\":\"https:\\\/\\\/hundtgroup.com\\\/cs\\\/#website\"},\"primaryImageOfPage\":{\"@id\":\"https:\\\/\\\/hundtgroup.com\\\/cs\\\/produkt\\\/kleste-se-sirokymi-uchyty\\\/#primaryimage\"},\"image\":{\"@id\":\"https:\\\/\\\/hundtgroup.com\\\/cs\\\/produkt\\\/kleste-se-sirokymi-uchyty\\\/#primaryimage\"},\"thumbnailUrl\":\"https:\\\/\\\/hundtgroup.com\\\/wp-content\\\/uploads\\\/410116.png\",\"datePublished\":\"2022-10-26T13:58:39+00:00\",\"dateModified\":\"2025-07-29T10:46:09+00:00\",\"breadcrumb\":{\"@id\":\"https:\\\/\\\/hundtgroup.com\\\/cs\\\/produkt\\\/kleste-se-sirokymi-uchyty\\\/#breadcrumb\"},\"inLanguage\":\"cs\",\"potentialAction\":[{\"@type\":\"ReadAction\",\"target\":[\"https:\\\/\\\/hundtgroup.com\\\/cs\\\/produkt\\\/kleste-se-sirokymi-uchyty\\\/\"]}]},{\"@type\":\"ImageObject\",\"inLanguage\":\"cs\",\"@id\":\"https:\\\/\\\/hundtgroup.com\\\/cs\\\/produkt\\\/kleste-se-sirokymi-uchyty\\\/#primaryimage\",\"url\":\"https:\\\/\\\/hundtgroup.com\\\/wp-content\\\/uploads\\\/410116.png\",\"contentUrl\":\"https:\\\/\\\/hundtgroup.com\\\/wp-content\\\/uploads\\\/410116.png\",\"width\":752,\"height\":208},{\"@type\":\"BreadcrumbList\",\"@id\":\"https:\\\/\\\/hundtgroup.com\\\/cs\\\/produkt\\\/kleste-se-sirokymi-uchyty\\\/#breadcrumb\",\"itemListElement\":[{\"@type\":\"ListItem\",\"position\":1,\"name\":\"Startseite\",\"item\":\"https:\\\/\\\/hundtgroup.com\\\/cs\\\/home-nove\\\/\"},{\"@type\":\"ListItem\",\"position\":2,\"name\":\"Obchod\",\"item\":\"https:\\\/\\\/hundtgroup.com\\\/obchod\\\/\"},{\"@type\":\"ListItem\",\"position\":3,\"name\":\"Kle\u0161t\u011b se \u0161irok\u00fdmi \u00fachyty\"}]},{\"@type\":\"WebSite\",\"@id\":\"https:\\\/\\\/hundtgroup.com\\\/cs\\\/#website\",\"url\":\"https:\\\/\\\/hundtgroup.com\\\/cs\\\/\",\"name\":\"Wilhelm Hundt GmbH\",\"description\":\"V\u00e1\u0161 specialista na stroje a n\u00e1stroje pro zpracov\u00e1n\u00ed plechu\",\"potentialAction\":[{\"@type\":\"SearchAction\",\"target\":{\"@type\":\"EntryPoint\",\"urlTemplate\":\"https:\\\/\\\/hundtgroup.com\\\/cs\\\/?s={search_term_string}\"},\"query-input\":{\"@type\":\"PropertyValueSpecification\",\"valueRequired\":true,\"valueName\":\"search_term_string\"}}],\"inLanguage\":\"cs\"}]}<\/script>\n<!-- \/ Yoast SEO plugin. -->","yoast_head_json":{"title":"Kle\u0161t\u011b se \u0161irok\u00fdmi \u00fachyty - Wilhelm Hundt GmbH","robots":{"index":"index","follow":"follow","max-snippet":"max-snippet:-1","max-image-preview":"max-image-preview:large","max-video-preview":"max-video-preview:-1"},"canonical":"https:\/\/hundtgroup.com\/cs\/produkt\/kleste-se-sirokymi-uchyty\/","og_locale":"cs_CZ","og_type":"article","og_title":"Kle\u0161t\u011b se \u0161irok\u00fdmi \u00fachyty - Wilhelm Hundt GmbH","og_description":"Kle\u0161t\u011b se \u0161irok\u00fdmi \u010delistmi z chrom-vanadiov\u00e9 oceli Vyrobeno v N\u011bmecku Pou\u017eit\u00ed: Vhodn\u00e9 zejm\u00e9na pro oh\u00fdb\u00e1n\u00ed plech\u016f.","og_url":"https:\/\/hundtgroup.com\/cs\/produkt\/kleste-se-sirokymi-uchyty\/","og_site_name":"Wilhelm Hundt GmbH","article_modified_time":"2025-07-29T10:46:09+00:00","og_image":[{"width":752,"height":208,"url":"https:\/\/hundtgroup.com\/wp-content\/uploads\/410116.png","type":"image\/png"}],"twitter_card":"summary_large_image","schema":{"@context":"https:\/\/schema.org","@graph":[{"@type":"WebPage","@id":"https:\/\/hundtgroup.com\/cs\/produkt\/kleste-se-sirokymi-uchyty\/","url":"https:\/\/hundtgroup.com\/cs\/produkt\/kleste-se-sirokymi-uchyty\/","name":"Kle\u0161t\u011b se \u0161irok\u00fdmi \u00fachyty - Wilhelm Hundt GmbH","isPartOf":{"@id":"https:\/\/hundtgroup.com\/cs\/#website"},"primaryImageOfPage":{"@id":"https:\/\/hundtgroup.com\/cs\/produkt\/kleste-se-sirokymi-uchyty\/#primaryimage"},"image":{"@id":"https:\/\/hundtgroup.com\/cs\/produkt\/kleste-se-sirokymi-uchyty\/#primaryimage"},"thumbnailUrl":"https:\/\/hundtgroup.com\/wp-content\/uploads\/410116.png","datePublished":"2022-10-26T13:58:39+00:00","dateModified":"2025-07-29T10:46:09+00:00","breadcrumb":{"@id":"https:\/\/hundtgroup.com\/cs\/produkt\/kleste-se-sirokymi-uchyty\/#breadcrumb"},"inLanguage":"cs","potentialAction":[{"@type":"ReadAction","target":["https:\/\/hundtgroup.com\/cs\/produkt\/kleste-se-sirokymi-uchyty\/"]}]},{"@type":"ImageObject","inLanguage":"cs","@id":"https:\/\/hundtgroup.com\/cs\/produkt\/kleste-se-sirokymi-uchyty\/#primaryimage","url":"https:\/\/hundtgroup.com\/wp-content\/uploads\/410116.png","contentUrl":"https:\/\/hundtgroup.com\/wp-content\/uploads\/410116.png","width":752,"height":208},{"@type":"BreadcrumbList","@id":"https:\/\/hundtgroup.com\/cs\/produkt\/kleste-se-sirokymi-uchyty\/#breadcrumb","itemListElement":[{"@type":"ListItem","position":1,"name":"Startseite","item":"https:\/\/hundtgroup.com\/cs\/home-nove\/"},{"@type":"ListItem","position":2,"name":"Obchod","item":"https:\/\/hundtgroup.com\/obchod\/"},{"@type":"ListItem","position":3,"name":"Kle\u0161t\u011b se \u0161irok\u00fdmi \u00fachyty"}]},{"@type":"WebSite","@id":"https:\/\/hundtgroup.com\/cs\/#website","url":"https:\/\/hundtgroup.com\/cs\/","name":"Wilhelm Hundt GmbH","description":"V\u00e1\u0161 specialista na stroje a n\u00e1stroje pro zpracov\u00e1n\u00ed plechu","potentialAction":[{"@type":"SearchAction","target":{"@type":"EntryPoint","urlTemplate":"https:\/\/hundtgroup.com\/cs\/?s={search_term_string}"},"query-input":{"@type":"PropertyValueSpecification","valueRequired":true,"valueName":"search_term_string"}}],"inLanguage":"cs"}]}},"_links":{"self":[{"href":"https:\/\/hundtgroup.com\/cs\/wp-json\/wp\/v2\/product\/20835","targetHints":{"allow":["GET"]}}],"collection":[{"href":"https:\/\/hundtgroup.com\/cs\/wp-json\/wp\/v2\/product"}],"about":[{"href":"https:\/\/hundtgroup.com\/cs\/wp-json\/wp\/v2\/types\/product"}],"wp:featuredmedia":[{"embeddable":true,"href":"https:\/\/hundtgroup.com\/cs\/wp-json\/wp\/v2\/media\/20838"}],"wp:attachment":[{"href":"https:\/\/hundtgroup.com\/cs\/wp-json\/wp\/v2\/media?parent=20835"}],"wp:term":[{"taxonomy":"product_cat","embeddable":true,"href":"https:\/\/hundtgroup.com\/cs\/wp-json\/wp\/v2\/product_cat?post=20835"},{"taxonomy":"product_tag","embeddable":true,"href":"https:\/\/hundtgroup.com\/cs\/wp-json\/wp\/v2\/product_tag?post=20835"}],"curies":[{"name":"wp","href":"https:\/\/api.w.org\/{rel}","templated":true}]}}