{"id":21060,"date":"2022-10-26T15:58:25","date_gmt":"2022-10-26T13:58:25","guid":{"rendered":"https:\/\/hundtgroup.com\/produkt\/magneticka-vodovaha-70m-200-cm\/"},"modified":"2025-07-29T12:12:53","modified_gmt":"2025-07-29T10:12:53","slug":"magneticka-vodovaha-70m-200-cm","status":"publish","type":"product","link":"https:\/\/hundtgroup.com\/cs\/produkt\/magneticka-vodovaha-70m-200-cm\/","title":{"rendered":"Magnetick\u00e1 vodov\u00e1ha 70M 200 cm"},"content":{"rendered":"<p>Lehk\u00e1 hlin\u00edkov\u00e1 vodov\u00e1ha z obd\u00e9ln\u00edkov\u00e9ho profilu se siln\u00fdm syst\u00e9mem magnet\u016f na b\u00e1zi vz\u00e1cn\u00fdch zemin pro p\u0159ilnavost ke kovov\u00fdm konstruk\u010dn\u00edm prvk\u016fm &#8211; voln\u00e9 ruce p\u0159i vyrovn\u00e1v\u00e1n\u00ed a nastavov\u00e1n\u00ed sloupk\u016f a nosn\u00edk\u016f.<br \/>\nSnadno se \u010dist\u00ed d\u00edky hladk\u00fdm bo\u010dn\u00edm ploch\u00e1m a elektrostatick\u00e9mu pr\u00e1\u0161kov\u00e9mu lakov\u00e1n\u00ed.<br \/>\nPlastov\u00e9 koncovky chr\u00e1n\u00ed profil p\u0159i n\u00e1razech.<br \/>\nMont\u00e1\u017en\u00ed technologie STABILA zaji\u0161\u0165uje dlouhodobou p\u0159esnost &#8211; p\u0159esnost m\u011b\u0159en\u00ed v norm\u00e1ln\u00ed poloze \u00b1 0,5 mm\/m.<\/p>\n<p>Vlastnosti:<br \/>\n1 vodorovn\u00e1 libela<br \/>\n1 svisl\u00e1 libela<br \/>\n2 fr\u00e9zovan\u00e9 m\u011b\u0159ic\u00ed plochy<br \/>\nMagnetov\u00fd syst\u00e9m vz\u00e1cn\u00fdch zemin (a\u017e 5kr\u00e1t siln\u011bj\u0161\u00ed ne\u017e standardn\u00ed feritov\u00e9 magnety)<br \/>\n1 pota\u017een\u00e1 m\u011b\u0159ic\u00ed plocha.<\/p>\n","protected":false},"excerpt":{"rendered":"<p>Lehk\u00e1 hlin\u00edkov\u00e1 vodov\u00e1ha z obd\u00e9ln\u00edkov\u00e9ho profilu se siln\u00fdm syst\u00e9mem magnet\u016f na b\u00e1zi vz\u00e1cn\u00fdch zemin pro p\u0159ilnavost ke kovov\u00fdm konstruk\u010dn\u00edm prvk\u016fm &#8211; voln\u00e9 ruce p\u0159i vyrovn\u00e1v\u00e1n\u00ed a nastavov\u00e1n\u00ed sloupk\u016f a nosn\u00edk\u016f. Snadno se \u010dist\u00ed d\u00edky hladk\u00fdm bo\u010dn\u00edm ploch\u00e1m a elektrostatick\u00e9mu pr\u00e1\u0161kov\u00e9mu lakov\u00e1n\u00ed. Plastov\u00e9 koncovky chr\u00e1n\u00ed profil p\u0159i n\u00e1razech. Mont\u00e1\u017en\u00ed technologie STABILA zaji\u0161\u0165uje dlouhodobou p\u0159esnost &#8211; p\u0159esnost [&hellip;]<\/p>\n","protected":false},"featured_media":21062,"template":"","meta":{"_acf_changed":false,"inline_featured_image":false},"product_cat":[715,2782,1561],"product_tag":[],"class_list":{"0":"post-21060","1":"product","2":"type-product","3":"status-publish","4":"has-post-thumbnail","6":"brand-stabila","7":"product_cat-rucni-naradi","8":"product_cat-vodovaha-cs","9":"product_cat-merici-nastroje","11":"first","12":"instock","13":"taxable","14":"shipping-taxable","15":"purchasable","16":"product-type-simple","17":"add-to-wishlist-before_image"},"acf":[],"yoast_head":"<!-- This site is optimized with the Yoast SEO plugin v27.3 - https:\/\/yoast.com\/product\/yoast-seo-wordpress\/ -->\n<title>Magnetick\u00e1 vodov\u00e1ha 70M 200 cm - Wilhelm Hundt GmbH<\/title>\n<meta name=\"robots\" content=\"index, follow, max-snippet:-1, max-image-preview:large, max-video-preview:-1\" \/>\n<link rel=\"canonical\" href=\"https:\/\/hundtgroup.com\/cs\/produkt\/magneticka-vodovaha-70m-200-cm\/\" \/>\n<meta property=\"og:locale\" content=\"cs_CZ\" \/>\n<meta property=\"og:type\" content=\"article\" \/>\n<meta property=\"og:title\" content=\"Magnetick\u00e1 vodov\u00e1ha 70M 200 cm - Wilhelm Hundt GmbH\" \/>\n<meta property=\"og:description\" content=\"Lehk\u00e1 hlin\u00edkov\u00e1 vodov\u00e1ha z obd\u00e9ln\u00edkov\u00e9ho profilu se siln\u00fdm syst\u00e9mem magnet\u016f na b\u00e1zi vz\u00e1cn\u00fdch zemin pro p\u0159ilnavost ke kovov\u00fdm konstruk\u010dn\u00edm prvk\u016fm &#8211; voln\u00e9 ruce p\u0159i vyrovn\u00e1v\u00e1n\u00ed a nastavov\u00e1n\u00ed sloupk\u016f a nosn\u00edk\u016f. Snadno se \u010dist\u00ed d\u00edky hladk\u00fdm bo\u010dn\u00edm ploch\u00e1m a elektrostatick\u00e9mu pr\u00e1\u0161kov\u00e9mu lakov\u00e1n\u00ed. Plastov\u00e9 koncovky chr\u00e1n\u00ed profil p\u0159i n\u00e1razech. Mont\u00e1\u017en\u00ed technologie STABILA zaji\u0161\u0165uje dlouhodobou p\u0159esnost &#8211; p\u0159esnost [&hellip;]\" \/>\n<meta property=\"og:url\" content=\"https:\/\/hundtgroup.com\/cs\/produkt\/magneticka-vodovaha-70m-200-cm\/\" \/>\n<meta property=\"og:site_name\" content=\"Wilhelm Hundt GmbH\" \/>\n<meta property=\"article:modified_time\" content=\"2025-07-29T10:12:53+00:00\" \/>\n<meta property=\"og:image\" content=\"https:\/\/hundtgroup.com\/wp-content\/uploads\/420024.png\" \/>\n\t<meta property=\"og:image:width\" content=\"827\" \/>\n\t<meta property=\"og:image:height\" content=\"90\" \/>\n\t<meta property=\"og:image:type\" content=\"image\/png\" \/>\n<meta name=\"twitter:card\" content=\"summary_large_image\" \/>\n<meta name=\"twitter:label1\" content=\"Odhadovan\u00e1 doba \u010dten\u00ed\" \/>\n\t<meta name=\"twitter:data1\" content=\"1 minuta\" \/>\n<script type=\"application\/ld+json\" class=\"yoast-schema-graph\">{\"@context\":\"https:\\\/\\\/schema.org\",\"@graph\":[{\"@type\":\"WebPage\",\"@id\":\"https:\\\/\\\/hundtgroup.com\\\/cs\\\/produkt\\\/magneticka-vodovaha-70m-200-cm\\\/\",\"url\":\"https:\\\/\\\/hundtgroup.com\\\/cs\\\/produkt\\\/magneticka-vodovaha-70m-200-cm\\\/\",\"name\":\"Magnetick\u00e1 vodov\u00e1ha 70M 200 cm - Wilhelm Hundt GmbH\",\"isPartOf\":{\"@id\":\"https:\\\/\\\/hundtgroup.com\\\/cs\\\/#website\"},\"primaryImageOfPage\":{\"@id\":\"https:\\\/\\\/hundtgroup.com\\\/cs\\\/produkt\\\/magneticka-vodovaha-70m-200-cm\\\/#primaryimage\"},\"image\":{\"@id\":\"https:\\\/\\\/hundtgroup.com\\\/cs\\\/produkt\\\/magneticka-vodovaha-70m-200-cm\\\/#primaryimage\"},\"thumbnailUrl\":\"https:\\\/\\\/hundtgroup.com\\\/wp-content\\\/uploads\\\/420024.png\",\"datePublished\":\"2022-10-26T13:58:25+00:00\",\"dateModified\":\"2025-07-29T10:12:53+00:00\",\"breadcrumb\":{\"@id\":\"https:\\\/\\\/hundtgroup.com\\\/cs\\\/produkt\\\/magneticka-vodovaha-70m-200-cm\\\/#breadcrumb\"},\"inLanguage\":\"cs\",\"potentialAction\":[{\"@type\":\"ReadAction\",\"target\":[\"https:\\\/\\\/hundtgroup.com\\\/cs\\\/produkt\\\/magneticka-vodovaha-70m-200-cm\\\/\"]}]},{\"@type\":\"ImageObject\",\"inLanguage\":\"cs\",\"@id\":\"https:\\\/\\\/hundtgroup.com\\\/cs\\\/produkt\\\/magneticka-vodovaha-70m-200-cm\\\/#primaryimage\",\"url\":\"https:\\\/\\\/hundtgroup.com\\\/wp-content\\\/uploads\\\/420024.png\",\"contentUrl\":\"https:\\\/\\\/hundtgroup.com\\\/wp-content\\\/uploads\\\/420024.png\",\"width\":827,\"height\":90},{\"@type\":\"BreadcrumbList\",\"@id\":\"https:\\\/\\\/hundtgroup.com\\\/cs\\\/produkt\\\/magneticka-vodovaha-70m-200-cm\\\/#breadcrumb\",\"itemListElement\":[{\"@type\":\"ListItem\",\"position\":1,\"name\":\"Startseite\",\"item\":\"https:\\\/\\\/hundtgroup.com\\\/cs\\\/home-nove\\\/\"},{\"@type\":\"ListItem\",\"position\":2,\"name\":\"Obchod\",\"item\":\"https:\\\/\\\/hundtgroup.com\\\/obchod\\\/\"},{\"@type\":\"ListItem\",\"position\":3,\"name\":\"Magnetick\u00e1 vodov\u00e1ha 70M 200 cm\"}]},{\"@type\":\"WebSite\",\"@id\":\"https:\\\/\\\/hundtgroup.com\\\/cs\\\/#website\",\"url\":\"https:\\\/\\\/hundtgroup.com\\\/cs\\\/\",\"name\":\"Wilhelm Hundt GmbH\",\"description\":\"V\u00e1\u0161 specialista na stroje a n\u00e1stroje pro zpracov\u00e1n\u00ed plechu\",\"potentialAction\":[{\"@type\":\"SearchAction\",\"target\":{\"@type\":\"EntryPoint\",\"urlTemplate\":\"https:\\\/\\\/hundtgroup.com\\\/cs\\\/?s={search_term_string}\"},\"query-input\":{\"@type\":\"PropertyValueSpecification\",\"valueRequired\":true,\"valueName\":\"search_term_string\"}}],\"inLanguage\":\"cs\"}]}<\/script>\n<!-- \/ Yoast SEO plugin. -->","yoast_head_json":{"title":"Magnetick\u00e1 vodov\u00e1ha 70M 200 cm - Wilhelm Hundt GmbH","robots":{"index":"index","follow":"follow","max-snippet":"max-snippet:-1","max-image-preview":"max-image-preview:large","max-video-preview":"max-video-preview:-1"},"canonical":"https:\/\/hundtgroup.com\/cs\/produkt\/magneticka-vodovaha-70m-200-cm\/","og_locale":"cs_CZ","og_type":"article","og_title":"Magnetick\u00e1 vodov\u00e1ha 70M 200 cm - Wilhelm Hundt GmbH","og_description":"Lehk\u00e1 hlin\u00edkov\u00e1 vodov\u00e1ha z obd\u00e9ln\u00edkov\u00e9ho profilu se siln\u00fdm syst\u00e9mem magnet\u016f na b\u00e1zi vz\u00e1cn\u00fdch zemin pro p\u0159ilnavost ke kovov\u00fdm konstruk\u010dn\u00edm prvk\u016fm &#8211; voln\u00e9 ruce p\u0159i vyrovn\u00e1v\u00e1n\u00ed a nastavov\u00e1n\u00ed sloupk\u016f a nosn\u00edk\u016f. Snadno se \u010dist\u00ed d\u00edky hladk\u00fdm bo\u010dn\u00edm ploch\u00e1m a elektrostatick\u00e9mu pr\u00e1\u0161kov\u00e9mu lakov\u00e1n\u00ed. Plastov\u00e9 koncovky chr\u00e1n\u00ed profil p\u0159i n\u00e1razech. Mont\u00e1\u017en\u00ed technologie STABILA zaji\u0161\u0165uje dlouhodobou p\u0159esnost &#8211; p\u0159esnost [&hellip;]","og_url":"https:\/\/hundtgroup.com\/cs\/produkt\/magneticka-vodovaha-70m-200-cm\/","og_site_name":"Wilhelm Hundt GmbH","article_modified_time":"2025-07-29T10:12:53+00:00","og_image":[{"width":827,"height":90,"url":"https:\/\/hundtgroup.com\/wp-content\/uploads\/420024.png","type":"image\/png"}],"twitter_card":"summary_large_image","twitter_misc":{"Odhadovan\u00e1 doba \u010dten\u00ed":"1 minuta"},"schema":{"@context":"https:\/\/schema.org","@graph":[{"@type":"WebPage","@id":"https:\/\/hundtgroup.com\/cs\/produkt\/magneticka-vodovaha-70m-200-cm\/","url":"https:\/\/hundtgroup.com\/cs\/produkt\/magneticka-vodovaha-70m-200-cm\/","name":"Magnetick\u00e1 vodov\u00e1ha 70M 200 cm - Wilhelm Hundt GmbH","isPartOf":{"@id":"https:\/\/hundtgroup.com\/cs\/#website"},"primaryImageOfPage":{"@id":"https:\/\/hundtgroup.com\/cs\/produkt\/magneticka-vodovaha-70m-200-cm\/#primaryimage"},"image":{"@id":"https:\/\/hundtgroup.com\/cs\/produkt\/magneticka-vodovaha-70m-200-cm\/#primaryimage"},"thumbnailUrl":"https:\/\/hundtgroup.com\/wp-content\/uploads\/420024.png","datePublished":"2022-10-26T13:58:25+00:00","dateModified":"2025-07-29T10:12:53+00:00","breadcrumb":{"@id":"https:\/\/hundtgroup.com\/cs\/produkt\/magneticka-vodovaha-70m-200-cm\/#breadcrumb"},"inLanguage":"cs","potentialAction":[{"@type":"ReadAction","target":["https:\/\/hundtgroup.com\/cs\/produkt\/magneticka-vodovaha-70m-200-cm\/"]}]},{"@type":"ImageObject","inLanguage":"cs","@id":"https:\/\/hundtgroup.com\/cs\/produkt\/magneticka-vodovaha-70m-200-cm\/#primaryimage","url":"https:\/\/hundtgroup.com\/wp-content\/uploads\/420024.png","contentUrl":"https:\/\/hundtgroup.com\/wp-content\/uploads\/420024.png","width":827,"height":90},{"@type":"BreadcrumbList","@id":"https:\/\/hundtgroup.com\/cs\/produkt\/magneticka-vodovaha-70m-200-cm\/#breadcrumb","itemListElement":[{"@type":"ListItem","position":1,"name":"Startseite","item":"https:\/\/hundtgroup.com\/cs\/home-nove\/"},{"@type":"ListItem","position":2,"name":"Obchod","item":"https:\/\/hundtgroup.com\/obchod\/"},{"@type":"ListItem","position":3,"name":"Magnetick\u00e1 vodov\u00e1ha 70M 200 cm"}]},{"@type":"WebSite","@id":"https:\/\/hundtgroup.com\/cs\/#website","url":"https:\/\/hundtgroup.com\/cs\/","name":"Wilhelm Hundt GmbH","description":"V\u00e1\u0161 specialista na stroje a n\u00e1stroje pro zpracov\u00e1n\u00ed plechu","potentialAction":[{"@type":"SearchAction","target":{"@type":"EntryPoint","urlTemplate":"https:\/\/hundtgroup.com\/cs\/?s={search_term_string}"},"query-input":{"@type":"PropertyValueSpecification","valueRequired":true,"valueName":"search_term_string"}}],"inLanguage":"cs"}]}},"_links":{"self":[{"href":"https:\/\/hundtgroup.com\/cs\/wp-json\/wp\/v2\/product\/21060","targetHints":{"allow":["GET"]}}],"collection":[{"href":"https:\/\/hundtgroup.com\/cs\/wp-json\/wp\/v2\/product"}],"about":[{"href":"https:\/\/hundtgroup.com\/cs\/wp-json\/wp\/v2\/types\/product"}],"wp:featuredmedia":[{"embeddable":true,"href":"https:\/\/hundtgroup.com\/cs\/wp-json\/wp\/v2\/media\/21062"}],"wp:attachment":[{"href":"https:\/\/hundtgroup.com\/cs\/wp-json\/wp\/v2\/media?parent=21060"}],"wp:term":[{"taxonomy":"product_cat","embeddable":true,"href":"https:\/\/hundtgroup.com\/cs\/wp-json\/wp\/v2\/product_cat?post=21060"},{"taxonomy":"product_tag","embeddable":true,"href":"https:\/\/hundtgroup.com\/cs\/wp-json\/wp\/v2\/product_tag?post=21060"}],"curies":[{"name":"wp","href":"https:\/\/api.w.org\/{rel}","templated":true}]}}