{"id":22199,"date":"2025-06-18T18:31:46","date_gmt":"2025-06-18T16:31:46","guid":{"rendered":"https:\/\/hundtgroup.com\/produkt\/hundt-hss-stupnovity-vrtak-s-tribritym-brousenim-o-20-30-mm\/"},"modified":"2025-07-28T16:47:50","modified_gmt":"2025-07-28T14:47:50","slug":"hundt-hss-stupnovity-vrtak-s-tribritym-brousenim-o-20-30-mm","status":"publish","type":"product","link":"https:\/\/hundtgroup.com\/cs\/produkt\/hundt-hss-stupnovity-vrtak-s-tribritym-brousenim-o-20-30-mm\/","title":{"rendered":"Hundt HSS stup\u0148ovit\u00fd vrt\u00e1k s t\u0159\u00edb\u0159it\u00fdm brou\u0161en\u00edm \u00d8 20-30 mm"},"content":{"rendered":"<p>Z vysoce v\u00fdkonn\u00e9 rychlo\u0159ezn\u00e9 oceli, v\u00e1lcov\u00e1 stopka, pravoto\u010div\u00e1, s p\u0159\u00ed\u010dn\u00fdm \u0159ezem, k vrt\u00e1n\u00ed v\u011bt\u0161\u00edch otvor\u016f do tenkost\u011bnn\u00fdch materi\u00e1l\u016f a k vystru\u017eov\u00e1n\u00ed st\u00e1vaj\u00edc\u00edch otvor\u016f v plechu a nerezov\u00e9 oceli do tlou\u0161\u0165ky 2 mm a ne\u017eelezn\u00fdch kov\u016f do tlou\u0161\u0165ky 5 mm.<\/p>\n","protected":false},"excerpt":{"rendered":"<p>Z vysoce v\u00fdkonn\u00e9 rychlo\u0159ezn\u00e9 oceli, v\u00e1lcov\u00e1 stopka, pravoto\u010div\u00e1, s p\u0159\u00ed\u010dn\u00fdm \u0159ezem, k vrt\u00e1n\u00ed v\u011bt\u0161\u00edch otvor\u016f do tenkost\u011bnn\u00fdch materi\u00e1l\u016f a k vystru\u017eov\u00e1n\u00ed st\u00e1vaj\u00edc\u00edch otvor\u016f v plechu a nerezov\u00e9 oceli do tlou\u0161\u0165ky 2 mm a ne\u017eelezn\u00fdch kov\u016f do tlou\u0161\u0165ky 5 mm.<\/p>\n","protected":false},"featured_media":22201,"template":"","meta":{"_acf_changed":false,"inline_featured_image":false},"product_cat":[1630,1549,1715],"product_tag":[],"class_list":{"0":"post-22199","1":"product","2":"type-product","3":"status-publish","4":"has-post-thumbnail","6":"brand-hundt","7":"product_cat-nasazeni","8":"product_cat-baterie-elektricke-prislusenstvi","9":"product_cat-krokove-vrtani","11":"first","12":"instock","13":"taxable","14":"shipping-taxable","15":"purchasable","16":"product-type-simple","17":"add-to-wishlist-before_image"},"acf":[],"yoast_head":"<!-- This site is optimized with the Yoast SEO plugin v27.3 - https:\/\/yoast.com\/product\/yoast-seo-wordpress\/ -->\n<title>Hundt HSS stup\u0148ovit\u00fd vrt\u00e1k s t\u0159\u00edb\u0159it\u00fdm brou\u0161en\u00edm \u00d8 20-30 mm - Wilhelm Hundt GmbH<\/title>\n<meta name=\"robots\" content=\"index, follow, max-snippet:-1, max-image-preview:large, max-video-preview:-1\" \/>\n<link rel=\"canonical\" href=\"https:\/\/hundtgroup.com\/cs\/produkt\/hundt-hss-stupnovity-vrtak-s-tribritym-brousenim-o-20-30-mm\/\" \/>\n<meta property=\"og:locale\" content=\"cs_CZ\" \/>\n<meta property=\"og:type\" content=\"article\" \/>\n<meta property=\"og:title\" content=\"Hundt HSS stup\u0148ovit\u00fd vrt\u00e1k s t\u0159\u00edb\u0159it\u00fdm brou\u0161en\u00edm \u00d8 20-30 mm - Wilhelm Hundt GmbH\" \/>\n<meta property=\"og:description\" content=\"Z vysoce v\u00fdkonn\u00e9 rychlo\u0159ezn\u00e9 oceli, v\u00e1lcov\u00e1 stopka, pravoto\u010div\u00e1, s p\u0159\u00ed\u010dn\u00fdm \u0159ezem, k vrt\u00e1n\u00ed v\u011bt\u0161\u00edch otvor\u016f do tenkost\u011bnn\u00fdch materi\u00e1l\u016f a k vystru\u017eov\u00e1n\u00ed st\u00e1vaj\u00edc\u00edch otvor\u016f v plechu a nerezov\u00e9 oceli do tlou\u0161\u0165ky 2 mm a ne\u017eelezn\u00fdch kov\u016f do tlou\u0161\u0165ky 5 mm.\" \/>\n<meta property=\"og:url\" content=\"https:\/\/hundtgroup.com\/cs\/produkt\/hundt-hss-stupnovity-vrtak-s-tribritym-brousenim-o-20-30-mm\/\" \/>\n<meta property=\"og:site_name\" content=\"Wilhelm Hundt GmbH\" \/>\n<meta property=\"article:modified_time\" content=\"2025-07-28T14:47:50+00:00\" \/>\n<meta property=\"og:image\" content=\"https:\/\/hundtgroup.com\/wp-content\/uploads\/455122.png\" \/>\n\t<meta property=\"og:image:width\" content=\"376\" \/>\n\t<meta property=\"og:image:height\" content=\"282\" \/>\n\t<meta property=\"og:image:type\" content=\"image\/png\" \/>\n<meta name=\"twitter:card\" content=\"summary_large_image\" \/>\n<script type=\"application\/ld+json\" class=\"yoast-schema-graph\">{\"@context\":\"https:\\\/\\\/schema.org\",\"@graph\":[{\"@type\":\"WebPage\",\"@id\":\"https:\\\/\\\/hundtgroup.com\\\/cs\\\/produkt\\\/hundt-hss-stupnovity-vrtak-s-tribritym-brousenim-o-20-30-mm\\\/\",\"url\":\"https:\\\/\\\/hundtgroup.com\\\/cs\\\/produkt\\\/hundt-hss-stupnovity-vrtak-s-tribritym-brousenim-o-20-30-mm\\\/\",\"name\":\"Hundt HSS stup\u0148ovit\u00fd vrt\u00e1k s t\u0159\u00edb\u0159it\u00fdm brou\u0161en\u00edm \u00d8 20-30 mm - Wilhelm Hundt GmbH\",\"isPartOf\":{\"@id\":\"https:\\\/\\\/hundtgroup.com\\\/cs\\\/#website\"},\"primaryImageOfPage\":{\"@id\":\"https:\\\/\\\/hundtgroup.com\\\/cs\\\/produkt\\\/hundt-hss-stupnovity-vrtak-s-tribritym-brousenim-o-20-30-mm\\\/#primaryimage\"},\"image\":{\"@id\":\"https:\\\/\\\/hundtgroup.com\\\/cs\\\/produkt\\\/hundt-hss-stupnovity-vrtak-s-tribritym-brousenim-o-20-30-mm\\\/#primaryimage\"},\"thumbnailUrl\":\"https:\\\/\\\/hundtgroup.com\\\/wp-content\\\/uploads\\\/455122.png\",\"datePublished\":\"2025-06-18T16:31:46+00:00\",\"dateModified\":\"2025-07-28T14:47:50+00:00\",\"breadcrumb\":{\"@id\":\"https:\\\/\\\/hundtgroup.com\\\/cs\\\/produkt\\\/hundt-hss-stupnovity-vrtak-s-tribritym-brousenim-o-20-30-mm\\\/#breadcrumb\"},\"inLanguage\":\"cs\",\"potentialAction\":[{\"@type\":\"ReadAction\",\"target\":[\"https:\\\/\\\/hundtgroup.com\\\/cs\\\/produkt\\\/hundt-hss-stupnovity-vrtak-s-tribritym-brousenim-o-20-30-mm\\\/\"]}]},{\"@type\":\"ImageObject\",\"inLanguage\":\"cs\",\"@id\":\"https:\\\/\\\/hundtgroup.com\\\/cs\\\/produkt\\\/hundt-hss-stupnovity-vrtak-s-tribritym-brousenim-o-20-30-mm\\\/#primaryimage\",\"url\":\"https:\\\/\\\/hundtgroup.com\\\/wp-content\\\/uploads\\\/455122.png\",\"contentUrl\":\"https:\\\/\\\/hundtgroup.com\\\/wp-content\\\/uploads\\\/455122.png\",\"width\":376,\"height\":282},{\"@type\":\"BreadcrumbList\",\"@id\":\"https:\\\/\\\/hundtgroup.com\\\/cs\\\/produkt\\\/hundt-hss-stupnovity-vrtak-s-tribritym-brousenim-o-20-30-mm\\\/#breadcrumb\",\"itemListElement\":[{\"@type\":\"ListItem\",\"position\":1,\"name\":\"Startseite\",\"item\":\"https:\\\/\\\/hundtgroup.com\\\/cs\\\/home-nove\\\/\"},{\"@type\":\"ListItem\",\"position\":2,\"name\":\"Obchod\",\"item\":\"https:\\\/\\\/hundtgroup.com\\\/obchod\\\/\"},{\"@type\":\"ListItem\",\"position\":3,\"name\":\"Hundt HSS stup\u0148ovit\u00fd vrt\u00e1k s t\u0159\u00edb\u0159it\u00fdm brou\u0161en\u00edm \u00d8 20-30 mm\"}]},{\"@type\":\"WebSite\",\"@id\":\"https:\\\/\\\/hundtgroup.com\\\/cs\\\/#website\",\"url\":\"https:\\\/\\\/hundtgroup.com\\\/cs\\\/\",\"name\":\"Wilhelm Hundt GmbH\",\"description\":\"V\u00e1\u0161 specialista na stroje a n\u00e1stroje pro zpracov\u00e1n\u00ed plechu\",\"potentialAction\":[{\"@type\":\"SearchAction\",\"target\":{\"@type\":\"EntryPoint\",\"urlTemplate\":\"https:\\\/\\\/hundtgroup.com\\\/cs\\\/?s={search_term_string}\"},\"query-input\":{\"@type\":\"PropertyValueSpecification\",\"valueRequired\":true,\"valueName\":\"search_term_string\"}}],\"inLanguage\":\"cs\"}]}<\/script>\n<!-- \/ Yoast SEO plugin. -->","yoast_head_json":{"title":"Hundt HSS stup\u0148ovit\u00fd vrt\u00e1k s t\u0159\u00edb\u0159it\u00fdm brou\u0161en\u00edm \u00d8 20-30 mm - Wilhelm Hundt GmbH","robots":{"index":"index","follow":"follow","max-snippet":"max-snippet:-1","max-image-preview":"max-image-preview:large","max-video-preview":"max-video-preview:-1"},"canonical":"https:\/\/hundtgroup.com\/cs\/produkt\/hundt-hss-stupnovity-vrtak-s-tribritym-brousenim-o-20-30-mm\/","og_locale":"cs_CZ","og_type":"article","og_title":"Hundt HSS stup\u0148ovit\u00fd vrt\u00e1k s t\u0159\u00edb\u0159it\u00fdm brou\u0161en\u00edm \u00d8 20-30 mm - Wilhelm Hundt GmbH","og_description":"Z vysoce v\u00fdkonn\u00e9 rychlo\u0159ezn\u00e9 oceli, v\u00e1lcov\u00e1 stopka, pravoto\u010div\u00e1, s p\u0159\u00ed\u010dn\u00fdm \u0159ezem, k vrt\u00e1n\u00ed v\u011bt\u0161\u00edch otvor\u016f do tenkost\u011bnn\u00fdch materi\u00e1l\u016f a k vystru\u017eov\u00e1n\u00ed st\u00e1vaj\u00edc\u00edch otvor\u016f v plechu a nerezov\u00e9 oceli do tlou\u0161\u0165ky 2 mm a ne\u017eelezn\u00fdch kov\u016f do tlou\u0161\u0165ky 5 mm.","og_url":"https:\/\/hundtgroup.com\/cs\/produkt\/hundt-hss-stupnovity-vrtak-s-tribritym-brousenim-o-20-30-mm\/","og_site_name":"Wilhelm Hundt GmbH","article_modified_time":"2025-07-28T14:47:50+00:00","og_image":[{"width":376,"height":282,"url":"https:\/\/hundtgroup.com\/wp-content\/uploads\/455122.png","type":"image\/png"}],"twitter_card":"summary_large_image","schema":{"@context":"https:\/\/schema.org","@graph":[{"@type":"WebPage","@id":"https:\/\/hundtgroup.com\/cs\/produkt\/hundt-hss-stupnovity-vrtak-s-tribritym-brousenim-o-20-30-mm\/","url":"https:\/\/hundtgroup.com\/cs\/produkt\/hundt-hss-stupnovity-vrtak-s-tribritym-brousenim-o-20-30-mm\/","name":"Hundt HSS stup\u0148ovit\u00fd vrt\u00e1k s t\u0159\u00edb\u0159it\u00fdm brou\u0161en\u00edm \u00d8 20-30 mm - Wilhelm Hundt GmbH","isPartOf":{"@id":"https:\/\/hundtgroup.com\/cs\/#website"},"primaryImageOfPage":{"@id":"https:\/\/hundtgroup.com\/cs\/produkt\/hundt-hss-stupnovity-vrtak-s-tribritym-brousenim-o-20-30-mm\/#primaryimage"},"image":{"@id":"https:\/\/hundtgroup.com\/cs\/produkt\/hundt-hss-stupnovity-vrtak-s-tribritym-brousenim-o-20-30-mm\/#primaryimage"},"thumbnailUrl":"https:\/\/hundtgroup.com\/wp-content\/uploads\/455122.png","datePublished":"2025-06-18T16:31:46+00:00","dateModified":"2025-07-28T14:47:50+00:00","breadcrumb":{"@id":"https:\/\/hundtgroup.com\/cs\/produkt\/hundt-hss-stupnovity-vrtak-s-tribritym-brousenim-o-20-30-mm\/#breadcrumb"},"inLanguage":"cs","potentialAction":[{"@type":"ReadAction","target":["https:\/\/hundtgroup.com\/cs\/produkt\/hundt-hss-stupnovity-vrtak-s-tribritym-brousenim-o-20-30-mm\/"]}]},{"@type":"ImageObject","inLanguage":"cs","@id":"https:\/\/hundtgroup.com\/cs\/produkt\/hundt-hss-stupnovity-vrtak-s-tribritym-brousenim-o-20-30-mm\/#primaryimage","url":"https:\/\/hundtgroup.com\/wp-content\/uploads\/455122.png","contentUrl":"https:\/\/hundtgroup.com\/wp-content\/uploads\/455122.png","width":376,"height":282},{"@type":"BreadcrumbList","@id":"https:\/\/hundtgroup.com\/cs\/produkt\/hundt-hss-stupnovity-vrtak-s-tribritym-brousenim-o-20-30-mm\/#breadcrumb","itemListElement":[{"@type":"ListItem","position":1,"name":"Startseite","item":"https:\/\/hundtgroup.com\/cs\/home-nove\/"},{"@type":"ListItem","position":2,"name":"Obchod","item":"https:\/\/hundtgroup.com\/obchod\/"},{"@type":"ListItem","position":3,"name":"Hundt HSS stup\u0148ovit\u00fd vrt\u00e1k s t\u0159\u00edb\u0159it\u00fdm brou\u0161en\u00edm \u00d8 20-30 mm"}]},{"@type":"WebSite","@id":"https:\/\/hundtgroup.com\/cs\/#website","url":"https:\/\/hundtgroup.com\/cs\/","name":"Wilhelm Hundt GmbH","description":"V\u00e1\u0161 specialista na stroje a n\u00e1stroje pro zpracov\u00e1n\u00ed plechu","potentialAction":[{"@type":"SearchAction","target":{"@type":"EntryPoint","urlTemplate":"https:\/\/hundtgroup.com\/cs\/?s={search_term_string}"},"query-input":{"@type":"PropertyValueSpecification","valueRequired":true,"valueName":"search_term_string"}}],"inLanguage":"cs"}]}},"_links":{"self":[{"href":"https:\/\/hundtgroup.com\/cs\/wp-json\/wp\/v2\/product\/22199","targetHints":{"allow":["GET"]}}],"collection":[{"href":"https:\/\/hundtgroup.com\/cs\/wp-json\/wp\/v2\/product"}],"about":[{"href":"https:\/\/hundtgroup.com\/cs\/wp-json\/wp\/v2\/types\/product"}],"wp:featuredmedia":[{"embeddable":true,"href":"https:\/\/hundtgroup.com\/cs\/wp-json\/wp\/v2\/media\/22201"}],"wp:attachment":[{"href":"https:\/\/hundtgroup.com\/cs\/wp-json\/wp\/v2\/media?parent=22199"}],"wp:term":[{"taxonomy":"product_cat","embeddable":true,"href":"https:\/\/hundtgroup.com\/cs\/wp-json\/wp\/v2\/product_cat?post=22199"},{"taxonomy":"product_tag","embeddable":true,"href":"https:\/\/hundtgroup.com\/cs\/wp-json\/wp\/v2\/product_tag?post=22199"}],"curies":[{"name":"wp","href":"https:\/\/api.w.org\/{rel}","templated":true}]}}