{"id":22258,"date":"2025-06-18T18:31:54","date_gmt":"2025-06-18T16:31:54","guid":{"rendered":"https:\/\/hundtgroup.com\/produkt\/brasna-pres-rameno-na-naradi-hundt-compact\/"},"modified":"2026-04-01T12:46:36","modified_gmt":"2026-04-01T10:46:36","slug":"brasna-pres-rameno-na-naradi-hundt-compact","status":"publish","type":"product","link":"https:\/\/hundtgroup.com\/cs\/produkt\/brasna-pres-rameno-na-naradi-hundt-compact\/","title":{"rendered":"Bra\u0161na p\u0159es rameno na n\u00e1\u0159ad\u00ed Hundt compact"},"content":{"rendered":"<p>Kompaktn\u00ed a lehk\u00e1 bra\u0161na na n\u00e1\u0159ad\u00ed p\u0159es rameno s polstrovan\u00fdm a nastaviteln\u00fdm ramenn\u00edm popruhem<\/p>\n","protected":false},"excerpt":{"rendered":"<p>Kompaktn\u00ed a lehk\u00e1 bra\u0161na na n\u00e1\u0159ad\u00ed p\u0159es rameno s polstrovan\u00fdm a nastaviteln\u00fdm ramenn\u00edm popruhem<\/p>\n","protected":false},"featured_media":22259,"template":"","meta":{"_acf_changed":false,"inline_featured_image":false},"product_cat":[1635,1562],"product_tag":[],"class_list":{"0":"post-22258","1":"product","2":"type-product","3":"status-publish","4":"has-post-thumbnail","6":"brand-hundt","7":"product_cat-doprava","8":"product_cat-zarizeni-staveniste","10":"first","11":"instock","12":"taxable","13":"shipping-taxable","14":"purchasable","15":"product-type-simple","16":"add-to-wishlist-before_image"},"acf":[],"yoast_head":"<!-- This site is optimized with the Yoast SEO plugin v27.3 - https:\/\/yoast.com\/product\/yoast-seo-wordpress\/ -->\n<title>Bra\u0161na p\u0159es rameno na n\u00e1\u0159ad\u00ed Hundt compact - Wilhelm Hundt GmbH<\/title>\n<meta name=\"robots\" content=\"index, follow, max-snippet:-1, max-image-preview:large, max-video-preview:-1\" \/>\n<link rel=\"canonical\" href=\"https:\/\/hundtgroup.com\/cs\/produkt\/brasna-pres-rameno-na-naradi-hundt-compact\/\" \/>\n<meta property=\"og:locale\" content=\"cs_CZ\" \/>\n<meta property=\"og:type\" content=\"article\" \/>\n<meta property=\"og:title\" content=\"Bra\u0161na p\u0159es rameno na n\u00e1\u0159ad\u00ed Hundt compact - Wilhelm Hundt GmbH\" \/>\n<meta property=\"og:description\" content=\"Kompaktn\u00ed a lehk\u00e1 bra\u0161na na n\u00e1\u0159ad\u00ed p\u0159es rameno s polstrovan\u00fdm a nastaviteln\u00fdm ramenn\u00edm popruhem\" \/>\n<meta property=\"og:url\" content=\"https:\/\/hundtgroup.com\/cs\/produkt\/brasna-pres-rameno-na-naradi-hundt-compact\/\" \/>\n<meta property=\"og:site_name\" content=\"Wilhelm Hundt GmbH\" \/>\n<meta property=\"article:modified_time\" content=\"2026-04-01T10:46:36+00:00\" \/>\n<meta property=\"og:image\" content=\"https:\/\/hundtgroup.com\/wp-content\/uploads\/210007.jpg\" \/>\n\t<meta property=\"og:image:width\" content=\"606\" \/>\n\t<meta property=\"og:image:height\" content=\"510\" \/>\n\t<meta property=\"og:image:type\" content=\"image\/jpeg\" \/>\n<meta name=\"twitter:card\" content=\"summary_large_image\" \/>\n<script type=\"application\/ld+json\" class=\"yoast-schema-graph\">{\"@context\":\"https:\\\/\\\/schema.org\",\"@graph\":[{\"@type\":\"WebPage\",\"@id\":\"https:\\\/\\\/hundtgroup.com\\\/cs\\\/produkt\\\/brasna-pres-rameno-na-naradi-hundt-compact\\\/\",\"url\":\"https:\\\/\\\/hundtgroup.com\\\/cs\\\/produkt\\\/brasna-pres-rameno-na-naradi-hundt-compact\\\/\",\"name\":\"Bra\u0161na p\u0159es rameno na n\u00e1\u0159ad\u00ed Hundt compact - Wilhelm Hundt GmbH\",\"isPartOf\":{\"@id\":\"https:\\\/\\\/hundtgroup.com\\\/cs\\\/#website\"},\"primaryImageOfPage\":{\"@id\":\"https:\\\/\\\/hundtgroup.com\\\/cs\\\/produkt\\\/brasna-pres-rameno-na-naradi-hundt-compact\\\/#primaryimage\"},\"image\":{\"@id\":\"https:\\\/\\\/hundtgroup.com\\\/cs\\\/produkt\\\/brasna-pres-rameno-na-naradi-hundt-compact\\\/#primaryimage\"},\"thumbnailUrl\":\"https:\\\/\\\/hundtgroup.com\\\/wp-content\\\/uploads\\\/210007.jpg\",\"datePublished\":\"2025-06-18T16:31:54+00:00\",\"dateModified\":\"2026-04-01T10:46:36+00:00\",\"breadcrumb\":{\"@id\":\"https:\\\/\\\/hundtgroup.com\\\/cs\\\/produkt\\\/brasna-pres-rameno-na-naradi-hundt-compact\\\/#breadcrumb\"},\"inLanguage\":\"cs\",\"potentialAction\":[{\"@type\":\"ReadAction\",\"target\":[\"https:\\\/\\\/hundtgroup.com\\\/cs\\\/produkt\\\/brasna-pres-rameno-na-naradi-hundt-compact\\\/\"]}]},{\"@type\":\"ImageObject\",\"inLanguage\":\"cs\",\"@id\":\"https:\\\/\\\/hundtgroup.com\\\/cs\\\/produkt\\\/brasna-pres-rameno-na-naradi-hundt-compact\\\/#primaryimage\",\"url\":\"https:\\\/\\\/hundtgroup.com\\\/wp-content\\\/uploads\\\/210007.jpg\",\"contentUrl\":\"https:\\\/\\\/hundtgroup.com\\\/wp-content\\\/uploads\\\/210007.jpg\",\"width\":606,\"height\":510},{\"@type\":\"BreadcrumbList\",\"@id\":\"https:\\\/\\\/hundtgroup.com\\\/cs\\\/produkt\\\/brasna-pres-rameno-na-naradi-hundt-compact\\\/#breadcrumb\",\"itemListElement\":[{\"@type\":\"ListItem\",\"position\":1,\"name\":\"Startseite\",\"item\":\"https:\\\/\\\/hundtgroup.com\\\/cs\\\/home-nove\\\/\"},{\"@type\":\"ListItem\",\"position\":2,\"name\":\"Obchod\",\"item\":\"https:\\\/\\\/hundtgroup.com\\\/obchod\\\/\"},{\"@type\":\"ListItem\",\"position\":3,\"name\":\"Bra\u0161na p\u0159es rameno na n\u00e1\u0159ad\u00ed Hundt compact\"}]},{\"@type\":\"WebSite\",\"@id\":\"https:\\\/\\\/hundtgroup.com\\\/cs\\\/#website\",\"url\":\"https:\\\/\\\/hundtgroup.com\\\/cs\\\/\",\"name\":\"Wilhelm Hundt GmbH\",\"description\":\"V\u00e1\u0161 specialista na stroje a n\u00e1stroje pro zpracov\u00e1n\u00ed plechu\",\"potentialAction\":[{\"@type\":\"SearchAction\",\"target\":{\"@type\":\"EntryPoint\",\"urlTemplate\":\"https:\\\/\\\/hundtgroup.com\\\/cs\\\/?s={search_term_string}\"},\"query-input\":{\"@type\":\"PropertyValueSpecification\",\"valueRequired\":true,\"valueName\":\"search_term_string\"}}],\"inLanguage\":\"cs\"}]}<\/script>\n<!-- \/ Yoast SEO plugin. -->","yoast_head_json":{"title":"Bra\u0161na p\u0159es rameno na n\u00e1\u0159ad\u00ed Hundt compact - Wilhelm Hundt GmbH","robots":{"index":"index","follow":"follow","max-snippet":"max-snippet:-1","max-image-preview":"max-image-preview:large","max-video-preview":"max-video-preview:-1"},"canonical":"https:\/\/hundtgroup.com\/cs\/produkt\/brasna-pres-rameno-na-naradi-hundt-compact\/","og_locale":"cs_CZ","og_type":"article","og_title":"Bra\u0161na p\u0159es rameno na n\u00e1\u0159ad\u00ed Hundt compact - Wilhelm Hundt GmbH","og_description":"Kompaktn\u00ed a lehk\u00e1 bra\u0161na na n\u00e1\u0159ad\u00ed p\u0159es rameno s polstrovan\u00fdm a nastaviteln\u00fdm ramenn\u00edm popruhem","og_url":"https:\/\/hundtgroup.com\/cs\/produkt\/brasna-pres-rameno-na-naradi-hundt-compact\/","og_site_name":"Wilhelm Hundt GmbH","article_modified_time":"2026-04-01T10:46:36+00:00","og_image":[{"width":606,"height":510,"url":"https:\/\/hundtgroup.com\/wp-content\/uploads\/210007.jpg","type":"image\/jpeg"}],"twitter_card":"summary_large_image","schema":{"@context":"https:\/\/schema.org","@graph":[{"@type":"WebPage","@id":"https:\/\/hundtgroup.com\/cs\/produkt\/brasna-pres-rameno-na-naradi-hundt-compact\/","url":"https:\/\/hundtgroup.com\/cs\/produkt\/brasna-pres-rameno-na-naradi-hundt-compact\/","name":"Bra\u0161na p\u0159es rameno na n\u00e1\u0159ad\u00ed Hundt compact - Wilhelm Hundt GmbH","isPartOf":{"@id":"https:\/\/hundtgroup.com\/cs\/#website"},"primaryImageOfPage":{"@id":"https:\/\/hundtgroup.com\/cs\/produkt\/brasna-pres-rameno-na-naradi-hundt-compact\/#primaryimage"},"image":{"@id":"https:\/\/hundtgroup.com\/cs\/produkt\/brasna-pres-rameno-na-naradi-hundt-compact\/#primaryimage"},"thumbnailUrl":"https:\/\/hundtgroup.com\/wp-content\/uploads\/210007.jpg","datePublished":"2025-06-18T16:31:54+00:00","dateModified":"2026-04-01T10:46:36+00:00","breadcrumb":{"@id":"https:\/\/hundtgroup.com\/cs\/produkt\/brasna-pres-rameno-na-naradi-hundt-compact\/#breadcrumb"},"inLanguage":"cs","potentialAction":[{"@type":"ReadAction","target":["https:\/\/hundtgroup.com\/cs\/produkt\/brasna-pres-rameno-na-naradi-hundt-compact\/"]}]},{"@type":"ImageObject","inLanguage":"cs","@id":"https:\/\/hundtgroup.com\/cs\/produkt\/brasna-pres-rameno-na-naradi-hundt-compact\/#primaryimage","url":"https:\/\/hundtgroup.com\/wp-content\/uploads\/210007.jpg","contentUrl":"https:\/\/hundtgroup.com\/wp-content\/uploads\/210007.jpg","width":606,"height":510},{"@type":"BreadcrumbList","@id":"https:\/\/hundtgroup.com\/cs\/produkt\/brasna-pres-rameno-na-naradi-hundt-compact\/#breadcrumb","itemListElement":[{"@type":"ListItem","position":1,"name":"Startseite","item":"https:\/\/hundtgroup.com\/cs\/home-nove\/"},{"@type":"ListItem","position":2,"name":"Obchod","item":"https:\/\/hundtgroup.com\/obchod\/"},{"@type":"ListItem","position":3,"name":"Bra\u0161na p\u0159es rameno na n\u00e1\u0159ad\u00ed Hundt compact"}]},{"@type":"WebSite","@id":"https:\/\/hundtgroup.com\/cs\/#website","url":"https:\/\/hundtgroup.com\/cs\/","name":"Wilhelm Hundt GmbH","description":"V\u00e1\u0161 specialista na stroje a n\u00e1stroje pro zpracov\u00e1n\u00ed plechu","potentialAction":[{"@type":"SearchAction","target":{"@type":"EntryPoint","urlTemplate":"https:\/\/hundtgroup.com\/cs\/?s={search_term_string}"},"query-input":{"@type":"PropertyValueSpecification","valueRequired":true,"valueName":"search_term_string"}}],"inLanguage":"cs"}]}},"_links":{"self":[{"href":"https:\/\/hundtgroup.com\/cs\/wp-json\/wp\/v2\/product\/22258","targetHints":{"allow":["GET"]}}],"collection":[{"href":"https:\/\/hundtgroup.com\/cs\/wp-json\/wp\/v2\/product"}],"about":[{"href":"https:\/\/hundtgroup.com\/cs\/wp-json\/wp\/v2\/types\/product"}],"wp:featuredmedia":[{"embeddable":true,"href":"https:\/\/hundtgroup.com\/cs\/wp-json\/wp\/v2\/media\/22259"}],"wp:attachment":[{"href":"https:\/\/hundtgroup.com\/cs\/wp-json\/wp\/v2\/media?parent=22258"}],"wp:term":[{"taxonomy":"product_cat","embeddable":true,"href":"https:\/\/hundtgroup.com\/cs\/wp-json\/wp\/v2\/product_cat?post=22258"},{"taxonomy":"product_tag","embeddable":true,"href":"https:\/\/hundtgroup.com\/cs\/wp-json\/wp\/v2\/product_tag?post=22258"}],"curies":[{"name":"wp","href":"https:\/\/api.w.org\/{rel}","templated":true}]}}