{"id":22269,"date":"2025-06-18T18:31:54","date_gmt":"2025-06-18T16:31:54","guid":{"rendered":"https:\/\/hundtgroup.com\/produkt\/batoh-na-naradi-hundt\/"},"modified":"2026-04-01T12:45:11","modified_gmt":"2026-04-01T10:45:11","slug":"batoh-na-naradi-hundt","status":"publish","type":"product","link":"https:\/\/hundtgroup.com\/cs\/produkt\/batoh-na-naradi-hundt\/","title":{"rendered":"Batoh na n\u00e1\u0159ad\u00ed Hundt"},"content":{"rendered":"<p>Voz\u00edk na n\u00e1\u0159ad\u00ed z tkaniny odoln\u00e9 proti opot\u0159eben\u00ed a roztr\u017een\u00ed s uzamykateln\u00fdm zipem. S integrovan\u00fdm voz\u00edkem, ochrann\u00fdm krytem na kole\u010dka, 2 polstrovan\u00fdmi ramenn\u00edmi popruhy a rukojet\u00ed pro p\u0159en\u00e1\u0161en\u00ed. Uvnit\u0159 je polstrovan\u00e1 p\u0159ihr\u00e1dka na notebook do velikosti 15&#8243; a 2 odn\u00edmateln\u00e9 oboustrann\u00e9 desky na n\u00e1\u0159ad\u00ed s kapsami.  <\/p>\n","protected":false},"excerpt":{"rendered":"<p>Voz\u00edk na n\u00e1\u0159ad\u00ed z tkaniny odoln\u00e9 proti opot\u0159eben\u00ed a roztr\u017een\u00ed s uzamykateln\u00fdm zipem. S integrovan\u00fdm voz\u00edkem, ochrann\u00fdm krytem na kole\u010dka, 2 polstrovan\u00fdmi ramenn\u00edmi popruhy a rukojet\u00ed pro p\u0159en\u00e1\u0161en\u00ed. Uvnit\u0159 je polstrovan\u00e1 p\u0159ihr\u00e1dka na notebook do velikosti 15&#8243; a 2 odn\u00edmateln\u00e9 oboustrann\u00e9 desky na n\u00e1\u0159ad\u00ed s kapsami.<\/p>\n","protected":false},"featured_media":18289,"template":"","meta":{"_acf_changed":false,"inline_featured_image":false},"product_cat":[1635,1562],"product_tag":[],"class_list":{"0":"post-22269","1":"product","2":"type-product","3":"status-publish","4":"has-post-thumbnail","6":"brand-hundt","7":"product_cat-doprava","8":"product_cat-zarizeni-staveniste","10":"first","11":"instock","12":"taxable","13":"shipping-taxable","14":"purchasable","15":"product-type-simple","16":"add-to-wishlist-before_image"},"acf":[],"yoast_head":"<!-- This site is optimized with the Yoast SEO plugin v27.3 - https:\/\/yoast.com\/product\/yoast-seo-wordpress\/ -->\n<title>Batoh na n\u00e1\u0159ad\u00ed Hundt - Wilhelm Hundt GmbH<\/title>\n<meta name=\"robots\" content=\"index, follow, max-snippet:-1, max-image-preview:large, max-video-preview:-1\" \/>\n<link rel=\"canonical\" href=\"https:\/\/hundtgroup.com\/cs\/produkt\/batoh-na-naradi-hundt\/\" \/>\n<meta property=\"og:locale\" content=\"cs_CZ\" \/>\n<meta property=\"og:type\" content=\"article\" \/>\n<meta property=\"og:title\" content=\"Batoh na n\u00e1\u0159ad\u00ed Hundt - Wilhelm Hundt GmbH\" \/>\n<meta property=\"og:description\" content=\"Voz\u00edk na n\u00e1\u0159ad\u00ed z tkaniny odoln\u00e9 proti opot\u0159eben\u00ed a roztr\u017een\u00ed s uzamykateln\u00fdm zipem. S integrovan\u00fdm voz\u00edkem, ochrann\u00fdm krytem na kole\u010dka, 2 polstrovan\u00fdmi ramenn\u00edmi popruhy a rukojet\u00ed pro p\u0159en\u00e1\u0161en\u00ed. Uvnit\u0159 je polstrovan\u00e1 p\u0159ihr\u00e1dka na notebook do velikosti 15&#8243; a 2 odn\u00edmateln\u00e9 oboustrann\u00e9 desky na n\u00e1\u0159ad\u00ed s kapsami.\" \/>\n<meta property=\"og:url\" content=\"https:\/\/hundtgroup.com\/cs\/produkt\/batoh-na-naradi-hundt\/\" \/>\n<meta property=\"og:site_name\" content=\"Wilhelm Hundt GmbH\" \/>\n<meta property=\"article:modified_time\" content=\"2026-04-01T10:45:11+00:00\" \/>\n<meta property=\"og:image\" content=\"https:\/\/hundtgroup.com\/wp-content\/uploads\/210006.png\" \/>\n\t<meta property=\"og:image:width\" content=\"920\" \/>\n\t<meta property=\"og:image:height\" content=\"1030\" \/>\n\t<meta property=\"og:image:type\" content=\"image\/png\" \/>\n<meta name=\"twitter:card\" content=\"summary_large_image\" \/>\n<script type=\"application\/ld+json\" class=\"yoast-schema-graph\">{\"@context\":\"https:\\\/\\\/schema.org\",\"@graph\":[{\"@type\":\"WebPage\",\"@id\":\"https:\\\/\\\/hundtgroup.com\\\/cs\\\/produkt\\\/batoh-na-naradi-hundt\\\/\",\"url\":\"https:\\\/\\\/hundtgroup.com\\\/cs\\\/produkt\\\/batoh-na-naradi-hundt\\\/\",\"name\":\"Batoh na n\u00e1\u0159ad\u00ed Hundt - Wilhelm Hundt GmbH\",\"isPartOf\":{\"@id\":\"https:\\\/\\\/hundtgroup.com\\\/cs\\\/#website\"},\"primaryImageOfPage\":{\"@id\":\"https:\\\/\\\/hundtgroup.com\\\/cs\\\/produkt\\\/batoh-na-naradi-hundt\\\/#primaryimage\"},\"image\":{\"@id\":\"https:\\\/\\\/hundtgroup.com\\\/cs\\\/produkt\\\/batoh-na-naradi-hundt\\\/#primaryimage\"},\"thumbnailUrl\":\"https:\\\/\\\/hundtgroup.com\\\/wp-content\\\/uploads\\\/210006.png\",\"datePublished\":\"2025-06-18T16:31:54+00:00\",\"dateModified\":\"2026-04-01T10:45:11+00:00\",\"breadcrumb\":{\"@id\":\"https:\\\/\\\/hundtgroup.com\\\/cs\\\/produkt\\\/batoh-na-naradi-hundt\\\/#breadcrumb\"},\"inLanguage\":\"cs\",\"potentialAction\":[{\"@type\":\"ReadAction\",\"target\":[\"https:\\\/\\\/hundtgroup.com\\\/cs\\\/produkt\\\/batoh-na-naradi-hundt\\\/\"]}]},{\"@type\":\"ImageObject\",\"inLanguage\":\"cs\",\"@id\":\"https:\\\/\\\/hundtgroup.com\\\/cs\\\/produkt\\\/batoh-na-naradi-hundt\\\/#primaryimage\",\"url\":\"https:\\\/\\\/hundtgroup.com\\\/wp-content\\\/uploads\\\/210006.png\",\"contentUrl\":\"https:\\\/\\\/hundtgroup.com\\\/wp-content\\\/uploads\\\/210006.png\",\"width\":1454,\"height\":1628},{\"@type\":\"BreadcrumbList\",\"@id\":\"https:\\\/\\\/hundtgroup.com\\\/cs\\\/produkt\\\/batoh-na-naradi-hundt\\\/#breadcrumb\",\"itemListElement\":[{\"@type\":\"ListItem\",\"position\":1,\"name\":\"Startseite\",\"item\":\"https:\\\/\\\/hundtgroup.com\\\/cs\\\/home-nove\\\/\"},{\"@type\":\"ListItem\",\"position\":2,\"name\":\"Obchod\",\"item\":\"https:\\\/\\\/hundtgroup.com\\\/obchod\\\/\"},{\"@type\":\"ListItem\",\"position\":3,\"name\":\"Batoh na n\u00e1\u0159ad\u00ed Hundt\"}]},{\"@type\":\"WebSite\",\"@id\":\"https:\\\/\\\/hundtgroup.com\\\/cs\\\/#website\",\"url\":\"https:\\\/\\\/hundtgroup.com\\\/cs\\\/\",\"name\":\"Wilhelm Hundt GmbH\",\"description\":\"V\u00e1\u0161 specialista na stroje a n\u00e1stroje pro zpracov\u00e1n\u00ed plechu\",\"potentialAction\":[{\"@type\":\"SearchAction\",\"target\":{\"@type\":\"EntryPoint\",\"urlTemplate\":\"https:\\\/\\\/hundtgroup.com\\\/cs\\\/?s={search_term_string}\"},\"query-input\":{\"@type\":\"PropertyValueSpecification\",\"valueRequired\":true,\"valueName\":\"search_term_string\"}}],\"inLanguage\":\"cs\"}]}<\/script>\n<!-- \/ Yoast SEO plugin. -->","yoast_head_json":{"title":"Batoh na n\u00e1\u0159ad\u00ed Hundt - Wilhelm Hundt GmbH","robots":{"index":"index","follow":"follow","max-snippet":"max-snippet:-1","max-image-preview":"max-image-preview:large","max-video-preview":"max-video-preview:-1"},"canonical":"https:\/\/hundtgroup.com\/cs\/produkt\/batoh-na-naradi-hundt\/","og_locale":"cs_CZ","og_type":"article","og_title":"Batoh na n\u00e1\u0159ad\u00ed Hundt - Wilhelm Hundt GmbH","og_description":"Voz\u00edk na n\u00e1\u0159ad\u00ed z tkaniny odoln\u00e9 proti opot\u0159eben\u00ed a roztr\u017een\u00ed s uzamykateln\u00fdm zipem. S integrovan\u00fdm voz\u00edkem, ochrann\u00fdm krytem na kole\u010dka, 2 polstrovan\u00fdmi ramenn\u00edmi popruhy a rukojet\u00ed pro p\u0159en\u00e1\u0161en\u00ed. Uvnit\u0159 je polstrovan\u00e1 p\u0159ihr\u00e1dka na notebook do velikosti 15&#8243; a 2 odn\u00edmateln\u00e9 oboustrann\u00e9 desky na n\u00e1\u0159ad\u00ed s kapsami.","og_url":"https:\/\/hundtgroup.com\/cs\/produkt\/batoh-na-naradi-hundt\/","og_site_name":"Wilhelm Hundt GmbH","article_modified_time":"2026-04-01T10:45:11+00:00","og_image":[{"url":"https:\/\/hundtgroup.com\/wp-content\/uploads\/210006.png","width":920,"height":1030,"type":"image\/png"}],"twitter_card":"summary_large_image","schema":{"@context":"https:\/\/schema.org","@graph":[{"@type":"WebPage","@id":"https:\/\/hundtgroup.com\/cs\/produkt\/batoh-na-naradi-hundt\/","url":"https:\/\/hundtgroup.com\/cs\/produkt\/batoh-na-naradi-hundt\/","name":"Batoh na n\u00e1\u0159ad\u00ed Hundt - Wilhelm Hundt GmbH","isPartOf":{"@id":"https:\/\/hundtgroup.com\/cs\/#website"},"primaryImageOfPage":{"@id":"https:\/\/hundtgroup.com\/cs\/produkt\/batoh-na-naradi-hundt\/#primaryimage"},"image":{"@id":"https:\/\/hundtgroup.com\/cs\/produkt\/batoh-na-naradi-hundt\/#primaryimage"},"thumbnailUrl":"https:\/\/hundtgroup.com\/wp-content\/uploads\/210006.png","datePublished":"2025-06-18T16:31:54+00:00","dateModified":"2026-04-01T10:45:11+00:00","breadcrumb":{"@id":"https:\/\/hundtgroup.com\/cs\/produkt\/batoh-na-naradi-hundt\/#breadcrumb"},"inLanguage":"cs","potentialAction":[{"@type":"ReadAction","target":["https:\/\/hundtgroup.com\/cs\/produkt\/batoh-na-naradi-hundt\/"]}]},{"@type":"ImageObject","inLanguage":"cs","@id":"https:\/\/hundtgroup.com\/cs\/produkt\/batoh-na-naradi-hundt\/#primaryimage","url":"https:\/\/hundtgroup.com\/wp-content\/uploads\/210006.png","contentUrl":"https:\/\/hundtgroup.com\/wp-content\/uploads\/210006.png","width":1454,"height":1628},{"@type":"BreadcrumbList","@id":"https:\/\/hundtgroup.com\/cs\/produkt\/batoh-na-naradi-hundt\/#breadcrumb","itemListElement":[{"@type":"ListItem","position":1,"name":"Startseite","item":"https:\/\/hundtgroup.com\/cs\/home-nove\/"},{"@type":"ListItem","position":2,"name":"Obchod","item":"https:\/\/hundtgroup.com\/obchod\/"},{"@type":"ListItem","position":3,"name":"Batoh na n\u00e1\u0159ad\u00ed Hundt"}]},{"@type":"WebSite","@id":"https:\/\/hundtgroup.com\/cs\/#website","url":"https:\/\/hundtgroup.com\/cs\/","name":"Wilhelm Hundt GmbH","description":"V\u00e1\u0161 specialista na stroje a n\u00e1stroje pro zpracov\u00e1n\u00ed plechu","potentialAction":[{"@type":"SearchAction","target":{"@type":"EntryPoint","urlTemplate":"https:\/\/hundtgroup.com\/cs\/?s={search_term_string}"},"query-input":{"@type":"PropertyValueSpecification","valueRequired":true,"valueName":"search_term_string"}}],"inLanguage":"cs"}]}},"_links":{"self":[{"href":"https:\/\/hundtgroup.com\/cs\/wp-json\/wp\/v2\/product\/22269","targetHints":{"allow":["GET"]}}],"collection":[{"href":"https:\/\/hundtgroup.com\/cs\/wp-json\/wp\/v2\/product"}],"about":[{"href":"https:\/\/hundtgroup.com\/cs\/wp-json\/wp\/v2\/types\/product"}],"wp:featuredmedia":[{"embeddable":true,"href":"https:\/\/hundtgroup.com\/cs\/wp-json\/wp\/v2\/media\/18289"}],"wp:attachment":[{"href":"https:\/\/hundtgroup.com\/cs\/wp-json\/wp\/v2\/media?parent=22269"}],"wp:term":[{"taxonomy":"product_cat","embeddable":true,"href":"https:\/\/hundtgroup.com\/cs\/wp-json\/wp\/v2\/product_cat?post=22269"},{"taxonomy":"product_tag","embeddable":true,"href":"https:\/\/hundtgroup.com\/cs\/wp-json\/wp\/v2\/product_tag?post=22269"}],"curies":[{"name":"wp","href":"https:\/\/api.w.org\/{rel}","templated":true}]}}