{"id":22696,"date":"2025-06-18T18:31:33","date_gmt":"2025-06-18T16:31:33","guid":{"rendered":"https:\/\/hundtgroup.com\/produkt\/bosch-gsc-75-16-nuzky-na-plech\/"},"modified":"2025-08-01T12:03:11","modified_gmt":"2025-08-01T10:03:11","slug":"bosch-gsc-75-16-nuzky-na-plech","status":"publish","type":"product","link":"https:\/\/hundtgroup.com\/cs\/produkt\/bosch-gsc-75-16-nuzky-na-plech\/","title":{"rendered":"Bosch GSC 75-16 N\u016f\u017eky na plech"},"content":{"rendered":"<p>Optim\u00e1ln\u00ed veden\u00ed p\u0159\u00edstroje d\u00edky \u00fazk\u00e9mu obvodu rukojeti, vysok\u00e1 rychlost \u0159ez\u00e1n\u00ed s malou n\u00e1mahou, vynikaj\u00edc\u00ed schopnost zat\u00e1\u010den\u00ed, optim\u00e1ln\u00ed v\u00fdhled na linii \u0159ezu, snadno vym\u011bniteln\u00e9 4strann\u00e9 oboustrann\u00e9 no\u017ee.<\/p>\n","protected":false},"excerpt":{"rendered":"<p>Optim\u00e1ln\u00ed veden\u00ed p\u0159\u00edstroje d\u00edky \u00fazk\u00e9mu obvodu rukojeti, vysok\u00e1 rychlost \u0159ez\u00e1n\u00ed s malou n\u00e1mahou, vynikaj\u00edc\u00ed schopnost zat\u00e1\u010den\u00ed, optim\u00e1ln\u00ed v\u00fdhled na linii \u0159ezu, snadno vym\u011bniteln\u00e9 4strann\u00e9 oboustrann\u00e9 no\u017ee.<\/p>\n","protected":false},"featured_media":22700,"template":"","meta":{"_acf_changed":false,"inline_featured_image":false},"product_cat":[664,1709],"product_tag":[],"class_list":{"0":"post-22696","1":"product","2":"type-product","3":"status-publish","4":"has-post-thumbnail","6":"brand-bosch","7":"product_cat-elektricke-naradi","8":"product_cat-nuzky-cs","10":"first","11":"instock","12":"taxable","13":"shipping-taxable","14":"purchasable","15":"product-type-simple","16":"add-to-wishlist-before_image"},"acf":[],"yoast_head":"<!-- This site is optimized with the Yoast SEO plugin v27.3 - https:\/\/yoast.com\/product\/yoast-seo-wordpress\/ -->\n<title>Bosch GSC 75-16 N\u016f\u017eky na plech - Wilhelm Hundt GmbH<\/title>\n<meta name=\"robots\" content=\"index, follow, max-snippet:-1, max-image-preview:large, max-video-preview:-1\" \/>\n<link rel=\"canonical\" href=\"https:\/\/hundtgroup.com\/cs\/produkt\/bosch-gsc-75-16-nuzky-na-plech\/\" \/>\n<meta property=\"og:locale\" content=\"cs_CZ\" \/>\n<meta property=\"og:type\" content=\"article\" \/>\n<meta property=\"og:title\" content=\"Bosch GSC 75-16 N\u016f\u017eky na plech - Wilhelm Hundt GmbH\" \/>\n<meta property=\"og:description\" content=\"Optim\u00e1ln\u00ed veden\u00ed p\u0159\u00edstroje d\u00edky \u00fazk\u00e9mu obvodu rukojeti, vysok\u00e1 rychlost \u0159ez\u00e1n\u00ed s malou n\u00e1mahou, vynikaj\u00edc\u00ed schopnost zat\u00e1\u010den\u00ed, optim\u00e1ln\u00ed v\u00fdhled na linii \u0159ezu, snadno vym\u011bniteln\u00e9 4strann\u00e9 oboustrann\u00e9 no\u017ee.\" \/>\n<meta property=\"og:url\" content=\"https:\/\/hundtgroup.com\/cs\/produkt\/bosch-gsc-75-16-nuzky-na-plech\/\" \/>\n<meta property=\"og:site_name\" content=\"Wilhelm Hundt GmbH\" \/>\n<meta property=\"article:modified_time\" content=\"2025-08-01T10:03:11+00:00\" \/>\n<meta property=\"og:image\" content=\"https:\/\/hundtgroup.com\/wp-content\/uploads\/340188.jpg\" \/>\n\t<meta property=\"og:image:width\" content=\"400\" \/>\n\t<meta property=\"og:image:height\" content=\"254\" \/>\n\t<meta property=\"og:image:type\" content=\"image\/jpeg\" \/>\n<meta name=\"twitter:card\" content=\"summary_large_image\" \/>\n<script type=\"application\/ld+json\" class=\"yoast-schema-graph\">{\"@context\":\"https:\\\/\\\/schema.org\",\"@graph\":[{\"@type\":\"WebPage\",\"@id\":\"https:\\\/\\\/hundtgroup.com\\\/cs\\\/produkt\\\/bosch-gsc-75-16-nuzky-na-plech\\\/\",\"url\":\"https:\\\/\\\/hundtgroup.com\\\/cs\\\/produkt\\\/bosch-gsc-75-16-nuzky-na-plech\\\/\",\"name\":\"Bosch GSC 75-16 N\u016f\u017eky na plech - Wilhelm Hundt GmbH\",\"isPartOf\":{\"@id\":\"https:\\\/\\\/hundtgroup.com\\\/cs\\\/#website\"},\"primaryImageOfPage\":{\"@id\":\"https:\\\/\\\/hundtgroup.com\\\/cs\\\/produkt\\\/bosch-gsc-75-16-nuzky-na-plech\\\/#primaryimage\"},\"image\":{\"@id\":\"https:\\\/\\\/hundtgroup.com\\\/cs\\\/produkt\\\/bosch-gsc-75-16-nuzky-na-plech\\\/#primaryimage\"},\"thumbnailUrl\":\"https:\\\/\\\/hundtgroup.com\\\/wp-content\\\/uploads\\\/340188.jpg\",\"datePublished\":\"2025-06-18T16:31:33+00:00\",\"dateModified\":\"2025-08-01T10:03:11+00:00\",\"breadcrumb\":{\"@id\":\"https:\\\/\\\/hundtgroup.com\\\/cs\\\/produkt\\\/bosch-gsc-75-16-nuzky-na-plech\\\/#breadcrumb\"},\"inLanguage\":\"cs\",\"potentialAction\":[{\"@type\":\"ReadAction\",\"target\":[\"https:\\\/\\\/hundtgroup.com\\\/cs\\\/produkt\\\/bosch-gsc-75-16-nuzky-na-plech\\\/\"]}]},{\"@type\":\"ImageObject\",\"inLanguage\":\"cs\",\"@id\":\"https:\\\/\\\/hundtgroup.com\\\/cs\\\/produkt\\\/bosch-gsc-75-16-nuzky-na-plech\\\/#primaryimage\",\"url\":\"https:\\\/\\\/hundtgroup.com\\\/wp-content\\\/uploads\\\/340188.jpg\",\"contentUrl\":\"https:\\\/\\\/hundtgroup.com\\\/wp-content\\\/uploads\\\/340188.jpg\",\"width\":400,\"height\":254},{\"@type\":\"BreadcrumbList\",\"@id\":\"https:\\\/\\\/hundtgroup.com\\\/cs\\\/produkt\\\/bosch-gsc-75-16-nuzky-na-plech\\\/#breadcrumb\",\"itemListElement\":[{\"@type\":\"ListItem\",\"position\":1,\"name\":\"Startseite\",\"item\":\"https:\\\/\\\/hundtgroup.com\\\/cs\\\/home-nove\\\/\"},{\"@type\":\"ListItem\",\"position\":2,\"name\":\"Obchod\",\"item\":\"https:\\\/\\\/hundtgroup.com\\\/obchod\\\/\"},{\"@type\":\"ListItem\",\"position\":3,\"name\":\"Bosch GSC 75-16 N\u016f\u017eky na plech\"}]},{\"@type\":\"WebSite\",\"@id\":\"https:\\\/\\\/hundtgroup.com\\\/cs\\\/#website\",\"url\":\"https:\\\/\\\/hundtgroup.com\\\/cs\\\/\",\"name\":\"Wilhelm Hundt GmbH\",\"description\":\"V\u00e1\u0161 specialista na stroje a n\u00e1stroje pro zpracov\u00e1n\u00ed plechu\",\"potentialAction\":[{\"@type\":\"SearchAction\",\"target\":{\"@type\":\"EntryPoint\",\"urlTemplate\":\"https:\\\/\\\/hundtgroup.com\\\/cs\\\/?s={search_term_string}\"},\"query-input\":{\"@type\":\"PropertyValueSpecification\",\"valueRequired\":true,\"valueName\":\"search_term_string\"}}],\"inLanguage\":\"cs\"}]}<\/script>\n<!-- \/ Yoast SEO plugin. -->","yoast_head_json":{"title":"Bosch GSC 75-16 N\u016f\u017eky na plech - Wilhelm Hundt GmbH","robots":{"index":"index","follow":"follow","max-snippet":"max-snippet:-1","max-image-preview":"max-image-preview:large","max-video-preview":"max-video-preview:-1"},"canonical":"https:\/\/hundtgroup.com\/cs\/produkt\/bosch-gsc-75-16-nuzky-na-plech\/","og_locale":"cs_CZ","og_type":"article","og_title":"Bosch GSC 75-16 N\u016f\u017eky na plech - Wilhelm Hundt GmbH","og_description":"Optim\u00e1ln\u00ed veden\u00ed p\u0159\u00edstroje d\u00edky \u00fazk\u00e9mu obvodu rukojeti, vysok\u00e1 rychlost \u0159ez\u00e1n\u00ed s malou n\u00e1mahou, vynikaj\u00edc\u00ed schopnost zat\u00e1\u010den\u00ed, optim\u00e1ln\u00ed v\u00fdhled na linii \u0159ezu, snadno vym\u011bniteln\u00e9 4strann\u00e9 oboustrann\u00e9 no\u017ee.","og_url":"https:\/\/hundtgroup.com\/cs\/produkt\/bosch-gsc-75-16-nuzky-na-plech\/","og_site_name":"Wilhelm Hundt GmbH","article_modified_time":"2025-08-01T10:03:11+00:00","og_image":[{"width":400,"height":254,"url":"https:\/\/hundtgroup.com\/wp-content\/uploads\/340188.jpg","type":"image\/jpeg"}],"twitter_card":"summary_large_image","schema":{"@context":"https:\/\/schema.org","@graph":[{"@type":"WebPage","@id":"https:\/\/hundtgroup.com\/cs\/produkt\/bosch-gsc-75-16-nuzky-na-plech\/","url":"https:\/\/hundtgroup.com\/cs\/produkt\/bosch-gsc-75-16-nuzky-na-plech\/","name":"Bosch GSC 75-16 N\u016f\u017eky na plech - Wilhelm Hundt GmbH","isPartOf":{"@id":"https:\/\/hundtgroup.com\/cs\/#website"},"primaryImageOfPage":{"@id":"https:\/\/hundtgroup.com\/cs\/produkt\/bosch-gsc-75-16-nuzky-na-plech\/#primaryimage"},"image":{"@id":"https:\/\/hundtgroup.com\/cs\/produkt\/bosch-gsc-75-16-nuzky-na-plech\/#primaryimage"},"thumbnailUrl":"https:\/\/hundtgroup.com\/wp-content\/uploads\/340188.jpg","datePublished":"2025-06-18T16:31:33+00:00","dateModified":"2025-08-01T10:03:11+00:00","breadcrumb":{"@id":"https:\/\/hundtgroup.com\/cs\/produkt\/bosch-gsc-75-16-nuzky-na-plech\/#breadcrumb"},"inLanguage":"cs","potentialAction":[{"@type":"ReadAction","target":["https:\/\/hundtgroup.com\/cs\/produkt\/bosch-gsc-75-16-nuzky-na-plech\/"]}]},{"@type":"ImageObject","inLanguage":"cs","@id":"https:\/\/hundtgroup.com\/cs\/produkt\/bosch-gsc-75-16-nuzky-na-plech\/#primaryimage","url":"https:\/\/hundtgroup.com\/wp-content\/uploads\/340188.jpg","contentUrl":"https:\/\/hundtgroup.com\/wp-content\/uploads\/340188.jpg","width":400,"height":254},{"@type":"BreadcrumbList","@id":"https:\/\/hundtgroup.com\/cs\/produkt\/bosch-gsc-75-16-nuzky-na-plech\/#breadcrumb","itemListElement":[{"@type":"ListItem","position":1,"name":"Startseite","item":"https:\/\/hundtgroup.com\/cs\/home-nove\/"},{"@type":"ListItem","position":2,"name":"Obchod","item":"https:\/\/hundtgroup.com\/obchod\/"},{"@type":"ListItem","position":3,"name":"Bosch GSC 75-16 N\u016f\u017eky na plech"}]},{"@type":"WebSite","@id":"https:\/\/hundtgroup.com\/cs\/#website","url":"https:\/\/hundtgroup.com\/cs\/","name":"Wilhelm Hundt GmbH","description":"V\u00e1\u0161 specialista na stroje a n\u00e1stroje pro zpracov\u00e1n\u00ed plechu","potentialAction":[{"@type":"SearchAction","target":{"@type":"EntryPoint","urlTemplate":"https:\/\/hundtgroup.com\/cs\/?s={search_term_string}"},"query-input":{"@type":"PropertyValueSpecification","valueRequired":true,"valueName":"search_term_string"}}],"inLanguage":"cs"}]}},"_links":{"self":[{"href":"https:\/\/hundtgroup.com\/cs\/wp-json\/wp\/v2\/product\/22696","targetHints":{"allow":["GET"]}}],"collection":[{"href":"https:\/\/hundtgroup.com\/cs\/wp-json\/wp\/v2\/product"}],"about":[{"href":"https:\/\/hundtgroup.com\/cs\/wp-json\/wp\/v2\/types\/product"}],"wp:featuredmedia":[{"embeddable":true,"href":"https:\/\/hundtgroup.com\/cs\/wp-json\/wp\/v2\/media\/22700"}],"wp:attachment":[{"href":"https:\/\/hundtgroup.com\/cs\/wp-json\/wp\/v2\/media?parent=22696"}],"wp:term":[{"taxonomy":"product_cat","embeddable":true,"href":"https:\/\/hundtgroup.com\/cs\/wp-json\/wp\/v2\/product_cat?post=22696"},{"taxonomy":"product_tag","embeddable":true,"href":"https:\/\/hundtgroup.com\/cs\/wp-json\/wp\/v2\/product_tag?post=22696"}],"curies":[{"name":"wp","href":"https:\/\/api.w.org\/{rel}","templated":true}]}}