{"id":22957,"date":"2025-06-18T18:31:41","date_gmt":"2025-06-18T16:31:41","guid":{"rendered":"https:\/\/hundtgroup.com\/produkt\/akumulator-bosch-procore-18-v-40-ah\/"},"modified":"2025-07-28T16:39:50","modified_gmt":"2025-07-28T14:39:50","slug":"akumulator-bosch-procore-18-v-40-ah","status":"publish","type":"product","link":"https:\/\/hundtgroup.com\/cs\/produkt\/akumulator-bosch-procore-18-v-40-ah\/","title":{"rendered":"Akumul\u00e1tor Bosch ProCORE 18 V 4,0 Ah"},"content":{"rendered":"<p>Nejmodern\u011bj\u0161\u00ed technologie \u010dl\u00e1nk\u016f a inteligentn\u00ed spr\u00e1va bateri\u00ed poskytuj\u00ed o 87 % v\u00edce energie ne\u017e b\u011b\u017en\u00e9 baterie.<br \/>\nKompatibiln\u00ed se v\u0161emi n\u00e1stroji a nab\u00edje\u010dkami syst\u00e9mu Bosch Professional 18V a AMPShare Alliance.<\/p>\n","protected":false},"excerpt":{"rendered":"<p>Nejmodern\u011bj\u0161\u00ed technologie \u010dl\u00e1nk\u016f a inteligentn\u00ed spr\u00e1va bateri\u00ed poskytuj\u00ed o 87 % v\u00edce energie ne\u017e b\u011b\u017en\u00e9 baterie. Kompatibiln\u00ed se v\u0161emi n\u00e1stroji a nab\u00edje\u010dkami syst\u00e9mu Bosch Professional 18V a AMPShare Alliance.<\/p>\n","protected":false},"featured_media":22958,"template":"","meta":{"_acf_changed":false,"inline_featured_image":false},"product_cat":[1549,1557],"product_tag":[],"class_list":{"0":"post-22957","1":"product","2":"type-product","3":"status-publish","4":"has-post-thumbnail","6":"brand-bosch","7":"product_cat-baterie-elektricke-prislusenstvi","8":"product_cat-baterie-cs","10":"first","11":"instock","12":"taxable","13":"shipping-taxable","14":"purchasable","15":"product-type-simple","16":"add-to-wishlist-before_image"},"acf":[],"yoast_head":"<!-- This site is optimized with the Yoast SEO plugin v27.3 - https:\/\/yoast.com\/product\/yoast-seo-wordpress\/ -->\n<title>Akumul\u00e1tor Bosch ProCORE 18 V 4,0 Ah - Wilhelm Hundt GmbH<\/title>\n<meta name=\"robots\" content=\"index, follow, max-snippet:-1, max-image-preview:large, max-video-preview:-1\" \/>\n<link rel=\"canonical\" href=\"https:\/\/hundtgroup.com\/cs\/produkt\/akumulator-bosch-procore-18-v-40-ah\/\" \/>\n<meta property=\"og:locale\" content=\"cs_CZ\" \/>\n<meta property=\"og:type\" content=\"article\" \/>\n<meta property=\"og:title\" content=\"Akumul\u00e1tor Bosch ProCORE 18 V 4,0 Ah - Wilhelm Hundt GmbH\" \/>\n<meta property=\"og:description\" content=\"Nejmodern\u011bj\u0161\u00ed technologie \u010dl\u00e1nk\u016f a inteligentn\u00ed spr\u00e1va bateri\u00ed poskytuj\u00ed o 87 % v\u00edce energie ne\u017e b\u011b\u017en\u00e9 baterie. Kompatibiln\u00ed se v\u0161emi n\u00e1stroji a nab\u00edje\u010dkami syst\u00e9mu Bosch Professional 18V a AMPShare Alliance.\" \/>\n<meta property=\"og:url\" content=\"https:\/\/hundtgroup.com\/cs\/produkt\/akumulator-bosch-procore-18-v-40-ah\/\" \/>\n<meta property=\"og:site_name\" content=\"Wilhelm Hundt GmbH\" \/>\n<meta property=\"article:modified_time\" content=\"2025-07-28T14:39:50+00:00\" \/>\n<meta property=\"og:image\" content=\"https:\/\/hundtgroup.com\/wp-content\/uploads\/340020.jpg\" \/>\n\t<meta property=\"og:image:width\" content=\"800\" \/>\n\t<meta property=\"og:image:height\" content=\"547\" \/>\n\t<meta property=\"og:image:type\" content=\"image\/jpeg\" \/>\n<meta name=\"twitter:card\" content=\"summary_large_image\" \/>\n<script type=\"application\/ld+json\" class=\"yoast-schema-graph\">{\"@context\":\"https:\\\/\\\/schema.org\",\"@graph\":[{\"@type\":\"WebPage\",\"@id\":\"https:\\\/\\\/hundtgroup.com\\\/cs\\\/produkt\\\/akumulator-bosch-procore-18-v-40-ah\\\/\",\"url\":\"https:\\\/\\\/hundtgroup.com\\\/cs\\\/produkt\\\/akumulator-bosch-procore-18-v-40-ah\\\/\",\"name\":\"Akumul\u00e1tor Bosch ProCORE 18 V 4,0 Ah - Wilhelm Hundt GmbH\",\"isPartOf\":{\"@id\":\"https:\\\/\\\/hundtgroup.com\\\/cs\\\/#website\"},\"primaryImageOfPage\":{\"@id\":\"https:\\\/\\\/hundtgroup.com\\\/cs\\\/produkt\\\/akumulator-bosch-procore-18-v-40-ah\\\/#primaryimage\"},\"image\":{\"@id\":\"https:\\\/\\\/hundtgroup.com\\\/cs\\\/produkt\\\/akumulator-bosch-procore-18-v-40-ah\\\/#primaryimage\"},\"thumbnailUrl\":\"https:\\\/\\\/hundtgroup.com\\\/wp-content\\\/uploads\\\/340020.jpg\",\"datePublished\":\"2025-06-18T16:31:41+00:00\",\"dateModified\":\"2025-07-28T14:39:50+00:00\",\"breadcrumb\":{\"@id\":\"https:\\\/\\\/hundtgroup.com\\\/cs\\\/produkt\\\/akumulator-bosch-procore-18-v-40-ah\\\/#breadcrumb\"},\"inLanguage\":\"cs\",\"potentialAction\":[{\"@type\":\"ReadAction\",\"target\":[\"https:\\\/\\\/hundtgroup.com\\\/cs\\\/produkt\\\/akumulator-bosch-procore-18-v-40-ah\\\/\"]}]},{\"@type\":\"ImageObject\",\"inLanguage\":\"cs\",\"@id\":\"https:\\\/\\\/hundtgroup.com\\\/cs\\\/produkt\\\/akumulator-bosch-procore-18-v-40-ah\\\/#primaryimage\",\"url\":\"https:\\\/\\\/hundtgroup.com\\\/wp-content\\\/uploads\\\/340020.jpg\",\"contentUrl\":\"https:\\\/\\\/hundtgroup.com\\\/wp-content\\\/uploads\\\/340020.jpg\",\"width\":800,\"height\":547},{\"@type\":\"BreadcrumbList\",\"@id\":\"https:\\\/\\\/hundtgroup.com\\\/cs\\\/produkt\\\/akumulator-bosch-procore-18-v-40-ah\\\/#breadcrumb\",\"itemListElement\":[{\"@type\":\"ListItem\",\"position\":1,\"name\":\"Startseite\",\"item\":\"https:\\\/\\\/hundtgroup.com\\\/cs\\\/home-nove\\\/\"},{\"@type\":\"ListItem\",\"position\":2,\"name\":\"Obchod\",\"item\":\"https:\\\/\\\/hundtgroup.com\\\/obchod\\\/\"},{\"@type\":\"ListItem\",\"position\":3,\"name\":\"Akumul\u00e1tor Bosch ProCORE 18 V 4,0 Ah\"}]},{\"@type\":\"WebSite\",\"@id\":\"https:\\\/\\\/hundtgroup.com\\\/cs\\\/#website\",\"url\":\"https:\\\/\\\/hundtgroup.com\\\/cs\\\/\",\"name\":\"Wilhelm Hundt GmbH\",\"description\":\"V\u00e1\u0161 specialista na stroje a n\u00e1stroje pro zpracov\u00e1n\u00ed plechu\",\"potentialAction\":[{\"@type\":\"SearchAction\",\"target\":{\"@type\":\"EntryPoint\",\"urlTemplate\":\"https:\\\/\\\/hundtgroup.com\\\/cs\\\/?s={search_term_string}\"},\"query-input\":{\"@type\":\"PropertyValueSpecification\",\"valueRequired\":true,\"valueName\":\"search_term_string\"}}],\"inLanguage\":\"cs\"}]}<\/script>\n<!-- \/ Yoast SEO plugin. -->","yoast_head_json":{"title":"Akumul\u00e1tor Bosch ProCORE 18 V 4,0 Ah - Wilhelm Hundt GmbH","robots":{"index":"index","follow":"follow","max-snippet":"max-snippet:-1","max-image-preview":"max-image-preview:large","max-video-preview":"max-video-preview:-1"},"canonical":"https:\/\/hundtgroup.com\/cs\/produkt\/akumulator-bosch-procore-18-v-40-ah\/","og_locale":"cs_CZ","og_type":"article","og_title":"Akumul\u00e1tor Bosch ProCORE 18 V 4,0 Ah - Wilhelm Hundt GmbH","og_description":"Nejmodern\u011bj\u0161\u00ed technologie \u010dl\u00e1nk\u016f a inteligentn\u00ed spr\u00e1va bateri\u00ed poskytuj\u00ed o 87 % v\u00edce energie ne\u017e b\u011b\u017en\u00e9 baterie. Kompatibiln\u00ed se v\u0161emi n\u00e1stroji a nab\u00edje\u010dkami syst\u00e9mu Bosch Professional 18V a AMPShare Alliance.","og_url":"https:\/\/hundtgroup.com\/cs\/produkt\/akumulator-bosch-procore-18-v-40-ah\/","og_site_name":"Wilhelm Hundt GmbH","article_modified_time":"2025-07-28T14:39:50+00:00","og_image":[{"width":800,"height":547,"url":"https:\/\/hundtgroup.com\/wp-content\/uploads\/340020.jpg","type":"image\/jpeg"}],"twitter_card":"summary_large_image","schema":{"@context":"https:\/\/schema.org","@graph":[{"@type":"WebPage","@id":"https:\/\/hundtgroup.com\/cs\/produkt\/akumulator-bosch-procore-18-v-40-ah\/","url":"https:\/\/hundtgroup.com\/cs\/produkt\/akumulator-bosch-procore-18-v-40-ah\/","name":"Akumul\u00e1tor Bosch ProCORE 18 V 4,0 Ah - Wilhelm Hundt GmbH","isPartOf":{"@id":"https:\/\/hundtgroup.com\/cs\/#website"},"primaryImageOfPage":{"@id":"https:\/\/hundtgroup.com\/cs\/produkt\/akumulator-bosch-procore-18-v-40-ah\/#primaryimage"},"image":{"@id":"https:\/\/hundtgroup.com\/cs\/produkt\/akumulator-bosch-procore-18-v-40-ah\/#primaryimage"},"thumbnailUrl":"https:\/\/hundtgroup.com\/wp-content\/uploads\/340020.jpg","datePublished":"2025-06-18T16:31:41+00:00","dateModified":"2025-07-28T14:39:50+00:00","breadcrumb":{"@id":"https:\/\/hundtgroup.com\/cs\/produkt\/akumulator-bosch-procore-18-v-40-ah\/#breadcrumb"},"inLanguage":"cs","potentialAction":[{"@type":"ReadAction","target":["https:\/\/hundtgroup.com\/cs\/produkt\/akumulator-bosch-procore-18-v-40-ah\/"]}]},{"@type":"ImageObject","inLanguage":"cs","@id":"https:\/\/hundtgroup.com\/cs\/produkt\/akumulator-bosch-procore-18-v-40-ah\/#primaryimage","url":"https:\/\/hundtgroup.com\/wp-content\/uploads\/340020.jpg","contentUrl":"https:\/\/hundtgroup.com\/wp-content\/uploads\/340020.jpg","width":800,"height":547},{"@type":"BreadcrumbList","@id":"https:\/\/hundtgroup.com\/cs\/produkt\/akumulator-bosch-procore-18-v-40-ah\/#breadcrumb","itemListElement":[{"@type":"ListItem","position":1,"name":"Startseite","item":"https:\/\/hundtgroup.com\/cs\/home-nove\/"},{"@type":"ListItem","position":2,"name":"Obchod","item":"https:\/\/hundtgroup.com\/obchod\/"},{"@type":"ListItem","position":3,"name":"Akumul\u00e1tor Bosch ProCORE 18 V 4,0 Ah"}]},{"@type":"WebSite","@id":"https:\/\/hundtgroup.com\/cs\/#website","url":"https:\/\/hundtgroup.com\/cs\/","name":"Wilhelm Hundt GmbH","description":"V\u00e1\u0161 specialista na stroje a n\u00e1stroje pro zpracov\u00e1n\u00ed plechu","potentialAction":[{"@type":"SearchAction","target":{"@type":"EntryPoint","urlTemplate":"https:\/\/hundtgroup.com\/cs\/?s={search_term_string}"},"query-input":{"@type":"PropertyValueSpecification","valueRequired":true,"valueName":"search_term_string"}}],"inLanguage":"cs"}]}},"_links":{"self":[{"href":"https:\/\/hundtgroup.com\/cs\/wp-json\/wp\/v2\/product\/22957","targetHints":{"allow":["GET"]}}],"collection":[{"href":"https:\/\/hundtgroup.com\/cs\/wp-json\/wp\/v2\/product"}],"about":[{"href":"https:\/\/hundtgroup.com\/cs\/wp-json\/wp\/v2\/types\/product"}],"wp:featuredmedia":[{"embeddable":true,"href":"https:\/\/hundtgroup.com\/cs\/wp-json\/wp\/v2\/media\/22958"}],"wp:attachment":[{"href":"https:\/\/hundtgroup.com\/cs\/wp-json\/wp\/v2\/media?parent=22957"}],"wp:term":[{"taxonomy":"product_cat","embeddable":true,"href":"https:\/\/hundtgroup.com\/cs\/wp-json\/wp\/v2\/product_cat?post=22957"},{"taxonomy":"product_tag","embeddable":true,"href":"https:\/\/hundtgroup.com\/cs\/wp-json\/wp\/v2\/product_tag?post=22957"}],"curies":[{"name":"wp","href":"https:\/\/api.w.org\/{rel}","templated":true}]}}