{"id":23161,"date":"2025-06-18T18:31:00","date_gmt":"2025-06-18T16:31:00","guid":{"rendered":"https:\/\/hundtgroup.com\/produkt\/plstene-pero-hundt-10-mm\/"},"modified":"2025-08-01T13:15:43","modified_gmt":"2025-08-01T11:15:43","slug":"plstene-pero-hundt-10-mm","status":"publish","type":"product","link":"https:\/\/hundtgroup.com\/cs\/produkt\/plstene-pero-hundt-10-mm\/","title":{"rendered":"Plst\u011bn\u00e9 pero Hundt 1,0 mm"},"content":{"rendered":"<p>Permanentn\u00ed popisova\u010d, zasych\u00e1 b\u011bhem n\u011bkolika sekund, st\u00e1l\u00fd na sv\u011btle, odoln\u00fd proti pov\u011btrnostn\u00edm vliv\u016fm, pro psan\u00ed a zna\u010den\u00ed na pap\u00edr, karton, lepenku, f\u00f3lie, (re\u017eijn\u00ed) f\u00f3lie, plast, kov, polystyren, sklo, porcel\u00e1n, d\u0159evo, k\u016f\u017ei a k\u00e1men, syt\u011b barevn\u00fd, s n\u00edzk\u00fdm z\u00e1pachem, bez xylenu, s klipem, odoln\u00fd proti rozmaz\u00e1n\u00ed a vod\u011b t\u00e9m\u011b\u0159 na v\u0161ech povr\u0161\u00edch, s kulat\u00fdm hrotem (cca 1 mm).<\/p>\n","protected":false},"excerpt":{"rendered":"<p>Permanentn\u00ed popisova\u010d, zasych\u00e1 b\u011bhem n\u011bkolika sekund, st\u00e1l\u00fd na sv\u011btle, odoln\u00fd proti pov\u011btrnostn\u00edm vliv\u016fm, pro psan\u00ed a zna\u010den\u00ed na pap\u00edr, karton, lepenku, f\u00f3lie, (re\u017eijn\u00ed) f\u00f3lie, plast, kov, polystyren, sklo, porcel\u00e1n, d\u0159evo, k\u016f\u017ei a k\u00e1men, syt\u011b barevn\u00fd, s n\u00edzk\u00fdm z\u00e1pachem, bez xylenu, s klipem, odoln\u00fd proti rozmaz\u00e1n\u00ed a vod\u011b t\u00e9m\u011b\u0159 na v\u0161ech povr\u0161\u00edch, s kulat\u00fdm hrotem (cca [&hellip;]<\/p>\n","protected":false},"featured_media":23163,"template":"","meta":{"_acf_changed":false,"inline_featured_image":false},"product_cat":[1563,1562],"product_tag":[],"class_list":{"0":"post-23161","1":"product","2":"type-product","3":"status-publish","4":"has-post-thumbnail","6":"brand-hundt","7":"product_cat-oznacovani","8":"product_cat-zarizeni-staveniste","10":"first","11":"instock","12":"taxable","13":"shipping-taxable","14":"purchasable","15":"product-type-simple","16":"add-to-wishlist-before_image"},"acf":[],"yoast_head":"<!-- This site is optimized with the Yoast SEO plugin v27.3 - https:\/\/yoast.com\/product\/yoast-seo-wordpress\/ -->\n<title>Plst\u011bn\u00e9 pero Hundt 1,0 mm - Wilhelm Hundt GmbH<\/title>\n<meta name=\"robots\" content=\"index, follow, max-snippet:-1, max-image-preview:large, max-video-preview:-1\" \/>\n<link rel=\"canonical\" href=\"https:\/\/hundtgroup.com\/cs\/produkt\/plstene-pero-hundt-10-mm\/\" \/>\n<meta property=\"og:locale\" content=\"cs_CZ\" \/>\n<meta property=\"og:type\" content=\"article\" \/>\n<meta property=\"og:title\" content=\"Plst\u011bn\u00e9 pero Hundt 1,0 mm - Wilhelm Hundt GmbH\" \/>\n<meta property=\"og:description\" content=\"Permanentn\u00ed popisova\u010d, zasych\u00e1 b\u011bhem n\u011bkolika sekund, st\u00e1l\u00fd na sv\u011btle, odoln\u00fd proti pov\u011btrnostn\u00edm vliv\u016fm, pro psan\u00ed a zna\u010den\u00ed na pap\u00edr, karton, lepenku, f\u00f3lie, (re\u017eijn\u00ed) f\u00f3lie, plast, kov, polystyren, sklo, porcel\u00e1n, d\u0159evo, k\u016f\u017ei a k\u00e1men, syt\u011b barevn\u00fd, s n\u00edzk\u00fdm z\u00e1pachem, bez xylenu, s klipem, odoln\u00fd proti rozmaz\u00e1n\u00ed a vod\u011b t\u00e9m\u011b\u0159 na v\u0161ech povr\u0161\u00edch, s kulat\u00fdm hrotem (cca [&hellip;]\" \/>\n<meta property=\"og:url\" content=\"https:\/\/hundtgroup.com\/cs\/produkt\/plstene-pero-hundt-10-mm\/\" \/>\n<meta property=\"og:site_name\" content=\"Wilhelm Hundt GmbH\" \/>\n<meta property=\"article:modified_time\" content=\"2025-08-01T11:15:43+00:00\" \/>\n<meta property=\"og:image\" content=\"https:\/\/hundtgroup.com\/wp-content\/uploads\/280010.png\" \/>\n\t<meta property=\"og:image:width\" content=\"815\" \/>\n\t<meta property=\"og:image:height\" content=\"150\" \/>\n\t<meta property=\"og:image:type\" content=\"image\/png\" \/>\n<meta name=\"twitter:card\" content=\"summary_large_image\" \/>\n<script type=\"application\/ld+json\" class=\"yoast-schema-graph\">{\"@context\":\"https:\\\/\\\/schema.org\",\"@graph\":[{\"@type\":\"WebPage\",\"@id\":\"https:\\\/\\\/hundtgroup.com\\\/cs\\\/produkt\\\/plstene-pero-hundt-10-mm\\\/\",\"url\":\"https:\\\/\\\/hundtgroup.com\\\/cs\\\/produkt\\\/plstene-pero-hundt-10-mm\\\/\",\"name\":\"Plst\u011bn\u00e9 pero Hundt 1,0 mm - Wilhelm Hundt GmbH\",\"isPartOf\":{\"@id\":\"https:\\\/\\\/hundtgroup.com\\\/cs\\\/#website\"},\"primaryImageOfPage\":{\"@id\":\"https:\\\/\\\/hundtgroup.com\\\/cs\\\/produkt\\\/plstene-pero-hundt-10-mm\\\/#primaryimage\"},\"image\":{\"@id\":\"https:\\\/\\\/hundtgroup.com\\\/cs\\\/produkt\\\/plstene-pero-hundt-10-mm\\\/#primaryimage\"},\"thumbnailUrl\":\"https:\\\/\\\/hundtgroup.com\\\/wp-content\\\/uploads\\\/280010.png\",\"datePublished\":\"2025-06-18T16:31:00+00:00\",\"dateModified\":\"2025-08-01T11:15:43+00:00\",\"breadcrumb\":{\"@id\":\"https:\\\/\\\/hundtgroup.com\\\/cs\\\/produkt\\\/plstene-pero-hundt-10-mm\\\/#breadcrumb\"},\"inLanguage\":\"cs\",\"potentialAction\":[{\"@type\":\"ReadAction\",\"target\":[\"https:\\\/\\\/hundtgroup.com\\\/cs\\\/produkt\\\/plstene-pero-hundt-10-mm\\\/\"]}]},{\"@type\":\"ImageObject\",\"inLanguage\":\"cs\",\"@id\":\"https:\\\/\\\/hundtgroup.com\\\/cs\\\/produkt\\\/plstene-pero-hundt-10-mm\\\/#primaryimage\",\"url\":\"https:\\\/\\\/hundtgroup.com\\\/wp-content\\\/uploads\\\/280010.png\",\"contentUrl\":\"https:\\\/\\\/hundtgroup.com\\\/wp-content\\\/uploads\\\/280010.png\",\"width\":815,\"height\":150},{\"@type\":\"BreadcrumbList\",\"@id\":\"https:\\\/\\\/hundtgroup.com\\\/cs\\\/produkt\\\/plstene-pero-hundt-10-mm\\\/#breadcrumb\",\"itemListElement\":[{\"@type\":\"ListItem\",\"position\":1,\"name\":\"Startseite\",\"item\":\"https:\\\/\\\/hundtgroup.com\\\/cs\\\/home-nove\\\/\"},{\"@type\":\"ListItem\",\"position\":2,\"name\":\"Obchod\",\"item\":\"https:\\\/\\\/hundtgroup.com\\\/obchod\\\/\"},{\"@type\":\"ListItem\",\"position\":3,\"name\":\"Plst\u011bn\u00e9 pero Hundt 1,0 mm\"}]},{\"@type\":\"WebSite\",\"@id\":\"https:\\\/\\\/hundtgroup.com\\\/cs\\\/#website\",\"url\":\"https:\\\/\\\/hundtgroup.com\\\/cs\\\/\",\"name\":\"Wilhelm Hundt GmbH\",\"description\":\"V\u00e1\u0161 specialista na stroje a n\u00e1stroje pro zpracov\u00e1n\u00ed plechu\",\"potentialAction\":[{\"@type\":\"SearchAction\",\"target\":{\"@type\":\"EntryPoint\",\"urlTemplate\":\"https:\\\/\\\/hundtgroup.com\\\/cs\\\/?s={search_term_string}\"},\"query-input\":{\"@type\":\"PropertyValueSpecification\",\"valueRequired\":true,\"valueName\":\"search_term_string\"}}],\"inLanguage\":\"cs\"}]}<\/script>\n<!-- \/ Yoast SEO plugin. -->","yoast_head_json":{"title":"Plst\u011bn\u00e9 pero Hundt 1,0 mm - Wilhelm Hundt GmbH","robots":{"index":"index","follow":"follow","max-snippet":"max-snippet:-1","max-image-preview":"max-image-preview:large","max-video-preview":"max-video-preview:-1"},"canonical":"https:\/\/hundtgroup.com\/cs\/produkt\/plstene-pero-hundt-10-mm\/","og_locale":"cs_CZ","og_type":"article","og_title":"Plst\u011bn\u00e9 pero Hundt 1,0 mm - Wilhelm Hundt GmbH","og_description":"Permanentn\u00ed popisova\u010d, zasych\u00e1 b\u011bhem n\u011bkolika sekund, st\u00e1l\u00fd na sv\u011btle, odoln\u00fd proti pov\u011btrnostn\u00edm vliv\u016fm, pro psan\u00ed a zna\u010den\u00ed na pap\u00edr, karton, lepenku, f\u00f3lie, (re\u017eijn\u00ed) f\u00f3lie, plast, kov, polystyren, sklo, porcel\u00e1n, d\u0159evo, k\u016f\u017ei a k\u00e1men, syt\u011b barevn\u00fd, s n\u00edzk\u00fdm z\u00e1pachem, bez xylenu, s klipem, odoln\u00fd proti rozmaz\u00e1n\u00ed a vod\u011b t\u00e9m\u011b\u0159 na v\u0161ech povr\u0161\u00edch, s kulat\u00fdm hrotem (cca [&hellip;]","og_url":"https:\/\/hundtgroup.com\/cs\/produkt\/plstene-pero-hundt-10-mm\/","og_site_name":"Wilhelm Hundt GmbH","article_modified_time":"2025-08-01T11:15:43+00:00","og_image":[{"width":815,"height":150,"url":"https:\/\/hundtgroup.com\/wp-content\/uploads\/280010.png","type":"image\/png"}],"twitter_card":"summary_large_image","schema":{"@context":"https:\/\/schema.org","@graph":[{"@type":"WebPage","@id":"https:\/\/hundtgroup.com\/cs\/produkt\/plstene-pero-hundt-10-mm\/","url":"https:\/\/hundtgroup.com\/cs\/produkt\/plstene-pero-hundt-10-mm\/","name":"Plst\u011bn\u00e9 pero Hundt 1,0 mm - Wilhelm Hundt GmbH","isPartOf":{"@id":"https:\/\/hundtgroup.com\/cs\/#website"},"primaryImageOfPage":{"@id":"https:\/\/hundtgroup.com\/cs\/produkt\/plstene-pero-hundt-10-mm\/#primaryimage"},"image":{"@id":"https:\/\/hundtgroup.com\/cs\/produkt\/plstene-pero-hundt-10-mm\/#primaryimage"},"thumbnailUrl":"https:\/\/hundtgroup.com\/wp-content\/uploads\/280010.png","datePublished":"2025-06-18T16:31:00+00:00","dateModified":"2025-08-01T11:15:43+00:00","breadcrumb":{"@id":"https:\/\/hundtgroup.com\/cs\/produkt\/plstene-pero-hundt-10-mm\/#breadcrumb"},"inLanguage":"cs","potentialAction":[{"@type":"ReadAction","target":["https:\/\/hundtgroup.com\/cs\/produkt\/plstene-pero-hundt-10-mm\/"]}]},{"@type":"ImageObject","inLanguage":"cs","@id":"https:\/\/hundtgroup.com\/cs\/produkt\/plstene-pero-hundt-10-mm\/#primaryimage","url":"https:\/\/hundtgroup.com\/wp-content\/uploads\/280010.png","contentUrl":"https:\/\/hundtgroup.com\/wp-content\/uploads\/280010.png","width":815,"height":150},{"@type":"BreadcrumbList","@id":"https:\/\/hundtgroup.com\/cs\/produkt\/plstene-pero-hundt-10-mm\/#breadcrumb","itemListElement":[{"@type":"ListItem","position":1,"name":"Startseite","item":"https:\/\/hundtgroup.com\/cs\/home-nove\/"},{"@type":"ListItem","position":2,"name":"Obchod","item":"https:\/\/hundtgroup.com\/obchod\/"},{"@type":"ListItem","position":3,"name":"Plst\u011bn\u00e9 pero Hundt 1,0 mm"}]},{"@type":"WebSite","@id":"https:\/\/hundtgroup.com\/cs\/#website","url":"https:\/\/hundtgroup.com\/cs\/","name":"Wilhelm Hundt GmbH","description":"V\u00e1\u0161 specialista na stroje a n\u00e1stroje pro zpracov\u00e1n\u00ed plechu","potentialAction":[{"@type":"SearchAction","target":{"@type":"EntryPoint","urlTemplate":"https:\/\/hundtgroup.com\/cs\/?s={search_term_string}"},"query-input":{"@type":"PropertyValueSpecification","valueRequired":true,"valueName":"search_term_string"}}],"inLanguage":"cs"}]}},"_links":{"self":[{"href":"https:\/\/hundtgroup.com\/cs\/wp-json\/wp\/v2\/product\/23161","targetHints":{"allow":["GET"]}}],"collection":[{"href":"https:\/\/hundtgroup.com\/cs\/wp-json\/wp\/v2\/product"}],"about":[{"href":"https:\/\/hundtgroup.com\/cs\/wp-json\/wp\/v2\/types\/product"}],"wp:featuredmedia":[{"embeddable":true,"href":"https:\/\/hundtgroup.com\/cs\/wp-json\/wp\/v2\/media\/23163"}],"wp:attachment":[{"href":"https:\/\/hundtgroup.com\/cs\/wp-json\/wp\/v2\/media?parent=23161"}],"wp:term":[{"taxonomy":"product_cat","embeddable":true,"href":"https:\/\/hundtgroup.com\/cs\/wp-json\/wp\/v2\/product_cat?post=23161"},{"taxonomy":"product_tag","embeddable":true,"href":"https:\/\/hundtgroup.com\/cs\/wp-json\/wp\/v2\/product_tag?post=23161"}],"curies":[{"name":"wp","href":"https:\/\/api.w.org\/{rel}","templated":true}]}}