{"id":23749,"date":"2022-10-26T15:59:39","date_gmt":"2022-10-26T13:59:39","guid":{"rendered":"https:\/\/hundtgroup.com\/produkt\/visaci-zamek-c-line-222-40-mm\/"},"modified":"2025-07-29T13:31:59","modified_gmt":"2025-07-29T11:31:59","slug":"visaci-zamek-c-line-222-40-mm","status":"publish","type":"product","link":"https:\/\/hundtgroup.com\/cs\/produkt\/visaci-zamek-c-line-222-40-mm\/","title":{"rendered":"Visac\u00ed z\u00e1mek C-Line 222 40 mm"},"content":{"rendered":"<p>Masivn\u00ed mosazn\u00e9 t\u011blo<br \/>\nDvojit\u00fd z\u00e1mek od velikosti 40 mm<br \/>\nSolidn\u00ed kvalita<\/p>\n","protected":false},"excerpt":{"rendered":"<p>Masivn\u00ed mosazn\u00e9 t\u011blo Dvojit\u00fd z\u00e1mek od velikosti 40 mm Solidn\u00ed kvalita<\/p>\n","protected":false},"featured_media":0,"template":"","meta":{"_acf_changed":false,"inline_featured_image":false},"product_cat":[1635,1562],"product_tag":[],"class_list":{"0":"post-23749","1":"product","2":"type-product","3":"status-publish","5":"brand-burg-waechter","6":"product_cat-doprava","7":"product_cat-zarizeni-staveniste","9":"first","10":"instock","11":"taxable","12":"shipping-taxable","13":"purchasable","14":"product-type-simple","15":"add-to-wishlist-before_image"},"acf":[],"yoast_head":"<!-- This site is optimized with the Yoast SEO plugin v27.3 - https:\/\/yoast.com\/product\/yoast-seo-wordpress\/ -->\n<title>Visac\u00ed z\u00e1mek C-Line 222 40 mm - Wilhelm Hundt GmbH<\/title>\n<meta name=\"robots\" content=\"index, follow, max-snippet:-1, max-image-preview:large, max-video-preview:-1\" \/>\n<link rel=\"canonical\" href=\"https:\/\/hundtgroup.com\/cs\/produkt\/visaci-zamek-c-line-222-40-mm\/\" \/>\n<meta property=\"og:locale\" content=\"cs_CZ\" \/>\n<meta property=\"og:type\" content=\"article\" \/>\n<meta property=\"og:title\" content=\"Visac\u00ed z\u00e1mek C-Line 222 40 mm - Wilhelm Hundt GmbH\" \/>\n<meta property=\"og:description\" content=\"Masivn\u00ed mosazn\u00e9 t\u011blo Dvojit\u00fd z\u00e1mek od velikosti 40 mm Solidn\u00ed kvalita\" \/>\n<meta property=\"og:url\" content=\"https:\/\/hundtgroup.com\/cs\/produkt\/visaci-zamek-c-line-222-40-mm\/\" \/>\n<meta property=\"og:site_name\" content=\"Wilhelm Hundt GmbH\" \/>\n<meta property=\"article:modified_time\" content=\"2025-07-29T11:31:59+00:00\" \/>\n<meta name=\"twitter:card\" content=\"summary_large_image\" \/>\n<script type=\"application\/ld+json\" class=\"yoast-schema-graph\">{\"@context\":\"https:\\\/\\\/schema.org\",\"@graph\":[{\"@type\":\"WebPage\",\"@id\":\"https:\\\/\\\/hundtgroup.com\\\/cs\\\/produkt\\\/visaci-zamek-c-line-222-40-mm\\\/\",\"url\":\"https:\\\/\\\/hundtgroup.com\\\/cs\\\/produkt\\\/visaci-zamek-c-line-222-40-mm\\\/\",\"name\":\"Visac\u00ed z\u00e1mek C-Line 222 40 mm - Wilhelm Hundt GmbH\",\"isPartOf\":{\"@id\":\"https:\\\/\\\/hundtgroup.com\\\/cs\\\/#website\"},\"datePublished\":\"2022-10-26T13:59:39+00:00\",\"dateModified\":\"2025-07-29T11:31:59+00:00\",\"breadcrumb\":{\"@id\":\"https:\\\/\\\/hundtgroup.com\\\/cs\\\/produkt\\\/visaci-zamek-c-line-222-40-mm\\\/#breadcrumb\"},\"inLanguage\":\"cs\",\"potentialAction\":[{\"@type\":\"ReadAction\",\"target\":[\"https:\\\/\\\/hundtgroup.com\\\/cs\\\/produkt\\\/visaci-zamek-c-line-222-40-mm\\\/\"]}]},{\"@type\":\"BreadcrumbList\",\"@id\":\"https:\\\/\\\/hundtgroup.com\\\/cs\\\/produkt\\\/visaci-zamek-c-line-222-40-mm\\\/#breadcrumb\",\"itemListElement\":[{\"@type\":\"ListItem\",\"position\":1,\"name\":\"Startseite\",\"item\":\"https:\\\/\\\/hundtgroup.com\\\/cs\\\/home-nove\\\/\"},{\"@type\":\"ListItem\",\"position\":2,\"name\":\"Obchod\",\"item\":\"https:\\\/\\\/hundtgroup.com\\\/obchod\\\/\"},{\"@type\":\"ListItem\",\"position\":3,\"name\":\"Visac\u00ed z\u00e1mek C-Line 222 40 mm\"}]},{\"@type\":\"WebSite\",\"@id\":\"https:\\\/\\\/hundtgroup.com\\\/cs\\\/#website\",\"url\":\"https:\\\/\\\/hundtgroup.com\\\/cs\\\/\",\"name\":\"Wilhelm Hundt GmbH\",\"description\":\"V\u00e1\u0161 specialista na stroje a n\u00e1stroje pro zpracov\u00e1n\u00ed plechu\",\"potentialAction\":[{\"@type\":\"SearchAction\",\"target\":{\"@type\":\"EntryPoint\",\"urlTemplate\":\"https:\\\/\\\/hundtgroup.com\\\/cs\\\/?s={search_term_string}\"},\"query-input\":{\"@type\":\"PropertyValueSpecification\",\"valueRequired\":true,\"valueName\":\"search_term_string\"}}],\"inLanguage\":\"cs\"}]}<\/script>\n<!-- \/ Yoast SEO plugin. -->","yoast_head_json":{"title":"Visac\u00ed z\u00e1mek C-Line 222 40 mm - Wilhelm Hundt GmbH","robots":{"index":"index","follow":"follow","max-snippet":"max-snippet:-1","max-image-preview":"max-image-preview:large","max-video-preview":"max-video-preview:-1"},"canonical":"https:\/\/hundtgroup.com\/cs\/produkt\/visaci-zamek-c-line-222-40-mm\/","og_locale":"cs_CZ","og_type":"article","og_title":"Visac\u00ed z\u00e1mek C-Line 222 40 mm - Wilhelm Hundt GmbH","og_description":"Masivn\u00ed mosazn\u00e9 t\u011blo Dvojit\u00fd z\u00e1mek od velikosti 40 mm Solidn\u00ed kvalita","og_url":"https:\/\/hundtgroup.com\/cs\/produkt\/visaci-zamek-c-line-222-40-mm\/","og_site_name":"Wilhelm Hundt GmbH","article_modified_time":"2025-07-29T11:31:59+00:00","twitter_card":"summary_large_image","schema":{"@context":"https:\/\/schema.org","@graph":[{"@type":"WebPage","@id":"https:\/\/hundtgroup.com\/cs\/produkt\/visaci-zamek-c-line-222-40-mm\/","url":"https:\/\/hundtgroup.com\/cs\/produkt\/visaci-zamek-c-line-222-40-mm\/","name":"Visac\u00ed z\u00e1mek C-Line 222 40 mm - Wilhelm Hundt GmbH","isPartOf":{"@id":"https:\/\/hundtgroup.com\/cs\/#website"},"datePublished":"2022-10-26T13:59:39+00:00","dateModified":"2025-07-29T11:31:59+00:00","breadcrumb":{"@id":"https:\/\/hundtgroup.com\/cs\/produkt\/visaci-zamek-c-line-222-40-mm\/#breadcrumb"},"inLanguage":"cs","potentialAction":[{"@type":"ReadAction","target":["https:\/\/hundtgroup.com\/cs\/produkt\/visaci-zamek-c-line-222-40-mm\/"]}]},{"@type":"BreadcrumbList","@id":"https:\/\/hundtgroup.com\/cs\/produkt\/visaci-zamek-c-line-222-40-mm\/#breadcrumb","itemListElement":[{"@type":"ListItem","position":1,"name":"Startseite","item":"https:\/\/hundtgroup.com\/cs\/home-nove\/"},{"@type":"ListItem","position":2,"name":"Obchod","item":"https:\/\/hundtgroup.com\/obchod\/"},{"@type":"ListItem","position":3,"name":"Visac\u00ed z\u00e1mek C-Line 222 40 mm"}]},{"@type":"WebSite","@id":"https:\/\/hundtgroup.com\/cs\/#website","url":"https:\/\/hundtgroup.com\/cs\/","name":"Wilhelm Hundt GmbH","description":"V\u00e1\u0161 specialista na stroje a n\u00e1stroje pro zpracov\u00e1n\u00ed plechu","potentialAction":[{"@type":"SearchAction","target":{"@type":"EntryPoint","urlTemplate":"https:\/\/hundtgroup.com\/cs\/?s={search_term_string}"},"query-input":{"@type":"PropertyValueSpecification","valueRequired":true,"valueName":"search_term_string"}}],"inLanguage":"cs"}]}},"_links":{"self":[{"href":"https:\/\/hundtgroup.com\/cs\/wp-json\/wp\/v2\/product\/23749","targetHints":{"allow":["GET"]}}],"collection":[{"href":"https:\/\/hundtgroup.com\/cs\/wp-json\/wp\/v2\/product"}],"about":[{"href":"https:\/\/hundtgroup.com\/cs\/wp-json\/wp\/v2\/types\/product"}],"wp:attachment":[{"href":"https:\/\/hundtgroup.com\/cs\/wp-json\/wp\/v2\/media?parent=23749"}],"wp:term":[{"taxonomy":"product_cat","embeddable":true,"href":"https:\/\/hundtgroup.com\/cs\/wp-json\/wp\/v2\/product_cat?post=23749"},{"taxonomy":"product_tag","embeddable":true,"href":"https:\/\/hundtgroup.com\/cs\/wp-json\/wp\/v2\/product_tag?post=23749"}],"curies":[{"name":"wp","href":"https:\/\/api.w.org\/{rel}","templated":true}]}}