{"id":24222,"date":"2022-10-26T15:59:34","date_gmt":"2022-10-26T13:59:34","guid":{"rendered":"https:\/\/hundtgroup.com\/produkt\/10-m-prodluzovaci-kabel-cee-400v-16a\/"},"modified":"2025-08-05T18:11:14","modified_gmt":"2025-08-05T16:11:14","slug":"10-m-prodluzovaci-kabel-cee-400v-16a","status":"publish","type":"product","link":"https:\/\/hundtgroup.com\/cs\/produkt\/10-m-prodluzovaci-kabel-cee-400v-16a\/","title":{"rendered":"10 m prodlu\u017eovac\u00ed kabel CEE 400V 16A"},"content":{"rendered":"<p>Prodlou\u017een\u00ed nap\u00e1jen\u00ed.<br \/>\nSiln\u00fd gumov\u00fd hadicov\u00fd kabel schv\u00e1len\u00fd pro pou\u017eit\u00ed na stavb\u00e1ch a v zem\u011bd\u011blsk\u00fdch provozech.<br \/>\nS vysoce kvalitn\u00ed z\u00e1str\u010dkou CEE a spojkou CEE.<br \/>\nTestov\u00e1no podle IEC 60309, DIN VDE 0282-4.<\/p>\n","protected":false},"excerpt":{"rendered":"<p>Prodlou\u017een\u00ed nap\u00e1jen\u00ed. Siln\u00fd gumov\u00fd hadicov\u00fd kabel schv\u00e1len\u00fd pro pou\u017eit\u00ed na stavb\u00e1ch a v zem\u011bd\u011blsk\u00fdch provozech. S vysoce kvalitn\u00ed z\u00e1str\u010dkou CEE a spojkou CEE. Testov\u00e1no podle IEC 60309, DIN VDE 0282-4.<\/p>\n","protected":false},"featured_media":24224,"template":"","meta":{"_acf_changed":false,"inline_featured_image":false},"product_cat":[1633,1548],"product_tag":[],"class_list":{"0":"post-24222","1":"product","2":"type-product","3":"status-publish","4":"has-post-thumbnail","6":"product_cat-rozsireni","7":"product_cat-elektricke","9":"first","10":"instock","11":"taxable","12":"shipping-taxable","13":"purchasable","14":"product-type-simple","15":"add-to-wishlist-before_image"},"acf":[],"yoast_head":"<!-- This site is optimized with the Yoast SEO plugin v27.3 - https:\/\/yoast.com\/product\/yoast-seo-wordpress\/ -->\n<title>10 m prodlu\u017eovac\u00ed kabel CEE 400V 16A - Wilhelm Hundt GmbH<\/title>\n<meta name=\"robots\" content=\"index, follow, max-snippet:-1, max-image-preview:large, max-video-preview:-1\" \/>\n<link rel=\"canonical\" href=\"https:\/\/hundtgroup.com\/cs\/produkt\/10-m-prodluzovaci-kabel-cee-400v-16a\/\" \/>\n<meta property=\"og:locale\" content=\"cs_CZ\" \/>\n<meta property=\"og:type\" content=\"article\" \/>\n<meta property=\"og:title\" content=\"10 m prodlu\u017eovac\u00ed kabel CEE 400V 16A - Wilhelm Hundt GmbH\" \/>\n<meta property=\"og:description\" content=\"Prodlou\u017een\u00ed nap\u00e1jen\u00ed. Siln\u00fd gumov\u00fd hadicov\u00fd kabel schv\u00e1len\u00fd pro pou\u017eit\u00ed na stavb\u00e1ch a v zem\u011bd\u011blsk\u00fdch provozech. S vysoce kvalitn\u00ed z\u00e1str\u010dkou CEE a spojkou CEE. Testov\u00e1no podle IEC 60309, DIN VDE 0282-4.\" \/>\n<meta property=\"og:url\" content=\"https:\/\/hundtgroup.com\/cs\/produkt\/10-m-prodluzovaci-kabel-cee-400v-16a\/\" \/>\n<meta property=\"og:site_name\" content=\"Wilhelm Hundt GmbH\" \/>\n<meta property=\"article:modified_time\" content=\"2025-08-05T16:11:14+00:00\" \/>\n<meta property=\"og:image\" content=\"https:\/\/hundtgroup.com\/wp-content\/uploads\/230049.png\" \/>\n\t<meta property=\"og:image:width\" content=\"788\" \/>\n\t<meta property=\"og:image:height\" content=\"567\" \/>\n\t<meta property=\"og:image:type\" content=\"image\/png\" \/>\n<meta name=\"twitter:card\" content=\"summary_large_image\" \/>\n<script type=\"application\/ld+json\" class=\"yoast-schema-graph\">{\"@context\":\"https:\\\/\\\/schema.org\",\"@graph\":[{\"@type\":\"WebPage\",\"@id\":\"https:\\\/\\\/hundtgroup.com\\\/cs\\\/produkt\\\/10-m-prodluzovaci-kabel-cee-400v-16a\\\/\",\"url\":\"https:\\\/\\\/hundtgroup.com\\\/cs\\\/produkt\\\/10-m-prodluzovaci-kabel-cee-400v-16a\\\/\",\"name\":\"10 m prodlu\u017eovac\u00ed kabel CEE 400V 16A - Wilhelm Hundt GmbH\",\"isPartOf\":{\"@id\":\"https:\\\/\\\/hundtgroup.com\\\/cs\\\/#website\"},\"primaryImageOfPage\":{\"@id\":\"https:\\\/\\\/hundtgroup.com\\\/cs\\\/produkt\\\/10-m-prodluzovaci-kabel-cee-400v-16a\\\/#primaryimage\"},\"image\":{\"@id\":\"https:\\\/\\\/hundtgroup.com\\\/cs\\\/produkt\\\/10-m-prodluzovaci-kabel-cee-400v-16a\\\/#primaryimage\"},\"thumbnailUrl\":\"https:\\\/\\\/hundtgroup.com\\\/wp-content\\\/uploads\\\/230049.png\",\"datePublished\":\"2022-10-26T13:59:34+00:00\",\"dateModified\":\"2025-08-05T16:11:14+00:00\",\"breadcrumb\":{\"@id\":\"https:\\\/\\\/hundtgroup.com\\\/cs\\\/produkt\\\/10-m-prodluzovaci-kabel-cee-400v-16a\\\/#breadcrumb\"},\"inLanguage\":\"cs\",\"potentialAction\":[{\"@type\":\"ReadAction\",\"target\":[\"https:\\\/\\\/hundtgroup.com\\\/cs\\\/produkt\\\/10-m-prodluzovaci-kabel-cee-400v-16a\\\/\"]}]},{\"@type\":\"ImageObject\",\"inLanguage\":\"cs\",\"@id\":\"https:\\\/\\\/hundtgroup.com\\\/cs\\\/produkt\\\/10-m-prodluzovaci-kabel-cee-400v-16a\\\/#primaryimage\",\"url\":\"https:\\\/\\\/hundtgroup.com\\\/wp-content\\\/uploads\\\/230049.png\",\"contentUrl\":\"https:\\\/\\\/hundtgroup.com\\\/wp-content\\\/uploads\\\/230049.png\",\"width\":788,\"height\":567},{\"@type\":\"BreadcrumbList\",\"@id\":\"https:\\\/\\\/hundtgroup.com\\\/cs\\\/produkt\\\/10-m-prodluzovaci-kabel-cee-400v-16a\\\/#breadcrumb\",\"itemListElement\":[{\"@type\":\"ListItem\",\"position\":1,\"name\":\"Startseite\",\"item\":\"https:\\\/\\\/hundtgroup.com\\\/cs\\\/home-nove\\\/\"},{\"@type\":\"ListItem\",\"position\":2,\"name\":\"Obchod\",\"item\":\"https:\\\/\\\/hundtgroup.com\\\/obchod\\\/\"},{\"@type\":\"ListItem\",\"position\":3,\"name\":\"10 m prodlu\u017eovac\u00ed kabel CEE 400V 16A\"}]},{\"@type\":\"WebSite\",\"@id\":\"https:\\\/\\\/hundtgroup.com\\\/cs\\\/#website\",\"url\":\"https:\\\/\\\/hundtgroup.com\\\/cs\\\/\",\"name\":\"Wilhelm Hundt GmbH\",\"description\":\"V\u00e1\u0161 specialista na stroje a n\u00e1stroje pro zpracov\u00e1n\u00ed plechu\",\"potentialAction\":[{\"@type\":\"SearchAction\",\"target\":{\"@type\":\"EntryPoint\",\"urlTemplate\":\"https:\\\/\\\/hundtgroup.com\\\/cs\\\/?s={search_term_string}\"},\"query-input\":{\"@type\":\"PropertyValueSpecification\",\"valueRequired\":true,\"valueName\":\"search_term_string\"}}],\"inLanguage\":\"cs\"}]}<\/script>\n<!-- \/ Yoast SEO plugin. -->","yoast_head_json":{"title":"10 m prodlu\u017eovac\u00ed kabel CEE 400V 16A - Wilhelm Hundt GmbH","robots":{"index":"index","follow":"follow","max-snippet":"max-snippet:-1","max-image-preview":"max-image-preview:large","max-video-preview":"max-video-preview:-1"},"canonical":"https:\/\/hundtgroup.com\/cs\/produkt\/10-m-prodluzovaci-kabel-cee-400v-16a\/","og_locale":"cs_CZ","og_type":"article","og_title":"10 m prodlu\u017eovac\u00ed kabel CEE 400V 16A - Wilhelm Hundt GmbH","og_description":"Prodlou\u017een\u00ed nap\u00e1jen\u00ed. Siln\u00fd gumov\u00fd hadicov\u00fd kabel schv\u00e1len\u00fd pro pou\u017eit\u00ed na stavb\u00e1ch a v zem\u011bd\u011blsk\u00fdch provozech. S vysoce kvalitn\u00ed z\u00e1str\u010dkou CEE a spojkou CEE. Testov\u00e1no podle IEC 60309, DIN VDE 0282-4.","og_url":"https:\/\/hundtgroup.com\/cs\/produkt\/10-m-prodluzovaci-kabel-cee-400v-16a\/","og_site_name":"Wilhelm Hundt GmbH","article_modified_time":"2025-08-05T16:11:14+00:00","og_image":[{"width":788,"height":567,"url":"https:\/\/hundtgroup.com\/wp-content\/uploads\/230049.png","type":"image\/png"}],"twitter_card":"summary_large_image","schema":{"@context":"https:\/\/schema.org","@graph":[{"@type":"WebPage","@id":"https:\/\/hundtgroup.com\/cs\/produkt\/10-m-prodluzovaci-kabel-cee-400v-16a\/","url":"https:\/\/hundtgroup.com\/cs\/produkt\/10-m-prodluzovaci-kabel-cee-400v-16a\/","name":"10 m prodlu\u017eovac\u00ed kabel CEE 400V 16A - Wilhelm Hundt GmbH","isPartOf":{"@id":"https:\/\/hundtgroup.com\/cs\/#website"},"primaryImageOfPage":{"@id":"https:\/\/hundtgroup.com\/cs\/produkt\/10-m-prodluzovaci-kabel-cee-400v-16a\/#primaryimage"},"image":{"@id":"https:\/\/hundtgroup.com\/cs\/produkt\/10-m-prodluzovaci-kabel-cee-400v-16a\/#primaryimage"},"thumbnailUrl":"https:\/\/hundtgroup.com\/wp-content\/uploads\/230049.png","datePublished":"2022-10-26T13:59:34+00:00","dateModified":"2025-08-05T16:11:14+00:00","breadcrumb":{"@id":"https:\/\/hundtgroup.com\/cs\/produkt\/10-m-prodluzovaci-kabel-cee-400v-16a\/#breadcrumb"},"inLanguage":"cs","potentialAction":[{"@type":"ReadAction","target":["https:\/\/hundtgroup.com\/cs\/produkt\/10-m-prodluzovaci-kabel-cee-400v-16a\/"]}]},{"@type":"ImageObject","inLanguage":"cs","@id":"https:\/\/hundtgroup.com\/cs\/produkt\/10-m-prodluzovaci-kabel-cee-400v-16a\/#primaryimage","url":"https:\/\/hundtgroup.com\/wp-content\/uploads\/230049.png","contentUrl":"https:\/\/hundtgroup.com\/wp-content\/uploads\/230049.png","width":788,"height":567},{"@type":"BreadcrumbList","@id":"https:\/\/hundtgroup.com\/cs\/produkt\/10-m-prodluzovaci-kabel-cee-400v-16a\/#breadcrumb","itemListElement":[{"@type":"ListItem","position":1,"name":"Startseite","item":"https:\/\/hundtgroup.com\/cs\/home-nove\/"},{"@type":"ListItem","position":2,"name":"Obchod","item":"https:\/\/hundtgroup.com\/obchod\/"},{"@type":"ListItem","position":3,"name":"10 m prodlu\u017eovac\u00ed kabel CEE 400V 16A"}]},{"@type":"WebSite","@id":"https:\/\/hundtgroup.com\/cs\/#website","url":"https:\/\/hundtgroup.com\/cs\/","name":"Wilhelm Hundt GmbH","description":"V\u00e1\u0161 specialista na stroje a n\u00e1stroje pro zpracov\u00e1n\u00ed plechu","potentialAction":[{"@type":"SearchAction","target":{"@type":"EntryPoint","urlTemplate":"https:\/\/hundtgroup.com\/cs\/?s={search_term_string}"},"query-input":{"@type":"PropertyValueSpecification","valueRequired":true,"valueName":"search_term_string"}}],"inLanguage":"cs"}]}},"_links":{"self":[{"href":"https:\/\/hundtgroup.com\/cs\/wp-json\/wp\/v2\/product\/24222","targetHints":{"allow":["GET"]}}],"collection":[{"href":"https:\/\/hundtgroup.com\/cs\/wp-json\/wp\/v2\/product"}],"about":[{"href":"https:\/\/hundtgroup.com\/cs\/wp-json\/wp\/v2\/types\/product"}],"wp:featuredmedia":[{"embeddable":true,"href":"https:\/\/hundtgroup.com\/cs\/wp-json\/wp\/v2\/media\/24224"}],"wp:attachment":[{"href":"https:\/\/hundtgroup.com\/cs\/wp-json\/wp\/v2\/media?parent=24222"}],"wp:term":[{"taxonomy":"product_cat","embeddable":true,"href":"https:\/\/hundtgroup.com\/cs\/wp-json\/wp\/v2\/product_cat?post=24222"},{"taxonomy":"product_tag","embeddable":true,"href":"https:\/\/hundtgroup.com\/cs\/wp-json\/wp\/v2\/product_tag?post=24222"}],"curies":[{"name":"wp","href":"https:\/\/api.w.org\/{rel}","templated":true}]}}