{"id":24419,"date":"2022-10-26T15:59:34","date_gmt":"2022-10-26T13:59:34","guid":{"rendered":"https:\/\/hundtgroup.com\/produkt\/svarecka-cepu-bolte-isofix\/"},"modified":"2025-08-05T18:04:23","modified_gmt":"2025-08-05T16:04:23","slug":"svarecka-cepu-bolte-isofix","status":"publish","type":"product","link":"https:\/\/hundtgroup.com\/cs\/produkt\/svarecka-cepu-bolte-isofix\/","title":{"rendered":"Sv\u00e1\u0159e\u010dka \u010dep\u016f Bolte ISOFIX"},"content":{"rendered":"<p>Pro sva\u0159ov\u00e1n\u00ed kotou\u010dov\u00fdch kol\u00edk\u016f a izola\u010dn\u00edch h\u0159eb\u00edk\u016f, s hmotnost\u00ed pouh\u00fdch 7 kg<br \/>\nje mimo\u0159\u00e1dn\u011b lehk\u00e1 a velmi kompaktn\u00ed, elektronicky taktovan\u00e9 nab\u00edjec\u00ed desky invertoru umo\u017e\u0148uj\u00ed kr\u00e1tk\u00e9 doby nab\u00edjen\u00ed a rychl\u00e9 sva\u0159ovac\u00ed sekvence,<br \/>\np\u0159ehledn\u00fd LED displej funkc\u00ed, plynule nastaviteln\u00e9 nab\u00edjec\u00ed nap\u011bt\u00ed<br \/>\npomoc\u00ed p\u0159edn\u00edho oto\u010dn\u00e9ho ovlada\u010de, IP21.<\/p>\n","protected":false},"excerpt":{"rendered":"<p>Pro sva\u0159ov\u00e1n\u00ed kotou\u010dov\u00fdch kol\u00edk\u016f a izola\u010dn\u00edch h\u0159eb\u00edk\u016f, s hmotnost\u00ed pouh\u00fdch 7 kg je mimo\u0159\u00e1dn\u011b lehk\u00e1 a velmi kompaktn\u00ed, elektronicky taktovan\u00e9 nab\u00edjec\u00ed desky invertoru umo\u017e\u0148uj\u00ed kr\u00e1tk\u00e9 doby nab\u00edjen\u00ed a rychl\u00e9 sva\u0159ovac\u00ed sekvence, p\u0159ehledn\u00fd LED displej funkc\u00ed, plynule nastaviteln\u00e9 nab\u00edjec\u00ed nap\u011bt\u00ed pomoc\u00ed p\u0159edn\u00edho oto\u010dn\u00e9ho ovlada\u010de, IP21.<\/p>\n","protected":false},"featured_media":24421,"template":"","meta":{"_acf_changed":false,"inline_featured_image":false},"product_cat":[1631],"product_tag":[],"class_list":{"0":"post-24419","1":"product","2":"type-product","3":"status-publish","4":"has-post-thumbnail","6":"brand-bolte","7":"product_cat-svarovaci-nastroje","9":"first","10":"instock","11":"taxable","12":"shipping-taxable","13":"purchasable","14":"product-type-simple","15":"add-to-wishlist-before_image"},"acf":[],"yoast_head":"<!-- This site is optimized with the Yoast SEO plugin v27.3 - https:\/\/yoast.com\/product\/yoast-seo-wordpress\/ -->\n<title>Sv\u00e1\u0159e\u010dka \u010dep\u016f Bolte ISOFIX - Wilhelm Hundt GmbH<\/title>\n<meta name=\"robots\" content=\"index, follow, max-snippet:-1, max-image-preview:large, max-video-preview:-1\" \/>\n<link rel=\"canonical\" href=\"https:\/\/hundtgroup.com\/cs\/produkt\/svarecka-cepu-bolte-isofix\/\" \/>\n<meta property=\"og:locale\" content=\"cs_CZ\" \/>\n<meta property=\"og:type\" content=\"article\" \/>\n<meta property=\"og:title\" content=\"Sv\u00e1\u0159e\u010dka \u010dep\u016f Bolte ISOFIX - Wilhelm Hundt GmbH\" \/>\n<meta property=\"og:description\" content=\"Pro sva\u0159ov\u00e1n\u00ed kotou\u010dov\u00fdch kol\u00edk\u016f a izola\u010dn\u00edch h\u0159eb\u00edk\u016f, s hmotnost\u00ed pouh\u00fdch 7 kg je mimo\u0159\u00e1dn\u011b lehk\u00e1 a velmi kompaktn\u00ed, elektronicky taktovan\u00e9 nab\u00edjec\u00ed desky invertoru umo\u017e\u0148uj\u00ed kr\u00e1tk\u00e9 doby nab\u00edjen\u00ed a rychl\u00e9 sva\u0159ovac\u00ed sekvence, p\u0159ehledn\u00fd LED displej funkc\u00ed, plynule nastaviteln\u00e9 nab\u00edjec\u00ed nap\u011bt\u00ed pomoc\u00ed p\u0159edn\u00edho oto\u010dn\u00e9ho ovlada\u010de, IP21.\" \/>\n<meta property=\"og:url\" content=\"https:\/\/hundtgroup.com\/cs\/produkt\/svarecka-cepu-bolte-isofix\/\" \/>\n<meta property=\"og:site_name\" content=\"Wilhelm Hundt GmbH\" \/>\n<meta property=\"article:modified_time\" content=\"2025-08-05T16:04:23+00:00\" \/>\n<meta property=\"og:image\" content=\"https:\/\/hundtgroup.com\/wp-content\/uploads\/380303.png\" \/>\n\t<meta property=\"og:image:width\" content=\"508\" \/>\n\t<meta property=\"og:image:height\" content=\"590\" \/>\n\t<meta property=\"og:image:type\" content=\"image\/png\" \/>\n<meta name=\"twitter:card\" content=\"summary_large_image\" \/>\n<script type=\"application\/ld+json\" class=\"yoast-schema-graph\">{\"@context\":\"https:\\\/\\\/schema.org\",\"@graph\":[{\"@type\":\"WebPage\",\"@id\":\"https:\\\/\\\/hundtgroup.com\\\/cs\\\/produkt\\\/svarecka-cepu-bolte-isofix\\\/\",\"url\":\"https:\\\/\\\/hundtgroup.com\\\/cs\\\/produkt\\\/svarecka-cepu-bolte-isofix\\\/\",\"name\":\"Sv\u00e1\u0159e\u010dka \u010dep\u016f Bolte ISOFIX - Wilhelm Hundt GmbH\",\"isPartOf\":{\"@id\":\"https:\\\/\\\/hundtgroup.com\\\/cs\\\/#website\"},\"primaryImageOfPage\":{\"@id\":\"https:\\\/\\\/hundtgroup.com\\\/cs\\\/produkt\\\/svarecka-cepu-bolte-isofix\\\/#primaryimage\"},\"image\":{\"@id\":\"https:\\\/\\\/hundtgroup.com\\\/cs\\\/produkt\\\/svarecka-cepu-bolte-isofix\\\/#primaryimage\"},\"thumbnailUrl\":\"https:\\\/\\\/hundtgroup.com\\\/wp-content\\\/uploads\\\/380303.png\",\"datePublished\":\"2022-10-26T13:59:34+00:00\",\"dateModified\":\"2025-08-05T16:04:23+00:00\",\"breadcrumb\":{\"@id\":\"https:\\\/\\\/hundtgroup.com\\\/cs\\\/produkt\\\/svarecka-cepu-bolte-isofix\\\/#breadcrumb\"},\"inLanguage\":\"cs\",\"potentialAction\":[{\"@type\":\"ReadAction\",\"target\":[\"https:\\\/\\\/hundtgroup.com\\\/cs\\\/produkt\\\/svarecka-cepu-bolte-isofix\\\/\"]}]},{\"@type\":\"ImageObject\",\"inLanguage\":\"cs\",\"@id\":\"https:\\\/\\\/hundtgroup.com\\\/cs\\\/produkt\\\/svarecka-cepu-bolte-isofix\\\/#primaryimage\",\"url\":\"https:\\\/\\\/hundtgroup.com\\\/wp-content\\\/uploads\\\/380303.png\",\"contentUrl\":\"https:\\\/\\\/hundtgroup.com\\\/wp-content\\\/uploads\\\/380303.png\",\"width\":508,\"height\":590},{\"@type\":\"BreadcrumbList\",\"@id\":\"https:\\\/\\\/hundtgroup.com\\\/cs\\\/produkt\\\/svarecka-cepu-bolte-isofix\\\/#breadcrumb\",\"itemListElement\":[{\"@type\":\"ListItem\",\"position\":1,\"name\":\"Startseite\",\"item\":\"https:\\\/\\\/hundtgroup.com\\\/cs\\\/home-nove\\\/\"},{\"@type\":\"ListItem\",\"position\":2,\"name\":\"Obchod\",\"item\":\"https:\\\/\\\/hundtgroup.com\\\/obchod\\\/\"},{\"@type\":\"ListItem\",\"position\":3,\"name\":\"Sv\u00e1\u0159e\u010dka \u010dep\u016f Bolte ISOFIX\"}]},{\"@type\":\"WebSite\",\"@id\":\"https:\\\/\\\/hundtgroup.com\\\/cs\\\/#website\",\"url\":\"https:\\\/\\\/hundtgroup.com\\\/cs\\\/\",\"name\":\"Wilhelm Hundt GmbH\",\"description\":\"V\u00e1\u0161 specialista na stroje a n\u00e1stroje pro zpracov\u00e1n\u00ed plechu\",\"potentialAction\":[{\"@type\":\"SearchAction\",\"target\":{\"@type\":\"EntryPoint\",\"urlTemplate\":\"https:\\\/\\\/hundtgroup.com\\\/cs\\\/?s={search_term_string}\"},\"query-input\":{\"@type\":\"PropertyValueSpecification\",\"valueRequired\":true,\"valueName\":\"search_term_string\"}}],\"inLanguage\":\"cs\"}]}<\/script>\n<!-- \/ Yoast SEO plugin. -->","yoast_head_json":{"title":"Sv\u00e1\u0159e\u010dka \u010dep\u016f Bolte ISOFIX - Wilhelm Hundt GmbH","robots":{"index":"index","follow":"follow","max-snippet":"max-snippet:-1","max-image-preview":"max-image-preview:large","max-video-preview":"max-video-preview:-1"},"canonical":"https:\/\/hundtgroup.com\/cs\/produkt\/svarecka-cepu-bolte-isofix\/","og_locale":"cs_CZ","og_type":"article","og_title":"Sv\u00e1\u0159e\u010dka \u010dep\u016f Bolte ISOFIX - Wilhelm Hundt GmbH","og_description":"Pro sva\u0159ov\u00e1n\u00ed kotou\u010dov\u00fdch kol\u00edk\u016f a izola\u010dn\u00edch h\u0159eb\u00edk\u016f, s hmotnost\u00ed pouh\u00fdch 7 kg je mimo\u0159\u00e1dn\u011b lehk\u00e1 a velmi kompaktn\u00ed, elektronicky taktovan\u00e9 nab\u00edjec\u00ed desky invertoru umo\u017e\u0148uj\u00ed kr\u00e1tk\u00e9 doby nab\u00edjen\u00ed a rychl\u00e9 sva\u0159ovac\u00ed sekvence, p\u0159ehledn\u00fd LED displej funkc\u00ed, plynule nastaviteln\u00e9 nab\u00edjec\u00ed nap\u011bt\u00ed pomoc\u00ed p\u0159edn\u00edho oto\u010dn\u00e9ho ovlada\u010de, IP21.","og_url":"https:\/\/hundtgroup.com\/cs\/produkt\/svarecka-cepu-bolte-isofix\/","og_site_name":"Wilhelm Hundt GmbH","article_modified_time":"2025-08-05T16:04:23+00:00","og_image":[{"width":508,"height":590,"url":"https:\/\/hundtgroup.com\/wp-content\/uploads\/380303.png","type":"image\/png"}],"twitter_card":"summary_large_image","schema":{"@context":"https:\/\/schema.org","@graph":[{"@type":"WebPage","@id":"https:\/\/hundtgroup.com\/cs\/produkt\/svarecka-cepu-bolte-isofix\/","url":"https:\/\/hundtgroup.com\/cs\/produkt\/svarecka-cepu-bolte-isofix\/","name":"Sv\u00e1\u0159e\u010dka \u010dep\u016f Bolte ISOFIX - Wilhelm Hundt GmbH","isPartOf":{"@id":"https:\/\/hundtgroup.com\/cs\/#website"},"primaryImageOfPage":{"@id":"https:\/\/hundtgroup.com\/cs\/produkt\/svarecka-cepu-bolte-isofix\/#primaryimage"},"image":{"@id":"https:\/\/hundtgroup.com\/cs\/produkt\/svarecka-cepu-bolte-isofix\/#primaryimage"},"thumbnailUrl":"https:\/\/hundtgroup.com\/wp-content\/uploads\/380303.png","datePublished":"2022-10-26T13:59:34+00:00","dateModified":"2025-08-05T16:04:23+00:00","breadcrumb":{"@id":"https:\/\/hundtgroup.com\/cs\/produkt\/svarecka-cepu-bolte-isofix\/#breadcrumb"},"inLanguage":"cs","potentialAction":[{"@type":"ReadAction","target":["https:\/\/hundtgroup.com\/cs\/produkt\/svarecka-cepu-bolte-isofix\/"]}]},{"@type":"ImageObject","inLanguage":"cs","@id":"https:\/\/hundtgroup.com\/cs\/produkt\/svarecka-cepu-bolte-isofix\/#primaryimage","url":"https:\/\/hundtgroup.com\/wp-content\/uploads\/380303.png","contentUrl":"https:\/\/hundtgroup.com\/wp-content\/uploads\/380303.png","width":508,"height":590},{"@type":"BreadcrumbList","@id":"https:\/\/hundtgroup.com\/cs\/produkt\/svarecka-cepu-bolte-isofix\/#breadcrumb","itemListElement":[{"@type":"ListItem","position":1,"name":"Startseite","item":"https:\/\/hundtgroup.com\/cs\/home-nove\/"},{"@type":"ListItem","position":2,"name":"Obchod","item":"https:\/\/hundtgroup.com\/obchod\/"},{"@type":"ListItem","position":3,"name":"Sv\u00e1\u0159e\u010dka \u010dep\u016f Bolte ISOFIX"}]},{"@type":"WebSite","@id":"https:\/\/hundtgroup.com\/cs\/#website","url":"https:\/\/hundtgroup.com\/cs\/","name":"Wilhelm Hundt GmbH","description":"V\u00e1\u0161 specialista na stroje a n\u00e1stroje pro zpracov\u00e1n\u00ed plechu","potentialAction":[{"@type":"SearchAction","target":{"@type":"EntryPoint","urlTemplate":"https:\/\/hundtgroup.com\/cs\/?s={search_term_string}"},"query-input":{"@type":"PropertyValueSpecification","valueRequired":true,"valueName":"search_term_string"}}],"inLanguage":"cs"}]}},"_links":{"self":[{"href":"https:\/\/hundtgroup.com\/cs\/wp-json\/wp\/v2\/product\/24419","targetHints":{"allow":["GET"]}}],"collection":[{"href":"https:\/\/hundtgroup.com\/cs\/wp-json\/wp\/v2\/product"}],"about":[{"href":"https:\/\/hundtgroup.com\/cs\/wp-json\/wp\/v2\/types\/product"}],"wp:featuredmedia":[{"embeddable":true,"href":"https:\/\/hundtgroup.com\/cs\/wp-json\/wp\/v2\/media\/24421"}],"wp:attachment":[{"href":"https:\/\/hundtgroup.com\/cs\/wp-json\/wp\/v2\/media?parent=24419"}],"wp:term":[{"taxonomy":"product_cat","embeddable":true,"href":"https:\/\/hundtgroup.com\/cs\/wp-json\/wp\/v2\/product_cat?post=24419"},{"taxonomy":"product_tag","embeddable":true,"href":"https:\/\/hundtgroup.com\/cs\/wp-json\/wp\/v2\/product_tag?post=24419"}],"curies":[{"name":"wp","href":"https:\/\/api.w.org\/{rel}","templated":true}]}}