{"id":24497,"date":"2022-10-26T15:59:39","date_gmt":"2022-10-26T13:59:39","guid":{"rendered":"https:\/\/hundtgroup.com\/produkt\/cerna-plastova-zatka\/"},"modified":"2025-08-06T08:47:10","modified_gmt":"2025-08-06T06:47:10","slug":"cerna-plastova-zatka","status":"publish","type":"product","link":"https:\/\/hundtgroup.com\/cs\/produkt\/cerna-plastova-zatka\/","title":{"rendered":"\u010cern\u00e1 plastov\u00e1 z\u00e1tka"},"content":{"rendered":"<p>\u010cern\u00e9 z\u00e1tky z PU p\u011bny<br \/>\n\u010cern\u00e9 plastov\u00e9 z\u00e1tky jsou stabilizov\u00e1ny proti pov\u011btrnostn\u00edm vliv\u016fm p\u0159\u00eddavkem aktivn\u00edho uhl\u00ed<\/p>\n<p>Cena za 1 000 kus\u016f<br \/>\n(nap\u0159. objednac\u00ed mno\u017estv\u00ed 5 = 5 000 kus\u016f)<\/p>\n<p>Balic\u00ed jednotka 5 000 kus\u016f<br \/>\nMinim\u00e1ln\u00ed objednac\u00ed mno\u017estv\u00ed 1 000 kus\u016f<\/p>\n","protected":false},"excerpt":{"rendered":"<p>\u010cern\u00e9 z\u00e1tky z PU p\u011bny \u010cern\u00e9 plastov\u00e9 z\u00e1tky jsou stabilizov\u00e1ny proti pov\u011btrnostn\u00edm vliv\u016fm p\u0159\u00eddavkem aktivn\u00edho uhl\u00ed Cena za 1 000 kus\u016f (nap\u0159. objednac\u00ed mno\u017estv\u00ed 5 = 5 000 kus\u016f) Balic\u00ed jednotka 5 000 kus\u016f Minim\u00e1ln\u00ed objednac\u00ed mno\u017estv\u00ed 1 000 kus\u016f<\/p>\n","protected":false},"featured_media":24499,"template":"","meta":{"_acf_changed":false,"inline_featured_image":false},"product_cat":[1623,1562],"product_tag":[],"class_list":{"0":"post-24497","1":"product","2":"type-product","3":"status-publish","4":"has-post-thumbnail","6":"brand-hundt","7":"product_cat-prislusenstvi-izolatoru-cs","8":"product_cat-zarizeni-staveniste","10":"first","11":"instock","12":"taxable","13":"shipping-taxable","14":"purchasable","15":"product-type-simple","16":"add-to-wishlist-before_image"},"acf":[],"yoast_head":"<!-- This site is optimized with the Yoast SEO plugin v27.3 - https:\/\/yoast.com\/product\/yoast-seo-wordpress\/ -->\n<title>\u010cern\u00e1 plastov\u00e1 z\u00e1tka - Wilhelm Hundt GmbH<\/title>\n<meta name=\"robots\" content=\"index, follow, max-snippet:-1, max-image-preview:large, max-video-preview:-1\" \/>\n<link rel=\"canonical\" href=\"https:\/\/hundtgroup.com\/cs\/produkt\/cerna-plastova-zatka\/\" \/>\n<meta property=\"og:locale\" content=\"cs_CZ\" \/>\n<meta property=\"og:type\" content=\"article\" \/>\n<meta property=\"og:title\" content=\"\u010cern\u00e1 plastov\u00e1 z\u00e1tka - Wilhelm Hundt GmbH\" \/>\n<meta property=\"og:description\" content=\"\u010cern\u00e9 z\u00e1tky z PU p\u011bny \u010cern\u00e9 plastov\u00e9 z\u00e1tky jsou stabilizov\u00e1ny proti pov\u011btrnostn\u00edm vliv\u016fm p\u0159\u00eddavkem aktivn\u00edho uhl\u00ed Cena za 1 000 kus\u016f (nap\u0159. objednac\u00ed mno\u017estv\u00ed 5 = 5 000 kus\u016f) Balic\u00ed jednotka 5 000 kus\u016f Minim\u00e1ln\u00ed objednac\u00ed mno\u017estv\u00ed 1 000 kus\u016f\" \/>\n<meta property=\"og:url\" content=\"https:\/\/hundtgroup.com\/cs\/produkt\/cerna-plastova-zatka\/\" \/>\n<meta property=\"og:site_name\" content=\"Wilhelm Hundt GmbH\" \/>\n<meta property=\"article:modified_time\" content=\"2025-08-06T06:47:10+00:00\" \/>\n<meta property=\"og:image\" content=\"https:\/\/hundtgroup.com\/wp-content\/uploads\/455315.jpg\" \/>\n\t<meta property=\"og:image:width\" content=\"523\" \/>\n\t<meta property=\"og:image:height\" content=\"353\" \/>\n\t<meta property=\"og:image:type\" content=\"image\/jpeg\" \/>\n<meta name=\"twitter:card\" content=\"summary_large_image\" \/>\n<script type=\"application\/ld+json\" class=\"yoast-schema-graph\">{\"@context\":\"https:\\\/\\\/schema.org\",\"@graph\":[{\"@type\":\"WebPage\",\"@id\":\"https:\\\/\\\/hundtgroup.com\\\/cs\\\/produkt\\\/cerna-plastova-zatka\\\/\",\"url\":\"https:\\\/\\\/hundtgroup.com\\\/cs\\\/produkt\\\/cerna-plastova-zatka\\\/\",\"name\":\"\u010cern\u00e1 plastov\u00e1 z\u00e1tka - Wilhelm Hundt GmbH\",\"isPartOf\":{\"@id\":\"https:\\\/\\\/hundtgroup.com\\\/cs\\\/#website\"},\"primaryImageOfPage\":{\"@id\":\"https:\\\/\\\/hundtgroup.com\\\/cs\\\/produkt\\\/cerna-plastova-zatka\\\/#primaryimage\"},\"image\":{\"@id\":\"https:\\\/\\\/hundtgroup.com\\\/cs\\\/produkt\\\/cerna-plastova-zatka\\\/#primaryimage\"},\"thumbnailUrl\":\"https:\\\/\\\/hundtgroup.com\\\/wp-content\\\/uploads\\\/455315.jpg\",\"datePublished\":\"2022-10-26T13:59:39+00:00\",\"dateModified\":\"2025-08-06T06:47:10+00:00\",\"breadcrumb\":{\"@id\":\"https:\\\/\\\/hundtgroup.com\\\/cs\\\/produkt\\\/cerna-plastova-zatka\\\/#breadcrumb\"},\"inLanguage\":\"cs\",\"potentialAction\":[{\"@type\":\"ReadAction\",\"target\":[\"https:\\\/\\\/hundtgroup.com\\\/cs\\\/produkt\\\/cerna-plastova-zatka\\\/\"]}]},{\"@type\":\"ImageObject\",\"inLanguage\":\"cs\",\"@id\":\"https:\\\/\\\/hundtgroup.com\\\/cs\\\/produkt\\\/cerna-plastova-zatka\\\/#primaryimage\",\"url\":\"https:\\\/\\\/hundtgroup.com\\\/wp-content\\\/uploads\\\/455315.jpg\",\"contentUrl\":\"https:\\\/\\\/hundtgroup.com\\\/wp-content\\\/uploads\\\/455315.jpg\",\"width\":523,\"height\":353},{\"@type\":\"BreadcrumbList\",\"@id\":\"https:\\\/\\\/hundtgroup.com\\\/cs\\\/produkt\\\/cerna-plastova-zatka\\\/#breadcrumb\",\"itemListElement\":[{\"@type\":\"ListItem\",\"position\":1,\"name\":\"Startseite\",\"item\":\"https:\\\/\\\/hundtgroup.com\\\/cs\\\/home-nove\\\/\"},{\"@type\":\"ListItem\",\"position\":2,\"name\":\"Obchod\",\"item\":\"https:\\\/\\\/hundtgroup.com\\\/obchod\\\/\"},{\"@type\":\"ListItem\",\"position\":3,\"name\":\"\u010cern\u00e1 plastov\u00e1 z\u00e1tka\"}]},{\"@type\":\"WebSite\",\"@id\":\"https:\\\/\\\/hundtgroup.com\\\/cs\\\/#website\",\"url\":\"https:\\\/\\\/hundtgroup.com\\\/cs\\\/\",\"name\":\"Wilhelm Hundt GmbH\",\"description\":\"V\u00e1\u0161 specialista na stroje a n\u00e1stroje pro zpracov\u00e1n\u00ed plechu\",\"potentialAction\":[{\"@type\":\"SearchAction\",\"target\":{\"@type\":\"EntryPoint\",\"urlTemplate\":\"https:\\\/\\\/hundtgroup.com\\\/cs\\\/?s={search_term_string}\"},\"query-input\":{\"@type\":\"PropertyValueSpecification\",\"valueRequired\":true,\"valueName\":\"search_term_string\"}}],\"inLanguage\":\"cs\"}]}<\/script>\n<!-- \/ Yoast SEO plugin. -->","yoast_head_json":{"title":"\u010cern\u00e1 plastov\u00e1 z\u00e1tka - Wilhelm Hundt GmbH","robots":{"index":"index","follow":"follow","max-snippet":"max-snippet:-1","max-image-preview":"max-image-preview:large","max-video-preview":"max-video-preview:-1"},"canonical":"https:\/\/hundtgroup.com\/cs\/produkt\/cerna-plastova-zatka\/","og_locale":"cs_CZ","og_type":"article","og_title":"\u010cern\u00e1 plastov\u00e1 z\u00e1tka - Wilhelm Hundt GmbH","og_description":"\u010cern\u00e9 z\u00e1tky z PU p\u011bny \u010cern\u00e9 plastov\u00e9 z\u00e1tky jsou stabilizov\u00e1ny proti pov\u011btrnostn\u00edm vliv\u016fm p\u0159\u00eddavkem aktivn\u00edho uhl\u00ed Cena za 1 000 kus\u016f (nap\u0159. objednac\u00ed mno\u017estv\u00ed 5 = 5 000 kus\u016f) Balic\u00ed jednotka 5 000 kus\u016f Minim\u00e1ln\u00ed objednac\u00ed mno\u017estv\u00ed 1 000 kus\u016f","og_url":"https:\/\/hundtgroup.com\/cs\/produkt\/cerna-plastova-zatka\/","og_site_name":"Wilhelm Hundt GmbH","article_modified_time":"2025-08-06T06:47:10+00:00","og_image":[{"width":523,"height":353,"url":"https:\/\/hundtgroup.com\/wp-content\/uploads\/455315.jpg","type":"image\/jpeg"}],"twitter_card":"summary_large_image","schema":{"@context":"https:\/\/schema.org","@graph":[{"@type":"WebPage","@id":"https:\/\/hundtgroup.com\/cs\/produkt\/cerna-plastova-zatka\/","url":"https:\/\/hundtgroup.com\/cs\/produkt\/cerna-plastova-zatka\/","name":"\u010cern\u00e1 plastov\u00e1 z\u00e1tka - Wilhelm Hundt GmbH","isPartOf":{"@id":"https:\/\/hundtgroup.com\/cs\/#website"},"primaryImageOfPage":{"@id":"https:\/\/hundtgroup.com\/cs\/produkt\/cerna-plastova-zatka\/#primaryimage"},"image":{"@id":"https:\/\/hundtgroup.com\/cs\/produkt\/cerna-plastova-zatka\/#primaryimage"},"thumbnailUrl":"https:\/\/hundtgroup.com\/wp-content\/uploads\/455315.jpg","datePublished":"2022-10-26T13:59:39+00:00","dateModified":"2025-08-06T06:47:10+00:00","breadcrumb":{"@id":"https:\/\/hundtgroup.com\/cs\/produkt\/cerna-plastova-zatka\/#breadcrumb"},"inLanguage":"cs","potentialAction":[{"@type":"ReadAction","target":["https:\/\/hundtgroup.com\/cs\/produkt\/cerna-plastova-zatka\/"]}]},{"@type":"ImageObject","inLanguage":"cs","@id":"https:\/\/hundtgroup.com\/cs\/produkt\/cerna-plastova-zatka\/#primaryimage","url":"https:\/\/hundtgroup.com\/wp-content\/uploads\/455315.jpg","contentUrl":"https:\/\/hundtgroup.com\/wp-content\/uploads\/455315.jpg","width":523,"height":353},{"@type":"BreadcrumbList","@id":"https:\/\/hundtgroup.com\/cs\/produkt\/cerna-plastova-zatka\/#breadcrumb","itemListElement":[{"@type":"ListItem","position":1,"name":"Startseite","item":"https:\/\/hundtgroup.com\/cs\/home-nove\/"},{"@type":"ListItem","position":2,"name":"Obchod","item":"https:\/\/hundtgroup.com\/obchod\/"},{"@type":"ListItem","position":3,"name":"\u010cern\u00e1 plastov\u00e1 z\u00e1tka"}]},{"@type":"WebSite","@id":"https:\/\/hundtgroup.com\/cs\/#website","url":"https:\/\/hundtgroup.com\/cs\/","name":"Wilhelm Hundt GmbH","description":"V\u00e1\u0161 specialista na stroje a n\u00e1stroje pro zpracov\u00e1n\u00ed plechu","potentialAction":[{"@type":"SearchAction","target":{"@type":"EntryPoint","urlTemplate":"https:\/\/hundtgroup.com\/cs\/?s={search_term_string}"},"query-input":{"@type":"PropertyValueSpecification","valueRequired":true,"valueName":"search_term_string"}}],"inLanguage":"cs"}]}},"_links":{"self":[{"href":"https:\/\/hundtgroup.com\/cs\/wp-json\/wp\/v2\/product\/24497","targetHints":{"allow":["GET"]}}],"collection":[{"href":"https:\/\/hundtgroup.com\/cs\/wp-json\/wp\/v2\/product"}],"about":[{"href":"https:\/\/hundtgroup.com\/cs\/wp-json\/wp\/v2\/types\/product"}],"wp:featuredmedia":[{"embeddable":true,"href":"https:\/\/hundtgroup.com\/cs\/wp-json\/wp\/v2\/media\/24499"}],"wp:attachment":[{"href":"https:\/\/hundtgroup.com\/cs\/wp-json\/wp\/v2\/media?parent=24497"}],"wp:term":[{"taxonomy":"product_cat","embeddable":true,"href":"https:\/\/hundtgroup.com\/cs\/wp-json\/wp\/v2\/product_cat?post=24497"},{"taxonomy":"product_tag","embeddable":true,"href":"https:\/\/hundtgroup.com\/cs\/wp-json\/wp\/v2\/product_tag?post=24497"}],"curies":[{"name":"wp","href":"https:\/\/api.w.org\/{rel}","templated":true}]}}