{"id":24835,"date":"2022-10-26T15:59:34","date_gmt":"2022-10-26T13:59:34","guid":{"rendered":"https:\/\/hundtgroup.com\/produkt\/25-m-kovovy-kabelovy-navijak-staveniste\/"},"modified":"2025-08-05T18:12:34","modified_gmt":"2025-08-05T16:12:34","slug":"25-m-kovovy-kabelovy-navijak-staveniste","status":"publish","type":"product","link":"https:\/\/hundtgroup.com\/cs\/produkt\/25-m-kovovy-kabelovy-navijak-staveniste\/","title":{"rendered":"25 m kovov\u00fd kabelov\u00fd navij\u00e1k staveni\u0161t\u011b"},"content":{"rendered":"<p>Vhodn\u00e9 pro pou\u017eit\u00ed na stavb\u00e1ch.<br \/>\nT\u011blo navij\u00e1ku ze \u017e\u00e1rov\u011b pozinkovan\u00e9ho ocelov\u00e9ho plechu se speci\u00e1ln\u00ed ochrannou izolac\u00ed, kter\u00e1 chr\u00e1n\u00ed p\u0159ed \u00farazem elektrick\u00fdm proudem zp\u016fsoben\u00fdm vadn\u00fdmi kabelov\u00fdmi svazky p\u0159i nav\u00edjen\u00ed kabelu.<br \/>\nN\u00e1razuvzdorn\u00fd, stabiln\u00ed, pozinkovan\u00fd z\u00e1kladn\u00ed r\u00e1m s areta\u010dn\u00ed brzdou.<br \/>\nTepeln\u00fd jisti\u010d VDE s automatickou funkc\u00ed na ochranu p\u0159ed p\u0159eh\u0159\u00e1t\u00edm.<br \/>\n3 ochrann\u00e9 kontaktn\u00ed z\u00e1suvky s bezpe\u010dnostn\u00edmi v\u00fdklopn\u00fdmi v\u00edky a zna\u010dkou kladiva.<br \/>\nS patentovan\u00fdm veden\u00edm kabelu.<br \/>\nKabelov\u00fd navij\u00e1k testov\u00e1n DGUV. Spl\u0148uje po\u017eadavky normy BGI 608 <\/p>\n","protected":false},"excerpt":{"rendered":"<p>Vhodn\u00e9 pro pou\u017eit\u00ed na stavb\u00e1ch. T\u011blo navij\u00e1ku ze \u017e\u00e1rov\u011b pozinkovan\u00e9ho ocelov\u00e9ho plechu se speci\u00e1ln\u00ed ochrannou izolac\u00ed, kter\u00e1 chr\u00e1n\u00ed p\u0159ed \u00farazem elektrick\u00fdm proudem zp\u016fsoben\u00fdm vadn\u00fdmi kabelov\u00fdmi svazky p\u0159i nav\u00edjen\u00ed kabelu. N\u00e1razuvzdorn\u00fd, stabiln\u00ed, pozinkovan\u00fd z\u00e1kladn\u00ed r\u00e1m s areta\u010dn\u00ed brzdou. Tepeln\u00fd jisti\u010d VDE s automatickou funkc\u00ed na ochranu p\u0159ed p\u0159eh\u0159\u00e1t\u00edm. 3 ochrann\u00e9 kontaktn\u00ed z\u00e1suvky s bezpe\u010dnostn\u00edmi v\u00fdklopn\u00fdmi v\u00edky [&hellip;]<\/p>\n","protected":false},"featured_media":24297,"template":"","meta":{"_acf_changed":false,"inline_featured_image":false},"product_cat":[1632,1548],"product_tag":[],"class_list":{"0":"post-24835","1":"product","2":"type-product","3":"status-publish","4":"has-post-thumbnail","6":"brand-hundt","7":"product_cat-kabelove-bubny","8":"product_cat-elektricke","10":"first","11":"instock","12":"taxable","13":"shipping-taxable","14":"purchasable","15":"product-type-simple","16":"add-to-wishlist-before_image"},"acf":[],"yoast_head":"<!-- This site is optimized with the Yoast SEO plugin v27.3 - https:\/\/yoast.com\/product\/yoast-seo-wordpress\/ -->\n<title>25 m kovov\u00fd kabelov\u00fd navij\u00e1k staveni\u0161t\u011b - Wilhelm Hundt GmbH<\/title>\n<meta name=\"robots\" content=\"index, follow, max-snippet:-1, max-image-preview:large, max-video-preview:-1\" \/>\n<link rel=\"canonical\" href=\"https:\/\/hundtgroup.com\/cs\/produkt\/25-m-kovovy-kabelovy-navijak-staveniste\/\" \/>\n<meta property=\"og:locale\" content=\"cs_CZ\" \/>\n<meta property=\"og:type\" content=\"article\" \/>\n<meta property=\"og:title\" content=\"25 m kovov\u00fd kabelov\u00fd navij\u00e1k staveni\u0161t\u011b - Wilhelm Hundt GmbH\" \/>\n<meta property=\"og:description\" content=\"Vhodn\u00e9 pro pou\u017eit\u00ed na stavb\u00e1ch. T\u011blo navij\u00e1ku ze \u017e\u00e1rov\u011b pozinkovan\u00e9ho ocelov\u00e9ho plechu se speci\u00e1ln\u00ed ochrannou izolac\u00ed, kter\u00e1 chr\u00e1n\u00ed p\u0159ed \u00farazem elektrick\u00fdm proudem zp\u016fsoben\u00fdm vadn\u00fdmi kabelov\u00fdmi svazky p\u0159i nav\u00edjen\u00ed kabelu. N\u00e1razuvzdorn\u00fd, stabiln\u00ed, pozinkovan\u00fd z\u00e1kladn\u00ed r\u00e1m s areta\u010dn\u00ed brzdou. Tepeln\u00fd jisti\u010d VDE s automatickou funkc\u00ed na ochranu p\u0159ed p\u0159eh\u0159\u00e1t\u00edm. 3 ochrann\u00e9 kontaktn\u00ed z\u00e1suvky s bezpe\u010dnostn\u00edmi v\u00fdklopn\u00fdmi v\u00edky [&hellip;]\" \/>\n<meta property=\"og:url\" content=\"https:\/\/hundtgroup.com\/cs\/produkt\/25-m-kovovy-kabelovy-navijak-staveniste\/\" \/>\n<meta property=\"og:site_name\" content=\"Wilhelm Hundt GmbH\" \/>\n<meta property=\"article:modified_time\" content=\"2025-08-05T16:12:34+00:00\" \/>\n<meta property=\"og:image\" content=\"https:\/\/hundtgroup.com\/wp-content\/uploads\/230014.png\" \/>\n\t<meta property=\"og:image:width\" content=\"442\" \/>\n\t<meta property=\"og:image:height\" content=\"591\" \/>\n\t<meta property=\"og:image:type\" content=\"image\/png\" \/>\n<meta name=\"twitter:card\" content=\"summary_large_image\" \/>\n<meta name=\"twitter:label1\" content=\"Odhadovan\u00e1 doba \u010dten\u00ed\" \/>\n\t<meta name=\"twitter:data1\" content=\"1 minuta\" \/>\n<script type=\"application\/ld+json\" class=\"yoast-schema-graph\">{\"@context\":\"https:\\\/\\\/schema.org\",\"@graph\":[{\"@type\":\"WebPage\",\"@id\":\"https:\\\/\\\/hundtgroup.com\\\/cs\\\/produkt\\\/25-m-kovovy-kabelovy-navijak-staveniste\\\/\",\"url\":\"https:\\\/\\\/hundtgroup.com\\\/cs\\\/produkt\\\/25-m-kovovy-kabelovy-navijak-staveniste\\\/\",\"name\":\"25 m kovov\u00fd kabelov\u00fd navij\u00e1k staveni\u0161t\u011b - Wilhelm Hundt GmbH\",\"isPartOf\":{\"@id\":\"https:\\\/\\\/hundtgroup.com\\\/cs\\\/#website\"},\"primaryImageOfPage\":{\"@id\":\"https:\\\/\\\/hundtgroup.com\\\/cs\\\/produkt\\\/25-m-kovovy-kabelovy-navijak-staveniste\\\/#primaryimage\"},\"image\":{\"@id\":\"https:\\\/\\\/hundtgroup.com\\\/cs\\\/produkt\\\/25-m-kovovy-kabelovy-navijak-staveniste\\\/#primaryimage\"},\"thumbnailUrl\":\"https:\\\/\\\/hundtgroup.com\\\/wp-content\\\/uploads\\\/230014.png\",\"datePublished\":\"2022-10-26T13:59:34+00:00\",\"dateModified\":\"2025-08-05T16:12:34+00:00\",\"breadcrumb\":{\"@id\":\"https:\\\/\\\/hundtgroup.com\\\/cs\\\/produkt\\\/25-m-kovovy-kabelovy-navijak-staveniste\\\/#breadcrumb\"},\"inLanguage\":\"cs\",\"potentialAction\":[{\"@type\":\"ReadAction\",\"target\":[\"https:\\\/\\\/hundtgroup.com\\\/cs\\\/produkt\\\/25-m-kovovy-kabelovy-navijak-staveniste\\\/\"]}]},{\"@type\":\"ImageObject\",\"inLanguage\":\"cs\",\"@id\":\"https:\\\/\\\/hundtgroup.com\\\/cs\\\/produkt\\\/25-m-kovovy-kabelovy-navijak-staveniste\\\/#primaryimage\",\"url\":\"https:\\\/\\\/hundtgroup.com\\\/wp-content\\\/uploads\\\/230014.png\",\"contentUrl\":\"https:\\\/\\\/hundtgroup.com\\\/wp-content\\\/uploads\\\/230014.png\",\"width\":442,\"height\":591},{\"@type\":\"BreadcrumbList\",\"@id\":\"https:\\\/\\\/hundtgroup.com\\\/cs\\\/produkt\\\/25-m-kovovy-kabelovy-navijak-staveniste\\\/#breadcrumb\",\"itemListElement\":[{\"@type\":\"ListItem\",\"position\":1,\"name\":\"Startseite\",\"item\":\"https:\\\/\\\/hundtgroup.com\\\/cs\\\/home-nove\\\/\"},{\"@type\":\"ListItem\",\"position\":2,\"name\":\"Obchod\",\"item\":\"https:\\\/\\\/hundtgroup.com\\\/obchod\\\/\"},{\"@type\":\"ListItem\",\"position\":3,\"name\":\"25 m kovov\u00fd kabelov\u00fd navij\u00e1k staveni\u0161t\u011b\"}]},{\"@type\":\"WebSite\",\"@id\":\"https:\\\/\\\/hundtgroup.com\\\/cs\\\/#website\",\"url\":\"https:\\\/\\\/hundtgroup.com\\\/cs\\\/\",\"name\":\"Wilhelm Hundt GmbH\",\"description\":\"V\u00e1\u0161 specialista na stroje a n\u00e1stroje pro zpracov\u00e1n\u00ed plechu\",\"potentialAction\":[{\"@type\":\"SearchAction\",\"target\":{\"@type\":\"EntryPoint\",\"urlTemplate\":\"https:\\\/\\\/hundtgroup.com\\\/cs\\\/?s={search_term_string}\"},\"query-input\":{\"@type\":\"PropertyValueSpecification\",\"valueRequired\":true,\"valueName\":\"search_term_string\"}}],\"inLanguage\":\"cs\"}]}<\/script>\n<!-- \/ Yoast SEO plugin. -->","yoast_head_json":{"title":"25 m kovov\u00fd kabelov\u00fd navij\u00e1k staveni\u0161t\u011b - Wilhelm Hundt GmbH","robots":{"index":"index","follow":"follow","max-snippet":"max-snippet:-1","max-image-preview":"max-image-preview:large","max-video-preview":"max-video-preview:-1"},"canonical":"https:\/\/hundtgroup.com\/cs\/produkt\/25-m-kovovy-kabelovy-navijak-staveniste\/","og_locale":"cs_CZ","og_type":"article","og_title":"25 m kovov\u00fd kabelov\u00fd navij\u00e1k staveni\u0161t\u011b - Wilhelm Hundt GmbH","og_description":"Vhodn\u00e9 pro pou\u017eit\u00ed na stavb\u00e1ch. T\u011blo navij\u00e1ku ze \u017e\u00e1rov\u011b pozinkovan\u00e9ho ocelov\u00e9ho plechu se speci\u00e1ln\u00ed ochrannou izolac\u00ed, kter\u00e1 chr\u00e1n\u00ed p\u0159ed \u00farazem elektrick\u00fdm proudem zp\u016fsoben\u00fdm vadn\u00fdmi kabelov\u00fdmi svazky p\u0159i nav\u00edjen\u00ed kabelu. N\u00e1razuvzdorn\u00fd, stabiln\u00ed, pozinkovan\u00fd z\u00e1kladn\u00ed r\u00e1m s areta\u010dn\u00ed brzdou. Tepeln\u00fd jisti\u010d VDE s automatickou funkc\u00ed na ochranu p\u0159ed p\u0159eh\u0159\u00e1t\u00edm. 3 ochrann\u00e9 kontaktn\u00ed z\u00e1suvky s bezpe\u010dnostn\u00edmi v\u00fdklopn\u00fdmi v\u00edky [&hellip;]","og_url":"https:\/\/hundtgroup.com\/cs\/produkt\/25-m-kovovy-kabelovy-navijak-staveniste\/","og_site_name":"Wilhelm Hundt GmbH","article_modified_time":"2025-08-05T16:12:34+00:00","og_image":[{"width":442,"height":591,"url":"https:\/\/hundtgroup.com\/wp-content\/uploads\/230014.png","type":"image\/png"}],"twitter_card":"summary_large_image","twitter_misc":{"Odhadovan\u00e1 doba \u010dten\u00ed":"1 minuta"},"schema":{"@context":"https:\/\/schema.org","@graph":[{"@type":"WebPage","@id":"https:\/\/hundtgroup.com\/cs\/produkt\/25-m-kovovy-kabelovy-navijak-staveniste\/","url":"https:\/\/hundtgroup.com\/cs\/produkt\/25-m-kovovy-kabelovy-navijak-staveniste\/","name":"25 m kovov\u00fd kabelov\u00fd navij\u00e1k staveni\u0161t\u011b - Wilhelm Hundt GmbH","isPartOf":{"@id":"https:\/\/hundtgroup.com\/cs\/#website"},"primaryImageOfPage":{"@id":"https:\/\/hundtgroup.com\/cs\/produkt\/25-m-kovovy-kabelovy-navijak-staveniste\/#primaryimage"},"image":{"@id":"https:\/\/hundtgroup.com\/cs\/produkt\/25-m-kovovy-kabelovy-navijak-staveniste\/#primaryimage"},"thumbnailUrl":"https:\/\/hundtgroup.com\/wp-content\/uploads\/230014.png","datePublished":"2022-10-26T13:59:34+00:00","dateModified":"2025-08-05T16:12:34+00:00","breadcrumb":{"@id":"https:\/\/hundtgroup.com\/cs\/produkt\/25-m-kovovy-kabelovy-navijak-staveniste\/#breadcrumb"},"inLanguage":"cs","potentialAction":[{"@type":"ReadAction","target":["https:\/\/hundtgroup.com\/cs\/produkt\/25-m-kovovy-kabelovy-navijak-staveniste\/"]}]},{"@type":"ImageObject","inLanguage":"cs","@id":"https:\/\/hundtgroup.com\/cs\/produkt\/25-m-kovovy-kabelovy-navijak-staveniste\/#primaryimage","url":"https:\/\/hundtgroup.com\/wp-content\/uploads\/230014.png","contentUrl":"https:\/\/hundtgroup.com\/wp-content\/uploads\/230014.png","width":442,"height":591},{"@type":"BreadcrumbList","@id":"https:\/\/hundtgroup.com\/cs\/produkt\/25-m-kovovy-kabelovy-navijak-staveniste\/#breadcrumb","itemListElement":[{"@type":"ListItem","position":1,"name":"Startseite","item":"https:\/\/hundtgroup.com\/cs\/home-nove\/"},{"@type":"ListItem","position":2,"name":"Obchod","item":"https:\/\/hundtgroup.com\/obchod\/"},{"@type":"ListItem","position":3,"name":"25 m kovov\u00fd kabelov\u00fd navij\u00e1k staveni\u0161t\u011b"}]},{"@type":"WebSite","@id":"https:\/\/hundtgroup.com\/cs\/#website","url":"https:\/\/hundtgroup.com\/cs\/","name":"Wilhelm Hundt GmbH","description":"V\u00e1\u0161 specialista na stroje a n\u00e1stroje pro zpracov\u00e1n\u00ed plechu","potentialAction":[{"@type":"SearchAction","target":{"@type":"EntryPoint","urlTemplate":"https:\/\/hundtgroup.com\/cs\/?s={search_term_string}"},"query-input":{"@type":"PropertyValueSpecification","valueRequired":true,"valueName":"search_term_string"}}],"inLanguage":"cs"}]}},"_links":{"self":[{"href":"https:\/\/hundtgroup.com\/cs\/wp-json\/wp\/v2\/product\/24835","targetHints":{"allow":["GET"]}}],"collection":[{"href":"https:\/\/hundtgroup.com\/cs\/wp-json\/wp\/v2\/product"}],"about":[{"href":"https:\/\/hundtgroup.com\/cs\/wp-json\/wp\/v2\/types\/product"}],"wp:featuredmedia":[{"embeddable":true,"href":"https:\/\/hundtgroup.com\/cs\/wp-json\/wp\/v2\/media\/24297"}],"wp:attachment":[{"href":"https:\/\/hundtgroup.com\/cs\/wp-json\/wp\/v2\/media?parent=24835"}],"wp:term":[{"taxonomy":"product_cat","embeddable":true,"href":"https:\/\/hundtgroup.com\/cs\/wp-json\/wp\/v2\/product_cat?post=24835"},{"taxonomy":"product_tag","embeddable":true,"href":"https:\/\/hundtgroup.com\/cs\/wp-json\/wp\/v2\/product_tag?post=24835"}],"curies":[{"name":"wp","href":"https:\/\/api.w.org\/{rel}","templated":true}]}}