{"id":25021,"date":"2022-10-26T15:59:39","date_gmt":"2022-10-26T13:59:39","guid":{"rendered":"https:\/\/hundtgroup.com\/produkt\/pracovni-rukavice-cygnomont-22-velikost-9\/"},"modified":"2025-08-05T18:06:23","modified_gmt":"2025-08-05T16:06:23","slug":"pracovni-rukavice-cygnomont-22-velikost-9","status":"publish","type":"product","link":"https:\/\/hundtgroup.com\/cs\/produkt\/pracovni-rukavice-cygnomont-22-velikost-9\/","title":{"rendered":"Pracovn\u00ed rukavice Cygnomont 22 velikost 9"},"content":{"rendered":"<p>Nylonov\u00e9 rukavice z jemn\u00e9ho \u00fapletu s \u010dern\u00fdm PU povlakem a beze\u0161v\u00fdm kruhov\u00fdm \u00fapletem pro vynikaj\u00edc\u00ed obratnost a padnut\u00ed.<br \/>\nPrody\u0161n\u00e9 d\u00edky otev\u0159en\u00e9mu h\u0159betu<br \/>\nPU povlak pro jist\u00fd \u00fachop a extra vysokou odolnost proti od\u011bru<\/p>\n<p>Hlavn\u00ed oblasti pou\u017eit\u00ed: Pro p\u0159esn\u00e9 pr\u00e1ce, dokon\u010dovac\u00ed pr\u00e1ce, v\u0161eobecn\u00e9 pr\u00e1ce a kontrolu kvality.<\/p>\n","protected":false},"excerpt":{"rendered":"<p>Nylonov\u00e9 rukavice z jemn\u00e9ho \u00fapletu s \u010dern\u00fdm PU povlakem a beze\u0161v\u00fdm kruhov\u00fdm \u00fapletem pro vynikaj\u00edc\u00ed obratnost a padnut\u00ed. Prody\u0161n\u00e9 d\u00edky otev\u0159en\u00e9mu h\u0159betu PU povlak pro jist\u00fd \u00fachop a extra vysokou odolnost proti od\u011bru Hlavn\u00ed oblasti pou\u017eit\u00ed: Pro p\u0159esn\u00e9 pr\u00e1ce, dokon\u010dovac\u00ed pr\u00e1ce, v\u0161eobecn\u00e9 pr\u00e1ce a kontrolu kvality.<\/p>\n","protected":false},"featured_media":24442,"template":"","meta":{"_acf_changed":false,"inline_featured_image":false},"product_cat":[1636,1547],"product_tag":[],"class_list":{"0":"post-25021","1":"product","2":"type-product","3":"status-publish","4":"has-post-thumbnail","6":"brand-hundt","7":"product_cat-pracovni-rukavice","8":"product_cat-bezpecnost-prace","10":"first","11":"instock","12":"taxable","13":"shipping-taxable","14":"purchasable","15":"product-type-simple","16":"add-to-wishlist-before_image"},"acf":[],"yoast_head":"<!-- This site is optimized with the Yoast SEO plugin v27.3 - https:\/\/yoast.com\/product\/yoast-seo-wordpress\/ -->\n<title>Pracovn\u00ed rukavice Cygnomont 22 velikost 9 - Wilhelm Hundt GmbH<\/title>\n<meta name=\"robots\" content=\"index, follow, max-snippet:-1, max-image-preview:large, max-video-preview:-1\" \/>\n<link rel=\"canonical\" href=\"https:\/\/hundtgroup.com\/cs\/produkt\/pracovni-rukavice-cygnomont-22-velikost-9\/\" \/>\n<meta property=\"og:locale\" content=\"cs_CZ\" \/>\n<meta property=\"og:type\" content=\"article\" \/>\n<meta property=\"og:title\" content=\"Pracovn\u00ed rukavice Cygnomont 22 velikost 9 - Wilhelm Hundt GmbH\" \/>\n<meta property=\"og:description\" content=\"Nylonov\u00e9 rukavice z jemn\u00e9ho \u00fapletu s \u010dern\u00fdm PU povlakem a beze\u0161v\u00fdm kruhov\u00fdm \u00fapletem pro vynikaj\u00edc\u00ed obratnost a padnut\u00ed. Prody\u0161n\u00e9 d\u00edky otev\u0159en\u00e9mu h\u0159betu PU povlak pro jist\u00fd \u00fachop a extra vysokou odolnost proti od\u011bru Hlavn\u00ed oblasti pou\u017eit\u00ed: Pro p\u0159esn\u00e9 pr\u00e1ce, dokon\u010dovac\u00ed pr\u00e1ce, v\u0161eobecn\u00e9 pr\u00e1ce a kontrolu kvality.\" \/>\n<meta property=\"og:url\" content=\"https:\/\/hundtgroup.com\/cs\/produkt\/pracovni-rukavice-cygnomont-22-velikost-9\/\" \/>\n<meta property=\"og:site_name\" content=\"Wilhelm Hundt GmbH\" \/>\n<meta property=\"article:modified_time\" content=\"2025-08-05T16:06:23+00:00\" \/>\n<meta property=\"og:image\" content=\"https:\/\/hundtgroup.com\/wp-content\/uploads\/290179.png\" \/>\n\t<meta property=\"og:image:width\" content=\"517\" \/>\n\t<meta property=\"og:image:height\" content=\"472\" \/>\n\t<meta property=\"og:image:type\" content=\"image\/png\" \/>\n<meta name=\"twitter:card\" content=\"summary_large_image\" \/>\n<script type=\"application\/ld+json\" class=\"yoast-schema-graph\">{\"@context\":\"https:\\\/\\\/schema.org\",\"@graph\":[{\"@type\":\"WebPage\",\"@id\":\"https:\\\/\\\/hundtgroup.com\\\/cs\\\/produkt\\\/pracovni-rukavice-cygnomont-22-velikost-9\\\/\",\"url\":\"https:\\\/\\\/hundtgroup.com\\\/cs\\\/produkt\\\/pracovni-rukavice-cygnomont-22-velikost-9\\\/\",\"name\":\"Pracovn\u00ed rukavice Cygnomont 22 velikost 9 - Wilhelm Hundt GmbH\",\"isPartOf\":{\"@id\":\"https:\\\/\\\/hundtgroup.com\\\/cs\\\/#website\"},\"primaryImageOfPage\":{\"@id\":\"https:\\\/\\\/hundtgroup.com\\\/cs\\\/produkt\\\/pracovni-rukavice-cygnomont-22-velikost-9\\\/#primaryimage\"},\"image\":{\"@id\":\"https:\\\/\\\/hundtgroup.com\\\/cs\\\/produkt\\\/pracovni-rukavice-cygnomont-22-velikost-9\\\/#primaryimage\"},\"thumbnailUrl\":\"https:\\\/\\\/hundtgroup.com\\\/wp-content\\\/uploads\\\/290179.png\",\"datePublished\":\"2022-10-26T13:59:39+00:00\",\"dateModified\":\"2025-08-05T16:06:23+00:00\",\"breadcrumb\":{\"@id\":\"https:\\\/\\\/hundtgroup.com\\\/cs\\\/produkt\\\/pracovni-rukavice-cygnomont-22-velikost-9\\\/#breadcrumb\"},\"inLanguage\":\"cs\",\"potentialAction\":[{\"@type\":\"ReadAction\",\"target\":[\"https:\\\/\\\/hundtgroup.com\\\/cs\\\/produkt\\\/pracovni-rukavice-cygnomont-22-velikost-9\\\/\"]}]},{\"@type\":\"ImageObject\",\"inLanguage\":\"cs\",\"@id\":\"https:\\\/\\\/hundtgroup.com\\\/cs\\\/produkt\\\/pracovni-rukavice-cygnomont-22-velikost-9\\\/#primaryimage\",\"url\":\"https:\\\/\\\/hundtgroup.com\\\/wp-content\\\/uploads\\\/290179.png\",\"contentUrl\":\"https:\\\/\\\/hundtgroup.com\\\/wp-content\\\/uploads\\\/290179.png\",\"width\":517,\"height\":472},{\"@type\":\"BreadcrumbList\",\"@id\":\"https:\\\/\\\/hundtgroup.com\\\/cs\\\/produkt\\\/pracovni-rukavice-cygnomont-22-velikost-9\\\/#breadcrumb\",\"itemListElement\":[{\"@type\":\"ListItem\",\"position\":1,\"name\":\"Startseite\",\"item\":\"https:\\\/\\\/hundtgroup.com\\\/cs\\\/home-nove\\\/\"},{\"@type\":\"ListItem\",\"position\":2,\"name\":\"Obchod\",\"item\":\"https:\\\/\\\/hundtgroup.com\\\/obchod\\\/\"},{\"@type\":\"ListItem\",\"position\":3,\"name\":\"Pracovn\u00ed rukavice Cygnomont 22 velikost 9\"}]},{\"@type\":\"WebSite\",\"@id\":\"https:\\\/\\\/hundtgroup.com\\\/cs\\\/#website\",\"url\":\"https:\\\/\\\/hundtgroup.com\\\/cs\\\/\",\"name\":\"Wilhelm Hundt GmbH\",\"description\":\"V\u00e1\u0161 specialista na stroje a n\u00e1stroje pro zpracov\u00e1n\u00ed plechu\",\"potentialAction\":[{\"@type\":\"SearchAction\",\"target\":{\"@type\":\"EntryPoint\",\"urlTemplate\":\"https:\\\/\\\/hundtgroup.com\\\/cs\\\/?s={search_term_string}\"},\"query-input\":{\"@type\":\"PropertyValueSpecification\",\"valueRequired\":true,\"valueName\":\"search_term_string\"}}],\"inLanguage\":\"cs\"}]}<\/script>\n<!-- \/ Yoast SEO plugin. -->","yoast_head_json":{"title":"Pracovn\u00ed rukavice Cygnomont 22 velikost 9 - Wilhelm Hundt GmbH","robots":{"index":"index","follow":"follow","max-snippet":"max-snippet:-1","max-image-preview":"max-image-preview:large","max-video-preview":"max-video-preview:-1"},"canonical":"https:\/\/hundtgroup.com\/cs\/produkt\/pracovni-rukavice-cygnomont-22-velikost-9\/","og_locale":"cs_CZ","og_type":"article","og_title":"Pracovn\u00ed rukavice Cygnomont 22 velikost 9 - Wilhelm Hundt GmbH","og_description":"Nylonov\u00e9 rukavice z jemn\u00e9ho \u00fapletu s \u010dern\u00fdm PU povlakem a beze\u0161v\u00fdm kruhov\u00fdm \u00fapletem pro vynikaj\u00edc\u00ed obratnost a padnut\u00ed. Prody\u0161n\u00e9 d\u00edky otev\u0159en\u00e9mu h\u0159betu PU povlak pro jist\u00fd \u00fachop a extra vysokou odolnost proti od\u011bru Hlavn\u00ed oblasti pou\u017eit\u00ed: Pro p\u0159esn\u00e9 pr\u00e1ce, dokon\u010dovac\u00ed pr\u00e1ce, v\u0161eobecn\u00e9 pr\u00e1ce a kontrolu kvality.","og_url":"https:\/\/hundtgroup.com\/cs\/produkt\/pracovni-rukavice-cygnomont-22-velikost-9\/","og_site_name":"Wilhelm Hundt GmbH","article_modified_time":"2025-08-05T16:06:23+00:00","og_image":[{"width":517,"height":472,"url":"https:\/\/hundtgroup.com\/wp-content\/uploads\/290179.png","type":"image\/png"}],"twitter_card":"summary_large_image","schema":{"@context":"https:\/\/schema.org","@graph":[{"@type":"WebPage","@id":"https:\/\/hundtgroup.com\/cs\/produkt\/pracovni-rukavice-cygnomont-22-velikost-9\/","url":"https:\/\/hundtgroup.com\/cs\/produkt\/pracovni-rukavice-cygnomont-22-velikost-9\/","name":"Pracovn\u00ed rukavice Cygnomont 22 velikost 9 - Wilhelm Hundt GmbH","isPartOf":{"@id":"https:\/\/hundtgroup.com\/cs\/#website"},"primaryImageOfPage":{"@id":"https:\/\/hundtgroup.com\/cs\/produkt\/pracovni-rukavice-cygnomont-22-velikost-9\/#primaryimage"},"image":{"@id":"https:\/\/hundtgroup.com\/cs\/produkt\/pracovni-rukavice-cygnomont-22-velikost-9\/#primaryimage"},"thumbnailUrl":"https:\/\/hundtgroup.com\/wp-content\/uploads\/290179.png","datePublished":"2022-10-26T13:59:39+00:00","dateModified":"2025-08-05T16:06:23+00:00","breadcrumb":{"@id":"https:\/\/hundtgroup.com\/cs\/produkt\/pracovni-rukavice-cygnomont-22-velikost-9\/#breadcrumb"},"inLanguage":"cs","potentialAction":[{"@type":"ReadAction","target":["https:\/\/hundtgroup.com\/cs\/produkt\/pracovni-rukavice-cygnomont-22-velikost-9\/"]}]},{"@type":"ImageObject","inLanguage":"cs","@id":"https:\/\/hundtgroup.com\/cs\/produkt\/pracovni-rukavice-cygnomont-22-velikost-9\/#primaryimage","url":"https:\/\/hundtgroup.com\/wp-content\/uploads\/290179.png","contentUrl":"https:\/\/hundtgroup.com\/wp-content\/uploads\/290179.png","width":517,"height":472},{"@type":"BreadcrumbList","@id":"https:\/\/hundtgroup.com\/cs\/produkt\/pracovni-rukavice-cygnomont-22-velikost-9\/#breadcrumb","itemListElement":[{"@type":"ListItem","position":1,"name":"Startseite","item":"https:\/\/hundtgroup.com\/cs\/home-nove\/"},{"@type":"ListItem","position":2,"name":"Obchod","item":"https:\/\/hundtgroup.com\/obchod\/"},{"@type":"ListItem","position":3,"name":"Pracovn\u00ed rukavice Cygnomont 22 velikost 9"}]},{"@type":"WebSite","@id":"https:\/\/hundtgroup.com\/cs\/#website","url":"https:\/\/hundtgroup.com\/cs\/","name":"Wilhelm Hundt GmbH","description":"V\u00e1\u0161 specialista na stroje a n\u00e1stroje pro zpracov\u00e1n\u00ed plechu","potentialAction":[{"@type":"SearchAction","target":{"@type":"EntryPoint","urlTemplate":"https:\/\/hundtgroup.com\/cs\/?s={search_term_string}"},"query-input":{"@type":"PropertyValueSpecification","valueRequired":true,"valueName":"search_term_string"}}],"inLanguage":"cs"}]}},"_links":{"self":[{"href":"https:\/\/hundtgroup.com\/cs\/wp-json\/wp\/v2\/product\/25021","targetHints":{"allow":["GET"]}}],"collection":[{"href":"https:\/\/hundtgroup.com\/cs\/wp-json\/wp\/v2\/product"}],"about":[{"href":"https:\/\/hundtgroup.com\/cs\/wp-json\/wp\/v2\/types\/product"}],"wp:featuredmedia":[{"embeddable":true,"href":"https:\/\/hundtgroup.com\/cs\/wp-json\/wp\/v2\/media\/24442"}],"wp:attachment":[{"href":"https:\/\/hundtgroup.com\/cs\/wp-json\/wp\/v2\/media?parent=25021"}],"wp:term":[{"taxonomy":"product_cat","embeddable":true,"href":"https:\/\/hundtgroup.com\/cs\/wp-json\/wp\/v2\/product_cat?post=25021"},{"taxonomy":"product_tag","embeddable":true,"href":"https:\/\/hundtgroup.com\/cs\/wp-json\/wp\/v2\/product_tag?post=25021"}],"curies":[{"name":"wp","href":"https:\/\/api.w.org\/{rel}","templated":true}]}}