{"id":25299,"date":"2022-10-26T15:59:16","date_gmt":"2022-10-26T13:59:16","guid":{"rendered":"https:\/\/hundtgroup.com\/produkt\/bz-103-a-nastroj-pro-slepe-nytovani\/"},"modified":"2025-07-29T13:05:42","modified_gmt":"2025-07-29T11:05:42","slug":"bz-103-a-nastroj-pro-slepe-nytovani","status":"publish","type":"product","link":"https:\/\/hundtgroup.com\/cs\/produkt\/bz-103-a-nastroj-pro-slepe-nytovani\/","title":{"rendered":"BZ 103 A N\u00e1stroj pro slep\u00e9 n\u00fdtov\u00e1n\u00ed"},"content":{"rendered":"<p>Spolehliv\u00e9 zpracov\u00e1n\u00ed slep\u00fdch n\u00fdt\u016f s osv\u011bd\u010denou \u0159adou BZ od spole\u010dnosti Honsel \/ VVG<br \/>\nS trval\u00fdm a p\u0159eru\u0161ovan\u00fdm ods\u00e1v\u00e1n\u00edm<br \/>\nS vylep\u0161enou ergonomi\u00ed<br \/>\nHadicovou p\u0159\u00edpojku lze p\u0159ipojit bu\u010f vpravo, nebo vlevo<br \/>\nSn\u00ed\u017een\u00ed hlu\u010dnosti<\/p>\n<p>Pracovn\u00ed rozsah: N\u00fdty \u00d8 2,4 &#8211; 5,0 mm hlin\u00edk<br \/>\nN\u00fdty \u00d8 3,0 &#8211; 5,0 mm ocel, nerezov\u00e1 ocel a m\u011b\u010f.<\/p>\n","protected":false},"excerpt":{"rendered":"<p>Spolehliv\u00e9 zpracov\u00e1n\u00ed slep\u00fdch n\u00fdt\u016f s osv\u011bd\u010denou \u0159adou BZ od spole\u010dnosti Honsel \/ VVG S trval\u00fdm a p\u0159eru\u0161ovan\u00fdm ods\u00e1v\u00e1n\u00edm S vylep\u0161enou ergonomi\u00ed Hadicovou p\u0159\u00edpojku lze p\u0159ipojit bu\u010f vpravo, nebo vlevo Sn\u00ed\u017een\u00ed hlu\u010dnosti Pracovn\u00ed rozsah: N\u00fdty \u00d8 2,4 &#8211; 5,0 mm hlin\u00edk N\u00fdty \u00d8 3,0 &#8211; 5,0 mm ocel, nerezov\u00e1 ocel a m\u011b\u010f.<\/p>\n","protected":false},"featured_media":25301,"template":"","meta":{"_acf_changed":false,"inline_featured_image":false},"product_cat":[1624,1627],"product_tag":[],"class_list":{"0":"post-25299","1":"product","2":"type-product","3":"status-publish","4":"has-post-thumbnail","6":"brand-honsel","7":"product_cat-nytovaci-nastroje","8":"product_cat-stlaceny-vzduch","10":"first","11":"instock","12":"taxable","13":"shipping-taxable","14":"purchasable","15":"product-type-simple","16":"add-to-wishlist-before_image"},"acf":[],"yoast_head":"<!-- This site is optimized with the Yoast SEO plugin v27.3 - https:\/\/yoast.com\/product\/yoast-seo-wordpress\/ -->\n<title>BZ 103 A N\u00e1stroj pro slep\u00e9 n\u00fdtov\u00e1n\u00ed - Wilhelm Hundt GmbH<\/title>\n<meta name=\"robots\" content=\"index, follow, max-snippet:-1, max-image-preview:large, max-video-preview:-1\" \/>\n<link rel=\"canonical\" href=\"https:\/\/hundtgroup.com\/cs\/produkt\/bz-103-a-nastroj-pro-slepe-nytovani\/\" \/>\n<meta property=\"og:locale\" content=\"cs_CZ\" \/>\n<meta property=\"og:type\" content=\"article\" \/>\n<meta property=\"og:title\" content=\"BZ 103 A N\u00e1stroj pro slep\u00e9 n\u00fdtov\u00e1n\u00ed - Wilhelm Hundt GmbH\" \/>\n<meta property=\"og:description\" content=\"Spolehliv\u00e9 zpracov\u00e1n\u00ed slep\u00fdch n\u00fdt\u016f s osv\u011bd\u010denou \u0159adou BZ od spole\u010dnosti Honsel \/ VVG S trval\u00fdm a p\u0159eru\u0161ovan\u00fdm ods\u00e1v\u00e1n\u00edm S vylep\u0161enou ergonomi\u00ed Hadicovou p\u0159\u00edpojku lze p\u0159ipojit bu\u010f vpravo, nebo vlevo Sn\u00ed\u017een\u00ed hlu\u010dnosti Pracovn\u00ed rozsah: N\u00fdty \u00d8 2,4 &#8211; 5,0 mm hlin\u00edk N\u00fdty \u00d8 3,0 &#8211; 5,0 mm ocel, nerezov\u00e1 ocel a m\u011b\u010f.\" \/>\n<meta property=\"og:url\" content=\"https:\/\/hundtgroup.com\/cs\/produkt\/bz-103-a-nastroj-pro-slepe-nytovani\/\" \/>\n<meta property=\"og:site_name\" content=\"Wilhelm Hundt GmbH\" \/>\n<meta property=\"article:modified_time\" content=\"2025-07-29T11:05:42+00:00\" \/>\n<meta property=\"og:image\" content=\"https:\/\/hundtgroup.com\/wp-content\/uploads\/500110.jpg\" \/>\n\t<meta property=\"og:image:width\" content=\"1063\" \/>\n\t<meta property=\"og:image:height\" content=\"1200\" \/>\n\t<meta property=\"og:image:type\" content=\"image\/jpeg\" \/>\n<meta name=\"twitter:card\" content=\"summary_large_image\" \/>\n<script type=\"application\/ld+json\" class=\"yoast-schema-graph\">{\"@context\":\"https:\\\/\\\/schema.org\",\"@graph\":[{\"@type\":\"WebPage\",\"@id\":\"https:\\\/\\\/hundtgroup.com\\\/cs\\\/produkt\\\/bz-103-a-nastroj-pro-slepe-nytovani\\\/\",\"url\":\"https:\\\/\\\/hundtgroup.com\\\/cs\\\/produkt\\\/bz-103-a-nastroj-pro-slepe-nytovani\\\/\",\"name\":\"BZ 103 A N\u00e1stroj pro slep\u00e9 n\u00fdtov\u00e1n\u00ed - Wilhelm Hundt GmbH\",\"isPartOf\":{\"@id\":\"https:\\\/\\\/hundtgroup.com\\\/cs\\\/#website\"},\"primaryImageOfPage\":{\"@id\":\"https:\\\/\\\/hundtgroup.com\\\/cs\\\/produkt\\\/bz-103-a-nastroj-pro-slepe-nytovani\\\/#primaryimage\"},\"image\":{\"@id\":\"https:\\\/\\\/hundtgroup.com\\\/cs\\\/produkt\\\/bz-103-a-nastroj-pro-slepe-nytovani\\\/#primaryimage\"},\"thumbnailUrl\":\"https:\\\/\\\/hundtgroup.com\\\/wp-content\\\/uploads\\\/500110.jpg\",\"datePublished\":\"2022-10-26T13:59:16+00:00\",\"dateModified\":\"2025-07-29T11:05:42+00:00\",\"breadcrumb\":{\"@id\":\"https:\\\/\\\/hundtgroup.com\\\/cs\\\/produkt\\\/bz-103-a-nastroj-pro-slepe-nytovani\\\/#breadcrumb\"},\"inLanguage\":\"cs\",\"potentialAction\":[{\"@type\":\"ReadAction\",\"target\":[\"https:\\\/\\\/hundtgroup.com\\\/cs\\\/produkt\\\/bz-103-a-nastroj-pro-slepe-nytovani\\\/\"]}]},{\"@type\":\"ImageObject\",\"inLanguage\":\"cs\",\"@id\":\"https:\\\/\\\/hundtgroup.com\\\/cs\\\/produkt\\\/bz-103-a-nastroj-pro-slepe-nytovani\\\/#primaryimage\",\"url\":\"https:\\\/\\\/hundtgroup.com\\\/wp-content\\\/uploads\\\/500110.jpg\",\"contentUrl\":\"https:\\\/\\\/hundtgroup.com\\\/wp-content\\\/uploads\\\/500110.jpg\",\"width\":1063,\"height\":1200},{\"@type\":\"BreadcrumbList\",\"@id\":\"https:\\\/\\\/hundtgroup.com\\\/cs\\\/produkt\\\/bz-103-a-nastroj-pro-slepe-nytovani\\\/#breadcrumb\",\"itemListElement\":[{\"@type\":\"ListItem\",\"position\":1,\"name\":\"Startseite\",\"item\":\"https:\\\/\\\/hundtgroup.com\\\/cs\\\/home-nove\\\/\"},{\"@type\":\"ListItem\",\"position\":2,\"name\":\"Obchod\",\"item\":\"https:\\\/\\\/hundtgroup.com\\\/obchod\\\/\"},{\"@type\":\"ListItem\",\"position\":3,\"name\":\"BZ 103 A N\u00e1stroj pro slep\u00e9 n\u00fdtov\u00e1n\u00ed\"}]},{\"@type\":\"WebSite\",\"@id\":\"https:\\\/\\\/hundtgroup.com\\\/cs\\\/#website\",\"url\":\"https:\\\/\\\/hundtgroup.com\\\/cs\\\/\",\"name\":\"Wilhelm Hundt GmbH\",\"description\":\"V\u00e1\u0161 specialista na stroje a n\u00e1stroje pro zpracov\u00e1n\u00ed plechu\",\"potentialAction\":[{\"@type\":\"SearchAction\",\"target\":{\"@type\":\"EntryPoint\",\"urlTemplate\":\"https:\\\/\\\/hundtgroup.com\\\/cs\\\/?s={search_term_string}\"},\"query-input\":{\"@type\":\"PropertyValueSpecification\",\"valueRequired\":true,\"valueName\":\"search_term_string\"}}],\"inLanguage\":\"cs\"}]}<\/script>\n<!-- \/ Yoast SEO plugin. -->","yoast_head_json":{"title":"BZ 103 A N\u00e1stroj pro slep\u00e9 n\u00fdtov\u00e1n\u00ed - Wilhelm Hundt GmbH","robots":{"index":"index","follow":"follow","max-snippet":"max-snippet:-1","max-image-preview":"max-image-preview:large","max-video-preview":"max-video-preview:-1"},"canonical":"https:\/\/hundtgroup.com\/cs\/produkt\/bz-103-a-nastroj-pro-slepe-nytovani\/","og_locale":"cs_CZ","og_type":"article","og_title":"BZ 103 A N\u00e1stroj pro slep\u00e9 n\u00fdtov\u00e1n\u00ed - Wilhelm Hundt GmbH","og_description":"Spolehliv\u00e9 zpracov\u00e1n\u00ed slep\u00fdch n\u00fdt\u016f s osv\u011bd\u010denou \u0159adou BZ od spole\u010dnosti Honsel \/ VVG S trval\u00fdm a p\u0159eru\u0161ovan\u00fdm ods\u00e1v\u00e1n\u00edm S vylep\u0161enou ergonomi\u00ed Hadicovou p\u0159\u00edpojku lze p\u0159ipojit bu\u010f vpravo, nebo vlevo Sn\u00ed\u017een\u00ed hlu\u010dnosti Pracovn\u00ed rozsah: N\u00fdty \u00d8 2,4 &#8211; 5,0 mm hlin\u00edk N\u00fdty \u00d8 3,0 &#8211; 5,0 mm ocel, nerezov\u00e1 ocel a m\u011b\u010f.","og_url":"https:\/\/hundtgroup.com\/cs\/produkt\/bz-103-a-nastroj-pro-slepe-nytovani\/","og_site_name":"Wilhelm Hundt GmbH","article_modified_time":"2025-07-29T11:05:42+00:00","og_image":[{"width":1063,"height":1200,"url":"https:\/\/hundtgroup.com\/wp-content\/uploads\/500110.jpg","type":"image\/jpeg"}],"twitter_card":"summary_large_image","schema":{"@context":"https:\/\/schema.org","@graph":[{"@type":"WebPage","@id":"https:\/\/hundtgroup.com\/cs\/produkt\/bz-103-a-nastroj-pro-slepe-nytovani\/","url":"https:\/\/hundtgroup.com\/cs\/produkt\/bz-103-a-nastroj-pro-slepe-nytovani\/","name":"BZ 103 A N\u00e1stroj pro slep\u00e9 n\u00fdtov\u00e1n\u00ed - Wilhelm Hundt GmbH","isPartOf":{"@id":"https:\/\/hundtgroup.com\/cs\/#website"},"primaryImageOfPage":{"@id":"https:\/\/hundtgroup.com\/cs\/produkt\/bz-103-a-nastroj-pro-slepe-nytovani\/#primaryimage"},"image":{"@id":"https:\/\/hundtgroup.com\/cs\/produkt\/bz-103-a-nastroj-pro-slepe-nytovani\/#primaryimage"},"thumbnailUrl":"https:\/\/hundtgroup.com\/wp-content\/uploads\/500110.jpg","datePublished":"2022-10-26T13:59:16+00:00","dateModified":"2025-07-29T11:05:42+00:00","breadcrumb":{"@id":"https:\/\/hundtgroup.com\/cs\/produkt\/bz-103-a-nastroj-pro-slepe-nytovani\/#breadcrumb"},"inLanguage":"cs","potentialAction":[{"@type":"ReadAction","target":["https:\/\/hundtgroup.com\/cs\/produkt\/bz-103-a-nastroj-pro-slepe-nytovani\/"]}]},{"@type":"ImageObject","inLanguage":"cs","@id":"https:\/\/hundtgroup.com\/cs\/produkt\/bz-103-a-nastroj-pro-slepe-nytovani\/#primaryimage","url":"https:\/\/hundtgroup.com\/wp-content\/uploads\/500110.jpg","contentUrl":"https:\/\/hundtgroup.com\/wp-content\/uploads\/500110.jpg","width":1063,"height":1200},{"@type":"BreadcrumbList","@id":"https:\/\/hundtgroup.com\/cs\/produkt\/bz-103-a-nastroj-pro-slepe-nytovani\/#breadcrumb","itemListElement":[{"@type":"ListItem","position":1,"name":"Startseite","item":"https:\/\/hundtgroup.com\/cs\/home-nove\/"},{"@type":"ListItem","position":2,"name":"Obchod","item":"https:\/\/hundtgroup.com\/obchod\/"},{"@type":"ListItem","position":3,"name":"BZ 103 A N\u00e1stroj pro slep\u00e9 n\u00fdtov\u00e1n\u00ed"}]},{"@type":"WebSite","@id":"https:\/\/hundtgroup.com\/cs\/#website","url":"https:\/\/hundtgroup.com\/cs\/","name":"Wilhelm Hundt GmbH","description":"V\u00e1\u0161 specialista na stroje a n\u00e1stroje pro zpracov\u00e1n\u00ed plechu","potentialAction":[{"@type":"SearchAction","target":{"@type":"EntryPoint","urlTemplate":"https:\/\/hundtgroup.com\/cs\/?s={search_term_string}"},"query-input":{"@type":"PropertyValueSpecification","valueRequired":true,"valueName":"search_term_string"}}],"inLanguage":"cs"}]}},"_links":{"self":[{"href":"https:\/\/hundtgroup.com\/cs\/wp-json\/wp\/v2\/product\/25299","targetHints":{"allow":["GET"]}}],"collection":[{"href":"https:\/\/hundtgroup.com\/cs\/wp-json\/wp\/v2\/product"}],"about":[{"href":"https:\/\/hundtgroup.com\/cs\/wp-json\/wp\/v2\/types\/product"}],"wp:featuredmedia":[{"embeddable":true,"href":"https:\/\/hundtgroup.com\/cs\/wp-json\/wp\/v2\/media\/25301"}],"wp:attachment":[{"href":"https:\/\/hundtgroup.com\/cs\/wp-json\/wp\/v2\/media?parent=25299"}],"wp:term":[{"taxonomy":"product_cat","embeddable":true,"href":"https:\/\/hundtgroup.com\/cs\/wp-json\/wp\/v2\/product_cat?post=25299"},{"taxonomy":"product_tag","embeddable":true,"href":"https:\/\/hundtgroup.com\/cs\/wp-json\/wp\/v2\/product_tag?post=25299"}],"curies":[{"name":"wp","href":"https:\/\/api.w.org\/{rel}","templated":true}]}}