{"id":25423,"date":"2022-10-26T15:59:16","date_gmt":"2022-10-26T13:59:16","guid":{"rendered":"https:\/\/hundtgroup.com\/produkt\/akumulatorovy-nastroj-na-nytovani-rivdom-one\/"},"modified":"2025-08-01T11:59:12","modified_gmt":"2025-08-01T09:59:12","slug":"akumulatorovy-nastroj-na-nytovani-rivdom-one","status":"publish","type":"product","link":"https:\/\/hundtgroup.com\/cs\/produkt\/akumulatorovy-nastroj-na-nytovani-rivdom-one\/","title":{"rendered":"Akumul\u00e1torov\u00fd n\u00e1stroj na n\u00fdtov\u00e1n\u00ed Rivdom ONE"},"content":{"rendered":"<p>Slep\u00e9 n\u00fdty do pr\u016fm\u011bru 5 mm (v\u0161echny materi\u00e1ly) jsou spolehliv\u011b usazeny d\u00edky v\u00fdkonn\u00e9mu motoru a optimalizovan\u00e9mu up\u00ednac\u00edmu mechanismu.<br \/>\nLi-Ion baterie s technologi\u00ed nab\u00edjen\u00ed RivdomPLUS: pln\u011b nabit\u00e9 b\u011bhem 30 minut!<br \/>\nNov\u00e9 pouzdro s vynikaj\u00edc\u00ed ergonomi\u00ed a sn\u00ed\u017eenou hmotnost\u00ed.<br \/>\nNov\u00e1 spou\u0161\u0165 s extr\u00e9mn\u011b kr\u00e1tk\u00fdm chodem spou\u0161t\u011b umo\u017e\u0148uje rychlou a pohodlnou pr\u00e1ci.<br \/>\nNov\u00fd klip na opasek pro mobiln\u00ed pou\u017eit\u00ed.<br \/>\nZn\u00e1m\u00e9 praktick\u00e9 detaily, jako je pr\u016fhledn\u00e1 sb\u011brn\u00e1 n\u00e1doba a LED osv\u011btlen\u00ed n\u00fdtovac\u00edho m\u00edsta.<\/p>\n","protected":false},"excerpt":{"rendered":"<p>Slep\u00e9 n\u00fdty do pr\u016fm\u011bru 5 mm (v\u0161echny materi\u00e1ly) jsou spolehliv\u011b usazeny d\u00edky v\u00fdkonn\u00e9mu motoru a optimalizovan\u00e9mu up\u00ednac\u00edmu mechanismu. Li-Ion baterie s technologi\u00ed nab\u00edjen\u00ed RivdomPLUS: pln\u011b nabit\u00e9 b\u011bhem 30 minut! Nov\u00e9 pouzdro s vynikaj\u00edc\u00ed ergonomi\u00ed a sn\u00ed\u017eenou hmotnost\u00ed. Nov\u00e1 spou\u0161\u0165 s extr\u00e9mn\u011b kr\u00e1tk\u00fdm chodem spou\u0161t\u011b umo\u017e\u0148uje rychlou a pohodlnou pr\u00e1ci. Nov\u00fd klip na opasek pro mobiln\u00ed [&hellip;]<\/p>\n","protected":false},"featured_media":25425,"template":"","meta":{"_acf_changed":false,"inline_featured_image":false},"product_cat":[2849,1626,1663,1624,649],"product_tag":[],"class_list":{"0":"post-25423","1":"product","2":"type-product","3":"status-publish","4":"has-post-thumbnail","6":"brand-honsel","7":"product_cat-nytovaci-nastroje-cs","8":"product_cat-baterie-cs-2","9":"product_cat-akce","10":"product_cat-nytovaci-nastroje","11":"product_cat-bateriove-nastroje","13":"first","14":"instock","15":"taxable","16":"shipping-taxable","17":"purchasable","18":"product-type-simple","19":"add-to-wishlist-before_image"},"acf":[],"yoast_head":"<!-- This site is optimized with the Yoast SEO plugin v27.3 - https:\/\/yoast.com\/product\/yoast-seo-wordpress\/ -->\n<title>Akumul\u00e1torov\u00fd n\u00e1stroj na n\u00fdtov\u00e1n\u00ed Rivdom ONE - Wilhelm Hundt GmbH<\/title>\n<meta name=\"robots\" content=\"index, follow, max-snippet:-1, max-image-preview:large, max-video-preview:-1\" \/>\n<link rel=\"canonical\" href=\"https:\/\/hundtgroup.com\/cs\/produkt\/akumulatorovy-nastroj-na-nytovani-rivdom-one\/\" \/>\n<meta property=\"og:locale\" content=\"cs_CZ\" \/>\n<meta property=\"og:type\" content=\"article\" \/>\n<meta property=\"og:title\" content=\"Akumul\u00e1torov\u00fd n\u00e1stroj na n\u00fdtov\u00e1n\u00ed Rivdom ONE - Wilhelm Hundt GmbH\" \/>\n<meta property=\"og:description\" content=\"Slep\u00e9 n\u00fdty do pr\u016fm\u011bru 5 mm (v\u0161echny materi\u00e1ly) jsou spolehliv\u011b usazeny d\u00edky v\u00fdkonn\u00e9mu motoru a optimalizovan\u00e9mu up\u00ednac\u00edmu mechanismu. Li-Ion baterie s technologi\u00ed nab\u00edjen\u00ed RivdomPLUS: pln\u011b nabit\u00e9 b\u011bhem 30 minut! Nov\u00e9 pouzdro s vynikaj\u00edc\u00ed ergonomi\u00ed a sn\u00ed\u017eenou hmotnost\u00ed. Nov\u00e1 spou\u0161\u0165 s extr\u00e9mn\u011b kr\u00e1tk\u00fdm chodem spou\u0161t\u011b umo\u017e\u0148uje rychlou a pohodlnou pr\u00e1ci. Nov\u00fd klip na opasek pro mobiln\u00ed [&hellip;]\" \/>\n<meta property=\"og:url\" content=\"https:\/\/hundtgroup.com\/cs\/produkt\/akumulatorovy-nastroj-na-nytovani-rivdom-one\/\" \/>\n<meta property=\"og:site_name\" content=\"Wilhelm Hundt GmbH\" \/>\n<meta property=\"article:modified_time\" content=\"2025-08-01T09:59:12+00:00\" \/>\n<meta property=\"og:image\" content=\"https:\/\/hundtgroup.com\/wp-content\/uploads\/500408.jpg\" \/>\n\t<meta property=\"og:image:width\" content=\"1600\" \/>\n\t<meta property=\"og:image:height\" content=\"900\" \/>\n\t<meta property=\"og:image:type\" content=\"image\/jpeg\" \/>\n<meta name=\"twitter:card\" content=\"summary_large_image\" \/>\n<script type=\"application\/ld+json\" class=\"yoast-schema-graph\">{\"@context\":\"https:\\\/\\\/schema.org\",\"@graph\":[{\"@type\":\"WebPage\",\"@id\":\"https:\\\/\\\/hundtgroup.com\\\/cs\\\/produkt\\\/akumulatorovy-nastroj-na-nytovani-rivdom-one\\\/\",\"url\":\"https:\\\/\\\/hundtgroup.com\\\/cs\\\/produkt\\\/akumulatorovy-nastroj-na-nytovani-rivdom-one\\\/\",\"name\":\"Akumul\u00e1torov\u00fd n\u00e1stroj na n\u00fdtov\u00e1n\u00ed Rivdom ONE - Wilhelm Hundt GmbH\",\"isPartOf\":{\"@id\":\"https:\\\/\\\/hundtgroup.com\\\/cs\\\/#website\"},\"primaryImageOfPage\":{\"@id\":\"https:\\\/\\\/hundtgroup.com\\\/cs\\\/produkt\\\/akumulatorovy-nastroj-na-nytovani-rivdom-one\\\/#primaryimage\"},\"image\":{\"@id\":\"https:\\\/\\\/hundtgroup.com\\\/cs\\\/produkt\\\/akumulatorovy-nastroj-na-nytovani-rivdom-one\\\/#primaryimage\"},\"thumbnailUrl\":\"https:\\\/\\\/hundtgroup.com\\\/wp-content\\\/uploads\\\/500408.jpg\",\"datePublished\":\"2022-10-26T13:59:16+00:00\",\"dateModified\":\"2025-08-01T09:59:12+00:00\",\"breadcrumb\":{\"@id\":\"https:\\\/\\\/hundtgroup.com\\\/cs\\\/produkt\\\/akumulatorovy-nastroj-na-nytovani-rivdom-one\\\/#breadcrumb\"},\"inLanguage\":\"cs\",\"potentialAction\":[{\"@type\":\"ReadAction\",\"target\":[\"https:\\\/\\\/hundtgroup.com\\\/cs\\\/produkt\\\/akumulatorovy-nastroj-na-nytovani-rivdom-one\\\/\"]}]},{\"@type\":\"ImageObject\",\"inLanguage\":\"cs\",\"@id\":\"https:\\\/\\\/hundtgroup.com\\\/cs\\\/produkt\\\/akumulatorovy-nastroj-na-nytovani-rivdom-one\\\/#primaryimage\",\"url\":\"https:\\\/\\\/hundtgroup.com\\\/wp-content\\\/uploads\\\/500408.jpg\",\"contentUrl\":\"https:\\\/\\\/hundtgroup.com\\\/wp-content\\\/uploads\\\/500408.jpg\",\"width\":1600,\"height\":900},{\"@type\":\"BreadcrumbList\",\"@id\":\"https:\\\/\\\/hundtgroup.com\\\/cs\\\/produkt\\\/akumulatorovy-nastroj-na-nytovani-rivdom-one\\\/#breadcrumb\",\"itemListElement\":[{\"@type\":\"ListItem\",\"position\":1,\"name\":\"Startseite\",\"item\":\"https:\\\/\\\/hundtgroup.com\\\/cs\\\/home-nove\\\/\"},{\"@type\":\"ListItem\",\"position\":2,\"name\":\"Obchod\",\"item\":\"https:\\\/\\\/hundtgroup.com\\\/obchod\\\/\"},{\"@type\":\"ListItem\",\"position\":3,\"name\":\"Akumul\u00e1torov\u00fd n\u00e1stroj na n\u00fdtov\u00e1n\u00ed Rivdom ONE\"}]},{\"@type\":\"WebSite\",\"@id\":\"https:\\\/\\\/hundtgroup.com\\\/cs\\\/#website\",\"url\":\"https:\\\/\\\/hundtgroup.com\\\/cs\\\/\",\"name\":\"Wilhelm Hundt GmbH\",\"description\":\"V\u00e1\u0161 specialista na stroje a n\u00e1stroje pro zpracov\u00e1n\u00ed plechu\",\"potentialAction\":[{\"@type\":\"SearchAction\",\"target\":{\"@type\":\"EntryPoint\",\"urlTemplate\":\"https:\\\/\\\/hundtgroup.com\\\/cs\\\/?s={search_term_string}\"},\"query-input\":{\"@type\":\"PropertyValueSpecification\",\"valueRequired\":true,\"valueName\":\"search_term_string\"}}],\"inLanguage\":\"cs\"}]}<\/script>\n<!-- \/ Yoast SEO plugin. -->","yoast_head_json":{"title":"Akumul\u00e1torov\u00fd n\u00e1stroj na n\u00fdtov\u00e1n\u00ed Rivdom ONE - Wilhelm Hundt GmbH","robots":{"index":"index","follow":"follow","max-snippet":"max-snippet:-1","max-image-preview":"max-image-preview:large","max-video-preview":"max-video-preview:-1"},"canonical":"https:\/\/hundtgroup.com\/cs\/produkt\/akumulatorovy-nastroj-na-nytovani-rivdom-one\/","og_locale":"cs_CZ","og_type":"article","og_title":"Akumul\u00e1torov\u00fd n\u00e1stroj na n\u00fdtov\u00e1n\u00ed Rivdom ONE - Wilhelm Hundt GmbH","og_description":"Slep\u00e9 n\u00fdty do pr\u016fm\u011bru 5 mm (v\u0161echny materi\u00e1ly) jsou spolehliv\u011b usazeny d\u00edky v\u00fdkonn\u00e9mu motoru a optimalizovan\u00e9mu up\u00ednac\u00edmu mechanismu. Li-Ion baterie s technologi\u00ed nab\u00edjen\u00ed RivdomPLUS: pln\u011b nabit\u00e9 b\u011bhem 30 minut! Nov\u00e9 pouzdro s vynikaj\u00edc\u00ed ergonomi\u00ed a sn\u00ed\u017eenou hmotnost\u00ed. Nov\u00e1 spou\u0161\u0165 s extr\u00e9mn\u011b kr\u00e1tk\u00fdm chodem spou\u0161t\u011b umo\u017e\u0148uje rychlou a pohodlnou pr\u00e1ci. Nov\u00fd klip na opasek pro mobiln\u00ed [&hellip;]","og_url":"https:\/\/hundtgroup.com\/cs\/produkt\/akumulatorovy-nastroj-na-nytovani-rivdom-one\/","og_site_name":"Wilhelm Hundt GmbH","article_modified_time":"2025-08-01T09:59:12+00:00","og_image":[{"width":1600,"height":900,"url":"https:\/\/hundtgroup.com\/wp-content\/uploads\/500408.jpg","type":"image\/jpeg"}],"twitter_card":"summary_large_image","schema":{"@context":"https:\/\/schema.org","@graph":[{"@type":"WebPage","@id":"https:\/\/hundtgroup.com\/cs\/produkt\/akumulatorovy-nastroj-na-nytovani-rivdom-one\/","url":"https:\/\/hundtgroup.com\/cs\/produkt\/akumulatorovy-nastroj-na-nytovani-rivdom-one\/","name":"Akumul\u00e1torov\u00fd n\u00e1stroj na n\u00fdtov\u00e1n\u00ed Rivdom ONE - Wilhelm Hundt GmbH","isPartOf":{"@id":"https:\/\/hundtgroup.com\/cs\/#website"},"primaryImageOfPage":{"@id":"https:\/\/hundtgroup.com\/cs\/produkt\/akumulatorovy-nastroj-na-nytovani-rivdom-one\/#primaryimage"},"image":{"@id":"https:\/\/hundtgroup.com\/cs\/produkt\/akumulatorovy-nastroj-na-nytovani-rivdom-one\/#primaryimage"},"thumbnailUrl":"https:\/\/hundtgroup.com\/wp-content\/uploads\/500408.jpg","datePublished":"2022-10-26T13:59:16+00:00","dateModified":"2025-08-01T09:59:12+00:00","breadcrumb":{"@id":"https:\/\/hundtgroup.com\/cs\/produkt\/akumulatorovy-nastroj-na-nytovani-rivdom-one\/#breadcrumb"},"inLanguage":"cs","potentialAction":[{"@type":"ReadAction","target":["https:\/\/hundtgroup.com\/cs\/produkt\/akumulatorovy-nastroj-na-nytovani-rivdom-one\/"]}]},{"@type":"ImageObject","inLanguage":"cs","@id":"https:\/\/hundtgroup.com\/cs\/produkt\/akumulatorovy-nastroj-na-nytovani-rivdom-one\/#primaryimage","url":"https:\/\/hundtgroup.com\/wp-content\/uploads\/500408.jpg","contentUrl":"https:\/\/hundtgroup.com\/wp-content\/uploads\/500408.jpg","width":1600,"height":900},{"@type":"BreadcrumbList","@id":"https:\/\/hundtgroup.com\/cs\/produkt\/akumulatorovy-nastroj-na-nytovani-rivdom-one\/#breadcrumb","itemListElement":[{"@type":"ListItem","position":1,"name":"Startseite","item":"https:\/\/hundtgroup.com\/cs\/home-nove\/"},{"@type":"ListItem","position":2,"name":"Obchod","item":"https:\/\/hundtgroup.com\/obchod\/"},{"@type":"ListItem","position":3,"name":"Akumul\u00e1torov\u00fd n\u00e1stroj na n\u00fdtov\u00e1n\u00ed Rivdom ONE"}]},{"@type":"WebSite","@id":"https:\/\/hundtgroup.com\/cs\/#website","url":"https:\/\/hundtgroup.com\/cs\/","name":"Wilhelm Hundt GmbH","description":"V\u00e1\u0161 specialista na stroje a n\u00e1stroje pro zpracov\u00e1n\u00ed plechu","potentialAction":[{"@type":"SearchAction","target":{"@type":"EntryPoint","urlTemplate":"https:\/\/hundtgroup.com\/cs\/?s={search_term_string}"},"query-input":{"@type":"PropertyValueSpecification","valueRequired":true,"valueName":"search_term_string"}}],"inLanguage":"cs"}]}},"_links":{"self":[{"href":"https:\/\/hundtgroup.com\/cs\/wp-json\/wp\/v2\/product\/25423","targetHints":{"allow":["GET"]}}],"collection":[{"href":"https:\/\/hundtgroup.com\/cs\/wp-json\/wp\/v2\/product"}],"about":[{"href":"https:\/\/hundtgroup.com\/cs\/wp-json\/wp\/v2\/types\/product"}],"wp:featuredmedia":[{"embeddable":true,"href":"https:\/\/hundtgroup.com\/cs\/wp-json\/wp\/v2\/media\/25425"}],"wp:attachment":[{"href":"https:\/\/hundtgroup.com\/cs\/wp-json\/wp\/v2\/media?parent=25423"}],"wp:term":[{"taxonomy":"product_cat","embeddable":true,"href":"https:\/\/hundtgroup.com\/cs\/wp-json\/wp\/v2\/product_cat?post=25423"},{"taxonomy":"product_tag","embeddable":true,"href":"https:\/\/hundtgroup.com\/cs\/wp-json\/wp\/v2\/product_tag?post=25423"}],"curies":[{"name":"wp","href":"https:\/\/api.w.org\/{rel}","templated":true}]}}