{"id":25437,"date":"2022-10-26T15:59:16","date_gmt":"2022-10-26T13:59:16","guid":{"rendered":"https:\/\/hundtgroup.com\/produkt\/akumulatorovy-nastroj-na-nytovani-rivdom-ebz-1\/"},"modified":"2025-08-01T11:56:50","modified_gmt":"2025-08-01T09:56:50","slug":"akumulatorovy-nastroj-na-nytovani-rivdom-ebz-1","status":"publish","type":"product","link":"https:\/\/hundtgroup.com\/cs\/produkt\/akumulatorovy-nastroj-na-nytovani-rivdom-ebz-1\/","title":{"rendered":"Akumul\u00e1torov\u00fd n\u00e1stroj na n\u00fdtov\u00e1n\u00ed Rivdom ebZ 1"},"content":{"rendered":"<p>Pracovn\u00ed rozsah: slep\u00e9 n\u00fdty do 5,0 mm (v\u0161echny materi\u00e1ly), velmi kompaktn\u00ed proveden\u00ed<br \/>\n, n\u00edzk\u00e1 hmotnost, v\u00fdkonn\u00fd bezkart\u00e1\u010dov\u00fd motor, optimalizovan\u00e1 p\u0159evodovka, pohodln\u00e1 manipulace.<\/p>\n","protected":false},"excerpt":{"rendered":"<p>Pracovn\u00ed rozsah: slep\u00e9 n\u00fdty do 5,0 mm (v\u0161echny materi\u00e1ly), velmi kompaktn\u00ed proveden\u00ed , n\u00edzk\u00e1 hmotnost, v\u00fdkonn\u00fd bezkart\u00e1\u010dov\u00fd motor, optimalizovan\u00e1 p\u0159evodovka, pohodln\u00e1 manipulace.<\/p>\n","protected":false},"featured_media":39921,"template":"","meta":{"_acf_changed":false,"inline_featured_image":false},"product_cat":[2849,1626,1624,649],"product_tag":[],"class_list":{"0":"post-25437","1":"product","2":"type-product","3":"status-publish","4":"has-post-thumbnail","6":"brand-honsel","7":"product_cat-nytovaci-nastroje-cs","8":"product_cat-baterie-cs-2","9":"product_cat-nytovaci-nastroje","10":"product_cat-bateriove-nastroje","12":"first","13":"instock","14":"taxable","15":"shipping-taxable","16":"purchasable","17":"product-type-simple","18":"add-to-wishlist-before_image"},"acf":[],"yoast_head":"<!-- This site is optimized with the Yoast SEO plugin v27.3 - https:\/\/yoast.com\/product\/yoast-seo-wordpress\/ -->\n<title>Akumul\u00e1torov\u00fd n\u00e1stroj na n\u00fdtov\u00e1n\u00ed Rivdom ebZ 1 - Wilhelm Hundt GmbH<\/title>\n<meta name=\"robots\" content=\"index, follow, max-snippet:-1, max-image-preview:large, max-video-preview:-1\" \/>\n<link rel=\"canonical\" href=\"https:\/\/hundtgroup.com\/cs\/produkt\/akumulatorovy-nastroj-na-nytovani-rivdom-ebz-1\/\" \/>\n<meta property=\"og:locale\" content=\"cs_CZ\" \/>\n<meta property=\"og:type\" content=\"article\" \/>\n<meta property=\"og:title\" content=\"Akumul\u00e1torov\u00fd n\u00e1stroj na n\u00fdtov\u00e1n\u00ed Rivdom ebZ 1 - Wilhelm Hundt GmbH\" \/>\n<meta property=\"og:description\" content=\"Pracovn\u00ed rozsah: slep\u00e9 n\u00fdty do 5,0 mm (v\u0161echny materi\u00e1ly), velmi kompaktn\u00ed proveden\u00ed , n\u00edzk\u00e1 hmotnost, v\u00fdkonn\u00fd bezkart\u00e1\u010dov\u00fd motor, optimalizovan\u00e1 p\u0159evodovka, pohodln\u00e1 manipulace.\" \/>\n<meta property=\"og:url\" content=\"https:\/\/hundtgroup.com\/cs\/produkt\/akumulatorovy-nastroj-na-nytovani-rivdom-ebz-1\/\" \/>\n<meta property=\"og:site_name\" content=\"Wilhelm Hundt GmbH\" \/>\n<meta property=\"article:modified_time\" content=\"2025-08-01T09:56:50+00:00\" \/>\n<meta property=\"og:image\" content=\"https:\/\/hundtgroup.com\/wp-content\/uploads\/500413.jpg\" \/>\n\t<meta property=\"og:image:width\" content=\"1200\" \/>\n\t<meta property=\"og:image:height\" content=\"1200\" \/>\n\t<meta property=\"og:image:type\" content=\"image\/jpeg\" \/>\n<meta name=\"twitter:card\" content=\"summary_large_image\" \/>\n<script type=\"application\/ld+json\" class=\"yoast-schema-graph\">{\"@context\":\"https:\\\/\\\/schema.org\",\"@graph\":[{\"@type\":\"WebPage\",\"@id\":\"https:\\\/\\\/hundtgroup.com\\\/cs\\\/produkt\\\/akumulatorovy-nastroj-na-nytovani-rivdom-ebz-1\\\/\",\"url\":\"https:\\\/\\\/hundtgroup.com\\\/cs\\\/produkt\\\/akumulatorovy-nastroj-na-nytovani-rivdom-ebz-1\\\/\",\"name\":\"Akumul\u00e1torov\u00fd n\u00e1stroj na n\u00fdtov\u00e1n\u00ed Rivdom ebZ 1 - Wilhelm Hundt GmbH\",\"isPartOf\":{\"@id\":\"https:\\\/\\\/hundtgroup.com\\\/cs\\\/#website\"},\"primaryImageOfPage\":{\"@id\":\"https:\\\/\\\/hundtgroup.com\\\/cs\\\/produkt\\\/akumulatorovy-nastroj-na-nytovani-rivdom-ebz-1\\\/#primaryimage\"},\"image\":{\"@id\":\"https:\\\/\\\/hundtgroup.com\\\/cs\\\/produkt\\\/akumulatorovy-nastroj-na-nytovani-rivdom-ebz-1\\\/#primaryimage\"},\"thumbnailUrl\":\"https:\\\/\\\/hundtgroup.com\\\/wp-content\\\/uploads\\\/500414.png\",\"datePublished\":\"2022-10-26T13:59:16+00:00\",\"dateModified\":\"2025-08-01T09:56:50+00:00\",\"breadcrumb\":{\"@id\":\"https:\\\/\\\/hundtgroup.com\\\/cs\\\/produkt\\\/akumulatorovy-nastroj-na-nytovani-rivdom-ebz-1\\\/#breadcrumb\"},\"inLanguage\":\"cs\",\"potentialAction\":[{\"@type\":\"ReadAction\",\"target\":[\"https:\\\/\\\/hundtgroup.com\\\/cs\\\/produkt\\\/akumulatorovy-nastroj-na-nytovani-rivdom-ebz-1\\\/\"]}]},{\"@type\":\"ImageObject\",\"inLanguage\":\"cs\",\"@id\":\"https:\\\/\\\/hundtgroup.com\\\/cs\\\/produkt\\\/akumulatorovy-nastroj-na-nytovani-rivdom-ebz-1\\\/#primaryimage\",\"url\":\"https:\\\/\\\/hundtgroup.com\\\/wp-content\\\/uploads\\\/500414.png\",\"contentUrl\":\"https:\\\/\\\/hundtgroup.com\\\/wp-content\\\/uploads\\\/500414.png\",\"width\":768,\"height\":432},{\"@type\":\"BreadcrumbList\",\"@id\":\"https:\\\/\\\/hundtgroup.com\\\/cs\\\/produkt\\\/akumulatorovy-nastroj-na-nytovani-rivdom-ebz-1\\\/#breadcrumb\",\"itemListElement\":[{\"@type\":\"ListItem\",\"position\":1,\"name\":\"Startseite\",\"item\":\"https:\\\/\\\/hundtgroup.com\\\/cs\\\/home-nove\\\/\"},{\"@type\":\"ListItem\",\"position\":2,\"name\":\"Obchod\",\"item\":\"https:\\\/\\\/hundtgroup.com\\\/obchod\\\/\"},{\"@type\":\"ListItem\",\"position\":3,\"name\":\"Akumul\u00e1torov\u00fd n\u00e1stroj na n\u00fdtov\u00e1n\u00ed Rivdom ebZ 1\"}]},{\"@type\":\"WebSite\",\"@id\":\"https:\\\/\\\/hundtgroup.com\\\/cs\\\/#website\",\"url\":\"https:\\\/\\\/hundtgroup.com\\\/cs\\\/\",\"name\":\"Wilhelm Hundt GmbH\",\"description\":\"V\u00e1\u0161 specialista na stroje a n\u00e1stroje pro zpracov\u00e1n\u00ed plechu\",\"potentialAction\":[{\"@type\":\"SearchAction\",\"target\":{\"@type\":\"EntryPoint\",\"urlTemplate\":\"https:\\\/\\\/hundtgroup.com\\\/cs\\\/?s={search_term_string}\"},\"query-input\":{\"@type\":\"PropertyValueSpecification\",\"valueRequired\":true,\"valueName\":\"search_term_string\"}}],\"inLanguage\":\"cs\"}]}<\/script>\n<!-- \/ Yoast SEO plugin. -->","yoast_head_json":{"title":"Akumul\u00e1torov\u00fd n\u00e1stroj na n\u00fdtov\u00e1n\u00ed Rivdom ebZ 1 - Wilhelm Hundt GmbH","robots":{"index":"index","follow":"follow","max-snippet":"max-snippet:-1","max-image-preview":"max-image-preview:large","max-video-preview":"max-video-preview:-1"},"canonical":"https:\/\/hundtgroup.com\/cs\/produkt\/akumulatorovy-nastroj-na-nytovani-rivdom-ebz-1\/","og_locale":"cs_CZ","og_type":"article","og_title":"Akumul\u00e1torov\u00fd n\u00e1stroj na n\u00fdtov\u00e1n\u00ed Rivdom ebZ 1 - Wilhelm Hundt GmbH","og_description":"Pracovn\u00ed rozsah: slep\u00e9 n\u00fdty do 5,0 mm (v\u0161echny materi\u00e1ly), velmi kompaktn\u00ed proveden\u00ed , n\u00edzk\u00e1 hmotnost, v\u00fdkonn\u00fd bezkart\u00e1\u010dov\u00fd motor, optimalizovan\u00e1 p\u0159evodovka, pohodln\u00e1 manipulace.","og_url":"https:\/\/hundtgroup.com\/cs\/produkt\/akumulatorovy-nastroj-na-nytovani-rivdom-ebz-1\/","og_site_name":"Wilhelm Hundt GmbH","article_modified_time":"2025-08-01T09:56:50+00:00","og_image":[{"width":1200,"height":1200,"url":"https:\/\/hundtgroup.com\/wp-content\/uploads\/500413.jpg","type":"image\/jpeg"}],"twitter_card":"summary_large_image","schema":{"@context":"https:\/\/schema.org","@graph":[{"@type":"WebPage","@id":"https:\/\/hundtgroup.com\/cs\/produkt\/akumulatorovy-nastroj-na-nytovani-rivdom-ebz-1\/","url":"https:\/\/hundtgroup.com\/cs\/produkt\/akumulatorovy-nastroj-na-nytovani-rivdom-ebz-1\/","name":"Akumul\u00e1torov\u00fd n\u00e1stroj na n\u00fdtov\u00e1n\u00ed Rivdom ebZ 1 - Wilhelm Hundt GmbH","isPartOf":{"@id":"https:\/\/hundtgroup.com\/cs\/#website"},"primaryImageOfPage":{"@id":"https:\/\/hundtgroup.com\/cs\/produkt\/akumulatorovy-nastroj-na-nytovani-rivdom-ebz-1\/#primaryimage"},"image":{"@id":"https:\/\/hundtgroup.com\/cs\/produkt\/akumulatorovy-nastroj-na-nytovani-rivdom-ebz-1\/#primaryimage"},"thumbnailUrl":"https:\/\/hundtgroup.com\/wp-content\/uploads\/500414.png","datePublished":"2022-10-26T13:59:16+00:00","dateModified":"2025-08-01T09:56:50+00:00","breadcrumb":{"@id":"https:\/\/hundtgroup.com\/cs\/produkt\/akumulatorovy-nastroj-na-nytovani-rivdom-ebz-1\/#breadcrumb"},"inLanguage":"cs","potentialAction":[{"@type":"ReadAction","target":["https:\/\/hundtgroup.com\/cs\/produkt\/akumulatorovy-nastroj-na-nytovani-rivdom-ebz-1\/"]}]},{"@type":"ImageObject","inLanguage":"cs","@id":"https:\/\/hundtgroup.com\/cs\/produkt\/akumulatorovy-nastroj-na-nytovani-rivdom-ebz-1\/#primaryimage","url":"https:\/\/hundtgroup.com\/wp-content\/uploads\/500414.png","contentUrl":"https:\/\/hundtgroup.com\/wp-content\/uploads\/500414.png","width":768,"height":432},{"@type":"BreadcrumbList","@id":"https:\/\/hundtgroup.com\/cs\/produkt\/akumulatorovy-nastroj-na-nytovani-rivdom-ebz-1\/#breadcrumb","itemListElement":[{"@type":"ListItem","position":1,"name":"Startseite","item":"https:\/\/hundtgroup.com\/cs\/home-nove\/"},{"@type":"ListItem","position":2,"name":"Obchod","item":"https:\/\/hundtgroup.com\/obchod\/"},{"@type":"ListItem","position":3,"name":"Akumul\u00e1torov\u00fd n\u00e1stroj na n\u00fdtov\u00e1n\u00ed Rivdom ebZ 1"}]},{"@type":"WebSite","@id":"https:\/\/hundtgroup.com\/cs\/#website","url":"https:\/\/hundtgroup.com\/cs\/","name":"Wilhelm Hundt GmbH","description":"V\u00e1\u0161 specialista na stroje a n\u00e1stroje pro zpracov\u00e1n\u00ed plechu","potentialAction":[{"@type":"SearchAction","target":{"@type":"EntryPoint","urlTemplate":"https:\/\/hundtgroup.com\/cs\/?s={search_term_string}"},"query-input":{"@type":"PropertyValueSpecification","valueRequired":true,"valueName":"search_term_string"}}],"inLanguage":"cs"}]}},"_links":{"self":[{"href":"https:\/\/hundtgroup.com\/cs\/wp-json\/wp\/v2\/product\/25437","targetHints":{"allow":["GET"]}}],"collection":[{"href":"https:\/\/hundtgroup.com\/cs\/wp-json\/wp\/v2\/product"}],"about":[{"href":"https:\/\/hundtgroup.com\/cs\/wp-json\/wp\/v2\/types\/product"}],"wp:featuredmedia":[{"embeddable":true,"href":"https:\/\/hundtgroup.com\/cs\/wp-json\/wp\/v2\/media\/39921"}],"wp:attachment":[{"href":"https:\/\/hundtgroup.com\/cs\/wp-json\/wp\/v2\/media?parent=25437"}],"wp:term":[{"taxonomy":"product_cat","embeddable":true,"href":"https:\/\/hundtgroup.com\/cs\/wp-json\/wp\/v2\/product_cat?post=25437"},{"taxonomy":"product_tag","embeddable":true,"href":"https:\/\/hundtgroup.com\/cs\/wp-json\/wp\/v2\/product_tag?post=25437"}],"curies":[{"name":"wp","href":"https:\/\/api.w.org\/{rel}","templated":true}]}}