{"id":25451,"date":"2022-10-26T15:59:16","date_gmt":"2022-10-26T13:59:16","guid":{"rendered":"https:\/\/hundtgroup.com\/produkt\/akumulatorovy-nastroj-na-nytovani-pro-slepe-nyty-rivdom-ebz-zero\/"},"modified":"2025-08-01T11:59:14","modified_gmt":"2025-08-01T09:59:14","slug":"akumulatorovy-nastroj-na-nytovani-pro-slepe-nyty-rivdom-ebz-zero","status":"publish","type":"product","link":"https:\/\/hundtgroup.com\/cs\/produkt\/akumulatorovy-nastroj-na-nytovani-pro-slepe-nyty-rivdom-ebz-zero\/","title":{"rendered":"Akumul\u00e1torov\u00fd n\u00e1stroj na n\u00fdtov\u00e1n\u00ed pro slep\u00e9 n\u00fdty Rivdom ebZ ZERO"},"content":{"rendered":"<p>Kompaktn\u00ed. N\u00edzk\u00e1 hmotnost. Jednodu\u0161e v\u00fdkonn\u00e1.<br \/>\nNov\u00fd prcek pro slep\u00e9 n\u00fdty do 4,0 mm.<br \/>\nRivdomZERO m\u00e1 ultrakompaktn\u00ed pouzdro, kter\u00e9 ji\u017e zn\u00e1me z RivSmartu, bezkart\u00e1\u010dov\u00fd motor a nab\u00edjec\u00ed technologii RivdomPLUS.<br \/>\nOpot\u0159ebiteln\u00e9 d\u00edly lze m\u011bnit bez pou\u017eit\u00ed n\u00e1\u0159ad\u00ed a hmotnost pouh\u00fdch 1,3 kg zaru\u010duje maxim\u00e1ln\u00ed pohodl\u00ed!<br \/>\nNov\u011b vyvinut\u00fd bezkart\u00e1\u010dov\u00fd stejnosm\u011brn\u00fd motor BLDC zaru\u010duje prakticky bez\u00fadr\u017ebov\u00fd, velmi dlouh\u00fd \u017eivotn\u00ed cyklus.<br \/>\nNi\u017e\u0161\u00ed spot\u0159eba energie a sn\u00ed\u017een\u00e1 tvorba tepla zvy\u0161uj\u00ed \u017eivotnost baterie a efektivitu v\u00fdkonu.<br \/>\nVelmi kompaktn\u00ed rozm\u011bry, a proto bezkonkuren\u010dn\u00ed manipulace i na t\u011bch nejt\u011bsn\u011bj\u0161\u00edch m\u00edstech instalace.<br \/>\nIndividu\u00e1ln\u00ed nastaven\u00ed nav\u00edjen\u00ed.<br \/>\nMaxim\u00e1ln\u00ed pohodl\u00ed d\u00edky oto\u010dn\u00e9 spou\u0161ti s velmi n\u00edzkou spou\u0161t\u011bc\u00ed silou \/ kr\u00e1tk\u00fdm chodem spou\u0161t\u011b.  <\/p>\n","protected":false},"excerpt":{"rendered":"<p>Kompaktn\u00ed. N\u00edzk\u00e1 hmotnost. Jednodu\u0161e v\u00fdkonn\u00e1. Nov\u00fd prcek pro slep\u00e9 n\u00fdty do 4,0 mm. RivdomZERO m\u00e1 ultrakompaktn\u00ed pouzdro, kter\u00e9 ji\u017e zn\u00e1me z RivSmartu, bezkart\u00e1\u010dov\u00fd motor a nab\u00edjec\u00ed technologii RivdomPLUS. Opot\u0159ebiteln\u00e9 d\u00edly lze m\u011bnit bez pou\u017eit\u00ed n\u00e1\u0159ad\u00ed a hmotnost pouh\u00fdch 1,3 kg zaru\u010duje maxim\u00e1ln\u00ed pohodl\u00ed! Nov\u011b vyvinut\u00fd bezkart\u00e1\u010dov\u00fd stejnosm\u011brn\u00fd motor BLDC zaru\u010duje prakticky bez\u00fadr\u017ebov\u00fd, velmi dlouh\u00fd \u017eivotn\u00ed [&hellip;]<\/p>\n","protected":false},"featured_media":25454,"template":"","meta":{"_acf_changed":false,"inline_featured_image":false},"product_cat":[2849,1626,1624,649],"product_tag":[],"class_list":{"0":"post-25451","1":"product","2":"type-product","3":"status-publish","4":"has-post-thumbnail","6":"brand-honsel","7":"product_cat-nytovaci-nastroje-cs","8":"product_cat-baterie-cs-2","9":"product_cat-nytovaci-nastroje","10":"product_cat-bateriove-nastroje","12":"first","13":"instock","14":"sale","15":"taxable","16":"shipping-taxable","17":"purchasable","18":"product-type-simple","19":"add-to-wishlist-before_image"},"acf":[],"yoast_head":"<!-- This site is optimized with the Yoast SEO plugin v27.3 - https:\/\/yoast.com\/product\/yoast-seo-wordpress\/ -->\n<title>Akumul\u00e1torov\u00fd n\u00e1stroj na n\u00fdtov\u00e1n\u00ed pro slep\u00e9 n\u00fdty Rivdom ebZ ZERO - Wilhelm Hundt GmbH<\/title>\n<meta name=\"robots\" content=\"index, follow, max-snippet:-1, max-image-preview:large, max-video-preview:-1\" \/>\n<link rel=\"canonical\" href=\"https:\/\/hundtgroup.com\/cs\/produkt\/akumulatorovy-nastroj-na-nytovani-pro-slepe-nyty-rivdom-ebz-zero\/\" \/>\n<meta property=\"og:locale\" content=\"cs_CZ\" \/>\n<meta property=\"og:type\" content=\"article\" \/>\n<meta property=\"og:title\" content=\"Akumul\u00e1torov\u00fd n\u00e1stroj na n\u00fdtov\u00e1n\u00ed pro slep\u00e9 n\u00fdty Rivdom ebZ ZERO - Wilhelm Hundt GmbH\" \/>\n<meta property=\"og:description\" content=\"Kompaktn\u00ed. N\u00edzk\u00e1 hmotnost. Jednodu\u0161e v\u00fdkonn\u00e1. Nov\u00fd prcek pro slep\u00e9 n\u00fdty do 4,0 mm. RivdomZERO m\u00e1 ultrakompaktn\u00ed pouzdro, kter\u00e9 ji\u017e zn\u00e1me z RivSmartu, bezkart\u00e1\u010dov\u00fd motor a nab\u00edjec\u00ed technologii RivdomPLUS. Opot\u0159ebiteln\u00e9 d\u00edly lze m\u011bnit bez pou\u017eit\u00ed n\u00e1\u0159ad\u00ed a hmotnost pouh\u00fdch 1,3 kg zaru\u010duje maxim\u00e1ln\u00ed pohodl\u00ed! Nov\u011b vyvinut\u00fd bezkart\u00e1\u010dov\u00fd stejnosm\u011brn\u00fd motor BLDC zaru\u010duje prakticky bez\u00fadr\u017ebov\u00fd, velmi dlouh\u00fd \u017eivotn\u00ed [&hellip;]\" \/>\n<meta property=\"og:url\" content=\"https:\/\/hundtgroup.com\/cs\/produkt\/akumulatorovy-nastroj-na-nytovani-pro-slepe-nyty-rivdom-ebz-zero\/\" \/>\n<meta property=\"og:site_name\" content=\"Wilhelm Hundt GmbH\" \/>\n<meta property=\"article:modified_time\" content=\"2025-08-01T09:59:14+00:00\" \/>\n<meta property=\"og:image\" content=\"https:\/\/hundtgroup.com\/wp-content\/uploads\/500401.jpg\" \/>\n\t<meta property=\"og:image:width\" content=\"1600\" \/>\n\t<meta property=\"og:image:height\" content=\"901\" \/>\n\t<meta property=\"og:image:type\" content=\"image\/jpeg\" \/>\n<meta name=\"twitter:card\" content=\"summary_large_image\" \/>\n<meta name=\"twitter:label1\" content=\"Odhadovan\u00e1 doba \u010dten\u00ed\" \/>\n\t<meta name=\"twitter:data1\" content=\"1 minuta\" \/>\n<script type=\"application\/ld+json\" class=\"yoast-schema-graph\">{\"@context\":\"https:\\\/\\\/schema.org\",\"@graph\":[{\"@type\":\"WebPage\",\"@id\":\"https:\\\/\\\/hundtgroup.com\\\/cs\\\/produkt\\\/akumulatorovy-nastroj-na-nytovani-pro-slepe-nyty-rivdom-ebz-zero\\\/\",\"url\":\"https:\\\/\\\/hundtgroup.com\\\/cs\\\/produkt\\\/akumulatorovy-nastroj-na-nytovani-pro-slepe-nyty-rivdom-ebz-zero\\\/\",\"name\":\"Akumul\u00e1torov\u00fd n\u00e1stroj na n\u00fdtov\u00e1n\u00ed pro slep\u00e9 n\u00fdty Rivdom ebZ ZERO - Wilhelm Hundt GmbH\",\"isPartOf\":{\"@id\":\"https:\\\/\\\/hundtgroup.com\\\/cs\\\/#website\"},\"primaryImageOfPage\":{\"@id\":\"https:\\\/\\\/hundtgroup.com\\\/cs\\\/produkt\\\/akumulatorovy-nastroj-na-nytovani-pro-slepe-nyty-rivdom-ebz-zero\\\/#primaryimage\"},\"image\":{\"@id\":\"https:\\\/\\\/hundtgroup.com\\\/cs\\\/produkt\\\/akumulatorovy-nastroj-na-nytovani-pro-slepe-nyty-rivdom-ebz-zero\\\/#primaryimage\"},\"thumbnailUrl\":\"https:\\\/\\\/hundtgroup.com\\\/wp-content\\\/uploads\\\/500401.jpg\",\"datePublished\":\"2022-10-26T13:59:16+00:00\",\"dateModified\":\"2025-08-01T09:59:14+00:00\",\"breadcrumb\":{\"@id\":\"https:\\\/\\\/hundtgroup.com\\\/cs\\\/produkt\\\/akumulatorovy-nastroj-na-nytovani-pro-slepe-nyty-rivdom-ebz-zero\\\/#breadcrumb\"},\"inLanguage\":\"cs\",\"potentialAction\":[{\"@type\":\"ReadAction\",\"target\":[\"https:\\\/\\\/hundtgroup.com\\\/cs\\\/produkt\\\/akumulatorovy-nastroj-na-nytovani-pro-slepe-nyty-rivdom-ebz-zero\\\/\"]}]},{\"@type\":\"ImageObject\",\"inLanguage\":\"cs\",\"@id\":\"https:\\\/\\\/hundtgroup.com\\\/cs\\\/produkt\\\/akumulatorovy-nastroj-na-nytovani-pro-slepe-nyty-rivdom-ebz-zero\\\/#primaryimage\",\"url\":\"https:\\\/\\\/hundtgroup.com\\\/wp-content\\\/uploads\\\/500401.jpg\",\"contentUrl\":\"https:\\\/\\\/hundtgroup.com\\\/wp-content\\\/uploads\\\/500401.jpg\",\"width\":1600,\"height\":901},{\"@type\":\"BreadcrumbList\",\"@id\":\"https:\\\/\\\/hundtgroup.com\\\/cs\\\/produkt\\\/akumulatorovy-nastroj-na-nytovani-pro-slepe-nyty-rivdom-ebz-zero\\\/#breadcrumb\",\"itemListElement\":[{\"@type\":\"ListItem\",\"position\":1,\"name\":\"Startseite\",\"item\":\"https:\\\/\\\/hundtgroup.com\\\/cs\\\/home-nove\\\/\"},{\"@type\":\"ListItem\",\"position\":2,\"name\":\"Obchod\",\"item\":\"https:\\\/\\\/hundtgroup.com\\\/obchod\\\/\"},{\"@type\":\"ListItem\",\"position\":3,\"name\":\"Akumul\u00e1torov\u00fd n\u00e1stroj na n\u00fdtov\u00e1n\u00ed pro slep\u00e9 n\u00fdty Rivdom ebZ ZERO\"}]},{\"@type\":\"WebSite\",\"@id\":\"https:\\\/\\\/hundtgroup.com\\\/cs\\\/#website\",\"url\":\"https:\\\/\\\/hundtgroup.com\\\/cs\\\/\",\"name\":\"Wilhelm Hundt GmbH\",\"description\":\"V\u00e1\u0161 specialista na stroje a n\u00e1stroje pro zpracov\u00e1n\u00ed plechu\",\"potentialAction\":[{\"@type\":\"SearchAction\",\"target\":{\"@type\":\"EntryPoint\",\"urlTemplate\":\"https:\\\/\\\/hundtgroup.com\\\/cs\\\/?s={search_term_string}\"},\"query-input\":{\"@type\":\"PropertyValueSpecification\",\"valueRequired\":true,\"valueName\":\"search_term_string\"}}],\"inLanguage\":\"cs\"}]}<\/script>\n<!-- \/ Yoast SEO plugin. -->","yoast_head_json":{"title":"Akumul\u00e1torov\u00fd n\u00e1stroj na n\u00fdtov\u00e1n\u00ed pro slep\u00e9 n\u00fdty Rivdom ebZ ZERO - Wilhelm Hundt GmbH","robots":{"index":"index","follow":"follow","max-snippet":"max-snippet:-1","max-image-preview":"max-image-preview:large","max-video-preview":"max-video-preview:-1"},"canonical":"https:\/\/hundtgroup.com\/cs\/produkt\/akumulatorovy-nastroj-na-nytovani-pro-slepe-nyty-rivdom-ebz-zero\/","og_locale":"cs_CZ","og_type":"article","og_title":"Akumul\u00e1torov\u00fd n\u00e1stroj na n\u00fdtov\u00e1n\u00ed pro slep\u00e9 n\u00fdty Rivdom ebZ ZERO - Wilhelm Hundt GmbH","og_description":"Kompaktn\u00ed. N\u00edzk\u00e1 hmotnost. Jednodu\u0161e v\u00fdkonn\u00e1. Nov\u00fd prcek pro slep\u00e9 n\u00fdty do 4,0 mm. RivdomZERO m\u00e1 ultrakompaktn\u00ed pouzdro, kter\u00e9 ji\u017e zn\u00e1me z RivSmartu, bezkart\u00e1\u010dov\u00fd motor a nab\u00edjec\u00ed technologii RivdomPLUS. Opot\u0159ebiteln\u00e9 d\u00edly lze m\u011bnit bez pou\u017eit\u00ed n\u00e1\u0159ad\u00ed a hmotnost pouh\u00fdch 1,3 kg zaru\u010duje maxim\u00e1ln\u00ed pohodl\u00ed! Nov\u011b vyvinut\u00fd bezkart\u00e1\u010dov\u00fd stejnosm\u011brn\u00fd motor BLDC zaru\u010duje prakticky bez\u00fadr\u017ebov\u00fd, velmi dlouh\u00fd \u017eivotn\u00ed [&hellip;]","og_url":"https:\/\/hundtgroup.com\/cs\/produkt\/akumulatorovy-nastroj-na-nytovani-pro-slepe-nyty-rivdom-ebz-zero\/","og_site_name":"Wilhelm Hundt GmbH","article_modified_time":"2025-08-01T09:59:14+00:00","og_image":[{"width":1600,"height":901,"url":"https:\/\/hundtgroup.com\/wp-content\/uploads\/500401.jpg","type":"image\/jpeg"}],"twitter_card":"summary_large_image","twitter_misc":{"Odhadovan\u00e1 doba \u010dten\u00ed":"1 minuta"},"schema":{"@context":"https:\/\/schema.org","@graph":[{"@type":"WebPage","@id":"https:\/\/hundtgroup.com\/cs\/produkt\/akumulatorovy-nastroj-na-nytovani-pro-slepe-nyty-rivdom-ebz-zero\/","url":"https:\/\/hundtgroup.com\/cs\/produkt\/akumulatorovy-nastroj-na-nytovani-pro-slepe-nyty-rivdom-ebz-zero\/","name":"Akumul\u00e1torov\u00fd n\u00e1stroj na n\u00fdtov\u00e1n\u00ed pro slep\u00e9 n\u00fdty Rivdom ebZ ZERO - Wilhelm Hundt GmbH","isPartOf":{"@id":"https:\/\/hundtgroup.com\/cs\/#website"},"primaryImageOfPage":{"@id":"https:\/\/hundtgroup.com\/cs\/produkt\/akumulatorovy-nastroj-na-nytovani-pro-slepe-nyty-rivdom-ebz-zero\/#primaryimage"},"image":{"@id":"https:\/\/hundtgroup.com\/cs\/produkt\/akumulatorovy-nastroj-na-nytovani-pro-slepe-nyty-rivdom-ebz-zero\/#primaryimage"},"thumbnailUrl":"https:\/\/hundtgroup.com\/wp-content\/uploads\/500401.jpg","datePublished":"2022-10-26T13:59:16+00:00","dateModified":"2025-08-01T09:59:14+00:00","breadcrumb":{"@id":"https:\/\/hundtgroup.com\/cs\/produkt\/akumulatorovy-nastroj-na-nytovani-pro-slepe-nyty-rivdom-ebz-zero\/#breadcrumb"},"inLanguage":"cs","potentialAction":[{"@type":"ReadAction","target":["https:\/\/hundtgroup.com\/cs\/produkt\/akumulatorovy-nastroj-na-nytovani-pro-slepe-nyty-rivdom-ebz-zero\/"]}]},{"@type":"ImageObject","inLanguage":"cs","@id":"https:\/\/hundtgroup.com\/cs\/produkt\/akumulatorovy-nastroj-na-nytovani-pro-slepe-nyty-rivdom-ebz-zero\/#primaryimage","url":"https:\/\/hundtgroup.com\/wp-content\/uploads\/500401.jpg","contentUrl":"https:\/\/hundtgroup.com\/wp-content\/uploads\/500401.jpg","width":1600,"height":901},{"@type":"BreadcrumbList","@id":"https:\/\/hundtgroup.com\/cs\/produkt\/akumulatorovy-nastroj-na-nytovani-pro-slepe-nyty-rivdom-ebz-zero\/#breadcrumb","itemListElement":[{"@type":"ListItem","position":1,"name":"Startseite","item":"https:\/\/hundtgroup.com\/cs\/home-nove\/"},{"@type":"ListItem","position":2,"name":"Obchod","item":"https:\/\/hundtgroup.com\/obchod\/"},{"@type":"ListItem","position":3,"name":"Akumul\u00e1torov\u00fd n\u00e1stroj na n\u00fdtov\u00e1n\u00ed pro slep\u00e9 n\u00fdty Rivdom ebZ ZERO"}]},{"@type":"WebSite","@id":"https:\/\/hundtgroup.com\/cs\/#website","url":"https:\/\/hundtgroup.com\/cs\/","name":"Wilhelm Hundt GmbH","description":"V\u00e1\u0161 specialista na stroje a n\u00e1stroje pro zpracov\u00e1n\u00ed plechu","potentialAction":[{"@type":"SearchAction","target":{"@type":"EntryPoint","urlTemplate":"https:\/\/hundtgroup.com\/cs\/?s={search_term_string}"},"query-input":{"@type":"PropertyValueSpecification","valueRequired":true,"valueName":"search_term_string"}}],"inLanguage":"cs"}]}},"_links":{"self":[{"href":"https:\/\/hundtgroup.com\/cs\/wp-json\/wp\/v2\/product\/25451","targetHints":{"allow":["GET"]}}],"collection":[{"href":"https:\/\/hundtgroup.com\/cs\/wp-json\/wp\/v2\/product"}],"about":[{"href":"https:\/\/hundtgroup.com\/cs\/wp-json\/wp\/v2\/types\/product"}],"wp:featuredmedia":[{"embeddable":true,"href":"https:\/\/hundtgroup.com\/cs\/wp-json\/wp\/v2\/media\/25454"}],"wp:attachment":[{"href":"https:\/\/hundtgroup.com\/cs\/wp-json\/wp\/v2\/media?parent=25451"}],"wp:term":[{"taxonomy":"product_cat","embeddable":true,"href":"https:\/\/hundtgroup.com\/cs\/wp-json\/wp\/v2\/product_cat?post=25451"},{"taxonomy":"product_tag","embeddable":true,"href":"https:\/\/hundtgroup.com\/cs\/wp-json\/wp\/v2\/product_tag?post=25451"}],"curies":[{"name":"wp","href":"https:\/\/api.w.org\/{rel}","templated":true}]}}