{"id":25621,"date":"2022-10-26T15:58:20","date_gmt":"2022-10-26T13:58:20","guid":{"rendered":"https:\/\/hundtgroup.com\/produkt\/oznacovaci-paska-talmeter-tm-2m\/"},"modified":"2025-07-29T12:07:45","modified_gmt":"2025-07-29T10:07:45","slug":"oznacovaci-paska-talmeter-tm-2m","status":"publish","type":"product","link":"https:\/\/hundtgroup.com\/cs\/produkt\/oznacovaci-paska-talmeter-tm-2m\/","title":{"rendered":"Ozna\u010dovac\u00ed p\u00e1ska Talmeter TM 2m"},"content":{"rendered":"<p>M\u011b\u0159\u00edc\u00ed p\u00e1smo Talmeter TM.<br \/>\nB\u00edl\u00e9, robustn\u00ed ocelov\u00e9 p\u00e1smo, odstup\u0148ovan\u00e9 v milimetrech, pouzdro z ABS plastu.<br \/>\nKombinovan\u00e9 zna\u010dkovac\u00ed a m\u011b\u0159ic\u00ed hrany umo\u017e\u0148uj\u00ed rychl\u00e9 a snadn\u00e9 m\u011b\u0159en\u00ed a zna\u010den\u00ed vn\u011bj\u0161\u00edch i vnit\u0159n\u00edch d\u00e9lek.<br \/>\nVn\u011bj\u0161\u00ed a vnit\u0159n\u00ed m\u011b\u0159en\u00ed s funkc\u00ed zna\u010den\u00ed.<br \/>\nKruhov\u00e1 funkce pro zna\u010den\u00ed kulat\u00fdch tvar\u016f.<br \/>\nM\u011b\u0159en\u00ed pr\u016fm\u011bru<br \/>\nStupnice se uzamkne v norm\u00e1ln\u00ed poloze.<\/p>\n","protected":false},"excerpt":{"rendered":"<p>M\u011b\u0159\u00edc\u00ed p\u00e1smo Talmeter TM. B\u00edl\u00e9, robustn\u00ed ocelov\u00e9 p\u00e1smo, odstup\u0148ovan\u00e9 v milimetrech, pouzdro z ABS plastu. Kombinovan\u00e9 zna\u010dkovac\u00ed a m\u011b\u0159ic\u00ed hrany umo\u017e\u0148uj\u00ed rychl\u00e9 a snadn\u00e9 m\u011b\u0159en\u00ed a zna\u010den\u00ed vn\u011bj\u0161\u00edch i vnit\u0159n\u00edch d\u00e9lek. Vn\u011bj\u0161\u00ed a vnit\u0159n\u00ed m\u011b\u0159en\u00ed s funkc\u00ed zna\u010den\u00ed. Kruhov\u00e1 funkce pro zna\u010den\u00ed kulat\u00fdch tvar\u016f. M\u011b\u0159en\u00ed pr\u016fm\u011bru Stupnice se uzamkne v norm\u00e1ln\u00ed poloze.<\/p>\n","protected":false},"featured_media":25611,"template":"","meta":{"_acf_changed":false,"inline_featured_image":false},"product_cat":[715,2772,1561],"product_tag":[],"class_list":{"0":"post-25621","1":"product","2":"type-product","3":"status-publish","4":"has-post-thumbnail","6":"brand-hundt","7":"product_cat-rucni-naradi","8":"product_cat-paskovy-metr","9":"product_cat-merici-nastroje","11":"first","12":"instock","13":"taxable","14":"shipping-taxable","15":"purchasable","16":"product-type-simple","17":"add-to-wishlist-before_image"},"acf":[],"yoast_head":"<!-- This site is optimized with the Yoast SEO plugin v27.3 - https:\/\/yoast.com\/product\/yoast-seo-wordpress\/ -->\n<title>Ozna\u010dovac\u00ed p\u00e1ska Talmeter TM 2m - Wilhelm Hundt GmbH<\/title>\n<meta name=\"robots\" content=\"index, follow, max-snippet:-1, max-image-preview:large, max-video-preview:-1\" \/>\n<link rel=\"canonical\" href=\"https:\/\/hundtgroup.com\/cs\/produkt\/oznacovaci-paska-talmeter-tm-2m\/\" \/>\n<meta property=\"og:locale\" content=\"cs_CZ\" \/>\n<meta property=\"og:type\" content=\"article\" \/>\n<meta property=\"og:title\" content=\"Ozna\u010dovac\u00ed p\u00e1ska Talmeter TM 2m - Wilhelm Hundt GmbH\" \/>\n<meta property=\"og:description\" content=\"M\u011b\u0159\u00edc\u00ed p\u00e1smo Talmeter TM. B\u00edl\u00e9, robustn\u00ed ocelov\u00e9 p\u00e1smo, odstup\u0148ovan\u00e9 v milimetrech, pouzdro z ABS plastu. Kombinovan\u00e9 zna\u010dkovac\u00ed a m\u011b\u0159ic\u00ed hrany umo\u017e\u0148uj\u00ed rychl\u00e9 a snadn\u00e9 m\u011b\u0159en\u00ed a zna\u010den\u00ed vn\u011bj\u0161\u00edch i vnit\u0159n\u00edch d\u00e9lek. Vn\u011bj\u0161\u00ed a vnit\u0159n\u00ed m\u011b\u0159en\u00ed s funkc\u00ed zna\u010den\u00ed. Kruhov\u00e1 funkce pro zna\u010den\u00ed kulat\u00fdch tvar\u016f. M\u011b\u0159en\u00ed pr\u016fm\u011bru Stupnice se uzamkne v norm\u00e1ln\u00ed poloze.\" \/>\n<meta property=\"og:url\" content=\"https:\/\/hundtgroup.com\/cs\/produkt\/oznacovaci-paska-talmeter-tm-2m\/\" \/>\n<meta property=\"og:site_name\" content=\"Wilhelm Hundt GmbH\" \/>\n<meta property=\"article:modified_time\" content=\"2025-07-29T10:07:45+00:00\" \/>\n<meta property=\"og:image\" content=\"https:\/\/hundtgroup.com\/wp-content\/uploads\/420203.png\" \/>\n\t<meta property=\"og:image:width\" content=\"399\" \/>\n\t<meta property=\"og:image:height\" content=\"260\" \/>\n\t<meta property=\"og:image:type\" content=\"image\/png\" \/>\n<meta name=\"twitter:card\" content=\"summary_large_image\" \/>\n<script type=\"application\/ld+json\" class=\"yoast-schema-graph\">{\"@context\":\"https:\\\/\\\/schema.org\",\"@graph\":[{\"@type\":\"WebPage\",\"@id\":\"https:\\\/\\\/hundtgroup.com\\\/cs\\\/produkt\\\/oznacovaci-paska-talmeter-tm-2m\\\/\",\"url\":\"https:\\\/\\\/hundtgroup.com\\\/cs\\\/produkt\\\/oznacovaci-paska-talmeter-tm-2m\\\/\",\"name\":\"Ozna\u010dovac\u00ed p\u00e1ska Talmeter TM 2m - Wilhelm Hundt GmbH\",\"isPartOf\":{\"@id\":\"https:\\\/\\\/hundtgroup.com\\\/cs\\\/#website\"},\"primaryImageOfPage\":{\"@id\":\"https:\\\/\\\/hundtgroup.com\\\/cs\\\/produkt\\\/oznacovaci-paska-talmeter-tm-2m\\\/#primaryimage\"},\"image\":{\"@id\":\"https:\\\/\\\/hundtgroup.com\\\/cs\\\/produkt\\\/oznacovaci-paska-talmeter-tm-2m\\\/#primaryimage\"},\"thumbnailUrl\":\"https:\\\/\\\/hundtgroup.com\\\/wp-content\\\/uploads\\\/420203.png\",\"datePublished\":\"2022-10-26T13:58:20+00:00\",\"dateModified\":\"2025-07-29T10:07:45+00:00\",\"breadcrumb\":{\"@id\":\"https:\\\/\\\/hundtgroup.com\\\/cs\\\/produkt\\\/oznacovaci-paska-talmeter-tm-2m\\\/#breadcrumb\"},\"inLanguage\":\"cs\",\"potentialAction\":[{\"@type\":\"ReadAction\",\"target\":[\"https:\\\/\\\/hundtgroup.com\\\/cs\\\/produkt\\\/oznacovaci-paska-talmeter-tm-2m\\\/\"]}]},{\"@type\":\"ImageObject\",\"inLanguage\":\"cs\",\"@id\":\"https:\\\/\\\/hundtgroup.com\\\/cs\\\/produkt\\\/oznacovaci-paska-talmeter-tm-2m\\\/#primaryimage\",\"url\":\"https:\\\/\\\/hundtgroup.com\\\/wp-content\\\/uploads\\\/420203.png\",\"contentUrl\":\"https:\\\/\\\/hundtgroup.com\\\/wp-content\\\/uploads\\\/420203.png\",\"width\":399,\"height\":260},{\"@type\":\"BreadcrumbList\",\"@id\":\"https:\\\/\\\/hundtgroup.com\\\/cs\\\/produkt\\\/oznacovaci-paska-talmeter-tm-2m\\\/#breadcrumb\",\"itemListElement\":[{\"@type\":\"ListItem\",\"position\":1,\"name\":\"Startseite\",\"item\":\"https:\\\/\\\/hundtgroup.com\\\/cs\\\/home-nove\\\/\"},{\"@type\":\"ListItem\",\"position\":2,\"name\":\"Obchod\",\"item\":\"https:\\\/\\\/hundtgroup.com\\\/obchod\\\/\"},{\"@type\":\"ListItem\",\"position\":3,\"name\":\"Ozna\u010dovac\u00ed p\u00e1ska Talmeter TM 2m\"}]},{\"@type\":\"WebSite\",\"@id\":\"https:\\\/\\\/hundtgroup.com\\\/cs\\\/#website\",\"url\":\"https:\\\/\\\/hundtgroup.com\\\/cs\\\/\",\"name\":\"Wilhelm Hundt GmbH\",\"description\":\"V\u00e1\u0161 specialista na stroje a n\u00e1stroje pro zpracov\u00e1n\u00ed plechu\",\"potentialAction\":[{\"@type\":\"SearchAction\",\"target\":{\"@type\":\"EntryPoint\",\"urlTemplate\":\"https:\\\/\\\/hundtgroup.com\\\/cs\\\/?s={search_term_string}\"},\"query-input\":{\"@type\":\"PropertyValueSpecification\",\"valueRequired\":true,\"valueName\":\"search_term_string\"}}],\"inLanguage\":\"cs\"}]}<\/script>\n<!-- \/ Yoast SEO plugin. -->","yoast_head_json":{"title":"Ozna\u010dovac\u00ed p\u00e1ska Talmeter TM 2m - Wilhelm Hundt GmbH","robots":{"index":"index","follow":"follow","max-snippet":"max-snippet:-1","max-image-preview":"max-image-preview:large","max-video-preview":"max-video-preview:-1"},"canonical":"https:\/\/hundtgroup.com\/cs\/produkt\/oznacovaci-paska-talmeter-tm-2m\/","og_locale":"cs_CZ","og_type":"article","og_title":"Ozna\u010dovac\u00ed p\u00e1ska Talmeter TM 2m - Wilhelm Hundt GmbH","og_description":"M\u011b\u0159\u00edc\u00ed p\u00e1smo Talmeter TM. B\u00edl\u00e9, robustn\u00ed ocelov\u00e9 p\u00e1smo, odstup\u0148ovan\u00e9 v milimetrech, pouzdro z ABS plastu. Kombinovan\u00e9 zna\u010dkovac\u00ed a m\u011b\u0159ic\u00ed hrany umo\u017e\u0148uj\u00ed rychl\u00e9 a snadn\u00e9 m\u011b\u0159en\u00ed a zna\u010den\u00ed vn\u011bj\u0161\u00edch i vnit\u0159n\u00edch d\u00e9lek. Vn\u011bj\u0161\u00ed a vnit\u0159n\u00ed m\u011b\u0159en\u00ed s funkc\u00ed zna\u010den\u00ed. Kruhov\u00e1 funkce pro zna\u010den\u00ed kulat\u00fdch tvar\u016f. M\u011b\u0159en\u00ed pr\u016fm\u011bru Stupnice se uzamkne v norm\u00e1ln\u00ed poloze.","og_url":"https:\/\/hundtgroup.com\/cs\/produkt\/oznacovaci-paska-talmeter-tm-2m\/","og_site_name":"Wilhelm Hundt GmbH","article_modified_time":"2025-07-29T10:07:45+00:00","og_image":[{"width":399,"height":260,"url":"https:\/\/hundtgroup.com\/wp-content\/uploads\/420203.png","type":"image\/png"}],"twitter_card":"summary_large_image","schema":{"@context":"https:\/\/schema.org","@graph":[{"@type":"WebPage","@id":"https:\/\/hundtgroup.com\/cs\/produkt\/oznacovaci-paska-talmeter-tm-2m\/","url":"https:\/\/hundtgroup.com\/cs\/produkt\/oznacovaci-paska-talmeter-tm-2m\/","name":"Ozna\u010dovac\u00ed p\u00e1ska Talmeter TM 2m - Wilhelm Hundt GmbH","isPartOf":{"@id":"https:\/\/hundtgroup.com\/cs\/#website"},"primaryImageOfPage":{"@id":"https:\/\/hundtgroup.com\/cs\/produkt\/oznacovaci-paska-talmeter-tm-2m\/#primaryimage"},"image":{"@id":"https:\/\/hundtgroup.com\/cs\/produkt\/oznacovaci-paska-talmeter-tm-2m\/#primaryimage"},"thumbnailUrl":"https:\/\/hundtgroup.com\/wp-content\/uploads\/420203.png","datePublished":"2022-10-26T13:58:20+00:00","dateModified":"2025-07-29T10:07:45+00:00","breadcrumb":{"@id":"https:\/\/hundtgroup.com\/cs\/produkt\/oznacovaci-paska-talmeter-tm-2m\/#breadcrumb"},"inLanguage":"cs","potentialAction":[{"@type":"ReadAction","target":["https:\/\/hundtgroup.com\/cs\/produkt\/oznacovaci-paska-talmeter-tm-2m\/"]}]},{"@type":"ImageObject","inLanguage":"cs","@id":"https:\/\/hundtgroup.com\/cs\/produkt\/oznacovaci-paska-talmeter-tm-2m\/#primaryimage","url":"https:\/\/hundtgroup.com\/wp-content\/uploads\/420203.png","contentUrl":"https:\/\/hundtgroup.com\/wp-content\/uploads\/420203.png","width":399,"height":260},{"@type":"BreadcrumbList","@id":"https:\/\/hundtgroup.com\/cs\/produkt\/oznacovaci-paska-talmeter-tm-2m\/#breadcrumb","itemListElement":[{"@type":"ListItem","position":1,"name":"Startseite","item":"https:\/\/hundtgroup.com\/cs\/home-nove\/"},{"@type":"ListItem","position":2,"name":"Obchod","item":"https:\/\/hundtgroup.com\/obchod\/"},{"@type":"ListItem","position":3,"name":"Ozna\u010dovac\u00ed p\u00e1ska Talmeter TM 2m"}]},{"@type":"WebSite","@id":"https:\/\/hundtgroup.com\/cs\/#website","url":"https:\/\/hundtgroup.com\/cs\/","name":"Wilhelm Hundt GmbH","description":"V\u00e1\u0161 specialista na stroje a n\u00e1stroje pro zpracov\u00e1n\u00ed plechu","potentialAction":[{"@type":"SearchAction","target":{"@type":"EntryPoint","urlTemplate":"https:\/\/hundtgroup.com\/cs\/?s={search_term_string}"},"query-input":{"@type":"PropertyValueSpecification","valueRequired":true,"valueName":"search_term_string"}}],"inLanguage":"cs"}]}},"_links":{"self":[{"href":"https:\/\/hundtgroup.com\/cs\/wp-json\/wp\/v2\/product\/25621","targetHints":{"allow":["GET"]}}],"collection":[{"href":"https:\/\/hundtgroup.com\/cs\/wp-json\/wp\/v2\/product"}],"about":[{"href":"https:\/\/hundtgroup.com\/cs\/wp-json\/wp\/v2\/types\/product"}],"wp:featuredmedia":[{"embeddable":true,"href":"https:\/\/hundtgroup.com\/cs\/wp-json\/wp\/v2\/media\/25611"}],"wp:attachment":[{"href":"https:\/\/hundtgroup.com\/cs\/wp-json\/wp\/v2\/media?parent=25621"}],"wp:term":[{"taxonomy":"product_cat","embeddable":true,"href":"https:\/\/hundtgroup.com\/cs\/wp-json\/wp\/v2\/product_cat?post=25621"},{"taxonomy":"product_tag","embeddable":true,"href":"https:\/\/hundtgroup.com\/cs\/wp-json\/wp\/v2\/product_tag?post=25621"}],"curies":[{"name":"wp","href":"https:\/\/api.w.org\/{rel}","templated":true}]}}