{"id":26067,"date":"2022-08-23T16:02:52","date_gmt":"2022-08-23T14:02:52","guid":{"rendered":"https:\/\/hundtgroup.com\/produkt\/drevene-skladaci-pravitko-2-m-se-stupnici-obvodu\/"},"modified":"2025-07-29T12:10:28","modified_gmt":"2025-07-29T10:10:28","slug":"drevene-skladaci-pravitko-2-m-se-stupnici-obvodu","status":"publish","type":"product","link":"https:\/\/hundtgroup.com\/cs\/produkt\/drevene-skladaci-pravitko-2-m-se-stupnici-obvodu\/","title":{"rendered":"D\u0159ev\u011bn\u00e9 skl\u00e1dac\u00ed prav\u00edtko 2 m se stupnic\u00ed obvodu"},"content":{"rendered":"<p>Klouby s vnit\u0159n\u00edmi p\u0159esn\u00fdmi pru\u017einami z kalen\u00e9 oceli pro odoln\u00e9 zav\u011b\u0161en\u00ed bez opot\u0159eben\u00ed. Kloub se v\u017edy pohybuje hladce a lze jej p\u0159esn\u011b zablokovat. Bez bo\u010dn\u00edch dr\u00e1\u017eek, co\u017e umo\u017e\u0148uje kreslen\u00ed rovn\u00e9 vyzna\u010dovac\u00ed \u010d\u00e1ry. S \u00fahlov\u00fdm p\u0159ehledem na vnit\u0159n\u00ed stran\u011b prvn\u00edho \u010dl\u00e1nku ve standardn\u00ed v\u00fdbav\u011b. S obvodovou stupnic\u00ed: umo\u017e\u0148uje ode\u010d\u00edst obvod p\u0159\u00edmo m\u011b\u0159en\u00edm pr\u016fm\u011bru.    <\/p>\n","protected":false},"excerpt":{"rendered":"<p>Klouby s vnit\u0159n\u00edmi p\u0159esn\u00fdmi pru\u017einami z kalen\u00e9 oceli pro odoln\u00e9 zav\u011b\u0161en\u00ed bez opot\u0159eben\u00ed. Kloub se v\u017edy pohybuje hladce a lze jej p\u0159esn\u011b zablokovat. Bez bo\u010dn\u00edch dr\u00e1\u017eek, co\u017e umo\u017e\u0148uje kreslen\u00ed rovn\u00e9 vyzna\u010dovac\u00ed \u010d\u00e1ry. S \u00fahlov\u00fdm p\u0159ehledem na vnit\u0159n\u00ed stran\u011b prvn\u00edho \u010dl\u00e1nku ve standardn\u00ed v\u00fdbav\u011b. S obvodovou stupnic\u00ed: umo\u017e\u0148uje ode\u010d\u00edst obvod p\u0159\u00edmo m\u011b\u0159en\u00edm pr\u016fm\u011bru.<\/p>\n","protected":false},"featured_media":26046,"template":"","meta":{"_acf_changed":false,"inline_featured_image":false},"product_cat":[715,1561,2812],"product_tag":[],"class_list":{"0":"post-26067","1":"product","2":"type-product","3":"status-publish","4":"has-post-thumbnail","6":"brand-hundt","7":"product_cat-rucni-naradi","8":"product_cat-merici-nastroje","9":"product_cat-stupnice-koncetin","11":"first","12":"instock","13":"taxable","14":"shipping-taxable","15":"purchasable","16":"product-type-simple","17":"add-to-wishlist-before_image"},"acf":[],"yoast_head":"<!-- This site is optimized with the Yoast SEO plugin v27.3 - https:\/\/yoast.com\/product\/yoast-seo-wordpress\/ -->\n<title>D\u0159ev\u011bn\u00e9 skl\u00e1dac\u00ed prav\u00edtko 2 m se stupnic\u00ed obvodu - Wilhelm Hundt GmbH<\/title>\n<meta name=\"robots\" content=\"index, follow, max-snippet:-1, max-image-preview:large, max-video-preview:-1\" \/>\n<link rel=\"canonical\" href=\"https:\/\/hundtgroup.com\/cs\/produkt\/drevene-skladaci-pravitko-2-m-se-stupnici-obvodu\/\" \/>\n<meta property=\"og:locale\" content=\"cs_CZ\" \/>\n<meta property=\"og:type\" content=\"article\" \/>\n<meta property=\"og:title\" content=\"D\u0159ev\u011bn\u00e9 skl\u00e1dac\u00ed prav\u00edtko 2 m se stupnic\u00ed obvodu - Wilhelm Hundt GmbH\" \/>\n<meta property=\"og:description\" content=\"Klouby s vnit\u0159n\u00edmi p\u0159esn\u00fdmi pru\u017einami z kalen\u00e9 oceli pro odoln\u00e9 zav\u011b\u0161en\u00ed bez opot\u0159eben\u00ed. Kloub se v\u017edy pohybuje hladce a lze jej p\u0159esn\u011b zablokovat. Bez bo\u010dn\u00edch dr\u00e1\u017eek, co\u017e umo\u017e\u0148uje kreslen\u00ed rovn\u00e9 vyzna\u010dovac\u00ed \u010d\u00e1ry. S \u00fahlov\u00fdm p\u0159ehledem na vnit\u0159n\u00ed stran\u011b prvn\u00edho \u010dl\u00e1nku ve standardn\u00ed v\u00fdbav\u011b. S obvodovou stupnic\u00ed: umo\u017e\u0148uje ode\u010d\u00edst obvod p\u0159\u00edmo m\u011b\u0159en\u00edm pr\u016fm\u011bru.\" \/>\n<meta property=\"og:url\" content=\"https:\/\/hundtgroup.com\/cs\/produkt\/drevene-skladaci-pravitko-2-m-se-stupnici-obvodu\/\" \/>\n<meta property=\"og:site_name\" content=\"Wilhelm Hundt GmbH\" \/>\n<meta property=\"article:modified_time\" content=\"2025-07-29T10:10:28+00:00\" \/>\n<meta property=\"og:image\" content=\"https:\/\/hundtgroup.com\/wp-content\/uploads\/420202.png\" \/>\n\t<meta property=\"og:image:width\" content=\"561\" \/>\n\t<meta property=\"og:image:height\" content=\"207\" \/>\n\t<meta property=\"og:image:type\" content=\"image\/png\" \/>\n<meta name=\"twitter:card\" content=\"summary_large_image\" \/>\n<script type=\"application\/ld+json\" class=\"yoast-schema-graph\">{\"@context\":\"https:\\\/\\\/schema.org\",\"@graph\":[{\"@type\":\"WebPage\",\"@id\":\"https:\\\/\\\/hundtgroup.com\\\/cs\\\/produkt\\\/drevene-skladaci-pravitko-2-m-se-stupnici-obvodu\\\/\",\"url\":\"https:\\\/\\\/hundtgroup.com\\\/cs\\\/produkt\\\/drevene-skladaci-pravitko-2-m-se-stupnici-obvodu\\\/\",\"name\":\"D\u0159ev\u011bn\u00e9 skl\u00e1dac\u00ed prav\u00edtko 2 m se stupnic\u00ed obvodu - Wilhelm Hundt GmbH\",\"isPartOf\":{\"@id\":\"https:\\\/\\\/hundtgroup.com\\\/cs\\\/#website\"},\"primaryImageOfPage\":{\"@id\":\"https:\\\/\\\/hundtgroup.com\\\/cs\\\/produkt\\\/drevene-skladaci-pravitko-2-m-se-stupnici-obvodu\\\/#primaryimage\"},\"image\":{\"@id\":\"https:\\\/\\\/hundtgroup.com\\\/cs\\\/produkt\\\/drevene-skladaci-pravitko-2-m-se-stupnici-obvodu\\\/#primaryimage\"},\"thumbnailUrl\":\"https:\\\/\\\/hundtgroup.com\\\/wp-content\\\/uploads\\\/420202.png\",\"datePublished\":\"2022-08-23T14:02:52+00:00\",\"dateModified\":\"2025-07-29T10:10:28+00:00\",\"breadcrumb\":{\"@id\":\"https:\\\/\\\/hundtgroup.com\\\/cs\\\/produkt\\\/drevene-skladaci-pravitko-2-m-se-stupnici-obvodu\\\/#breadcrumb\"},\"inLanguage\":\"cs\",\"potentialAction\":[{\"@type\":\"ReadAction\",\"target\":[\"https:\\\/\\\/hundtgroup.com\\\/cs\\\/produkt\\\/drevene-skladaci-pravitko-2-m-se-stupnici-obvodu\\\/\"]}]},{\"@type\":\"ImageObject\",\"inLanguage\":\"cs\",\"@id\":\"https:\\\/\\\/hundtgroup.com\\\/cs\\\/produkt\\\/drevene-skladaci-pravitko-2-m-se-stupnici-obvodu\\\/#primaryimage\",\"url\":\"https:\\\/\\\/hundtgroup.com\\\/wp-content\\\/uploads\\\/420202.png\",\"contentUrl\":\"https:\\\/\\\/hundtgroup.com\\\/wp-content\\\/uploads\\\/420202.png\",\"width\":561,\"height\":207},{\"@type\":\"BreadcrumbList\",\"@id\":\"https:\\\/\\\/hundtgroup.com\\\/cs\\\/produkt\\\/drevene-skladaci-pravitko-2-m-se-stupnici-obvodu\\\/#breadcrumb\",\"itemListElement\":[{\"@type\":\"ListItem\",\"position\":1,\"name\":\"Startseite\",\"item\":\"https:\\\/\\\/hundtgroup.com\\\/cs\\\/home-nove\\\/\"},{\"@type\":\"ListItem\",\"position\":2,\"name\":\"Obchod\",\"item\":\"https:\\\/\\\/hundtgroup.com\\\/obchod\\\/\"},{\"@type\":\"ListItem\",\"position\":3,\"name\":\"D\u0159ev\u011bn\u00e9 skl\u00e1dac\u00ed prav\u00edtko 2 m se stupnic\u00ed obvodu\"}]},{\"@type\":\"WebSite\",\"@id\":\"https:\\\/\\\/hundtgroup.com\\\/cs\\\/#website\",\"url\":\"https:\\\/\\\/hundtgroup.com\\\/cs\\\/\",\"name\":\"Wilhelm Hundt GmbH\",\"description\":\"V\u00e1\u0161 specialista na stroje a n\u00e1stroje pro zpracov\u00e1n\u00ed plechu\",\"potentialAction\":[{\"@type\":\"SearchAction\",\"target\":{\"@type\":\"EntryPoint\",\"urlTemplate\":\"https:\\\/\\\/hundtgroup.com\\\/cs\\\/?s={search_term_string}\"},\"query-input\":{\"@type\":\"PropertyValueSpecification\",\"valueRequired\":true,\"valueName\":\"search_term_string\"}}],\"inLanguage\":\"cs\"}]}<\/script>\n<!-- \/ Yoast SEO plugin. -->","yoast_head_json":{"title":"D\u0159ev\u011bn\u00e9 skl\u00e1dac\u00ed prav\u00edtko 2 m se stupnic\u00ed obvodu - Wilhelm Hundt GmbH","robots":{"index":"index","follow":"follow","max-snippet":"max-snippet:-1","max-image-preview":"max-image-preview:large","max-video-preview":"max-video-preview:-1"},"canonical":"https:\/\/hundtgroup.com\/cs\/produkt\/drevene-skladaci-pravitko-2-m-se-stupnici-obvodu\/","og_locale":"cs_CZ","og_type":"article","og_title":"D\u0159ev\u011bn\u00e9 skl\u00e1dac\u00ed prav\u00edtko 2 m se stupnic\u00ed obvodu - Wilhelm Hundt GmbH","og_description":"Klouby s vnit\u0159n\u00edmi p\u0159esn\u00fdmi pru\u017einami z kalen\u00e9 oceli pro odoln\u00e9 zav\u011b\u0161en\u00ed bez opot\u0159eben\u00ed. Kloub se v\u017edy pohybuje hladce a lze jej p\u0159esn\u011b zablokovat. Bez bo\u010dn\u00edch dr\u00e1\u017eek, co\u017e umo\u017e\u0148uje kreslen\u00ed rovn\u00e9 vyzna\u010dovac\u00ed \u010d\u00e1ry. S \u00fahlov\u00fdm p\u0159ehledem na vnit\u0159n\u00ed stran\u011b prvn\u00edho \u010dl\u00e1nku ve standardn\u00ed v\u00fdbav\u011b. S obvodovou stupnic\u00ed: umo\u017e\u0148uje ode\u010d\u00edst obvod p\u0159\u00edmo m\u011b\u0159en\u00edm pr\u016fm\u011bru.","og_url":"https:\/\/hundtgroup.com\/cs\/produkt\/drevene-skladaci-pravitko-2-m-se-stupnici-obvodu\/","og_site_name":"Wilhelm Hundt GmbH","article_modified_time":"2025-07-29T10:10:28+00:00","og_image":[{"width":561,"height":207,"url":"https:\/\/hundtgroup.com\/wp-content\/uploads\/420202.png","type":"image\/png"}],"twitter_card":"summary_large_image","schema":{"@context":"https:\/\/schema.org","@graph":[{"@type":"WebPage","@id":"https:\/\/hundtgroup.com\/cs\/produkt\/drevene-skladaci-pravitko-2-m-se-stupnici-obvodu\/","url":"https:\/\/hundtgroup.com\/cs\/produkt\/drevene-skladaci-pravitko-2-m-se-stupnici-obvodu\/","name":"D\u0159ev\u011bn\u00e9 skl\u00e1dac\u00ed prav\u00edtko 2 m se stupnic\u00ed obvodu - Wilhelm Hundt GmbH","isPartOf":{"@id":"https:\/\/hundtgroup.com\/cs\/#website"},"primaryImageOfPage":{"@id":"https:\/\/hundtgroup.com\/cs\/produkt\/drevene-skladaci-pravitko-2-m-se-stupnici-obvodu\/#primaryimage"},"image":{"@id":"https:\/\/hundtgroup.com\/cs\/produkt\/drevene-skladaci-pravitko-2-m-se-stupnici-obvodu\/#primaryimage"},"thumbnailUrl":"https:\/\/hundtgroup.com\/wp-content\/uploads\/420202.png","datePublished":"2022-08-23T14:02:52+00:00","dateModified":"2025-07-29T10:10:28+00:00","breadcrumb":{"@id":"https:\/\/hundtgroup.com\/cs\/produkt\/drevene-skladaci-pravitko-2-m-se-stupnici-obvodu\/#breadcrumb"},"inLanguage":"cs","potentialAction":[{"@type":"ReadAction","target":["https:\/\/hundtgroup.com\/cs\/produkt\/drevene-skladaci-pravitko-2-m-se-stupnici-obvodu\/"]}]},{"@type":"ImageObject","inLanguage":"cs","@id":"https:\/\/hundtgroup.com\/cs\/produkt\/drevene-skladaci-pravitko-2-m-se-stupnici-obvodu\/#primaryimage","url":"https:\/\/hundtgroup.com\/wp-content\/uploads\/420202.png","contentUrl":"https:\/\/hundtgroup.com\/wp-content\/uploads\/420202.png","width":561,"height":207},{"@type":"BreadcrumbList","@id":"https:\/\/hundtgroup.com\/cs\/produkt\/drevene-skladaci-pravitko-2-m-se-stupnici-obvodu\/#breadcrumb","itemListElement":[{"@type":"ListItem","position":1,"name":"Startseite","item":"https:\/\/hundtgroup.com\/cs\/home-nove\/"},{"@type":"ListItem","position":2,"name":"Obchod","item":"https:\/\/hundtgroup.com\/obchod\/"},{"@type":"ListItem","position":3,"name":"D\u0159ev\u011bn\u00e9 skl\u00e1dac\u00ed prav\u00edtko 2 m se stupnic\u00ed obvodu"}]},{"@type":"WebSite","@id":"https:\/\/hundtgroup.com\/cs\/#website","url":"https:\/\/hundtgroup.com\/cs\/","name":"Wilhelm Hundt GmbH","description":"V\u00e1\u0161 specialista na stroje a n\u00e1stroje pro zpracov\u00e1n\u00ed plechu","potentialAction":[{"@type":"SearchAction","target":{"@type":"EntryPoint","urlTemplate":"https:\/\/hundtgroup.com\/cs\/?s={search_term_string}"},"query-input":{"@type":"PropertyValueSpecification","valueRequired":true,"valueName":"search_term_string"}}],"inLanguage":"cs"}]}},"_links":{"self":[{"href":"https:\/\/hundtgroup.com\/cs\/wp-json\/wp\/v2\/product\/26067","targetHints":{"allow":["GET"]}}],"collection":[{"href":"https:\/\/hundtgroup.com\/cs\/wp-json\/wp\/v2\/product"}],"about":[{"href":"https:\/\/hundtgroup.com\/cs\/wp-json\/wp\/v2\/types\/product"}],"wp:featuredmedia":[{"embeddable":true,"href":"https:\/\/hundtgroup.com\/cs\/wp-json\/wp\/v2\/media\/26046"}],"wp:attachment":[{"href":"https:\/\/hundtgroup.com\/cs\/wp-json\/wp\/v2\/media?parent=26067"}],"wp:term":[{"taxonomy":"product_cat","embeddable":true,"href":"https:\/\/hundtgroup.com\/cs\/wp-json\/wp\/v2\/product_cat?post=26067"},{"taxonomy":"product_tag","embeddable":true,"href":"https:\/\/hundtgroup.com\/cs\/wp-json\/wp\/v2\/product_tag?post=26067"}],"curies":[{"name":"wp","href":"https:\/\/api.w.org\/{rel}","templated":true}]}}