{"id":26565,"date":"2022-08-23T15:58:44","date_gmt":"2022-08-23T13:58:44","guid":{"rendered":"https:\/\/hundtgroup.com\/produkt\/spodni-kladivo-trumpf-trutool-f-125\/"},"modified":"2025-07-29T10:44:35","modified_gmt":"2025-07-29T08:44:35","slug":"spodni-kladivo-trumpf-trutool-f-125","status":"publish","type":"product","link":"https:\/\/hundtgroup.com\/cs\/produkt\/spodni-kladivo-trumpf-trutool-f-125\/","title":{"rendered":"Spodn\u00ed kladivo TRUMPF TruTool F 125"},"content":{"rendered":"<p>Nejlep\u0161\u00ed kladivo pro TruTool F125.<\/p>\n","protected":false},"excerpt":{"rendered":"<p>Nejlep\u0161\u00ed kladivo pro TruTool F125.<\/p>\n","protected":false},"featured_media":26567,"template":"","meta":{"_acf_changed":false,"inline_featured_image":false},"product_cat":[1580,1549,1553],"product_tag":[],"class_list":{"0":"post-26565","1":"product","2":"type-product","3":"status-publish","4":"has-post-thumbnail","6":"brand-trumpf","7":"product_cat-trutool-f-125-140-cs","8":"product_cat-baterie-elektricke-prislusenstvi","9":"product_cat-listy-na-lemovani-spojovaci-lisy","11":"first","12":"instock","13":"taxable","14":"shipping-taxable","15":"purchasable","16":"product-type-simple","17":"add-to-wishlist-before_image"},"acf":[],"yoast_head":"<!-- This site is optimized with the Yoast SEO plugin v27.3 - https:\/\/yoast.com\/product\/yoast-seo-wordpress\/ -->\n<title>Spodn\u00ed kladivo TRUMPF TruTool F 125 - Wilhelm Hundt GmbH<\/title>\n<meta name=\"robots\" content=\"index, follow, max-snippet:-1, max-image-preview:large, max-video-preview:-1\" \/>\n<link rel=\"canonical\" href=\"https:\/\/hundtgroup.com\/cs\/produkt\/spodni-kladivo-trumpf-trutool-f-125\/\" \/>\n<meta property=\"og:locale\" content=\"cs_CZ\" \/>\n<meta property=\"og:type\" content=\"article\" \/>\n<meta property=\"og:title\" content=\"Spodn\u00ed kladivo TRUMPF TruTool F 125 - Wilhelm Hundt GmbH\" \/>\n<meta property=\"og:description\" content=\"Nejlep\u0161\u00ed kladivo pro TruTool F125.\" \/>\n<meta property=\"og:url\" content=\"https:\/\/hundtgroup.com\/cs\/produkt\/spodni-kladivo-trumpf-trutool-f-125\/\" \/>\n<meta property=\"og:site_name\" content=\"Wilhelm Hundt GmbH\" \/>\n<meta property=\"article:modified_time\" content=\"2025-07-29T08:44:35+00:00\" \/>\n<meta property=\"og:image\" content=\"https:\/\/hundtgroup.com\/wp-content\/uploads\/345196.png\" \/>\n\t<meta property=\"og:image:width\" content=\"800\" \/>\n\t<meta property=\"og:image:height\" content=\"578\" \/>\n\t<meta property=\"og:image:type\" content=\"image\/png\" \/>\n<meta name=\"twitter:card\" content=\"summary_large_image\" \/>\n<script type=\"application\/ld+json\" class=\"yoast-schema-graph\">{\"@context\":\"https:\\\/\\\/schema.org\",\"@graph\":[{\"@type\":\"WebPage\",\"@id\":\"https:\\\/\\\/hundtgroup.com\\\/cs\\\/produkt\\\/spodni-kladivo-trumpf-trutool-f-125\\\/\",\"url\":\"https:\\\/\\\/hundtgroup.com\\\/cs\\\/produkt\\\/spodni-kladivo-trumpf-trutool-f-125\\\/\",\"name\":\"Spodn\u00ed kladivo TRUMPF TruTool F 125 - Wilhelm Hundt GmbH\",\"isPartOf\":{\"@id\":\"https:\\\/\\\/hundtgroup.com\\\/cs\\\/#website\"},\"primaryImageOfPage\":{\"@id\":\"https:\\\/\\\/hundtgroup.com\\\/cs\\\/produkt\\\/spodni-kladivo-trumpf-trutool-f-125\\\/#primaryimage\"},\"image\":{\"@id\":\"https:\\\/\\\/hundtgroup.com\\\/cs\\\/produkt\\\/spodni-kladivo-trumpf-trutool-f-125\\\/#primaryimage\"},\"thumbnailUrl\":\"https:\\\/\\\/hundtgroup.com\\\/wp-content\\\/uploads\\\/345196.png\",\"datePublished\":\"2022-08-23T13:58:44+00:00\",\"dateModified\":\"2025-07-29T08:44:35+00:00\",\"breadcrumb\":{\"@id\":\"https:\\\/\\\/hundtgroup.com\\\/cs\\\/produkt\\\/spodni-kladivo-trumpf-trutool-f-125\\\/#breadcrumb\"},\"inLanguage\":\"cs\",\"potentialAction\":[{\"@type\":\"ReadAction\",\"target\":[\"https:\\\/\\\/hundtgroup.com\\\/cs\\\/produkt\\\/spodni-kladivo-trumpf-trutool-f-125\\\/\"]}]},{\"@type\":\"ImageObject\",\"inLanguage\":\"cs\",\"@id\":\"https:\\\/\\\/hundtgroup.com\\\/cs\\\/produkt\\\/spodni-kladivo-trumpf-trutool-f-125\\\/#primaryimage\",\"url\":\"https:\\\/\\\/hundtgroup.com\\\/wp-content\\\/uploads\\\/345196.png\",\"contentUrl\":\"https:\\\/\\\/hundtgroup.com\\\/wp-content\\\/uploads\\\/345196.png\",\"width\":800,\"height\":578},{\"@type\":\"BreadcrumbList\",\"@id\":\"https:\\\/\\\/hundtgroup.com\\\/cs\\\/produkt\\\/spodni-kladivo-trumpf-trutool-f-125\\\/#breadcrumb\",\"itemListElement\":[{\"@type\":\"ListItem\",\"position\":1,\"name\":\"Startseite\",\"item\":\"https:\\\/\\\/hundtgroup.com\\\/cs\\\/home-nove\\\/\"},{\"@type\":\"ListItem\",\"position\":2,\"name\":\"Obchod\",\"item\":\"https:\\\/\\\/hundtgroup.com\\\/obchod\\\/\"},{\"@type\":\"ListItem\",\"position\":3,\"name\":\"Spodn\u00ed kladivo TRUMPF TruTool F 125\"}]},{\"@type\":\"WebSite\",\"@id\":\"https:\\\/\\\/hundtgroup.com\\\/cs\\\/#website\",\"url\":\"https:\\\/\\\/hundtgroup.com\\\/cs\\\/\",\"name\":\"Wilhelm Hundt GmbH\",\"description\":\"V\u00e1\u0161 specialista na stroje a n\u00e1stroje pro zpracov\u00e1n\u00ed plechu\",\"potentialAction\":[{\"@type\":\"SearchAction\",\"target\":{\"@type\":\"EntryPoint\",\"urlTemplate\":\"https:\\\/\\\/hundtgroup.com\\\/cs\\\/?s={search_term_string}\"},\"query-input\":{\"@type\":\"PropertyValueSpecification\",\"valueRequired\":true,\"valueName\":\"search_term_string\"}}],\"inLanguage\":\"cs\"}]}<\/script>\n<!-- \/ Yoast SEO plugin. -->","yoast_head_json":{"title":"Spodn\u00ed kladivo TRUMPF TruTool F 125 - Wilhelm Hundt GmbH","robots":{"index":"index","follow":"follow","max-snippet":"max-snippet:-1","max-image-preview":"max-image-preview:large","max-video-preview":"max-video-preview:-1"},"canonical":"https:\/\/hundtgroup.com\/cs\/produkt\/spodni-kladivo-trumpf-trutool-f-125\/","og_locale":"cs_CZ","og_type":"article","og_title":"Spodn\u00ed kladivo TRUMPF TruTool F 125 - Wilhelm Hundt GmbH","og_description":"Nejlep\u0161\u00ed kladivo pro TruTool F125.","og_url":"https:\/\/hundtgroup.com\/cs\/produkt\/spodni-kladivo-trumpf-trutool-f-125\/","og_site_name":"Wilhelm Hundt GmbH","article_modified_time":"2025-07-29T08:44:35+00:00","og_image":[{"width":800,"height":578,"url":"https:\/\/hundtgroup.com\/wp-content\/uploads\/345196.png","type":"image\/png"}],"twitter_card":"summary_large_image","schema":{"@context":"https:\/\/schema.org","@graph":[{"@type":"WebPage","@id":"https:\/\/hundtgroup.com\/cs\/produkt\/spodni-kladivo-trumpf-trutool-f-125\/","url":"https:\/\/hundtgroup.com\/cs\/produkt\/spodni-kladivo-trumpf-trutool-f-125\/","name":"Spodn\u00ed kladivo TRUMPF TruTool F 125 - Wilhelm Hundt GmbH","isPartOf":{"@id":"https:\/\/hundtgroup.com\/cs\/#website"},"primaryImageOfPage":{"@id":"https:\/\/hundtgroup.com\/cs\/produkt\/spodni-kladivo-trumpf-trutool-f-125\/#primaryimage"},"image":{"@id":"https:\/\/hundtgroup.com\/cs\/produkt\/spodni-kladivo-trumpf-trutool-f-125\/#primaryimage"},"thumbnailUrl":"https:\/\/hundtgroup.com\/wp-content\/uploads\/345196.png","datePublished":"2022-08-23T13:58:44+00:00","dateModified":"2025-07-29T08:44:35+00:00","breadcrumb":{"@id":"https:\/\/hundtgroup.com\/cs\/produkt\/spodni-kladivo-trumpf-trutool-f-125\/#breadcrumb"},"inLanguage":"cs","potentialAction":[{"@type":"ReadAction","target":["https:\/\/hundtgroup.com\/cs\/produkt\/spodni-kladivo-trumpf-trutool-f-125\/"]}]},{"@type":"ImageObject","inLanguage":"cs","@id":"https:\/\/hundtgroup.com\/cs\/produkt\/spodni-kladivo-trumpf-trutool-f-125\/#primaryimage","url":"https:\/\/hundtgroup.com\/wp-content\/uploads\/345196.png","contentUrl":"https:\/\/hundtgroup.com\/wp-content\/uploads\/345196.png","width":800,"height":578},{"@type":"BreadcrumbList","@id":"https:\/\/hundtgroup.com\/cs\/produkt\/spodni-kladivo-trumpf-trutool-f-125\/#breadcrumb","itemListElement":[{"@type":"ListItem","position":1,"name":"Startseite","item":"https:\/\/hundtgroup.com\/cs\/home-nove\/"},{"@type":"ListItem","position":2,"name":"Obchod","item":"https:\/\/hundtgroup.com\/obchod\/"},{"@type":"ListItem","position":3,"name":"Spodn\u00ed kladivo TRUMPF TruTool F 125"}]},{"@type":"WebSite","@id":"https:\/\/hundtgroup.com\/cs\/#website","url":"https:\/\/hundtgroup.com\/cs\/","name":"Wilhelm Hundt GmbH","description":"V\u00e1\u0161 specialista na stroje a n\u00e1stroje pro zpracov\u00e1n\u00ed plechu","potentialAction":[{"@type":"SearchAction","target":{"@type":"EntryPoint","urlTemplate":"https:\/\/hundtgroup.com\/cs\/?s={search_term_string}"},"query-input":{"@type":"PropertyValueSpecification","valueRequired":true,"valueName":"search_term_string"}}],"inLanguage":"cs"}]}},"_links":{"self":[{"href":"https:\/\/hundtgroup.com\/cs\/wp-json\/wp\/v2\/product\/26565","targetHints":{"allow":["GET"]}}],"collection":[{"href":"https:\/\/hundtgroup.com\/cs\/wp-json\/wp\/v2\/product"}],"about":[{"href":"https:\/\/hundtgroup.com\/cs\/wp-json\/wp\/v2\/types\/product"}],"wp:featuredmedia":[{"embeddable":true,"href":"https:\/\/hundtgroup.com\/cs\/wp-json\/wp\/v2\/media\/26567"}],"wp:attachment":[{"href":"https:\/\/hundtgroup.com\/cs\/wp-json\/wp\/v2\/media?parent=26565"}],"wp:term":[{"taxonomy":"product_cat","embeddable":true,"href":"https:\/\/hundtgroup.com\/cs\/wp-json\/wp\/v2\/product_cat?post=26565"},{"taxonomy":"product_tag","embeddable":true,"href":"https:\/\/hundtgroup.com\/cs\/wp-json\/wp\/v2\/product_tag?post=26565"}],"curies":[{"name":"wp","href":"https:\/\/api.w.org\/{rel}","templated":true}]}}