{"id":26662,"date":"2022-08-23T15:59:03","date_gmt":"2022-08-23T13:59:03","guid":{"rendered":"https:\/\/hundtgroup.com\/produkt\/trumpf-vymenitelne-desticky-st-r4-pro-trutool-tka-700-sada-10-kusu\/"},"modified":"2025-07-29T11:29:38","modified_gmt":"2025-07-29T09:29:38","slug":"trumpf-vymenitelne-desticky-st-r4-pro-trutool-tka-700-sada-10-kusu","status":"publish","type":"product","link":"https:\/\/hundtgroup.com\/cs\/produkt\/trumpf-vymenitelne-desticky-st-r4-pro-trutool-tka-700-sada-10-kusu\/","title":{"rendered":"TRUMPF vym\u011bniteln\u00e9 desti\u010dky ST R4 pro TruTool TKA 700 sada 10 kus\u016f"},"content":{"rendered":"<p>V\u00fdm\u011bnn\u00e9 desti\u010dky pro ocel, r\u00e1dius 4 mm, vhodn\u00e9 pro fr\u00e9zy TruTool TKA 300, TKA 500 a TKA 700, nov\u011bj\u0161\u00ed i star\u0161\u00ed verze.<\/p>\n","protected":false},"excerpt":{"rendered":"<p>V\u00fdm\u011bnn\u00e9 desti\u010dky pro ocel, r\u00e1dius 4 mm, vhodn\u00e9 pro fr\u00e9zy TruTool TKA 300, TKA 500 a TKA 700, nov\u011bj\u0161\u00ed i star\u0161\u00ed verze.<\/p>\n","protected":false},"featured_media":0,"template":"","meta":{"_acf_changed":false,"inline_featured_image":false},"product_cat":[1583,1585,1549,1554],"product_tag":[],"class_list":{"0":"post-26662","1":"product","2":"type-product","3":"status-publish","5":"brand-trumpf","6":"product_cat-tka-700-cs","7":"product_cat-tka-1500-cs","8":"product_cat-baterie-elektricke-prislusenstvi","9":"product_cat-frezovani-hran","11":"first","12":"instock","13":"taxable","14":"shipping-taxable","15":"purchasable","16":"product-type-simple","17":"add-to-wishlist-before_image"},"acf":[],"yoast_head":"<!-- This site is optimized with the Yoast SEO plugin v27.3 - https:\/\/yoast.com\/product\/yoast-seo-wordpress\/ -->\n<title>TRUMPF vym\u011bniteln\u00e9 desti\u010dky ST R4 pro TruTool TKA 700 sada 10 kus\u016f - Wilhelm Hundt GmbH<\/title>\n<meta name=\"robots\" content=\"index, follow, max-snippet:-1, max-image-preview:large, max-video-preview:-1\" \/>\n<link rel=\"canonical\" href=\"https:\/\/hundtgroup.com\/cs\/produkt\/trumpf-vymenitelne-desticky-st-r4-pro-trutool-tka-700-sada-10-kusu\/\" \/>\n<meta property=\"og:locale\" content=\"cs_CZ\" \/>\n<meta property=\"og:type\" content=\"article\" \/>\n<meta property=\"og:title\" content=\"TRUMPF vym\u011bniteln\u00e9 desti\u010dky ST R4 pro TruTool TKA 700 sada 10 kus\u016f - Wilhelm Hundt GmbH\" \/>\n<meta property=\"og:description\" content=\"V\u00fdm\u011bnn\u00e9 desti\u010dky pro ocel, r\u00e1dius 4 mm, vhodn\u00e9 pro fr\u00e9zy TruTool TKA 300, TKA 500 a TKA 700, nov\u011bj\u0161\u00ed i star\u0161\u00ed verze.\" \/>\n<meta property=\"og:url\" content=\"https:\/\/hundtgroup.com\/cs\/produkt\/trumpf-vymenitelne-desticky-st-r4-pro-trutool-tka-700-sada-10-kusu\/\" \/>\n<meta property=\"og:site_name\" content=\"Wilhelm Hundt GmbH\" \/>\n<meta property=\"article:modified_time\" content=\"2025-07-29T09:29:38+00:00\" \/>\n<meta name=\"twitter:card\" content=\"summary_large_image\" \/>\n<script type=\"application\/ld+json\" class=\"yoast-schema-graph\">{\"@context\":\"https:\\\/\\\/schema.org\",\"@graph\":[{\"@type\":\"WebPage\",\"@id\":\"https:\\\/\\\/hundtgroup.com\\\/cs\\\/produkt\\\/trumpf-vymenitelne-desticky-st-r4-pro-trutool-tka-700-sada-10-kusu\\\/\",\"url\":\"https:\\\/\\\/hundtgroup.com\\\/cs\\\/produkt\\\/trumpf-vymenitelne-desticky-st-r4-pro-trutool-tka-700-sada-10-kusu\\\/\",\"name\":\"TRUMPF vym\u011bniteln\u00e9 desti\u010dky ST R4 pro TruTool TKA 700 sada 10 kus\u016f - Wilhelm Hundt GmbH\",\"isPartOf\":{\"@id\":\"https:\\\/\\\/hundtgroup.com\\\/cs\\\/#website\"},\"datePublished\":\"2022-08-23T13:59:03+00:00\",\"dateModified\":\"2025-07-29T09:29:38+00:00\",\"breadcrumb\":{\"@id\":\"https:\\\/\\\/hundtgroup.com\\\/cs\\\/produkt\\\/trumpf-vymenitelne-desticky-st-r4-pro-trutool-tka-700-sada-10-kusu\\\/#breadcrumb\"},\"inLanguage\":\"cs\",\"potentialAction\":[{\"@type\":\"ReadAction\",\"target\":[\"https:\\\/\\\/hundtgroup.com\\\/cs\\\/produkt\\\/trumpf-vymenitelne-desticky-st-r4-pro-trutool-tka-700-sada-10-kusu\\\/\"]}]},{\"@type\":\"BreadcrumbList\",\"@id\":\"https:\\\/\\\/hundtgroup.com\\\/cs\\\/produkt\\\/trumpf-vymenitelne-desticky-st-r4-pro-trutool-tka-700-sada-10-kusu\\\/#breadcrumb\",\"itemListElement\":[{\"@type\":\"ListItem\",\"position\":1,\"name\":\"Startseite\",\"item\":\"https:\\\/\\\/hundtgroup.com\\\/cs\\\/home-nove\\\/\"},{\"@type\":\"ListItem\",\"position\":2,\"name\":\"Obchod\",\"item\":\"https:\\\/\\\/hundtgroup.com\\\/obchod\\\/\"},{\"@type\":\"ListItem\",\"position\":3,\"name\":\"TRUMPF vym\u011bniteln\u00e9 desti\u010dky ST R4 pro TruTool TKA 700 sada 10 kus\u016f\"}]},{\"@type\":\"WebSite\",\"@id\":\"https:\\\/\\\/hundtgroup.com\\\/cs\\\/#website\",\"url\":\"https:\\\/\\\/hundtgroup.com\\\/cs\\\/\",\"name\":\"Wilhelm Hundt GmbH\",\"description\":\"V\u00e1\u0161 specialista na stroje a n\u00e1stroje pro zpracov\u00e1n\u00ed plechu\",\"potentialAction\":[{\"@type\":\"SearchAction\",\"target\":{\"@type\":\"EntryPoint\",\"urlTemplate\":\"https:\\\/\\\/hundtgroup.com\\\/cs\\\/?s={search_term_string}\"},\"query-input\":{\"@type\":\"PropertyValueSpecification\",\"valueRequired\":true,\"valueName\":\"search_term_string\"}}],\"inLanguage\":\"cs\"}]}<\/script>\n<!-- \/ Yoast SEO plugin. -->","yoast_head_json":{"title":"TRUMPF vym\u011bniteln\u00e9 desti\u010dky ST R4 pro TruTool TKA 700 sada 10 kus\u016f - Wilhelm Hundt GmbH","robots":{"index":"index","follow":"follow","max-snippet":"max-snippet:-1","max-image-preview":"max-image-preview:large","max-video-preview":"max-video-preview:-1"},"canonical":"https:\/\/hundtgroup.com\/cs\/produkt\/trumpf-vymenitelne-desticky-st-r4-pro-trutool-tka-700-sada-10-kusu\/","og_locale":"cs_CZ","og_type":"article","og_title":"TRUMPF vym\u011bniteln\u00e9 desti\u010dky ST R4 pro TruTool TKA 700 sada 10 kus\u016f - Wilhelm Hundt GmbH","og_description":"V\u00fdm\u011bnn\u00e9 desti\u010dky pro ocel, r\u00e1dius 4 mm, vhodn\u00e9 pro fr\u00e9zy TruTool TKA 300, TKA 500 a TKA 700, nov\u011bj\u0161\u00ed i star\u0161\u00ed verze.","og_url":"https:\/\/hundtgroup.com\/cs\/produkt\/trumpf-vymenitelne-desticky-st-r4-pro-trutool-tka-700-sada-10-kusu\/","og_site_name":"Wilhelm Hundt GmbH","article_modified_time":"2025-07-29T09:29:38+00:00","twitter_card":"summary_large_image","schema":{"@context":"https:\/\/schema.org","@graph":[{"@type":"WebPage","@id":"https:\/\/hundtgroup.com\/cs\/produkt\/trumpf-vymenitelne-desticky-st-r4-pro-trutool-tka-700-sada-10-kusu\/","url":"https:\/\/hundtgroup.com\/cs\/produkt\/trumpf-vymenitelne-desticky-st-r4-pro-trutool-tka-700-sada-10-kusu\/","name":"TRUMPF vym\u011bniteln\u00e9 desti\u010dky ST R4 pro TruTool TKA 700 sada 10 kus\u016f - Wilhelm Hundt GmbH","isPartOf":{"@id":"https:\/\/hundtgroup.com\/cs\/#website"},"datePublished":"2022-08-23T13:59:03+00:00","dateModified":"2025-07-29T09:29:38+00:00","breadcrumb":{"@id":"https:\/\/hundtgroup.com\/cs\/produkt\/trumpf-vymenitelne-desticky-st-r4-pro-trutool-tka-700-sada-10-kusu\/#breadcrumb"},"inLanguage":"cs","potentialAction":[{"@type":"ReadAction","target":["https:\/\/hundtgroup.com\/cs\/produkt\/trumpf-vymenitelne-desticky-st-r4-pro-trutool-tka-700-sada-10-kusu\/"]}]},{"@type":"BreadcrumbList","@id":"https:\/\/hundtgroup.com\/cs\/produkt\/trumpf-vymenitelne-desticky-st-r4-pro-trutool-tka-700-sada-10-kusu\/#breadcrumb","itemListElement":[{"@type":"ListItem","position":1,"name":"Startseite","item":"https:\/\/hundtgroup.com\/cs\/home-nove\/"},{"@type":"ListItem","position":2,"name":"Obchod","item":"https:\/\/hundtgroup.com\/obchod\/"},{"@type":"ListItem","position":3,"name":"TRUMPF vym\u011bniteln\u00e9 desti\u010dky ST R4 pro TruTool TKA 700 sada 10 kus\u016f"}]},{"@type":"WebSite","@id":"https:\/\/hundtgroup.com\/cs\/#website","url":"https:\/\/hundtgroup.com\/cs\/","name":"Wilhelm Hundt GmbH","description":"V\u00e1\u0161 specialista na stroje a n\u00e1stroje pro zpracov\u00e1n\u00ed plechu","potentialAction":[{"@type":"SearchAction","target":{"@type":"EntryPoint","urlTemplate":"https:\/\/hundtgroup.com\/cs\/?s={search_term_string}"},"query-input":{"@type":"PropertyValueSpecification","valueRequired":true,"valueName":"search_term_string"}}],"inLanguage":"cs"}]}},"_links":{"self":[{"href":"https:\/\/hundtgroup.com\/cs\/wp-json\/wp\/v2\/product\/26662","targetHints":{"allow":["GET"]}}],"collection":[{"href":"https:\/\/hundtgroup.com\/cs\/wp-json\/wp\/v2\/product"}],"about":[{"href":"https:\/\/hundtgroup.com\/cs\/wp-json\/wp\/v2\/types\/product"}],"wp:attachment":[{"href":"https:\/\/hundtgroup.com\/cs\/wp-json\/wp\/v2\/media?parent=26662"}],"wp:term":[{"taxonomy":"product_cat","embeddable":true,"href":"https:\/\/hundtgroup.com\/cs\/wp-json\/wp\/v2\/product_cat?post=26662"},{"taxonomy":"product_tag","embeddable":true,"href":"https:\/\/hundtgroup.com\/cs\/wp-json\/wp\/v2\/product_tag?post=26662"}],"curies":[{"name":"wp","href":"https:\/\/api.w.org\/{rel}","templated":true}]}}