{"id":27724,"date":"2022-08-23T15:56:03","date_gmt":"2022-08-23T13:56:03","guid":{"rendered":"https:\/\/hundtgroup.com\/produkt\/trumpf-trutool-pn-201-18v-40ah-akumulatorove-nuzky-na-profily\/"},"modified":"2025-07-29T10:21:04","modified_gmt":"2025-07-29T08:21:04","slug":"trumpf-trutool-pn-201-18v-40ah-akumulatorove-nuzky-na-profily","status":"publish","type":"product","link":"https:\/\/hundtgroup.com\/cs\/produkt\/trumpf-trutool-pn-201-18v-40ah-akumulatorove-nuzky-na-profily\/","title":{"rendered":"TRUMPF TruTool PN 201 18V 4,0Ah akumul\u00e1torov\u00e9 n\u016f\u017eky na profily"},"content":{"rendered":"<p>\u0158ez\u00e1n\u00ed plech\u016f do 2 mm<br \/>\nStroj s dlouh\u00fdm n\u00e1strojem pro zpracov\u00e1n\u00ed profil\u016f do hloubky 162 mm a profil\u016f C, L a U. Vhodn\u00fd tak\u00e9 pro vlnit\u00fd plech.<br \/>\nIde\u00e1ln\u00ed pro t\u011b\u017eko p\u0159\u00edstupn\u00e1 m\u00edsta.<br \/>\nZm\u011bna sm\u011bru \u0159ez\u00e1n\u00ed b\u011bhem n\u011bkolika sekund &#8211; ot\u00e1\u010d\u00ed se o 360\u00b0.<br \/>\nNeomezen\u00e9 \u0159ez\u00e1n\u00ed v roz\u00edch d\u00edky dut\u00e9mu kulat\u00e9mu razn\u00edku.<br \/>\nN\u00edzk\u00e1 posuvn\u00e1 s\u00edla, bez zkreslen\u00ed, emis\u00ed a jisker.<br \/>\nRazn\u00edk a matrici lze vym\u011bnit bez pou\u017eit\u00ed n\u00e1\u0159ad\u00ed.<br \/>\nA\u017e o 60 % vy\u0161\u0161\u00ed v\u00fdkon baterie d\u00edky technologii PowerHead a bezkart\u00e1\u010dov\u00e9mu motoru.<br \/>\nM\u011bkk\u00e1 rukoje\u0165 pro pr\u00e1ci s n\u00edzk\u00fdmi vibracemi. <\/p>\n<p>Ujet\u00fd v\u00fdkon v metrech na jedno nabit\u00ed baterie (konstruk\u010dn\u00ed ocel 400 N\/mm\u00b2):<br \/>\n2 mm: se 4 Ah: 26 metr\u016f<br \/>\n1 mm: se 4 Ah: 54 metr\u016f<\/p>\n","protected":false},"excerpt":{"rendered":"<p>\u0158ez\u00e1n\u00ed plech\u016f do 2 mm Stroj s dlouh\u00fdm n\u00e1strojem pro zpracov\u00e1n\u00ed profil\u016f do hloubky 162 mm a profil\u016f C, L a U. Vhodn\u00fd tak\u00e9 pro vlnit\u00fd plech. Ide\u00e1ln\u00ed pro t\u011b\u017eko p\u0159\u00edstupn\u00e1 m\u00edsta. Zm\u011bna sm\u011bru \u0159ez\u00e1n\u00ed b\u011bhem n\u011bkolika sekund &#8211; ot\u00e1\u010d\u00ed se o 360\u00b0. Neomezen\u00e9 \u0159ez\u00e1n\u00ed v roz\u00edch d\u00edky dut\u00e9mu kulat\u00e9mu razn\u00edku. N\u00edzk\u00e1 posuvn\u00e1 s\u00edla, bez [&hellip;]<\/p>\n","protected":false},"featured_media":27725,"template":"","meta":{"_acf_changed":false,"inline_featured_image":false},"product_cat":[651,649],"product_tag":[],"class_list":{"0":"post-27724","1":"product","2":"type-product","3":"status-publish","4":"has-post-thumbnail","6":"brand-trumpf","7":"product_cat-profil-nibbler-cs","8":"product_cat-bateriove-nastroje","10":"first","11":"instock","12":"sale","13":"taxable","14":"shipping-taxable","15":"purchasable","16":"product-type-simple","17":"add-to-wishlist-before_image"},"acf":[],"yoast_head":"<!-- This site is optimized with the Yoast SEO plugin v27.3 - https:\/\/yoast.com\/product\/yoast-seo-wordpress\/ -->\n<title>TRUMPF TruTool PN 201 18V 4,0Ah akumul\u00e1torov\u00e9 n\u016f\u017eky na profily - Wilhelm Hundt GmbH<\/title>\n<meta name=\"robots\" content=\"index, follow, max-snippet:-1, max-image-preview:large, max-video-preview:-1\" \/>\n<link rel=\"canonical\" href=\"https:\/\/hundtgroup.com\/cs\/produkt\/trumpf-trutool-pn-201-18v-40ah-akumulatorove-nuzky-na-profily\/\" \/>\n<meta property=\"og:locale\" content=\"cs_CZ\" \/>\n<meta property=\"og:type\" content=\"article\" \/>\n<meta property=\"og:title\" content=\"TRUMPF TruTool PN 201 18V 4,0Ah akumul\u00e1torov\u00e9 n\u016f\u017eky na profily - Wilhelm Hundt GmbH\" \/>\n<meta property=\"og:description\" content=\"\u0158ez\u00e1n\u00ed plech\u016f do 2 mm Stroj s dlouh\u00fdm n\u00e1strojem pro zpracov\u00e1n\u00ed profil\u016f do hloubky 162 mm a profil\u016f C, L a U. Vhodn\u00fd tak\u00e9 pro vlnit\u00fd plech. Ide\u00e1ln\u00ed pro t\u011b\u017eko p\u0159\u00edstupn\u00e1 m\u00edsta. Zm\u011bna sm\u011bru \u0159ez\u00e1n\u00ed b\u011bhem n\u011bkolika sekund &#8211; ot\u00e1\u010d\u00ed se o 360\u00b0. Neomezen\u00e9 \u0159ez\u00e1n\u00ed v roz\u00edch d\u00edky dut\u00e9mu kulat\u00e9mu razn\u00edku. N\u00edzk\u00e1 posuvn\u00e1 s\u00edla, bez [&hellip;]\" \/>\n<meta property=\"og:url\" content=\"https:\/\/hundtgroup.com\/cs\/produkt\/trumpf-trutool-pn-201-18v-40ah-akumulatorove-nuzky-na-profily\/\" \/>\n<meta property=\"og:site_name\" content=\"Wilhelm Hundt GmbH\" \/>\n<meta property=\"article:modified_time\" content=\"2025-07-29T08:21:04+00:00\" \/>\n<meta property=\"og:image\" content=\"https:\/\/hundtgroup.com\/wp-content\/uploads\/352012.png\" \/>\n\t<meta property=\"og:image:width\" content=\"467\" \/>\n\t<meta property=\"og:image:height\" content=\"600\" \/>\n\t<meta property=\"og:image:type\" content=\"image\/png\" \/>\n<meta name=\"twitter:card\" content=\"summary_large_image\" \/>\n<meta name=\"twitter:label1\" content=\"Odhadovan\u00e1 doba \u010dten\u00ed\" \/>\n\t<meta name=\"twitter:data1\" content=\"1 minuta\" \/>\n<script type=\"application\/ld+json\" class=\"yoast-schema-graph\">{\"@context\":\"https:\\\/\\\/schema.org\",\"@graph\":[{\"@type\":\"WebPage\",\"@id\":\"https:\\\/\\\/hundtgroup.com\\\/cs\\\/produkt\\\/trumpf-trutool-pn-201-18v-40ah-akumulatorove-nuzky-na-profily\\\/\",\"url\":\"https:\\\/\\\/hundtgroup.com\\\/cs\\\/produkt\\\/trumpf-trutool-pn-201-18v-40ah-akumulatorove-nuzky-na-profily\\\/\",\"name\":\"TRUMPF TruTool PN 201 18V 4,0Ah akumul\u00e1torov\u00e9 n\u016f\u017eky na profily - Wilhelm Hundt GmbH\",\"isPartOf\":{\"@id\":\"https:\\\/\\\/hundtgroup.com\\\/cs\\\/#website\"},\"primaryImageOfPage\":{\"@id\":\"https:\\\/\\\/hundtgroup.com\\\/cs\\\/produkt\\\/trumpf-trutool-pn-201-18v-40ah-akumulatorove-nuzky-na-profily\\\/#primaryimage\"},\"image\":{\"@id\":\"https:\\\/\\\/hundtgroup.com\\\/cs\\\/produkt\\\/trumpf-trutool-pn-201-18v-40ah-akumulatorove-nuzky-na-profily\\\/#primaryimage\"},\"thumbnailUrl\":\"https:\\\/\\\/hundtgroup.com\\\/wp-content\\\/uploads\\\/352012.png\",\"datePublished\":\"2022-08-23T13:56:03+00:00\",\"dateModified\":\"2025-07-29T08:21:04+00:00\",\"breadcrumb\":{\"@id\":\"https:\\\/\\\/hundtgroup.com\\\/cs\\\/produkt\\\/trumpf-trutool-pn-201-18v-40ah-akumulatorove-nuzky-na-profily\\\/#breadcrumb\"},\"inLanguage\":\"cs\",\"potentialAction\":[{\"@type\":\"ReadAction\",\"target\":[\"https:\\\/\\\/hundtgroup.com\\\/cs\\\/produkt\\\/trumpf-trutool-pn-201-18v-40ah-akumulatorove-nuzky-na-profily\\\/\"]}]},{\"@type\":\"ImageObject\",\"inLanguage\":\"cs\",\"@id\":\"https:\\\/\\\/hundtgroup.com\\\/cs\\\/produkt\\\/trumpf-trutool-pn-201-18v-40ah-akumulatorove-nuzky-na-profily\\\/#primaryimage\",\"url\":\"https:\\\/\\\/hundtgroup.com\\\/wp-content\\\/uploads\\\/352012.png\",\"contentUrl\":\"https:\\\/\\\/hundtgroup.com\\\/wp-content\\\/uploads\\\/352012.png\",\"width\":467,\"height\":600},{\"@type\":\"BreadcrumbList\",\"@id\":\"https:\\\/\\\/hundtgroup.com\\\/cs\\\/produkt\\\/trumpf-trutool-pn-201-18v-40ah-akumulatorove-nuzky-na-profily\\\/#breadcrumb\",\"itemListElement\":[{\"@type\":\"ListItem\",\"position\":1,\"name\":\"Startseite\",\"item\":\"https:\\\/\\\/hundtgroup.com\\\/cs\\\/home-nove\\\/\"},{\"@type\":\"ListItem\",\"position\":2,\"name\":\"Obchod\",\"item\":\"https:\\\/\\\/hundtgroup.com\\\/obchod\\\/\"},{\"@type\":\"ListItem\",\"position\":3,\"name\":\"TRUMPF TruTool PN 201 18V 4,0Ah akumul\u00e1torov\u00e9 n\u016f\u017eky na profily\"}]},{\"@type\":\"WebSite\",\"@id\":\"https:\\\/\\\/hundtgroup.com\\\/cs\\\/#website\",\"url\":\"https:\\\/\\\/hundtgroup.com\\\/cs\\\/\",\"name\":\"Wilhelm Hundt GmbH\",\"description\":\"V\u00e1\u0161 specialista na stroje a n\u00e1stroje pro zpracov\u00e1n\u00ed plechu\",\"potentialAction\":[{\"@type\":\"SearchAction\",\"target\":{\"@type\":\"EntryPoint\",\"urlTemplate\":\"https:\\\/\\\/hundtgroup.com\\\/cs\\\/?s={search_term_string}\"},\"query-input\":{\"@type\":\"PropertyValueSpecification\",\"valueRequired\":true,\"valueName\":\"search_term_string\"}}],\"inLanguage\":\"cs\"}]}<\/script>\n<!-- \/ Yoast SEO plugin. -->","yoast_head_json":{"title":"TRUMPF TruTool PN 201 18V 4,0Ah akumul\u00e1torov\u00e9 n\u016f\u017eky na profily - Wilhelm Hundt GmbH","robots":{"index":"index","follow":"follow","max-snippet":"max-snippet:-1","max-image-preview":"max-image-preview:large","max-video-preview":"max-video-preview:-1"},"canonical":"https:\/\/hundtgroup.com\/cs\/produkt\/trumpf-trutool-pn-201-18v-40ah-akumulatorove-nuzky-na-profily\/","og_locale":"cs_CZ","og_type":"article","og_title":"TRUMPF TruTool PN 201 18V 4,0Ah akumul\u00e1torov\u00e9 n\u016f\u017eky na profily - Wilhelm Hundt GmbH","og_description":"\u0158ez\u00e1n\u00ed plech\u016f do 2 mm Stroj s dlouh\u00fdm n\u00e1strojem pro zpracov\u00e1n\u00ed profil\u016f do hloubky 162 mm a profil\u016f C, L a U. Vhodn\u00fd tak\u00e9 pro vlnit\u00fd plech. Ide\u00e1ln\u00ed pro t\u011b\u017eko p\u0159\u00edstupn\u00e1 m\u00edsta. Zm\u011bna sm\u011bru \u0159ez\u00e1n\u00ed b\u011bhem n\u011bkolika sekund &#8211; ot\u00e1\u010d\u00ed se o 360\u00b0. Neomezen\u00e9 \u0159ez\u00e1n\u00ed v roz\u00edch d\u00edky dut\u00e9mu kulat\u00e9mu razn\u00edku. N\u00edzk\u00e1 posuvn\u00e1 s\u00edla, bez [&hellip;]","og_url":"https:\/\/hundtgroup.com\/cs\/produkt\/trumpf-trutool-pn-201-18v-40ah-akumulatorove-nuzky-na-profily\/","og_site_name":"Wilhelm Hundt GmbH","article_modified_time":"2025-07-29T08:21:04+00:00","og_image":[{"width":467,"height":600,"url":"https:\/\/hundtgroup.com\/wp-content\/uploads\/352012.png","type":"image\/png"}],"twitter_card":"summary_large_image","twitter_misc":{"Odhadovan\u00e1 doba \u010dten\u00ed":"1 minuta"},"schema":{"@context":"https:\/\/schema.org","@graph":[{"@type":"WebPage","@id":"https:\/\/hundtgroup.com\/cs\/produkt\/trumpf-trutool-pn-201-18v-40ah-akumulatorove-nuzky-na-profily\/","url":"https:\/\/hundtgroup.com\/cs\/produkt\/trumpf-trutool-pn-201-18v-40ah-akumulatorove-nuzky-na-profily\/","name":"TRUMPF TruTool PN 201 18V 4,0Ah akumul\u00e1torov\u00e9 n\u016f\u017eky na profily - Wilhelm Hundt GmbH","isPartOf":{"@id":"https:\/\/hundtgroup.com\/cs\/#website"},"primaryImageOfPage":{"@id":"https:\/\/hundtgroup.com\/cs\/produkt\/trumpf-trutool-pn-201-18v-40ah-akumulatorove-nuzky-na-profily\/#primaryimage"},"image":{"@id":"https:\/\/hundtgroup.com\/cs\/produkt\/trumpf-trutool-pn-201-18v-40ah-akumulatorove-nuzky-na-profily\/#primaryimage"},"thumbnailUrl":"https:\/\/hundtgroup.com\/wp-content\/uploads\/352012.png","datePublished":"2022-08-23T13:56:03+00:00","dateModified":"2025-07-29T08:21:04+00:00","breadcrumb":{"@id":"https:\/\/hundtgroup.com\/cs\/produkt\/trumpf-trutool-pn-201-18v-40ah-akumulatorove-nuzky-na-profily\/#breadcrumb"},"inLanguage":"cs","potentialAction":[{"@type":"ReadAction","target":["https:\/\/hundtgroup.com\/cs\/produkt\/trumpf-trutool-pn-201-18v-40ah-akumulatorove-nuzky-na-profily\/"]}]},{"@type":"ImageObject","inLanguage":"cs","@id":"https:\/\/hundtgroup.com\/cs\/produkt\/trumpf-trutool-pn-201-18v-40ah-akumulatorove-nuzky-na-profily\/#primaryimage","url":"https:\/\/hundtgroup.com\/wp-content\/uploads\/352012.png","contentUrl":"https:\/\/hundtgroup.com\/wp-content\/uploads\/352012.png","width":467,"height":600},{"@type":"BreadcrumbList","@id":"https:\/\/hundtgroup.com\/cs\/produkt\/trumpf-trutool-pn-201-18v-40ah-akumulatorove-nuzky-na-profily\/#breadcrumb","itemListElement":[{"@type":"ListItem","position":1,"name":"Startseite","item":"https:\/\/hundtgroup.com\/cs\/home-nove\/"},{"@type":"ListItem","position":2,"name":"Obchod","item":"https:\/\/hundtgroup.com\/obchod\/"},{"@type":"ListItem","position":3,"name":"TRUMPF TruTool PN 201 18V 4,0Ah akumul\u00e1torov\u00e9 n\u016f\u017eky na profily"}]},{"@type":"WebSite","@id":"https:\/\/hundtgroup.com\/cs\/#website","url":"https:\/\/hundtgroup.com\/cs\/","name":"Wilhelm Hundt GmbH","description":"V\u00e1\u0161 specialista na stroje a n\u00e1stroje pro zpracov\u00e1n\u00ed plechu","potentialAction":[{"@type":"SearchAction","target":{"@type":"EntryPoint","urlTemplate":"https:\/\/hundtgroup.com\/cs\/?s={search_term_string}"},"query-input":{"@type":"PropertyValueSpecification","valueRequired":true,"valueName":"search_term_string"}}],"inLanguage":"cs"}]}},"_links":{"self":[{"href":"https:\/\/hundtgroup.com\/cs\/wp-json\/wp\/v2\/product\/27724","targetHints":{"allow":["GET"]}}],"collection":[{"href":"https:\/\/hundtgroup.com\/cs\/wp-json\/wp\/v2\/product"}],"about":[{"href":"https:\/\/hundtgroup.com\/cs\/wp-json\/wp\/v2\/types\/product"}],"wp:featuredmedia":[{"embeddable":true,"href":"https:\/\/hundtgroup.com\/cs\/wp-json\/wp\/v2\/media\/27725"}],"wp:attachment":[{"href":"https:\/\/hundtgroup.com\/cs\/wp-json\/wp\/v2\/media?parent=27724"}],"wp:term":[{"taxonomy":"product_cat","embeddable":true,"href":"https:\/\/hundtgroup.com\/cs\/wp-json\/wp\/v2\/product_cat?post=27724"},{"taxonomy":"product_tag","embeddable":true,"href":"https:\/\/hundtgroup.com\/cs\/wp-json\/wp\/v2\/product_tag?post=27724"}],"curies":[{"name":"wp","href":"https:\/\/api.w.org\/{rel}","templated":true}]}}