{"id":27952,"date":"2022-08-23T15:56:29","date_gmt":"2022-08-23T13:56:29","guid":{"rendered":"https:\/\/hundtgroup.com\/produkt\/svarovaci-hrana-trutool-tkf-1500-2600w\/"},"modified":"2025-07-29T10:17:57","modified_gmt":"2025-07-29T08:17:57","slug":"svarovaci-hrana-trutool-tkf-1500-2600w","status":"publish","type":"product","link":"https:\/\/hundtgroup.com\/cs\/produkt\/svarovaci-hrana-trutool-tkf-1500-2600w\/","title":{"rendered":"Sva\u0159ovac\u00ed hrana TruTool TKF 1500 2600W"},"content":{"rendered":"<p>Plynule nastaviteln\u00fd \u00fahel zkosen\u00ed (20\u00b0 a\u017e 55\u00b0).<br \/>\nPro mobiln\u00ed i stacion\u00e1rn\u00ed p\u0159\u00edpravu svarov\u00fdch \u0161v\u016f.<br \/>\nVhodn\u00e9 pro v\u00fdrobu hran K, V, X nebo Y.<br \/>\nV\u017edy rovnom\u011brn\u00fd povrch bez oxid\u016f a s n\u00edzkou hloubkou drsnosti.<br \/>\nZpracov\u00e1n\u00ed trubek od vnit\u0159n\u00edho pr\u016fm\u011bru 30 mm, vnit\u0159n\u00ed v\u00fd\u0159ezy od pr\u016fm\u011bru 130 mm, zpracov\u00e1n\u00ed T-nosn\u00edk\u016f a dvojit\u00fdch T-nosn\u00edk\u016f.<br \/>\nMinim\u00e1ln\u00ed doba p\u0159\u00edpravy d\u00edky rychl\u00e9mu zablokov\u00e1n\u00ed n\u00e1stroje a dlouh\u00e9 \u017eivotnosti n\u00e1stroje.<br \/>\nNov\u00e1 m\u011bkk\u00e1 rukoje\u0165 sni\u017euje vibrace p\u0159i pr\u00e1ci a zaji\u0161\u0165uje pohodln\u00e9 veden\u00ed stroje.<\/p>\n","protected":false},"excerpt":{"rendered":"<p>Plynule nastaviteln\u00fd \u00fahel zkosen\u00ed (20\u00b0 a\u017e 55\u00b0). Pro mobiln\u00ed i stacion\u00e1rn\u00ed p\u0159\u00edpravu svarov\u00fdch \u0161v\u016f. Vhodn\u00e9 pro v\u00fdrobu hran K, V, X nebo Y. V\u017edy rovnom\u011brn\u00fd povrch bez oxid\u016f a s n\u00edzkou hloubkou drsnosti. Zpracov\u00e1n\u00ed trubek od vnit\u0159n\u00edho pr\u016fm\u011bru 30 mm, vnit\u0159n\u00ed v\u00fd\u0159ezy od pr\u016fm\u011bru 130 mm, zpracov\u00e1n\u00ed T-nosn\u00edk\u016f a dvojit\u00fdch T-nosn\u00edk\u016f. Minim\u00e1ln\u00ed doba p\u0159\u00edpravy d\u00edky [&hellip;]<\/p>\n","protected":false},"featured_media":27953,"template":"","meta":{"_acf_changed":false,"inline_featured_image":false},"product_cat":[664,1660],"product_tag":[],"class_list":{"0":"post-27952","1":"product","2":"type-product","3":"status-publish","4":"has-post-thumbnail","6":"brand-trumpf","7":"product_cat-elektricke-naradi","8":"product_cat-svarovaci-hrana-cs","10":"first","11":"instock","12":"sale","13":"taxable","14":"shipping-taxable","15":"purchasable","16":"product-type-simple","17":"add-to-wishlist-before_image"},"acf":[],"yoast_head":"<!-- This site is optimized with the Yoast SEO plugin v27.3 - https:\/\/yoast.com\/product\/yoast-seo-wordpress\/ -->\n<title>Sva\u0159ovac\u00ed hrana TruTool TKF 1500 2600W - Wilhelm Hundt GmbH<\/title>\n<meta name=\"robots\" content=\"index, follow, max-snippet:-1, max-image-preview:large, max-video-preview:-1\" \/>\n<link rel=\"canonical\" href=\"https:\/\/hundtgroup.com\/cs\/produkt\/svarovaci-hrana-trutool-tkf-1500-2600w\/\" \/>\n<meta property=\"og:locale\" content=\"cs_CZ\" \/>\n<meta property=\"og:type\" content=\"article\" \/>\n<meta property=\"og:title\" content=\"Sva\u0159ovac\u00ed hrana TruTool TKF 1500 2600W - Wilhelm Hundt GmbH\" \/>\n<meta property=\"og:description\" content=\"Plynule nastaviteln\u00fd \u00fahel zkosen\u00ed (20\u00b0 a\u017e 55\u00b0). Pro mobiln\u00ed i stacion\u00e1rn\u00ed p\u0159\u00edpravu svarov\u00fdch \u0161v\u016f. Vhodn\u00e9 pro v\u00fdrobu hran K, V, X nebo Y. V\u017edy rovnom\u011brn\u00fd povrch bez oxid\u016f a s n\u00edzkou hloubkou drsnosti. Zpracov\u00e1n\u00ed trubek od vnit\u0159n\u00edho pr\u016fm\u011bru 30 mm, vnit\u0159n\u00ed v\u00fd\u0159ezy od pr\u016fm\u011bru 130 mm, zpracov\u00e1n\u00ed T-nosn\u00edk\u016f a dvojit\u00fdch T-nosn\u00edk\u016f. Minim\u00e1ln\u00ed doba p\u0159\u00edpravy d\u00edky [&hellip;]\" \/>\n<meta property=\"og:url\" content=\"https:\/\/hundtgroup.com\/cs\/produkt\/svarovaci-hrana-trutool-tkf-1500-2600w\/\" \/>\n<meta property=\"og:site_name\" content=\"Wilhelm Hundt GmbH\" \/>\n<meta property=\"article:modified_time\" content=\"2025-07-29T08:17:57+00:00\" \/>\n<meta property=\"og:image\" content=\"https:\/\/hundtgroup.com\/wp-content\/uploads\/351614.jpg\" \/>\n\t<meta property=\"og:image:width\" content=\"400\" \/>\n\t<meta property=\"og:image:height\" content=\"400\" \/>\n\t<meta property=\"og:image:type\" content=\"image\/jpeg\" \/>\n<meta name=\"twitter:card\" content=\"summary_large_image\" \/>\n<meta name=\"twitter:label1\" content=\"Odhadovan\u00e1 doba \u010dten\u00ed\" \/>\n\t<meta name=\"twitter:data1\" content=\"1 minuta\" \/>\n<script type=\"application\/ld+json\" class=\"yoast-schema-graph\">{\"@context\":\"https:\\\/\\\/schema.org\",\"@graph\":[{\"@type\":\"WebPage\",\"@id\":\"https:\\\/\\\/hundtgroup.com\\\/cs\\\/produkt\\\/svarovaci-hrana-trutool-tkf-1500-2600w\\\/\",\"url\":\"https:\\\/\\\/hundtgroup.com\\\/cs\\\/produkt\\\/svarovaci-hrana-trutool-tkf-1500-2600w\\\/\",\"name\":\"Sva\u0159ovac\u00ed hrana TruTool TKF 1500 2600W - Wilhelm Hundt GmbH\",\"isPartOf\":{\"@id\":\"https:\\\/\\\/hundtgroup.com\\\/cs\\\/#website\"},\"primaryImageOfPage\":{\"@id\":\"https:\\\/\\\/hundtgroup.com\\\/cs\\\/produkt\\\/svarovaci-hrana-trutool-tkf-1500-2600w\\\/#primaryimage\"},\"image\":{\"@id\":\"https:\\\/\\\/hundtgroup.com\\\/cs\\\/produkt\\\/svarovaci-hrana-trutool-tkf-1500-2600w\\\/#primaryimage\"},\"thumbnailUrl\":\"https:\\\/\\\/hundtgroup.com\\\/wp-content\\\/uploads\\\/351614.jpg\",\"datePublished\":\"2022-08-23T13:56:29+00:00\",\"dateModified\":\"2025-07-29T08:17:57+00:00\",\"breadcrumb\":{\"@id\":\"https:\\\/\\\/hundtgroup.com\\\/cs\\\/produkt\\\/svarovaci-hrana-trutool-tkf-1500-2600w\\\/#breadcrumb\"},\"inLanguage\":\"cs\",\"potentialAction\":[{\"@type\":\"ReadAction\",\"target\":[\"https:\\\/\\\/hundtgroup.com\\\/cs\\\/produkt\\\/svarovaci-hrana-trutool-tkf-1500-2600w\\\/\"]}]},{\"@type\":\"ImageObject\",\"inLanguage\":\"cs\",\"@id\":\"https:\\\/\\\/hundtgroup.com\\\/cs\\\/produkt\\\/svarovaci-hrana-trutool-tkf-1500-2600w\\\/#primaryimage\",\"url\":\"https:\\\/\\\/hundtgroup.com\\\/wp-content\\\/uploads\\\/351614.jpg\",\"contentUrl\":\"https:\\\/\\\/hundtgroup.com\\\/wp-content\\\/uploads\\\/351614.jpg\",\"width\":400,\"height\":400},{\"@type\":\"BreadcrumbList\",\"@id\":\"https:\\\/\\\/hundtgroup.com\\\/cs\\\/produkt\\\/svarovaci-hrana-trutool-tkf-1500-2600w\\\/#breadcrumb\",\"itemListElement\":[{\"@type\":\"ListItem\",\"position\":1,\"name\":\"Startseite\",\"item\":\"https:\\\/\\\/hundtgroup.com\\\/cs\\\/home-nove\\\/\"},{\"@type\":\"ListItem\",\"position\":2,\"name\":\"Obchod\",\"item\":\"https:\\\/\\\/hundtgroup.com\\\/obchod\\\/\"},{\"@type\":\"ListItem\",\"position\":3,\"name\":\"Sva\u0159ovac\u00ed hrana TruTool TKF 1500 2600W\"}]},{\"@type\":\"WebSite\",\"@id\":\"https:\\\/\\\/hundtgroup.com\\\/cs\\\/#website\",\"url\":\"https:\\\/\\\/hundtgroup.com\\\/cs\\\/\",\"name\":\"Wilhelm Hundt GmbH\",\"description\":\"V\u00e1\u0161 specialista na stroje a n\u00e1stroje pro zpracov\u00e1n\u00ed plechu\",\"potentialAction\":[{\"@type\":\"SearchAction\",\"target\":{\"@type\":\"EntryPoint\",\"urlTemplate\":\"https:\\\/\\\/hundtgroup.com\\\/cs\\\/?s={search_term_string}\"},\"query-input\":{\"@type\":\"PropertyValueSpecification\",\"valueRequired\":true,\"valueName\":\"search_term_string\"}}],\"inLanguage\":\"cs\"}]}<\/script>\n<!-- \/ Yoast SEO plugin. -->","yoast_head_json":{"title":"Sva\u0159ovac\u00ed hrana TruTool TKF 1500 2600W - Wilhelm Hundt GmbH","robots":{"index":"index","follow":"follow","max-snippet":"max-snippet:-1","max-image-preview":"max-image-preview:large","max-video-preview":"max-video-preview:-1"},"canonical":"https:\/\/hundtgroup.com\/cs\/produkt\/svarovaci-hrana-trutool-tkf-1500-2600w\/","og_locale":"cs_CZ","og_type":"article","og_title":"Sva\u0159ovac\u00ed hrana TruTool TKF 1500 2600W - Wilhelm Hundt GmbH","og_description":"Plynule nastaviteln\u00fd \u00fahel zkosen\u00ed (20\u00b0 a\u017e 55\u00b0). Pro mobiln\u00ed i stacion\u00e1rn\u00ed p\u0159\u00edpravu svarov\u00fdch \u0161v\u016f. Vhodn\u00e9 pro v\u00fdrobu hran K, V, X nebo Y. V\u017edy rovnom\u011brn\u00fd povrch bez oxid\u016f a s n\u00edzkou hloubkou drsnosti. Zpracov\u00e1n\u00ed trubek od vnit\u0159n\u00edho pr\u016fm\u011bru 30 mm, vnit\u0159n\u00ed v\u00fd\u0159ezy od pr\u016fm\u011bru 130 mm, zpracov\u00e1n\u00ed T-nosn\u00edk\u016f a dvojit\u00fdch T-nosn\u00edk\u016f. Minim\u00e1ln\u00ed doba p\u0159\u00edpravy d\u00edky [&hellip;]","og_url":"https:\/\/hundtgroup.com\/cs\/produkt\/svarovaci-hrana-trutool-tkf-1500-2600w\/","og_site_name":"Wilhelm Hundt GmbH","article_modified_time":"2025-07-29T08:17:57+00:00","og_image":[{"width":400,"height":400,"url":"https:\/\/hundtgroup.com\/wp-content\/uploads\/351614.jpg","type":"image\/jpeg"}],"twitter_card":"summary_large_image","twitter_misc":{"Odhadovan\u00e1 doba \u010dten\u00ed":"1 minuta"},"schema":{"@context":"https:\/\/schema.org","@graph":[{"@type":"WebPage","@id":"https:\/\/hundtgroup.com\/cs\/produkt\/svarovaci-hrana-trutool-tkf-1500-2600w\/","url":"https:\/\/hundtgroup.com\/cs\/produkt\/svarovaci-hrana-trutool-tkf-1500-2600w\/","name":"Sva\u0159ovac\u00ed hrana TruTool TKF 1500 2600W - Wilhelm Hundt GmbH","isPartOf":{"@id":"https:\/\/hundtgroup.com\/cs\/#website"},"primaryImageOfPage":{"@id":"https:\/\/hundtgroup.com\/cs\/produkt\/svarovaci-hrana-trutool-tkf-1500-2600w\/#primaryimage"},"image":{"@id":"https:\/\/hundtgroup.com\/cs\/produkt\/svarovaci-hrana-trutool-tkf-1500-2600w\/#primaryimage"},"thumbnailUrl":"https:\/\/hundtgroup.com\/wp-content\/uploads\/351614.jpg","datePublished":"2022-08-23T13:56:29+00:00","dateModified":"2025-07-29T08:17:57+00:00","breadcrumb":{"@id":"https:\/\/hundtgroup.com\/cs\/produkt\/svarovaci-hrana-trutool-tkf-1500-2600w\/#breadcrumb"},"inLanguage":"cs","potentialAction":[{"@type":"ReadAction","target":["https:\/\/hundtgroup.com\/cs\/produkt\/svarovaci-hrana-trutool-tkf-1500-2600w\/"]}]},{"@type":"ImageObject","inLanguage":"cs","@id":"https:\/\/hundtgroup.com\/cs\/produkt\/svarovaci-hrana-trutool-tkf-1500-2600w\/#primaryimage","url":"https:\/\/hundtgroup.com\/wp-content\/uploads\/351614.jpg","contentUrl":"https:\/\/hundtgroup.com\/wp-content\/uploads\/351614.jpg","width":400,"height":400},{"@type":"BreadcrumbList","@id":"https:\/\/hundtgroup.com\/cs\/produkt\/svarovaci-hrana-trutool-tkf-1500-2600w\/#breadcrumb","itemListElement":[{"@type":"ListItem","position":1,"name":"Startseite","item":"https:\/\/hundtgroup.com\/cs\/home-nove\/"},{"@type":"ListItem","position":2,"name":"Obchod","item":"https:\/\/hundtgroup.com\/obchod\/"},{"@type":"ListItem","position":3,"name":"Sva\u0159ovac\u00ed hrana TruTool TKF 1500 2600W"}]},{"@type":"WebSite","@id":"https:\/\/hundtgroup.com\/cs\/#website","url":"https:\/\/hundtgroup.com\/cs\/","name":"Wilhelm Hundt GmbH","description":"V\u00e1\u0161 specialista na stroje a n\u00e1stroje pro zpracov\u00e1n\u00ed plechu","potentialAction":[{"@type":"SearchAction","target":{"@type":"EntryPoint","urlTemplate":"https:\/\/hundtgroup.com\/cs\/?s={search_term_string}"},"query-input":{"@type":"PropertyValueSpecification","valueRequired":true,"valueName":"search_term_string"}}],"inLanguage":"cs"}]}},"_links":{"self":[{"href":"https:\/\/hundtgroup.com\/cs\/wp-json\/wp\/v2\/product\/27952","targetHints":{"allow":["GET"]}}],"collection":[{"href":"https:\/\/hundtgroup.com\/cs\/wp-json\/wp\/v2\/product"}],"about":[{"href":"https:\/\/hundtgroup.com\/cs\/wp-json\/wp\/v2\/types\/product"}],"wp:featuredmedia":[{"embeddable":true,"href":"https:\/\/hundtgroup.com\/cs\/wp-json\/wp\/v2\/media\/27953"}],"wp:attachment":[{"href":"https:\/\/hundtgroup.com\/cs\/wp-json\/wp\/v2\/media?parent=27952"}],"wp:term":[{"taxonomy":"product_cat","embeddable":true,"href":"https:\/\/hundtgroup.com\/cs\/wp-json\/wp\/v2\/product_cat?post=27952"},{"taxonomy":"product_tag","embeddable":true,"href":"https:\/\/hundtgroup.com\/cs\/wp-json\/wp\/v2\/product_tag?post=27952"}],"curies":[{"name":"wp","href":"https:\/\/api.w.org\/{rel}","templated":true}]}}