{"id":28232,"date":"2022-08-23T15:56:03","date_gmt":"2022-08-23T13:56:03","guid":{"rendered":"https:\/\/hundtgroup.com\/produkt\/svarovaci-hrana-trutool-tkf-700-30\/"},"modified":"2025-07-29T10:18:58","modified_gmt":"2025-07-29T08:18:58","slug":"svarovaci-hrana-trutool-tkf-700-30","status":"publish","type":"product","link":"https:\/\/hundtgroup.com\/cs\/produkt\/svarovaci-hrana-trutool-tkf-700-30\/","title":{"rendered":"Sva\u0159ovac\u00ed hrana TruTool TKF 700 30\u00b0"},"content":{"rendered":"<p>TKF 700 lze pou\u017e\u00edt v\u0161ude tam, kde je t\u0159eba pou\u017e\u00edt p\u0159\u00edpravek pro sva\u0159ov\u00e1n\u00ed hran ve tvaru p\u00edsmene K, V, X a Y. A to nejen na rovn\u00e9 plechy, ale i na trubky.<br \/>\nVelikost \u00fakosu a tlou\u0161\u0165ku plechu lze nastavit snadno a bez pou\u017eit\u00ed n\u00e1\u0159ad\u00ed. Nosi\u010d n\u00e1stroj\u016f lze b\u011bhem n\u011bkolika sekund oto\u010dit do jednoho ze t\u0159\u00ed sm\u011br\u016f zpracov\u00e1n\u00ed.<br \/>\nD\u00edky n\u00edzk\u00e9 hmotnosti lze TKF 700 pou\u017e\u00edvat ve svisl\u00e9, vodorovn\u00e9 i horn\u00ed poloze. Za\u0159\u00edzen\u00ed lze pou\u017e\u00edvat ru\u010dn\u011b nebo stacion\u00e1rn\u011b.<br \/>\nSva\u0159ence m\u016f\u017eete nan\u00e1\u0161et nejen na rovn\u00e9 plechy, ale tak\u00e9 na trubky, vnit\u0159n\u00ed v\u00fd\u0159ezy a zak\u0159iven\u00e9 hrany.<br \/>\nZpracov\u00e1n\u00ed trubek od vnit\u0159n\u00edho pr\u016fm\u011bru 80 mm, vnit\u0159n\u00edch v\u00fd\u0159ez\u016f od pr\u016fm\u011bru 90 mm a zak\u0159iven\u00fdch hran o polom\u011bru od 40 mm<br \/>\nSva\u0159enec se pou\u017e\u00edv\u00e1 v kovoobr\u00e1b\u011bc\u00edch d\u00edln\u00e1ch, v ocel\u00e1\u0159stv\u00ed a stroj\u00edrenstv\u00ed, p\u0159i stavb\u011b lod\u00ed a vagon\u016f.   <\/p>\n","protected":false},"excerpt":{"rendered":"<p>TKF 700 lze pou\u017e\u00edt v\u0161ude tam, kde je t\u0159eba pou\u017e\u00edt p\u0159\u00edpravek pro sva\u0159ov\u00e1n\u00ed hran ve tvaru p\u00edsmene K, V, X a Y. A to nejen na rovn\u00e9 plechy, ale i na trubky. Velikost \u00fakosu a tlou\u0161\u0165ku plechu lze nastavit snadno a bez pou\u017eit\u00ed n\u00e1\u0159ad\u00ed. Nosi\u010d n\u00e1stroj\u016f lze b\u011bhem n\u011bkolika sekund oto\u010dit do jednoho ze t\u0159\u00ed [&hellip;]<\/p>\n","protected":false},"featured_media":27967,"template":"","meta":{"_acf_changed":false,"inline_featured_image":false},"product_cat":[664,1660],"product_tag":[],"class_list":{"0":"post-28232","1":"product","2":"type-product","3":"status-publish","4":"has-post-thumbnail","6":"brand-trumpf","7":"product_cat-elektricke-naradi","8":"product_cat-svarovaci-hrana-cs","10":"first","11":"instock","12":"sale","13":"taxable","14":"shipping-taxable","15":"purchasable","16":"product-type-simple","17":"add-to-wishlist-before_image"},"acf":[],"yoast_head":"<!-- This site is optimized with the Yoast SEO plugin v27.3 - https:\/\/yoast.com\/product\/yoast-seo-wordpress\/ -->\n<title>Sva\u0159ovac\u00ed hrana TruTool TKF 700 30\u00b0 - Wilhelm Hundt GmbH<\/title>\n<meta name=\"robots\" content=\"index, follow, max-snippet:-1, max-image-preview:large, max-video-preview:-1\" \/>\n<link rel=\"canonical\" href=\"https:\/\/hundtgroup.com\/cs\/produkt\/svarovaci-hrana-trutool-tkf-700-30\/\" \/>\n<meta property=\"og:locale\" content=\"cs_CZ\" \/>\n<meta property=\"og:type\" content=\"article\" \/>\n<meta property=\"og:title\" content=\"Sva\u0159ovac\u00ed hrana TruTool TKF 700 30\u00b0 - Wilhelm Hundt GmbH\" \/>\n<meta property=\"og:description\" content=\"TKF 700 lze pou\u017e\u00edt v\u0161ude tam, kde je t\u0159eba pou\u017e\u00edt p\u0159\u00edpravek pro sva\u0159ov\u00e1n\u00ed hran ve tvaru p\u00edsmene K, V, X a Y. A to nejen na rovn\u00e9 plechy, ale i na trubky. Velikost \u00fakosu a tlou\u0161\u0165ku plechu lze nastavit snadno a bez pou\u017eit\u00ed n\u00e1\u0159ad\u00ed. Nosi\u010d n\u00e1stroj\u016f lze b\u011bhem n\u011bkolika sekund oto\u010dit do jednoho ze t\u0159\u00ed [&hellip;]\" \/>\n<meta property=\"og:url\" content=\"https:\/\/hundtgroup.com\/cs\/produkt\/svarovaci-hrana-trutool-tkf-700-30\/\" \/>\n<meta property=\"og:site_name\" content=\"Wilhelm Hundt GmbH\" \/>\n<meta property=\"article:modified_time\" content=\"2025-07-29T08:18:58+00:00\" \/>\n<meta property=\"og:image\" content=\"https:\/\/hundtgroup.com\/wp-content\/uploads\/351649-scaled.jpg\" \/>\n\t<meta property=\"og:image:width\" content=\"2560\" \/>\n\t<meta property=\"og:image:height\" content=\"1810\" \/>\n\t<meta property=\"og:image:type\" content=\"image\/jpeg\" \/>\n<meta name=\"twitter:card\" content=\"summary_large_image\" \/>\n<meta name=\"twitter:label1\" content=\"Odhadovan\u00e1 doba \u010dten\u00ed\" \/>\n\t<meta name=\"twitter:data1\" content=\"1 minuta\" \/>\n<script type=\"application\/ld+json\" class=\"yoast-schema-graph\">{\"@context\":\"https:\\\/\\\/schema.org\",\"@graph\":[{\"@type\":\"WebPage\",\"@id\":\"https:\\\/\\\/hundtgroup.com\\\/cs\\\/produkt\\\/svarovaci-hrana-trutool-tkf-700-30\\\/\",\"url\":\"https:\\\/\\\/hundtgroup.com\\\/cs\\\/produkt\\\/svarovaci-hrana-trutool-tkf-700-30\\\/\",\"name\":\"Sva\u0159ovac\u00ed hrana TruTool TKF 700 30\u00b0 - Wilhelm Hundt GmbH\",\"isPartOf\":{\"@id\":\"https:\\\/\\\/hundtgroup.com\\\/cs\\\/#website\"},\"primaryImageOfPage\":{\"@id\":\"https:\\\/\\\/hundtgroup.com\\\/cs\\\/produkt\\\/svarovaci-hrana-trutool-tkf-700-30\\\/#primaryimage\"},\"image\":{\"@id\":\"https:\\\/\\\/hundtgroup.com\\\/cs\\\/produkt\\\/svarovaci-hrana-trutool-tkf-700-30\\\/#primaryimage\"},\"thumbnailUrl\":\"https:\\\/\\\/hundtgroup.com\\\/wp-content\\\/uploads\\\/351649-scaled.jpg\",\"datePublished\":\"2022-08-23T13:56:03+00:00\",\"dateModified\":\"2025-07-29T08:18:58+00:00\",\"breadcrumb\":{\"@id\":\"https:\\\/\\\/hundtgroup.com\\\/cs\\\/produkt\\\/svarovaci-hrana-trutool-tkf-700-30\\\/#breadcrumb\"},\"inLanguage\":\"cs\",\"potentialAction\":[{\"@type\":\"ReadAction\",\"target\":[\"https:\\\/\\\/hundtgroup.com\\\/cs\\\/produkt\\\/svarovaci-hrana-trutool-tkf-700-30\\\/\"]}]},{\"@type\":\"ImageObject\",\"inLanguage\":\"cs\",\"@id\":\"https:\\\/\\\/hundtgroup.com\\\/cs\\\/produkt\\\/svarovaci-hrana-trutool-tkf-700-30\\\/#primaryimage\",\"url\":\"https:\\\/\\\/hundtgroup.com\\\/wp-content\\\/uploads\\\/351649-scaled.jpg\",\"contentUrl\":\"https:\\\/\\\/hundtgroup.com\\\/wp-content\\\/uploads\\\/351649-scaled.jpg\",\"width\":2560,\"height\":1810},{\"@type\":\"BreadcrumbList\",\"@id\":\"https:\\\/\\\/hundtgroup.com\\\/cs\\\/produkt\\\/svarovaci-hrana-trutool-tkf-700-30\\\/#breadcrumb\",\"itemListElement\":[{\"@type\":\"ListItem\",\"position\":1,\"name\":\"Startseite\",\"item\":\"https:\\\/\\\/hundtgroup.com\\\/cs\\\/home-nove\\\/\"},{\"@type\":\"ListItem\",\"position\":2,\"name\":\"Obchod\",\"item\":\"https:\\\/\\\/hundtgroup.com\\\/obchod\\\/\"},{\"@type\":\"ListItem\",\"position\":3,\"name\":\"Sva\u0159ovac\u00ed hrana TruTool TKF 700 30\u00b0\"}]},{\"@type\":\"WebSite\",\"@id\":\"https:\\\/\\\/hundtgroup.com\\\/cs\\\/#website\",\"url\":\"https:\\\/\\\/hundtgroup.com\\\/cs\\\/\",\"name\":\"Wilhelm Hundt GmbH\",\"description\":\"V\u00e1\u0161 specialista na stroje a n\u00e1stroje pro zpracov\u00e1n\u00ed plechu\",\"potentialAction\":[{\"@type\":\"SearchAction\",\"target\":{\"@type\":\"EntryPoint\",\"urlTemplate\":\"https:\\\/\\\/hundtgroup.com\\\/cs\\\/?s={search_term_string}\"},\"query-input\":{\"@type\":\"PropertyValueSpecification\",\"valueRequired\":true,\"valueName\":\"search_term_string\"}}],\"inLanguage\":\"cs\"}]}<\/script>\n<!-- \/ Yoast SEO plugin. -->","yoast_head_json":{"title":"Sva\u0159ovac\u00ed hrana TruTool TKF 700 30\u00b0 - Wilhelm Hundt GmbH","robots":{"index":"index","follow":"follow","max-snippet":"max-snippet:-1","max-image-preview":"max-image-preview:large","max-video-preview":"max-video-preview:-1"},"canonical":"https:\/\/hundtgroup.com\/cs\/produkt\/svarovaci-hrana-trutool-tkf-700-30\/","og_locale":"cs_CZ","og_type":"article","og_title":"Sva\u0159ovac\u00ed hrana TruTool TKF 700 30\u00b0 - Wilhelm Hundt GmbH","og_description":"TKF 700 lze pou\u017e\u00edt v\u0161ude tam, kde je t\u0159eba pou\u017e\u00edt p\u0159\u00edpravek pro sva\u0159ov\u00e1n\u00ed hran ve tvaru p\u00edsmene K, V, X a Y. A to nejen na rovn\u00e9 plechy, ale i na trubky. Velikost \u00fakosu a tlou\u0161\u0165ku plechu lze nastavit snadno a bez pou\u017eit\u00ed n\u00e1\u0159ad\u00ed. Nosi\u010d n\u00e1stroj\u016f lze b\u011bhem n\u011bkolika sekund oto\u010dit do jednoho ze t\u0159\u00ed [&hellip;]","og_url":"https:\/\/hundtgroup.com\/cs\/produkt\/svarovaci-hrana-trutool-tkf-700-30\/","og_site_name":"Wilhelm Hundt GmbH","article_modified_time":"2025-07-29T08:18:58+00:00","og_image":[{"width":2560,"height":1810,"url":"https:\/\/hundtgroup.com\/wp-content\/uploads\/351649-scaled.jpg","type":"image\/jpeg"}],"twitter_card":"summary_large_image","twitter_misc":{"Odhadovan\u00e1 doba \u010dten\u00ed":"1 minuta"},"schema":{"@context":"https:\/\/schema.org","@graph":[{"@type":"WebPage","@id":"https:\/\/hundtgroup.com\/cs\/produkt\/svarovaci-hrana-trutool-tkf-700-30\/","url":"https:\/\/hundtgroup.com\/cs\/produkt\/svarovaci-hrana-trutool-tkf-700-30\/","name":"Sva\u0159ovac\u00ed hrana TruTool TKF 700 30\u00b0 - Wilhelm Hundt GmbH","isPartOf":{"@id":"https:\/\/hundtgroup.com\/cs\/#website"},"primaryImageOfPage":{"@id":"https:\/\/hundtgroup.com\/cs\/produkt\/svarovaci-hrana-trutool-tkf-700-30\/#primaryimage"},"image":{"@id":"https:\/\/hundtgroup.com\/cs\/produkt\/svarovaci-hrana-trutool-tkf-700-30\/#primaryimage"},"thumbnailUrl":"https:\/\/hundtgroup.com\/wp-content\/uploads\/351649-scaled.jpg","datePublished":"2022-08-23T13:56:03+00:00","dateModified":"2025-07-29T08:18:58+00:00","breadcrumb":{"@id":"https:\/\/hundtgroup.com\/cs\/produkt\/svarovaci-hrana-trutool-tkf-700-30\/#breadcrumb"},"inLanguage":"cs","potentialAction":[{"@type":"ReadAction","target":["https:\/\/hundtgroup.com\/cs\/produkt\/svarovaci-hrana-trutool-tkf-700-30\/"]}]},{"@type":"ImageObject","inLanguage":"cs","@id":"https:\/\/hundtgroup.com\/cs\/produkt\/svarovaci-hrana-trutool-tkf-700-30\/#primaryimage","url":"https:\/\/hundtgroup.com\/wp-content\/uploads\/351649-scaled.jpg","contentUrl":"https:\/\/hundtgroup.com\/wp-content\/uploads\/351649-scaled.jpg","width":2560,"height":1810},{"@type":"BreadcrumbList","@id":"https:\/\/hundtgroup.com\/cs\/produkt\/svarovaci-hrana-trutool-tkf-700-30\/#breadcrumb","itemListElement":[{"@type":"ListItem","position":1,"name":"Startseite","item":"https:\/\/hundtgroup.com\/cs\/home-nove\/"},{"@type":"ListItem","position":2,"name":"Obchod","item":"https:\/\/hundtgroup.com\/obchod\/"},{"@type":"ListItem","position":3,"name":"Sva\u0159ovac\u00ed hrana TruTool TKF 700 30\u00b0"}]},{"@type":"WebSite","@id":"https:\/\/hundtgroup.com\/cs\/#website","url":"https:\/\/hundtgroup.com\/cs\/","name":"Wilhelm Hundt GmbH","description":"V\u00e1\u0161 specialista na stroje a n\u00e1stroje pro zpracov\u00e1n\u00ed plechu","potentialAction":[{"@type":"SearchAction","target":{"@type":"EntryPoint","urlTemplate":"https:\/\/hundtgroup.com\/cs\/?s={search_term_string}"},"query-input":{"@type":"PropertyValueSpecification","valueRequired":true,"valueName":"search_term_string"}}],"inLanguage":"cs"}]}},"_links":{"self":[{"href":"https:\/\/hundtgroup.com\/cs\/wp-json\/wp\/v2\/product\/28232","targetHints":{"allow":["GET"]}}],"collection":[{"href":"https:\/\/hundtgroup.com\/cs\/wp-json\/wp\/v2\/product"}],"about":[{"href":"https:\/\/hundtgroup.com\/cs\/wp-json\/wp\/v2\/types\/product"}],"wp:featuredmedia":[{"embeddable":true,"href":"https:\/\/hundtgroup.com\/cs\/wp-json\/wp\/v2\/media\/27967"}],"wp:attachment":[{"href":"https:\/\/hundtgroup.com\/cs\/wp-json\/wp\/v2\/media?parent=28232"}],"wp:term":[{"taxonomy":"product_cat","embeddable":true,"href":"https:\/\/hundtgroup.com\/cs\/wp-json\/wp\/v2\/product_cat?post=28232"},{"taxonomy":"product_tag","embeddable":true,"href":"https:\/\/hundtgroup.com\/cs\/wp-json\/wp\/v2\/product_tag?post=28232"}],"curies":[{"name":"wp","href":"https:\/\/api.w.org\/{rel}","templated":true}]}}