{"id":28265,"date":"2022-08-23T15:56:03","date_gmt":"2022-08-23T13:56:03","guid":{"rendered":"https:\/\/hundtgroup.com\/produkt\/trutool-tf-350-18v-40ah-akumulatorovy-spojovaci-lis-bez-naradi\/"},"modified":"2025-07-29T10:17:00","modified_gmt":"2025-07-29T08:17:00","slug":"trutool-tf-350-18v-40ah-akumulatorovy-spojovaci-lis-bez-naradi","status":"publish","type":"product","link":"https:\/\/hundtgroup.com\/cs\/produkt\/trutool-tf-350-18v-40ah-akumulatorovy-spojovaci-lis-bez-naradi\/","title":{"rendered":"TruTool TF 350 18V 4,0Ah akumul\u00e1torov\u00fd spojovac\u00ed lis (bez n\u00e1\u0159ad\u00ed)"},"content":{"rendered":"<p>Trval\u00e9 spojov\u00e1n\u00ed obrobk\u016f v jedn\u00e9 operaci pro tlou\u0161\u0165ky materi\u00e1lu od 0,8 do 4 mm.<br \/>\nNen\u00ed t\u0159eba pou\u017e\u00edvat \u0161rouby nebo n\u00fdty: \u0161et\u0159\u00ed n\u00e1klady a zjednodu\u0161uje manipulaci.<br \/>\nTvarov\u011b p\u0159izp\u016fsoben\u00e9, korozivzdorn\u00e9 spojovac\u00ed body.<br \/>\nRychl\u00fd sled zdvih\u016f &#8211; a\u017e dva spojovac\u00ed body za sekundu.<br \/>\nKvalita spojov\u00e1n\u00ed nez\u00e1visl\u00e1 na povrchu s povrchovou \u00fapravou nebo bez n\u00ed.<br \/>\nA\u017e o 60 % vy\u0161\u0161\u00ed v\u00fdkon akumul\u00e1toru d\u00edky technologii PowerHead a bezkart\u00e1\u010dov\u00e9mu motoru.<br \/>\nM\u011bkk\u00e1 rukoje\u0165 pro pr\u00e1ci s n\u00edzk\u00fdmi vibracemi.<\/p>\n<p>Spojovac\u00ed body (FP) na jedno nabit\u00ed akumul\u00e1toru (m\u011bkk\u00e1 ocel 400 N\/mm\u00b2):<br \/>\n3,5 mm: se 4 Ah: 1 200 FP<br \/>\n2,0 mm: se 4 Ah: 2 100 FP.<\/p>\n","protected":false},"excerpt":{"rendered":"<p>Trval\u00e9 spojov\u00e1n\u00ed obrobk\u016f v jedn\u00e9 operaci pro tlou\u0161\u0165ky materi\u00e1lu od 0,8 do 4 mm. Nen\u00ed t\u0159eba pou\u017e\u00edvat \u0161rouby nebo n\u00fdty: \u0161et\u0159\u00ed n\u00e1klady a zjednodu\u0161uje manipulaci. Tvarov\u011b p\u0159izp\u016fsoben\u00e9, korozivzdorn\u00e9 spojovac\u00ed body. Rychl\u00fd sled zdvih\u016f &#8211; a\u017e dva spojovac\u00ed body za sekundu. Kvalita spojov\u00e1n\u00ed nez\u00e1visl\u00e1 na povrchu s povrchovou \u00fapravou nebo bez n\u00ed. A\u017e o 60 % [&hellip;]<\/p>\n","protected":false},"featured_media":28267,"template":"","meta":{"_acf_changed":false,"inline_featured_image":false},"product_cat":[649,1659],"product_tag":[],"class_list":{"0":"post-28265","1":"product","2":"type-product","3":"status-publish","4":"has-post-thumbnail","6":"brand-trumpf","7":"product_cat-bateriove-nastroje","8":"product_cat-spojovaci-lisy-cs","10":"first","11":"instock","12":"sale","13":"taxable","14":"shipping-taxable","15":"purchasable","16":"product-type-simple","17":"add-to-wishlist-before_image"},"acf":[],"yoast_head":"<!-- This site is optimized with the Yoast SEO plugin v27.3 - https:\/\/yoast.com\/product\/yoast-seo-wordpress\/ -->\n<title>TruTool TF 350 18V 4,0Ah akumul\u00e1torov\u00fd spojovac\u00ed lis (bez n\u00e1\u0159ad\u00ed) - Wilhelm Hundt GmbH<\/title>\n<meta name=\"robots\" content=\"index, follow, max-snippet:-1, max-image-preview:large, max-video-preview:-1\" \/>\n<link rel=\"canonical\" href=\"https:\/\/hundtgroup.com\/cs\/produkt\/trutool-tf-350-18v-40ah-akumulatorovy-spojovaci-lis-bez-naradi\/\" \/>\n<meta property=\"og:locale\" content=\"cs_CZ\" \/>\n<meta property=\"og:type\" content=\"article\" \/>\n<meta property=\"og:title\" content=\"TruTool TF 350 18V 4,0Ah akumul\u00e1torov\u00fd spojovac\u00ed lis (bez n\u00e1\u0159ad\u00ed) - Wilhelm Hundt GmbH\" \/>\n<meta property=\"og:description\" content=\"Trval\u00e9 spojov\u00e1n\u00ed obrobk\u016f v jedn\u00e9 operaci pro tlou\u0161\u0165ky materi\u00e1lu od 0,8 do 4 mm. Nen\u00ed t\u0159eba pou\u017e\u00edvat \u0161rouby nebo n\u00fdty: \u0161et\u0159\u00ed n\u00e1klady a zjednodu\u0161uje manipulaci. Tvarov\u011b p\u0159izp\u016fsoben\u00e9, korozivzdorn\u00e9 spojovac\u00ed body. Rychl\u00fd sled zdvih\u016f &#8211; a\u017e dva spojovac\u00ed body za sekundu. Kvalita spojov\u00e1n\u00ed nez\u00e1visl\u00e1 na povrchu s povrchovou \u00fapravou nebo bez n\u00ed. A\u017e o 60 % [&hellip;]\" \/>\n<meta property=\"og:url\" content=\"https:\/\/hundtgroup.com\/cs\/produkt\/trutool-tf-350-18v-40ah-akumulatorovy-spojovaci-lis-bez-naradi\/\" \/>\n<meta property=\"og:site_name\" content=\"Wilhelm Hundt GmbH\" \/>\n<meta property=\"article:modified_time\" content=\"2025-07-29T08:17:00+00:00\" \/>\n<meta property=\"og:image\" content=\"https:\/\/hundtgroup.com\/wp-content\/uploads\/352015.jpg\" \/>\n\t<meta property=\"og:image:width\" content=\"605\" \/>\n\t<meta property=\"og:image:height\" content=\"826\" \/>\n\t<meta property=\"og:image:type\" content=\"image\/jpeg\" \/>\n<meta name=\"twitter:card\" content=\"summary_large_image\" \/>\n<meta name=\"twitter:label1\" content=\"Odhadovan\u00e1 doba \u010dten\u00ed\" \/>\n\t<meta name=\"twitter:data1\" content=\"1 minuta\" \/>\n<script type=\"application\/ld+json\" class=\"yoast-schema-graph\">{\"@context\":\"https:\\\/\\\/schema.org\",\"@graph\":[{\"@type\":\"WebPage\",\"@id\":\"https:\\\/\\\/hundtgroup.com\\\/cs\\\/produkt\\\/trutool-tf-350-18v-40ah-akumulatorovy-spojovaci-lis-bez-naradi\\\/\",\"url\":\"https:\\\/\\\/hundtgroup.com\\\/cs\\\/produkt\\\/trutool-tf-350-18v-40ah-akumulatorovy-spojovaci-lis-bez-naradi\\\/\",\"name\":\"TruTool TF 350 18V 4,0Ah akumul\u00e1torov\u00fd spojovac\u00ed lis (bez n\u00e1\u0159ad\u00ed) - Wilhelm Hundt GmbH\",\"isPartOf\":{\"@id\":\"https:\\\/\\\/hundtgroup.com\\\/cs\\\/#website\"},\"primaryImageOfPage\":{\"@id\":\"https:\\\/\\\/hundtgroup.com\\\/cs\\\/produkt\\\/trutool-tf-350-18v-40ah-akumulatorovy-spojovaci-lis-bez-naradi\\\/#primaryimage\"},\"image\":{\"@id\":\"https:\\\/\\\/hundtgroup.com\\\/cs\\\/produkt\\\/trutool-tf-350-18v-40ah-akumulatorovy-spojovaci-lis-bez-naradi\\\/#primaryimage\"},\"thumbnailUrl\":\"https:\\\/\\\/hundtgroup.com\\\/wp-content\\\/uploads\\\/352015.jpg\",\"datePublished\":\"2022-08-23T13:56:03+00:00\",\"dateModified\":\"2025-07-29T08:17:00+00:00\",\"breadcrumb\":{\"@id\":\"https:\\\/\\\/hundtgroup.com\\\/cs\\\/produkt\\\/trutool-tf-350-18v-40ah-akumulatorovy-spojovaci-lis-bez-naradi\\\/#breadcrumb\"},\"inLanguage\":\"cs\",\"potentialAction\":[{\"@type\":\"ReadAction\",\"target\":[\"https:\\\/\\\/hundtgroup.com\\\/cs\\\/produkt\\\/trutool-tf-350-18v-40ah-akumulatorovy-spojovaci-lis-bez-naradi\\\/\"]}]},{\"@type\":\"ImageObject\",\"inLanguage\":\"cs\",\"@id\":\"https:\\\/\\\/hundtgroup.com\\\/cs\\\/produkt\\\/trutool-tf-350-18v-40ah-akumulatorovy-spojovaci-lis-bez-naradi\\\/#primaryimage\",\"url\":\"https:\\\/\\\/hundtgroup.com\\\/wp-content\\\/uploads\\\/352015.jpg\",\"contentUrl\":\"https:\\\/\\\/hundtgroup.com\\\/wp-content\\\/uploads\\\/352015.jpg\",\"width\":605,\"height\":826},{\"@type\":\"BreadcrumbList\",\"@id\":\"https:\\\/\\\/hundtgroup.com\\\/cs\\\/produkt\\\/trutool-tf-350-18v-40ah-akumulatorovy-spojovaci-lis-bez-naradi\\\/#breadcrumb\",\"itemListElement\":[{\"@type\":\"ListItem\",\"position\":1,\"name\":\"Startseite\",\"item\":\"https:\\\/\\\/hundtgroup.com\\\/cs\\\/home-nove\\\/\"},{\"@type\":\"ListItem\",\"position\":2,\"name\":\"Obchod\",\"item\":\"https:\\\/\\\/hundtgroup.com\\\/obchod\\\/\"},{\"@type\":\"ListItem\",\"position\":3,\"name\":\"TruTool TF 350 18V 4,0Ah akumul\u00e1torov\u00fd spojovac\u00ed lis (bez n\u00e1\u0159ad\u00ed)\"}]},{\"@type\":\"WebSite\",\"@id\":\"https:\\\/\\\/hundtgroup.com\\\/cs\\\/#website\",\"url\":\"https:\\\/\\\/hundtgroup.com\\\/cs\\\/\",\"name\":\"Wilhelm Hundt GmbH\",\"description\":\"V\u00e1\u0161 specialista na stroje a n\u00e1stroje pro zpracov\u00e1n\u00ed plechu\",\"potentialAction\":[{\"@type\":\"SearchAction\",\"target\":{\"@type\":\"EntryPoint\",\"urlTemplate\":\"https:\\\/\\\/hundtgroup.com\\\/cs\\\/?s={search_term_string}\"},\"query-input\":{\"@type\":\"PropertyValueSpecification\",\"valueRequired\":true,\"valueName\":\"search_term_string\"}}],\"inLanguage\":\"cs\"}]}<\/script>\n<!-- \/ Yoast SEO plugin. -->","yoast_head_json":{"title":"TruTool TF 350 18V 4,0Ah akumul\u00e1torov\u00fd spojovac\u00ed lis (bez n\u00e1\u0159ad\u00ed) - Wilhelm Hundt GmbH","robots":{"index":"index","follow":"follow","max-snippet":"max-snippet:-1","max-image-preview":"max-image-preview:large","max-video-preview":"max-video-preview:-1"},"canonical":"https:\/\/hundtgroup.com\/cs\/produkt\/trutool-tf-350-18v-40ah-akumulatorovy-spojovaci-lis-bez-naradi\/","og_locale":"cs_CZ","og_type":"article","og_title":"TruTool TF 350 18V 4,0Ah akumul\u00e1torov\u00fd spojovac\u00ed lis (bez n\u00e1\u0159ad\u00ed) - Wilhelm Hundt GmbH","og_description":"Trval\u00e9 spojov\u00e1n\u00ed obrobk\u016f v jedn\u00e9 operaci pro tlou\u0161\u0165ky materi\u00e1lu od 0,8 do 4 mm. Nen\u00ed t\u0159eba pou\u017e\u00edvat \u0161rouby nebo n\u00fdty: \u0161et\u0159\u00ed n\u00e1klady a zjednodu\u0161uje manipulaci. Tvarov\u011b p\u0159izp\u016fsoben\u00e9, korozivzdorn\u00e9 spojovac\u00ed body. Rychl\u00fd sled zdvih\u016f &#8211; a\u017e dva spojovac\u00ed body za sekundu. Kvalita spojov\u00e1n\u00ed nez\u00e1visl\u00e1 na povrchu s povrchovou \u00fapravou nebo bez n\u00ed. A\u017e o 60 % [&hellip;]","og_url":"https:\/\/hundtgroup.com\/cs\/produkt\/trutool-tf-350-18v-40ah-akumulatorovy-spojovaci-lis-bez-naradi\/","og_site_name":"Wilhelm Hundt GmbH","article_modified_time":"2025-07-29T08:17:00+00:00","og_image":[{"width":605,"height":826,"url":"https:\/\/hundtgroup.com\/wp-content\/uploads\/352015.jpg","type":"image\/jpeg"}],"twitter_card":"summary_large_image","twitter_misc":{"Odhadovan\u00e1 doba \u010dten\u00ed":"1 minuta"},"schema":{"@context":"https:\/\/schema.org","@graph":[{"@type":"WebPage","@id":"https:\/\/hundtgroup.com\/cs\/produkt\/trutool-tf-350-18v-40ah-akumulatorovy-spojovaci-lis-bez-naradi\/","url":"https:\/\/hundtgroup.com\/cs\/produkt\/trutool-tf-350-18v-40ah-akumulatorovy-spojovaci-lis-bez-naradi\/","name":"TruTool TF 350 18V 4,0Ah akumul\u00e1torov\u00fd spojovac\u00ed lis (bez n\u00e1\u0159ad\u00ed) - Wilhelm Hundt GmbH","isPartOf":{"@id":"https:\/\/hundtgroup.com\/cs\/#website"},"primaryImageOfPage":{"@id":"https:\/\/hundtgroup.com\/cs\/produkt\/trutool-tf-350-18v-40ah-akumulatorovy-spojovaci-lis-bez-naradi\/#primaryimage"},"image":{"@id":"https:\/\/hundtgroup.com\/cs\/produkt\/trutool-tf-350-18v-40ah-akumulatorovy-spojovaci-lis-bez-naradi\/#primaryimage"},"thumbnailUrl":"https:\/\/hundtgroup.com\/wp-content\/uploads\/352015.jpg","datePublished":"2022-08-23T13:56:03+00:00","dateModified":"2025-07-29T08:17:00+00:00","breadcrumb":{"@id":"https:\/\/hundtgroup.com\/cs\/produkt\/trutool-tf-350-18v-40ah-akumulatorovy-spojovaci-lis-bez-naradi\/#breadcrumb"},"inLanguage":"cs","potentialAction":[{"@type":"ReadAction","target":["https:\/\/hundtgroup.com\/cs\/produkt\/trutool-tf-350-18v-40ah-akumulatorovy-spojovaci-lis-bez-naradi\/"]}]},{"@type":"ImageObject","inLanguage":"cs","@id":"https:\/\/hundtgroup.com\/cs\/produkt\/trutool-tf-350-18v-40ah-akumulatorovy-spojovaci-lis-bez-naradi\/#primaryimage","url":"https:\/\/hundtgroup.com\/wp-content\/uploads\/352015.jpg","contentUrl":"https:\/\/hundtgroup.com\/wp-content\/uploads\/352015.jpg","width":605,"height":826},{"@type":"BreadcrumbList","@id":"https:\/\/hundtgroup.com\/cs\/produkt\/trutool-tf-350-18v-40ah-akumulatorovy-spojovaci-lis-bez-naradi\/#breadcrumb","itemListElement":[{"@type":"ListItem","position":1,"name":"Startseite","item":"https:\/\/hundtgroup.com\/cs\/home-nove\/"},{"@type":"ListItem","position":2,"name":"Obchod","item":"https:\/\/hundtgroup.com\/obchod\/"},{"@type":"ListItem","position":3,"name":"TruTool TF 350 18V 4,0Ah akumul\u00e1torov\u00fd spojovac\u00ed lis (bez n\u00e1\u0159ad\u00ed)"}]},{"@type":"WebSite","@id":"https:\/\/hundtgroup.com\/cs\/#website","url":"https:\/\/hundtgroup.com\/cs\/","name":"Wilhelm Hundt GmbH","description":"V\u00e1\u0161 specialista na stroje a n\u00e1stroje pro zpracov\u00e1n\u00ed plechu","potentialAction":[{"@type":"SearchAction","target":{"@type":"EntryPoint","urlTemplate":"https:\/\/hundtgroup.com\/cs\/?s={search_term_string}"},"query-input":{"@type":"PropertyValueSpecification","valueRequired":true,"valueName":"search_term_string"}}],"inLanguage":"cs"}]}},"_links":{"self":[{"href":"https:\/\/hundtgroup.com\/cs\/wp-json\/wp\/v2\/product\/28265","targetHints":{"allow":["GET"]}}],"collection":[{"href":"https:\/\/hundtgroup.com\/cs\/wp-json\/wp\/v2\/product"}],"about":[{"href":"https:\/\/hundtgroup.com\/cs\/wp-json\/wp\/v2\/types\/product"}],"wp:featuredmedia":[{"embeddable":true,"href":"https:\/\/hundtgroup.com\/cs\/wp-json\/wp\/v2\/media\/28267"}],"wp:attachment":[{"href":"https:\/\/hundtgroup.com\/cs\/wp-json\/wp\/v2\/media?parent=28265"}],"wp:term":[{"taxonomy":"product_cat","embeddable":true,"href":"https:\/\/hundtgroup.com\/cs\/wp-json\/wp\/v2\/product_cat?post=28265"},{"taxonomy":"product_tag","embeddable":true,"href":"https:\/\/hundtgroup.com\/cs\/wp-json\/wp\/v2\/product_tag?post=28265"}],"curies":[{"name":"wp","href":"https:\/\/api.w.org\/{rel}","templated":true}]}}