{"id":28313,"date":"2022-08-23T15:56:03","date_gmt":"2022-08-23T13:56:03","guid":{"rendered":"https:\/\/hundtgroup.com\/produkt\/trutool-tf-350-spojovaci-lis-bez-nastroje\/"},"modified":"2025-07-29T10:17:58","modified_gmt":"2025-07-29T08:17:58","slug":"trutool-tf-350-spojovaci-lis-bez-nastroje","status":"publish","type":"product","link":"https:\/\/hundtgroup.com\/cs\/produkt\/trutool-tf-350-spojovaci-lis-bez-nastroje\/","title":{"rendered":"TruTool TF 350 spojovac\u00ed lis bez n\u00e1stroje"},"content":{"rendered":"<p>Tvarov\u00e9 spojen\u00ed odoln\u00e9 proti korozi<br \/>\nNahrazuje spojovac\u00ed prvky, jako jsou n\u00fdty nebo \u0161rouby<br \/>\nSpojov\u00e1n\u00ed obrobk\u016f bez povrchov\u00e9 \u00fapravy a s povrchovou \u00fapravou<br \/>\nMo\u017enost spojov\u00e1n\u00ed d\u00edl\u016f z r\u016fzn\u00fdch plechov\u00fdch materi\u00e1l\u016f<br \/>\nBezkonkuren\u010dn\u00ed rychlost procesu<\/p>\n","protected":false},"excerpt":{"rendered":"<p>Tvarov\u00e9 spojen\u00ed odoln\u00e9 proti korozi Nahrazuje spojovac\u00ed prvky, jako jsou n\u00fdty nebo \u0161rouby Spojov\u00e1n\u00ed obrobk\u016f bez povrchov\u00e9 \u00fapravy a s povrchovou \u00fapravou Mo\u017enost spojov\u00e1n\u00ed d\u00edl\u016f z r\u016fzn\u00fdch plechov\u00fdch materi\u00e1l\u016f Bezkonkuren\u010dn\u00ed rychlost procesu<\/p>\n","protected":false},"featured_media":28316,"template":"","meta":{"_acf_changed":false,"inline_featured_image":false},"product_cat":[664,1658],"product_tag":[],"class_list":{"0":"post-28313","1":"product","2":"type-product","3":"status-publish","4":"has-post-thumbnail","6":"brand-trumpf","7":"product_cat-elektricke-naradi","8":"product_cat-spojovaci-lisy","10":"first","11":"instock","12":"sale","13":"taxable","14":"shipping-taxable","15":"purchasable","16":"product-type-simple","17":"add-to-wishlist-before_image"},"acf":[],"yoast_head":"<!-- This site is optimized with the Yoast SEO plugin v27.3 - https:\/\/yoast.com\/product\/yoast-seo-wordpress\/ -->\n<title>TruTool TF 350 spojovac\u00ed lis bez n\u00e1stroje - Wilhelm Hundt GmbH<\/title>\n<meta name=\"robots\" content=\"index, follow, max-snippet:-1, max-image-preview:large, max-video-preview:-1\" \/>\n<link rel=\"canonical\" href=\"https:\/\/hundtgroup.com\/cs\/produkt\/trutool-tf-350-spojovaci-lis-bez-nastroje\/\" \/>\n<meta property=\"og:locale\" content=\"cs_CZ\" \/>\n<meta property=\"og:type\" content=\"article\" \/>\n<meta property=\"og:title\" content=\"TruTool TF 350 spojovac\u00ed lis bez n\u00e1stroje - Wilhelm Hundt GmbH\" \/>\n<meta property=\"og:description\" content=\"Tvarov\u00e9 spojen\u00ed odoln\u00e9 proti korozi Nahrazuje spojovac\u00ed prvky, jako jsou n\u00fdty nebo \u0161rouby Spojov\u00e1n\u00ed obrobk\u016f bez povrchov\u00e9 \u00fapravy a s povrchovou \u00fapravou Mo\u017enost spojov\u00e1n\u00ed d\u00edl\u016f z r\u016fzn\u00fdch plechov\u00fdch materi\u00e1l\u016f Bezkonkuren\u010dn\u00ed rychlost procesu\" \/>\n<meta property=\"og:url\" content=\"https:\/\/hundtgroup.com\/cs\/produkt\/trutool-tf-350-spojovaci-lis-bez-nastroje\/\" \/>\n<meta property=\"og:site_name\" content=\"Wilhelm Hundt GmbH\" \/>\n<meta property=\"article:modified_time\" content=\"2025-07-29T08:17:58+00:00\" \/>\n<meta property=\"og:image\" content=\"https:\/\/hundtgroup.com\/wp-content\/uploads\/353500.png\" \/>\n\t<meta property=\"og:image:width\" content=\"529\" \/>\n\t<meta property=\"og:image:height\" content=\"573\" \/>\n\t<meta property=\"og:image:type\" content=\"image\/png\" \/>\n<meta name=\"twitter:card\" content=\"summary_large_image\" \/>\n<script type=\"application\/ld+json\" class=\"yoast-schema-graph\">{\"@context\":\"https:\\\/\\\/schema.org\",\"@graph\":[{\"@type\":\"WebPage\",\"@id\":\"https:\\\/\\\/hundtgroup.com\\\/cs\\\/produkt\\\/trutool-tf-350-spojovaci-lis-bez-nastroje\\\/\",\"url\":\"https:\\\/\\\/hundtgroup.com\\\/cs\\\/produkt\\\/trutool-tf-350-spojovaci-lis-bez-nastroje\\\/\",\"name\":\"TruTool TF 350 spojovac\u00ed lis bez n\u00e1stroje - Wilhelm Hundt GmbH\",\"isPartOf\":{\"@id\":\"https:\\\/\\\/hundtgroup.com\\\/cs\\\/#website\"},\"primaryImageOfPage\":{\"@id\":\"https:\\\/\\\/hundtgroup.com\\\/cs\\\/produkt\\\/trutool-tf-350-spojovaci-lis-bez-nastroje\\\/#primaryimage\"},\"image\":{\"@id\":\"https:\\\/\\\/hundtgroup.com\\\/cs\\\/produkt\\\/trutool-tf-350-spojovaci-lis-bez-nastroje\\\/#primaryimage\"},\"thumbnailUrl\":\"https:\\\/\\\/hundtgroup.com\\\/wp-content\\\/uploads\\\/353500.png\",\"datePublished\":\"2022-08-23T13:56:03+00:00\",\"dateModified\":\"2025-07-29T08:17:58+00:00\",\"breadcrumb\":{\"@id\":\"https:\\\/\\\/hundtgroup.com\\\/cs\\\/produkt\\\/trutool-tf-350-spojovaci-lis-bez-nastroje\\\/#breadcrumb\"},\"inLanguage\":\"cs\",\"potentialAction\":[{\"@type\":\"ReadAction\",\"target\":[\"https:\\\/\\\/hundtgroup.com\\\/cs\\\/produkt\\\/trutool-tf-350-spojovaci-lis-bez-nastroje\\\/\"]}]},{\"@type\":\"ImageObject\",\"inLanguage\":\"cs\",\"@id\":\"https:\\\/\\\/hundtgroup.com\\\/cs\\\/produkt\\\/trutool-tf-350-spojovaci-lis-bez-nastroje\\\/#primaryimage\",\"url\":\"https:\\\/\\\/hundtgroup.com\\\/wp-content\\\/uploads\\\/353500.png\",\"contentUrl\":\"https:\\\/\\\/hundtgroup.com\\\/wp-content\\\/uploads\\\/353500.png\",\"width\":529,\"height\":573},{\"@type\":\"BreadcrumbList\",\"@id\":\"https:\\\/\\\/hundtgroup.com\\\/cs\\\/produkt\\\/trutool-tf-350-spojovaci-lis-bez-nastroje\\\/#breadcrumb\",\"itemListElement\":[{\"@type\":\"ListItem\",\"position\":1,\"name\":\"Startseite\",\"item\":\"https:\\\/\\\/hundtgroup.com\\\/cs\\\/home-nove\\\/\"},{\"@type\":\"ListItem\",\"position\":2,\"name\":\"Obchod\",\"item\":\"https:\\\/\\\/hundtgroup.com\\\/obchod\\\/\"},{\"@type\":\"ListItem\",\"position\":3,\"name\":\"TruTool TF 350 spojovac\u00ed lis bez n\u00e1stroje\"}]},{\"@type\":\"WebSite\",\"@id\":\"https:\\\/\\\/hundtgroup.com\\\/cs\\\/#website\",\"url\":\"https:\\\/\\\/hundtgroup.com\\\/cs\\\/\",\"name\":\"Wilhelm Hundt GmbH\",\"description\":\"V\u00e1\u0161 specialista na stroje a n\u00e1stroje pro zpracov\u00e1n\u00ed plechu\",\"potentialAction\":[{\"@type\":\"SearchAction\",\"target\":{\"@type\":\"EntryPoint\",\"urlTemplate\":\"https:\\\/\\\/hundtgroup.com\\\/cs\\\/?s={search_term_string}\"},\"query-input\":{\"@type\":\"PropertyValueSpecification\",\"valueRequired\":true,\"valueName\":\"search_term_string\"}}],\"inLanguage\":\"cs\"}]}<\/script>\n<!-- \/ Yoast SEO plugin. -->","yoast_head_json":{"title":"TruTool TF 350 spojovac\u00ed lis bez n\u00e1stroje - Wilhelm Hundt GmbH","robots":{"index":"index","follow":"follow","max-snippet":"max-snippet:-1","max-image-preview":"max-image-preview:large","max-video-preview":"max-video-preview:-1"},"canonical":"https:\/\/hundtgroup.com\/cs\/produkt\/trutool-tf-350-spojovaci-lis-bez-nastroje\/","og_locale":"cs_CZ","og_type":"article","og_title":"TruTool TF 350 spojovac\u00ed lis bez n\u00e1stroje - Wilhelm Hundt GmbH","og_description":"Tvarov\u00e9 spojen\u00ed odoln\u00e9 proti korozi Nahrazuje spojovac\u00ed prvky, jako jsou n\u00fdty nebo \u0161rouby Spojov\u00e1n\u00ed obrobk\u016f bez povrchov\u00e9 \u00fapravy a s povrchovou \u00fapravou Mo\u017enost spojov\u00e1n\u00ed d\u00edl\u016f z r\u016fzn\u00fdch plechov\u00fdch materi\u00e1l\u016f Bezkonkuren\u010dn\u00ed rychlost procesu","og_url":"https:\/\/hundtgroup.com\/cs\/produkt\/trutool-tf-350-spojovaci-lis-bez-nastroje\/","og_site_name":"Wilhelm Hundt GmbH","article_modified_time":"2025-07-29T08:17:58+00:00","og_image":[{"width":529,"height":573,"url":"https:\/\/hundtgroup.com\/wp-content\/uploads\/353500.png","type":"image\/png"}],"twitter_card":"summary_large_image","schema":{"@context":"https:\/\/schema.org","@graph":[{"@type":"WebPage","@id":"https:\/\/hundtgroup.com\/cs\/produkt\/trutool-tf-350-spojovaci-lis-bez-nastroje\/","url":"https:\/\/hundtgroup.com\/cs\/produkt\/trutool-tf-350-spojovaci-lis-bez-nastroje\/","name":"TruTool TF 350 spojovac\u00ed lis bez n\u00e1stroje - Wilhelm Hundt GmbH","isPartOf":{"@id":"https:\/\/hundtgroup.com\/cs\/#website"},"primaryImageOfPage":{"@id":"https:\/\/hundtgroup.com\/cs\/produkt\/trutool-tf-350-spojovaci-lis-bez-nastroje\/#primaryimage"},"image":{"@id":"https:\/\/hundtgroup.com\/cs\/produkt\/trutool-tf-350-spojovaci-lis-bez-nastroje\/#primaryimage"},"thumbnailUrl":"https:\/\/hundtgroup.com\/wp-content\/uploads\/353500.png","datePublished":"2022-08-23T13:56:03+00:00","dateModified":"2025-07-29T08:17:58+00:00","breadcrumb":{"@id":"https:\/\/hundtgroup.com\/cs\/produkt\/trutool-tf-350-spojovaci-lis-bez-nastroje\/#breadcrumb"},"inLanguage":"cs","potentialAction":[{"@type":"ReadAction","target":["https:\/\/hundtgroup.com\/cs\/produkt\/trutool-tf-350-spojovaci-lis-bez-nastroje\/"]}]},{"@type":"ImageObject","inLanguage":"cs","@id":"https:\/\/hundtgroup.com\/cs\/produkt\/trutool-tf-350-spojovaci-lis-bez-nastroje\/#primaryimage","url":"https:\/\/hundtgroup.com\/wp-content\/uploads\/353500.png","contentUrl":"https:\/\/hundtgroup.com\/wp-content\/uploads\/353500.png","width":529,"height":573},{"@type":"BreadcrumbList","@id":"https:\/\/hundtgroup.com\/cs\/produkt\/trutool-tf-350-spojovaci-lis-bez-nastroje\/#breadcrumb","itemListElement":[{"@type":"ListItem","position":1,"name":"Startseite","item":"https:\/\/hundtgroup.com\/cs\/home-nove\/"},{"@type":"ListItem","position":2,"name":"Obchod","item":"https:\/\/hundtgroup.com\/obchod\/"},{"@type":"ListItem","position":3,"name":"TruTool TF 350 spojovac\u00ed lis bez n\u00e1stroje"}]},{"@type":"WebSite","@id":"https:\/\/hundtgroup.com\/cs\/#website","url":"https:\/\/hundtgroup.com\/cs\/","name":"Wilhelm Hundt GmbH","description":"V\u00e1\u0161 specialista na stroje a n\u00e1stroje pro zpracov\u00e1n\u00ed plechu","potentialAction":[{"@type":"SearchAction","target":{"@type":"EntryPoint","urlTemplate":"https:\/\/hundtgroup.com\/cs\/?s={search_term_string}"},"query-input":{"@type":"PropertyValueSpecification","valueRequired":true,"valueName":"search_term_string"}}],"inLanguage":"cs"}]}},"_links":{"self":[{"href":"https:\/\/hundtgroup.com\/cs\/wp-json\/wp\/v2\/product\/28313","targetHints":{"allow":["GET"]}}],"collection":[{"href":"https:\/\/hundtgroup.com\/cs\/wp-json\/wp\/v2\/product"}],"about":[{"href":"https:\/\/hundtgroup.com\/cs\/wp-json\/wp\/v2\/types\/product"}],"wp:featuredmedia":[{"embeddable":true,"href":"https:\/\/hundtgroup.com\/cs\/wp-json\/wp\/v2\/media\/28316"}],"wp:attachment":[{"href":"https:\/\/hundtgroup.com\/cs\/wp-json\/wp\/v2\/media?parent=28313"}],"wp:term":[{"taxonomy":"product_cat","embeddable":true,"href":"https:\/\/hundtgroup.com\/cs\/wp-json\/wp\/v2\/product_cat?post=28313"},{"taxonomy":"product_tag","embeddable":true,"href":"https:\/\/hundtgroup.com\/cs\/wp-json\/wp\/v2\/product_tag?post=28313"}],"curies":[{"name":"wp","href":"https:\/\/api.w.org\/{rel}","templated":true}]}}